
{"id":18977,"date":"2019-01-23T12:15:25","date_gmt":"2019-01-23T12:15:25","guid":{"rendered":"http:\/\/fireware.sites.hyperhosting.co\/?post_type=product&#038;p=18977"},"modified":"2026-01-23T14:57:15","modified_gmt":"2026-01-23T14:57:15","slug":"add-on-fryer","status":"publish","type":"product","link":"https:\/\/www.fireware.nl\/fr\/product\/add-on-fryer\/","title":{"rendered":"Add-on Fryer"},"content":{"rendered":"\r\n<h2>Exercer avec une friteuse en feu<\/h2>\r\n<p>Gr\u00e2ce \u00e0 cet accessoire, vous pouvez utiliser votre\u00a0simulateur d&#8217;exercice Vesta\u00a0pour simuler divers incidents survenus dans la cuisine. Comme l&#8217;utilisation d&#8217;un couvercle sur une friteuse en feu. Mais vous pouvez aussi d\u00e9montrer sans danger les effets qui se produisent lorsque vous essayez quand-m\u00eame d&#8217;\u00e9teindre avec de l&#8217;eau un incendie d\u00fb \u00e0 des substances graisseuses.<\/p>\r\n<p>L&#8217;accessoire Fryer est une reproduction d&#8217;une friteuse qui peut se placer sur le\u00a0FireWare Vesta. Bien entendu, il est fabriqu\u00e9 en acier inoxydable d&#8217;excellente qualit\u00e9. Pour l&#8217;entreposage et le transport, l&#8217;accessoire Fryer est livr\u00e9 d&#8217;office dans un caisson en plastique.<\/p>\r\n<p>Les flammes du\u00a0FireWare Vesta\u00a0traversent le fond de la po\u00eale, ce qui permet de simuler sans risque une \u00ab flamme dans la po\u00eale \u00bb. Gr\u00e2ce au couvercle qui l&#8217;accompagne, il est possible de s&#8217;exercer aux proc\u00e9dures d&#8217;extinction. Un petit r\u00e9cipient pour de la vraie graisse est livr\u00e9 avec le dispositif, de sorte que vous puissiez cr\u00e9er un incendie d\u00fb \u00e0 des substances graisseuses plus vrai que vrai.<\/p>\r\n<p>Pour les d\u00e9monstrations, l&#8217;instructeur peut ajouter \u00e0 distance \u00e0 un incendie d\u00fb \u00e0 des substances graisseuses une certaine quantit\u00e9 d&#8217;eau. Cela s&#8217;obtient par le biais d&#8217;une chaine et d&#8217;un syst\u00e8me de renversement. Une grosse boule de feu appara\u00eet, ce qui fait comprendre aux participants au cours que l&#8217;eau n&#8217;est pas toujours le mode d&#8217;extinction le plus pratique dans le cas d&#8217;un incendie d\u00fb \u00e0 des substances graisseuses dans la cuisine.<\/p>\r\n<p>L&#8217;accessoire Fryer est livr\u00e9 avec :<\/p>\r\n<ul>\r\n<li>Accessoire Fryer<\/li>\r\n<li>Couvercle<\/li>\r\n<li>\u00c9trier pour simuler une corbeille \u00e0 frites<\/li>\r\n<li>R\u00e9cipient \u00e0 graisse<\/li>\r\n<li>\u00c9trier avec r\u00e9cipient pour l&#8217;eau<\/li>\r\n<li>Cha\u00eene de renversement<\/li>\r\n<li>Bo\u00eete de rangement en plastique\u00a060x40x44cm<\/li>\r\n<\/ul>\r\n<h2>Regardez la vid\u00e9o<\/h2>\r\n<p><iframe src=\"https:\/\/player.vimeo.com\/video\/496902104\" width=\"640\" height=\"360\" frameborder=\"0\" allowfullscreen=\"allowfullscreen\"><\/iframe><\/p>\r\n","protected":false},"excerpt":{"rendered":"<ul>\n<li>\u00c0 placer au-dessus du Vesta<\/li>\n<li>Contient des accessoires permettant d\u2019augmenter l\u2019effet r\u00e9aliste<\/li>\n<li>En inox d\u2019excellente qualit\u00e9<\/li>\n<li>Caisson en plastique inclus\u00a060x40x44cm<\/li>\n<li>Permet \u00e9galement de d\u00e9montrer l\u2019extinction avec de l\u2019eau d\u2019incendies caus\u00e9s par des substances graisseuses!<\/li>\n<\/ul>\n","protected":false},"featured_media":20680,"template":"","meta":[],"product_brand":[],"product_cat":[73],"product_tag":[],"class_list":{"0":"post-18977","1":"product","2":"type-product","3":"status-publish","4":"has-post-thumbnail","6":"product_cat-pieces-add-on-pour-simulateurs-dincendie","8":"first","9":"instock","10":"taxable","11":"shipping-taxable","12":"purchasable","13":"product-type-simple"},"yoast_head":"<!-- This site is optimized with the Yoast SEO plugin v27.2 - https:\/\/yoast.com\/product\/yoast-seo-wordpress\/ -->\n<title>Add-on Fryer - FireWare<\/title>\n<meta name=\"robots\" content=\"index, follow, max-snippet:-1, max-image-preview:large, max-video-preview:-1\" \/>\n<link rel=\"canonical\" href=\"https:\/\/www.fireware.nl\/fr\/product\/add-on-fryer\/\" \/>\n<meta property=\"og:locale\" content=\"fr_FR\" \/>\n<meta property=\"og:type\" content=\"article\" \/>\n<meta property=\"og:title\" content=\"Add-on Fryer - FireWare\" \/>\n<meta property=\"og:description\" content=\"\u00c0 placer au-dessus du Vesta Contient des accessoires permettant d\u2019augmenter l\u2019effet r\u00e9aliste En inox d\u2019excellente qualit\u00e9 Caisson en plastique inclus\u00a060x40x44cm Permet \u00e9galement de d\u00e9montrer l\u2019extinction avec de l\u2019eau d\u2019incendies caus\u00e9s par des substances graisseuses!\" \/>\n<meta property=\"og:url\" content=\"https:\/\/www.fireware.nl\/fr\/product\/add-on-fryer\/\" \/>\n<meta property=\"og:site_name\" content=\"FireWare\" \/>\n<meta property=\"article:publisher\" content=\"https:\/\/www.facebook.com\/FireWareBV\/\" \/>\n<meta property=\"article:modified_time\" content=\"2026-01-23T14:57:15+00:00\" \/>\n<meta property=\"og:image\" content=\"https:\/\/www.fireware.nl\/wp-content\/uploads\/2019\/01\/049-012-031-Add-On-Fryer-Schuin-Boven.jpg\" \/>\n\t<meta property=\"og:image:width\" content=\"600\" \/>\n\t<meta property=\"og:image:height\" content=\"600\" \/>\n\t<meta property=\"og:image:type\" content=\"image\/jpeg\" \/>\n<meta name=\"twitter:card\" content=\"summary_large_image\" \/>\n<meta name=\"twitter:site\" content=\"@FireWarebv\" \/>\n<meta name=\"twitter:label1\" content=\"Dur\u00e9e de lecture estim\u00e9e\" \/>\n\t<meta name=\"twitter:data1\" content=\"2 minutes\" \/>\n<script type=\"application\/ld+json\" class=\"yoast-schema-graph\">{\"@context\":\"https:\/\/schema.org\",\"@graph\":[{\"@type\":\"WebPage\",\"@id\":\"https:\/\/www.fireware.nl\/fr\/product\/add-on-fryer\/\",\"url\":\"https:\/\/www.fireware.nl\/fr\/product\/add-on-fryer\/\",\"name\":\"Add-on Fryer - FireWare\",\"isPartOf\":{\"@id\":\"https:\/\/www.fireware.nl\/fr\/#website\"},\"primaryImageOfPage\":{\"@id\":\"https:\/\/www.fireware.nl\/fr\/product\/add-on-fryer\/#primaryimage\"},\"image\":{\"@id\":\"https:\/\/www.fireware.nl\/fr\/product\/add-on-fryer\/#primaryimage\"},\"thumbnailUrl\":\"https:\/\/www.fireware.nl\/wp-content\/uploads\/2019\/01\/049-012-031-Add-On-Fryer-Schuin-Boven.jpg\",\"datePublished\":\"2019-01-23T12:15:25+00:00\",\"dateModified\":\"2026-01-23T14:57:15+00:00\",\"breadcrumb\":{\"@id\":\"https:\/\/www.fireware.nl\/fr\/product\/add-on-fryer\/#breadcrumb\"},\"inLanguage\":\"fr-FR\",\"potentialAction\":[{\"@type\":\"ReadAction\",\"target\":[\"https:\/\/www.fireware.nl\/fr\/product\/add-on-fryer\/\"]}]},{\"@type\":\"ImageObject\",\"inLanguage\":\"fr-FR\",\"@id\":\"https:\/\/www.fireware.nl\/fr\/product\/add-on-fryer\/#primaryimage\",\"url\":\"https:\/\/www.fireware.nl\/wp-content\/uploads\/2019\/01\/049-012-031-Add-On-Fryer-Schuin-Boven.jpg\",\"contentUrl\":\"https:\/\/www.fireware.nl\/wp-content\/uploads\/2019\/01\/049-012-031-Add-On-Fryer-Schuin-Boven.jpg\",\"width\":600,\"height\":600,\"caption\":\"049-012-031 Add On Fryer Schuin Boven\"},{\"@type\":\"BreadcrumbList\",\"@id\":\"https:\/\/www.fireware.nl\/fr\/product\/add-on-fryer\/#breadcrumb\",\"itemListElement\":[{\"@type\":\"ListItem\",\"position\":1,\"name\":\"Home\",\"item\":\"https:\/\/www.fireware.nl\/fr\/\"},{\"@type\":\"ListItem\",\"position\":2,\"name\":\"Produits\",\"item\":\"https:\/\/www.fireware.nl\/fr\/produits\/\"},{\"@type\":\"ListItem\",\"position\":3,\"name\":\"Add-on Fryer\"}]},{\"@type\":\"WebSite\",\"@id\":\"https:\/\/www.fireware.nl\/fr\/#website\",\"url\":\"https:\/\/www.fireware.nl\/fr\/\",\"name\":\"FireWare\",\"description\":\"CREATING REALISTIC  TRAINING ENVIRONMENTS\",\"publisher\":{\"@id\":\"https:\/\/www.fireware.nl\/fr\/#organization\"},\"potentialAction\":[{\"@type\":\"SearchAction\",\"target\":{\"@type\":\"EntryPoint\",\"urlTemplate\":\"https:\/\/www.fireware.nl\/fr\/?s={search_term_string}\"},\"query-input\":{\"@type\":\"PropertyValueSpecification\",\"valueRequired\":true,\"valueName\":\"search_term_string\"}}],\"inLanguage\":\"fr-FR\"},{\"@type\":\"Organization\",\"@id\":\"https:\/\/www.fireware.nl\/fr\/#organization\",\"name\":\"FireWare\",\"url\":\"https:\/\/www.fireware.nl\/fr\/\",\"logo\":{\"@type\":\"ImageObject\",\"inLanguage\":\"fr-FR\",\"@id\":\"https:\/\/www.fireware.nl\/fr\/#\/schema\/logo\/image\/\",\"url\":\"https:\/\/www.fireware.nl\/wp-content\/uploads\/2018\/10\/fireware-logo.png\",\"contentUrl\":\"https:\/\/www.fireware.nl\/wp-content\/uploads\/2018\/10\/fireware-logo.png\",\"width\":200,\"height\":86,\"caption\":\"FireWare\"},\"image\":{\"@id\":\"https:\/\/www.fireware.nl\/fr\/#\/schema\/logo\/image\/\"},\"sameAs\":[\"https:\/\/www.facebook.com\/FireWareBV\/\",\"https:\/\/x.com\/FireWarebv\",\"https:\/\/www.instagram.com\/fireware_nl\/\",\"https:\/\/www.linkedin.com\/company\/3586017\/\",\"https:\/\/www.youtube.com\/user\/firesalesrentconsult\"]}]}<\/script>\n<!-- \/ Yoast SEO plugin. -->","yoast_head_json":{"title":"Add-on Fryer - FireWare","robots":{"index":"index","follow":"follow","max-snippet":"max-snippet:-1","max-image-preview":"max-image-preview:large","max-video-preview":"max-video-preview:-1"},"canonical":"https:\/\/www.fireware.nl\/fr\/product\/add-on-fryer\/","og_locale":"fr_FR","og_type":"article","og_title":"Add-on Fryer - FireWare","og_description":"\u00c0 placer au-dessus du Vesta Contient des accessoires permettant d\u2019augmenter l\u2019effet r\u00e9aliste En inox d\u2019excellente qualit\u00e9 Caisson en plastique inclus\u00a060x40x44cm Permet \u00e9galement de d\u00e9montrer l\u2019extinction avec de l\u2019eau d\u2019incendies caus\u00e9s par des substances graisseuses!","og_url":"https:\/\/www.fireware.nl\/fr\/product\/add-on-fryer\/","og_site_name":"FireWare","article_publisher":"https:\/\/www.facebook.com\/FireWareBV\/","article_modified_time":"2026-01-23T14:57:15+00:00","og_image":[{"width":600,"height":600,"url":"https:\/\/www.fireware.nl\/wp-content\/uploads\/2019\/01\/049-012-031-Add-On-Fryer-Schuin-Boven.jpg","type":"image\/jpeg"}],"twitter_card":"summary_large_image","twitter_site":"@FireWarebv","twitter_misc":{"Dur\u00e9e de lecture estim\u00e9e":"2 minutes"},"schema":{"@context":"https:\/\/schema.org","@graph":[{"@type":"WebPage","@id":"https:\/\/www.fireware.nl\/fr\/product\/add-on-fryer\/","url":"https:\/\/www.fireware.nl\/fr\/product\/add-on-fryer\/","name":"Add-on Fryer - FireWare","isPartOf":{"@id":"https:\/\/www.fireware.nl\/fr\/#website"},"primaryImageOfPage":{"@id":"https:\/\/www.fireware.nl\/fr\/product\/add-on-fryer\/#primaryimage"},"image":{"@id":"https:\/\/www.fireware.nl\/fr\/product\/add-on-fryer\/#primaryimage"},"thumbnailUrl":"https:\/\/www.fireware.nl\/wp-content\/uploads\/2019\/01\/049-012-031-Add-On-Fryer-Schuin-Boven.jpg","datePublished":"2019-01-23T12:15:25+00:00","dateModified":"2026-01-23T14:57:15+00:00","breadcrumb":{"@id":"https:\/\/www.fireware.nl\/fr\/product\/add-on-fryer\/#breadcrumb"},"inLanguage":"fr-FR","potentialAction":[{"@type":"ReadAction","target":["https:\/\/www.fireware.nl\/fr\/product\/add-on-fryer\/"]}]},{"@type":"ImageObject","inLanguage":"fr-FR","@id":"https:\/\/www.fireware.nl\/fr\/product\/add-on-fryer\/#primaryimage","url":"https:\/\/www.fireware.nl\/wp-content\/uploads\/2019\/01\/049-012-031-Add-On-Fryer-Schuin-Boven.jpg","contentUrl":"https:\/\/www.fireware.nl\/wp-content\/uploads\/2019\/01\/049-012-031-Add-On-Fryer-Schuin-Boven.jpg","width":600,"height":600,"caption":"049-012-031 Add On Fryer Schuin Boven"},{"@type":"BreadcrumbList","@id":"https:\/\/www.fireware.nl\/fr\/product\/add-on-fryer\/#breadcrumb","itemListElement":[{"@type":"ListItem","position":1,"name":"Home","item":"https:\/\/www.fireware.nl\/fr\/"},{"@type":"ListItem","position":2,"name":"Produits","item":"https:\/\/www.fireware.nl\/fr\/produits\/"},{"@type":"ListItem","position":3,"name":"Add-on Fryer"}]},{"@type":"WebSite","@id":"https:\/\/www.fireware.nl\/fr\/#website","url":"https:\/\/www.fireware.nl\/fr\/","name":"FireWare","description":"CREATING REALISTIC  TRAINING ENVIRONMENTS","publisher":{"@id":"https:\/\/www.fireware.nl\/fr\/#organization"},"potentialAction":[{"@type":"SearchAction","target":{"@type":"EntryPoint","urlTemplate":"https:\/\/www.fireware.nl\/fr\/?s={search_term_string}"},"query-input":{"@type":"PropertyValueSpecification","valueRequired":true,"valueName":"search_term_string"}}],"inLanguage":"fr-FR"},{"@type":"Organization","@id":"https:\/\/www.fireware.nl\/fr\/#organization","name":"FireWare","url":"https:\/\/www.fireware.nl\/fr\/","logo":{"@type":"ImageObject","inLanguage":"fr-FR","@id":"https:\/\/www.fireware.nl\/fr\/#\/schema\/logo\/image\/","url":"https:\/\/www.fireware.nl\/wp-content\/uploads\/2018\/10\/fireware-logo.png","contentUrl":"https:\/\/www.fireware.nl\/wp-content\/uploads\/2018\/10\/fireware-logo.png","width":200,"height":86,"caption":"FireWare"},"image":{"@id":"https:\/\/www.fireware.nl\/fr\/#\/schema\/logo\/image\/"},"sameAs":["https:\/\/www.facebook.com\/FireWareBV\/","https:\/\/x.com\/FireWarebv","https:\/\/www.instagram.com\/fireware_nl\/","https:\/\/www.linkedin.com\/company\/3586017\/","https:\/\/www.youtube.com\/user\/firesalesrentconsult"]}]}},"publishpress_future_workflow_manual_trigger":{"enabledWorkflows":[]},"_links":{"self":[{"href":"https:\/\/www.fireware.nl\/fr\/wp-json\/wp\/v2\/product\/18977","targetHints":{"allow":["GET"]}}],"collection":[{"href":"https:\/\/www.fireware.nl\/fr\/wp-json\/wp\/v2\/product"}],"about":[{"href":"https:\/\/www.fireware.nl\/fr\/wp-json\/wp\/v2\/types\/product"}],"wp:featuredmedia":[{"embeddable":true,"href":"https:\/\/www.fireware.nl\/fr\/wp-json\/wp\/v2\/media\/20680"}],"wp:attachment":[{"href":"https:\/\/www.fireware.nl\/fr\/wp-json\/wp\/v2\/media?parent=18977"}],"wp:term":[{"taxonomy":"product_brand","embeddable":true,"href":"https:\/\/www.fireware.nl\/fr\/wp-json\/wp\/v2\/product_brand?post=18977"},{"taxonomy":"product_cat","embeddable":true,"href":"https:\/\/www.fireware.nl\/fr\/wp-json\/wp\/v2\/product_cat?post=18977"},{"taxonomy":"product_tag","embeddable":true,"href":"https:\/\/www.fireware.nl\/fr\/wp-json\/wp\/v2\/product_tag?post=18977"}],"curies":[{"name":"wp","href":"https:\/\/api.w.org\/{rel}","templated":true}]}}