
{"id":18944,"date":"2024-06-03T12:15:25","date_gmt":"2024-06-03T12:15:25","guid":{"rendered":"http:\/\/fireware.sites.hyperhosting.co\/?post_type=product&#038;p=18944"},"modified":"2026-01-23T14:44:51","modified_gmt":"2026-01-23T14:44:51","slug":"vesta","status":"publish","type":"product","link":"https:\/\/www.fireware.nl\/fr\/product\/vesta\/","title":{"rendered":"Simulateur d&#8217;incendie Vesta"},"content":{"rendered":"\r\n<h3>Un simulateur d&#8217;incendie compacte, Ne n\u00e9cessite pas d&#8217;eau.<\/h3>\r\n<p>Le Vesta de FireWare est petit et compact, mais est capable de cr\u00e9er une \u00e9norme flamme. Ce simulateur d&#8217;exercice p\u00e8se 19 kg, ce qui le rend facile \u00e0 porter. Id\u00e9al lorsque vous ne devez mettre qu&#8217;un seul exercice en place ! La hauteur de flamme est r\u00e9glable par le biais de la soupape de r\u00e9duction de pression.<\/p>\r\n<p>Pour pouvoir utiliser le Vesta FireWare dans chaque situation, FireWare a d\u00e9velopp\u00e9 des embouts actifs. Actifs, dans ce sens qu&#8217;ils fonctionnent sur base d&#8217;une alimentation en gaz autonome. Pour ce faire, le Vesta est muni d&#8217;une sortie sp\u00e9ciale et d&#8217;un bouton individuel sur la t\u00e9l\u00e9commande.<\/p>\r\n<p>Gr\u00e2ce \u00e0 l&#8217;exp\u00e9rience que FireWare a acquise avec divers simulateurs d&#8217;exercice, le Vesta FireWare dispose de toutes sortes de caract\u00e9ristiques pratiques : il est l\u00e9ger, petit, muni d&#8217;une t\u00e9l\u00e9commande industrielle claire, d&#8217;une batterie et de poign\u00e9es creuses, et est livr\u00e9 dans un caisson en plastique robuste. De plus, on a tenu compte, pendant la fabrication de l&#8217;appareil, de la possibilit\u00e9 d&#8217;effectuer un entretien et des r\u00e9parations rapides, gr\u00e2ce \u00e0 des modules non fix\u00e9s. Bien entendu, seuls des \u00e9l\u00e9ments de haute qualit\u00e9 ont \u00e9t\u00e9 utilis\u00e9s.<\/p>\r\n<p>Le Vesta FireWare est livr\u00e9 d&#8217;office dans un caisson en plastique. Ce caisson permet de ranger et transporter le Vesta tr\u00e8s facilement, et il s&#8217;empile sans probl\u00e8me sur les caissons des autres produits FireWare. Avec t\u00e9l\u00e9commande filaire, chargeur de batterie, tuyau de gaz et soupape de r\u00e9duction de pression.<\/p>\r\n<h3>Regarder la vid\u00e9o<\/h3>\r\n<p><iframe src=\"https:\/\/player.vimeo.com\/video\/139224239\" width=\"640\" height=\"360\" frameborder=\"0\" allowfullscreen=\"allowfullscreen\"><\/iframe> <iframe src=\"https:\/\/player.vimeo.com\/video\/143385979\" width=\"640\" height=\"360\" frameborder=\"0\" allowfullscreen=\"allowfullscreen\"><\/iframe><\/p>\r\n<h2>Formations d&#8217;extinction \u00e0 l&#8217;int\u00e9rieur et \u00e0 l&#8217;ext\u00e9rieur<\/h2>\r\n<p>Avec le Vesta, vous pouvez facilement organiser divers exercices d&#8217;extinction. \u00c9tant donn\u00e9 que le Vesta ne p\u00e8se que 19 kilogrammes, vous pouvez le manipuler seul sans probl\u00e8me. La seule chose \u00e0 laquelle vous devez connecter le simulateur d&#8217;extinction est une bouteille de gaz. \u00c9tant donn\u00e9 que le Vesta n&#8217;a pas besoin d&#8217;eau ni d&#8217;\u00e9lectricit\u00e9, vous pouvez facilement organiser des exercices en plein air. Le simulateur d&#8217;extinction est \u00e9quip\u00e9 d&#8217;un allumeur \u00e9lectrique fonctionnant avec une petite batterie. Vous n&#8217;avez donc pas besoin d&#8217;allumer le Vesta manuellement !<\/p>\r\n<p>Le Vesta est livr\u00e9 avec une t\u00e9l\u00e9commande filaire. Cette t\u00e9l\u00e9commande comporte deux boutons. L&#8217;instructeur maintient le premier bouton enfonc\u00e9 pour activer la flamme. Lorsque le bouton est rel\u00e2ch\u00e9, le feu s&#8217;\u00e9teint. R\u00e9glez la taille de la flamme avec le r\u00e9gulateur de pression. Les stagiaires peuvent \u00e9teindre le feu avec de l&#8217;eau, de la mousse et du CO2. Le deuxi\u00e8me bouton de la t\u00e9l\u00e9commande Vesta est utilis\u00e9 pour contr\u00f4ler les fonctionnalit\u00e9s des accessoires Vesta. Vous pouvez prolonger<a href=\"https:\/\/www.fireware.nl\/fr\/produit\/rallonge-pour-le-controle-a-distance-du-vesta\/\"> le c\u00e2ble de la t\u00e9l\u00e9commande industrielle<\/a> ou opter pour une <a href=\"https:\/\/www.fireware.nl\/fr\/produit\/telecommande-vesta\/\">t\u00e9l\u00e9commande sans fil.<\/a><\/p>\r\n<p>Parfois, un effet n\u00e9cessite une flamme horizontale plut\u00f4t que verticale. Avec le <a href=\"https:\/\/www.fireware.nl\/fr\/product\/vestastand\/\">support horizontal pour Vesta<\/a>, vous pouvez donc placer le FireWare Vesta en position verticale !<\/p>\r\n<h2>Un simulateur d&#8217;extinction polyvalent pour la simulation d&#8217;incendies de classe A et C<\/h2>\r\n<p>Le FireWare Vesta est particuli\u00e8rement adapt\u00e9 aux exercices \u00e9l\u00e9mentaires. Avec le Vesta, il est possible de simuler des incendies plus importants pour des exercices d&#8217;instruction. Cela est fait, par exemple, par les pompiers et les services d&#8217;incendie d&#8217;a\u00e9roports et d&#8217;entreprises. Mais ce simulateur d&#8217;extinction est \u00e9galement tr\u00e8s polyvalent pour les formations en secourisme en entreprise et les <a href=\"https:\/\/www.fireware.nl\/fr\/categorie-produit\/extincteurs-de-formation\/\" target=\"_blank\" rel=\"noopener\">formations aux petits moyens d&#8217;extinction<\/a>. Gr\u00e2ce au simulateur d&#8217;extinction Vesta, les stagiaires peuvent s&#8217;entra\u00eener \u00e0 \u00e9teindre un v\u00e9ritable feu dans un environnement s\u00fbr. Avec les accessoires optionnels pour le Vesta, l&#8217;instructeur peut mettre en place des sc\u00e9narios vari\u00e9s, stimulants et r\u00e9alistes. Imaginez par exemple un incendie <a href=\"https:\/\/www.fireware.nl\/fr\/product\/add-on-desk\/\" target=\"_blank\" rel=\"noopener\">de bureau<\/a> ou une simulation d&#8217;incident avec une <a href=\"https:\/\/www.fireware.nl\/fr\/product\/add-on-fryer\/\" target=\"_blank\" rel=\"noopener\">po\u00eale \u00e0 frire en feu<\/a>. Les responsables des exercices n&#8217;ont qu&#8217;\u00e0 connecter le Vesta \u00e0 une source de gaz et il est op\u00e9rationnel. Simuler des incendies de classe A ou C est d\u00e9sormais un jeu d&#8217;enfant. En r\u00e9sum\u00e9, un simulateur d&#8217;extinction polyvalent et efficace pour divers services d&#8217;urgence et formations en secourisme en entreprise !<\/p>\r\n<h2>Con\u00e7u sur la base de l&#8217;exp\u00e9rience FireWare de nombreuses ann\u00e9es<\/h2>\r\n<p>Au fil des ann\u00e9es, FireWare a acquis une vaste exp\u00e9rience avec diff\u00e9rentes cuves d&#8217;extinction. Cette exp\u00e9rience a \u00e9t\u00e9 regroup\u00e9e dans le FireWare Vesta, qui est donc \u00e9quip\u00e9 de diverses fonctionnalit\u00e9s pratiques. Le Vesta est compact et l\u00e9ger. Vous pouvez facilement d\u00e9ployer le sc\u00e9nario seul. La t\u00e9l\u00e9commande industrielle claire facilite son utilisation. Le simulateur d&#8217;extinction fonctionne sur batterie, ce qui permet de l&#8217;utiliser facilement en ext\u00e9rieur. Le Vesta est constitu\u00e9 uniquement de composants de haute qualit\u00e9.<\/p>\r\n<h2>Possibilit\u00e9s d&#8217;extension<\/h2>\r\n<p>Il est essentiel pour les stagiaires de s&#8217;entra\u00eener de mani\u00e8re r\u00e9aliste. C&#8217;est pourquoi FireWare a d\u00e9velopp\u00e9 diff\u00e9rentes possibilit\u00e9s d&#8217;extension pour le Vesta. Il existe des possibilit\u00e9s d&#8217;extension actives et passives.<\/p>\r\n<h3>Possibilit\u00e9s d&#8217;extension actives<\/h3>\r\n<p>Actif signifie que l&#8217;extension fonctionne avec sa propre alimentation en gaz. Le Vesta dispose d&#8217;une connexion sp\u00e9ciale \u00e0 cet effet. Il y a \u00e9galement un bouton s\u00e9par\u00e9 sur la t\u00e9l\u00e9commande. Vous pouvez, par exemple, connecter une bouteille de gaz \u00e0 cette sortie. Vous simulez ainsi en toute s\u00e9curit\u00e9 une <a href=\"https:\/\/www.fireware.nl\/fr\/?post_type=product&amp;p=18871\" target=\"_blank\" rel=\"noopener\">bouteille de gaz en feu<\/a>. Vous allumez ces &#8220;stand-alones&#8221; via le simulateur d&#8217;extinction Vesta.<\/p>\r\n<h3>Possibilit\u00e9s d&#8217;extension passives<\/h3>\r\n<p>Les possibilit\u00e9s d&#8217;extension passives sont des accessoires pour le Vesta. Ces accessoires permettent une grande vari\u00e9t\u00e9 d&#8217;entra\u00eenements \u00e0 l&#8217;extinction. Pensez \u00e0 un incendie dans un <a href=\"https:\/\/www.fireware.nl\/fr\/product\/add-on-electric-motor\/\" target=\"_blank\" rel=\"noopener\">moteur \u00e9lectrique<\/a>, pour un exercice de pompiers unique. Ou que diriez-vous d&#8217;un ordinateur en feu pour un sc\u00e9nario de <a href=\"https:\/\/www.fireware.nl\/fr\/product\/add-on-computer\/\" target=\"_blank\" rel=\"noopener\">secourisme en entreprise stimulant<\/a> ? Avec le Vesta, vous assurez une formation continue et vari\u00e9e pour les stagiaires. Jetez un \u0153il \u00e0 notre <a href=\"https:\/\/www.fireware.nl\/fr\/categorie-produit\/pieces-add-on-pour-simulateurs-dincendie\/\" target=\"_blank\" rel=\"noopener\">cat\u00e9gorie d&#8217;extensions<\/a> !<\/p>\r\n<h2>Pr\u00e9f\u00e9rez-vous simuler un incendie de liquides ?<\/h2>\r\n<p>Le Vesta n&#8217;est pas adapt\u00e9 \u00e0 la mise en sc\u00e8ne d&#8217;incendies de liquides. Cependant, si vous souhaitez enseigner \u00e0 vos stagiaires les techniques de base pour \u00e9teindre les incendies de liquides de mani\u00e8re r\u00e9aliste, vous pouvez le faire avec le simulateur <a href=\"https:\/\/www.fireware.nl\/fr\/produit\/simulateur-dincendie-hybrid\/\" target=\"_blank\" rel=\"noopener\">d&#8217;extinction Hybrid<\/a>. L&#8217;Hybrid est unique car il peut \u00eatre utilis\u00e9 avec ou sans eau. De plus, vous pouvez \u00e9galement l&#8217;\u00e9teindre avec de la poudre !<\/p>\r\n<h2>Entra\u00eenez-vous \u00e0 l&#8217;extinction avec le simulateur d&#8217;extinction FireWare Vesta !<\/h2>\r\n<p>Avec le Vesta, vos stagiaires apprendront vraiment \u00e0 \u00e9teindre le feu. Le Vesta est livr\u00e9 dans une mallette de transport en plastique robuste de 60 x 40 x 44 cm. En plus du Vesta, cette mallette contient la t\u00e9l\u00e9commande filaire (7 m), un chargeur de batterie, un tuyau de gaz, un r\u00e9gulateur de pression et un manuel d&#8217;utilisation. Vous pouvez \u00e9galement louer le simulateur d&#8217;extinction Vesta. Quelle que soit votre choix, le simulateur d&#8217;extinction Vesta garantit un sc\u00e9nario stimulant !<\/p>\r\n","protected":false},"excerpt":{"rendered":"<ul>\n<li>RVS Blustrainer pour la simulation de diff\u00e9rents incendies ;<\/li>\n<li>Dot\u00e9 de pattes en acier inoxydable pour une prise stable, m\u00eame sur des surfaces in\u00e9gales ;<\/li>\n<li>Unique : sortie de gaz suppl\u00e9mentaire pour les accessoires ;<\/li>\n<li>Pour \u00e9teindre avec de l&#8217;eau, du CO2 ou de la mousse ;<\/li>\n<li>Convient pour simuler des incendies de classe A et C ;<\/li>\n<li>Op\u00e9rationnel en moins de 3 minutes ;<\/li>\n<li>Allumage \u00e9lectrique ;<\/li>\n<li>Aucune eau n\u00e9cessaire, gr\u00e2ce \u00e0 la technologie de br\u00fbleur sec ;<\/li>\n<li>Fonctionne sur batterie ;<\/li>\n<li>N\u00e9cessite du butane ou du propane ;<\/li>\n<li>P\u00e8se seulement 19 kilogrammes ;<\/li>\n<li>Inclut une t\u00e9l\u00e9commande industrielle par c\u00e2ble ;<\/li>\n<li>Bas\u00e9 sur des ann\u00e9es d&#8217;exp\u00e9rience ;<\/li>\n<li>Livr\u00e9 dans une mallette de transport en plastique de 60 x 40 x 44 cm.<\/li>\n<\/ul>\n","protected":false},"featured_media":29125,"template":"","meta":[],"product_brand":[],"product_cat":[70],"product_tag":[],"class_list":{"0":"post-18944","1":"product","2":"type-product","3":"status-publish","4":"has-post-thumbnail","6":"product_cat-simulateurs-dincendie","8":"first","9":"instock","10":"taxable","11":"shipping-taxable","12":"purchasable","13":"product-type-simple"},"yoast_head":"<!-- This site is optimized with the Yoast SEO plugin v27.4 - https:\/\/yoast.com\/product\/yoast-seo-wordpress\/ -->\n<title>Simulateur d&#039;incendie Vesta - FireWare<\/title>\n<meta name=\"robots\" content=\"index, follow, max-snippet:-1, max-image-preview:large, max-video-preview:-1\" \/>\n<link rel=\"canonical\" href=\"https:\/\/www.fireware.nl\/fr\/product\/vesta\/\" \/>\n<meta property=\"og:locale\" content=\"fr_FR\" \/>\n<meta property=\"og:type\" content=\"article\" \/>\n<meta property=\"og:title\" content=\"Simulateur d&#039;incendie Vesta - FireWare\" \/>\n<meta property=\"og:description\" content=\"RVS Blustrainer pour la simulation de diff\u00e9rents incendies ; Dot\u00e9 de pattes en acier inoxydable pour une prise stable, m\u00eame sur des surfaces in\u00e9gales ; Unique : sortie de gaz suppl\u00e9mentaire pour les accessoires ; Pour \u00e9teindre avec de l&#039;eau, du CO2 ou de la mousse ; Convient pour simuler des incendies de classe A et C ; Op\u00e9rationnel en moins de 3 minutes ; Allumage \u00e9lectrique ; Aucune eau n\u00e9cessaire, gr\u00e2ce \u00e0 la technologie de br\u00fbleur sec ; Fonctionne sur batterie ; N\u00e9cessite du butane ou du propane ; P\u00e8se seulement 19 kilogrammes ; Inclut une t\u00e9l\u00e9commande industrielle par c\u00e2ble ; Bas\u00e9 sur des ann\u00e9es d&#039;exp\u00e9rience ; Livr\u00e9 dans une mallette de transport en plastique de 60 x 40 x 44 cm.\" \/>\n<meta property=\"og:url\" content=\"https:\/\/www.fireware.nl\/fr\/product\/vesta\/\" \/>\n<meta property=\"og:site_name\" content=\"FireWare\" \/>\n<meta property=\"article:publisher\" content=\"https:\/\/www.facebook.com\/FireWareBV\/\" \/>\n<meta property=\"article:modified_time\" content=\"2026-01-23T14:44:51+00:00\" \/>\n<meta property=\"og:image\" content=\"https:\/\/www.fireware.nl\/wp-content\/uploads\/2019\/04\/049-012-001-Vesta-Blustrainer-vuur-1.jpg\" \/>\n\t<meta property=\"og:image:width\" content=\"600\" \/>\n\t<meta property=\"og:image:height\" content=\"600\" \/>\n\t<meta property=\"og:image:type\" content=\"image\/jpeg\" \/>\n<meta name=\"twitter:card\" content=\"summary_large_image\" \/>\n<meta name=\"twitter:site\" content=\"@FireWarebv\" \/>\n<meta name=\"twitter:label1\" content=\"Dur\u00e9e de lecture estim\u00e9e\" \/>\n\t<meta name=\"twitter:data1\" content=\"6 minutes\" \/>\n<script type=\"application\/ld+json\" class=\"yoast-schema-graph\">{\"@context\":\"https:\\\/\\\/schema.org\",\"@graph\":[{\"@type\":\"WebPage\",\"@id\":\"https:\\\/\\\/www.fireware.nl\\\/fr\\\/product\\\/vesta\\\/\",\"url\":\"https:\\\/\\\/www.fireware.nl\\\/fr\\\/product\\\/vesta\\\/\",\"name\":\"Simulateur d'incendie Vesta - FireWare\",\"isPartOf\":{\"@id\":\"https:\\\/\\\/www.fireware.nl\\\/fr\\\/#website\"},\"primaryImageOfPage\":{\"@id\":\"https:\\\/\\\/www.fireware.nl\\\/fr\\\/product\\\/vesta\\\/#primaryimage\"},\"image\":{\"@id\":\"https:\\\/\\\/www.fireware.nl\\\/fr\\\/product\\\/vesta\\\/#primaryimage\"},\"thumbnailUrl\":\"https:\\\/\\\/www.fireware.nl\\\/wp-content\\\/uploads\\\/2019\\\/04\\\/049-012-001-Vesta-Blustrainer-vuur-1.jpg\",\"datePublished\":\"2024-06-03T12:15:25+00:00\",\"dateModified\":\"2026-01-23T14:44:51+00:00\",\"breadcrumb\":{\"@id\":\"https:\\\/\\\/www.fireware.nl\\\/fr\\\/product\\\/vesta\\\/#breadcrumb\"},\"inLanguage\":\"fr-FR\",\"potentialAction\":[{\"@type\":\"ReadAction\",\"target\":[\"https:\\\/\\\/www.fireware.nl\\\/fr\\\/product\\\/vesta\\\/\"]}]},{\"@type\":\"ImageObject\",\"inLanguage\":\"fr-FR\",\"@id\":\"https:\\\/\\\/www.fireware.nl\\\/fr\\\/product\\\/vesta\\\/#primaryimage\",\"url\":\"https:\\\/\\\/www.fireware.nl\\\/wp-content\\\/uploads\\\/2019\\\/04\\\/049-012-001-Vesta-Blustrainer-vuur-1.jpg\",\"contentUrl\":\"https:\\\/\\\/www.fireware.nl\\\/wp-content\\\/uploads\\\/2019\\\/04\\\/049-012-001-Vesta-Blustrainer-vuur-1.jpg\",\"width\":600,\"height\":600},{\"@type\":\"BreadcrumbList\",\"@id\":\"https:\\\/\\\/www.fireware.nl\\\/fr\\\/product\\\/vesta\\\/#breadcrumb\",\"itemListElement\":[{\"@type\":\"ListItem\",\"position\":1,\"name\":\"Home\",\"item\":\"https:\\\/\\\/www.fireware.nl\\\/fr\\\/\"},{\"@type\":\"ListItem\",\"position\":2,\"name\":\"Produits\",\"item\":\"https:\\\/\\\/www.fireware.nl\\\/fr\\\/produits\\\/\"},{\"@type\":\"ListItem\",\"position\":3,\"name\":\"Simulateur d&#8217;incendie Vesta\"}]},{\"@type\":\"WebSite\",\"@id\":\"https:\\\/\\\/www.fireware.nl\\\/fr\\\/#website\",\"url\":\"https:\\\/\\\/www.fireware.nl\\\/fr\\\/\",\"name\":\"FireWare\",\"description\":\"CREATING REALISTIC  TRAINING ENVIRONMENTS\",\"publisher\":{\"@id\":\"https:\\\/\\\/www.fireware.nl\\\/fr\\\/#organization\"},\"potentialAction\":[{\"@type\":\"SearchAction\",\"target\":{\"@type\":\"EntryPoint\",\"urlTemplate\":\"https:\\\/\\\/www.fireware.nl\\\/fr\\\/?s={search_term_string}\"},\"query-input\":{\"@type\":\"PropertyValueSpecification\",\"valueRequired\":true,\"valueName\":\"search_term_string\"}}],\"inLanguage\":\"fr-FR\"},{\"@type\":\"Organization\",\"@id\":\"https:\\\/\\\/www.fireware.nl\\\/fr\\\/#organization\",\"name\":\"FireWare\",\"url\":\"https:\\\/\\\/www.fireware.nl\\\/fr\\\/\",\"logo\":{\"@type\":\"ImageObject\",\"inLanguage\":\"fr-FR\",\"@id\":\"https:\\\/\\\/www.fireware.nl\\\/fr\\\/#\\\/schema\\\/logo\\\/image\\\/\",\"url\":\"https:\\\/\\\/www.fireware.nl\\\/wp-content\\\/uploads\\\/2018\\\/10\\\/fireware-logo.png\",\"contentUrl\":\"https:\\\/\\\/www.fireware.nl\\\/wp-content\\\/uploads\\\/2018\\\/10\\\/fireware-logo.png\",\"width\":200,\"height\":86,\"caption\":\"FireWare\"},\"image\":{\"@id\":\"https:\\\/\\\/www.fireware.nl\\\/fr\\\/#\\\/schema\\\/logo\\\/image\\\/\"},\"sameAs\":[\"https:\\\/\\\/www.facebook.com\\\/FireWareBV\\\/\",\"https:\\\/\\\/x.com\\\/FireWarebv\",\"https:\\\/\\\/www.instagram.com\\\/fireware_nl\\\/\",\"https:\\\/\\\/www.linkedin.com\\\/company\\\/3586017\\\/\",\"https:\\\/\\\/www.youtube.com\\\/user\\\/firesalesrentconsult\"]}]}<\/script>\n<!-- \/ Yoast SEO plugin. -->","yoast_head_json":{"title":"Simulateur d'incendie Vesta - FireWare","robots":{"index":"index","follow":"follow","max-snippet":"max-snippet:-1","max-image-preview":"max-image-preview:large","max-video-preview":"max-video-preview:-1"},"canonical":"https:\/\/www.fireware.nl\/fr\/product\/vesta\/","og_locale":"fr_FR","og_type":"article","og_title":"Simulateur d'incendie Vesta - FireWare","og_description":"RVS Blustrainer pour la simulation de diff\u00e9rents incendies ; Dot\u00e9 de pattes en acier inoxydable pour une prise stable, m\u00eame sur des surfaces in\u00e9gales ; Unique : sortie de gaz suppl\u00e9mentaire pour les accessoires ; Pour \u00e9teindre avec de l'eau, du CO2 ou de la mousse ; Convient pour simuler des incendies de classe A et C ; Op\u00e9rationnel en moins de 3 minutes ; Allumage \u00e9lectrique ; Aucune eau n\u00e9cessaire, gr\u00e2ce \u00e0 la technologie de br\u00fbleur sec ; Fonctionne sur batterie ; N\u00e9cessite du butane ou du propane ; P\u00e8se seulement 19 kilogrammes ; Inclut une t\u00e9l\u00e9commande industrielle par c\u00e2ble ; Bas\u00e9 sur des ann\u00e9es d'exp\u00e9rience ; Livr\u00e9 dans une mallette de transport en plastique de 60 x 40 x 44 cm.","og_url":"https:\/\/www.fireware.nl\/fr\/product\/vesta\/","og_site_name":"FireWare","article_publisher":"https:\/\/www.facebook.com\/FireWareBV\/","article_modified_time":"2026-01-23T14:44:51+00:00","og_image":[{"width":600,"height":600,"url":"https:\/\/www.fireware.nl\/wp-content\/uploads\/2019\/04\/049-012-001-Vesta-Blustrainer-vuur-1.jpg","type":"image\/jpeg"}],"twitter_card":"summary_large_image","twitter_site":"@FireWarebv","twitter_misc":{"Dur\u00e9e de lecture estim\u00e9e":"6 minutes"},"schema":{"@context":"https:\/\/schema.org","@graph":[{"@type":"WebPage","@id":"https:\/\/www.fireware.nl\/fr\/product\/vesta\/","url":"https:\/\/www.fireware.nl\/fr\/product\/vesta\/","name":"Simulateur d'incendie Vesta - FireWare","isPartOf":{"@id":"https:\/\/www.fireware.nl\/fr\/#website"},"primaryImageOfPage":{"@id":"https:\/\/www.fireware.nl\/fr\/product\/vesta\/#primaryimage"},"image":{"@id":"https:\/\/www.fireware.nl\/fr\/product\/vesta\/#primaryimage"},"thumbnailUrl":"https:\/\/www.fireware.nl\/wp-content\/uploads\/2019\/04\/049-012-001-Vesta-Blustrainer-vuur-1.jpg","datePublished":"2024-06-03T12:15:25+00:00","dateModified":"2026-01-23T14:44:51+00:00","breadcrumb":{"@id":"https:\/\/www.fireware.nl\/fr\/product\/vesta\/#breadcrumb"},"inLanguage":"fr-FR","potentialAction":[{"@type":"ReadAction","target":["https:\/\/www.fireware.nl\/fr\/product\/vesta\/"]}]},{"@type":"ImageObject","inLanguage":"fr-FR","@id":"https:\/\/www.fireware.nl\/fr\/product\/vesta\/#primaryimage","url":"https:\/\/www.fireware.nl\/wp-content\/uploads\/2019\/04\/049-012-001-Vesta-Blustrainer-vuur-1.jpg","contentUrl":"https:\/\/www.fireware.nl\/wp-content\/uploads\/2019\/04\/049-012-001-Vesta-Blustrainer-vuur-1.jpg","width":600,"height":600},{"@type":"BreadcrumbList","@id":"https:\/\/www.fireware.nl\/fr\/product\/vesta\/#breadcrumb","itemListElement":[{"@type":"ListItem","position":1,"name":"Home","item":"https:\/\/www.fireware.nl\/fr\/"},{"@type":"ListItem","position":2,"name":"Produits","item":"https:\/\/www.fireware.nl\/fr\/produits\/"},{"@type":"ListItem","position":3,"name":"Simulateur d&#8217;incendie Vesta"}]},{"@type":"WebSite","@id":"https:\/\/www.fireware.nl\/fr\/#website","url":"https:\/\/www.fireware.nl\/fr\/","name":"FireWare","description":"CREATING REALISTIC  TRAINING ENVIRONMENTS","publisher":{"@id":"https:\/\/www.fireware.nl\/fr\/#organization"},"potentialAction":[{"@type":"SearchAction","target":{"@type":"EntryPoint","urlTemplate":"https:\/\/www.fireware.nl\/fr\/?s={search_term_string}"},"query-input":{"@type":"PropertyValueSpecification","valueRequired":true,"valueName":"search_term_string"}}],"inLanguage":"fr-FR"},{"@type":"Organization","@id":"https:\/\/www.fireware.nl\/fr\/#organization","name":"FireWare","url":"https:\/\/www.fireware.nl\/fr\/","logo":{"@type":"ImageObject","inLanguage":"fr-FR","@id":"https:\/\/www.fireware.nl\/fr\/#\/schema\/logo\/image\/","url":"https:\/\/www.fireware.nl\/wp-content\/uploads\/2018\/10\/fireware-logo.png","contentUrl":"https:\/\/www.fireware.nl\/wp-content\/uploads\/2018\/10\/fireware-logo.png","width":200,"height":86,"caption":"FireWare"},"image":{"@id":"https:\/\/www.fireware.nl\/fr\/#\/schema\/logo\/image\/"},"sameAs":["https:\/\/www.facebook.com\/FireWareBV\/","https:\/\/x.com\/FireWarebv","https:\/\/www.instagram.com\/fireware_nl\/","https:\/\/www.linkedin.com\/company\/3586017\/","https:\/\/www.youtube.com\/user\/firesalesrentconsult"]}]}},"publishpress_future_workflow_manual_trigger":{"enabledWorkflows":[]},"_links":{"self":[{"href":"https:\/\/www.fireware.nl\/fr\/wp-json\/wp\/v2\/product\/18944","targetHints":{"allow":["GET"]}}],"collection":[{"href":"https:\/\/www.fireware.nl\/fr\/wp-json\/wp\/v2\/product"}],"about":[{"href":"https:\/\/www.fireware.nl\/fr\/wp-json\/wp\/v2\/types\/product"}],"wp:featuredmedia":[{"embeddable":true,"href":"https:\/\/www.fireware.nl\/fr\/wp-json\/wp\/v2\/media\/29125"}],"wp:attachment":[{"href":"https:\/\/www.fireware.nl\/fr\/wp-json\/wp\/v2\/media?parent=18944"}],"wp:term":[{"taxonomy":"product_brand","embeddable":true,"href":"https:\/\/www.fireware.nl\/fr\/wp-json\/wp\/v2\/product_brand?post=18944"},{"taxonomy":"product_cat","embeddable":true,"href":"https:\/\/www.fireware.nl\/fr\/wp-json\/wp\/v2\/product_cat?post=18944"},{"taxonomy":"product_tag","embeddable":true,"href":"https:\/\/www.fireware.nl\/fr\/wp-json\/wp\/v2\/product_tag?post=18944"}],"curies":[{"name":"wp","href":"https:\/\/api.w.org\/{rel}","templated":true}]}}