
{"id":18923,"date":"2019-01-23T12:15:29","date_gmt":"2019-01-23T12:15:29","guid":{"rendered":"http:\/\/fireware.sites.hyperhosting.co\/?post_type=product&#038;p=18923"},"modified":"2025-09-03T09:11:19","modified_gmt":"2025-09-03T09:11:19","slug":"buche-dimitation-pour-solid-fire","status":"publish","type":"product","link":"https:\/\/www.fireware.nl\/fr\/produit\/buche-dimitation\/","title":{"rendered":"B\u00fbche d&#8217;imitation"},"content":{"rendered":"<p>L\u2019entra\u00eenement \u00e0 l\u2019aide du simulateur d\u2019incendie Solid Fire devient encore plus r\u00e9aliste gr\u00e2ce aux b\u00fbches d\u2019imitation. Le panier \u00e0 feu est bien rempli aves les 5 pi\u00e8ces et vous pouvez ainsi simuler facilement un incendie de mat\u00e9riaux solides que vos stagiaires puissent \u00e9teindre \u00e0 l\u2019eau.<\/p>\n<p>Les b\u00fbches en c\u00e9ramique sont \u00e0 r\u00e9utiliser infiniment. Attention: il faut les laisser refroidir avant de les enlever du Solid. Ensuite, les b\u00fbches peuvent \u00eatre rang\u00e9es dans le caisson robuste en plastique qui mesure 40 x 30 x 23,5 cm.<\/p>\n","protected":false},"excerpt":{"rendered":"<ul>\n<li>Parfaitement adapt\u00e9 \u00e0 l\u2019usage dans le simulateur d\u2019incendie Solid Fire.<\/li>\n<li>Simuler un incendie classe A.<\/li>\n<li>Des b\u00fbches en c\u00e9ramique.<\/li>\n<li>Les feux peuvent \u00eatre \u00e9teint \u00e0 l\u2019eau.<\/li>\n<li>Le lot de 5 pi\u00e8ces.<\/li>\n<li>Les b\u00fbches d\u2019imitation sont livr\u00e9es dans un caisson robuste en plastique 40 x 30 x 23,5 cm.<\/li>\n<\/ul>\n","protected":false},"featured_media":68436,"template":"","meta":[],"product_brand":[],"product_cat":[70],"product_tag":[],"class_list":{"0":"post-18923","1":"product","2":"type-product","3":"status-publish","4":"has-post-thumbnail","6":"product_cat-simulateurs-dincendie","8":"first","9":"instock","10":"taxable","11":"shipping-taxable","12":"purchasable","13":"product-type-simple"},"yoast_head":"<!-- This site is optimized with the Yoast SEO plugin v27.2 - https:\/\/yoast.com\/product\/yoast-seo-wordpress\/ -->\n<title>B\u00fbche d&#039;imitation: simuler un incendie avec mat\u00e9riaux solides - FireWare<\/title>\n<meta name=\"description\" content=\"Ces b\u00fbches d\u2019imitation en c\u00e9ramique rendront l&#039;entra\u00eenement avec l&#039;extincteur Solid Fire encore plus r\u00e9aliste.\" \/>\n<meta name=\"robots\" content=\"index, follow, max-snippet:-1, max-image-preview:large, max-video-preview:-1\" \/>\n<link rel=\"canonical\" href=\"https:\/\/www.fireware.nl\/fr\/produit\/buche-dimitation\/\" \/>\n<meta property=\"og:locale\" content=\"fr_FR\" \/>\n<meta property=\"og:type\" content=\"article\" \/>\n<meta property=\"og:title\" content=\"B\u00fbche d&#039;imitation: simuler un incendie avec mat\u00e9riaux solides - FireWare\" \/>\n<meta property=\"og:description\" content=\"Ces b\u00fbches d\u2019imitation en c\u00e9ramique rendront l&#039;entra\u00eenement avec l&#039;extincteur Solid Fire encore plus r\u00e9aliste.\" \/>\n<meta property=\"og:url\" content=\"https:\/\/www.fireware.nl\/fr\/produit\/buche-dimitation\/\" \/>\n<meta property=\"og:site_name\" content=\"FireWare\" \/>\n<meta property=\"article:publisher\" content=\"https:\/\/www.facebook.com\/FireWareBV\/\" \/>\n<meta property=\"article:modified_time\" content=\"2025-09-03T09:11:19+00:00\" \/>\n<meta property=\"og:image\" content=\"https:\/\/www.fireware.nl\/wp-content\/uploads\/2019\/01\/049-092-016-Nephoutblokken-stapelen.jpg\" \/>\n\t<meta property=\"og:image:width\" content=\"600\" \/>\n\t<meta property=\"og:image:height\" content=\"600\" \/>\n\t<meta property=\"og:image:type\" content=\"image\/jpeg\" \/>\n<meta name=\"twitter:card\" content=\"summary_large_image\" \/>\n<meta name=\"twitter:site\" content=\"@FireWarebv\" \/>\n<meta name=\"twitter:label1\" content=\"Dur\u00e9e de lecture estim\u00e9e\" \/>\n\t<meta name=\"twitter:data1\" content=\"1 minute\" \/>\n<script type=\"application\/ld+json\" class=\"yoast-schema-graph\">{\"@context\":\"https:\/\/schema.org\",\"@graph\":[{\"@type\":\"WebPage\",\"@id\":\"https:\/\/www.fireware.nl\/fr\/produit\/buche-dimitation\/\",\"url\":\"https:\/\/www.fireware.nl\/fr\/produit\/buche-dimitation\/\",\"name\":\"B\u00fbche d'imitation: simuler un incendie avec mat\u00e9riaux solides - FireWare\",\"isPartOf\":{\"@id\":\"https:\/\/www.fireware.nl\/fr\/#website\"},\"primaryImageOfPage\":{\"@id\":\"https:\/\/www.fireware.nl\/fr\/produit\/buche-dimitation\/#primaryimage\"},\"image\":{\"@id\":\"https:\/\/www.fireware.nl\/fr\/produit\/buche-dimitation\/#primaryimage\"},\"thumbnailUrl\":\"https:\/\/www.fireware.nl\/wp-content\/uploads\/2019\/01\/049-092-016-Nephoutblokken-stapelen.jpg\",\"datePublished\":\"2019-01-23T12:15:29+00:00\",\"dateModified\":\"2025-09-03T09:11:19+00:00\",\"description\":\"Ces b\u00fbches d\u2019imitation en c\u00e9ramique rendront l'entra\u00eenement avec l'extincteur Solid Fire encore plus r\u00e9aliste.\",\"breadcrumb\":{\"@id\":\"https:\/\/www.fireware.nl\/fr\/produit\/buche-dimitation\/#breadcrumb\"},\"inLanguage\":\"fr-FR\",\"potentialAction\":[{\"@type\":\"ReadAction\",\"target\":[\"https:\/\/www.fireware.nl\/fr\/produit\/buche-dimitation\/\"]}]},{\"@type\":\"ImageObject\",\"inLanguage\":\"fr-FR\",\"@id\":\"https:\/\/www.fireware.nl\/fr\/produit\/buche-dimitation\/#primaryimage\",\"url\":\"https:\/\/www.fireware.nl\/wp-content\/uploads\/2019\/01\/049-092-016-Nephoutblokken-stapelen.jpg\",\"contentUrl\":\"https:\/\/www.fireware.nl\/wp-content\/uploads\/2019\/01\/049-092-016-Nephoutblokken-stapelen.jpg\",\"width\":600,\"height\":600},{\"@type\":\"BreadcrumbList\",\"@id\":\"https:\/\/www.fireware.nl\/fr\/produit\/buche-dimitation\/#breadcrumb\",\"itemListElement\":[{\"@type\":\"ListItem\",\"position\":1,\"name\":\"Home\",\"item\":\"https:\/\/www.fireware.nl\/fr\/\"},{\"@type\":\"ListItem\",\"position\":2,\"name\":\"Produits\",\"item\":\"https:\/\/www.fireware.nl\/fr\/produits\/\"},{\"@type\":\"ListItem\",\"position\":3,\"name\":\"B\u00fbche d&#8217;imitation\"}]},{\"@type\":\"WebSite\",\"@id\":\"https:\/\/www.fireware.nl\/fr\/#website\",\"url\":\"https:\/\/www.fireware.nl\/fr\/\",\"name\":\"FireWare\",\"description\":\"CREATING REALISTIC  TRAINING ENVIRONMENTS\",\"publisher\":{\"@id\":\"https:\/\/www.fireware.nl\/fr\/#organization\"},\"potentialAction\":[{\"@type\":\"SearchAction\",\"target\":{\"@type\":\"EntryPoint\",\"urlTemplate\":\"https:\/\/www.fireware.nl\/fr\/?s={search_term_string}\"},\"query-input\":{\"@type\":\"PropertyValueSpecification\",\"valueRequired\":true,\"valueName\":\"search_term_string\"}}],\"inLanguage\":\"fr-FR\"},{\"@type\":\"Organization\",\"@id\":\"https:\/\/www.fireware.nl\/fr\/#organization\",\"name\":\"FireWare\",\"url\":\"https:\/\/www.fireware.nl\/fr\/\",\"logo\":{\"@type\":\"ImageObject\",\"inLanguage\":\"fr-FR\",\"@id\":\"https:\/\/www.fireware.nl\/fr\/#\/schema\/logo\/image\/\",\"url\":\"https:\/\/www.fireware.nl\/wp-content\/uploads\/2018\/10\/fireware-logo.png\",\"contentUrl\":\"https:\/\/www.fireware.nl\/wp-content\/uploads\/2018\/10\/fireware-logo.png\",\"width\":200,\"height\":86,\"caption\":\"FireWare\"},\"image\":{\"@id\":\"https:\/\/www.fireware.nl\/fr\/#\/schema\/logo\/image\/\"},\"sameAs\":[\"https:\/\/www.facebook.com\/FireWareBV\/\",\"https:\/\/x.com\/FireWarebv\",\"https:\/\/www.instagram.com\/fireware_nl\/\",\"https:\/\/www.linkedin.com\/company\/3586017\/\",\"https:\/\/www.youtube.com\/user\/firesalesrentconsult\"]}]}<\/script>\n<!-- \/ Yoast SEO plugin. -->","yoast_head_json":{"title":"B\u00fbche d'imitation: simuler un incendie avec mat\u00e9riaux solides - FireWare","description":"Ces b\u00fbches d\u2019imitation en c\u00e9ramique rendront l'entra\u00eenement avec l'extincteur Solid Fire encore plus r\u00e9aliste.","robots":{"index":"index","follow":"follow","max-snippet":"max-snippet:-1","max-image-preview":"max-image-preview:large","max-video-preview":"max-video-preview:-1"},"canonical":"https:\/\/www.fireware.nl\/fr\/produit\/buche-dimitation\/","og_locale":"fr_FR","og_type":"article","og_title":"B\u00fbche d'imitation: simuler un incendie avec mat\u00e9riaux solides - FireWare","og_description":"Ces b\u00fbches d\u2019imitation en c\u00e9ramique rendront l'entra\u00eenement avec l'extincteur Solid Fire encore plus r\u00e9aliste.","og_url":"https:\/\/www.fireware.nl\/fr\/produit\/buche-dimitation\/","og_site_name":"FireWare","article_publisher":"https:\/\/www.facebook.com\/FireWareBV\/","article_modified_time":"2025-09-03T09:11:19+00:00","og_image":[{"width":600,"height":600,"url":"https:\/\/www.fireware.nl\/wp-content\/uploads\/2019\/01\/049-092-016-Nephoutblokken-stapelen.jpg","type":"image\/jpeg"}],"twitter_card":"summary_large_image","twitter_site":"@FireWarebv","twitter_misc":{"Dur\u00e9e de lecture estim\u00e9e":"1 minute"},"schema":{"@context":"https:\/\/schema.org","@graph":[{"@type":"WebPage","@id":"https:\/\/www.fireware.nl\/fr\/produit\/buche-dimitation\/","url":"https:\/\/www.fireware.nl\/fr\/produit\/buche-dimitation\/","name":"B\u00fbche d'imitation: simuler un incendie avec mat\u00e9riaux solides - FireWare","isPartOf":{"@id":"https:\/\/www.fireware.nl\/fr\/#website"},"primaryImageOfPage":{"@id":"https:\/\/www.fireware.nl\/fr\/produit\/buche-dimitation\/#primaryimage"},"image":{"@id":"https:\/\/www.fireware.nl\/fr\/produit\/buche-dimitation\/#primaryimage"},"thumbnailUrl":"https:\/\/www.fireware.nl\/wp-content\/uploads\/2019\/01\/049-092-016-Nephoutblokken-stapelen.jpg","datePublished":"2019-01-23T12:15:29+00:00","dateModified":"2025-09-03T09:11:19+00:00","description":"Ces b\u00fbches d\u2019imitation en c\u00e9ramique rendront l'entra\u00eenement avec l'extincteur Solid Fire encore plus r\u00e9aliste.","breadcrumb":{"@id":"https:\/\/www.fireware.nl\/fr\/produit\/buche-dimitation\/#breadcrumb"},"inLanguage":"fr-FR","potentialAction":[{"@type":"ReadAction","target":["https:\/\/www.fireware.nl\/fr\/produit\/buche-dimitation\/"]}]},{"@type":"ImageObject","inLanguage":"fr-FR","@id":"https:\/\/www.fireware.nl\/fr\/produit\/buche-dimitation\/#primaryimage","url":"https:\/\/www.fireware.nl\/wp-content\/uploads\/2019\/01\/049-092-016-Nephoutblokken-stapelen.jpg","contentUrl":"https:\/\/www.fireware.nl\/wp-content\/uploads\/2019\/01\/049-092-016-Nephoutblokken-stapelen.jpg","width":600,"height":600},{"@type":"BreadcrumbList","@id":"https:\/\/www.fireware.nl\/fr\/produit\/buche-dimitation\/#breadcrumb","itemListElement":[{"@type":"ListItem","position":1,"name":"Home","item":"https:\/\/www.fireware.nl\/fr\/"},{"@type":"ListItem","position":2,"name":"Produits","item":"https:\/\/www.fireware.nl\/fr\/produits\/"},{"@type":"ListItem","position":3,"name":"B\u00fbche d&#8217;imitation"}]},{"@type":"WebSite","@id":"https:\/\/www.fireware.nl\/fr\/#website","url":"https:\/\/www.fireware.nl\/fr\/","name":"FireWare","description":"CREATING REALISTIC  TRAINING ENVIRONMENTS","publisher":{"@id":"https:\/\/www.fireware.nl\/fr\/#organization"},"potentialAction":[{"@type":"SearchAction","target":{"@type":"EntryPoint","urlTemplate":"https:\/\/www.fireware.nl\/fr\/?s={search_term_string}"},"query-input":{"@type":"PropertyValueSpecification","valueRequired":true,"valueName":"search_term_string"}}],"inLanguage":"fr-FR"},{"@type":"Organization","@id":"https:\/\/www.fireware.nl\/fr\/#organization","name":"FireWare","url":"https:\/\/www.fireware.nl\/fr\/","logo":{"@type":"ImageObject","inLanguage":"fr-FR","@id":"https:\/\/www.fireware.nl\/fr\/#\/schema\/logo\/image\/","url":"https:\/\/www.fireware.nl\/wp-content\/uploads\/2018\/10\/fireware-logo.png","contentUrl":"https:\/\/www.fireware.nl\/wp-content\/uploads\/2018\/10\/fireware-logo.png","width":200,"height":86,"caption":"FireWare"},"image":{"@id":"https:\/\/www.fireware.nl\/fr\/#\/schema\/logo\/image\/"},"sameAs":["https:\/\/www.facebook.com\/FireWareBV\/","https:\/\/x.com\/FireWarebv","https:\/\/www.instagram.com\/fireware_nl\/","https:\/\/www.linkedin.com\/company\/3586017\/","https:\/\/www.youtube.com\/user\/firesalesrentconsult"]}]}},"publishpress_future_workflow_manual_trigger":{"enabledWorkflows":[]},"_links":{"self":[{"href":"https:\/\/www.fireware.nl\/fr\/wp-json\/wp\/v2\/product\/18923","targetHints":{"allow":["GET"]}}],"collection":[{"href":"https:\/\/www.fireware.nl\/fr\/wp-json\/wp\/v2\/product"}],"about":[{"href":"https:\/\/www.fireware.nl\/fr\/wp-json\/wp\/v2\/types\/product"}],"wp:featuredmedia":[{"embeddable":true,"href":"https:\/\/www.fireware.nl\/fr\/wp-json\/wp\/v2\/media\/68436"}],"wp:attachment":[{"href":"https:\/\/www.fireware.nl\/fr\/wp-json\/wp\/v2\/media?parent=18923"}],"wp:term":[{"taxonomy":"product_brand","embeddable":true,"href":"https:\/\/www.fireware.nl\/fr\/wp-json\/wp\/v2\/product_brand?post=18923"},{"taxonomy":"product_cat","embeddable":true,"href":"https:\/\/www.fireware.nl\/fr\/wp-json\/wp\/v2\/product_cat?post=18923"},{"taxonomy":"product_tag","embeddable":true,"href":"https:\/\/www.fireware.nl\/fr\/wp-json\/wp\/v2\/product_tag?post=18923"}],"curies":[{"name":"wp","href":"https:\/\/api.w.org\/{rel}","templated":true}]}}