
{"id":18506,"date":"2024-11-27T12:19:32","date_gmt":"2024-11-27T12:19:32","guid":{"rendered":"http:\/\/fireware.sites.hyperhosting.co\/?post_type=product&#038;p=18506"},"modified":"2026-01-23T14:41:02","modified_gmt":"2026-01-23T14:41:02","slug":"nebula-ra-masque-aveuglant","status":"publish","type":"product","link":"https:\/\/www.fireware.nl\/fr\/product\/nebula-ra-masque-aveuglant\/","title":{"rendered":"Nebula masque aveuglant V2"},"content":{"rendered":"\r\n<p>La simulation de fum\u00e9e dans des endroits o\u00f9 l&#8217;utilisation de fum\u00e9e ne convient pas ? Grace au FireWare \u00a0Nebula masque aveuglant \u00e9lectronique c&#8217;est pourtant possible ! Le stagiaire porte un masque ski tr\u00e8s particulier, pourvu d&#8217;un \u00e9cran LCD. La visibilit\u00e9 de cet \u00e9cran peut \u00eatre ajust\u00e9 par voie de la t\u00e9l\u00e9commande. Ainsi, 6 diff\u00e9rentes densit\u00e9s de fum\u00e9e peuvent \u00eatre simul\u00e9es.<\/p>\r\n<p>Le stagiaire vit l&#8217;exp\u00e9rience de visibilit\u00e9 limit\u00e9e par la fum\u00e9e gr\u00e2ce au Nebula tandis que l&#8217;instructeur a libre visibilit\u00e9, pour qu&#8217;il donne du feedback optimale. Il y a m\u00eame un mode randomis\u00e9 \u00e0 l&#8217;aide duquel la densit\u00e9 de la fum\u00e9e propos\u00e9e par le masque varie de fa\u00e7on irr\u00e9guli\u00e8re tout en changeant le niveau de visibilit\u00e9.<\/p>\r\n<p>La t\u00e9l\u00e9commande livr\u00e9e permet \u00e0 l&#8217;instructeur d&#8217;op\u00e9rer jusqu&#8217;au 4 groupes de masques \u00e0 la fois. Chaque groupe peut compter un nombre illimit\u00e9 de masques.<\/p>\r\n<p>Le masque peut \u00eatre port\u00e9 directement sur le visage, mais il est \u00e9galement possible de le passer en dessus du masque respiratoire. L&#8217;\u00e9lectronique est int\u00e9gr\u00e9e dans le masque-m\u00eame ; pas de c\u00e2bles ni compartiments pendouillant devant le visage du stagiaire. Plus s\u00fbr ! Le rechargement se fait par voie d&#8217;une connectivit\u00e9 mini- USB.<\/p>\r\n<p>Il y a deux kits Nebula masque aveuglant \u00e9lectronique disponibles :<\/p>\r\n<h3>Le kit MAXI qui contient :<\/h3>\r\n<ul>\r\n<li>1 unit\u00e9 instructeur (t\u00e9l\u00e9commande)<\/li>\r\n<li>4 Nebula masques aveuglant \u00e9lectroniques<\/li>\r\n<li>1 hub chargeur avec 5 c\u00e2bles de charge<\/li>\r\n<li>Manuel<\/li>\r\n<li>Emball\u00e9 dans un caisson couvert d&#8217;un int\u00e9rieur en caoutchouc mousse<\/li>\r\n<\/ul>\r\n<h3>Le kit MINI qui contient :<\/h3>\r\n<ul>\r\n<li>1 unit\u00e9 instructeur (t\u00e9l\u00e9commande)<\/li>\r\n<li>2 Nebula masques aveuglant \u00e9lectroniques<\/li>\r\n<li>1 hub chargeur avec 5 c\u00e2bles de charge<\/li>\r\n<li>Manuel<\/li>\r\n<li>Emball\u00e9 dans un caisson couvert d&#8217;un int\u00e9rieur en caoutchouc mousse<\/li>\r\n<\/ul>\r\n<h2>Regarder la vid\u00e9o<\/h2>\r\n<p><iframe src=\"https:\/\/player.vimeo.com\/video\/331387943\" width=\"640\" height=\"360\" frameborder=\"0\" allowfullscreen=\"allowfullscreen\"><\/iframe><\/p>\r\n","protected":false},"excerpt":{"rendered":"<ul>\n<li>Simulateur fumig\u00e8ne sans machine de fum\u00e9e.<\/li>\n<li>Masque aveuglant \u00e9lectronique proposant 6 diff\u00e9rentes densit\u00e9s de fum\u00e9e et une mode randomis\u00e9e.<\/li>\n<li>Les masques sont contr\u00f4l\u00e9s par une t\u00e9l\u00e9commande sans fil.<\/li>\n<li>Disponible en kit MAXI et MINI.<\/li>\n<\/ul>\n","protected":false},"featured_media":67003,"template":"","meta":[],"product_brand":[],"product_cat":[88],"product_tag":[1197,1198],"class_list":{"0":"post-18506","1":"product","2":"type-product","3":"status-publish","4":"has-post-thumbnail","6":"product_cat-alternative-a-la-fumee","7":"product_tag-fumee","8":"product_tag-masque-aveuglant","10":"first","11":"instock","12":"taxable","13":"shipping-taxable","14":"purchasable","15":"product-type-variable"},"yoast_head":"<!-- This site is optimized with the Yoast SEO plugin v27.4 - https:\/\/yoast.com\/product\/yoast-seo-wordpress\/ -->\n<title>Nebula masque aveuglant V2 - FireWare<\/title>\n<meta name=\"robots\" content=\"index, follow, max-snippet:-1, max-image-preview:large, max-video-preview:-1\" \/>\n<link rel=\"canonical\" href=\"https:\/\/www.fireware.nl\/fr\/product\/nebula-ra-masque-aveuglant\/\" \/>\n<meta property=\"og:locale\" content=\"fr_FR\" \/>\n<meta property=\"og:type\" content=\"article\" \/>\n<meta property=\"og:title\" content=\"Nebula masque aveuglant V2 - FireWare\" \/>\n<meta property=\"og:description\" content=\"Simulateur fumig\u00e8ne sans machine de fum\u00e9e. Masque aveuglant \u00e9lectronique proposant 6 diff\u00e9rentes densit\u00e9s de fum\u00e9e et une mode randomis\u00e9e. Les masques sont contr\u00f4l\u00e9s par une t\u00e9l\u00e9commande sans fil. Disponible en kit MAXI et MINI.\" \/>\n<meta property=\"og:url\" content=\"https:\/\/www.fireware.nl\/fr\/product\/nebula-ra-masque-aveuglant\/\" \/>\n<meta property=\"og:site_name\" content=\"FireWare\" \/>\n<meta property=\"article:publisher\" content=\"https:\/\/www.facebook.com\/FireWareBV\/\" \/>\n<meta property=\"article:modified_time\" content=\"2026-01-23T14:41:02+00:00\" \/>\n<meta property=\"og:image\" content=\"https:\/\/www.fireware.nl\/wp-content\/uploads\/2019\/01\/025-021-003-Nebula-AR-Blindmaskerset-maxi.jpg\" \/>\n\t<meta property=\"og:image:width\" content=\"600\" \/>\n\t<meta property=\"og:image:height\" content=\"600\" \/>\n\t<meta property=\"og:image:type\" content=\"image\/jpeg\" \/>\n<meta name=\"twitter:card\" content=\"summary_large_image\" \/>\n<meta name=\"twitter:site\" content=\"@FireWarebv\" \/>\n<meta name=\"twitter:label1\" content=\"Dur\u00e9e de lecture estim\u00e9e\" \/>\n\t<meta name=\"twitter:data1\" content=\"2 minutes\" \/>\n<script type=\"application\/ld+json\" class=\"yoast-schema-graph\">{\"@context\":\"https:\\\/\\\/schema.org\",\"@graph\":[{\"@type\":\"WebPage\",\"@id\":\"https:\\\/\\\/www.fireware.nl\\\/fr\\\/product\\\/nebula-ra-masque-aveuglant\\\/\",\"url\":\"https:\\\/\\\/www.fireware.nl\\\/fr\\\/product\\\/nebula-ra-masque-aveuglant\\\/\",\"name\":\"Nebula masque aveuglant V2 - FireWare\",\"isPartOf\":{\"@id\":\"https:\\\/\\\/www.fireware.nl\\\/fr\\\/#website\"},\"primaryImageOfPage\":{\"@id\":\"https:\\\/\\\/www.fireware.nl\\\/fr\\\/product\\\/nebula-ra-masque-aveuglant\\\/#primaryimage\"},\"image\":{\"@id\":\"https:\\\/\\\/www.fireware.nl\\\/fr\\\/product\\\/nebula-ra-masque-aveuglant\\\/#primaryimage\"},\"thumbnailUrl\":\"https:\\\/\\\/www.fireware.nl\\\/wp-content\\\/uploads\\\/2019\\\/01\\\/025-021-003-Nebula-AR-Blindmaskerset-maxi.jpg\",\"datePublished\":\"2024-11-27T12:19:32+00:00\",\"dateModified\":\"2026-01-23T14:41:02+00:00\",\"breadcrumb\":{\"@id\":\"https:\\\/\\\/www.fireware.nl\\\/fr\\\/product\\\/nebula-ra-masque-aveuglant\\\/#breadcrumb\"},\"inLanguage\":\"fr-FR\",\"potentialAction\":[{\"@type\":\"ReadAction\",\"target\":[\"https:\\\/\\\/www.fireware.nl\\\/fr\\\/product\\\/nebula-ra-masque-aveuglant\\\/\"]}]},{\"@type\":\"ImageObject\",\"inLanguage\":\"fr-FR\",\"@id\":\"https:\\\/\\\/www.fireware.nl\\\/fr\\\/product\\\/nebula-ra-masque-aveuglant\\\/#primaryimage\",\"url\":\"https:\\\/\\\/www.fireware.nl\\\/wp-content\\\/uploads\\\/2019\\\/01\\\/025-021-003-Nebula-AR-Blindmaskerset-maxi.jpg\",\"contentUrl\":\"https:\\\/\\\/www.fireware.nl\\\/wp-content\\\/uploads\\\/2019\\\/01\\\/025-021-003-Nebula-AR-Blindmaskerset-maxi.jpg\",\"width\":600,\"height\":600},{\"@type\":\"BreadcrumbList\",\"@id\":\"https:\\\/\\\/www.fireware.nl\\\/fr\\\/product\\\/nebula-ra-masque-aveuglant\\\/#breadcrumb\",\"itemListElement\":[{\"@type\":\"ListItem\",\"position\":1,\"name\":\"Home\",\"item\":\"https:\\\/\\\/www.fireware.nl\\\/fr\\\/\"},{\"@type\":\"ListItem\",\"position\":2,\"name\":\"Produits\",\"item\":\"https:\\\/\\\/www.fireware.nl\\\/fr\\\/produits\\\/\"},{\"@type\":\"ListItem\",\"position\":3,\"name\":\"Nebula masque aveuglant V2\"}]},{\"@type\":\"WebSite\",\"@id\":\"https:\\\/\\\/www.fireware.nl\\\/fr\\\/#website\",\"url\":\"https:\\\/\\\/www.fireware.nl\\\/fr\\\/\",\"name\":\"FireWare\",\"description\":\"CREATING REALISTIC  TRAINING ENVIRONMENTS\",\"publisher\":{\"@id\":\"https:\\\/\\\/www.fireware.nl\\\/fr\\\/#organization\"},\"potentialAction\":[{\"@type\":\"SearchAction\",\"target\":{\"@type\":\"EntryPoint\",\"urlTemplate\":\"https:\\\/\\\/www.fireware.nl\\\/fr\\\/?s={search_term_string}\"},\"query-input\":{\"@type\":\"PropertyValueSpecification\",\"valueRequired\":true,\"valueName\":\"search_term_string\"}}],\"inLanguage\":\"fr-FR\"},{\"@type\":\"Organization\",\"@id\":\"https:\\\/\\\/www.fireware.nl\\\/fr\\\/#organization\",\"name\":\"FireWare\",\"url\":\"https:\\\/\\\/www.fireware.nl\\\/fr\\\/\",\"logo\":{\"@type\":\"ImageObject\",\"inLanguage\":\"fr-FR\",\"@id\":\"https:\\\/\\\/www.fireware.nl\\\/fr\\\/#\\\/schema\\\/logo\\\/image\\\/\",\"url\":\"https:\\\/\\\/www.fireware.nl\\\/wp-content\\\/uploads\\\/2018\\\/10\\\/fireware-logo.png\",\"contentUrl\":\"https:\\\/\\\/www.fireware.nl\\\/wp-content\\\/uploads\\\/2018\\\/10\\\/fireware-logo.png\",\"width\":200,\"height\":86,\"caption\":\"FireWare\"},\"image\":{\"@id\":\"https:\\\/\\\/www.fireware.nl\\\/fr\\\/#\\\/schema\\\/logo\\\/image\\\/\"},\"sameAs\":[\"https:\\\/\\\/www.facebook.com\\\/FireWareBV\\\/\",\"https:\\\/\\\/x.com\\\/FireWarebv\",\"https:\\\/\\\/www.instagram.com\\\/fireware_nl\\\/\",\"https:\\\/\\\/www.linkedin.com\\\/company\\\/3586017\\\/\",\"https:\\\/\\\/www.youtube.com\\\/user\\\/firesalesrentconsult\"]}]}<\/script>\n<!-- \/ Yoast SEO plugin. -->","yoast_head_json":{"title":"Nebula masque aveuglant V2 - FireWare","robots":{"index":"index","follow":"follow","max-snippet":"max-snippet:-1","max-image-preview":"max-image-preview:large","max-video-preview":"max-video-preview:-1"},"canonical":"https:\/\/www.fireware.nl\/fr\/product\/nebula-ra-masque-aveuglant\/","og_locale":"fr_FR","og_type":"article","og_title":"Nebula masque aveuglant V2 - FireWare","og_description":"Simulateur fumig\u00e8ne sans machine de fum\u00e9e. Masque aveuglant \u00e9lectronique proposant 6 diff\u00e9rentes densit\u00e9s de fum\u00e9e et une mode randomis\u00e9e. Les masques sont contr\u00f4l\u00e9s par une t\u00e9l\u00e9commande sans fil. Disponible en kit MAXI et MINI.","og_url":"https:\/\/www.fireware.nl\/fr\/product\/nebula-ra-masque-aveuglant\/","og_site_name":"FireWare","article_publisher":"https:\/\/www.facebook.com\/FireWareBV\/","article_modified_time":"2026-01-23T14:41:02+00:00","og_image":[{"width":600,"height":600,"url":"https:\/\/www.fireware.nl\/wp-content\/uploads\/2019\/01\/025-021-003-Nebula-AR-Blindmaskerset-maxi.jpg","type":"image\/jpeg"}],"twitter_card":"summary_large_image","twitter_site":"@FireWarebv","twitter_misc":{"Dur\u00e9e de lecture estim\u00e9e":"2 minutes"},"schema":{"@context":"https:\/\/schema.org","@graph":[{"@type":"WebPage","@id":"https:\/\/www.fireware.nl\/fr\/product\/nebula-ra-masque-aveuglant\/","url":"https:\/\/www.fireware.nl\/fr\/product\/nebula-ra-masque-aveuglant\/","name":"Nebula masque aveuglant V2 - FireWare","isPartOf":{"@id":"https:\/\/www.fireware.nl\/fr\/#website"},"primaryImageOfPage":{"@id":"https:\/\/www.fireware.nl\/fr\/product\/nebula-ra-masque-aveuglant\/#primaryimage"},"image":{"@id":"https:\/\/www.fireware.nl\/fr\/product\/nebula-ra-masque-aveuglant\/#primaryimage"},"thumbnailUrl":"https:\/\/www.fireware.nl\/wp-content\/uploads\/2019\/01\/025-021-003-Nebula-AR-Blindmaskerset-maxi.jpg","datePublished":"2024-11-27T12:19:32+00:00","dateModified":"2026-01-23T14:41:02+00:00","breadcrumb":{"@id":"https:\/\/www.fireware.nl\/fr\/product\/nebula-ra-masque-aveuglant\/#breadcrumb"},"inLanguage":"fr-FR","potentialAction":[{"@type":"ReadAction","target":["https:\/\/www.fireware.nl\/fr\/product\/nebula-ra-masque-aveuglant\/"]}]},{"@type":"ImageObject","inLanguage":"fr-FR","@id":"https:\/\/www.fireware.nl\/fr\/product\/nebula-ra-masque-aveuglant\/#primaryimage","url":"https:\/\/www.fireware.nl\/wp-content\/uploads\/2019\/01\/025-021-003-Nebula-AR-Blindmaskerset-maxi.jpg","contentUrl":"https:\/\/www.fireware.nl\/wp-content\/uploads\/2019\/01\/025-021-003-Nebula-AR-Blindmaskerset-maxi.jpg","width":600,"height":600},{"@type":"BreadcrumbList","@id":"https:\/\/www.fireware.nl\/fr\/product\/nebula-ra-masque-aveuglant\/#breadcrumb","itemListElement":[{"@type":"ListItem","position":1,"name":"Home","item":"https:\/\/www.fireware.nl\/fr\/"},{"@type":"ListItem","position":2,"name":"Produits","item":"https:\/\/www.fireware.nl\/fr\/produits\/"},{"@type":"ListItem","position":3,"name":"Nebula masque aveuglant V2"}]},{"@type":"WebSite","@id":"https:\/\/www.fireware.nl\/fr\/#website","url":"https:\/\/www.fireware.nl\/fr\/","name":"FireWare","description":"CREATING REALISTIC  TRAINING ENVIRONMENTS","publisher":{"@id":"https:\/\/www.fireware.nl\/fr\/#organization"},"potentialAction":[{"@type":"SearchAction","target":{"@type":"EntryPoint","urlTemplate":"https:\/\/www.fireware.nl\/fr\/?s={search_term_string}"},"query-input":{"@type":"PropertyValueSpecification","valueRequired":true,"valueName":"search_term_string"}}],"inLanguage":"fr-FR"},{"@type":"Organization","@id":"https:\/\/www.fireware.nl\/fr\/#organization","name":"FireWare","url":"https:\/\/www.fireware.nl\/fr\/","logo":{"@type":"ImageObject","inLanguage":"fr-FR","@id":"https:\/\/www.fireware.nl\/fr\/#\/schema\/logo\/image\/","url":"https:\/\/www.fireware.nl\/wp-content\/uploads\/2018\/10\/fireware-logo.png","contentUrl":"https:\/\/www.fireware.nl\/wp-content\/uploads\/2018\/10\/fireware-logo.png","width":200,"height":86,"caption":"FireWare"},"image":{"@id":"https:\/\/www.fireware.nl\/fr\/#\/schema\/logo\/image\/"},"sameAs":["https:\/\/www.facebook.com\/FireWareBV\/","https:\/\/x.com\/FireWarebv","https:\/\/www.instagram.com\/fireware_nl\/","https:\/\/www.linkedin.com\/company\/3586017\/","https:\/\/www.youtube.com\/user\/firesalesrentconsult"]}]}},"publishpress_future_workflow_manual_trigger":{"enabledWorkflows":[]},"_links":{"self":[{"href":"https:\/\/www.fireware.nl\/fr\/wp-json\/wp\/v2\/product\/18506","targetHints":{"allow":["GET"]}}],"collection":[{"href":"https:\/\/www.fireware.nl\/fr\/wp-json\/wp\/v2\/product"}],"about":[{"href":"https:\/\/www.fireware.nl\/fr\/wp-json\/wp\/v2\/types\/product"}],"wp:featuredmedia":[{"embeddable":true,"href":"https:\/\/www.fireware.nl\/fr\/wp-json\/wp\/v2\/media\/67003"}],"wp:attachment":[{"href":"https:\/\/www.fireware.nl\/fr\/wp-json\/wp\/v2\/media?parent=18506"}],"wp:term":[{"taxonomy":"product_brand","embeddable":true,"href":"https:\/\/www.fireware.nl\/fr\/wp-json\/wp\/v2\/product_brand?post=18506"},{"taxonomy":"product_cat","embeddable":true,"href":"https:\/\/www.fireware.nl\/fr\/wp-json\/wp\/v2\/product_cat?post=18506"},{"taxonomy":"product_tag","embeddable":true,"href":"https:\/\/www.fireware.nl\/fr\/wp-json\/wp\/v2\/product_tag?post=18506"}],"curies":[{"name":"wp","href":"https:\/\/api.w.org\/{rel}","templated":true}]}}