
{"id":115722,"date":"2025-02-21T14:58:31","date_gmt":"2025-02-21T15:09:06","guid":{"rendered":"https:\/\/www.fireware.nl\/?post_type=product&#038;p=115722"},"modified":"2025-03-17T09:41:02","modified_gmt":"2025-03-17T09:41:02","slug":"y-splitter-pour-entraineur-dextinction-vesta","status":"publish","type":"product","link":"https:\/\/www.fireware.nl\/fr\/product\/y-splitter-pour-entraineur-dextinction-vesta\/","title":{"rendered":"Y-splitter pour entra\u00eeneur d\u2019extinction Vesta"},"content":{"rendered":"<h2 data-start=\"0\" data-end=\"60\">Vesta Y-Splitter \u2013 Recharge et utilisation simultan\u00e9es<\/h2>\n<p data-start=\"62\" data-end=\"350\">Le Y-splitter Vesta permet de connecter simultan\u00e9ment la t\u00e9l\u00e9commande et le chargeur \u00e0 votre entra\u00eeneur d\u2019extinction. Id\u00e9al pour les installations (semi-)fixes, vous \u00e9vitant ainsi de devoir constamment changer de connexion pour recharger. Votre Vesta est ainsi toujours pr\u00eat \u00e0 l\u2019emploi.<\/p>\n<h2 data-start=\"352\" data-end=\"422\">Pour l\u2019entra\u00eenement \u00e0 l\u2019extinction dans des installations fixes<\/h2>\n<p data-start=\"424\" data-end=\"916\">L\u2019entra\u00eeneur d\u2019extinction Vesta est \u00e9quip\u00e9 d\u2019une batterie, vous permettant de mettre en place un exercice rapidement, o\u00f9 que vous soyez. Cette batterie alimente la t\u00e9l\u00e9commande et contr\u00f4le \u00e0 la fois l\u2019ouverture de la vanne de gaz et l\u2019allumage. Normalement, il faut d\u00e9connecter la t\u00e9l\u00e9commande pour recharger la batterie et brancher le chargeur fourni sur le m\u00eame connecteur. Si cette configuration est id\u00e9ale pour une utilisation mobile, elle est moins pratique dans une installation fixe.<\/p>\n<p data-start=\"918\" data-end=\"1108\">Gr\u00e2ce au Y-splitter, vous pouvez brancher simultan\u00e9ment la t\u00e9l\u00e9commande et le chargeur. Ainsi, la batterie reste toujours charg\u00e9e et vous pouvez commencer imm\u00e9diatement votre entra\u00eenement.<\/p>\n<h2 data-start=\"1110\" data-end=\"1171\">Compatible avec les t\u00e9l\u00e9commandes filaires et sans fil<\/h2>\n<p data-start=\"1173\" data-end=\"1435\">Le Y-splitter est compatible avec les t\u00e9l\u00e9commandes filaires et sans fil du Vesta. Il est \u00e9galement \u00e9quip\u00e9 d\u2019un interrupteur marche\/arr\u00eat permettant de d\u00e9sactiver la t\u00e9l\u00e9commande. Cela emp\u00eache toute activation involontaire et offre une s\u00e9curit\u00e9 suppl\u00e9mentaire.<\/p>\n<p data-start=\"1437\" data-end=\"1663\" data-is-last-node=\"\" data-is-only-node=\"\">Lorsqu\u2019il est utilis\u00e9 avec la t\u00e9l\u00e9commande sans fil, l\u2019interrupteur coupe \u00e9galement l\u2019alimentation du r\u00e9cepteur. Cela \u00e9vite que la connexion ne reste active inutilement et permet de r\u00e9duire la consommation d\u2019\u00e9nergie superflue.<\/p>\n","protected":false},"excerpt":{"rendered":"<ul>\n<li data-start=\"0\" data-end=\"59\">Compatible avec les t\u00e9l\u00e9commandes filaires et sans fil.<\/li>\n<li data-start=\"60\" data-end=\"106\">Id\u00e9al pour les installations (semi-)fixes.<\/li>\n<li data-start=\"107\" data-end=\"170\">\u00c9quip\u00e9 d\u2019un interrupteur marche\/arr\u00eat pour la t\u00e9l\u00e9commande.<\/li>\n<li data-start=\"171\" data-end=\"229\">Connecte simultan\u00e9ment la t\u00e9l\u00e9commande et le chargeur.<\/li>\n<li data-start=\"230\" data-end=\"275\" data-is-last-node=\"\">\u00c9vite toute consommation d\u2019\u00e9nergie inutile.<\/li>\n<\/ul>\n","protected":false},"featured_media":115694,"template":"","meta":[],"product_brand":[],"product_cat":[227,70],"product_tag":[],"class_list":{"0":"post-115722","1":"product","2":"type-product","3":"status-publish","4":"has-post-thumbnail","6":"product_cat-cablage","7":"product_cat-simulateurs-dincendie","9":"first","10":"instock","11":"taxable","12":"shipping-taxable","13":"purchasable","14":"product-type-simple"},"yoast_head":"<!-- This site is optimized with the Yoast SEO plugin v27.4 - https:\/\/yoast.com\/product\/yoast-seo-wordpress\/ -->\n<title>Y-splitter pour entra\u00eeneur d\u2019extinction Vesta - FireWare<\/title>\n<meta name=\"robots\" content=\"index, follow, max-snippet:-1, max-image-preview:large, max-video-preview:-1\" \/>\n<link rel=\"canonical\" href=\"https:\/\/www.fireware.nl\/fr\/product\/y-splitter-pour-entraineur-dextinction-vesta\/\" \/>\n<meta property=\"og:locale\" content=\"fr_FR\" \/>\n<meta property=\"og:type\" content=\"article\" \/>\n<meta property=\"og:title\" content=\"Y-splitter pour entra\u00eeneur d\u2019extinction Vesta - FireWare\" \/>\n<meta property=\"og:description\" content=\"Compatible avec les t\u00e9l\u00e9commandes filaires et sans fil.  Id\u00e9al pour les installations (semi-)fixes.  \u00c9quip\u00e9 d\u2019un interrupteur marche\/arr\u00eat pour la t\u00e9l\u00e9commande.  Connecte simultan\u00e9ment la t\u00e9l\u00e9commande et le chargeur.  \u00c9vite toute consommation d\u2019\u00e9nergie inutile.\" \/>\n<meta property=\"og:url\" content=\"https:\/\/www.fireware.nl\/fr\/product\/y-splitter-pour-entraineur-dextinction-vesta\/\" \/>\n<meta property=\"og:site_name\" content=\"FireWare\" \/>\n<meta property=\"article:publisher\" content=\"https:\/\/www.facebook.com\/FireWareBV\/\" \/>\n<meta property=\"article:modified_time\" content=\"2025-03-17T09:41:02+00:00\" \/>\n<meta property=\"og:image\" content=\"https:\/\/www.fireware.nl\/wp-content\/uploads\/2025\/02\/20250108-Vesta-Y-splitter-product-fotos_006-008-009-011_web.jpg\" \/>\n\t<meta property=\"og:image:width\" content=\"600\" \/>\n\t<meta property=\"og:image:height\" content=\"600\" \/>\n\t<meta property=\"og:image:type\" content=\"image\/jpeg\" \/>\n<meta name=\"twitter:card\" content=\"summary_large_image\" \/>\n<meta name=\"twitter:site\" content=\"@FireWarebv\" \/>\n<meta name=\"twitter:label1\" content=\"Dur\u00e9e de lecture estim\u00e9e\" \/>\n\t<meta name=\"twitter:data1\" content=\"2 minutes\" \/>\n<script type=\"application\/ld+json\" class=\"yoast-schema-graph\">{\"@context\":\"https:\\\/\\\/schema.org\",\"@graph\":[{\"@type\":\"WebPage\",\"@id\":\"https:\\\/\\\/www.fireware.nl\\\/fr\\\/product\\\/y-splitter-pour-entraineur-dextinction-vesta\\\/\",\"url\":\"https:\\\/\\\/www.fireware.nl\\\/fr\\\/product\\\/y-splitter-pour-entraineur-dextinction-vesta\\\/\",\"name\":\"Y-splitter pour entra\u00eeneur d\u2019extinction Vesta - FireWare\",\"isPartOf\":{\"@id\":\"https:\\\/\\\/www.fireware.nl\\\/fr\\\/#website\"},\"primaryImageOfPage\":{\"@id\":\"https:\\\/\\\/www.fireware.nl\\\/fr\\\/product\\\/y-splitter-pour-entraineur-dextinction-vesta\\\/#primaryimage\"},\"image\":{\"@id\":\"https:\\\/\\\/www.fireware.nl\\\/fr\\\/product\\\/y-splitter-pour-entraineur-dextinction-vesta\\\/#primaryimage\"},\"thumbnailUrl\":\"https:\\\/\\\/www.fireware.nl\\\/wp-content\\\/uploads\\\/2025\\\/02\\\/20250108-Vesta-Y-splitter-product-fotos_006-008-009-011_web.jpg\",\"datePublished\":\"2025-02-21T15:09:06+00:00\",\"dateModified\":\"2025-03-17T09:41:02+00:00\",\"breadcrumb\":{\"@id\":\"https:\\\/\\\/www.fireware.nl\\\/fr\\\/product\\\/y-splitter-pour-entraineur-dextinction-vesta\\\/#breadcrumb\"},\"inLanguage\":\"fr-FR\",\"potentialAction\":[{\"@type\":\"ReadAction\",\"target\":[\"https:\\\/\\\/www.fireware.nl\\\/fr\\\/product\\\/y-splitter-pour-entraineur-dextinction-vesta\\\/\"]}]},{\"@type\":\"ImageObject\",\"inLanguage\":\"fr-FR\",\"@id\":\"https:\\\/\\\/www.fireware.nl\\\/fr\\\/product\\\/y-splitter-pour-entraineur-dextinction-vesta\\\/#primaryimage\",\"url\":\"https:\\\/\\\/www.fireware.nl\\\/wp-content\\\/uploads\\\/2025\\\/02\\\/20250108-Vesta-Y-splitter-product-fotos_006-008-009-011_web.jpg\",\"contentUrl\":\"https:\\\/\\\/www.fireware.nl\\\/wp-content\\\/uploads\\\/2025\\\/02\\\/20250108-Vesta-Y-splitter-product-fotos_006-008-009-011_web.jpg\",\"width\":600,\"height\":600},{\"@type\":\"BreadcrumbList\",\"@id\":\"https:\\\/\\\/www.fireware.nl\\\/fr\\\/product\\\/y-splitter-pour-entraineur-dextinction-vesta\\\/#breadcrumb\",\"itemListElement\":[{\"@type\":\"ListItem\",\"position\":1,\"name\":\"Home\",\"item\":\"https:\\\/\\\/www.fireware.nl\\\/fr\\\/\"},{\"@type\":\"ListItem\",\"position\":2,\"name\":\"Produits\",\"item\":\"https:\\\/\\\/www.fireware.nl\\\/fr\\\/produits\\\/\"},{\"@type\":\"ListItem\",\"position\":3,\"name\":\"Y-splitter pour entra\u00eeneur d\u2019extinction Vesta\"}]},{\"@type\":\"WebSite\",\"@id\":\"https:\\\/\\\/www.fireware.nl\\\/fr\\\/#website\",\"url\":\"https:\\\/\\\/www.fireware.nl\\\/fr\\\/\",\"name\":\"FireWare\",\"description\":\"CREATING REALISTIC  TRAINING ENVIRONMENTS\",\"publisher\":{\"@id\":\"https:\\\/\\\/www.fireware.nl\\\/fr\\\/#organization\"},\"potentialAction\":[{\"@type\":\"SearchAction\",\"target\":{\"@type\":\"EntryPoint\",\"urlTemplate\":\"https:\\\/\\\/www.fireware.nl\\\/fr\\\/?s={search_term_string}\"},\"query-input\":{\"@type\":\"PropertyValueSpecification\",\"valueRequired\":true,\"valueName\":\"search_term_string\"}}],\"inLanguage\":\"fr-FR\"},{\"@type\":\"Organization\",\"@id\":\"https:\\\/\\\/www.fireware.nl\\\/fr\\\/#organization\",\"name\":\"FireWare\",\"url\":\"https:\\\/\\\/www.fireware.nl\\\/fr\\\/\",\"logo\":{\"@type\":\"ImageObject\",\"inLanguage\":\"fr-FR\",\"@id\":\"https:\\\/\\\/www.fireware.nl\\\/fr\\\/#\\\/schema\\\/logo\\\/image\\\/\",\"url\":\"https:\\\/\\\/www.fireware.nl\\\/wp-content\\\/uploads\\\/2018\\\/10\\\/fireware-logo.png\",\"contentUrl\":\"https:\\\/\\\/www.fireware.nl\\\/wp-content\\\/uploads\\\/2018\\\/10\\\/fireware-logo.png\",\"width\":200,\"height\":86,\"caption\":\"FireWare\"},\"image\":{\"@id\":\"https:\\\/\\\/www.fireware.nl\\\/fr\\\/#\\\/schema\\\/logo\\\/image\\\/\"},\"sameAs\":[\"https:\\\/\\\/www.facebook.com\\\/FireWareBV\\\/\",\"https:\\\/\\\/x.com\\\/FireWarebv\",\"https:\\\/\\\/www.instagram.com\\\/fireware_nl\\\/\",\"https:\\\/\\\/www.linkedin.com\\\/company\\\/3586017\\\/\",\"https:\\\/\\\/www.youtube.com\\\/user\\\/firesalesrentconsult\"]}]}<\/script>\n<!-- \/ Yoast SEO plugin. -->","yoast_head_json":{"title":"Y-splitter pour entra\u00eeneur d\u2019extinction Vesta - FireWare","robots":{"index":"index","follow":"follow","max-snippet":"max-snippet:-1","max-image-preview":"max-image-preview:large","max-video-preview":"max-video-preview:-1"},"canonical":"https:\/\/www.fireware.nl\/fr\/product\/y-splitter-pour-entraineur-dextinction-vesta\/","og_locale":"fr_FR","og_type":"article","og_title":"Y-splitter pour entra\u00eeneur d\u2019extinction Vesta - FireWare","og_description":"Compatible avec les t\u00e9l\u00e9commandes filaires et sans fil.  Id\u00e9al pour les installations (semi-)fixes.  \u00c9quip\u00e9 d\u2019un interrupteur marche\/arr\u00eat pour la t\u00e9l\u00e9commande.  Connecte simultan\u00e9ment la t\u00e9l\u00e9commande et le chargeur.  \u00c9vite toute consommation d\u2019\u00e9nergie inutile.","og_url":"https:\/\/www.fireware.nl\/fr\/product\/y-splitter-pour-entraineur-dextinction-vesta\/","og_site_name":"FireWare","article_publisher":"https:\/\/www.facebook.com\/FireWareBV\/","article_modified_time":"2025-03-17T09:41:02+00:00","og_image":[{"width":600,"height":600,"url":"https:\/\/www.fireware.nl\/wp-content\/uploads\/2025\/02\/20250108-Vesta-Y-splitter-product-fotos_006-008-009-011_web.jpg","type":"image\/jpeg"}],"twitter_card":"summary_large_image","twitter_site":"@FireWarebv","twitter_misc":{"Dur\u00e9e de lecture estim\u00e9e":"2 minutes"},"schema":{"@context":"https:\/\/schema.org","@graph":[{"@type":"WebPage","@id":"https:\/\/www.fireware.nl\/fr\/product\/y-splitter-pour-entraineur-dextinction-vesta\/","url":"https:\/\/www.fireware.nl\/fr\/product\/y-splitter-pour-entraineur-dextinction-vesta\/","name":"Y-splitter pour entra\u00eeneur d\u2019extinction Vesta - FireWare","isPartOf":{"@id":"https:\/\/www.fireware.nl\/fr\/#website"},"primaryImageOfPage":{"@id":"https:\/\/www.fireware.nl\/fr\/product\/y-splitter-pour-entraineur-dextinction-vesta\/#primaryimage"},"image":{"@id":"https:\/\/www.fireware.nl\/fr\/product\/y-splitter-pour-entraineur-dextinction-vesta\/#primaryimage"},"thumbnailUrl":"https:\/\/www.fireware.nl\/wp-content\/uploads\/2025\/02\/20250108-Vesta-Y-splitter-product-fotos_006-008-009-011_web.jpg","datePublished":"2025-02-21T15:09:06+00:00","dateModified":"2025-03-17T09:41:02+00:00","breadcrumb":{"@id":"https:\/\/www.fireware.nl\/fr\/product\/y-splitter-pour-entraineur-dextinction-vesta\/#breadcrumb"},"inLanguage":"fr-FR","potentialAction":[{"@type":"ReadAction","target":["https:\/\/www.fireware.nl\/fr\/product\/y-splitter-pour-entraineur-dextinction-vesta\/"]}]},{"@type":"ImageObject","inLanguage":"fr-FR","@id":"https:\/\/www.fireware.nl\/fr\/product\/y-splitter-pour-entraineur-dextinction-vesta\/#primaryimage","url":"https:\/\/www.fireware.nl\/wp-content\/uploads\/2025\/02\/20250108-Vesta-Y-splitter-product-fotos_006-008-009-011_web.jpg","contentUrl":"https:\/\/www.fireware.nl\/wp-content\/uploads\/2025\/02\/20250108-Vesta-Y-splitter-product-fotos_006-008-009-011_web.jpg","width":600,"height":600},{"@type":"BreadcrumbList","@id":"https:\/\/www.fireware.nl\/fr\/product\/y-splitter-pour-entraineur-dextinction-vesta\/#breadcrumb","itemListElement":[{"@type":"ListItem","position":1,"name":"Home","item":"https:\/\/www.fireware.nl\/fr\/"},{"@type":"ListItem","position":2,"name":"Produits","item":"https:\/\/www.fireware.nl\/fr\/produits\/"},{"@type":"ListItem","position":3,"name":"Y-splitter pour entra\u00eeneur d\u2019extinction Vesta"}]},{"@type":"WebSite","@id":"https:\/\/www.fireware.nl\/fr\/#website","url":"https:\/\/www.fireware.nl\/fr\/","name":"FireWare","description":"CREATING REALISTIC  TRAINING ENVIRONMENTS","publisher":{"@id":"https:\/\/www.fireware.nl\/fr\/#organization"},"potentialAction":[{"@type":"SearchAction","target":{"@type":"EntryPoint","urlTemplate":"https:\/\/www.fireware.nl\/fr\/?s={search_term_string}"},"query-input":{"@type":"PropertyValueSpecification","valueRequired":true,"valueName":"search_term_string"}}],"inLanguage":"fr-FR"},{"@type":"Organization","@id":"https:\/\/www.fireware.nl\/fr\/#organization","name":"FireWare","url":"https:\/\/www.fireware.nl\/fr\/","logo":{"@type":"ImageObject","inLanguage":"fr-FR","@id":"https:\/\/www.fireware.nl\/fr\/#\/schema\/logo\/image\/","url":"https:\/\/www.fireware.nl\/wp-content\/uploads\/2018\/10\/fireware-logo.png","contentUrl":"https:\/\/www.fireware.nl\/wp-content\/uploads\/2018\/10\/fireware-logo.png","width":200,"height":86,"caption":"FireWare"},"image":{"@id":"https:\/\/www.fireware.nl\/fr\/#\/schema\/logo\/image\/"},"sameAs":["https:\/\/www.facebook.com\/FireWareBV\/","https:\/\/x.com\/FireWarebv","https:\/\/www.instagram.com\/fireware_nl\/","https:\/\/www.linkedin.com\/company\/3586017\/","https:\/\/www.youtube.com\/user\/firesalesrentconsult"]}]}},"publishpress_future_workflow_manual_trigger":{"enabledWorkflows":[]},"_links":{"self":[{"href":"https:\/\/www.fireware.nl\/fr\/wp-json\/wp\/v2\/product\/115722","targetHints":{"allow":["GET"]}}],"collection":[{"href":"https:\/\/www.fireware.nl\/fr\/wp-json\/wp\/v2\/product"}],"about":[{"href":"https:\/\/www.fireware.nl\/fr\/wp-json\/wp\/v2\/types\/product"}],"wp:featuredmedia":[{"embeddable":true,"href":"https:\/\/www.fireware.nl\/fr\/wp-json\/wp\/v2\/media\/115694"}],"wp:attachment":[{"href":"https:\/\/www.fireware.nl\/fr\/wp-json\/wp\/v2\/media?parent=115722"}],"wp:term":[{"taxonomy":"product_brand","embeddable":true,"href":"https:\/\/www.fireware.nl\/fr\/wp-json\/wp\/v2\/product_brand?post=115722"},{"taxonomy":"product_cat","embeddable":true,"href":"https:\/\/www.fireware.nl\/fr\/wp-json\/wp\/v2\/product_cat?post=115722"},{"taxonomy":"product_tag","embeddable":true,"href":"https:\/\/www.fireware.nl\/fr\/wp-json\/wp\/v2\/product_tag?post=115722"}],"curies":[{"name":"wp","href":"https:\/\/api.w.org\/{rel}","templated":true}]}}