
{"id":115570,"date":"2025-02-21T15:25:39","date_gmt":"2025-02-21T15:29:24","guid":{"rendered":"https:\/\/www.fireware.nl\/?post_type=product&#038;p=115570"},"modified":"2025-05-21T14:39:04","modified_gmt":"2025-05-21T14:39:04","slug":"mannequin-devacuation-de-blesse","status":"publish","type":"product","link":"https:\/\/www.fireware.nl\/fr\/product\/mannequin-devacuation-de-blesse\/","title":{"rendered":"Mannequin d&#8217;\u00e9vacuation de bless\u00e9"},"content":{"rendered":"<h2 data-start=\"0\" data-end=\"40\">Mannequins d&#8217;entra\u00eenement Ruth Lee<\/h2>\n<p data-start=\"42\" data-end=\"620\">Les mannequins d&#8217;entra\u00eenement Ruth Lee sont con\u00e7us pour un entra\u00eenement r\u00e9aliste et efficace. Reconnus pour leur durabilit\u00e9 et leur polyvalence, ces mannequins sont id\u00e9aux pour former les pompiers, les \u00e9quipes de premiers secours, les services de sauvetage et autres services d&#8217;urgence. Avec les mannequins d&#8217;entra\u00eenement Ruth Lee, vous pouvez simuler des sc\u00e9narios r\u00e9alistes, ce qui permet aux intervenants d&#8217;\u00eatre mieux pr\u00e9par\u00e9s aux situations d&#8217;urgence r\u00e9elles. La gamme comprend des mannequins pour diff\u00e9rents types d&#8217;entra\u00eenement, disponibles en diverses tailles et poids.<\/p>\n<h2 data-start=\"622\" data-end=\"661\">Mannequin d&#8217;\u00c9vacuation de Victime<\/h2>\n<p data-start=\"663\" data-end=\"1070\">Le mannequin d&#8217;\u00e9vacuation de victime a \u00e9t\u00e9 sp\u00e9cialement d\u00e9velopp\u00e9 pour le test de recrutement des pompiers britanniques et le test de condition physique bas\u00e9 sur les r\u00f4les CFOA FireFit. Ce mannequin pr\u00e9sente des proportions r\u00e9alistes d&#8217;un adulte avec une r\u00e9partition anatomiquement correcte du poids, ce qui permet de simuler de mani\u00e8re r\u00e9aliste le transport et la manipulation d&#8217;une victime inconsciente.<\/p>\n<p data-start=\"1072\" data-end=\"1554\">Ce mannequin est \u00e9quip\u00e9 d&#8217;une solide boucle en toile \u00e0 l&#8217;arri\u00e8re pour une manipulation facile, un rangement et un accrochage pour le s\u00e9chage. Il est livr\u00e9 avec des prot\u00e8ge-jambes et des bottes en caoutchouc, qui peuvent \u00eatre facilement remplac\u00e9es en cas d&#8217;usure. De plus, le mod\u00e8le est fabriqu\u00e9 \u00e0 partir du m\u00eame polyester retardateur de flamme utilis\u00e9 dans les gilets balistiques et pare-coupures de la police, ce qui lui conf\u00e8re une r\u00e9sistance accrue et une meilleure durabilit\u00e9.<\/p>\n<p data-start=\"1556\" data-end=\"1829\">Le mannequin est extr\u00eamement robuste et peut r\u00e9sister \u00e0 des conditions extr\u00eames, telles que des chutes de grande hauteur ou d&#8217;\u00eatre \u00e9cras\u00e9 sans subir de dommages. Gr\u00e2ce \u00e0 ses propri\u00e9t\u00e9s hydrofuges, il est adapt\u00e9 pour des entra\u00eenements dans des conditions humides ou sales.<\/p>\n<p data-start=\"1831\" data-end=\"1939\">Des prot\u00e8ge-jambes suppl\u00e9mentaires sont disponibles en option pour prolonger la dur\u00e9e de vie du mannequin.<\/p>\n<p data-start=\"1941\" data-end=\"2070\" data-is-last-node=\"\" data-is-only-node=\"\">Avec ce mannequin, vous pouvez vous entra\u00eener de mani\u00e8re r\u00e9aliste et efficace aux exigences physiques des pompiers britanniques !<\/p>\n","protected":false},"excerpt":{"rendered":"<ul>\n<li data-start=\"0\" data-end=\"85\">Con\u00e7u sp\u00e9cialement pour le test de condition physique des pompiers britanniques<\/li>\n<li data-start=\"86\" data-end=\"128\">Taille : 180 cm, Poids : 55 kg<\/li>\n<li data-start=\"129\" data-end=\"200\">R\u00e9partition r\u00e9aliste du poids simulant une victime inconsciente<\/li>\n<li data-start=\"201\" data-end=\"292\">Sangle en toile r\u00e9sistante pour un transport, un rangement et un accrochage faciles<\/li>\n<li data-start=\"293\" data-end=\"400\">Fabriqu\u00e9 \u00e0 partir de mat\u00e9riau retardateur de flamme et r\u00e9sistant \u00e0 l&#8217;eau, adapt\u00e9 \u00e0 divers sc\u00e9narios<\/li>\n<li data-start=\"401\" data-end=\"484\">Articulations souples du corps pour \u00e9viter les pincements et les ecchymoses<\/li>\n<li data-start=\"485\" data-end=\"573\">Inclus des prot\u00e8ge-jambes et des bottes rempla\u00e7ables pour plus de durabilit\u00e9<\/li>\n<li data-start=\"574\" data-end=\"684\" data-is-last-node=\"\">Extr\u00eamement robuste \u2013 r\u00e9siste aux impacts violents, aux chutes et aux conditions d&#8217;entra\u00eenement extr\u00eames<\/li>\n<\/ul>\n","protected":false},"featured_media":115562,"template":"","meta":[],"product_brand":[],"product_cat":[209],"product_tag":[],"class_list":{"0":"post-115570","1":"product","2":"type-product","3":"status-publish","4":"has-post-thumbnail","6":"product_cat-mannequins-de-la-assistance-technique","8":"first","9":"instock","10":"taxable","11":"shipping-taxable","12":"purchasable","13":"product-type-simple"},"yoast_head":"<!-- This site is optimized with the Yoast SEO plugin v27.4 - https:\/\/yoast.com\/product\/yoast-seo-wordpress\/ -->\n<title>Mannequin d&#039;\u00e9vacuation de bless\u00e9 - FireWare<\/title>\n<meta name=\"robots\" content=\"index, follow, max-snippet:-1, max-image-preview:large, max-video-preview:-1\" \/>\n<link rel=\"canonical\" href=\"https:\/\/www.fireware.nl\/fr\/product\/mannequin-devacuation-de-blesse\/\" \/>\n<meta property=\"og:locale\" content=\"fr_FR\" \/>\n<meta property=\"og:type\" content=\"article\" \/>\n<meta property=\"og:title\" content=\"Mannequin d&#039;\u00e9vacuation de bless\u00e9 - FireWare\" \/>\n<meta property=\"og:description\" content=\"Con\u00e7u sp\u00e9cialement pour le test de condition physique des pompiers britanniques  Taille : 180 cm, Poids : 55 kg  R\u00e9partition r\u00e9aliste du poids simulant une victime inconsciente  Sangle en toile r\u00e9sistante pour un transport, un rangement et un accrochage faciles  Fabriqu\u00e9 \u00e0 partir de mat\u00e9riau retardateur de flamme et r\u00e9sistant \u00e0 l&#039;eau, adapt\u00e9 \u00e0 divers sc\u00e9narios  Articulations souples du corps pour \u00e9viter les pincements et les ecchymoses  Inclus des prot\u00e8ge-jambes et des bottes rempla\u00e7ables pour plus de durabilit\u00e9  Extr\u00eamement robuste \u2013 r\u00e9siste aux impacts violents, aux chutes et aux conditions d&#039;entra\u00eenement extr\u00eames\" \/>\n<meta property=\"og:url\" content=\"https:\/\/www.fireware.nl\/fr\/product\/mannequin-devacuation-de-blesse\/\" \/>\n<meta property=\"og:site_name\" content=\"FireWare\" \/>\n<meta property=\"article:publisher\" content=\"https:\/\/www.facebook.com\/FireWareBV\/\" \/>\n<meta property=\"article:modified_time\" content=\"2025-05-21T14:39:04+00:00\" \/>\n<meta property=\"og:image\" content=\"https:\/\/www.fireware.nl\/wp-content\/uploads\/2025\/02\/Casualty-Evacuation-Manikin_Product_004.jpg\" \/>\n\t<meta property=\"og:image:width\" content=\"600\" \/>\n\t<meta property=\"og:image:height\" content=\"600\" \/>\n\t<meta property=\"og:image:type\" content=\"image\/jpeg\" \/>\n<meta name=\"twitter:card\" content=\"summary_large_image\" \/>\n<meta name=\"twitter:site\" content=\"@FireWarebv\" \/>\n<meta name=\"twitter:label1\" content=\"Dur\u00e9e de lecture estim\u00e9e\" \/>\n\t<meta name=\"twitter:data1\" content=\"2 minutes\" \/>\n<script type=\"application\/ld+json\" class=\"yoast-schema-graph\">{\"@context\":\"https:\\\/\\\/schema.org\",\"@graph\":[{\"@type\":\"WebPage\",\"@id\":\"https:\\\/\\\/www.fireware.nl\\\/fr\\\/product\\\/mannequin-devacuation-de-blesse\\\/\",\"url\":\"https:\\\/\\\/www.fireware.nl\\\/fr\\\/product\\\/mannequin-devacuation-de-blesse\\\/\",\"name\":\"Mannequin d'\u00e9vacuation de bless\u00e9 - FireWare\",\"isPartOf\":{\"@id\":\"https:\\\/\\\/www.fireware.nl\\\/fr\\\/#website\"},\"primaryImageOfPage\":{\"@id\":\"https:\\\/\\\/www.fireware.nl\\\/fr\\\/product\\\/mannequin-devacuation-de-blesse\\\/#primaryimage\"},\"image\":{\"@id\":\"https:\\\/\\\/www.fireware.nl\\\/fr\\\/product\\\/mannequin-devacuation-de-blesse\\\/#primaryimage\"},\"thumbnailUrl\":\"https:\\\/\\\/www.fireware.nl\\\/wp-content\\\/uploads\\\/2025\\\/02\\\/Casualty-Evacuation-Manikin_Product_004.jpg\",\"datePublished\":\"2025-02-21T15:29:24+00:00\",\"dateModified\":\"2025-05-21T14:39:04+00:00\",\"breadcrumb\":{\"@id\":\"https:\\\/\\\/www.fireware.nl\\\/fr\\\/product\\\/mannequin-devacuation-de-blesse\\\/#breadcrumb\"},\"inLanguage\":\"fr-FR\",\"potentialAction\":[{\"@type\":\"ReadAction\",\"target\":[\"https:\\\/\\\/www.fireware.nl\\\/fr\\\/product\\\/mannequin-devacuation-de-blesse\\\/\"]}]},{\"@type\":\"ImageObject\",\"inLanguage\":\"fr-FR\",\"@id\":\"https:\\\/\\\/www.fireware.nl\\\/fr\\\/product\\\/mannequin-devacuation-de-blesse\\\/#primaryimage\",\"url\":\"https:\\\/\\\/www.fireware.nl\\\/wp-content\\\/uploads\\\/2025\\\/02\\\/Casualty-Evacuation-Manikin_Product_004.jpg\",\"contentUrl\":\"https:\\\/\\\/www.fireware.nl\\\/wp-content\\\/uploads\\\/2025\\\/02\\\/Casualty-Evacuation-Manikin_Product_004.jpg\",\"width\":600,\"height\":600},{\"@type\":\"BreadcrumbList\",\"@id\":\"https:\\\/\\\/www.fireware.nl\\\/fr\\\/product\\\/mannequin-devacuation-de-blesse\\\/#breadcrumb\",\"itemListElement\":[{\"@type\":\"ListItem\",\"position\":1,\"name\":\"Home\",\"item\":\"https:\\\/\\\/www.fireware.nl\\\/fr\\\/\"},{\"@type\":\"ListItem\",\"position\":2,\"name\":\"Produits\",\"item\":\"https:\\\/\\\/www.fireware.nl\\\/fr\\\/produits\\\/\"},{\"@type\":\"ListItem\",\"position\":3,\"name\":\"Mannequin d&#8217;\u00e9vacuation de bless\u00e9\"}]},{\"@type\":\"WebSite\",\"@id\":\"https:\\\/\\\/www.fireware.nl\\\/fr\\\/#website\",\"url\":\"https:\\\/\\\/www.fireware.nl\\\/fr\\\/\",\"name\":\"FireWare\",\"description\":\"CREATING REALISTIC  TRAINING ENVIRONMENTS\",\"publisher\":{\"@id\":\"https:\\\/\\\/www.fireware.nl\\\/fr\\\/#organization\"},\"potentialAction\":[{\"@type\":\"SearchAction\",\"target\":{\"@type\":\"EntryPoint\",\"urlTemplate\":\"https:\\\/\\\/www.fireware.nl\\\/fr\\\/?s={search_term_string}\"},\"query-input\":{\"@type\":\"PropertyValueSpecification\",\"valueRequired\":true,\"valueName\":\"search_term_string\"}}],\"inLanguage\":\"fr-FR\"},{\"@type\":\"Organization\",\"@id\":\"https:\\\/\\\/www.fireware.nl\\\/fr\\\/#organization\",\"name\":\"FireWare\",\"url\":\"https:\\\/\\\/www.fireware.nl\\\/fr\\\/\",\"logo\":{\"@type\":\"ImageObject\",\"inLanguage\":\"fr-FR\",\"@id\":\"https:\\\/\\\/www.fireware.nl\\\/fr\\\/#\\\/schema\\\/logo\\\/image\\\/\",\"url\":\"https:\\\/\\\/www.fireware.nl\\\/wp-content\\\/uploads\\\/2018\\\/10\\\/fireware-logo.png\",\"contentUrl\":\"https:\\\/\\\/www.fireware.nl\\\/wp-content\\\/uploads\\\/2018\\\/10\\\/fireware-logo.png\",\"width\":200,\"height\":86,\"caption\":\"FireWare\"},\"image\":{\"@id\":\"https:\\\/\\\/www.fireware.nl\\\/fr\\\/#\\\/schema\\\/logo\\\/image\\\/\"},\"sameAs\":[\"https:\\\/\\\/www.facebook.com\\\/FireWareBV\\\/\",\"https:\\\/\\\/x.com\\\/FireWarebv\",\"https:\\\/\\\/www.instagram.com\\\/fireware_nl\\\/\",\"https:\\\/\\\/www.linkedin.com\\\/company\\\/3586017\\\/\",\"https:\\\/\\\/www.youtube.com\\\/user\\\/firesalesrentconsult\"]}]}<\/script>\n<!-- \/ Yoast SEO plugin. -->","yoast_head_json":{"title":"Mannequin d'\u00e9vacuation de bless\u00e9 - FireWare","robots":{"index":"index","follow":"follow","max-snippet":"max-snippet:-1","max-image-preview":"max-image-preview:large","max-video-preview":"max-video-preview:-1"},"canonical":"https:\/\/www.fireware.nl\/fr\/product\/mannequin-devacuation-de-blesse\/","og_locale":"fr_FR","og_type":"article","og_title":"Mannequin d'\u00e9vacuation de bless\u00e9 - FireWare","og_description":"Con\u00e7u sp\u00e9cialement pour le test de condition physique des pompiers britanniques  Taille : 180 cm, Poids : 55 kg  R\u00e9partition r\u00e9aliste du poids simulant une victime inconsciente  Sangle en toile r\u00e9sistante pour un transport, un rangement et un accrochage faciles  Fabriqu\u00e9 \u00e0 partir de mat\u00e9riau retardateur de flamme et r\u00e9sistant \u00e0 l'eau, adapt\u00e9 \u00e0 divers sc\u00e9narios  Articulations souples du corps pour \u00e9viter les pincements et les ecchymoses  Inclus des prot\u00e8ge-jambes et des bottes rempla\u00e7ables pour plus de durabilit\u00e9  Extr\u00eamement robuste \u2013 r\u00e9siste aux impacts violents, aux chutes et aux conditions d'entra\u00eenement extr\u00eames","og_url":"https:\/\/www.fireware.nl\/fr\/product\/mannequin-devacuation-de-blesse\/","og_site_name":"FireWare","article_publisher":"https:\/\/www.facebook.com\/FireWareBV\/","article_modified_time":"2025-05-21T14:39:04+00:00","og_image":[{"width":600,"height":600,"url":"https:\/\/www.fireware.nl\/wp-content\/uploads\/2025\/02\/Casualty-Evacuation-Manikin_Product_004.jpg","type":"image\/jpeg"}],"twitter_card":"summary_large_image","twitter_site":"@FireWarebv","twitter_misc":{"Dur\u00e9e de lecture estim\u00e9e":"2 minutes"},"schema":{"@context":"https:\/\/schema.org","@graph":[{"@type":"WebPage","@id":"https:\/\/www.fireware.nl\/fr\/product\/mannequin-devacuation-de-blesse\/","url":"https:\/\/www.fireware.nl\/fr\/product\/mannequin-devacuation-de-blesse\/","name":"Mannequin d'\u00e9vacuation de bless\u00e9 - FireWare","isPartOf":{"@id":"https:\/\/www.fireware.nl\/fr\/#website"},"primaryImageOfPage":{"@id":"https:\/\/www.fireware.nl\/fr\/product\/mannequin-devacuation-de-blesse\/#primaryimage"},"image":{"@id":"https:\/\/www.fireware.nl\/fr\/product\/mannequin-devacuation-de-blesse\/#primaryimage"},"thumbnailUrl":"https:\/\/www.fireware.nl\/wp-content\/uploads\/2025\/02\/Casualty-Evacuation-Manikin_Product_004.jpg","datePublished":"2025-02-21T15:29:24+00:00","dateModified":"2025-05-21T14:39:04+00:00","breadcrumb":{"@id":"https:\/\/www.fireware.nl\/fr\/product\/mannequin-devacuation-de-blesse\/#breadcrumb"},"inLanguage":"fr-FR","potentialAction":[{"@type":"ReadAction","target":["https:\/\/www.fireware.nl\/fr\/product\/mannequin-devacuation-de-blesse\/"]}]},{"@type":"ImageObject","inLanguage":"fr-FR","@id":"https:\/\/www.fireware.nl\/fr\/product\/mannequin-devacuation-de-blesse\/#primaryimage","url":"https:\/\/www.fireware.nl\/wp-content\/uploads\/2025\/02\/Casualty-Evacuation-Manikin_Product_004.jpg","contentUrl":"https:\/\/www.fireware.nl\/wp-content\/uploads\/2025\/02\/Casualty-Evacuation-Manikin_Product_004.jpg","width":600,"height":600},{"@type":"BreadcrumbList","@id":"https:\/\/www.fireware.nl\/fr\/product\/mannequin-devacuation-de-blesse\/#breadcrumb","itemListElement":[{"@type":"ListItem","position":1,"name":"Home","item":"https:\/\/www.fireware.nl\/fr\/"},{"@type":"ListItem","position":2,"name":"Produits","item":"https:\/\/www.fireware.nl\/fr\/produits\/"},{"@type":"ListItem","position":3,"name":"Mannequin d&#8217;\u00e9vacuation de bless\u00e9"}]},{"@type":"WebSite","@id":"https:\/\/www.fireware.nl\/fr\/#website","url":"https:\/\/www.fireware.nl\/fr\/","name":"FireWare","description":"CREATING REALISTIC  TRAINING ENVIRONMENTS","publisher":{"@id":"https:\/\/www.fireware.nl\/fr\/#organization"},"potentialAction":[{"@type":"SearchAction","target":{"@type":"EntryPoint","urlTemplate":"https:\/\/www.fireware.nl\/fr\/?s={search_term_string}"},"query-input":{"@type":"PropertyValueSpecification","valueRequired":true,"valueName":"search_term_string"}}],"inLanguage":"fr-FR"},{"@type":"Organization","@id":"https:\/\/www.fireware.nl\/fr\/#organization","name":"FireWare","url":"https:\/\/www.fireware.nl\/fr\/","logo":{"@type":"ImageObject","inLanguage":"fr-FR","@id":"https:\/\/www.fireware.nl\/fr\/#\/schema\/logo\/image\/","url":"https:\/\/www.fireware.nl\/wp-content\/uploads\/2018\/10\/fireware-logo.png","contentUrl":"https:\/\/www.fireware.nl\/wp-content\/uploads\/2018\/10\/fireware-logo.png","width":200,"height":86,"caption":"FireWare"},"image":{"@id":"https:\/\/www.fireware.nl\/fr\/#\/schema\/logo\/image\/"},"sameAs":["https:\/\/www.facebook.com\/FireWareBV\/","https:\/\/x.com\/FireWarebv","https:\/\/www.instagram.com\/fireware_nl\/","https:\/\/www.linkedin.com\/company\/3586017\/","https:\/\/www.youtube.com\/user\/firesalesrentconsult"]}]}},"publishpress_future_workflow_manual_trigger":{"enabledWorkflows":[]},"_links":{"self":[{"href":"https:\/\/www.fireware.nl\/fr\/wp-json\/wp\/v2\/product\/115570","targetHints":{"allow":["GET"]}}],"collection":[{"href":"https:\/\/www.fireware.nl\/fr\/wp-json\/wp\/v2\/product"}],"about":[{"href":"https:\/\/www.fireware.nl\/fr\/wp-json\/wp\/v2\/types\/product"}],"wp:featuredmedia":[{"embeddable":true,"href":"https:\/\/www.fireware.nl\/fr\/wp-json\/wp\/v2\/media\/115562"}],"wp:attachment":[{"href":"https:\/\/www.fireware.nl\/fr\/wp-json\/wp\/v2\/media?parent=115570"}],"wp:term":[{"taxonomy":"product_brand","embeddable":true,"href":"https:\/\/www.fireware.nl\/fr\/wp-json\/wp\/v2\/product_brand?post=115570"},{"taxonomy":"product_cat","embeddable":true,"href":"https:\/\/www.fireware.nl\/fr\/wp-json\/wp\/v2\/product_cat?post=115570"},{"taxonomy":"product_tag","embeddable":true,"href":"https:\/\/www.fireware.nl\/fr\/wp-json\/wp\/v2\/product_tag?post=115570"}],"curies":[{"name":"wp","href":"https:\/\/api.w.org\/{rel}","templated":true}]}}