
{"id":100450,"date":"2024-09-05T12:10:04","date_gmt":"2024-09-10T13:52:29","guid":{"rendered":"https:\/\/www.fireware.nl\/?post_type=product&#038;p=100450"},"modified":"2025-06-02T07:19:15","modified_gmt":"2025-06-02T07:19:15","slug":"kit-dentrainement-ibgs-cbrne","status":"publish","type":"product","link":"https:\/\/www.fireware.nl\/fr\/product\/kit-dentrainement-nrbc\/","title":{"rendered":"Kit d&#8217;entra\u00eenement NRBC"},"content":{"rendered":"\r\n<p>Tout ce dont vous avez besoin pour votre mise en sc\u00e8ne NRBC tient dans une seule caisse. Avec cet ensemble, vous pouvez facilement simuler une vari\u00e9t\u00e9 d&#8217;incidents impliquant des mati\u00e8res dangereuses.<\/p>\r\n<h2>Mise en sc\u00e8ne pour la gestion des incidents avec des mati\u00e8res dangereuses<\/h2>\r\n<p>Il n&#8217;est pas toujours facile d&#8217;int\u00e9grer les objectifs d&#8217;apprentissage li\u00e9s aux accidents impliquant des mati\u00e8res dangereuses dans des sc\u00e9narios int\u00e9ressants. Souvent, cela se limite \u00e0 des entra\u00eenements de proc\u00e9dures. En rendant la situation de danger plus r\u00e9aliste, vous pouvez atteindre davantage d&#8217;objectifs p\u00e9dagogiques. FireWare propose une gamme de produits con\u00e7us pour aider les intervenants \u00e0 s&#8217;entra\u00eener dans des situations r\u00e9alistes, regroup\u00e9s dans un kit d&#8217;entra\u00eenement complet.<\/p>\r\n<h2>R\u00e9alisme<\/h2>\r\n<p>Quand les intervenants croient que la formation est r\u00e9elle, elle devient plus efficace. Une simulation r\u00e9aliste des dangers d\u00e9clenche la tension et l&#8217;engagement n\u00e9cessaires, offrant ainsi une concentration accrue et des d\u00e9fis authentiques. Assurez-vous que les produits chimiques ressemblent et sentent comme dans la r\u00e9alit\u00e9. Utilisez des panneaux d&#8217;avertissement authentiques au lieu de simples cartons avec des inscriptions. Ainsi, les participants sont compl\u00e8tement immerg\u00e9s dans l&#8217;incident sans \u00eatre distraits par des accessoires irr\u00e9alistes. FireWare vous facilite cette t\u00e2che.<\/p>\r\n<h2>Couleur et odeur<\/h2>\r\n<p>Pour simuler des substances chimiques ou des \u00e9manations, nous fournissons 6 liquides color\u00e9s et des cartouches de fum\u00e9e dans 6 couleurs diff\u00e9rentes. De plus, le kit contient un spray odorant chimique pour renforcer le r\u00e9alisme. Plus vous stimulez les sens, plus la simulation devient convaincante.<\/p>\r\n<h2>\u00c9tiquetage magn\u00e9tique pour le transport<\/h2>\r\n<p>Avec les kits magn\u00e9tiques, vous pouvez facilement apposer les marquages n\u00e9cessaires sur des v\u00e9hicules ou des conteneurs. Les symboles de danger GHS, une plaque ADR r\u00e9aliste (plaque Kemler) et un ensemble complet pour cr\u00e9er un losange de danger NFPA sont inclus. Ces outils permettent de sensibiliser les intervenants aux dangers de mani\u00e8re r\u00e9aliste et vari\u00e9e.<\/p>\r\n<h2>Contenu<\/h2>\r\n<p>Tous les outils d&#8217;entra\u00eenement sont fournis dans une caisse de transport robuste.<\/p>\r\n<p>Le kit comprend :<\/p>\r\n<ul>\r\n<li><a href=\"https:\/\/www.fireware.nl\/fr\/product\/jeu-de-numeros-adr-magnetique\/\" target=\"_blank\" rel=\"noopener\">Jeu de num\u00e9ros ADR magn\u00e9tique<\/a>\r\n<ul>\r\n<li>Inclus : caisse en plastique de 40 x 30 x 8 cm<\/li>\r\n<\/ul>\r\n<\/li>\r\n<li><a href=\"https:\/\/www.fireware.nl\/fr\/product\/feu-diamant-nfpa-le-kit-magnetique\/\" target=\"_blank\" rel=\"noopener\">Feu Diamant (NFPA), le kit magn\u00e9tique<\/a>\r\n<ul>\r\n<li>Inclus : caisse en plastique de 40 x 30 x 8 cm<\/li>\r\n<\/ul>\r\n<\/li>\r\n<li><a href=\"https:\/\/www.fireware.nl\/fr\/produit\/serie-de-symboles-de-danger-magnetiques\/\" target=\"_blank\" rel=\"noopener\">S\u00e9rie de symboles de Danger magn\u00e9tique<\/a>\r\n<ul>\r\n<li>Inclus : caisse en plastique de 40 x 30 x 8 cm<\/li>\r\n<\/ul>\r\n<\/li>\r\n<li><a href=\"https:\/\/www.fireware.nl\/fr\/produit\/chemical-smell-spray\/\" target=\"_blank\" rel=\"noopener\">Chemical Smell Spray<\/a><\/li>\r\n<li><a href=\"https:\/\/www.fireware.nl\/fr\/product\/cartouche-de-fumee-coloree\/\" target=\"_blank\" rel=\"noopener\">Cartouche de fum\u00e9e color\u00e9e<\/a>\r\n<ul>\r\n<li>5 bleues<\/li>\r\n<li>5 grises<\/li>\r\n<li>5 jaunes<\/li>\r\n<li>5 vertes<\/li>\r\n<li>5 oranges<\/li>\r\n<li>5 rouges<\/li>\r\n<\/ul>\r\n<\/li>\r\n<li><a href=\"https:\/\/www.fireware.nl\/fr\/produit\/ensemble-de-liquides-de-couleur\/\" target=\"_blank\" rel=\"noopener\">Ensemble de liquides de couleur<\/a>\r\n<ul>\r\n<li>Jaune<\/li>\r\n<li>Vert<\/li>\r\n<li>Bleu<\/li>\r\n<li>Rouge<\/li>\r\n<li>Noir<\/li>\r\n<li>Blanc<\/li>\r\n<li>Inclus : caisse en plastique de 30 x 20 x 22 cm<\/li>\r\n<\/ul>\r\n<\/li>\r\n<li>Caisse en plastique FireWare (40 x 60 x 44 cm)<\/li>\r\n<\/ul>\r\n<p><strong>Int\u00e9ress\u00e9 par nos autres kits d&#8217;entra\u00eenement ? Cliquez <a href=\"https:\/\/www.fireware.nl\/fr\/product-categorie\/ensembles-dexercices\/\" target=\"_blank\" rel=\"noopener\">ici<\/a> !<\/strong><\/p>\r\n<h2>Regarder la vid\u00e9o<\/h2>\r\n<p><iframe src=\"https:\/\/player.vimeo.com\/video\/1056790253?hl=nl&amp;cc_lang_pref=nl&amp;cc_load_policy=1\" width=\"1920\" height=\"1080\" frameborder=\"0\" allowfullscreen=\"allowfullscreen\"><\/iframe><\/p>\r\n","protected":false},"excerpt":{"rendered":"<ul>\n<li>Mise en sc\u00e8ne facile et rapide avec des mati\u00e8res dangereuses<\/li>\n<li>Formation efficace gr\u00e2ce \u00e0 des sc\u00e9narios r\u00e9alistes de danger<\/li>\n<li>Ensembles magn\u00e9tiques pour le marquage des transports (ADR, NFPA et plaque Kemler)<\/li>\n<li>6 x Liquides colorants<\/li>\n<li>6 x Cartouches de fum\u00e9e<\/li>\n<li>Spray odorant pour un r\u00e9alisme accru<\/li>\n<\/ul>\n","protected":false},"featured_media":100177,"template":"","meta":[],"product_brand":[],"product_cat":[3685,218],"product_tag":[],"class_list":{"0":"post-100450","1":"product","2":"type-product","3":"status-publish","4":"has-post-thumbnail","6":"product_cat-ensembles-dexercices","7":"product_cat-nbrce","9":"first","10":"instock","11":"taxable","12":"shipping-taxable","13":"purchasable","14":"product-type-simple"},"yoast_head":"<!-- This site is optimized with the Yoast SEO plugin v27.4 - https:\/\/yoast.com\/product\/yoast-seo-wordpress\/ -->\n<title>Kit d&#039;entra\u00eenement NRBC - FireWare<\/title>\n<meta name=\"robots\" content=\"index, follow, max-snippet:-1, max-image-preview:large, max-video-preview:-1\" \/>\n<link rel=\"canonical\" href=\"https:\/\/www.fireware.nl\/fr\/product\/kit-dentrainement-nrbc\/\" \/>\n<meta property=\"og:locale\" content=\"fr_FR\" \/>\n<meta property=\"og:type\" content=\"article\" \/>\n<meta property=\"og:title\" content=\"Kit d&#039;entra\u00eenement NRBC - FireWare\" \/>\n<meta property=\"og:description\" content=\"Mise en sc\u00e8ne facile et rapide avec des mati\u00e8res dangereuses Formation efficace gr\u00e2ce \u00e0 des sc\u00e9narios r\u00e9alistes de danger Ensembles magn\u00e9tiques pour le marquage des transports (ADR, NFPA et plaque Kemler) 6 x Liquides colorants 6 x Cartouches de fum\u00e9e Spray odorant pour un r\u00e9alisme accru\" \/>\n<meta property=\"og:url\" content=\"https:\/\/www.fireware.nl\/fr\/product\/kit-dentrainement-nrbc\/\" \/>\n<meta property=\"og:site_name\" content=\"FireWare\" \/>\n<meta property=\"article:publisher\" content=\"https:\/\/www.facebook.com\/FireWareBV\/\" \/>\n<meta property=\"article:modified_time\" content=\"2025-06-02T07:19:15+00:00\" \/>\n<meta property=\"og:image\" content=\"https:\/\/www.fireware.nl\/wp-content\/uploads\/2024\/09\/20240809-IBGS-Oefenset_003_004_web.jpg\" \/>\n\t<meta property=\"og:image:width\" content=\"600\" \/>\n\t<meta property=\"og:image:height\" content=\"600\" \/>\n\t<meta property=\"og:image:type\" content=\"image\/jpeg\" \/>\n<meta name=\"twitter:card\" content=\"summary_large_image\" \/>\n<meta name=\"twitter:site\" content=\"@FireWarebv\" \/>\n<meta name=\"twitter:label1\" content=\"Dur\u00e9e de lecture estim\u00e9e\" \/>\n\t<meta name=\"twitter:data1\" content=\"3 minutes\" \/>\n<script type=\"application\/ld+json\" class=\"yoast-schema-graph\">{\"@context\":\"https:\\\/\\\/schema.org\",\"@graph\":[{\"@type\":\"WebPage\",\"@id\":\"https:\\\/\\\/www.fireware.nl\\\/fr\\\/product\\\/kit-dentrainement-nrbc\\\/\",\"url\":\"https:\\\/\\\/www.fireware.nl\\\/fr\\\/product\\\/kit-dentrainement-nrbc\\\/\",\"name\":\"Kit d'entra\u00eenement NRBC - FireWare\",\"isPartOf\":{\"@id\":\"https:\\\/\\\/www.fireware.nl\\\/fr\\\/#website\"},\"primaryImageOfPage\":{\"@id\":\"https:\\\/\\\/www.fireware.nl\\\/fr\\\/product\\\/kit-dentrainement-nrbc\\\/#primaryimage\"},\"image\":{\"@id\":\"https:\\\/\\\/www.fireware.nl\\\/fr\\\/product\\\/kit-dentrainement-nrbc\\\/#primaryimage\"},\"thumbnailUrl\":\"https:\\\/\\\/www.fireware.nl\\\/wp-content\\\/uploads\\\/2024\\\/09\\\/20240809-IBGS-Oefenset_003_004_web.jpg\",\"datePublished\":\"2024-09-10T13:52:29+00:00\",\"dateModified\":\"2025-06-02T07:19:15+00:00\",\"breadcrumb\":{\"@id\":\"https:\\\/\\\/www.fireware.nl\\\/fr\\\/product\\\/kit-dentrainement-nrbc\\\/#breadcrumb\"},\"inLanguage\":\"fr-FR\",\"potentialAction\":[{\"@type\":\"ReadAction\",\"target\":[\"https:\\\/\\\/www.fireware.nl\\\/fr\\\/product\\\/kit-dentrainement-nrbc\\\/\"]}]},{\"@type\":\"ImageObject\",\"inLanguage\":\"fr-FR\",\"@id\":\"https:\\\/\\\/www.fireware.nl\\\/fr\\\/product\\\/kit-dentrainement-nrbc\\\/#primaryimage\",\"url\":\"https:\\\/\\\/www.fireware.nl\\\/wp-content\\\/uploads\\\/2024\\\/09\\\/20240809-IBGS-Oefenset_003_004_web.jpg\",\"contentUrl\":\"https:\\\/\\\/www.fireware.nl\\\/wp-content\\\/uploads\\\/2024\\\/09\\\/20240809-IBGS-Oefenset_003_004_web.jpg\",\"width\":600,\"height\":600},{\"@type\":\"BreadcrumbList\",\"@id\":\"https:\\\/\\\/www.fireware.nl\\\/fr\\\/product\\\/kit-dentrainement-nrbc\\\/#breadcrumb\",\"itemListElement\":[{\"@type\":\"ListItem\",\"position\":1,\"name\":\"Home\",\"item\":\"https:\\\/\\\/www.fireware.nl\\\/fr\\\/\"},{\"@type\":\"ListItem\",\"position\":2,\"name\":\"Produits\",\"item\":\"https:\\\/\\\/www.fireware.nl\\\/fr\\\/produits\\\/\"},{\"@type\":\"ListItem\",\"position\":3,\"name\":\"Kit d&#8217;entra\u00eenement NRBC\"}]},{\"@type\":\"WebSite\",\"@id\":\"https:\\\/\\\/www.fireware.nl\\\/fr\\\/#website\",\"url\":\"https:\\\/\\\/www.fireware.nl\\\/fr\\\/\",\"name\":\"FireWare\",\"description\":\"CREATING REALISTIC  TRAINING ENVIRONMENTS\",\"publisher\":{\"@id\":\"https:\\\/\\\/www.fireware.nl\\\/fr\\\/#organization\"},\"potentialAction\":[{\"@type\":\"SearchAction\",\"target\":{\"@type\":\"EntryPoint\",\"urlTemplate\":\"https:\\\/\\\/www.fireware.nl\\\/fr\\\/?s={search_term_string}\"},\"query-input\":{\"@type\":\"PropertyValueSpecification\",\"valueRequired\":true,\"valueName\":\"search_term_string\"}}],\"inLanguage\":\"fr-FR\"},{\"@type\":\"Organization\",\"@id\":\"https:\\\/\\\/www.fireware.nl\\\/fr\\\/#organization\",\"name\":\"FireWare\",\"url\":\"https:\\\/\\\/www.fireware.nl\\\/fr\\\/\",\"logo\":{\"@type\":\"ImageObject\",\"inLanguage\":\"fr-FR\",\"@id\":\"https:\\\/\\\/www.fireware.nl\\\/fr\\\/#\\\/schema\\\/logo\\\/image\\\/\",\"url\":\"https:\\\/\\\/www.fireware.nl\\\/wp-content\\\/uploads\\\/2018\\\/10\\\/fireware-logo.png\",\"contentUrl\":\"https:\\\/\\\/www.fireware.nl\\\/wp-content\\\/uploads\\\/2018\\\/10\\\/fireware-logo.png\",\"width\":200,\"height\":86,\"caption\":\"FireWare\"},\"image\":{\"@id\":\"https:\\\/\\\/www.fireware.nl\\\/fr\\\/#\\\/schema\\\/logo\\\/image\\\/\"},\"sameAs\":[\"https:\\\/\\\/www.facebook.com\\\/FireWareBV\\\/\",\"https:\\\/\\\/x.com\\\/FireWarebv\",\"https:\\\/\\\/www.instagram.com\\\/fireware_nl\\\/\",\"https:\\\/\\\/www.linkedin.com\\\/company\\\/3586017\\\/\",\"https:\\\/\\\/www.youtube.com\\\/user\\\/firesalesrentconsult\"]}]}<\/script>\n<!-- \/ Yoast SEO plugin. -->","yoast_head_json":{"title":"Kit d'entra\u00eenement NRBC - FireWare","robots":{"index":"index","follow":"follow","max-snippet":"max-snippet:-1","max-image-preview":"max-image-preview:large","max-video-preview":"max-video-preview:-1"},"canonical":"https:\/\/www.fireware.nl\/fr\/product\/kit-dentrainement-nrbc\/","og_locale":"fr_FR","og_type":"article","og_title":"Kit d'entra\u00eenement NRBC - FireWare","og_description":"Mise en sc\u00e8ne facile et rapide avec des mati\u00e8res dangereuses Formation efficace gr\u00e2ce \u00e0 des sc\u00e9narios r\u00e9alistes de danger Ensembles magn\u00e9tiques pour le marquage des transports (ADR, NFPA et plaque Kemler) 6 x Liquides colorants 6 x Cartouches de fum\u00e9e Spray odorant pour un r\u00e9alisme accru","og_url":"https:\/\/www.fireware.nl\/fr\/product\/kit-dentrainement-nrbc\/","og_site_name":"FireWare","article_publisher":"https:\/\/www.facebook.com\/FireWareBV\/","article_modified_time":"2025-06-02T07:19:15+00:00","og_image":[{"width":600,"height":600,"url":"https:\/\/www.fireware.nl\/wp-content\/uploads\/2024\/09\/20240809-IBGS-Oefenset_003_004_web.jpg","type":"image\/jpeg"}],"twitter_card":"summary_large_image","twitter_site":"@FireWarebv","twitter_misc":{"Dur\u00e9e de lecture estim\u00e9e":"3 minutes"},"schema":{"@context":"https:\/\/schema.org","@graph":[{"@type":"WebPage","@id":"https:\/\/www.fireware.nl\/fr\/product\/kit-dentrainement-nrbc\/","url":"https:\/\/www.fireware.nl\/fr\/product\/kit-dentrainement-nrbc\/","name":"Kit d'entra\u00eenement NRBC - FireWare","isPartOf":{"@id":"https:\/\/www.fireware.nl\/fr\/#website"},"primaryImageOfPage":{"@id":"https:\/\/www.fireware.nl\/fr\/product\/kit-dentrainement-nrbc\/#primaryimage"},"image":{"@id":"https:\/\/www.fireware.nl\/fr\/product\/kit-dentrainement-nrbc\/#primaryimage"},"thumbnailUrl":"https:\/\/www.fireware.nl\/wp-content\/uploads\/2024\/09\/20240809-IBGS-Oefenset_003_004_web.jpg","datePublished":"2024-09-10T13:52:29+00:00","dateModified":"2025-06-02T07:19:15+00:00","breadcrumb":{"@id":"https:\/\/www.fireware.nl\/fr\/product\/kit-dentrainement-nrbc\/#breadcrumb"},"inLanguage":"fr-FR","potentialAction":[{"@type":"ReadAction","target":["https:\/\/www.fireware.nl\/fr\/product\/kit-dentrainement-nrbc\/"]}]},{"@type":"ImageObject","inLanguage":"fr-FR","@id":"https:\/\/www.fireware.nl\/fr\/product\/kit-dentrainement-nrbc\/#primaryimage","url":"https:\/\/www.fireware.nl\/wp-content\/uploads\/2024\/09\/20240809-IBGS-Oefenset_003_004_web.jpg","contentUrl":"https:\/\/www.fireware.nl\/wp-content\/uploads\/2024\/09\/20240809-IBGS-Oefenset_003_004_web.jpg","width":600,"height":600},{"@type":"BreadcrumbList","@id":"https:\/\/www.fireware.nl\/fr\/product\/kit-dentrainement-nrbc\/#breadcrumb","itemListElement":[{"@type":"ListItem","position":1,"name":"Home","item":"https:\/\/www.fireware.nl\/fr\/"},{"@type":"ListItem","position":2,"name":"Produits","item":"https:\/\/www.fireware.nl\/fr\/produits\/"},{"@type":"ListItem","position":3,"name":"Kit d&#8217;entra\u00eenement NRBC"}]},{"@type":"WebSite","@id":"https:\/\/www.fireware.nl\/fr\/#website","url":"https:\/\/www.fireware.nl\/fr\/","name":"FireWare","description":"CREATING REALISTIC  TRAINING ENVIRONMENTS","publisher":{"@id":"https:\/\/www.fireware.nl\/fr\/#organization"},"potentialAction":[{"@type":"SearchAction","target":{"@type":"EntryPoint","urlTemplate":"https:\/\/www.fireware.nl\/fr\/?s={search_term_string}"},"query-input":{"@type":"PropertyValueSpecification","valueRequired":true,"valueName":"search_term_string"}}],"inLanguage":"fr-FR"},{"@type":"Organization","@id":"https:\/\/www.fireware.nl\/fr\/#organization","name":"FireWare","url":"https:\/\/www.fireware.nl\/fr\/","logo":{"@type":"ImageObject","inLanguage":"fr-FR","@id":"https:\/\/www.fireware.nl\/fr\/#\/schema\/logo\/image\/","url":"https:\/\/www.fireware.nl\/wp-content\/uploads\/2018\/10\/fireware-logo.png","contentUrl":"https:\/\/www.fireware.nl\/wp-content\/uploads\/2018\/10\/fireware-logo.png","width":200,"height":86,"caption":"FireWare"},"image":{"@id":"https:\/\/www.fireware.nl\/fr\/#\/schema\/logo\/image\/"},"sameAs":["https:\/\/www.facebook.com\/FireWareBV\/","https:\/\/x.com\/FireWarebv","https:\/\/www.instagram.com\/fireware_nl\/","https:\/\/www.linkedin.com\/company\/3586017\/","https:\/\/www.youtube.com\/user\/firesalesrentconsult"]}]}},"publishpress_future_workflow_manual_trigger":{"enabledWorkflows":[]},"_links":{"self":[{"href":"https:\/\/www.fireware.nl\/fr\/wp-json\/wp\/v2\/product\/100450","targetHints":{"allow":["GET"]}}],"collection":[{"href":"https:\/\/www.fireware.nl\/fr\/wp-json\/wp\/v2\/product"}],"about":[{"href":"https:\/\/www.fireware.nl\/fr\/wp-json\/wp\/v2\/types\/product"}],"wp:featuredmedia":[{"embeddable":true,"href":"https:\/\/www.fireware.nl\/fr\/wp-json\/wp\/v2\/media\/100177"}],"wp:attachment":[{"href":"https:\/\/www.fireware.nl\/fr\/wp-json\/wp\/v2\/media?parent=100450"}],"wp:term":[{"taxonomy":"product_brand","embeddable":true,"href":"https:\/\/www.fireware.nl\/fr\/wp-json\/wp\/v2\/product_brand?post=100450"},{"taxonomy":"product_cat","embeddable":true,"href":"https:\/\/www.fireware.nl\/fr\/wp-json\/wp\/v2\/product_cat?post=100450"},{"taxonomy":"product_tag","embeddable":true,"href":"https:\/\/www.fireware.nl\/fr\/wp-json\/wp\/v2\/product_tag?post=100450"}],"curies":[{"name":"wp","href":"https:\/\/api.w.org\/{rel}","templated":true}]}}