
{"id":73007,"date":"2022-06-17T09:09:01","date_gmt":"2022-06-17T09:09:01","guid":{"rendered":"https:\/\/www.fireware.nl\/partenaires\/"},"modified":"2026-03-20T10:51:08","modified_gmt":"2026-03-20T10:51:08","slug":"partenaires","status":"publish","type":"page","link":"https:\/\/www.fireware.nl\/fr\/partenaires\/","title":{"rendered":"Partenaires"},"content":{"rendered":"\r\n<p><strong>Inspirer la collaboration est l&#8217;une des valeurs fondamentales de FireWare. Nous le faisons avec des partenaires. Un partenariat est quelque chose de tr\u00e8s sp\u00e9cial. Et certainement pas \u00e9vidente du tout. Un partenariat, c&#8217;est oser \u00eatre vuln\u00e9rable, c\u00e9l\u00e9brer ensemble les succ\u00e8s et apprendre ensemble des erreurs. \u00catre en col\u00e8re contre l&#8217;autre de temps en temps, mais \u00eatre capable de se r\u00e9concilier. Inventer ensemble de belles choses. Et surtout, travailler ensemble sur ce que FireWare repr\u00e9sente et ce qu&#8217;il repr\u00e9sente. Il s&#8217;agit de cr\u00e9er des environnements de formation r\u00e9alistes pour les secouristes du monde entier, afin qu&#8217;ils puissent travailler correctement leurs comp\u00e9tences professionnelles. Pour qu&#8217;ils puissent faire la diff\u00e9rence quand c&#8217;est important. <\/strong><\/p>\r\n\r\n\r\n\r\n<p>Voici quelques exemples de nos partenaires.<\/p>\r\n\r\n\r\n\r\n<h2 class=\"wp-block-heading\">Directeurs du logement de la KWK<\/h2>\r\n\r\n\r\n\r\n<p>De plus en plus de formateurs et de r\u00e9gions de s\u00e9curit\u00e9 comprennent que le d\u00e9veloppement d&#8217;installations d&#8217;exercice est complexe. Alors que KWK se concentre principalement sur la conception, la d\u00e9finition et la r\u00e9alisation de l&#8217;h\u00e9bergement, FireWare se concentre sur la r\u00e9alisation des objectifs d&#8217;apprentissage au sein d&#8217;une telle installation d&#8217;exercice. FireWare est situ\u00e9 \u00e0 180 degr\u00e9s de l&#8217;autre c\u00f4t\u00e9 de KWK, ce qui rend la collaboration et le partenariat si pr\u00e9cieux.<\/p>\r\n<p><a href=\"https:\/\/kwkbv.nl\/\" target=\"_blank\" rel=\"noopener\"> <img decoding=\"async\" title=\"KWK\" src=\"https:\/\/www.fireware.nl\/wp-content\/uploads\/2022\/05\/KWK.jpg\" alt=\"KWK\" width=\"750\" height=\"400\" \/><\/a><\/p>\r\n\r\n\r\n\r\n<h2 class=\"wp-block-heading\">Medical-X<\/h2>\r\n\r\n\r\n\r\n<p>FireWare et Medical-X partagent la m\u00eame passion pour les exercices r\u00e9alistes. Cr\u00e9er des situations aussi proches que possible de la r\u00e9alit\u00e9. Situations dans lesquelles des sp\u00e9cialistes pr\u00eats pour un autre peuvent travailler sur leurs comp\u00e9tences professionnelles. Medical X y parvient en fabriquant des simulateurs m\u00e9dicaux extr\u00eamement r\u00e9alistes et avanc\u00e9s. FireWare en cr\u00e9ant des environnements de formation extr\u00eamement r\u00e9alistes<\/p>\r\n\r\n\r\n\r\n<p>Les deux entreprises ne savent pas encore o\u00f9 cette collaboration aboutira. Mais ce sera cool ! Par exemple, ils ont d\u00e9j\u00e0 travaill\u00e9 ensemble sur le <a href=\"https:\/\/www.fireware.nl\/fr\/?post_type=product&#038;p=87024\" target=\"_blank\" rel=\"noopener\">Victima<\/a>: un mannequin polyvalent et r\u00e9aliste. Mais des travaux sont \u00e9galement en cours sur des solutions plus avanc\u00e9es o\u00f9 des environnements sont projet\u00e9s autour d&#8217;une victime, comme avec le FireWare <a href=\"https:\/\/www.fireware.nl\/fr\/product\/fireware-interactive-incident-trainer\/\" target=\"_blank\" rel=\"noopener\">FIIT<\/a>.<\/p>\r\n\r\n\r\n\r\n<p>D\u00e9velopper ensemble de nouvelles solutions de formation implique \u00e9galement d&#8217;oser \u00eatre vuln\u00e9rable. Une caract\u00e9ristique que les deux entreprises poss\u00e8dent ! Medical-X dispose d&#8217;une vaste connaissance des mannequins avanc\u00e9s et r\u00e9alistes pour la pratique des proc\u00e9dures m\u00e9dicales pour diff\u00e9rents groupes cibles. FireWare s&#8217;est fait un nom en d\u00e9veloppant des solutions de simulation physique qui font appel \u00e0 tous les sens. Cette collaboration est donc une combinaison id\u00e9ale : Formation aux comp\u00e9tences m\u00e9dicales, sur un simulateur de haute technologie, dans un environnement extr\u00eamement r\u00e9aliste qui fournit un contexte. Il n&#8217;y a rien de mieux que cela !<\/p>\r\n\r\n\r\n\r\n<figure class=\"wp-block-image size-large\"><a href=\"https:\/\/medical-x.com\/\" target=\"_blank\" rel=\"noopener\"><img decoding=\"async\" width=\"1024\" height=\"279\" class=\"wp-image-87040\" src=\"https:\/\/www.fireware.nl\/wp-content\/uploads\/2023\/12\/image-1024x279.png\" alt=\"\" srcset=\"https:\/\/www.fireware.nl\/wp-content\/uploads\/2023\/12\/image-1024x279.png 1024w, https:\/\/www.fireware.nl\/wp-content\/uploads\/2023\/12\/image-300x82.png 300w, https:\/\/www.fireware.nl\/wp-content\/uploads\/2023\/12\/image-768x210.png 768w, https:\/\/www.fireware.nl\/wp-content\/uploads\/2023\/12\/image-1536x419.png 1536w, https:\/\/www.fireware.nl\/wp-content\/uploads\/2023\/12\/image-2048x559.png 2048w, https:\/\/www.fireware.nl\/wp-content\/uploads\/2023\/12\/image-540x147.png 540w, https:\/\/www.fireware.nl\/wp-content\/uploads\/2023\/12\/image-200x55.png 200w, https:\/\/www.fireware.nl\/wp-content\/uploads\/2023\/12\/image-360x98.png 360w, https:\/\/www.fireware.nl\/wp-content\/uploads\/2023\/12\/image-150x41.png 150w, https:\/\/www.fireware.nl\/wp-content\/uploads\/2023\/12\/image-512x140.png 512w, https:\/\/www.fireware.nl\/wp-content\/uploads\/2023\/12\/image-600x164.png 600w\" sizes=\"(max-width: 1024px) 100vw, 1024px\" \/><\/a><\/figure>\r\n\r\n\r\n\r\n<p>&nbsp;<\/p>\r\n\r\n\r\n\r\n<p>&nbsp;<\/p>\r\n\r\n\r\n\r\n<h2 class=\"wp-block-heading\">Conscience mentale<\/h2>\r\n\r\n\r\n\r\n<p>Pendant la crise COVID-19, Paul et Jasper Weijling de Mentally Aware et Sef Hendrickx de FireWare ont exp\u00e9riment\u00e9 l&#8217;enseignement \u00e0 distance depuis le studio FireWare. \u00c0 la table du caf\u00e9, pendant l&#8217;une des pauses, la conversation a port\u00e9 sur les liens entre la mise en sc\u00e8ne et la conscience mentale dans les professions sensibles aux traumatismes. La conclusion a \u00e9t\u00e9 que ce sujet n&#8217;a pas encore re\u00e7u l&#8217;attention qu&#8217;il m\u00e9rite sur le terrain. De l\u00e0 est n\u00e9 un partenariat qui se concentre sur les effets mentaux souhait\u00e9s et non souhait\u00e9s d&#8217;une mise en sc\u00e8ne r\u00e9aliste.<a href=\"https:\/\/mentaalbewust.nl\/\" target=\"_blank\" rel=\"noopener\"> <img decoding=\"async\" title=\"Conscience mentale\" src=\"https:\/\/www.fireware.nl\/wp-content\/uploads\/2022\/05\/Mentaal-bewust.jpg\" alt=\"Conscience mentale\" width=\"750\" height=\"400\" \/><\/a><\/p>\r\n\r\n\r\n\r\n\r\n\r\n<h2 class=\"wp-block-heading\">Centre CBRN de la d\u00e9fense &#8211; Total Force Genius<\/h2>\r\n\r\n\r\n\r\n<p>Plus le r\u00e9alisme d&#8217;un exercice est \u00e9lev\u00e9, mieux les travailleurs des services d&#8217;urgence sont pr\u00e9par\u00e9s \u00e0 un incident r\u00e9el. Ce r\u00e9alisme est cr\u00e9\u00e9 par une bonne imagerie, l&#8217;interactivit\u00e9, la cr\u00e9ation de dilemmes et l&#8217;attention port\u00e9e aux d\u00e9tails (voir, sentir, entendre, go\u00fbter, sentir), entre autres choses. Tout cela, bien s\u00fbr, en gardant \u00e0 l&#8217;esprit les objectifs d&#8217;apprentissage et d&#8217;enseignement vis\u00e9s.<\/p>\r\n\r\n\r\n\r\n<p>Atteindre ce haut degr\u00e9 de r\u00e9alisme tout en maintenant un alignement maximal sur les objectifs d&#8217;apprentissage et d&#8217;enseignement n\u00e9cessite une coop\u00e9ration intensive. Au sein des forces arm\u00e9es n\u00e9erlandaises, une task force distincte a \u00e9t\u00e9 cr\u00e9\u00e9e pour la coop\u00e9ration militaire et civile : Total Force Genie (TFG). Le gouvernement f\u00e9d\u00e9ral de transition donne corps \u00e0 des forces arm\u00e9es adaptables ; il accomplit des t\u00e2ches militaires aux c\u00f4t\u00e9s d&#8217;alli\u00e9s civils. FireWare est l&#8217;un de ces alli\u00e9s civils. C&#8217;est ainsi que nous travaillons ensemble pour cr\u00e9er un monde s\u00fbr.<\/p>\r\n\r\n\r\n\r\n<p>En tant que sp\u00e9cialiste de la cr\u00e9ation d&#8217;environnements de formation r\u00e9alistes pour les intervenants en cas d&#8217;urgence, FireWare contribue de mani\u00e8re significative au perfectionnement et au d\u00e9veloppement du NTC. C&#8217;est pourquoi le CNT a entam\u00e9 un processus de recyclage de l&#8217;\u00e9quipe FireWare sur les incidents CBRNe. Inversement, l&#8217;\u00e9quipe du NTC est en train d&#8217;\u00eatre form\u00e9e \u00e0 la technologie de simulation par FireWare. Ainsi, ensemble, nous veillons \u00e0 ce que la barre d&#8217;une pratique r\u00e9aliste soit plac\u00e9e toujours plus haut.<a href=\"https:\/\/www.fireware.nl\/fr\/total-force-genie-et-fireware-collaboration-et-inspiration-pour-amener-les-situations-simulees-cbrne-au-plus-haut-niveau-possible-2\/\" target=\"_blank\" rel=\"noopener\"> <img decoding=\"async\" title=\"Total Force Genius - NTC CBRN\" src=\"https:\/\/www.fireware.nl\/wp-content\/uploads\/2022\/08\/Total-Force-Genie-NTC-CBRN.jpg\" alt=\"Total Force Genius - NTC CBRN\" width=\"750\" height=\"400\" \/> <\/a><\/p>\r\n\r\n\r\n\r\n<h2 class=\"wp-block-heading\">Plate-forme de connaissances sur la s\u00e9curit\u00e9 des tunnels<\/h2>\r\n\r\n\r\n\r\n<p>La plate-forme de connaissances sur la s\u00e9curit\u00e9 des tunnels (KPT) est le guichet unique pour toutes les questions relatives \u00e0 la s\u00e9curit\u00e9 des tunnels aux Pays-Bas. La plateforme partage les connaissances n\u00e9erlandaises et \u00e9trang\u00e8res existantes sur la s\u00e9curit\u00e9 des tunnels de mani\u00e8re accessible et proactive avec toutes les personnes et organisations professionnellement impliqu\u00e9es dans les tunnels et la s\u00e9curit\u00e9 des tunnels. La mise en sc\u00e8ne r\u00e9aliste et non destructive des incidents dans les tunnels est complexe. FireWare est heureux de partager les connaissances acquises au fil des ans lors de simulations multidisciplinaires d&#8217;incidents dans les tunnels. L&#8217;\u00e9quipe de FireWare peut \u00e9galement apporter son soutien en cas d&#8217;incidents dans les tunnels. Y compris les incendies avec un d\u00e9gagement de fum\u00e9e r\u00e9aliste.<a href=\"https:\/\/www.kennisplatformtunnelveiligheid.nl\/\" target=\"_blank\" rel=\"noopener\"> <img decoding=\"async\" title=\"Plate-forme de connaissances pour la s\u00e9curit\u00e9 dans les tunnels\" src=\"https:\/\/www.fireware.nl\/wp-content\/uploads\/2022\/06\/Kennisplatform-tunnelveiligheid.jpg\" alt=\"Plate-forme de connaissances pour la s\u00e9curit\u00e9 dans les tunnels\" width=\"750\" height=\"400\" \/> <\/a><\/p>\r\n\r\n\r\n\r\n<h2 class=\"wp-block-heading\">B20<\/h2>\r\n\r\n\r\n\r\n<p>B20 est un cabinet de conseil psychologique professionnel, fiable et accr\u00e9dit\u00e9. L&#8217;agence est enti\u00e8rement sp\u00e9cialis\u00e9e dans l&#8217;\u00e9valuation, la formation et le coaching dans le secteur de la s\u00e9curit\u00e9, de la r\u00e9ponse aux catastrophes et de la gestion de crise.<\/p>\r\n\r\n\r\n\r\n<p>La combinaison de l&#8217;expertise psychologique de B20 et des connaissances de FireWare en mati\u00e8re de cr\u00e9ation d&#8217;environnements de formation r\u00e9alistes cr\u00e9e une \u00e9norme valeur ajout\u00e9e pour l&#8217;utilisateur final. Une coop\u00e9ration est notamment recherch\u00e9e pour les simulations et les \u00e9valuations les plus avanc\u00e9es et les plus lourdes. Le r\u00e9sultat : une s\u00e9rie d&#8217;exp\u00e9riences o\u00f9 m\u00eame les professionnels les plus chevronn\u00e9s et les plus exp\u00e9riment\u00e9s peuvent r\u00e9ellement travailler leurs comp\u00e9tences.<a href=\"https:\/\/b20.nl\/\" target=\"_blank\" rel=\"noopener\"> <img decoding=\"async\" title=\"B20\" src=\"https:\/\/www.fireware.nl\/wp-content\/uploads\/2022\/05\/B20.jpg\" alt=\"B20\" width=\"750\" height=\"400\" \/> <\/a><\/p>\r\n","protected":false},"excerpt":{"rendered":"<p>Inspirer la collaboration est l&#8217;une des valeurs fondamentales de FireWare. Nous le faisons avec des partenaires. Un partenariat est quelque<span class=\"excerpt-ellipsis\">&#8230;<\/span><\/p>\n","protected":false},"author":9,"featured_media":0,"parent":0,"menu_order":0,"comment_status":"closed","ping_status":"closed","template":"","meta":{"footnotes":""},"class_list":["post-73007","page","type-page","status-publish","hentry"],"yoast_head":"<!-- This site is optimized with the Yoast SEO plugin v27.4 - https:\/\/yoast.com\/product\/yoast-seo-wordpress\/ -->\n<title>Partenaires - FireWare<\/title>\n<meta name=\"robots\" content=\"index, follow, max-snippet:-1, max-image-preview:large, max-video-preview:-1\" \/>\n<link rel=\"canonical\" href=\"https:\/\/www.fireware.nl\/fr\/partenaires\/\" \/>\n<meta property=\"og:locale\" content=\"fr_FR\" \/>\n<meta property=\"og:type\" content=\"article\" \/>\n<meta property=\"og:title\" content=\"Partenaires - FireWare\" \/>\n<meta property=\"og:description\" content=\"Inspirer la collaboration est l&#8217;une des valeurs fondamentales de FireWare. Nous le faisons avec des partenaires. Un partenariat est quelque...\" \/>\n<meta property=\"og:url\" content=\"https:\/\/www.fireware.nl\/fr\/partenaires\/\" \/>\n<meta property=\"og:site_name\" content=\"FireWare\" \/>\n<meta property=\"article:publisher\" content=\"https:\/\/www.facebook.com\/FireWareBV\/\" \/>\n<meta property=\"article:modified_time\" content=\"2026-03-20T10:51:08+00:00\" \/>\n<meta property=\"og:image\" content=\"https:\/\/www.fireware.nl\/wp-content\/uploads\/2022\/05\/KWK.jpg\" \/>\n<meta name=\"twitter:card\" content=\"summary_large_image\" \/>\n<meta name=\"twitter:site\" content=\"@FireWarebv\" \/>\n<meta name=\"twitter:label1\" content=\"Dur\u00e9e de lecture estim\u00e9e\" \/>\n\t<meta name=\"twitter:data1\" content=\"7 minutes\" \/>\n<script type=\"application\/ld+json\" class=\"yoast-schema-graph\">{\"@context\":\"https:\\\/\\\/schema.org\",\"@graph\":[{\"@type\":\"WebPage\",\"@id\":\"https:\\\/\\\/www.fireware.nl\\\/fr\\\/partenaires\\\/\",\"url\":\"https:\\\/\\\/www.fireware.nl\\\/fr\\\/partenaires\\\/\",\"name\":\"Partenaires - FireWare\",\"isPartOf\":{\"@id\":\"https:\\\/\\\/www.fireware.nl\\\/fr\\\/#website\"},\"primaryImageOfPage\":{\"@id\":\"https:\\\/\\\/www.fireware.nl\\\/fr\\\/partenaires\\\/#primaryimage\"},\"image\":{\"@id\":\"https:\\\/\\\/www.fireware.nl\\\/fr\\\/partenaires\\\/#primaryimage\"},\"thumbnailUrl\":\"https:\\\/\\\/www.fireware.nl\\\/wp-content\\\/uploads\\\/2022\\\/05\\\/KWK.jpg\",\"datePublished\":\"2022-06-17T09:09:01+00:00\",\"dateModified\":\"2026-03-20T10:51:08+00:00\",\"breadcrumb\":{\"@id\":\"https:\\\/\\\/www.fireware.nl\\\/fr\\\/partenaires\\\/#breadcrumb\"},\"inLanguage\":\"fr-FR\",\"potentialAction\":[{\"@type\":\"ReadAction\",\"target\":[\"https:\\\/\\\/www.fireware.nl\\\/fr\\\/partenaires\\\/\"]}]},{\"@type\":\"ImageObject\",\"inLanguage\":\"fr-FR\",\"@id\":\"https:\\\/\\\/www.fireware.nl\\\/fr\\\/partenaires\\\/#primaryimage\",\"url\":\"https:\\\/\\\/www.fireware.nl\\\/wp-content\\\/uploads\\\/2022\\\/05\\\/KWK.jpg\",\"contentUrl\":\"https:\\\/\\\/www.fireware.nl\\\/wp-content\\\/uploads\\\/2022\\\/05\\\/KWK.jpg\"},{\"@type\":\"BreadcrumbList\",\"@id\":\"https:\\\/\\\/www.fireware.nl\\\/fr\\\/partenaires\\\/#breadcrumb\",\"itemListElement\":[{\"@type\":\"ListItem\",\"position\":1,\"name\":\"Home\",\"item\":\"https:\\\/\\\/www.fireware.nl\\\/fr\\\/\"},{\"@type\":\"ListItem\",\"position\":2,\"name\":\"Partenaires\"}]},{\"@type\":\"WebSite\",\"@id\":\"https:\\\/\\\/www.fireware.nl\\\/fr\\\/#website\",\"url\":\"https:\\\/\\\/www.fireware.nl\\\/fr\\\/\",\"name\":\"FireWare\",\"description\":\"CREATING REALISTIC  TRAINING ENVIRONMENTS\",\"publisher\":{\"@id\":\"https:\\\/\\\/www.fireware.nl\\\/fr\\\/#organization\"},\"potentialAction\":[{\"@type\":\"SearchAction\",\"target\":{\"@type\":\"EntryPoint\",\"urlTemplate\":\"https:\\\/\\\/www.fireware.nl\\\/fr\\\/?s={search_term_string}\"},\"query-input\":{\"@type\":\"PropertyValueSpecification\",\"valueRequired\":true,\"valueName\":\"search_term_string\"}}],\"inLanguage\":\"fr-FR\"},{\"@type\":\"Organization\",\"@id\":\"https:\\\/\\\/www.fireware.nl\\\/fr\\\/#organization\",\"name\":\"FireWare\",\"url\":\"https:\\\/\\\/www.fireware.nl\\\/fr\\\/\",\"logo\":{\"@type\":\"ImageObject\",\"inLanguage\":\"fr-FR\",\"@id\":\"https:\\\/\\\/www.fireware.nl\\\/fr\\\/#\\\/schema\\\/logo\\\/image\\\/\",\"url\":\"https:\\\/\\\/www.fireware.nl\\\/wp-content\\\/uploads\\\/2018\\\/10\\\/fireware-logo.png\",\"contentUrl\":\"https:\\\/\\\/www.fireware.nl\\\/wp-content\\\/uploads\\\/2018\\\/10\\\/fireware-logo.png\",\"width\":200,\"height\":86,\"caption\":\"FireWare\"},\"image\":{\"@id\":\"https:\\\/\\\/www.fireware.nl\\\/fr\\\/#\\\/schema\\\/logo\\\/image\\\/\"},\"sameAs\":[\"https:\\\/\\\/www.facebook.com\\\/FireWareBV\\\/\",\"https:\\\/\\\/x.com\\\/FireWarebv\",\"https:\\\/\\\/www.instagram.com\\\/fireware_nl\\\/\",\"https:\\\/\\\/www.linkedin.com\\\/company\\\/3586017\\\/\",\"https:\\\/\\\/www.youtube.com\\\/user\\\/firesalesrentconsult\"]}]}<\/script>\n<!-- \/ Yoast SEO plugin. -->","yoast_head_json":{"title":"Partenaires - FireWare","robots":{"index":"index","follow":"follow","max-snippet":"max-snippet:-1","max-image-preview":"max-image-preview:large","max-video-preview":"max-video-preview:-1"},"canonical":"https:\/\/www.fireware.nl\/fr\/partenaires\/","og_locale":"fr_FR","og_type":"article","og_title":"Partenaires - FireWare","og_description":"Inspirer la collaboration est l&#8217;une des valeurs fondamentales de FireWare. Nous le faisons avec des partenaires. Un partenariat est quelque...","og_url":"https:\/\/www.fireware.nl\/fr\/partenaires\/","og_site_name":"FireWare","article_publisher":"https:\/\/www.facebook.com\/FireWareBV\/","article_modified_time":"2026-03-20T10:51:08+00:00","og_image":[{"url":"https:\/\/www.fireware.nl\/wp-content\/uploads\/2022\/05\/KWK.jpg","type":"","width":"","height":""}],"twitter_card":"summary_large_image","twitter_site":"@FireWarebv","twitter_misc":{"Dur\u00e9e de lecture estim\u00e9e":"7 minutes"},"schema":{"@context":"https:\/\/schema.org","@graph":[{"@type":"WebPage","@id":"https:\/\/www.fireware.nl\/fr\/partenaires\/","url":"https:\/\/www.fireware.nl\/fr\/partenaires\/","name":"Partenaires - FireWare","isPartOf":{"@id":"https:\/\/www.fireware.nl\/fr\/#website"},"primaryImageOfPage":{"@id":"https:\/\/www.fireware.nl\/fr\/partenaires\/#primaryimage"},"image":{"@id":"https:\/\/www.fireware.nl\/fr\/partenaires\/#primaryimage"},"thumbnailUrl":"https:\/\/www.fireware.nl\/wp-content\/uploads\/2022\/05\/KWK.jpg","datePublished":"2022-06-17T09:09:01+00:00","dateModified":"2026-03-20T10:51:08+00:00","breadcrumb":{"@id":"https:\/\/www.fireware.nl\/fr\/partenaires\/#breadcrumb"},"inLanguage":"fr-FR","potentialAction":[{"@type":"ReadAction","target":["https:\/\/www.fireware.nl\/fr\/partenaires\/"]}]},{"@type":"ImageObject","inLanguage":"fr-FR","@id":"https:\/\/www.fireware.nl\/fr\/partenaires\/#primaryimage","url":"https:\/\/www.fireware.nl\/wp-content\/uploads\/2022\/05\/KWK.jpg","contentUrl":"https:\/\/www.fireware.nl\/wp-content\/uploads\/2022\/05\/KWK.jpg"},{"@type":"BreadcrumbList","@id":"https:\/\/www.fireware.nl\/fr\/partenaires\/#breadcrumb","itemListElement":[{"@type":"ListItem","position":1,"name":"Home","item":"https:\/\/www.fireware.nl\/fr\/"},{"@type":"ListItem","position":2,"name":"Partenaires"}]},{"@type":"WebSite","@id":"https:\/\/www.fireware.nl\/fr\/#website","url":"https:\/\/www.fireware.nl\/fr\/","name":"FireWare","description":"CREATING REALISTIC  TRAINING ENVIRONMENTS","publisher":{"@id":"https:\/\/www.fireware.nl\/fr\/#organization"},"potentialAction":[{"@type":"SearchAction","target":{"@type":"EntryPoint","urlTemplate":"https:\/\/www.fireware.nl\/fr\/?s={search_term_string}"},"query-input":{"@type":"PropertyValueSpecification","valueRequired":true,"valueName":"search_term_string"}}],"inLanguage":"fr-FR"},{"@type":"Organization","@id":"https:\/\/www.fireware.nl\/fr\/#organization","name":"FireWare","url":"https:\/\/www.fireware.nl\/fr\/","logo":{"@type":"ImageObject","inLanguage":"fr-FR","@id":"https:\/\/www.fireware.nl\/fr\/#\/schema\/logo\/image\/","url":"https:\/\/www.fireware.nl\/wp-content\/uploads\/2018\/10\/fireware-logo.png","contentUrl":"https:\/\/www.fireware.nl\/wp-content\/uploads\/2018\/10\/fireware-logo.png","width":200,"height":86,"caption":"FireWare"},"image":{"@id":"https:\/\/www.fireware.nl\/fr\/#\/schema\/logo\/image\/"},"sameAs":["https:\/\/www.facebook.com\/FireWareBV\/","https:\/\/x.com\/FireWarebv","https:\/\/www.instagram.com\/fireware_nl\/","https:\/\/www.linkedin.com\/company\/3586017\/","https:\/\/www.youtube.com\/user\/firesalesrentconsult"]}]}},"publishpress_future_action":{"enabled":false,"date":"2026-04-27 01:17:13","action":"change-status","newStatus":"draft","terms":[],"taxonomy":"translation_priority","extraData":[]},"publishpress_future_workflow_manual_trigger":{"enabledWorkflows":[]},"_links":{"self":[{"href":"https:\/\/www.fireware.nl\/fr\/wp-json\/wp\/v2\/pages\/73007","targetHints":{"allow":["GET"]}}],"collection":[{"href":"https:\/\/www.fireware.nl\/fr\/wp-json\/wp\/v2\/pages"}],"about":[{"href":"https:\/\/www.fireware.nl\/fr\/wp-json\/wp\/v2\/types\/page"}],"author":[{"embeddable":true,"href":"https:\/\/www.fireware.nl\/fr\/wp-json\/wp\/v2\/users\/9"}],"replies":[{"embeddable":true,"href":"https:\/\/www.fireware.nl\/fr\/wp-json\/wp\/v2\/comments?post=73007"}],"version-history":[{"count":7,"href":"https:\/\/www.fireware.nl\/fr\/wp-json\/wp\/v2\/pages\/73007\/revisions"}],"predecessor-version":[{"id":131408,"href":"https:\/\/www.fireware.nl\/fr\/wp-json\/wp\/v2\/pages\/73007\/revisions\/131408"}],"wp:attachment":[{"href":"https:\/\/www.fireware.nl\/fr\/wp-json\/wp\/v2\/media?parent=73007"}],"curies":[{"name":"wp","href":"https:\/\/api.w.org\/{rel}","templated":true}]}}