
{"id":40914,"date":"2020-04-07T09:07:09","date_gmt":"2020-04-07T09:07:09","guid":{"rendered":"https:\/\/www.fireware.nl\/plateforme-de-connaissances\/competences-a-distance\/"},"modified":"2022-03-02T14:48:45","modified_gmt":"2022-03-02T14:48:45","slug":"competences-a-distance","status":"publish","type":"page","link":"https:\/\/www.fireware.nl\/fr\/simulation-academy\/competences-a-distance\/","title":{"rendered":"Comp\u00e9tences \u00e0 distance"},"content":{"rendered":"\n\n\t\t\t\t<img decoding=\"async\" src=\"https:\/\/www.fireware.nl\/wp-content\/uploads\/2020\/05\/Competences-\u00e0-distance-1.jpg\" alt=\"Competences \u00e0 distance\" itemprop=\"image\" height=\"800\" width=\"2200\" title=\"Competences \u00e0 distance\" onerror=\"this.style.display='none'\"  \/>\n\t<p><strong>Du jour au lendemain, notre vie a compl\u00e8tement chang\u00e9. Mais notre comp\u00e9tence professionnelle \u00e9galement. Auparavant, nous organisions des soir\u00e9es d&#8217;entra\u00eenement\u00a0; cela est devenu difficile, voire impossible. Il est exclu que rien ne soit fait en mati\u00e8re de comp\u00e9tences professionnelles dans le secteur du secourisme. Quelles sont les possibilit\u00e9s\u00a0? De quelles alternatives disposons-nous pour assurer des formations et des entra\u00eenements\u00a0?<\/strong><\/p>\n<p>Beaucoup de questions, peu de r\u00e9ponses&#8230; Sur cette page, nous allons partager les initiatives et les exp\u00e9riences li\u00e9es \u00e0 la \u00ab\u00a0comp\u00e9tence \u00e0 distance\u00a0\u00bb. Webinaires, livestreams, e-learning, ENT, sans oublier l&#8217;aspect social. Qu&#8217;est-ce qui marche bien, mais surtout, qu&#8217;est-ce qui ne marche pas\u00a0? Quelles le\u00e7ons peuvent en tirer les autres\u00a0?<\/p>\n<p>Actuellement, <a href=\"https:\/\/www.fireware.nl\/\">FireWare<\/a>, <a href=\"https:\/\/mentaalbewust.nl\/\">Mentaalbewust<\/a>, les R\u00e9gions de s\u00e9curit\u00e9 <a href=\"https:\/\/www.vrnhn.nl\/\">Noord-Holland Noord<\/a>, <a href=\"https:\/\/www.vrgz.nl\/\">Gelderland-Zuid<\/a>, et de <a href=\"https:\/\/www.zhzveilig.nl\/\">Zuid-Holland Zuid<\/a> ont uni leurs forces. Nous apprenons les uns des autres et partageons nos exp\u00e9riences afin de franchir ensemble la courbe d&#8217;apprentissage acc\u00e9l\u00e9r\u00e9e. Nous ne gardons pas ces informations pour nous, nous les partageons activement via les m\u00e9dias sociaux et ici, sur ce site.<\/p>\n<p>Avez-vous besoin d&#8217;informations ou voulez-vous y contribuer\u00a0? N&#8217;h\u00e9sitez pas \u00e0 <a href=\"https:\/\/www.fireware.nl\/fr\/contact\/\">nous contacter<\/a>. Nous aimons travailler ensemble. Partager, c&#8217;est s&#8217;enrichir\u00a0!<\/p>\n\t<p><strong>PUBLICATIONS<\/strong><\/p>\n<hr \/>\n<p>&nbsp;<\/p>\n\t\t\t\t<img decoding=\"async\" src=\"https:\/\/www.fireware.nl\/wp-content\/uploads\/2020\/04\/Logo-vakbekwaam-op-afstand.jpg\" alt=\"Logo vakbekwaam op afstand\" itemprop=\"image\" height=\"178\" width=\"300\" title=\"Logo vakbekwaam op afstand\" onerror=\"this.style.display='none'\"  \/>\n\t<p><strong>WEBINAIRES<\/strong><\/p>\n<hr \/>\n<p>&nbsp;<\/p>\n\n","protected":false},"excerpt":{"rendered":"<p>Du jour au lendemain, notre vie a compl\u00e8tement chang\u00e9. Mais notre comp\u00e9tence professionnelle \u00e9galement. Auparavant, nous organisions des soir\u00e9es d&#8217;entra\u00eenement\u00a0;<span class=\"excerpt-ellipsis\">&#8230;<\/span><\/p>\n","protected":false},"author":9,"featured_media":42374,"parent":39886,"menu_order":0,"comment_status":"closed","ping_status":"closed","template":"","meta":{"footnotes":""},"class_list":["post-40914","page","type-page","status-publish","has-post-thumbnail","hentry"],"yoast_head":"<!-- This site is optimized with the Yoast SEO plugin v27.4 - https:\/\/yoast.com\/product\/yoast-seo-wordpress\/ -->\n<title>Comp\u00e9tences \u00e0 distance - FireWare<\/title>\n<meta name=\"robots\" content=\"index, follow, max-snippet:-1, max-image-preview:large, max-video-preview:-1\" \/>\n<link rel=\"canonical\" href=\"https:\/\/www.fireware.nl\/fr\/simulation-academy\/competences-a-distance\/\" \/>\n<meta property=\"og:locale\" content=\"fr_FR\" \/>\n<meta property=\"og:type\" content=\"article\" \/>\n<meta property=\"og:title\" content=\"Comp\u00e9tences \u00e0 distance - FireWare\" \/>\n<meta property=\"og:description\" content=\"Du jour au lendemain, notre vie a compl\u00e8tement chang\u00e9. Mais notre comp\u00e9tence professionnelle \u00e9galement. Auparavant, nous organisions des soir\u00e9es d&#8217;entra\u00eenement\u00a0;...\" \/>\n<meta property=\"og:url\" content=\"https:\/\/www.fireware.nl\/fr\/simulation-academy\/competences-a-distance\/\" \/>\n<meta property=\"og:site_name\" content=\"FireWare\" \/>\n<meta property=\"article:publisher\" content=\"https:\/\/www.facebook.com\/FireWareBV\/\" \/>\n<meta property=\"article:modified_time\" content=\"2022-03-02T14:48:45+00:00\" \/>\n<meta property=\"og:image\" content=\"https:\/\/www.fireware.nl\/wp-content\/uploads\/2020\/05\/Competences-\u00e0-distance-1.jpg\" \/>\n\t<meta property=\"og:image:width\" content=\"2200\" \/>\n\t<meta property=\"og:image:height\" content=\"800\" \/>\n\t<meta property=\"og:image:type\" content=\"image\/jpeg\" \/>\n<meta name=\"twitter:card\" content=\"summary_large_image\" \/>\n<meta name=\"twitter:site\" content=\"@FireWarebv\" \/>\n<meta name=\"twitter:label1\" content=\"Dur\u00e9e de lecture estim\u00e9e\" \/>\n\t<meta name=\"twitter:data1\" content=\"1 minute\" \/>\n<script type=\"application\/ld+json\" class=\"yoast-schema-graph\">{\"@context\":\"https:\\\/\\\/schema.org\",\"@graph\":[{\"@type\":\"WebPage\",\"@id\":\"https:\\\/\\\/www.fireware.nl\\\/fr\\\/simulation-academy\\\/competences-a-distance\\\/\",\"url\":\"https:\\\/\\\/www.fireware.nl\\\/fr\\\/simulation-academy\\\/competences-a-distance\\\/\",\"name\":\"Comp\u00e9tences \u00e0 distance - FireWare\",\"isPartOf\":{\"@id\":\"https:\\\/\\\/www.fireware.nl\\\/fr\\\/#website\"},\"primaryImageOfPage\":{\"@id\":\"https:\\\/\\\/www.fireware.nl\\\/fr\\\/simulation-academy\\\/competences-a-distance\\\/#primaryimage\"},\"image\":{\"@id\":\"https:\\\/\\\/www.fireware.nl\\\/fr\\\/simulation-academy\\\/competences-a-distance\\\/#primaryimage\"},\"thumbnailUrl\":\"https:\\\/\\\/www.fireware.nl\\\/wp-content\\\/uploads\\\/2020\\\/05\\\/Competences-\u00e0-distance-1.jpg\",\"datePublished\":\"2020-04-07T09:07:09+00:00\",\"dateModified\":\"2022-03-02T14:48:45+00:00\",\"breadcrumb\":{\"@id\":\"https:\\\/\\\/www.fireware.nl\\\/fr\\\/simulation-academy\\\/competences-a-distance\\\/#breadcrumb\"},\"inLanguage\":\"fr-FR\",\"potentialAction\":[{\"@type\":\"ReadAction\",\"target\":[\"https:\\\/\\\/www.fireware.nl\\\/fr\\\/simulation-academy\\\/competences-a-distance\\\/\"]}]},{\"@type\":\"ImageObject\",\"inLanguage\":\"fr-FR\",\"@id\":\"https:\\\/\\\/www.fireware.nl\\\/fr\\\/simulation-academy\\\/competences-a-distance\\\/#primaryimage\",\"url\":\"https:\\\/\\\/www.fireware.nl\\\/wp-content\\\/uploads\\\/2020\\\/05\\\/Competences-\u00e0-distance-1.jpg\",\"contentUrl\":\"https:\\\/\\\/www.fireware.nl\\\/wp-content\\\/uploads\\\/2020\\\/05\\\/Competences-\u00e0-distance-1.jpg\",\"width\":2200,\"height\":800},{\"@type\":\"BreadcrumbList\",\"@id\":\"https:\\\/\\\/www.fireware.nl\\\/fr\\\/simulation-academy\\\/competences-a-distance\\\/#breadcrumb\",\"itemListElement\":[{\"@type\":\"ListItem\",\"position\":1,\"name\":\"Home\",\"item\":\"https:\\\/\\\/www.fireware.nl\\\/fr\\\/\"},{\"@type\":\"ListItem\",\"position\":2,\"name\":\"Simulation Academy\",\"item\":\"https:\\\/\\\/www.fireware.nl\\\/fr\\\/simulation-academy\\\/\"},{\"@type\":\"ListItem\",\"position\":3,\"name\":\"Comp\u00e9tences \u00e0 distance\"}]},{\"@type\":\"WebSite\",\"@id\":\"https:\\\/\\\/www.fireware.nl\\\/fr\\\/#website\",\"url\":\"https:\\\/\\\/www.fireware.nl\\\/fr\\\/\",\"name\":\"FireWare\",\"description\":\"CREATING REALISTIC  TRAINING ENVIRONMENTS\",\"publisher\":{\"@id\":\"https:\\\/\\\/www.fireware.nl\\\/fr\\\/#organization\"},\"potentialAction\":[{\"@type\":\"SearchAction\",\"target\":{\"@type\":\"EntryPoint\",\"urlTemplate\":\"https:\\\/\\\/www.fireware.nl\\\/fr\\\/?s={search_term_string}\"},\"query-input\":{\"@type\":\"PropertyValueSpecification\",\"valueRequired\":true,\"valueName\":\"search_term_string\"}}],\"inLanguage\":\"fr-FR\"},{\"@type\":\"Organization\",\"@id\":\"https:\\\/\\\/www.fireware.nl\\\/fr\\\/#organization\",\"name\":\"FireWare\",\"url\":\"https:\\\/\\\/www.fireware.nl\\\/fr\\\/\",\"logo\":{\"@type\":\"ImageObject\",\"inLanguage\":\"fr-FR\",\"@id\":\"https:\\\/\\\/www.fireware.nl\\\/fr\\\/#\\\/schema\\\/logo\\\/image\\\/\",\"url\":\"https:\\\/\\\/www.fireware.nl\\\/wp-content\\\/uploads\\\/2018\\\/10\\\/fireware-logo.png\",\"contentUrl\":\"https:\\\/\\\/www.fireware.nl\\\/wp-content\\\/uploads\\\/2018\\\/10\\\/fireware-logo.png\",\"width\":200,\"height\":86,\"caption\":\"FireWare\"},\"image\":{\"@id\":\"https:\\\/\\\/www.fireware.nl\\\/fr\\\/#\\\/schema\\\/logo\\\/image\\\/\"},\"sameAs\":[\"https:\\\/\\\/www.facebook.com\\\/FireWareBV\\\/\",\"https:\\\/\\\/x.com\\\/FireWarebv\",\"https:\\\/\\\/www.instagram.com\\\/fireware_nl\\\/\",\"https:\\\/\\\/www.linkedin.com\\\/company\\\/3586017\\\/\",\"https:\\\/\\\/www.youtube.com\\\/user\\\/firesalesrentconsult\"]}]}<\/script>\n<!-- \/ Yoast SEO plugin. -->","yoast_head_json":{"title":"Comp\u00e9tences \u00e0 distance - FireWare","robots":{"index":"index","follow":"follow","max-snippet":"max-snippet:-1","max-image-preview":"max-image-preview:large","max-video-preview":"max-video-preview:-1"},"canonical":"https:\/\/www.fireware.nl\/fr\/simulation-academy\/competences-a-distance\/","og_locale":"fr_FR","og_type":"article","og_title":"Comp\u00e9tences \u00e0 distance - FireWare","og_description":"Du jour au lendemain, notre vie a compl\u00e8tement chang\u00e9. Mais notre comp\u00e9tence professionnelle \u00e9galement. Auparavant, nous organisions des soir\u00e9es d&#8217;entra\u00eenement\u00a0;...","og_url":"https:\/\/www.fireware.nl\/fr\/simulation-academy\/competences-a-distance\/","og_site_name":"FireWare","article_publisher":"https:\/\/www.facebook.com\/FireWareBV\/","article_modified_time":"2022-03-02T14:48:45+00:00","og_image":[{"width":2200,"height":800,"url":"https:\/\/www.fireware.nl\/wp-content\/uploads\/2020\/05\/Competences-\u00e0-distance-1.jpg","type":"image\/jpeg"}],"twitter_card":"summary_large_image","twitter_site":"@FireWarebv","twitter_misc":{"Dur\u00e9e de lecture estim\u00e9e":"1 minute"},"schema":{"@context":"https:\/\/schema.org","@graph":[{"@type":"WebPage","@id":"https:\/\/www.fireware.nl\/fr\/simulation-academy\/competences-a-distance\/","url":"https:\/\/www.fireware.nl\/fr\/simulation-academy\/competences-a-distance\/","name":"Comp\u00e9tences \u00e0 distance - FireWare","isPartOf":{"@id":"https:\/\/www.fireware.nl\/fr\/#website"},"primaryImageOfPage":{"@id":"https:\/\/www.fireware.nl\/fr\/simulation-academy\/competences-a-distance\/#primaryimage"},"image":{"@id":"https:\/\/www.fireware.nl\/fr\/simulation-academy\/competences-a-distance\/#primaryimage"},"thumbnailUrl":"https:\/\/www.fireware.nl\/wp-content\/uploads\/2020\/05\/Competences-\u00e0-distance-1.jpg","datePublished":"2020-04-07T09:07:09+00:00","dateModified":"2022-03-02T14:48:45+00:00","breadcrumb":{"@id":"https:\/\/www.fireware.nl\/fr\/simulation-academy\/competences-a-distance\/#breadcrumb"},"inLanguage":"fr-FR","potentialAction":[{"@type":"ReadAction","target":["https:\/\/www.fireware.nl\/fr\/simulation-academy\/competences-a-distance\/"]}]},{"@type":"ImageObject","inLanguage":"fr-FR","@id":"https:\/\/www.fireware.nl\/fr\/simulation-academy\/competences-a-distance\/#primaryimage","url":"https:\/\/www.fireware.nl\/wp-content\/uploads\/2020\/05\/Competences-\u00e0-distance-1.jpg","contentUrl":"https:\/\/www.fireware.nl\/wp-content\/uploads\/2020\/05\/Competences-\u00e0-distance-1.jpg","width":2200,"height":800},{"@type":"BreadcrumbList","@id":"https:\/\/www.fireware.nl\/fr\/simulation-academy\/competences-a-distance\/#breadcrumb","itemListElement":[{"@type":"ListItem","position":1,"name":"Home","item":"https:\/\/www.fireware.nl\/fr\/"},{"@type":"ListItem","position":2,"name":"Simulation Academy","item":"https:\/\/www.fireware.nl\/fr\/simulation-academy\/"},{"@type":"ListItem","position":3,"name":"Comp\u00e9tences \u00e0 distance"}]},{"@type":"WebSite","@id":"https:\/\/www.fireware.nl\/fr\/#website","url":"https:\/\/www.fireware.nl\/fr\/","name":"FireWare","description":"CREATING REALISTIC  TRAINING ENVIRONMENTS","publisher":{"@id":"https:\/\/www.fireware.nl\/fr\/#organization"},"potentialAction":[{"@type":"SearchAction","target":{"@type":"EntryPoint","urlTemplate":"https:\/\/www.fireware.nl\/fr\/?s={search_term_string}"},"query-input":{"@type":"PropertyValueSpecification","valueRequired":true,"valueName":"search_term_string"}}],"inLanguage":"fr-FR"},{"@type":"Organization","@id":"https:\/\/www.fireware.nl\/fr\/#organization","name":"FireWare","url":"https:\/\/www.fireware.nl\/fr\/","logo":{"@type":"ImageObject","inLanguage":"fr-FR","@id":"https:\/\/www.fireware.nl\/fr\/#\/schema\/logo\/image\/","url":"https:\/\/www.fireware.nl\/wp-content\/uploads\/2018\/10\/fireware-logo.png","contentUrl":"https:\/\/www.fireware.nl\/wp-content\/uploads\/2018\/10\/fireware-logo.png","width":200,"height":86,"caption":"FireWare"},"image":{"@id":"https:\/\/www.fireware.nl\/fr\/#\/schema\/logo\/image\/"},"sameAs":["https:\/\/www.facebook.com\/FireWareBV\/","https:\/\/x.com\/FireWarebv","https:\/\/www.instagram.com\/fireware_nl\/","https:\/\/www.linkedin.com\/company\/3586017\/","https:\/\/www.youtube.com\/user\/firesalesrentconsult"]}]}},"publishpress_future_action":{"enabled":false,"date":"2026-04-26 21:00:41","action":"change-status","newStatus":"draft","terms":[],"taxonomy":"translation_priority","extraData":[]},"publishpress_future_workflow_manual_trigger":{"enabledWorkflows":[]},"_links":{"self":[{"href":"https:\/\/www.fireware.nl\/fr\/wp-json\/wp\/v2\/pages\/40914","targetHints":{"allow":["GET"]}}],"collection":[{"href":"https:\/\/www.fireware.nl\/fr\/wp-json\/wp\/v2\/pages"}],"about":[{"href":"https:\/\/www.fireware.nl\/fr\/wp-json\/wp\/v2\/types\/page"}],"author":[{"embeddable":true,"href":"https:\/\/www.fireware.nl\/fr\/wp-json\/wp\/v2\/users\/9"}],"replies":[{"embeddable":true,"href":"https:\/\/www.fireware.nl\/fr\/wp-json\/wp\/v2\/comments?post=40914"}],"version-history":[{"count":0,"href":"https:\/\/www.fireware.nl\/fr\/wp-json\/wp\/v2\/pages\/40914\/revisions"}],"up":[{"embeddable":true,"href":"https:\/\/www.fireware.nl\/fr\/wp-json\/wp\/v2\/pages\/39886"}],"wp:featuredmedia":[{"embeddable":true,"href":"https:\/\/www.fireware.nl\/fr\/wp-json\/wp\/v2\/media\/42374"}],"wp:attachment":[{"href":"https:\/\/www.fireware.nl\/fr\/wp-json\/wp\/v2\/media?parent=40914"}],"curies":[{"name":"wp","href":"https:\/\/api.w.org\/{rel}","templated":true}]}}