
{"id":39886,"date":"2020-03-03T14:48:31","date_gmt":"2020-03-03T14:48:31","guid":{"rendered":"https:\/\/www.fireware.nl\/plateforme-de-connaissances\/"},"modified":"2026-04-17T07:02:02","modified_gmt":"2026-04-17T07:02:02","slug":"simulation-academy","status":"publish","type":"page","link":"https:\/\/www.fireware.nl\/fr\/simulation-academy\/","title":{"rendered":"Simulation Academy"},"content":{"rendered":"<h2>Plateforme de connaissances pour la mise en sc\u00e8ne<\/h2>\n<p>Les derni\u00e8res tendances, l\u2019expertise et des cas pratiques. Vous trouverez ici un aper\u00e7u de plus de 22 ans de savoir-faire dans le d\u00e9veloppement et la fourniture de solutions d&#8217;exercice et d\u2019instruction pour le secteur des secours.<\/p>\n<p>La FireWare Simulation Academy est une plateforme num\u00e9rique, con\u00e7ue pour \u00eatre consult\u00e9e en ligne. Vous travaillez avec un classeur de sc\u00e9narios imprim\u00e9 ? <a href=\"https:\/\/www.fireware.nl\/wp-content\/uploads\/2026\/03\/Blad-Simulation-academy_FR_Download_v2.pdf\" target=\"_blank\" rel=\"noopener\">T\u00e9l\u00e9chargez et imprimez alors notre feuille de r\u00e9f\u00e9rence<\/a> afin que toute personne utilisant le classeur puisse \u00e9galement acc\u00e9der rapidement aux informations de la Simulation Academy.<\/p>\n<p>Et n\u2019h\u00e9sitez surtout pas \u00e0 nous contacter si vous avez des questions !<\/p>\n","protected":false},"excerpt":{"rendered":"<p>Plateforme de connaissances pour la mise en sc\u00e8ne Les derni\u00e8res tendances, l\u2019expertise et des cas pratiques. Vous trouverez ici un<span class=\"excerpt-ellipsis\">&#8230;<\/span><\/p>\n","protected":false},"author":6,"featured_media":0,"parent":0,"menu_order":0,"comment_status":"closed","ping_status":"closed","template":"","meta":{"footnotes":""},"class_list":["post-39886","page","type-page","status-publish","hentry"],"yoast_head":"<!-- This site is optimized with the Yoast SEO plugin v27.4 - https:\/\/yoast.com\/product\/yoast-seo-wordpress\/ -->\n<title>Simulation Academy - FireWare<\/title>\n<meta name=\"robots\" content=\"index, follow, max-snippet:-1, max-image-preview:large, max-video-preview:-1\" \/>\n<link rel=\"canonical\" href=\"https:\/\/www.fireware.nl\/fr\/simulation-academy\/\" \/>\n<meta property=\"og:locale\" content=\"fr_FR\" \/>\n<meta property=\"og:type\" content=\"article\" \/>\n<meta property=\"og:title\" content=\"Simulation Academy - FireWare\" \/>\n<meta property=\"og:description\" content=\"Plateforme de connaissances pour la mise en sc\u00e8ne Les derni\u00e8res tendances, l\u2019expertise et des cas pratiques. Vous trouverez ici un...\" \/>\n<meta property=\"og:url\" content=\"https:\/\/www.fireware.nl\/fr\/simulation-academy\/\" \/>\n<meta property=\"og:site_name\" content=\"FireWare\" \/>\n<meta property=\"article:publisher\" content=\"https:\/\/www.facebook.com\/FireWareBV\/\" \/>\n<meta property=\"article:modified_time\" content=\"2026-04-17T07:02:02+00:00\" \/>\n<meta name=\"twitter:card\" content=\"summary_large_image\" \/>\n<meta name=\"twitter:site\" content=\"@FireWarebv\" \/>\n<meta name=\"twitter:label1\" content=\"Dur\u00e9e de lecture estim\u00e9e\" \/>\n\t<meta name=\"twitter:data1\" content=\"1 minute\" \/>\n<script type=\"application\/ld+json\" class=\"yoast-schema-graph\">{\"@context\":\"https:\\\/\\\/schema.org\",\"@graph\":[{\"@type\":\"WebPage\",\"@id\":\"https:\\\/\\\/www.fireware.nl\\\/fr\\\/simulation-academy\\\/\",\"url\":\"https:\\\/\\\/www.fireware.nl\\\/fr\\\/simulation-academy\\\/\",\"name\":\"Simulation Academy - FireWare\",\"isPartOf\":{\"@id\":\"https:\\\/\\\/www.fireware.nl\\\/fr\\\/#website\"},\"datePublished\":\"2020-03-03T14:48:31+00:00\",\"dateModified\":\"2026-04-17T07:02:02+00:00\",\"breadcrumb\":{\"@id\":\"https:\\\/\\\/www.fireware.nl\\\/fr\\\/simulation-academy\\\/#breadcrumb\"},\"inLanguage\":\"fr-FR\",\"potentialAction\":[{\"@type\":\"ReadAction\",\"target\":[\"https:\\\/\\\/www.fireware.nl\\\/fr\\\/simulation-academy\\\/\"]}]},{\"@type\":\"BreadcrumbList\",\"@id\":\"https:\\\/\\\/www.fireware.nl\\\/fr\\\/simulation-academy\\\/#breadcrumb\",\"itemListElement\":[{\"@type\":\"ListItem\",\"position\":1,\"name\":\"Home\",\"item\":\"https:\\\/\\\/www.fireware.nl\\\/fr\\\/\"},{\"@type\":\"ListItem\",\"position\":2,\"name\":\"Simulation Academy\"}]},{\"@type\":\"WebSite\",\"@id\":\"https:\\\/\\\/www.fireware.nl\\\/fr\\\/#website\",\"url\":\"https:\\\/\\\/www.fireware.nl\\\/fr\\\/\",\"name\":\"FireWare\",\"description\":\"CREATING REALISTIC  TRAINING ENVIRONMENTS\",\"publisher\":{\"@id\":\"https:\\\/\\\/www.fireware.nl\\\/fr\\\/#organization\"},\"potentialAction\":[{\"@type\":\"SearchAction\",\"target\":{\"@type\":\"EntryPoint\",\"urlTemplate\":\"https:\\\/\\\/www.fireware.nl\\\/fr\\\/?s={search_term_string}\"},\"query-input\":{\"@type\":\"PropertyValueSpecification\",\"valueRequired\":true,\"valueName\":\"search_term_string\"}}],\"inLanguage\":\"fr-FR\"},{\"@type\":\"Organization\",\"@id\":\"https:\\\/\\\/www.fireware.nl\\\/fr\\\/#organization\",\"name\":\"FireWare\",\"url\":\"https:\\\/\\\/www.fireware.nl\\\/fr\\\/\",\"logo\":{\"@type\":\"ImageObject\",\"inLanguage\":\"fr-FR\",\"@id\":\"https:\\\/\\\/www.fireware.nl\\\/fr\\\/#\\\/schema\\\/logo\\\/image\\\/\",\"url\":\"https:\\\/\\\/www.fireware.nl\\\/wp-content\\\/uploads\\\/2018\\\/10\\\/fireware-logo.png\",\"contentUrl\":\"https:\\\/\\\/www.fireware.nl\\\/wp-content\\\/uploads\\\/2018\\\/10\\\/fireware-logo.png\",\"width\":200,\"height\":86,\"caption\":\"FireWare\"},\"image\":{\"@id\":\"https:\\\/\\\/www.fireware.nl\\\/fr\\\/#\\\/schema\\\/logo\\\/image\\\/\"},\"sameAs\":[\"https:\\\/\\\/www.facebook.com\\\/FireWareBV\\\/\",\"https:\\\/\\\/x.com\\\/FireWarebv\",\"https:\\\/\\\/www.instagram.com\\\/fireware_nl\\\/\",\"https:\\\/\\\/www.linkedin.com\\\/company\\\/3586017\\\/\",\"https:\\\/\\\/www.youtube.com\\\/user\\\/firesalesrentconsult\"]}]}<\/script>\n<!-- \/ Yoast SEO plugin. -->","yoast_head_json":{"title":"Simulation Academy - FireWare","robots":{"index":"index","follow":"follow","max-snippet":"max-snippet:-1","max-image-preview":"max-image-preview:large","max-video-preview":"max-video-preview:-1"},"canonical":"https:\/\/www.fireware.nl\/fr\/simulation-academy\/","og_locale":"fr_FR","og_type":"article","og_title":"Simulation Academy - FireWare","og_description":"Plateforme de connaissances pour la mise en sc\u00e8ne Les derni\u00e8res tendances, l\u2019expertise et des cas pratiques. Vous trouverez ici un...","og_url":"https:\/\/www.fireware.nl\/fr\/simulation-academy\/","og_site_name":"FireWare","article_publisher":"https:\/\/www.facebook.com\/FireWareBV\/","article_modified_time":"2026-04-17T07:02:02+00:00","twitter_card":"summary_large_image","twitter_site":"@FireWarebv","twitter_misc":{"Dur\u00e9e de lecture estim\u00e9e":"1 minute"},"schema":{"@context":"https:\/\/schema.org","@graph":[{"@type":"WebPage","@id":"https:\/\/www.fireware.nl\/fr\/simulation-academy\/","url":"https:\/\/www.fireware.nl\/fr\/simulation-academy\/","name":"Simulation Academy - FireWare","isPartOf":{"@id":"https:\/\/www.fireware.nl\/fr\/#website"},"datePublished":"2020-03-03T14:48:31+00:00","dateModified":"2026-04-17T07:02:02+00:00","breadcrumb":{"@id":"https:\/\/www.fireware.nl\/fr\/simulation-academy\/#breadcrumb"},"inLanguage":"fr-FR","potentialAction":[{"@type":"ReadAction","target":["https:\/\/www.fireware.nl\/fr\/simulation-academy\/"]}]},{"@type":"BreadcrumbList","@id":"https:\/\/www.fireware.nl\/fr\/simulation-academy\/#breadcrumb","itemListElement":[{"@type":"ListItem","position":1,"name":"Home","item":"https:\/\/www.fireware.nl\/fr\/"},{"@type":"ListItem","position":2,"name":"Simulation Academy"}]},{"@type":"WebSite","@id":"https:\/\/www.fireware.nl\/fr\/#website","url":"https:\/\/www.fireware.nl\/fr\/","name":"FireWare","description":"CREATING REALISTIC  TRAINING ENVIRONMENTS","publisher":{"@id":"https:\/\/www.fireware.nl\/fr\/#organization"},"potentialAction":[{"@type":"SearchAction","target":{"@type":"EntryPoint","urlTemplate":"https:\/\/www.fireware.nl\/fr\/?s={search_term_string}"},"query-input":{"@type":"PropertyValueSpecification","valueRequired":true,"valueName":"search_term_string"}}],"inLanguage":"fr-FR"},{"@type":"Organization","@id":"https:\/\/www.fireware.nl\/fr\/#organization","name":"FireWare","url":"https:\/\/www.fireware.nl\/fr\/","logo":{"@type":"ImageObject","inLanguage":"fr-FR","@id":"https:\/\/www.fireware.nl\/fr\/#\/schema\/logo\/image\/","url":"https:\/\/www.fireware.nl\/wp-content\/uploads\/2018\/10\/fireware-logo.png","contentUrl":"https:\/\/www.fireware.nl\/wp-content\/uploads\/2018\/10\/fireware-logo.png","width":200,"height":86,"caption":"FireWare"},"image":{"@id":"https:\/\/www.fireware.nl\/fr\/#\/schema\/logo\/image\/"},"sameAs":["https:\/\/www.facebook.com\/FireWareBV\/","https:\/\/x.com\/FireWarebv","https:\/\/www.instagram.com\/fireware_nl\/","https:\/\/www.linkedin.com\/company\/3586017\/","https:\/\/www.youtube.com\/user\/firesalesrentconsult"]}]}},"publishpress_future_action":{"enabled":false,"date":"2026-04-27 05:21:38","action":"change-status","newStatus":"draft","terms":[],"taxonomy":"translation_priority","extraData":[]},"publishpress_future_workflow_manual_trigger":{"enabledWorkflows":[]},"_links":{"self":[{"href":"https:\/\/www.fireware.nl\/fr\/wp-json\/wp\/v2\/pages\/39886","targetHints":{"allow":["GET"]}}],"collection":[{"href":"https:\/\/www.fireware.nl\/fr\/wp-json\/wp\/v2\/pages"}],"about":[{"href":"https:\/\/www.fireware.nl\/fr\/wp-json\/wp\/v2\/types\/page"}],"author":[{"embeddable":true,"href":"https:\/\/www.fireware.nl\/fr\/wp-json\/wp\/v2\/users\/6"}],"replies":[{"embeddable":true,"href":"https:\/\/www.fireware.nl\/fr\/wp-json\/wp\/v2\/comments?post=39886"}],"version-history":[{"count":8,"href":"https:\/\/www.fireware.nl\/fr\/wp-json\/wp\/v2\/pages\/39886\/revisions"}],"predecessor-version":[{"id":131890,"href":"https:\/\/www.fireware.nl\/fr\/wp-json\/wp\/v2\/pages\/39886\/revisions\/131890"}],"wp:attachment":[{"href":"https:\/\/www.fireware.nl\/fr\/wp-json\/wp\/v2\/media?parent=39886"}],"curies":[{"name":"wp","href":"https:\/\/api.w.org\/{rel}","templated":true}]}}