
{"id":26931,"date":"2019-02-20T10:01:15","date_gmt":"2019-02-20T10:01:15","guid":{"rendered":"http:\/\/fireware.sites.hyperhosting.co\/?page_id=26931"},"modified":"2021-05-19T09:11:30","modified_gmt":"2021-05-19T09:11:30","slug":"lego-serious-play","status":"publish","type":"page","link":"https:\/\/www.fireware.nl\/fr\/conception\/lego-serious-play\/","title":{"rendered":"Lego\u00ae Serious Play\u00ae"},"content":{"rendered":"\n\n\t\t\t\t<img decoding=\"async\" src=\"https:\/\/www.fireware.nl\/wp-content\/uploads\/2021\/05\/Lego-Serious-Play-banner.jpg\" alt=\"Lego Serious Play banner\" itemprop=\"image\" height=\"800\" width=\"2200\" title=\"Lego Serious Play banner\" onerror=\"this.style.display='none'\"  \/>\n\t\n<h2>C&#8217;est quoi, la m\u00e9thode Lego\u00ae Serious Play ?<\/h2>\n<p>Lego\u00ae Serious Play\u00ae se sert de briques Lego pour r\u00e9pondre aux questions, pour faire face aux d\u00e9fis et pour apprendre \u00e0 se conna\u00eetre. Un facilitateur certifi\u00e9 pose une s\u00e9rie de questions bien r\u00e9fl\u00e9chies aux participants. Ensuite, les participants r\u00e9pondent aux questions par cr\u00e9er une mod\u00e8le trois-dimensionnelle. Ce mod\u00e8le est ensuite expliqu\u00e9 int\u00e9gralement dans le groupe.<\/p>\n<h2>Pourquoi utiliser la m\u00e9thode Lego\u00ae Serious Play\u00ae ?<\/h2>\n<p>Ils ne sont s\u00fbrement pas sans pr\u00e9c\u00e9dent\u00a0: les meetings et sessions de brainstorming o\u00f9 20% des participants ont la parole pendant 80% du temps. La question \u00ab\u00a0Qu&#8217;est-ce que je fais ici ?\u00a0\u00bb vient \u00e0 l&#8217;esprit, et secr\u00e8tement, chaque participant peut deviner les r\u00e9sultats du meeting ainsi que les personnes qui en seront responsables. Ou bien, dans le jargon Lego\u00ae Serious Play\u00ae : un &#8220;Lean Backward Meeting&#8221;.<\/p>\n<p>La m\u00e9thode Lego\u00ae Serious Play\u00ae favorise un &#8220;Lean Forward Meeting&#8221;. Chaque participant est enti\u00e8rement engag\u00e9 pendant 100% du meeting. Ceci permet \u00e0 tout le monde d&#8217;introduire dans le meeting ses propres id\u00e9es, ses perceptions, son avis, et ses solutions. L&#8217;id\u00e9e sur laquelle est fond\u00e9e Lego\u00ae Serious Play\u00ae c&#8217;est de profiter du savoir-faire collectif de l&#8217;\u00e9quipe enti\u00e8re au lieu de n&#8217;engager qu&#8217;une fraction de la connaissance pr\u00e9sente que propose la minorit\u00e9 communicative.<\/p>\n<p>L&#8217;\u00e9quipe FireWare se sert r\u00e9guli\u00e8rement de cette m\u00e9thode. Nous utilisons des briques Lego\u00ae pour apprendre \u00e0 se mieux se conna\u00eetre et pour faire face aux d\u00e9fis ensemble. Nous utilisons Lego\u00ae Serious Play\u00ae au profit de nos propres processus internes, pendant des sessions externes et internes de brainstorming pour nos clients, mais \u00e9galement pour nos relations outre notre secteur. Pourquoi ? Parce que \u00e7a marche !<\/p>\n\t\t\t\t<img decoding=\"async\" src=\"https:\/\/fireware.nl\/wp-content\/uploads\/2019\/02\/Lego-Serious-Play-table.jpg\" alt=\"Lego Serious Play table\" itemprop=\"image\" title=\"Lego Serious Play table\" onerror=\"this.style.display='none'\"  \/>\n\t<h2>Comment \u00e7a fonctionne, la m\u00e9thode Lego\u00ae Serious Play\u00ae ?<\/h2>\n<p>Une session Lego\u00ae Serious Play\u00ae est mod\u00e9r\u00e9e par un facilitateur certifi\u00e9. Par voie d&#8217;un nombre de questions \u00ab\u00a0warming up\u00a0\u00bb il s&#8217;assure que tous les participants parlent du \u00ab\u00a0Lego\u00ae\u00a0\u00bb, pour ensuite se lancer dans la construction.\u00a0A la base d&#8217;une session Lego\u00ae Serious Play\u00ae il y a toujours la m\u00eame routine\u00a0: d&#8217;abord on pose une question &#8211; ensuite la cr\u00e9ation d&#8217;un mod\u00e8le en 3D &#8211; suivi par le joueur partageant ses id\u00e9es &#8211; pour finir par la r\u00e9flexion quant \u00e0 l&#8217;explication.<\/p>\n<ul>\n<li><em>Poser la question:<\/em> Une session Lego\u00ae Serious Play\u00ae se fonde sur la bonne pr\u00e9paration. Quelles sont les questions \u00e0 poser ? Quelle est l&#8217;ordre dans laquelle ces questions doivent \u00eatre pos\u00e9es ? Quelle formulation de la question contribuera de fa\u00e7on optimale au r\u00e9sultat ? Une fois la question pos\u00e9e au groupe, on se met \u00e0 cr\u00e9er.<\/li>\n<li><em>La cr\u00e9ation:<\/em> Le but de la cr\u00e9ation n&#8217;est pas de cr\u00e9er une construction esth\u00e9tique ou ing\u00e9nieuse. En appliquant la m\u00e9thode Lego\u00ae Serious Play\u00ae, c&#8217;est vous qui d\u00e9terminez la signification des briques. Et la signification choisie se r\u00e9v\u00e8le \u00e9galement la seule bonne signification. Par l&#8217;emploi de m\u00e9taphores, les m\u00eames briques Lego\u00ae r\u00e9pondent \u00e0 des questions diff\u00e9rentes, qui varient de \u00ab\u00a0Quelles sont les t\u00e2ches que vous repoussez jusqu&#8217;au dernier moment\u00a0?\u00a0\u00bb au \u00ab\u00a0Construisez votre jour ouvrable parfait.\u00a0\u00bb.<br \/>\nLes briques symbolisent d&#8217;autres significations \u00e0 chaque r\u00e9ponse : il se peut qu&#8217;une brique soit le symbole d&#8217;un ordinateur qui ne marche pas et qu&#8217;elle symbolise une tasse de caf\u00e9 dans un tout autre sc\u00e9nario. Toutes les briques Lego\u00ae aident \u00e0 raconter une histoire. Et chacun est libre dans son choix de son mod\u00e8le individuel.<\/li>\n<li><em>Partager:<\/em> Chaque participant \u00e0 son tour raconte de ce qu&#8217;il a cr\u00e9\u00e9. Au cours de son explication, il arrive que le participant d\u00e9couvre d&#8217;autres significations ou bien une signification inattendue. Ce processus c&#8217;est que l&#8217;on appelle \u00ab\u00a0la r\u00e9flexion pratique \u00bb. Chaque participant partage et \u00e9coute \u00e0 la fois, pour ainsi pr\u00e9senter tous les mod\u00e8les et leur explications correspondantes.<\/li>\n<li><em>R\u00e9flexion:<\/em> Pour donner suite \u00e0 l&#8217;explication du mod\u00e8le, le facilitateur stimule les autres participants de poser des questions. Ceci provoque des nouvelles id\u00e9es et des nouveaux perspectifs chez le constructeur-m\u00eame tout comme chez la personne posant la question et c&#8217;est l&#8217;une des valeurs les plus importants de la m\u00e9thode Lego\u00ae Serious Play\u00ae. Le facilitateur veille \u00e0 ce que les questions se rapportent uniquement au mod\u00e8le et non \u00e0 la personne-m\u00eame de son cr\u00e9ateur. Ainsi, il sait garantir un environnement s\u00e9cure pour partager des id\u00e9es.<\/li>\n<\/ul>\n\t\t\t\t<img decoding=\"async\" src=\"https:\/\/fireware.nl\/wp-content\/uploads\/2019\/02\/Lego-Serious-Play-picture.jpg\" alt=\"Lego Serious Play picture\" itemprop=\"image\" title=\"Lego Serious Play picture\" onerror=\"this.style.display='none'\"  \/>\n\t<h2>Est-ce que c&#8217;est toujours de construire son propre mod\u00e8le ?<\/h2>\n<p>Le mod\u00e8le individuel sert comme la fondation \u00e0 partir duquel la session se construit. D&#8217;autres formes de construction sont \u00e9galement possibles, d\u00e9pendant du r\u00e9sultat d\u00e9sir\u00e9, le temps disponible et la formulation de la question. Au sein de la m\u00e9thode Lego\u00ae Serious Play\u00ae, il y en a 7 :<\/p>\n<ul>\n<li><em>Le mod\u00e8le individuel<\/em>. Chaque session commence par le participant cr\u00e9ant son propre mod\u00e8le individuel.<\/li>\n<li><em>Le mod\u00e8le collectif<\/em>. Les mod\u00e8les individuels sont fus\u00e9s dans un seul mod\u00e8le qui pla\u00eet \u00e0 chaque participant.<\/li>\n<li><em>Un portrait<\/em>. Les participants arrangent les mod\u00e8les individuels. A l&#8217;aide de cette m\u00e9thode, on peut inspecter les relations r\u00e9ciproque des mod\u00e8les individuels.<\/li>\n<li><em>Connexions<\/em>. On connecte et lie les diff\u00e9rents mod\u00e8les les unes aux autres \u00e0 l&#8217;aide de briques Lego\u00ae dot\u00e9es.<\/li>\n<li><em>Un syst\u00e8me<\/em>. Cette m\u00e9thode de cr\u00e9ation est la suite de <em>Connexions<\/em> et nous permet de d\u00e9terminer les d\u00e9pendances mutuelles.<\/li>\n<li><em>Des \u00e9v\u00e9nements et des d\u00e9cisions<\/em>. Par voie de simulations, cette forme de cr\u00e9ation nous montre l&#8217;influences qu&#8217;ont les d\u00e9cisions et les \u00e9v\u00e9nements sur le syst\u00e8me.<\/li>\n<li><em>Simple Guiding Principles<\/em>. Cette m\u00e9thode de cr\u00e9ation permet de visualiser les points de d\u00e9part que l&#8217;\u00e9quipe ou l&#8217;organisation puisse utiliser en prenant des d\u00e9cisions (strat\u00e9giques) complexes.<\/li>\n<\/ul>\n<p>Le facilitateur se voit \u00e9quip\u00e9 d&#8217;un magasin de m\u00e9thodes \u00e0 combiner pour arriver \u00e0 une session Lego\u00ae Serious Play\u00ae sur mesure.<\/p>\n<h2>Quand utiliser la m\u00e9thode Lego\u00ae Serious Play\u00ae ?<\/h2>\n<p>Au sein de FireWare, la m\u00e9thode Lego\u00ae Serious Play\u00ae s&#8217;utilise entre autres pour la d\u00e9termination de strat\u00e9gie, le d\u00e9veloppement de produit, des trajets d&#8217;am\u00e9lioration, des questions organisateur et le d\u00e9veloppement conceptuel. Cependant, la m\u00e9thode est largement applicable. Pensez par exemple au maniement de conflits, du <em>teambuilding<\/em> et l&#8217;\u00e9valuation de vision. Nous avons eu de tr\u00e8s bonnes exp\u00e9riences avec cette m\u00e9thode. C&#8217;est pourquoi la m\u00e9thode est bien utilis\u00e9 au sein de notre soci\u00e9t\u00e9\u00a0! Et nous sommes enthousiastes de la partager avec des tiers !<\/p>\n\t\t\t\t<img decoding=\"async\" src=\"https:\/\/fireware.nl\/wp-content\/uploads\/2019\/02\/Lego-Serious-Play-bouwwerk.jpg\" alt=\"Lego Serious Play bouwwerk\" itemprop=\"image\" title=\"Lego Serious Play bouwwerk\" onerror=\"this.style.display='none'\"  \/>\n\t<h2>Les r\u00e9ponses aux questions pratiques<\/h2>\n<p><em><strong>Une session Lego\u00ae Serious Play\u00ae, elle permet la participation de combien de joueurs? &#8211;<\/strong><\/em> Cela d\u00e9pend fortement des buts anticip\u00e9s. Nous avons choisi nous-m\u00eame pour des sessions de 2 \u00e0 12 joueurs. Il est bien possible d&#8217;organiser des sessions pour un plus grand nombre de participants, mais, le cas \u00e9ch\u00e9ant, il est fort recommand\u00e9 d&#8217;ajouter un facilitateur.<\/p>\n<p><em><strong>Quelle est la duration d&#8217;une session Lego\u00ae Serious Play\u00ae ? &#8211;<\/strong><\/em> La plupart des sessions couvrent un ou deux parties d&#8217;une journ\u00e9e. Il arrive que l&#8217;on opte pour des sessions de plusieurs jours. La duration d\u00e9pend largement du but anticip\u00e9, le temps disponible et le nombre de participants.<\/p>\n<p><em><strong>Quelles briques Lego\u00ae sont utilis\u00e9es ? &#8211;<\/strong><\/em> On a bien r\u00e9fl\u00e9chi des types de briques Lego\u00ae propos\u00e9es dans les kits que l&#8217;on utilise. Pendant le d\u00e9but de la session, chacun a son propre kit. Il d\u00e9pend de la complexit\u00e9 et la duration du workshop si l&#8217;on opte pour le Kit Lego\u00ae Serious Play Exploration (no. d&#8217;art. 2000409 ) ou pour le Kit Starter (no. d&#8217;art. 2000414). Tandis que la session progresse, plus de briques Lego\u00ae sont mises \u00e0 la disposition des participants. Par exemple, le Kit Identity &amp; Landscape (no. d&#8217;art. 2000430) et le Kit Connections (no. d&#8217;art. 2000431) sont ajout\u00e9s. On assure en tout cas qu&#8217;il y aura suffisamment de mat\u00e9riel de construction.<\/p>\n<p><em><strong>Est-ce-que les sessions sont mod\u00e9r\u00e9s par des facilitateurs certifi\u00e9s ? &#8211;<\/strong><\/em> Seuls des facilitateurs qui ont eu un training intensif des fondateurs de Lego\u00ae Serious Play\u00ae \u00e0 Copenhague sont certifi\u00e9s pour mod\u00e9rer une session Lego\u00ae Serious Play\u00ae. Au sein de FireWare, c&#8217;est <a href=\"https:\/\/www.lspdirectory.com\/user\/seffireware-nl\/\" target=\"_blank\" rel=\"noopener\">Sef Hendrickx qui est un facilitateur certifi\u00e9 Lego\u00ae Serious Play\u00ae<\/a>. S&#8217;il y aura une demande pour un groupe plus grand, nous collaborons avec des facilitateurs certifi\u00e9s dans notre environnement.<\/p>\n<p><em><strong>Quel est le prix d&#8217;une session Lego\u00ae Serious Play\u00ae ? &#8211;<\/strong><\/em> L&#8217;investissement dans une session d\u00e9pend fortement de la largeur du groupe, la duration et le temps n\u00e9cessaire pour la pr\u00e9paration. En g\u00e9n\u00e9ral, une session co\u00fbte 800,- \u20ac \/ la partie de la journ\u00e9e, sans calculer la pr\u00e9paration et les co\u00fbts \/ frais de voyage, du logement et du mat\u00e9riel. Les kits Lego\u00ae sont \u00e0 louer et \u00e0 acheter chez FireWare. Pour un devis sur mesure, n&#8217;h\u00e9sitez pas \u00e0 nous contacter.<\/p>\n<p><em><strong>De quoi dois-je rendre compte ? &#8211;<\/strong><\/em> Nous cherchons toujours \u00e0 arriver \u00e0 un r\u00e9sultat optimal. C&#8217;est pourquoi il y a un nombre de r\u00e8gles de base que les participants doivent respecter. La r\u00e8gle la plus importante c&#8217;est l&#8217;interdiction de l&#8217;usage de portables pendant la session. Il est simplement attendu que chaque participant soit 100% engag\u00e9.<\/p>\n<p><em><strong>O\u00f9 est-ce-que l&#8217;on peut organiser, une session Lego\u00ae Serious Play\u00ae ? &#8211;<\/strong><\/em> N&#8217;importe o\u00f9, en fait. Pourvu qu&#8217;il y ait quelques tables assez grandes. Nous avons eu des sessions \u00e0 la plage, dans des h\u00f4tels, dans des casernes de pompiers, des espaces meeting et m\u00eame au milieu du lac de l&#8217;IJsselmeer sur une navire \u00e0 voile. La condition la plus importante c&#8217;est que l&#8217;endroit doit \u00eatre priv\u00e9, sans distractions. Si vous pensez \u00e0 organiser une session hors de votre propre soci\u00e9t\u00e9, il faut savoir que FireWare dispose d&#8217;une espace brainstorming sp\u00e9cialement \u00e9quip\u00e9e que nous pouvons mettre \u00e0 votre disposition.<\/p>\n\t\t\t\t<img decoding=\"async\" src=\"https:\/\/fireware.nl\/wp-content\/uploads\/2019\/02\/Lego-Serious-Play-facilitator.jpg\" alt=\"Lego Serious Play facilitator\" itemprop=\"image\" title=\"Lego Serious Play facilitator\" onerror=\"this.style.display='none'\"  \/>\n\n","protected":false},"excerpt":{"rendered":"<p>C&#8217;est quoi, la m\u00e9thode Lego\u00ae Serious Play ? Lego\u00ae Serious Play\u00ae se sert de briques Lego pour r\u00e9pondre aux questions,<span class=\"excerpt-ellipsis\">&#8230;<\/span><\/p>\n","protected":false},"author":9,"featured_media":22161,"parent":10310,"menu_order":0,"comment_status":"closed","ping_status":"closed","template":"","meta":{"footnotes":""},"class_list":["post-26931","page","type-page","status-publish","has-post-thumbnail","hentry"],"yoast_head":"<!-- This site is optimized with the Yoast SEO plugin v27.2 - https:\/\/yoast.com\/product\/yoast-seo-wordpress\/ -->\n<title>Lego\u00ae Serious Play\u00ae - FireWare<\/title>\n<meta name=\"robots\" content=\"index, follow, max-snippet:-1, max-image-preview:large, max-video-preview:-1\" \/>\n<link rel=\"canonical\" href=\"https:\/\/www.fireware.nl\/fr\/conception\/lego-serious-play\/\" \/>\n<meta property=\"og:locale\" content=\"fr_FR\" \/>\n<meta property=\"og:type\" content=\"article\" \/>\n<meta property=\"og:title\" content=\"Lego\u00ae Serious Play\u00ae - FireWare\" \/>\n<meta property=\"og:description\" content=\"C&#8217;est quoi, la m\u00e9thode Lego\u00ae Serious Play ? Lego\u00ae Serious Play\u00ae se sert de briques Lego pour r\u00e9pondre aux questions,...\" \/>\n<meta property=\"og:url\" content=\"https:\/\/www.fireware.nl\/fr\/conception\/lego-serious-play\/\" \/>\n<meta property=\"og:site_name\" content=\"FireWare\" \/>\n<meta property=\"article:publisher\" content=\"https:\/\/www.facebook.com\/FireWareBV\/\" \/>\n<meta property=\"article:modified_time\" content=\"2021-05-19T09:11:30+00:00\" \/>\n<meta property=\"og:image\" content=\"https:\/\/www.fireware.nl\/wp-content\/uploads\/2018\/01\/brainstorm-lego-serious-play-6.jpg\" \/>\n\t<meta property=\"og:image:width\" content=\"1100\" \/>\n\t<meta property=\"og:image:height\" content=\"400\" \/>\n\t<meta property=\"og:image:type\" content=\"image\/jpeg\" \/>\n<meta name=\"twitter:card\" content=\"summary_large_image\" \/>\n<meta name=\"twitter:site\" content=\"@FireWarebv\" \/>\n<meta name=\"twitter:label1\" content=\"Dur\u00e9e de lecture estim\u00e9e\" \/>\n\t<meta name=\"twitter:data1\" content=\"8 minutes\" \/>\n<script type=\"application\/ld+json\" class=\"yoast-schema-graph\">{\"@context\":\"https:\/\/schema.org\",\"@graph\":[{\"@type\":\"WebPage\",\"@id\":\"https:\/\/www.fireware.nl\/fr\/conception\/lego-serious-play\/\",\"url\":\"https:\/\/www.fireware.nl\/fr\/conception\/lego-serious-play\/\",\"name\":\"Lego\u00ae Serious Play\u00ae - FireWare\",\"isPartOf\":{\"@id\":\"https:\/\/www.fireware.nl\/fr\/#website\"},\"primaryImageOfPage\":{\"@id\":\"https:\/\/www.fireware.nl\/fr\/conception\/lego-serious-play\/#primaryimage\"},\"image\":{\"@id\":\"https:\/\/www.fireware.nl\/fr\/conception\/lego-serious-play\/#primaryimage\"},\"thumbnailUrl\":\"https:\/\/www.fireware.nl\/wp-content\/uploads\/2018\/01\/brainstorm-lego-serious-play-6.jpg\",\"datePublished\":\"2019-02-20T10:01:15+00:00\",\"dateModified\":\"2021-05-19T09:11:30+00:00\",\"breadcrumb\":{\"@id\":\"https:\/\/www.fireware.nl\/fr\/conception\/lego-serious-play\/#breadcrumb\"},\"inLanguage\":\"fr-FR\",\"potentialAction\":[{\"@type\":\"ReadAction\",\"target\":[\"https:\/\/www.fireware.nl\/fr\/conception\/lego-serious-play\/\"]}]},{\"@type\":\"ImageObject\",\"inLanguage\":\"fr-FR\",\"@id\":\"https:\/\/www.fireware.nl\/fr\/conception\/lego-serious-play\/#primaryimage\",\"url\":\"https:\/\/www.fireware.nl\/wp-content\/uploads\/2018\/01\/brainstorm-lego-serious-play-6.jpg\",\"contentUrl\":\"https:\/\/www.fireware.nl\/wp-content\/uploads\/2018\/01\/brainstorm-lego-serious-play-6.jpg\",\"width\":1100,\"height\":400,\"caption\":\"brainstorm lego serious play-6\"},{\"@type\":\"BreadcrumbList\",\"@id\":\"https:\/\/www.fireware.nl\/fr\/conception\/lego-serious-play\/#breadcrumb\",\"itemListElement\":[{\"@type\":\"ListItem\",\"position\":1,\"name\":\"Home\",\"item\":\"https:\/\/www.fireware.nl\/fr\/\"},{\"@type\":\"ListItem\",\"position\":2,\"name\":\"Conception\",\"item\":\"https:\/\/www.fireware.nl\/fr\/conception\/\"},{\"@type\":\"ListItem\",\"position\":3,\"name\":\"Lego\u00ae Serious Play\u00ae\"}]},{\"@type\":\"WebSite\",\"@id\":\"https:\/\/www.fireware.nl\/fr\/#website\",\"url\":\"https:\/\/www.fireware.nl\/fr\/\",\"name\":\"FireWare\",\"description\":\"CREATING REALISTIC  TRAINING ENVIRONMENTS\",\"publisher\":{\"@id\":\"https:\/\/www.fireware.nl\/fr\/#organization\"},\"potentialAction\":[{\"@type\":\"SearchAction\",\"target\":{\"@type\":\"EntryPoint\",\"urlTemplate\":\"https:\/\/www.fireware.nl\/fr\/?s={search_term_string}\"},\"query-input\":{\"@type\":\"PropertyValueSpecification\",\"valueRequired\":true,\"valueName\":\"search_term_string\"}}],\"inLanguage\":\"fr-FR\"},{\"@type\":\"Organization\",\"@id\":\"https:\/\/www.fireware.nl\/fr\/#organization\",\"name\":\"FireWare\",\"url\":\"https:\/\/www.fireware.nl\/fr\/\",\"logo\":{\"@type\":\"ImageObject\",\"inLanguage\":\"fr-FR\",\"@id\":\"https:\/\/www.fireware.nl\/fr\/#\/schema\/logo\/image\/\",\"url\":\"https:\/\/www.fireware.nl\/wp-content\/uploads\/2018\/10\/fireware-logo.png\",\"contentUrl\":\"https:\/\/www.fireware.nl\/wp-content\/uploads\/2018\/10\/fireware-logo.png\",\"width\":200,\"height\":86,\"caption\":\"FireWare\"},\"image\":{\"@id\":\"https:\/\/www.fireware.nl\/fr\/#\/schema\/logo\/image\/\"},\"sameAs\":[\"https:\/\/www.facebook.com\/FireWareBV\/\",\"https:\/\/x.com\/FireWarebv\",\"https:\/\/www.instagram.com\/fireware_nl\/\",\"https:\/\/www.linkedin.com\/company\/3586017\/\",\"https:\/\/www.youtube.com\/user\/firesalesrentconsult\"]}]}<\/script>\n<!-- \/ Yoast SEO plugin. -->","yoast_head_json":{"title":"Lego\u00ae Serious Play\u00ae - FireWare","robots":{"index":"index","follow":"follow","max-snippet":"max-snippet:-1","max-image-preview":"max-image-preview:large","max-video-preview":"max-video-preview:-1"},"canonical":"https:\/\/www.fireware.nl\/fr\/conception\/lego-serious-play\/","og_locale":"fr_FR","og_type":"article","og_title":"Lego\u00ae Serious Play\u00ae - FireWare","og_description":"C&#8217;est quoi, la m\u00e9thode Lego\u00ae Serious Play ? Lego\u00ae Serious Play\u00ae se sert de briques Lego pour r\u00e9pondre aux questions,...","og_url":"https:\/\/www.fireware.nl\/fr\/conception\/lego-serious-play\/","og_site_name":"FireWare","article_publisher":"https:\/\/www.facebook.com\/FireWareBV\/","article_modified_time":"2021-05-19T09:11:30+00:00","og_image":[{"width":1100,"height":400,"url":"https:\/\/www.fireware.nl\/wp-content\/uploads\/2018\/01\/brainstorm-lego-serious-play-6.jpg","type":"image\/jpeg"}],"twitter_card":"summary_large_image","twitter_site":"@FireWarebv","twitter_misc":{"Dur\u00e9e de lecture estim\u00e9e":"8 minutes"},"schema":{"@context":"https:\/\/schema.org","@graph":[{"@type":"WebPage","@id":"https:\/\/www.fireware.nl\/fr\/conception\/lego-serious-play\/","url":"https:\/\/www.fireware.nl\/fr\/conception\/lego-serious-play\/","name":"Lego\u00ae Serious Play\u00ae - FireWare","isPartOf":{"@id":"https:\/\/www.fireware.nl\/fr\/#website"},"primaryImageOfPage":{"@id":"https:\/\/www.fireware.nl\/fr\/conception\/lego-serious-play\/#primaryimage"},"image":{"@id":"https:\/\/www.fireware.nl\/fr\/conception\/lego-serious-play\/#primaryimage"},"thumbnailUrl":"https:\/\/www.fireware.nl\/wp-content\/uploads\/2018\/01\/brainstorm-lego-serious-play-6.jpg","datePublished":"2019-02-20T10:01:15+00:00","dateModified":"2021-05-19T09:11:30+00:00","breadcrumb":{"@id":"https:\/\/www.fireware.nl\/fr\/conception\/lego-serious-play\/#breadcrumb"},"inLanguage":"fr-FR","potentialAction":[{"@type":"ReadAction","target":["https:\/\/www.fireware.nl\/fr\/conception\/lego-serious-play\/"]}]},{"@type":"ImageObject","inLanguage":"fr-FR","@id":"https:\/\/www.fireware.nl\/fr\/conception\/lego-serious-play\/#primaryimage","url":"https:\/\/www.fireware.nl\/wp-content\/uploads\/2018\/01\/brainstorm-lego-serious-play-6.jpg","contentUrl":"https:\/\/www.fireware.nl\/wp-content\/uploads\/2018\/01\/brainstorm-lego-serious-play-6.jpg","width":1100,"height":400,"caption":"brainstorm lego serious play-6"},{"@type":"BreadcrumbList","@id":"https:\/\/www.fireware.nl\/fr\/conception\/lego-serious-play\/#breadcrumb","itemListElement":[{"@type":"ListItem","position":1,"name":"Home","item":"https:\/\/www.fireware.nl\/fr\/"},{"@type":"ListItem","position":2,"name":"Conception","item":"https:\/\/www.fireware.nl\/fr\/conception\/"},{"@type":"ListItem","position":3,"name":"Lego\u00ae Serious Play\u00ae"}]},{"@type":"WebSite","@id":"https:\/\/www.fireware.nl\/fr\/#website","url":"https:\/\/www.fireware.nl\/fr\/","name":"FireWare","description":"CREATING REALISTIC  TRAINING ENVIRONMENTS","publisher":{"@id":"https:\/\/www.fireware.nl\/fr\/#organization"},"potentialAction":[{"@type":"SearchAction","target":{"@type":"EntryPoint","urlTemplate":"https:\/\/www.fireware.nl\/fr\/?s={search_term_string}"},"query-input":{"@type":"PropertyValueSpecification","valueRequired":true,"valueName":"search_term_string"}}],"inLanguage":"fr-FR"},{"@type":"Organization","@id":"https:\/\/www.fireware.nl\/fr\/#organization","name":"FireWare","url":"https:\/\/www.fireware.nl\/fr\/","logo":{"@type":"ImageObject","inLanguage":"fr-FR","@id":"https:\/\/www.fireware.nl\/fr\/#\/schema\/logo\/image\/","url":"https:\/\/www.fireware.nl\/wp-content\/uploads\/2018\/10\/fireware-logo.png","contentUrl":"https:\/\/www.fireware.nl\/wp-content\/uploads\/2018\/10\/fireware-logo.png","width":200,"height":86,"caption":"FireWare"},"image":{"@id":"https:\/\/www.fireware.nl\/fr\/#\/schema\/logo\/image\/"},"sameAs":["https:\/\/www.facebook.com\/FireWareBV\/","https:\/\/x.com\/FireWarebv","https:\/\/www.instagram.com\/fireware_nl\/","https:\/\/www.linkedin.com\/company\/3586017\/","https:\/\/www.youtube.com\/user\/firesalesrentconsult"]}]}},"publishpress_future_action":{"enabled":false,"date":"2026-04-22 17:55:39","action":"change-status","newStatus":"draft","terms":[],"taxonomy":"translation_priority","extraData":[]},"publishpress_future_workflow_manual_trigger":{"enabledWorkflows":[]},"_links":{"self":[{"href":"https:\/\/www.fireware.nl\/fr\/wp-json\/wp\/v2\/pages\/26931","targetHints":{"allow":["GET"]}}],"collection":[{"href":"https:\/\/www.fireware.nl\/fr\/wp-json\/wp\/v2\/pages"}],"about":[{"href":"https:\/\/www.fireware.nl\/fr\/wp-json\/wp\/v2\/types\/page"}],"author":[{"embeddable":true,"href":"https:\/\/www.fireware.nl\/fr\/wp-json\/wp\/v2\/users\/9"}],"replies":[{"embeddable":true,"href":"https:\/\/www.fireware.nl\/fr\/wp-json\/wp\/v2\/comments?post=26931"}],"version-history":[{"count":0,"href":"https:\/\/www.fireware.nl\/fr\/wp-json\/wp\/v2\/pages\/26931\/revisions"}],"up":[{"embeddable":true,"href":"https:\/\/www.fireware.nl\/fr\/wp-json\/wp\/v2\/pages\/10310"}],"wp:featuredmedia":[{"embeddable":true,"href":"https:\/\/www.fireware.nl\/fr\/wp-json\/wp\/v2\/media\/22161"}],"wp:attachment":[{"href":"https:\/\/www.fireware.nl\/fr\/wp-json\/wp\/v2\/media?parent=26931"}],"curies":[{"name":"wp","href":"https:\/\/api.w.org\/{rel}","templated":true}]}}