
{"id":10317,"date":"2017-08-15T10:06:44","date_gmt":"2017-08-15T10:06:44","guid":{"rendered":"http:\/\/exclusive-it-development.nl\/?page_id=2620"},"modified":"2024-11-22T07:35:31","modified_gmt":"2024-11-22T07:35:31","slug":"societe-et-durabilite","status":"publish","type":"page","link":"https:\/\/www.fireware.nl\/fr\/societe-et-durabilite\/","title":{"rendered":"Soci\u00e9te et durabilit\u00e9"},"content":{"rendered":"\n\n<p>FireWare s&#8217;investit \u00e0 fond dans la responsabilit\u00e9 sociale d&#8217;entreprise et vous pr\u00e9sente ici sa politique en la mati\u00e8re. Sans vouloir nous vanter, nous aimerions simplement vous montrer qu&#8217;en proc\u00e9dant diff\u00e9remment pour certaines petites choses, nous contribuons modestement \u00e0 embellir et \u00e0 am\u00e9liorer notre plan\u00e8te.<\/p>\n<p>Peut-\u00eatre que l&#8217;une ou l&#8217;autre de nos initiatives vous donnera de l&#8217;inspiration, \u00e0 moins que nous ne n\u00e9gligions une belle opportunit\u00e9 pour am\u00e9liorer durablement notre gestion d&#8217;entreprise. Si vous avez une suggestion \u00e0 faire \u00e0 ce sujet, n&#8217;h\u00e9sitez pas \u00e0 nous la communiquer par e-mail \u00e0 l&#8217;adresse <a href=\"mailto:sef@fireware.sites.hyperhosting.co\">sef@FireWare.nl<\/a>.<\/p>\n\t\t\t\t<a href=\"https:\/\/www.fireware.nl\/fr\/societe-et-durabilite\/achat-ou-location\/\" target=\"_self\" itemprop=\"url\" rel=\"noopener\">\n\t\t\t\t<img decoding=\"async\" src=\"https:\/\/www.fireware.nl\/wp-content\/uploads\/2019\/02\/Bezit-of-gebruik.jpg\" alt=\"Bezit of gebruik\" itemprop=\"image\" height=\"147\" width=\"220\" title=\"Bezit of gebruik\" onerror=\"this.style.display='none'\"  \/>\n\t\t\t\t<\/a>\n\t<p><strong>Achat ou location ?<\/strong><\/p>\n\t\t\t\t<a href=\"https:\/\/www.fireware.nl\/fr\/societe-et-durabilite\/conditionnement-dans-des-caissons-en-matiere-synthetique\/\" target=\"_self\" itemprop=\"url\" rel=\"noopener\">\n\t\t\t\t<img decoding=\"async\" src=\"https:\/\/www.fireware.nl\/wp-content\/uploads\/2024\/11\/20241111-Plastic-Kratten_Web_Klein-.jpg\" alt=\"20241111 Plastic Kratten_Web_Klein\" itemprop=\"image\" height=\"147\" width=\"220\" title=\"20241111 Plastic Kratten_Web_Klein\" onerror=\"this.style.display='none'\"  \/>\n\t\t\t\t<\/a>\n\t<p><strong>Conditionnement dans des caissons en mati\u00e8re synth\u00e9tique<\/strong><\/p>\n\t\t\t\t<a href=\"https:\/\/www.fireware.nl\/fr\/societe-et-durabilite\/dechets\/\" target=\"_self\" itemprop=\"url\" rel=\"noopener\">\n\t\t\t\t<img decoding=\"async\" src=\"https:\/\/www.fireware.nl\/wp-content\/uploads\/2019\/02\/Afvalstromen.jpg\" alt=\"Afvalstromen\" itemprop=\"image\" height=\"147\" width=\"220\" title=\"Afvalstromen\" onerror=\"this.style.display='none'\"  \/>\n\t\t\t\t<\/a>\n\t<p><strong>D\u00e9chets<\/strong><\/p>\n\t\t\t\t<a href=\"https:\/\/www.fireware.nl\/fr\/societe-et-durabilite\/eclairage-led-et-eco-energetique\/\" target=\"_self\" itemprop=\"url\" rel=\"noopener\">\n\t\t\t\t<img decoding=\"async\" src=\"https:\/\/www.fireware.nl\/wp-content\/uploads\/2019\/02\/LED-en-energiezuinige-verlichting.jpg\" alt=\"LED- en energiezuinige verlichting\" itemprop=\"image\" height=\"147\" width=\"220\" title=\"LED- en energiezuinige verlichting\" onerror=\"this.style.display='none'\"  \/>\n\t\t\t\t<\/a>\n\t<p><strong>\u00c9clairage LED et \u00e9co-\u00e9nerg\u00e9tique<\/strong><\/p>\n\t\t\t\t<a href=\"https:\/\/www.fireware.nl\/fr\/societe-et-durabilite\/electricite-et-gaz-ecologiques\/\" target=\"_self\" itemprop=\"url\" rel=\"noopener\">\n\t\t\t\t<img decoding=\"async\" src=\"https:\/\/www.fireware.nl\/wp-content\/uploads\/2019\/02\/Groene-stroom-en-gas.jpg\" alt=\"Groene stroom en gas\" itemprop=\"image\" height=\"147\" width=\"220\" title=\"Groene stroom en gas\" onerror=\"this.style.display='none'\"  \/>\n\t\t\t\t<\/a>\n\t<p><strong>\u00c9lectricit\u00e9 et gaz \u00e9cologiques<\/strong><\/p>\n\t\t\t\t<a href=\"https:\/\/www.fireware.nl\/fr\/societe-et-durabilite\/entreprise-de-formation-reconnue\/\" target=\"_self\" itemprop=\"url\" rel=\"noopener\">\n\t\t\t\t<img decoding=\"async\" src=\"https:\/\/www.fireware.nl\/wp-content\/uploads\/2019\/02\/Erkend-leerbedrijf.jpg\" alt=\"Erkend leerbedrijf\" itemprop=\"image\" height=\"147\" width=\"220\" title=\"Erkend leerbedrijf\" onerror=\"this.style.display='none'\"  \/>\n\t\t\t\t<\/a>\n\t<p><strong>Entreprise de formation reconnue<\/strong><\/p>\n\t\t\t\t<a href=\"https:\/\/www.fireware.nl\/fr\/fr\/fireware-sengage-pour-une-generation-sans-tabac\/\" target=\"_blank\" rel=\"noopener\" itemprop=\"url\">\n\t\t\t\t<img decoding=\"async\" src=\"https:\/\/www.fireware.nl\/wp-content\/uploads\/2022\/03\/Rookvrije-generatie.jpg\" alt=\"Rookvrije generatie\" itemprop=\"image\" height=\"147\" width=\"220\" title=\"Rookvrije generatie\" onerror=\"this.style.display='none'\"  \/>\n\t\t\t\t<\/a>\n\t<p><strong>G\u00e9n\u00e9ration sans Tabac<\/strong><\/p>\n\t\t\t\t<a href=\"https:\/\/www.fireware.nl\/fr\/societe-et-durabilite\/le-developpement-durable-dans-nos-projets\/\" target=\"_self\" itemprop=\"url\" rel=\"noopener\">\n\t\t\t\t<img decoding=\"async\" src=\"https:\/\/www.fireware.nl\/wp-content\/uploads\/2019\/02\/Duurzaamheid-in-onze-ontwerpen.jpg\" alt=\"Duurzaamheid in onze ontwerpen\" itemprop=\"image\" height=\"147\" width=\"220\" title=\"Duurzaamheid in onze ontwerpen\" onerror=\"this.style.display='none'\"  \/>\n\t\t\t\t<\/a>\n\t<p><strong>Le d\u00e9veloppement durable dans nos projets<\/strong><\/p>\n\t\t\t\t<a href=\"https:\/\/www.fireware.nl\/fr\/societe-et-durabilite\/opportunites-pour-les-personnes-eloignees-du-marche-du-travail\/\" target=\"_self\" itemprop=\"url\" rel=\"noopener\">\n\t\t\t\t<img decoding=\"async\" src=\"https:\/\/www.fireware.nl\/wp-content\/uploads\/2019\/02\/Afstand-tot-de-arbeidsmarkt.jpg\" alt=\"Afstand tot de arbeidsmarkt\" itemprop=\"image\" height=\"147\" width=\"220\" title=\"Afstand tot de arbeidsmarkt\" onerror=\"this.style.display='none'\"  \/>\n\t\t\t\t<\/a>\n\t<p><strong>Opportunit\u00e9s pour les personnes \u00e9loign\u00e9es du march\u00e9 du travail<\/strong><\/p>\n\t\t\t\t<a href=\"https:\/\/www.fireware.nl\/fr\/societe-et-durabilite\/pompiers-sans-frontieres\/\" target=\"_self\" itemprop=\"url\" rel=\"noopener\">\n\t\t\t\t<img decoding=\"async\" src=\"https:\/\/www.fireware.nl\/wp-content\/uploads\/2019\/02\/Brandweer-Zonder-Grenzen.jpg\" alt=\"Brandweer zonder grenzen\" itemprop=\"image\" title=\"Brandweer zonder grenzen\" onerror=\"this.style.display='none'\"  \/>\n\t\t\t\t<\/a>\n\t<p><strong>Pompiers sans fronti\u00e8res<\/strong><\/p>\n\t\t\t\t<a href=\"https:\/\/www.fireware.nl\/fr\/societe-et-durabilite\/recuperation-de-chaleur\/\" target=\"_self\" itemprop=\"url\" rel=\"noopener\">\n\t\t\t\t<img decoding=\"async\" src=\"https:\/\/www.fireware.nl\/wp-content\/uploads\/2019\/02\/Warmte-terugwinning.jpg\" alt=\"Warmte terugwinning\" itemprop=\"image\" height=\"147\" width=\"220\" title=\"Warmte terugwinning\" onerror=\"this.style.display='none'\"  \/>\n\t\t\t\t<\/a>\n\t<p><strong>R\u00e9cup\u00e9ration de chaleur<\/strong><\/p>\n\t\t\t\t<a href=\"https:\/\/www.fireware.nl\/fr\/societe-et-durabilite\/recuperation-de-chaleur\/\" target=\"_self\" itemprop=\"url\" rel=\"noopener\">\n\t\t\t\t<img decoding=\"async\" src=\"https:\/\/www.fireware.nl\/wp-content\/uploads\/2024\/11\/20241120-Neptune_Web_Klein.jpg\" alt=\"20241120 Neptune_Web_Klein\" itemprop=\"image\" height=\"147\" width=\"220\" title=\"20241120 Neptune_Web_Klein\" onerror=\"this.style.display='none'\"  \/>\n\t\t\t\t<\/a>\n\t<p><strong>Remplissage autonome des extincteurs d&#8217;exercice<\/strong><\/p>\n\t\t\t\t<a href=\"https:\/\/www.fireware.nl\/fr\/societe-et-durabilite\/repas-cafe-et-the-equitables\/\" target=\"_self\" itemprop=\"url\" rel=\"noopener\">\n\t\t\t\t<img decoding=\"async\" src=\"https:\/\/www.fireware.nl\/wp-content\/uploads\/2019\/02\/Fairtrade-lunch-koffie-en-thee.jpg\" alt=\"Fairtrade lunch koffie en thee\" itemprop=\"image\" height=\"147\" width=\"220\" title=\"Fairtrade lunch koffie en thee\" onerror=\"this.style.display='none'\"  \/>\n\t\t\t\t<\/a>\n\t<p><strong>Repas, caf\u00e9 et th\u00e9 \u00e9quitables<\/strong><\/p>\n\t\t\t\t<a href=\"https:\/\/www.fireware.nl\/fr\/societe-et-durabilite\/roparun\/\" target=\"_self\" itemprop=\"url\" rel=\"noopener\">\n\t\t\t\t<img decoding=\"async\" src=\"https:\/\/www.fireware.nl\/wp-content\/uploads\/2019\/02\/Roparun.jpg\" alt=\"Roparun\" itemprop=\"image\" height=\"147\" width=\"220\" title=\"Roparun\" onerror=\"this.style.display='none'\"  \/>\n\t\t\t\t<\/a>\n\t<p><strong>Roparun<\/strong><\/p>\n\t\t\t\t<a href=\"https:\/\/www.fireware.nl\/fr\/societe-et-durabilite\/silos-a-compost\/\" target=\"_self\" itemprop=\"url\" rel=\"noopener\">\n\t\t\t\t<img decoding=\"async\" src=\"https:\/\/www.fireware.nl\/wp-content\/uploads\/2021\/12\/Compost.jpg\" alt=\"Compost\" itemprop=\"image\" height=\"147\" width=\"220\" title=\"Compost\" onerror=\"this.style.display='none'\"  \/>\n\t\t\t\t<\/a>\n\t<p><strong>Silos \u00e0 compost<\/strong><\/p>\n\t\t\t\t<a href=\"https:\/\/www.fireware.nl\/fr\/societe-et-durabilite\/vieux-papiers-pour-le-club-de-gymnastique-avendo-de-wieringerwerf\/\" target=\"_self\" itemprop=\"url\" rel=\"noopener\">\n\t\t\t\t<img decoding=\"async\" src=\"https:\/\/www.fireware.nl\/wp-content\/uploads\/2019\/02\/Oud-papier-voor-gymnastiekclub-Avendo-in-Wieringerwerf.jpg\" alt=\"Oud papier voor gymnastiekclub Avendo in Wieringerwerf\" itemprop=\"image\" height=\"147\" width=\"220\" title=\"Oud papier voor gymnastiekclub Avendo in Wieringerwerf\" onerror=\"this.style.display='none'\"  \/>\n\t\t\t\t<\/a>\n\t<p><strong>Vieux papiers pour le club de gymnastique Avendo de Wieringerwerf<\/strong><\/p>\n\n","protected":false},"excerpt":{"rendered":"<p>FireWare s&#8217;investit \u00e0 fond dans la responsabilit\u00e9 sociale d&#8217;entreprise et vous pr\u00e9sente ici sa politique en la mati\u00e8re. Sans vouloir<span class=\"excerpt-ellipsis\">&#8230;<\/span><\/p>\n","protected":false},"author":2,"featured_media":0,"parent":0,"menu_order":0,"comment_status":"closed","ping_status":"closed","template":"","meta":{"footnotes":""},"class_list":["post-10317","page","type-page","status-publish","hentry"],"yoast_head":"<!-- This site is optimized with the Yoast SEO plugin v27.4 - https:\/\/yoast.com\/product\/yoast-seo-wordpress\/ -->\n<title>Soci\u00e9te et durabilit\u00e9 - FireWare<\/title>\n<meta name=\"robots\" content=\"index, follow, max-snippet:-1, max-image-preview:large, max-video-preview:-1\" \/>\n<link rel=\"canonical\" href=\"https:\/\/www.fireware.nl\/fr\/societe-et-durabilite\/\" \/>\n<meta property=\"og:locale\" content=\"fr_FR\" \/>\n<meta property=\"og:type\" content=\"article\" \/>\n<meta property=\"og:title\" content=\"Soci\u00e9te et durabilit\u00e9 - FireWare\" \/>\n<meta property=\"og:description\" content=\"FireWare s&#8217;investit \u00e0 fond dans la responsabilit\u00e9 sociale d&#8217;entreprise et vous pr\u00e9sente ici sa politique en la mati\u00e8re. Sans vouloir...\" \/>\n<meta property=\"og:url\" content=\"https:\/\/www.fireware.nl\/fr\/societe-et-durabilite\/\" \/>\n<meta property=\"og:site_name\" content=\"FireWare\" \/>\n<meta property=\"article:publisher\" content=\"https:\/\/www.facebook.com\/FireWareBV\/\" \/>\n<meta property=\"article:modified_time\" content=\"2024-11-22T07:35:31+00:00\" \/>\n<meta property=\"og:image\" content=\"https:\/\/www.fireware.nl\/wp-content\/uploads\/2019\/02\/Bezit-of-gebruik.jpg\" \/>\n<meta name=\"twitter:card\" content=\"summary_large_image\" \/>\n<meta name=\"twitter:site\" content=\"@FireWarebv\" \/>\n<meta name=\"twitter:label1\" content=\"Dur\u00e9e de lecture estim\u00e9e\" \/>\n\t<meta name=\"twitter:data1\" content=\"1 minute\" \/>\n<script type=\"application\/ld+json\" class=\"yoast-schema-graph\">{\"@context\":\"https:\\\/\\\/schema.org\",\"@graph\":[{\"@type\":\"WebPage\",\"@id\":\"https:\\\/\\\/www.fireware.nl\\\/fr\\\/societe-et-durabilite\\\/\",\"url\":\"https:\\\/\\\/www.fireware.nl\\\/fr\\\/societe-et-durabilite\\\/\",\"name\":\"Soci\u00e9te et durabilit\u00e9 - FireWare\",\"isPartOf\":{\"@id\":\"https:\\\/\\\/www.fireware.nl\\\/fr\\\/#website\"},\"primaryImageOfPage\":{\"@id\":\"https:\\\/\\\/www.fireware.nl\\\/fr\\\/societe-et-durabilite\\\/#primaryimage\"},\"image\":{\"@id\":\"https:\\\/\\\/www.fireware.nl\\\/fr\\\/societe-et-durabilite\\\/#primaryimage\"},\"thumbnailUrl\":\"https:\\\/\\\/www.fireware.nl\\\/wp-content\\\/uploads\\\/2019\\\/02\\\/Bezit-of-gebruik.jpg\",\"datePublished\":\"2017-08-15T10:06:44+00:00\",\"dateModified\":\"2024-11-22T07:35:31+00:00\",\"breadcrumb\":{\"@id\":\"https:\\\/\\\/www.fireware.nl\\\/fr\\\/societe-et-durabilite\\\/#breadcrumb\"},\"inLanguage\":\"fr-FR\",\"potentialAction\":[{\"@type\":\"ReadAction\",\"target\":[\"https:\\\/\\\/www.fireware.nl\\\/fr\\\/societe-et-durabilite\\\/\"]}]},{\"@type\":\"ImageObject\",\"inLanguage\":\"fr-FR\",\"@id\":\"https:\\\/\\\/www.fireware.nl\\\/fr\\\/societe-et-durabilite\\\/#primaryimage\",\"url\":\"https:\\\/\\\/www.fireware.nl\\\/wp-content\\\/uploads\\\/2019\\\/02\\\/Bezit-of-gebruik.jpg\",\"contentUrl\":\"https:\\\/\\\/www.fireware.nl\\\/wp-content\\\/uploads\\\/2019\\\/02\\\/Bezit-of-gebruik.jpg\"},{\"@type\":\"BreadcrumbList\",\"@id\":\"https:\\\/\\\/www.fireware.nl\\\/fr\\\/societe-et-durabilite\\\/#breadcrumb\",\"itemListElement\":[{\"@type\":\"ListItem\",\"position\":1,\"name\":\"Home\",\"item\":\"https:\\\/\\\/www.fireware.nl\\\/fr\\\/\"},{\"@type\":\"ListItem\",\"position\":2,\"name\":\"Soci\u00e9te et durabilit\u00e9\"}]},{\"@type\":\"WebSite\",\"@id\":\"https:\\\/\\\/www.fireware.nl\\\/fr\\\/#website\",\"url\":\"https:\\\/\\\/www.fireware.nl\\\/fr\\\/\",\"name\":\"FireWare\",\"description\":\"CREATING REALISTIC  TRAINING ENVIRONMENTS\",\"publisher\":{\"@id\":\"https:\\\/\\\/www.fireware.nl\\\/fr\\\/#organization\"},\"potentialAction\":[{\"@type\":\"SearchAction\",\"target\":{\"@type\":\"EntryPoint\",\"urlTemplate\":\"https:\\\/\\\/www.fireware.nl\\\/fr\\\/?s={search_term_string}\"},\"query-input\":{\"@type\":\"PropertyValueSpecification\",\"valueRequired\":true,\"valueName\":\"search_term_string\"}}],\"inLanguage\":\"fr-FR\"},{\"@type\":\"Organization\",\"@id\":\"https:\\\/\\\/www.fireware.nl\\\/fr\\\/#organization\",\"name\":\"FireWare\",\"url\":\"https:\\\/\\\/www.fireware.nl\\\/fr\\\/\",\"logo\":{\"@type\":\"ImageObject\",\"inLanguage\":\"fr-FR\",\"@id\":\"https:\\\/\\\/www.fireware.nl\\\/fr\\\/#\\\/schema\\\/logo\\\/image\\\/\",\"url\":\"https:\\\/\\\/www.fireware.nl\\\/wp-content\\\/uploads\\\/2018\\\/10\\\/fireware-logo.png\",\"contentUrl\":\"https:\\\/\\\/www.fireware.nl\\\/wp-content\\\/uploads\\\/2018\\\/10\\\/fireware-logo.png\",\"width\":200,\"height\":86,\"caption\":\"FireWare\"},\"image\":{\"@id\":\"https:\\\/\\\/www.fireware.nl\\\/fr\\\/#\\\/schema\\\/logo\\\/image\\\/\"},\"sameAs\":[\"https:\\\/\\\/www.facebook.com\\\/FireWareBV\\\/\",\"https:\\\/\\\/x.com\\\/FireWarebv\",\"https:\\\/\\\/www.instagram.com\\\/fireware_nl\\\/\",\"https:\\\/\\\/www.linkedin.com\\\/company\\\/3586017\\\/\",\"https:\\\/\\\/www.youtube.com\\\/user\\\/firesalesrentconsult\"]}]}<\/script>\n<!-- \/ Yoast SEO plugin. -->","yoast_head_json":{"title":"Soci\u00e9te et durabilit\u00e9 - FireWare","robots":{"index":"index","follow":"follow","max-snippet":"max-snippet:-1","max-image-preview":"max-image-preview:large","max-video-preview":"max-video-preview:-1"},"canonical":"https:\/\/www.fireware.nl\/fr\/societe-et-durabilite\/","og_locale":"fr_FR","og_type":"article","og_title":"Soci\u00e9te et durabilit\u00e9 - FireWare","og_description":"FireWare s&#8217;investit \u00e0 fond dans la responsabilit\u00e9 sociale d&#8217;entreprise et vous pr\u00e9sente ici sa politique en la mati\u00e8re. Sans vouloir...","og_url":"https:\/\/www.fireware.nl\/fr\/societe-et-durabilite\/","og_site_name":"FireWare","article_publisher":"https:\/\/www.facebook.com\/FireWareBV\/","article_modified_time":"2024-11-22T07:35:31+00:00","og_image":[{"url":"https:\/\/www.fireware.nl\/wp-content\/uploads\/2019\/02\/Bezit-of-gebruik.jpg","type":"","width":"","height":""}],"twitter_card":"summary_large_image","twitter_site":"@FireWarebv","twitter_misc":{"Dur\u00e9e de lecture estim\u00e9e":"1 minute"},"schema":{"@context":"https:\/\/schema.org","@graph":[{"@type":"WebPage","@id":"https:\/\/www.fireware.nl\/fr\/societe-et-durabilite\/","url":"https:\/\/www.fireware.nl\/fr\/societe-et-durabilite\/","name":"Soci\u00e9te et durabilit\u00e9 - FireWare","isPartOf":{"@id":"https:\/\/www.fireware.nl\/fr\/#website"},"primaryImageOfPage":{"@id":"https:\/\/www.fireware.nl\/fr\/societe-et-durabilite\/#primaryimage"},"image":{"@id":"https:\/\/www.fireware.nl\/fr\/societe-et-durabilite\/#primaryimage"},"thumbnailUrl":"https:\/\/www.fireware.nl\/wp-content\/uploads\/2019\/02\/Bezit-of-gebruik.jpg","datePublished":"2017-08-15T10:06:44+00:00","dateModified":"2024-11-22T07:35:31+00:00","breadcrumb":{"@id":"https:\/\/www.fireware.nl\/fr\/societe-et-durabilite\/#breadcrumb"},"inLanguage":"fr-FR","potentialAction":[{"@type":"ReadAction","target":["https:\/\/www.fireware.nl\/fr\/societe-et-durabilite\/"]}]},{"@type":"ImageObject","inLanguage":"fr-FR","@id":"https:\/\/www.fireware.nl\/fr\/societe-et-durabilite\/#primaryimage","url":"https:\/\/www.fireware.nl\/wp-content\/uploads\/2019\/02\/Bezit-of-gebruik.jpg","contentUrl":"https:\/\/www.fireware.nl\/wp-content\/uploads\/2019\/02\/Bezit-of-gebruik.jpg"},{"@type":"BreadcrumbList","@id":"https:\/\/www.fireware.nl\/fr\/societe-et-durabilite\/#breadcrumb","itemListElement":[{"@type":"ListItem","position":1,"name":"Home","item":"https:\/\/www.fireware.nl\/fr\/"},{"@type":"ListItem","position":2,"name":"Soci\u00e9te et durabilit\u00e9"}]},{"@type":"WebSite","@id":"https:\/\/www.fireware.nl\/fr\/#website","url":"https:\/\/www.fireware.nl\/fr\/","name":"FireWare","description":"CREATING REALISTIC  TRAINING ENVIRONMENTS","publisher":{"@id":"https:\/\/www.fireware.nl\/fr\/#organization"},"potentialAction":[{"@type":"SearchAction","target":{"@type":"EntryPoint","urlTemplate":"https:\/\/www.fireware.nl\/fr\/?s={search_term_string}"},"query-input":{"@type":"PropertyValueSpecification","valueRequired":true,"valueName":"search_term_string"}}],"inLanguage":"fr-FR"},{"@type":"Organization","@id":"https:\/\/www.fireware.nl\/fr\/#organization","name":"FireWare","url":"https:\/\/www.fireware.nl\/fr\/","logo":{"@type":"ImageObject","inLanguage":"fr-FR","@id":"https:\/\/www.fireware.nl\/fr\/#\/schema\/logo\/image\/","url":"https:\/\/www.fireware.nl\/wp-content\/uploads\/2018\/10\/fireware-logo.png","contentUrl":"https:\/\/www.fireware.nl\/wp-content\/uploads\/2018\/10\/fireware-logo.png","width":200,"height":86,"caption":"FireWare"},"image":{"@id":"https:\/\/www.fireware.nl\/fr\/#\/schema\/logo\/image\/"},"sameAs":["https:\/\/www.facebook.com\/FireWareBV\/","https:\/\/x.com\/FireWarebv","https:\/\/www.instagram.com\/fireware_nl\/","https:\/\/www.linkedin.com\/company\/3586017\/","https:\/\/www.youtube.com\/user\/firesalesrentconsult"]}]}},"publishpress_future_action":{"enabled":false,"date":"2026-04-27 08:55:56","action":"change-status","newStatus":"draft","terms":[],"taxonomy":"translation_priority","extraData":[]},"publishpress_future_workflow_manual_trigger":{"enabledWorkflows":[]},"_links":{"self":[{"href":"https:\/\/www.fireware.nl\/fr\/wp-json\/wp\/v2\/pages\/10317","targetHints":{"allow":["GET"]}}],"collection":[{"href":"https:\/\/www.fireware.nl\/fr\/wp-json\/wp\/v2\/pages"}],"about":[{"href":"https:\/\/www.fireware.nl\/fr\/wp-json\/wp\/v2\/types\/page"}],"author":[{"embeddable":true,"href":"https:\/\/www.fireware.nl\/fr\/wp-json\/wp\/v2\/users\/2"}],"replies":[{"embeddable":true,"href":"https:\/\/www.fireware.nl\/fr\/wp-json\/wp\/v2\/comments?post=10317"}],"version-history":[{"count":1,"href":"https:\/\/www.fireware.nl\/fr\/wp-json\/wp\/v2\/pages\/10317\/revisions"}],"predecessor-version":[{"id":104648,"href":"https:\/\/www.fireware.nl\/fr\/wp-json\/wp\/v2\/pages\/10317\/revisions\/104648"}],"wp:attachment":[{"href":"https:\/\/www.fireware.nl\/fr\/wp-json\/wp\/v2\/media?parent=10317"}],"curies":[{"name":"wp","href":"https:\/\/api.w.org\/{rel}","templated":true}]}}