
{"id":93378,"date":"2024-03-29T10:38:20","date_gmt":"2024-03-29T10:38:20","guid":{"rendered":"https:\/\/www.fireware.nl\/?page_id=93378"},"modified":"2025-02-07T14:22:06","modified_gmt":"2025-02-07T14:22:06","slug":"pandora-230-service-portal","status":"publish","type":"page","link":"https:\/\/www.fireware.nl\/en\/service-portal\/pandora-230\/english\/","title":{"rendered":"Pandora 230 Service Portal"},"content":{"rendered":"\n\n\t\t\t\t<img decoding=\"async\" src=\"https:\/\/www.fireware.nl\/wp-content\/uploads\/2024\/03\/20240328_Pandora-230-productfotos_012_13_service-portal.jpg\" alt=\"20240328_Pandora-230-productfoto's_012_13_service-portal\" itemprop=\"image\" height=\"800\" width=\"2200\" title=\"20240328_Pandora-230-productfoto's_012_13_service-portal\" onerror=\"this.style.display='none'\"  \/>\n\t<p><strong>You have probably scanned the QR code of your product. If not, you most likely received a refferal from us or you were browsing the internet. <\/strong><strong>In any case: great to see you! Full access to all the valuable information of the FireWare Pandora 230 has never been easier. <\/strong><\/p>\n<p>Here you will find the most up-to-date <a href=\"https:\/\/www.fireware.nl\/product\/pandora-230\/\" target=\"_blank\" rel=\"noopener\">Pandora 230<\/a>\u00a0user manual and quick references to technical support. The Service Portal is available to you 24 hours a day, 7 days a week &#8211; wherever you are, and whenever you need it.<\/p>\n\t<p>For product owners<\/p>\n\t\t\t\t<img decoding=\"async\" src=\"https:\/\/www.fireware.nl\/wp-content\/uploads\/2021\/12\/User-Manual-150x150.jpg\" alt=\"User Manual\" itemprop=\"image\" height=\"150\" width=\"150\" height=\"150\" width=\"150\" title=\"User Manual\" onerror=\"this.style.display='none'\"  \/>\n\t<!DOCTYPE html>\n<html>\n<head>\n<style>\ntable, th, td {padding: 5px;}\nh2 {font-size: 22px;}\nh2 {font-weight: 450;}\n<\/style>\n<\/head>\n<body>\n<center>\n<h2>Quickstart guide<\/h2>\n<table>\n  <tr>\n    <td><a href=\"https:\/\/portal.fireware.nl\/manual\/gebruiksaanwijzing-pandora-230\"><img decoding=\"async\" src=\"https:\/\/www.fireware.nl\/wp-content\/uploads\/2021\/11\/Nederland.png\" alt=\"pandora 230\"\/><\/a><\/td>\n    <td><a href=\"https:\/\/portal.fireware.nl\/manual\/manual-fireware-pandoras-box-230\"><img decoding=\"async\" src=\"https:\/\/www.fireware.nl\/wp-content\/uploads\/2021\/11\/Engels.png\" alt=\"pandora 230\"\/><\/a><\/td>\n       <td><a href=\"https:\/\/portal.fireware.nl\/manual\/mode-d-emploi-utilisateurs-fireware-pandora-s-box-230\"><img decoding=\"async\" src=\"https:\/\/www.fireware.nl\/wp-content\/uploads\/2021\/11\/Frans.png\" alt=\"pandora 230\"\/><\/a><\/td>\n  <\/tr>\n  <tr>\n    <td><a href=\"https:\/\/portal.fireware.nl\/manual\/gebrauchsanweisung-fireware-padoras-box-230\"><img decoding=\"async\" src=\"https:\/\/www.fireware.nl\/wp-content\/uploads\/2021\/11\/Duits.png\" alt=\"pandora 230\"\/><\/a><\/td>\n      <td><a href=\"https:\/\/www.fireware.nl\/en\/\"><img decoding=\"async\" src=\"https:\/\/www.fireware.nl\/wp-content\/uploads\/2021\/11\/Italiaans.png\" alt=\"pandora 230\"\/><\/a><\/td>\n       <td><a href=\"https:\/\/www.fireware.nl\/en\/\"><img decoding=\"async\" src=\"https:\/\/www.fireware.nl\/wp-content\/uploads\/2021\/11\/Spaans.png\" alt=\"pandora 230\"\/><\/a><\/td>\n     <\/tr>\n<\/table>\n<\/center>\n<\/body>\n<\/html>\n\t\t\t\t<img decoding=\"async\" src=\"https:\/\/www.fireware.nl\/wp-content\/uploads\/2021\/12\/Support-request-150x150.jpg\" alt=\"Support request\" itemprop=\"image\" height=\"150\" width=\"150\" height=\"150\" width=\"150\" title=\"Support request\" onerror=\"this.style.display='none'\"  \/>\n\t<!DOCTYPE html>\n<html>\n<head>\n<style>\ntable, th, td {padding: 5px;}\nh2 {font-size: 22px;}\nh2 {font-weight: 450;}\n<\/style>\n<\/head>\n<body>\n<center>\n<h2>Support request<\/h2>\n<table>\n  <tr>\n    <td><a href=\"mailto:info@fireware.nl?subject=Verzoek om ondersteuning Pandora 230\"><img decoding=\"async\" src=\"https:\/\/www.fireware.nl\/wp-content\/uploads\/2021\/11\/Nederland.png\" alt=\"Verzoek om ondersteuning Pandora 230\"\/><\/a><\/td>\n    <td><a href=\"mailto:info@fireware.nl?subject=Support request Pandora 230\"><img decoding=\"async\" src=\"https:\/\/www.fireware.nl\/wp-content\/uploads\/2021\/11\/Engels.png\" alt=\"Support request Pandora 230\"\/><\/a><\/td>\n    <td><a href=\"mailto:info@fireware.nl?subject=Demande de soutien Pandora 230\"><img decoding=\"async\" src=\"https:\/\/www.fireware.nl\/wp-content\/uploads\/2021\/11\/Frans.png\" alt=\"Demande de soutien Pandora 230\"\/><\/a><\/td>\n  <\/tr>\n  <tr>\n    <td><a href=\"mailto:info@fireware.nl?subject=Anfrage zur Unterst\u00fctzung Pandora 230\"><img decoding=\"async\" src=\"https:\/\/www.fireware.nl\/wp-content\/uploads\/2021\/11\/Duits.png\" alt=\"Anfrage zur Unterst\u00fctzung Pandora 230\"\/><\/a><\/td>\n  <\/tr>\n<\/table>\n<\/center>\n<\/body>\n<\/html>\n\t\t\t\t<img decoding=\"async\" src=\"https:\/\/www.fireware.nl\/wp-content\/uploads\/2021\/12\/Maintenance-150x150.jpg\" alt=\"Maintenance\" itemprop=\"image\" height=\"150\" width=\"150\" height=\"150\" width=\"150\" title=\"Maintenance\" onerror=\"this.style.display='none'\"  \/>\n\t<!DOCTYPE html>\n<html>\n<head>\n<style>\ntable, th, td {padding: 5px;}\nh2 {font-size: 22px;}\nh2 {font-weight: 450;}\n<\/style>\n<\/head>\n<body>\n<center>\n<h2>Maintenance &#038; Repair<\/h2>\n<table>\n  <tr>\n    <td><a href=\"https:\/\/www.fireware.nl\/wp-content\/uploads\/2020\/04\/RMA-formulier-NL_interactive.pdf\"><img decoding=\"async\" src=\"https:\/\/www.fireware.nl\/wp-content\/uploads\/2021\/11\/Nederland.png\" alt=\"Onderhoud aanmelden\"\/><\/a><\/td>\n    <td><a href=\"https:\/\/www.fireware.nl\/wp-content\/uploads\/2020\/04\/20190311-RMA-form_EN_interactive.pdf\"><img decoding=\"async\" src=\"https:\/\/www.fireware.nl\/wp-content\/uploads\/2021\/11\/Engels.png\" alt=\"Maintenance\"\/><\/a><\/td>\n    <td><a href=\"https:\/\/www.fireware.nl\/wp-content\/uploads\/2021\/10\/RMA-form_French-web.pdf\"><img decoding=\"async\" src=\"https:\/\/www.fireware.nl\/wp-content\/uploads\/2021\/11\/Frans.png\" alt=\"Entretien\"\/><\/a><\/td>\n  <\/tr>\n  <tr>\n    <td><a href=\"https:\/\/www.fireware.nl\/wp-content\/uploads\/2020\/04\/201903011_-RMA-form_DU_interactive.pdf\"><img decoding=\"async\" src=\"https:\/\/www.fireware.nl\/wp-content\/uploads\/2021\/11\/Duits.png\" alt=\"Wartung\"\/><\/a><\/td>\n  <\/tr>\n<\/table>\n<\/center>\n<\/body>\n<\/html>\n\t\t\t\t<img decoding=\"async\" src=\"https:\/\/www.fireware.nl\/wp-content\/uploads\/2021\/12\/User-Manual-150x150.jpg\" alt=\"User Manual\" itemprop=\"image\" height=\"150\" width=\"150\" height=\"150\" width=\"150\" title=\"User Manual\" onerror=\"this.style.display='none'\"  \/>\n<h2>\n\t\tApollo Training Fire Extinguishers Coupling Procedure Manual\n\t<\/h2>\n\t<!DOCTYPE html>\n<html>\n<head>\n<style>\ntable, th, td {padding: 5px;}\nh2 {font-size: 22px;}\nh2 {font-weight: 450;}\n<\/style>\n<\/head>\n<body>\n<center>\n    <table>\n  <tr>\n    <td><a href=\"https:\/\/portal.fireware.nl\/manual\/koppelprocedure-apollo-led-oefenblusser-automatische-brandblussing-extern\"><img decoding=\"async\" src=\"https:\/\/www.fireware.nl\/wp-content\/uploads\/2021\/11\/Nederland.png\" alt=\"Koppelprocedure FireWare Apollo LED Oefenblussers\"\/><\/a><\/td>\n      <td><a href=\"https:\/\/portal.fireware.nl\/manual\/linking-procedure-of-apollo-led-practice-extinguisher-for-automatic-fire-suppres\"><img decoding=\"async\" src=\"https:\/\/www.fireware.nl\/wp-content\/uploads\/2021\/11\/Engels.png\" alt=\"Linking procedure of Apollo LED practice extinguisher for automatic fire suppression in simulated fire\"\/><\/a><\/td>\n    <td><a href=\"https:\/\/portal.fireware.nl\/manual\/procedure-de-couplage-du-simulateur-dextincteur-apollo-led-pour-lextinction-autt\"><img decoding=\"async\" src=\"https:\/\/www.fireware.nl\/wp-content\/uploads\/2021\/11\/Frans.png\" alt=\"Proc\u00e9dure de couplage du simulateur d'extincteur Apollo LED pour l'extinction automatique des incendies simul\u00e9s\"\/><\/a><\/td>\n  <\/tr>\n  <tr>\n    <td><a href=\"https:\/\/portal.fireware.nl\/manual\/verbindungsvorgang-fur-den-apollo-led-ubungsloscher-zur-automatischen-brandbekam\"><img decoding=\"async\" src=\"https:\/\/www.fireware.nl\/wp-content\/uploads\/2021\/11\/Duits.png\" alt=\"Verbindungsvorgang f\u00fcr den Apollo LED \u00dcbungsl\u00f6scher zur automatischen Brandbek\u00e4mpfung bei simuliertem Feuer\"\/><\/a><\/td>\n     <\/tr>\n<\/table>\n<h6>\n\t\tNOTE! This coupling manual applies only to Apollo training fire extinguishers purchased AFTER February 2023.\n\t<\/h6>\n\t<p>Videos<\/p>\n\t<iframe width=\"1920\" height=\"1080\" src=\"https:\/\/player.vimeo.com\/video\/990561782?hl=nl&#038;cc_lang_pref=nl&#038;cc_load_policy=1\" frameborder=\"0\" allow=\"accelerometer; autoplay; clipboard-write; encrypted-media; gyroscope; picture-in-picture\" allowfullscreen><\/iframe>\n\t<iframe width=\"1920\" height=\"1080\" src=\"https:\/\/player.vimeo.com\/video\/995432935?hl=nl&#038;cc_lang_pref=nl&#038;cc_load_policy=1\" frameborder=\"0\" allow=\"accelerometer; autoplay; clipboard-write; encrypted-media; gyroscope; picture-in-picture\" allowfullscreen><\/iframe>\n\t<iframe width=\"1920\" height=\"1080\" src=\"https:\/\/player.vimeo.com\/video\/1033124798?hl=nl&#038;cc_lang_pref=nl&#038;cc_load_policy=1\" frameborder=\"0\" allow=\"accelerometer; autoplay; clipboard-write; encrypted-media; gyroscope; picture-in-picture\" allowfullscreen><\/iframe>\n\t<iframe width=\"1920\" height=\"1080\" src=https:\/\/player.vimeo.com\/video\/1052280490?hl=nl&#038;cc_lang_pref=nl&#038;cc_load_policy=1 frameborder=\"0\" allow=\"accelerometer; autoplay; clipboard-write; encrypted-media; gyroscope; picture-in-picture\" allowfullscreen><\/iframe>\n\t<p>For FireWare partners<\/p>\n\t\t\t\t<img decoding=\"async\" src=\"https:\/\/www.fireware.nl\/wp-content\/uploads\/2021\/12\/Content-150x150.jpg\" alt=\"Content\" itemprop=\"image\" height=\"150\" width=\"150\" height=\"150\" width=\"150\" title=\"Content\" onerror=\"this.style.display='none'\"  \/>\n\t<h2>Content<\/h2>\n\t\t\t<a href=\"mailto:marketing@fireware.nl?subject=Request%20for%20Pandora%20230%20content\" target=\"_self\">\n\t\t\t\t\t\t\tDownload request\n\t\t\t\t\t<\/a>\n<\/center><\/body><\/html>\n","protected":false},"excerpt":{"rendered":"<p>You have probably scanned the QR code of your product. If not, you most likely received a refferal from us<span class=\"excerpt-ellipsis\">&#8230;<\/span><\/p>\n","protected":false},"author":19,"featured_media":93379,"parent":93374,"menu_order":0,"comment_status":"closed","ping_status":"closed","template":"","meta":{"footnotes":""},"class_list":["post-93378","page","type-page","status-publish","has-post-thumbnail","hentry"],"yoast_head":"<!-- This site is optimized with the Yoast SEO plugin v27.4 - https:\/\/yoast.com\/product\/yoast-seo-wordpress\/ -->\n<title>Pandora 230 Service Portal - FireWare<\/title>\n<meta name=\"robots\" content=\"index, follow, max-snippet:-1, max-image-preview:large, max-video-preview:-1\" \/>\n<link rel=\"canonical\" href=\"https:\/\/www.fireware.nl\/en\/service-portal\/pandora-230\/english\/\" \/>\n<meta property=\"og:locale\" content=\"en_US\" \/>\n<meta property=\"og:type\" content=\"article\" \/>\n<meta property=\"og:title\" content=\"Pandora 230 Service Portal - FireWare\" \/>\n<meta property=\"og:description\" content=\"You have probably scanned the QR code of your product. If not, you most likely received a refferal from us...\" \/>\n<meta property=\"og:url\" content=\"https:\/\/www.fireware.nl\/en\/service-portal\/pandora-230\/english\/\" \/>\n<meta property=\"og:site_name\" content=\"FireWare\" \/>\n<meta property=\"article:publisher\" content=\"https:\/\/www.facebook.com\/FireWareBV\/\" \/>\n<meta property=\"article:modified_time\" content=\"2025-02-07T14:22:06+00:00\" \/>\n<meta property=\"og:image\" content=\"https:\/\/www.fireware.nl\/wp-content\/uploads\/2024\/03\/20240328_Pandora-230-productfotos_012_13_service-portal.jpg\" \/>\n\t<meta property=\"og:image:width\" content=\"2200\" \/>\n\t<meta property=\"og:image:height\" content=\"800\" \/>\n\t<meta property=\"og:image:type\" content=\"image\/jpeg\" \/>\n<meta name=\"twitter:card\" content=\"summary_large_image\" \/>\n<meta name=\"twitter:site\" content=\"@FireWarebv\" \/>\n<meta name=\"twitter:label1\" content=\"Est. reading time\" \/>\n\t<meta name=\"twitter:data1\" content=\"5 minutes\" \/>\n<script type=\"application\/ld+json\" class=\"yoast-schema-graph\">{\"@context\":\"https:\\\/\\\/schema.org\",\"@graph\":[{\"@type\":\"WebPage\",\"@id\":\"https:\\\/\\\/www.fireware.nl\\\/en\\\/service-portal\\\/pandora-230\\\/english\\\/\",\"url\":\"https:\\\/\\\/www.fireware.nl\\\/en\\\/service-portal\\\/pandora-230\\\/english\\\/\",\"name\":\"Pandora 230 Service Portal - FireWare\",\"isPartOf\":{\"@id\":\"https:\\\/\\\/www.fireware.nl\\\/en\\\/#website\"},\"primaryImageOfPage\":{\"@id\":\"https:\\\/\\\/www.fireware.nl\\\/en\\\/service-portal\\\/pandora-230\\\/english\\\/#primaryimage\"},\"image\":{\"@id\":\"https:\\\/\\\/www.fireware.nl\\\/en\\\/service-portal\\\/pandora-230\\\/english\\\/#primaryimage\"},\"thumbnailUrl\":\"https:\\\/\\\/www.fireware.nl\\\/wp-content\\\/uploads\\\/2024\\\/03\\\/20240328_Pandora-230-productfotos_012_13_service-portal.jpg\",\"datePublished\":\"2024-03-29T10:38:20+00:00\",\"dateModified\":\"2025-02-07T14:22:06+00:00\",\"breadcrumb\":{\"@id\":\"https:\\\/\\\/www.fireware.nl\\\/en\\\/service-portal\\\/pandora-230\\\/english\\\/#breadcrumb\"},\"inLanguage\":\"en-US\",\"potentialAction\":[{\"@type\":\"ReadAction\",\"target\":[\"https:\\\/\\\/www.fireware.nl\\\/en\\\/service-portal\\\/pandora-230\\\/english\\\/\"]}]},{\"@type\":\"ImageObject\",\"inLanguage\":\"en-US\",\"@id\":\"https:\\\/\\\/www.fireware.nl\\\/en\\\/service-portal\\\/pandora-230\\\/english\\\/#primaryimage\",\"url\":\"https:\\\/\\\/www.fireware.nl\\\/wp-content\\\/uploads\\\/2024\\\/03\\\/20240328_Pandora-230-productfotos_012_13_service-portal.jpg\",\"contentUrl\":\"https:\\\/\\\/www.fireware.nl\\\/wp-content\\\/uploads\\\/2024\\\/03\\\/20240328_Pandora-230-productfotos_012_13_service-portal.jpg\",\"width\":2200,\"height\":800},{\"@type\":\"BreadcrumbList\",\"@id\":\"https:\\\/\\\/www.fireware.nl\\\/en\\\/service-portal\\\/pandora-230\\\/english\\\/#breadcrumb\",\"itemListElement\":[{\"@type\":\"ListItem\",\"position\":1,\"name\":\"Home\",\"item\":\"https:\\\/\\\/www.fireware.nl\\\/en\\\/\"},{\"@type\":\"ListItem\",\"position\":2,\"name\":\"Service Portal\",\"item\":\"https:\\\/\\\/www.fireware.nl\\\/en\\\/service-portal\\\/\"},{\"@type\":\"ListItem\",\"position\":3,\"name\":\"Pandora 230 Service Portal\",\"item\":\"https:\\\/\\\/www.fireware.nl\\\/en\\\/service-portal\\\/pandora-230\\\/\"},{\"@type\":\"ListItem\",\"position\":4,\"name\":\"Pandora 230 Service Portal\"}]},{\"@type\":\"WebSite\",\"@id\":\"https:\\\/\\\/www.fireware.nl\\\/en\\\/#website\",\"url\":\"https:\\\/\\\/www.fireware.nl\\\/en\\\/\",\"name\":\"FireWare\",\"description\":\"CREATING REALISTIC  TRAINING ENVIRONMENTS\",\"publisher\":{\"@id\":\"https:\\\/\\\/www.fireware.nl\\\/en\\\/#organization\"},\"potentialAction\":[{\"@type\":\"SearchAction\",\"target\":{\"@type\":\"EntryPoint\",\"urlTemplate\":\"https:\\\/\\\/www.fireware.nl\\\/en\\\/?s={search_term_string}\"},\"query-input\":{\"@type\":\"PropertyValueSpecification\",\"valueRequired\":true,\"valueName\":\"search_term_string\"}}],\"inLanguage\":\"en-US\"},{\"@type\":\"Organization\",\"@id\":\"https:\\\/\\\/www.fireware.nl\\\/en\\\/#organization\",\"name\":\"FireWare\",\"url\":\"https:\\\/\\\/www.fireware.nl\\\/en\\\/\",\"logo\":{\"@type\":\"ImageObject\",\"inLanguage\":\"en-US\",\"@id\":\"https:\\\/\\\/www.fireware.nl\\\/en\\\/#\\\/schema\\\/logo\\\/image\\\/\",\"url\":\"https:\\\/\\\/www.fireware.nl\\\/wp-content\\\/uploads\\\/2018\\\/10\\\/fireware-logo.png\",\"contentUrl\":\"https:\\\/\\\/www.fireware.nl\\\/wp-content\\\/uploads\\\/2018\\\/10\\\/fireware-logo.png\",\"width\":200,\"height\":86,\"caption\":\"FireWare\"},\"image\":{\"@id\":\"https:\\\/\\\/www.fireware.nl\\\/en\\\/#\\\/schema\\\/logo\\\/image\\\/\"},\"sameAs\":[\"https:\\\/\\\/www.facebook.com\\\/FireWareBV\\\/\",\"https:\\\/\\\/x.com\\\/FireWarebv\",\"https:\\\/\\\/www.instagram.com\\\/fireware_nl\\\/\",\"https:\\\/\\\/www.linkedin.com\\\/company\\\/3586017\\\/\",\"https:\\\/\\\/www.youtube.com\\\/user\\\/firesalesrentconsult\"]}]}<\/script>\n<!-- \/ Yoast SEO plugin. -->","yoast_head_json":{"title":"Pandora 230 Service Portal - FireWare","robots":{"index":"index","follow":"follow","max-snippet":"max-snippet:-1","max-image-preview":"max-image-preview:large","max-video-preview":"max-video-preview:-1"},"canonical":"https:\/\/www.fireware.nl\/en\/service-portal\/pandora-230\/english\/","og_locale":"en_US","og_type":"article","og_title":"Pandora 230 Service Portal - FireWare","og_description":"You have probably scanned the QR code of your product. If not, you most likely received a refferal from us...","og_url":"https:\/\/www.fireware.nl\/en\/service-portal\/pandora-230\/english\/","og_site_name":"FireWare","article_publisher":"https:\/\/www.facebook.com\/FireWareBV\/","article_modified_time":"2025-02-07T14:22:06+00:00","og_image":[{"width":2200,"height":800,"url":"https:\/\/www.fireware.nl\/wp-content\/uploads\/2024\/03\/20240328_Pandora-230-productfotos_012_13_service-portal.jpg","type":"image\/jpeg"}],"twitter_card":"summary_large_image","twitter_site":"@FireWarebv","twitter_misc":{"Est. reading time":"5 minutes"},"schema":{"@context":"https:\/\/schema.org","@graph":[{"@type":"WebPage","@id":"https:\/\/www.fireware.nl\/en\/service-portal\/pandora-230\/english\/","url":"https:\/\/www.fireware.nl\/en\/service-portal\/pandora-230\/english\/","name":"Pandora 230 Service Portal - FireWare","isPartOf":{"@id":"https:\/\/www.fireware.nl\/en\/#website"},"primaryImageOfPage":{"@id":"https:\/\/www.fireware.nl\/en\/service-portal\/pandora-230\/english\/#primaryimage"},"image":{"@id":"https:\/\/www.fireware.nl\/en\/service-portal\/pandora-230\/english\/#primaryimage"},"thumbnailUrl":"https:\/\/www.fireware.nl\/wp-content\/uploads\/2024\/03\/20240328_Pandora-230-productfotos_012_13_service-portal.jpg","datePublished":"2024-03-29T10:38:20+00:00","dateModified":"2025-02-07T14:22:06+00:00","breadcrumb":{"@id":"https:\/\/www.fireware.nl\/en\/service-portal\/pandora-230\/english\/#breadcrumb"},"inLanguage":"en-US","potentialAction":[{"@type":"ReadAction","target":["https:\/\/www.fireware.nl\/en\/service-portal\/pandora-230\/english\/"]}]},{"@type":"ImageObject","inLanguage":"en-US","@id":"https:\/\/www.fireware.nl\/en\/service-portal\/pandora-230\/english\/#primaryimage","url":"https:\/\/www.fireware.nl\/wp-content\/uploads\/2024\/03\/20240328_Pandora-230-productfotos_012_13_service-portal.jpg","contentUrl":"https:\/\/www.fireware.nl\/wp-content\/uploads\/2024\/03\/20240328_Pandora-230-productfotos_012_13_service-portal.jpg","width":2200,"height":800},{"@type":"BreadcrumbList","@id":"https:\/\/www.fireware.nl\/en\/service-portal\/pandora-230\/english\/#breadcrumb","itemListElement":[{"@type":"ListItem","position":1,"name":"Home","item":"https:\/\/www.fireware.nl\/en\/"},{"@type":"ListItem","position":2,"name":"Service Portal","item":"https:\/\/www.fireware.nl\/en\/service-portal\/"},{"@type":"ListItem","position":3,"name":"Pandora 230 Service Portal","item":"https:\/\/www.fireware.nl\/en\/service-portal\/pandora-230\/"},{"@type":"ListItem","position":4,"name":"Pandora 230 Service Portal"}]},{"@type":"WebSite","@id":"https:\/\/www.fireware.nl\/en\/#website","url":"https:\/\/www.fireware.nl\/en\/","name":"FireWare","description":"CREATING REALISTIC  TRAINING ENVIRONMENTS","publisher":{"@id":"https:\/\/www.fireware.nl\/en\/#organization"},"potentialAction":[{"@type":"SearchAction","target":{"@type":"EntryPoint","urlTemplate":"https:\/\/www.fireware.nl\/en\/?s={search_term_string}"},"query-input":{"@type":"PropertyValueSpecification","valueRequired":true,"valueName":"search_term_string"}}],"inLanguage":"en-US"},{"@type":"Organization","@id":"https:\/\/www.fireware.nl\/en\/#organization","name":"FireWare","url":"https:\/\/www.fireware.nl\/en\/","logo":{"@type":"ImageObject","inLanguage":"en-US","@id":"https:\/\/www.fireware.nl\/en\/#\/schema\/logo\/image\/","url":"https:\/\/www.fireware.nl\/wp-content\/uploads\/2018\/10\/fireware-logo.png","contentUrl":"https:\/\/www.fireware.nl\/wp-content\/uploads\/2018\/10\/fireware-logo.png","width":200,"height":86,"caption":"FireWare"},"image":{"@id":"https:\/\/www.fireware.nl\/en\/#\/schema\/logo\/image\/"},"sameAs":["https:\/\/www.facebook.com\/FireWareBV\/","https:\/\/x.com\/FireWarebv","https:\/\/www.instagram.com\/fireware_nl\/","https:\/\/www.linkedin.com\/company\/3586017\/","https:\/\/www.youtube.com\/user\/firesalesrentconsult"]}]}},"publishpress_future_action":{"enabled":false,"date":"2026-04-26 19:06:46","action":"change-status","newStatus":"draft","terms":[],"taxonomy":"translation_priority","extraData":[]},"publishpress_future_workflow_manual_trigger":{"enabledWorkflows":[]},"_links":{"self":[{"href":"https:\/\/www.fireware.nl\/en\/wp-json\/wp\/v2\/pages\/93378","targetHints":{"allow":["GET"]}}],"collection":[{"href":"https:\/\/www.fireware.nl\/en\/wp-json\/wp\/v2\/pages"}],"about":[{"href":"https:\/\/www.fireware.nl\/en\/wp-json\/wp\/v2\/types\/page"}],"author":[{"embeddable":true,"href":"https:\/\/www.fireware.nl\/en\/wp-json\/wp\/v2\/users\/19"}],"replies":[{"embeddable":true,"href":"https:\/\/www.fireware.nl\/en\/wp-json\/wp\/v2\/comments?post=93378"}],"version-history":[{"count":13,"href":"https:\/\/www.fireware.nl\/en\/wp-json\/wp\/v2\/pages\/93378\/revisions"}],"predecessor-version":[{"id":114699,"href":"https:\/\/www.fireware.nl\/en\/wp-json\/wp\/v2\/pages\/93378\/revisions\/114699"}],"up":[{"embeddable":true,"href":"https:\/\/www.fireware.nl\/en\/wp-json\/wp\/v2\/pages\/93374"}],"wp:featuredmedia":[{"embeddable":true,"href":"https:\/\/www.fireware.nl\/en\/wp-json\/wp\/v2\/media\/93379"}],"wp:attachment":[{"href":"https:\/\/www.fireware.nl\/en\/wp-json\/wp\/v2\/media?parent=93378"}],"curies":[{"name":"wp","href":"https:\/\/api.w.org\/{rel}","templated":true}]}}