
{"id":96860,"date":"2019-01-18T09:14:16","date_gmt":"2019-01-18T09:14:16","guid":{"rendered":"https:\/\/www.fireware.nl\/product\/wartungskit-fuer-fireware-nebelmaschinen\/"},"modified":"2024-08-08T11:10:23","modified_gmt":"2024-08-08T11:10:23","slug":"wartungskit-fuer-fireware-nebelmaschinen","status":"publish","type":"product","link":"https:\/\/www.fireware.nl\/de\/product\/wartungskit-fuer-fireware-nebelmaschinen\/","title":{"rendered":"Wartungskit f\u00fcr FireWare Nebelmaschinen"},"content":{"rendered":"<p>Haben Sie bei uns das Wartungs- und Reparaturtraining f\u00fcr \u00dcbungsmaterialien absolviert? Dann ist das Fireware Wartungsset f\u00fcr Nebelmaschinen die logische Erg\u00e4nzung dazu. Das Set bietet die grundlegenden Werkzeuge f\u00fcr Wartung und Diagnose von Fireware Nebelmaschinen, wie Sie sie im Training gelernt haben zu verwenden. Dieses Toolkit enth\u00e4lt wesentliche Werkzeuge, um Ihre Ausr\u00fcstung in Top-Zustand zu halten und Probleme schnell zu l\u00f6sen.<\/p>\n<h2>Inhalt des Wartungssets:<\/h2>\n<ul>\n<li><strong>Leistungstester:<\/strong> \u00dcberpr\u00fcfen Sie schnell, ob Ihre Nebelmaschine ordnungsgem\u00e4\u00df aufheizt.<\/li>\n<li><strong>Tischschalter:<\/strong> Testen Sie Pumpen einzeln und sicher.<\/li>\n<li><strong>B\u00fcrstenset:<\/strong> Entfernen Sie m\u00fchelos anhaftenden Schmutz und Rauchfl\u00fcssigkeitsr\u00fcckst\u00e4nde.<\/li>\n<li><strong>Magnetische Teileablage:<\/strong> Halten Sie Schrauben und Teile w\u00e4hrend der (De-)Montage organisiert.<\/li>\n<li><strong>Lagerfett:<\/strong> Sch\u00fctzen Sie Edelstahlschrauben vor Korrosion und Festfressen.<\/li>\n<li><strong>Praktische Fireware Box:<\/strong> Halten Sie Ihre Werkzeuge ordentlich organisiert mit Platz f\u00fcr zus\u00e4tzliche Werkzeuge und Ersatzteile.<\/li>\n<\/ul>\n<p>Mit dem Fireware Wartungsset sind Sie bereit f\u00fcr jede Wartungs- oder Reparaturaufgabe, was die Lebensdauer Ihrer Nebelmaschinen verl\u00e4ngert. Bestellen Sie noch heute und sorgen Sie f\u00fcr optimale Leistung Ihrer Ausr\u00fcstung!<\/p>\n","protected":false},"excerpt":{"rendered":"<ul>\n<li>Alles, was Sie f\u00fcr die Wartung von Nebelmaschinen ben\u00f6tigen;<\/li>\n<li>Die perfekte Erg\u00e4nzung zum Wartungs- und Reparaturtraining;<\/li>\n<li>F\u00fcr Komfort und Sicherheit entwickelt;<\/li>\n<li>Hochwertige, robuste Materialien;<\/li>\n<li>Geliefert in einer praktischen Aufbewahrungsbox.<\/li>\n<\/ul>\n","protected":false},"featured_media":95535,"template":"","meta":[],"product_brand":[],"product_cat":[83],"product_tag":[],"class_list":{"0":"post-96860","1":"product","2":"type-product","3":"status-publish","4":"has-post-thumbnail","6":"product_cat-extras-fuer-nebelmaschinen","8":"first","9":"instock","10":"taxable","11":"shipping-taxable","12":"purchasable","13":"product-type-simple"},"yoast_head":"<!-- This site is optimized with the Yoast SEO plugin v27.4 - https:\/\/yoast.com\/product\/yoast-seo-wordpress\/ -->\n<title>Wartungskit f\u00fcr FireWare Nebelmaschinen - FireWare<\/title>\n<meta name=\"robots\" content=\"index, follow, max-snippet:-1, max-image-preview:large, max-video-preview:-1\" \/>\n<link rel=\"canonical\" href=\"https:\/\/www.fireware.nl\/de\/product\/wartungskit-fuer-fireware-nebelmaschinen\/\" \/>\n<meta property=\"og:locale\" content=\"de_DE\" \/>\n<meta property=\"og:type\" content=\"article\" \/>\n<meta property=\"og:title\" content=\"Wartungskit f\u00fcr FireWare Nebelmaschinen - FireWare\" \/>\n<meta property=\"og:description\" content=\"Alles, was Sie f\u00fcr die Wartung von Nebelmaschinen ben\u00f6tigen;  Die perfekte Erg\u00e4nzung zum Wartungs- und Reparaturtraining;  F\u00fcr Komfort und Sicherheit entwickelt;  Hochwertige, robuste Materialien;  Geliefert in einer praktischen Aufbewahrungsbox.\" \/>\n<meta property=\"og:url\" content=\"https:\/\/www.fireware.nl\/de\/product\/wartungskit-fuer-fireware-nebelmaschinen\/\" \/>\n<meta property=\"og:site_name\" content=\"FireWare\" \/>\n<meta property=\"article:publisher\" content=\"https:\/\/www.facebook.com\/FireWareBV\/\" \/>\n<meta property=\"article:modified_time\" content=\"2024-08-08T11:10:23+00:00\" \/>\n<meta property=\"og:image\" content=\"https:\/\/www.fireware.nl\/wp-content\/uploads\/2024\/05\/20240425_Rookmachine_schoonmaak_kit_051_web.jpg\" \/>\n\t<meta property=\"og:image:width\" content=\"600\" \/>\n\t<meta property=\"og:image:height\" content=\"600\" \/>\n\t<meta property=\"og:image:type\" content=\"image\/jpeg\" \/>\n<meta name=\"twitter:card\" content=\"summary_large_image\" \/>\n<meta name=\"twitter:site\" content=\"@FireWarebv\" \/>\n<meta name=\"twitter:label1\" content=\"Gesch\u00e4tzte Lesezeit\" \/>\n\t<meta name=\"twitter:data1\" content=\"1\u00a0Minute\" \/>\n<script type=\"application\/ld+json\" class=\"yoast-schema-graph\">{\"@context\":\"https:\\\/\\\/schema.org\",\"@graph\":[{\"@type\":\"WebPage\",\"@id\":\"https:\\\/\\\/www.fireware.nl\\\/de\\\/product\\\/wartungskit-fuer-fireware-nebelmaschinen\\\/\",\"url\":\"https:\\\/\\\/www.fireware.nl\\\/de\\\/product\\\/wartungskit-fuer-fireware-nebelmaschinen\\\/\",\"name\":\"Wartungskit f\u00fcr FireWare Nebelmaschinen - FireWare\",\"isPartOf\":{\"@id\":\"https:\\\/\\\/www.fireware.nl\\\/de\\\/#website\"},\"primaryImageOfPage\":{\"@id\":\"https:\\\/\\\/www.fireware.nl\\\/de\\\/product\\\/wartungskit-fuer-fireware-nebelmaschinen\\\/#primaryimage\"},\"image\":{\"@id\":\"https:\\\/\\\/www.fireware.nl\\\/de\\\/product\\\/wartungskit-fuer-fireware-nebelmaschinen\\\/#primaryimage\"},\"thumbnailUrl\":\"https:\\\/\\\/www.fireware.nl\\\/wp-content\\\/uploads\\\/2024\\\/05\\\/20240425_Rookmachine_schoonmaak_kit_051_web.jpg\",\"datePublished\":\"2019-01-18T09:14:16+00:00\",\"dateModified\":\"2024-08-08T11:10:23+00:00\",\"breadcrumb\":{\"@id\":\"https:\\\/\\\/www.fireware.nl\\\/de\\\/product\\\/wartungskit-fuer-fireware-nebelmaschinen\\\/#breadcrumb\"},\"inLanguage\":\"de\",\"potentialAction\":[{\"@type\":\"ReadAction\",\"target\":[\"https:\\\/\\\/www.fireware.nl\\\/de\\\/product\\\/wartungskit-fuer-fireware-nebelmaschinen\\\/\"]}]},{\"@type\":\"ImageObject\",\"inLanguage\":\"de\",\"@id\":\"https:\\\/\\\/www.fireware.nl\\\/de\\\/product\\\/wartungskit-fuer-fireware-nebelmaschinen\\\/#primaryimage\",\"url\":\"https:\\\/\\\/www.fireware.nl\\\/wp-content\\\/uploads\\\/2024\\\/05\\\/20240425_Rookmachine_schoonmaak_kit_051_web.jpg\",\"contentUrl\":\"https:\\\/\\\/www.fireware.nl\\\/wp-content\\\/uploads\\\/2024\\\/05\\\/20240425_Rookmachine_schoonmaak_kit_051_web.jpg\",\"width\":600,\"height\":600},{\"@type\":\"BreadcrumbList\",\"@id\":\"https:\\\/\\\/www.fireware.nl\\\/de\\\/product\\\/wartungskit-fuer-fireware-nebelmaschinen\\\/#breadcrumb\",\"itemListElement\":[{\"@type\":\"ListItem\",\"position\":1,\"name\":\"Home\",\"item\":\"https:\\\/\\\/www.fireware.nl\\\/de\\\/\"},{\"@type\":\"ListItem\",\"position\":2,\"name\":\"Produkte\",\"item\":\"https:\\\/\\\/www.fireware.nl\\\/de\\\/produkte\\\/\"},{\"@type\":\"ListItem\",\"position\":3,\"name\":\"Wartungskit f\u00fcr FireWare Nebelmaschinen\"}]},{\"@type\":\"WebSite\",\"@id\":\"https:\\\/\\\/www.fireware.nl\\\/de\\\/#website\",\"url\":\"https:\\\/\\\/www.fireware.nl\\\/de\\\/\",\"name\":\"FireWare\",\"description\":\"CREATING REALISTIC  TRAINING ENVIRONMENTS\",\"publisher\":{\"@id\":\"https:\\\/\\\/www.fireware.nl\\\/de\\\/#organization\"},\"potentialAction\":[{\"@type\":\"SearchAction\",\"target\":{\"@type\":\"EntryPoint\",\"urlTemplate\":\"https:\\\/\\\/www.fireware.nl\\\/de\\\/?s={search_term_string}\"},\"query-input\":{\"@type\":\"PropertyValueSpecification\",\"valueRequired\":true,\"valueName\":\"search_term_string\"}}],\"inLanguage\":\"de\"},{\"@type\":\"Organization\",\"@id\":\"https:\\\/\\\/www.fireware.nl\\\/de\\\/#organization\",\"name\":\"FireWare\",\"url\":\"https:\\\/\\\/www.fireware.nl\\\/de\\\/\",\"logo\":{\"@type\":\"ImageObject\",\"inLanguage\":\"de\",\"@id\":\"https:\\\/\\\/www.fireware.nl\\\/de\\\/#\\\/schema\\\/logo\\\/image\\\/\",\"url\":\"https:\\\/\\\/www.fireware.nl\\\/wp-content\\\/uploads\\\/2018\\\/10\\\/fireware-logo.png\",\"contentUrl\":\"https:\\\/\\\/www.fireware.nl\\\/wp-content\\\/uploads\\\/2018\\\/10\\\/fireware-logo.png\",\"width\":200,\"height\":86,\"caption\":\"FireWare\"},\"image\":{\"@id\":\"https:\\\/\\\/www.fireware.nl\\\/de\\\/#\\\/schema\\\/logo\\\/image\\\/\"},\"sameAs\":[\"https:\\\/\\\/www.facebook.com\\\/FireWareBV\\\/\",\"https:\\\/\\\/x.com\\\/FireWarebv\",\"https:\\\/\\\/www.instagram.com\\\/fireware_nl\\\/\",\"https:\\\/\\\/www.linkedin.com\\\/company\\\/3586017\\\/\",\"https:\\\/\\\/www.youtube.com\\\/user\\\/firesalesrentconsult\"]}]}<\/script>\n<!-- \/ Yoast SEO plugin. -->","yoast_head_json":{"title":"Wartungskit f\u00fcr FireWare Nebelmaschinen - FireWare","robots":{"index":"index","follow":"follow","max-snippet":"max-snippet:-1","max-image-preview":"max-image-preview:large","max-video-preview":"max-video-preview:-1"},"canonical":"https:\/\/www.fireware.nl\/de\/product\/wartungskit-fuer-fireware-nebelmaschinen\/","og_locale":"de_DE","og_type":"article","og_title":"Wartungskit f\u00fcr FireWare Nebelmaschinen - FireWare","og_description":"Alles, was Sie f\u00fcr die Wartung von Nebelmaschinen ben\u00f6tigen;  Die perfekte Erg\u00e4nzung zum Wartungs- und Reparaturtraining;  F\u00fcr Komfort und Sicherheit entwickelt;  Hochwertige, robuste Materialien;  Geliefert in einer praktischen Aufbewahrungsbox.","og_url":"https:\/\/www.fireware.nl\/de\/product\/wartungskit-fuer-fireware-nebelmaschinen\/","og_site_name":"FireWare","article_publisher":"https:\/\/www.facebook.com\/FireWareBV\/","article_modified_time":"2024-08-08T11:10:23+00:00","og_image":[{"width":600,"height":600,"url":"https:\/\/www.fireware.nl\/wp-content\/uploads\/2024\/05\/20240425_Rookmachine_schoonmaak_kit_051_web.jpg","type":"image\/jpeg"}],"twitter_card":"summary_large_image","twitter_site":"@FireWarebv","twitter_misc":{"Gesch\u00e4tzte Lesezeit":"1\u00a0Minute"},"schema":{"@context":"https:\/\/schema.org","@graph":[{"@type":"WebPage","@id":"https:\/\/www.fireware.nl\/de\/product\/wartungskit-fuer-fireware-nebelmaschinen\/","url":"https:\/\/www.fireware.nl\/de\/product\/wartungskit-fuer-fireware-nebelmaschinen\/","name":"Wartungskit f\u00fcr FireWare Nebelmaschinen - FireWare","isPartOf":{"@id":"https:\/\/www.fireware.nl\/de\/#website"},"primaryImageOfPage":{"@id":"https:\/\/www.fireware.nl\/de\/product\/wartungskit-fuer-fireware-nebelmaschinen\/#primaryimage"},"image":{"@id":"https:\/\/www.fireware.nl\/de\/product\/wartungskit-fuer-fireware-nebelmaschinen\/#primaryimage"},"thumbnailUrl":"https:\/\/www.fireware.nl\/wp-content\/uploads\/2024\/05\/20240425_Rookmachine_schoonmaak_kit_051_web.jpg","datePublished":"2019-01-18T09:14:16+00:00","dateModified":"2024-08-08T11:10:23+00:00","breadcrumb":{"@id":"https:\/\/www.fireware.nl\/de\/product\/wartungskit-fuer-fireware-nebelmaschinen\/#breadcrumb"},"inLanguage":"de","potentialAction":[{"@type":"ReadAction","target":["https:\/\/www.fireware.nl\/de\/product\/wartungskit-fuer-fireware-nebelmaschinen\/"]}]},{"@type":"ImageObject","inLanguage":"de","@id":"https:\/\/www.fireware.nl\/de\/product\/wartungskit-fuer-fireware-nebelmaschinen\/#primaryimage","url":"https:\/\/www.fireware.nl\/wp-content\/uploads\/2024\/05\/20240425_Rookmachine_schoonmaak_kit_051_web.jpg","contentUrl":"https:\/\/www.fireware.nl\/wp-content\/uploads\/2024\/05\/20240425_Rookmachine_schoonmaak_kit_051_web.jpg","width":600,"height":600},{"@type":"BreadcrumbList","@id":"https:\/\/www.fireware.nl\/de\/product\/wartungskit-fuer-fireware-nebelmaschinen\/#breadcrumb","itemListElement":[{"@type":"ListItem","position":1,"name":"Home","item":"https:\/\/www.fireware.nl\/de\/"},{"@type":"ListItem","position":2,"name":"Produkte","item":"https:\/\/www.fireware.nl\/de\/produkte\/"},{"@type":"ListItem","position":3,"name":"Wartungskit f\u00fcr FireWare Nebelmaschinen"}]},{"@type":"WebSite","@id":"https:\/\/www.fireware.nl\/de\/#website","url":"https:\/\/www.fireware.nl\/de\/","name":"FireWare","description":"CREATING REALISTIC  TRAINING ENVIRONMENTS","publisher":{"@id":"https:\/\/www.fireware.nl\/de\/#organization"},"potentialAction":[{"@type":"SearchAction","target":{"@type":"EntryPoint","urlTemplate":"https:\/\/www.fireware.nl\/de\/?s={search_term_string}"},"query-input":{"@type":"PropertyValueSpecification","valueRequired":true,"valueName":"search_term_string"}}],"inLanguage":"de"},{"@type":"Organization","@id":"https:\/\/www.fireware.nl\/de\/#organization","name":"FireWare","url":"https:\/\/www.fireware.nl\/de\/","logo":{"@type":"ImageObject","inLanguage":"de","@id":"https:\/\/www.fireware.nl\/de\/#\/schema\/logo\/image\/","url":"https:\/\/www.fireware.nl\/wp-content\/uploads\/2018\/10\/fireware-logo.png","contentUrl":"https:\/\/www.fireware.nl\/wp-content\/uploads\/2018\/10\/fireware-logo.png","width":200,"height":86,"caption":"FireWare"},"image":{"@id":"https:\/\/www.fireware.nl\/de\/#\/schema\/logo\/image\/"},"sameAs":["https:\/\/www.facebook.com\/FireWareBV\/","https:\/\/x.com\/FireWarebv","https:\/\/www.instagram.com\/fireware_nl\/","https:\/\/www.linkedin.com\/company\/3586017\/","https:\/\/www.youtube.com\/user\/firesalesrentconsult"]}]}},"publishpress_future_workflow_manual_trigger":{"enabledWorkflows":[]},"_links":{"self":[{"href":"https:\/\/www.fireware.nl\/de\/wp-json\/wp\/v2\/product\/96860","targetHints":{"allow":["GET"]}}],"collection":[{"href":"https:\/\/www.fireware.nl\/de\/wp-json\/wp\/v2\/product"}],"about":[{"href":"https:\/\/www.fireware.nl\/de\/wp-json\/wp\/v2\/types\/product"}],"wp:featuredmedia":[{"embeddable":true,"href":"https:\/\/www.fireware.nl\/de\/wp-json\/wp\/v2\/media\/95535"}],"wp:attachment":[{"href":"https:\/\/www.fireware.nl\/de\/wp-json\/wp\/v2\/media?parent=96860"}],"wp:term":[{"taxonomy":"product_brand","embeddable":true,"href":"https:\/\/www.fireware.nl\/de\/wp-json\/wp\/v2\/product_brand?post=96860"},{"taxonomy":"product_cat","embeddable":true,"href":"https:\/\/www.fireware.nl\/de\/wp-json\/wp\/v2\/product_cat?post=96860"},{"taxonomy":"product_tag","embeddable":true,"href":"https:\/\/www.fireware.nl\/de\/wp-json\/wp\/v2\/product_tag?post=96860"}],"curies":[{"name":"wp","href":"https:\/\/api.w.org\/{rel}","templated":true}]}}