
{"id":94648,"date":"2024-04-22T10:08:04","date_gmt":"2024-04-22T10:15:56","guid":{"rendered":"https:\/\/www.fireware.nl\/product\/vesta-set-industriell\/"},"modified":"2024-04-23T07:47:57","modified_gmt":"2024-04-23T07:47:57","slug":"vesta-set-industriell","status":"publish","type":"product","link":"https:\/\/www.fireware.nl\/de\/product\/vesta-set-industriell\/","title":{"rendered":"Vesta Set Industriell"},"content":{"rendered":"<h2>Bereichern Sie Ihr Sortiment mit dem Vesta Set Industrial!<\/h2>\n<p>Erleichtern Sie sich Ihre \u00dcbungen mit dem kompletten Vesta-Set Industrial! \u00dcbungssets sind nicht nur Sammlungen von Produkten, sie sind Ihr Werkzeugkasten, um \u00dcbungen noch realistischer und effizienter einzusetzen!<\/p>\n<p>Durch die Kombination der richtigen Auswahl an \u00dcbungsmaterialien bietet das FireWare Vesta Set Industrial eine breite Palette an M\u00f6glichkeiten f\u00fcr Ihre Trainingseinheiten.<\/p>\n<p>Sind Sie neugierig, was die einzelnen Produkte in diesem Set zu bieten haben?<br \/>\nDann klicken Sie auf die folgenden Links:<\/p>\n<ul>\n<li><a href=\"https:\/\/www.fireware.nl\/de\/product\/vesta-loeschtrainer\/\" target=\"_blank\" rel=\"noopener\">Vesta blues trainer<\/a><\/li>\n<li><a href=\"https:\/\/www.fireware.nl\/de\/product\/add-on-flange-fire\/\" target=\"_blank\" rel=\"noopener\">Aufsatzflansch Feuer<\/a><\/li>\n<li><a href=\"https:\/\/www.fireware.nl\/de\/product\/add-on-electric-motor\/\" target=\"_blank\" rel=\"noopener\">Zus\u00e4tzlicher Elektromotor<\/a><\/li>\n<li><a href=\"https:\/\/www.fireware.nl\/de\/product\/vesta-trolley\/\" target=\"_blank\" rel=\"noopener\">Vesta Trolley<\/a><\/li>\n<li><a href=\"https:\/\/www.fireware.nl\/de\/product\/add-on-schaltschrank\/\" target=\"_blank\" rel=\"noopener\">Elektrischer Aufsatzschrank<\/a><\/li>\n<li><a href=\"https:\/\/www.fireware.nl\/de\/product\/add-on-gas-cylinder-metall\/\" target=\"_blank\" rel=\"noopener\">Zusatzgasflasche-Metall<\/a><\/li>\n<li style=\"list-style-type: none;\"><\/li>\n<\/ul>\n<p>Sehen Sie sich auch die <a href=\"https:\/\/www.fireware.nl\/de\/product\/vesta-set-buero\/\" target=\"_blank\" rel=\"noopener\">B\u00fcrovariante<\/a> oder die <a href=\"https:\/\/www.fireware.nl\/de\/product\/vesta-set-kueche\/\" target=\"_blank\" rel=\"noopener\">K\u00fcchenvariante<\/a> an.<\/p>\n<p>Sind Sie neugierig auf unsere anderen Trainingssets? Dann klicken Sie <a href=\"https:\/\/www.fireware.nl\/de\/product-categorie\/uebungssaetze\/\" target=\"_blank\" rel=\"noopener\">hier<\/a>!<\/p>\n","protected":false},"excerpt":{"rendered":"<ul>\n<li>1x Vesta Feuer Trainer<\/li>\n<li>1x Aufsatzflansch Feuer<\/li>\n<li>1x Zusatz-Elektromotor<\/li>\n<li>1x Vesta Trolley<\/li>\n<li>1x Aufsatz-Elektroschrank<\/li>\n<li>1x Add-on Gasflasche-Metall<\/li>\n<\/ul>\n","protected":false},"featured_media":96936,"template":"","meta":[],"product_brand":[],"product_cat":[3686],"product_tag":[],"class_list":{"0":"post-94648","1":"product","2":"type-product","3":"status-publish","4":"has-post-thumbnail","6":"product_cat-uebungssaetze","8":"first","9":"instock","10":"taxable","11":"shipping-taxable","12":"purchasable","13":"product-type-simple"},"yoast_head":"<!-- This site is optimized with the Yoast SEO plugin v27.2 - https:\/\/yoast.com\/product\/yoast-seo-wordpress\/ -->\n<title>Vesta Set Industriell - FireWare<\/title>\n<meta name=\"robots\" content=\"index, follow, max-snippet:-1, max-image-preview:large, max-video-preview:-1\" \/>\n<link rel=\"canonical\" href=\"https:\/\/www.fireware.nl\/de\/product\/vesta-set-industriell\/\" \/>\n<meta property=\"og:locale\" content=\"de_DE\" \/>\n<meta property=\"og:type\" content=\"article\" \/>\n<meta property=\"og:title\" content=\"Vesta Set Industriell - FireWare\" \/>\n<meta property=\"og:description\" content=\"1x Vesta Feuer Trainer  1x Aufsatzflansch Feuer  1x Zusatz-Elektromotor  1x Vesta Trolley  1x Aufsatz-Elektroschrank  1x Add-on Gasflasche-Metall\" \/>\n<meta property=\"og:url\" content=\"https:\/\/www.fireware.nl\/de\/product\/vesta-set-industriell\/\" \/>\n<meta property=\"og:site_name\" content=\"FireWare\" \/>\n<meta property=\"article:publisher\" content=\"https:\/\/www.facebook.com\/FireWareBV\/\" \/>\n<meta property=\"article:modified_time\" content=\"2024-04-23T07:47:57+00:00\" \/>\n<meta property=\"og:image\" content=\"https:\/\/www.fireware.nl\/wp-content\/uploads\/2024\/04\/049-012-058_Vesta_set_industrial_001-2.jpg\" \/>\n\t<meta property=\"og:image:width\" content=\"600\" \/>\n\t<meta property=\"og:image:height\" content=\"600\" \/>\n\t<meta property=\"og:image:type\" content=\"image\/jpeg\" \/>\n<meta name=\"twitter:card\" content=\"summary_large_image\" \/>\n<meta name=\"twitter:site\" content=\"@FireWarebv\" \/>\n<meta name=\"twitter:label1\" content=\"Gesch\u00e4tzte Lesezeit\" \/>\n\t<meta name=\"twitter:data1\" content=\"1\u00a0Minute\" \/>\n<script type=\"application\/ld+json\" class=\"yoast-schema-graph\">{\"@context\":\"https:\/\/schema.org\",\"@graph\":[{\"@type\":\"WebPage\",\"@id\":\"https:\/\/www.fireware.nl\/de\/product\/vesta-set-industriell\/\",\"url\":\"https:\/\/www.fireware.nl\/de\/product\/vesta-set-industriell\/\",\"name\":\"Vesta Set Industriell - FireWare\",\"isPartOf\":{\"@id\":\"https:\/\/www.fireware.nl\/de\/#website\"},\"primaryImageOfPage\":{\"@id\":\"https:\/\/www.fireware.nl\/de\/product\/vesta-set-industriell\/#primaryimage\"},\"image\":{\"@id\":\"https:\/\/www.fireware.nl\/de\/product\/vesta-set-industriell\/#primaryimage\"},\"thumbnailUrl\":\"https:\/\/www.fireware.nl\/wp-content\/uploads\/2024\/04\/20240527_Vesta-set-Industrial_005_web.jpg\",\"datePublished\":\"2024-04-22T10:15:56+00:00\",\"dateModified\":\"2024-04-23T07:47:57+00:00\",\"breadcrumb\":{\"@id\":\"https:\/\/www.fireware.nl\/de\/product\/vesta-set-industriell\/#breadcrumb\"},\"inLanguage\":\"de\",\"potentialAction\":[{\"@type\":\"ReadAction\",\"target\":[\"https:\/\/www.fireware.nl\/de\/product\/vesta-set-industriell\/\"]}]},{\"@type\":\"ImageObject\",\"inLanguage\":\"de\",\"@id\":\"https:\/\/www.fireware.nl\/de\/product\/vesta-set-industriell\/#primaryimage\",\"url\":\"https:\/\/www.fireware.nl\/wp-content\/uploads\/2024\/04\/20240527_Vesta-set-Industrial_005_web.jpg\",\"contentUrl\":\"https:\/\/www.fireware.nl\/wp-content\/uploads\/2024\/04\/20240527_Vesta-set-Industrial_005_web.jpg\",\"width\":600,\"height\":600},{\"@type\":\"BreadcrumbList\",\"@id\":\"https:\/\/www.fireware.nl\/de\/product\/vesta-set-industriell\/#breadcrumb\",\"itemListElement\":[{\"@type\":\"ListItem\",\"position\":1,\"name\":\"Home\",\"item\":\"https:\/\/www.fireware.nl\/de\/\"},{\"@type\":\"ListItem\",\"position\":2,\"name\":\"Produkte\",\"item\":\"https:\/\/www.fireware.nl\/de\/produkte\/\"},{\"@type\":\"ListItem\",\"position\":3,\"name\":\"Vesta Set Industriell\"}]},{\"@type\":\"WebSite\",\"@id\":\"https:\/\/www.fireware.nl\/de\/#website\",\"url\":\"https:\/\/www.fireware.nl\/de\/\",\"name\":\"FireWare\",\"description\":\"CREATING REALISTIC  TRAINING ENVIRONMENTS\",\"publisher\":{\"@id\":\"https:\/\/www.fireware.nl\/de\/#organization\"},\"potentialAction\":[{\"@type\":\"SearchAction\",\"target\":{\"@type\":\"EntryPoint\",\"urlTemplate\":\"https:\/\/www.fireware.nl\/de\/?s={search_term_string}\"},\"query-input\":{\"@type\":\"PropertyValueSpecification\",\"valueRequired\":true,\"valueName\":\"search_term_string\"}}],\"inLanguage\":\"de\"},{\"@type\":\"Organization\",\"@id\":\"https:\/\/www.fireware.nl\/de\/#organization\",\"name\":\"FireWare\",\"url\":\"https:\/\/www.fireware.nl\/de\/\",\"logo\":{\"@type\":\"ImageObject\",\"inLanguage\":\"de\",\"@id\":\"https:\/\/www.fireware.nl\/de\/#\/schema\/logo\/image\/\",\"url\":\"https:\/\/www.fireware.nl\/wp-content\/uploads\/2018\/10\/fireware-logo.png\",\"contentUrl\":\"https:\/\/www.fireware.nl\/wp-content\/uploads\/2018\/10\/fireware-logo.png\",\"width\":200,\"height\":86,\"caption\":\"FireWare\"},\"image\":{\"@id\":\"https:\/\/www.fireware.nl\/de\/#\/schema\/logo\/image\/\"},\"sameAs\":[\"https:\/\/www.facebook.com\/FireWareBV\/\",\"https:\/\/x.com\/FireWarebv\",\"https:\/\/www.instagram.com\/fireware_nl\/\",\"https:\/\/www.linkedin.com\/company\/3586017\/\",\"https:\/\/www.youtube.com\/user\/firesalesrentconsult\"]}]}<\/script>\n<!-- \/ Yoast SEO plugin. -->","yoast_head_json":{"title":"Vesta Set Industriell - FireWare","robots":{"index":"index","follow":"follow","max-snippet":"max-snippet:-1","max-image-preview":"max-image-preview:large","max-video-preview":"max-video-preview:-1"},"canonical":"https:\/\/www.fireware.nl\/de\/product\/vesta-set-industriell\/","og_locale":"de_DE","og_type":"article","og_title":"Vesta Set Industriell - FireWare","og_description":"1x Vesta Feuer Trainer  1x Aufsatzflansch Feuer  1x Zusatz-Elektromotor  1x Vesta Trolley  1x Aufsatz-Elektroschrank  1x Add-on Gasflasche-Metall","og_url":"https:\/\/www.fireware.nl\/de\/product\/vesta-set-industriell\/","og_site_name":"FireWare","article_publisher":"https:\/\/www.facebook.com\/FireWareBV\/","article_modified_time":"2024-04-23T07:47:57+00:00","og_image":[{"width":600,"height":600,"url":"https:\/\/www.fireware.nl\/wp-content\/uploads\/2024\/04\/049-012-058_Vesta_set_industrial_001-2.jpg","type":"image\/jpeg"}],"twitter_card":"summary_large_image","twitter_site":"@FireWarebv","twitter_misc":{"Gesch\u00e4tzte Lesezeit":"1\u00a0Minute"},"schema":{"@context":"https:\/\/schema.org","@graph":[{"@type":"WebPage","@id":"https:\/\/www.fireware.nl\/de\/product\/vesta-set-industriell\/","url":"https:\/\/www.fireware.nl\/de\/product\/vesta-set-industriell\/","name":"Vesta Set Industriell - FireWare","isPartOf":{"@id":"https:\/\/www.fireware.nl\/de\/#website"},"primaryImageOfPage":{"@id":"https:\/\/www.fireware.nl\/de\/product\/vesta-set-industriell\/#primaryimage"},"image":{"@id":"https:\/\/www.fireware.nl\/de\/product\/vesta-set-industriell\/#primaryimage"},"thumbnailUrl":"https:\/\/www.fireware.nl\/wp-content\/uploads\/2024\/04\/20240527_Vesta-set-Industrial_005_web.jpg","datePublished":"2024-04-22T10:15:56+00:00","dateModified":"2024-04-23T07:47:57+00:00","breadcrumb":{"@id":"https:\/\/www.fireware.nl\/de\/product\/vesta-set-industriell\/#breadcrumb"},"inLanguage":"de","potentialAction":[{"@type":"ReadAction","target":["https:\/\/www.fireware.nl\/de\/product\/vesta-set-industriell\/"]}]},{"@type":"ImageObject","inLanguage":"de","@id":"https:\/\/www.fireware.nl\/de\/product\/vesta-set-industriell\/#primaryimage","url":"https:\/\/www.fireware.nl\/wp-content\/uploads\/2024\/04\/20240527_Vesta-set-Industrial_005_web.jpg","contentUrl":"https:\/\/www.fireware.nl\/wp-content\/uploads\/2024\/04\/20240527_Vesta-set-Industrial_005_web.jpg","width":600,"height":600},{"@type":"BreadcrumbList","@id":"https:\/\/www.fireware.nl\/de\/product\/vesta-set-industriell\/#breadcrumb","itemListElement":[{"@type":"ListItem","position":1,"name":"Home","item":"https:\/\/www.fireware.nl\/de\/"},{"@type":"ListItem","position":2,"name":"Produkte","item":"https:\/\/www.fireware.nl\/de\/produkte\/"},{"@type":"ListItem","position":3,"name":"Vesta Set Industriell"}]},{"@type":"WebSite","@id":"https:\/\/www.fireware.nl\/de\/#website","url":"https:\/\/www.fireware.nl\/de\/","name":"FireWare","description":"CREATING REALISTIC  TRAINING ENVIRONMENTS","publisher":{"@id":"https:\/\/www.fireware.nl\/de\/#organization"},"potentialAction":[{"@type":"SearchAction","target":{"@type":"EntryPoint","urlTemplate":"https:\/\/www.fireware.nl\/de\/?s={search_term_string}"},"query-input":{"@type":"PropertyValueSpecification","valueRequired":true,"valueName":"search_term_string"}}],"inLanguage":"de"},{"@type":"Organization","@id":"https:\/\/www.fireware.nl\/de\/#organization","name":"FireWare","url":"https:\/\/www.fireware.nl\/de\/","logo":{"@type":"ImageObject","inLanguage":"de","@id":"https:\/\/www.fireware.nl\/de\/#\/schema\/logo\/image\/","url":"https:\/\/www.fireware.nl\/wp-content\/uploads\/2018\/10\/fireware-logo.png","contentUrl":"https:\/\/www.fireware.nl\/wp-content\/uploads\/2018\/10\/fireware-logo.png","width":200,"height":86,"caption":"FireWare"},"image":{"@id":"https:\/\/www.fireware.nl\/de\/#\/schema\/logo\/image\/"},"sameAs":["https:\/\/www.facebook.com\/FireWareBV\/","https:\/\/x.com\/FireWarebv","https:\/\/www.instagram.com\/fireware_nl\/","https:\/\/www.linkedin.com\/company\/3586017\/","https:\/\/www.youtube.com\/user\/firesalesrentconsult"]}]}},"publishpress_future_workflow_manual_trigger":{"enabledWorkflows":[]},"_links":{"self":[{"href":"https:\/\/www.fireware.nl\/de\/wp-json\/wp\/v2\/product\/94648","targetHints":{"allow":["GET"]}}],"collection":[{"href":"https:\/\/www.fireware.nl\/de\/wp-json\/wp\/v2\/product"}],"about":[{"href":"https:\/\/www.fireware.nl\/de\/wp-json\/wp\/v2\/types\/product"}],"wp:featuredmedia":[{"embeddable":true,"href":"https:\/\/www.fireware.nl\/de\/wp-json\/wp\/v2\/media\/96936"}],"wp:attachment":[{"href":"https:\/\/www.fireware.nl\/de\/wp-json\/wp\/v2\/media?parent=94648"}],"wp:term":[{"taxonomy":"product_brand","embeddable":true,"href":"https:\/\/www.fireware.nl\/de\/wp-json\/wp\/v2\/product_brand?post=94648"},{"taxonomy":"product_cat","embeddable":true,"href":"https:\/\/www.fireware.nl\/de\/wp-json\/wp\/v2\/product_cat?post=94648"},{"taxonomy":"product_tag","embeddable":true,"href":"https:\/\/www.fireware.nl\/de\/wp-json\/wp\/v2\/product_tag?post=94648"}],"curies":[{"name":"wp","href":"https:\/\/api.w.org\/{rel}","templated":true}]}}