
{"id":94553,"date":"2024-04-22T09:55:55","date_gmt":"2024-04-22T09:55:55","guid":{"rendered":"https:\/\/www.fireware.nl\/product\/buechse-der-pandora-230-medium-set\/"},"modified":"2026-01-23T14:37:28","modified_gmt":"2026-01-23T14:37:28","slug":"buechse-der-pandora-230-medium-set","status":"publish","type":"product","link":"https:\/\/www.fireware.nl\/de\/product\/buechse-der-pandora-230-medium-set\/","title":{"rendered":"Simulationsset Mittel einschlie\u00dflich Thermal Runaway"},"content":{"rendered":"\r\n<h2>Simulationen f\u00fcr alle Sinne<\/h2>\r\n<p>Mit dem Simulations-Set Medium erschaffen Sie dynamische Brandszenarien, die bisher undenkbar waren. Realistische Flammeneffekte, integrierte Ger\u00e4usche und die Bedienung \u00fcber Ihr eigenes Smartphone oder Laptop machen es m\u00f6glich.<\/p>\r\n<h2>Eskalieren und deeskalieren<\/h2>\r\n<p>Die Steuerung des Szenarios liegt buchst\u00e4blich in Ihrer Hosentasche. Ihr eigenes Smartphone (oder Tablet) dient als Fernbedienung. So k\u00f6nnen Sie schnell auf den Verlauf des Szenarios reagieren. Dauert der Einsatz zu lange, vergr\u00f6\u00dfern Sie das Feuer einfach. Ist der Einsatz effizient, k\u00f6nnen Sie die Brandstelle verkleinern. Das ist Eskalation und Deeskalation leicht gemacht.<\/p>\r\n<h2>Drahtlose Steuerung<\/h2>\r\n<p>Das Herzst\u00fcck des Simulations-Sets Medium ist die Pandora&#8217;s Box 230, die ein Wi-Fi-Netzwerk erstellt, mit dem Sie sich einfach per QR-Code verbinden. Eine Weboberfl\u00e4che auf Ihrem Smartphone oder Tablet erm\u00f6glicht die Steuerung aller Elemente Ihrer Inszenierung. Bis zu drei (Flammen-)Effekte, eine Nebelmaschine und Soundeffekte schaffen Simulationen, die bisher nur Experten vorbehalten waren.<\/p>\r\n<h2>Thermal Runaways<\/h2>\r\n<p>Das Simulations-Set Small eignet sich hervorragend, um sogenannte Thermal Runaways, wie sie bei brennenden Fahrradakkus auftreten, zu simulieren. Der FireSpot MK2 verf\u00fcgt \u00fcber einen speziellen Flammeneffekt, der das wiederholte Explodieren von Akkuzellen nachstellt. Passende Ger\u00e4usche, wie das Explodieren und Entweichen der Zellen, sind in der Pandora&#8217;s Box 230 integriert. Mit dieser Kombination wird das Training im Bereich der Energiewende zum Kinderspiel.<\/p>\r\n<h2>Unbegrenzte M\u00f6glichkeiten<\/h2>\r\n<p>Neben Thermal Runaways k\u00f6nnen Sie mit dem Simulations-Set Medium zahlreiche weitere Szenarien inszenieren. Ihrer Kreativit\u00e4t sind keine Grenzen gesetzt. Zur Verf\u00fcgung stehen drei Flammeneffekte: Phoenix Silkflame, FireSpot MK2 und Mini Silkflame. Zusammen mit der Pandora&#8217;s Box 230 lassen sich mittelgro\u00dfe dynamische Br\u00e4nde simulieren, wie z. B. gro\u00dffl\u00e4chige Feuer, Wohnungsbr\u00e4nde oder kleine Industriebr\u00e4nde. Die drei unabh\u00e4ngig steuerbaren Flammeneffekte erm\u00f6glichen es, Br\u00e4nde jederzeit zu vergr\u00f6\u00dfern oder zu verkleinern.<\/p>\r\n<h4>Pandora&#8217;s Box 230<\/h4>\r\n<p>Die Pandora&#8217;s Box 230 ist das Herzst\u00fcck dieses Sets. Diese &#8220;magische Box&#8221; steuert Ihre Inszenierung. Sie k\u00f6nnen bis zu drei (Flammen-)Effekte und eine Nebelmaschine anschlie\u00dfen. Die zwei externen Lautsprecher sorgen f\u00fcr Ger\u00e4usche genau dort, wo Sie sie brauchen. \u00dcber den QR-Code verbinden Sie sich mit dem Wi-Fi-Netzwerk der Pandora&#8217;s Box und erhalten Zugriff auf die Weboberfl\u00e4che. Damit k\u00f6nnen Sie alle Komponenten Ihrer Inszenierung individuell steuern. Das er\u00f6ffnet Ihnen nie dagewesene M\u00f6glichkeiten, da alle Elemente w\u00e4hrend der \u00dcbung ein- und ausgeschaltet oder angepasst werden k\u00f6nnen. Sogar ein Apollo LED-Feuerl\u00f6scher (nicht enthalten) kann f\u00fcr eine interaktive Brandbek\u00e4mpfung angeschlossen werden.<\/p>\r\n<h4>Soundeffekte<\/h4>\r\n<p>Eine gute Inszenierung spricht m\u00f6glichst viele Sinne an. Es geht nicht nur darum, was Sie sehen, sondern was Sie erleben. Daher sollte der Einsatz von Ger\u00e4uschen selbstverst\u00e4ndlich sein. Mit der Pandora&#8217;s Box 230 steht Ihnen eine Bibliothek mit \u00fcber 30 Sounds zur Verf\u00fcgung, von Brandger\u00e4uschen bis hin zu Hilferufen und versch\u00e4rfenden Bedingungen. Bis zu sechs Sounds k\u00f6nnen gleichzeitig genutzt werden.<\/p>\r\n<h4>Phoenix Silkflame<\/h4>\r\n<p>Mit der Phoenix Silkflame erzeugen Sie gro\u00dfe Flammenfronten. Starke LED-Spots beleuchten ein bis zu 200 cm hohes Seidenvlies. Auch ohne das Vlies beeindruckt die Phoenix durch ihre kr\u00e4ftige Ventilation, die gro\u00dfe Mengen Rauch aufsteigen l\u00e4sst. Die LED-Beleuchtung projiziert gro\u00dfe Flammen in den Rauch, der mit Kraft aufsteigt. Dies vermittelt die Illusion einer stark entwickelten Brandstelle. Perfekt f\u00fcr gr\u00f6\u00dfere Br\u00e4nde und Feuer im Freien, selbst bei Tageslicht.<\/p>\r\n<h4>FireSpot MK2<\/h4>\r\n<p>Der neue FireSpot MK2 bietet acht integrierte Simulationsprogramme, mit denen Sie immer die passenden Flammeneffekte erzeugen. Wenn Sie die Spots hinter einer Rauchs\u00e4ule platzieren, erscheinen die realistischsten Flammen in der aufsteigenden Rauchwolke. Ein Programm simuliert speziell das Explodieren von Akkuzellen (Thermal Runaway). Das Linsensystem und die zweifarbigen LEDs sorgen f\u00fcr eine realistische Lichtverteilung. Dank der PowerCON-Anschl\u00fcsse ist eine wasserfeste Verl\u00e4ngerung und der direkte Anschluss an die Pandora&#8217;s Box 230 m\u00f6glich. Mit dem mitgelieferten Schuko-Adapter kann der FireSpot auch eigenst\u00e4ndig genutzt werden.<\/p>\r\n<h4>Mini Silkflame<\/h4>\r\n<p>Das Seidenflammenvlies der Mini Silkflame wird mit Licht bestrahlt, was sie zu einem exzellenten Flammensimulator f\u00fcr kleinere Br\u00e4nde macht, insbesondere dort, wo kein Rauch gew\u00fcnscht ist. In Kombination mit Rauch erzeugt sie jedoch ebenso beeindruckende Effekte. Ohne das Seidenvlies wird das Licht in den Rauch projiziert, der von einem Ventilator aufw\u00e4rts gedr\u00fcckt wird &#8211; ein nat\u00fcrlich wirkender Flammeneffekt. Durch die Kombination von Silkflame und FireSpot lassen sich dynamische Brandherde erzeugen, die gr\u00f6\u00dfer oder kleiner werden k\u00f6nnen.<\/p>\r\n<h4>Nebelmaschine Cumulus<\/h4>\r\n<p>Die Cumulus Nebelmaschine kombiniert Leistung mit Vielseitigkeit und erzeugt beeindruckende Nebeleffekte von bis zu 750 m\u00b3 pro Minute. Ideal f\u00fcr Feuer\u00fcbungen, bei denen Flexibilit\u00e4t und Realismus gefragt sind. \u00dcber die Pandora&#8217;s Box 230 ist die Maschine stufenlos von 0 bis 100 % regelbar. Sie kann auch vertikal eingesetzt werden, um realistische Rauchschichten zu erzeugen, und ist somit die ideale multifunktionale Nebelmaschine.<\/p>\r\n<h4>Musterpaket Nebelfl\u00fcssigkeit<\/h4>\r\n<p>Um das Ganze abzurunden, erhalten Sie ein Probenpaket Rauchfl\u00fcssigkeit mit dem Simulationsset. Es enth\u00e4lt die 4 Rauchfl\u00fcssigkeiten \u201eBrandschutz\u00fcbung&#8221;, \u201eUniversal&#8221;, \u201eIntensiv&#8221; und \u201eExtrem&#8221;. Damit k\u00f6nnen Sie immer das passendste Rauchbild erzeugen.<\/p>\r\n<p>Weitere Informationen zu den Produkten im Set? Klicken Sie auf die folgenden Links:<\/p>\r\n<ul>\r\n<li><a href=\"https:\/\/www.fireware.nl\/de\/product\/die-buechse-der-pandora-230\/\" target=\"_blank\" rel=\"noopener\">Pandora&#8217;s Box 230<\/a><\/li>\r\n<li><a href=\"https:\/\/www.fireware.nl\/de\/produkt\/nebelmaschine-cumulus\/\" target=\"_blank\" rel=\"noopener\">Nebelmaschine Cumulus<\/a><\/li>\r\n<li><a href=\"https:\/\/www.fireware.nl\/de\/product\/phoenix\/\" target=\"_blank\" rel=\"noopener\">Phoenix Silkflame<\/a><\/li>\r\n<li><a href=\"https:\/\/www.fireware.nl\/de\/product\/firespot-mk2\/\" target=\"_blank\" rel=\"noopener\">Firespot MK2<\/a><\/li>\r\n<li><a href=\"https:\/\/www.fireware.nl\/de\/product\/mini-silkflame\/\" target=\"_blank\" rel=\"noopener\">Mini Silkflame LED<\/a><\/li>\r\n<li><a href=\"https:\/\/www.fireware.nl\/de\/product\/musterpaket-nebelflussigkeit\/\" target=\"_blank\" rel=\"noopener\">Musterpakket Nebelfl\u00fcssifkeit<\/a><\/li>\r\n<\/ul>\r\n<p><strong>Schauen Sie sich auch das <a href=\"https:\/\/www.fireware.nl\/de\/product\/buechse-der-pandora-230-grosses-set\/\" target=\"_blank\" rel=\"noopener\">gro\u00dfe Set<\/a> oder das <a href=\"https:\/\/www.fireware.nl\/de\/product\/pandoras-230-kleines-set\/\" target=\"_blank\" rel=\"noopener\">kleine Set<\/a> an.<\/strong><\/p>\r\n<p><strong>Sind Sie neugierig auf unsere anderen Trainingssets? Dann klicken Sie <a href=\"https:\/\/www.fireware.nl\/de\/product-categorie\/uebungssaetze\/\" target=\"_blank\" rel=\"noopener\">hier<\/a>!<\/strong><\/p>\r\n<h2>Sehen Sie sich das Video an<\/h2>\r\n<p><iframe title=\"YouTube video player\" src=\"https:\/\/www.youtube.com\/embed\/qjAJ9a0ruYQ?si=ybLy9bqMU10Ukj1B\" width=\"560\" height=\"315\" frameborder=\"0\" allowfullscreen=\"allowfullscreen\"><\/iframe><\/p>\r\n","protected":false},"excerpt":{"rendered":"<ul>\n<li>Alles-in-einem-Vorteilspaket f\u00fcr mittelgro\u00dfe dynamische Inszenierungen<\/li>\n<li>Perfekt geeignet zur Simulation von kleinen Thermal Runaways, wie sie bei Fahrradakkus auftreten k\u00f6nnen.<\/li>\n<li>Vollst\u00e4ndig steuerbar mit Ihrem eigenen Smartphone oder Tablet.<\/li>\n<li>Dieses Set enth\u00e4lt:\n<ul>\n<li><a href=\"https:\/\/www.fireware.nl\/de\/product\/die-buechse-der-pandora-230\/\" target=\"_blank\" rel=\"noopener\">Pandora&#8217;s Box 230<\/a><\/li>\n<li><a href=\"https:\/\/www.fireware.nl\/de\/produkt\/nebelmaschine-cumulus\/\" target=\"_blank\" rel=\"noopener\">Nebelmaschine Cumulus<\/a><\/li>\n<li><a href=\"https:\/\/www.fireware.nl\/de\/product\/phoenix\/\" target=\"_blank\" rel=\"noopener\">Phoenix Silkflame<\/a><\/li>\n<li><a href=\"https:\/\/www.fireware.nl\/de\/product\/firespot-mk2\/\" target=\"_blank\" rel=\"noopener\">Firespot MK2<\/a><\/li>\n<li><a href=\"https:\/\/www.fireware.nl\/de\/product\/mini-silkflame\/\" target=\"_blank\" rel=\"noopener\">Mini Silkflame LED<\/a><\/li>\n<li><a href=\"https:\/\/www.fireware.nl\/de\/product\/musterpaket-nebelflussigkeit\/\" target=\"_blank\" rel=\"noopener\">Musterpakket Nebelfl\u00fcssifkeit<\/a><\/li>\n<\/ul>\n<\/li>\n<\/ul>\n","protected":false},"featured_media":94551,"template":"","meta":[],"product_brand":[],"product_cat":[3686],"product_tag":[],"class_list":{"0":"post-94553","1":"product","2":"type-product","3":"status-publish","4":"has-post-thumbnail","6":"product_cat-uebungssaetze","8":"first","9":"instock","10":"taxable","11":"shipping-taxable","12":"purchasable","13":"product-type-simple"},"yoast_head":"<!-- This site is optimized with the Yoast SEO plugin v27.2 - https:\/\/yoast.com\/product\/yoast-seo-wordpress\/ -->\n<title>Simulationsset Mittel einschlie\u00dflich Thermal Runaway - FireWare<\/title>\n<meta name=\"robots\" content=\"index, follow, max-snippet:-1, max-image-preview:large, max-video-preview:-1\" \/>\n<link rel=\"canonical\" href=\"https:\/\/www.fireware.nl\/de\/product\/buechse-der-pandora-230-medium-set\/\" \/>\n<meta property=\"og:locale\" content=\"de_DE\" \/>\n<meta property=\"og:type\" content=\"article\" \/>\n<meta property=\"og:title\" content=\"Simulationsset Mittel einschlie\u00dflich Thermal Runaway - FireWare\" \/>\n<meta property=\"og:description\" content=\"Alles-in-einem-Vorteilspaket f\u00fcr mittelgro\u00dfe dynamische Inszenierungen Perfekt geeignet zur Simulation von kleinen Thermal Runaways, wie sie bei Fahrradakkus auftreten k\u00f6nnen. Vollst\u00e4ndig steuerbar mit Ihrem eigenen Smartphone oder Tablet. Dieses Set enth\u00e4lt:  Pandora&#039;s Box 230 Nebelmaschine Cumulus Phoenix Silkflame Firespot MK2 Mini Silkflame LED Musterpakket Nebelfl\u00fcssifkeit\" \/>\n<meta property=\"og:url\" content=\"https:\/\/www.fireware.nl\/de\/product\/buechse-der-pandora-230-medium-set\/\" \/>\n<meta property=\"og:site_name\" content=\"FireWare\" \/>\n<meta property=\"article:publisher\" content=\"https:\/\/www.facebook.com\/FireWareBV\/\" \/>\n<meta property=\"article:modified_time\" content=\"2026-01-23T14:37:28+00:00\" \/>\n<meta property=\"og:image\" content=\"https:\/\/www.fireware.nl\/wp-content\/uploads\/2024\/04\/040-030-048_Pandora_230_Medium_set-.jpg\" \/>\n\t<meta property=\"og:image:width\" content=\"600\" \/>\n\t<meta property=\"og:image:height\" content=\"600\" \/>\n\t<meta property=\"og:image:type\" content=\"image\/jpeg\" \/>\n<meta name=\"twitter:card\" content=\"summary_large_image\" \/>\n<meta name=\"twitter:site\" content=\"@FireWarebv\" \/>\n<meta name=\"twitter:label1\" content=\"Gesch\u00e4tzte Lesezeit\" \/>\n\t<meta name=\"twitter:data1\" content=\"5\u00a0Minuten\" \/>\n<script type=\"application\/ld+json\" class=\"yoast-schema-graph\">{\"@context\":\"https:\/\/schema.org\",\"@graph\":[{\"@type\":\"WebPage\",\"@id\":\"https:\/\/www.fireware.nl\/de\/product\/buechse-der-pandora-230-medium-set\/\",\"url\":\"https:\/\/www.fireware.nl\/de\/product\/buechse-der-pandora-230-medium-set\/\",\"name\":\"Simulationsset Mittel einschlie\u00dflich Thermal Runaway - FireWare\",\"isPartOf\":{\"@id\":\"https:\/\/www.fireware.nl\/de\/#website\"},\"primaryImageOfPage\":{\"@id\":\"https:\/\/www.fireware.nl\/de\/product\/buechse-der-pandora-230-medium-set\/#primaryimage\"},\"image\":{\"@id\":\"https:\/\/www.fireware.nl\/de\/product\/buechse-der-pandora-230-medium-set\/#primaryimage\"},\"thumbnailUrl\":\"https:\/\/www.fireware.nl\/wp-content\/uploads\/2024\/04\/040-030-048_Pandora_230_Medium_set-.jpg\",\"datePublished\":\"2024-04-22T09:55:55+00:00\",\"dateModified\":\"2026-01-23T14:37:28+00:00\",\"breadcrumb\":{\"@id\":\"https:\/\/www.fireware.nl\/de\/product\/buechse-der-pandora-230-medium-set\/#breadcrumb\"},\"inLanguage\":\"de\",\"potentialAction\":[{\"@type\":\"ReadAction\",\"target\":[\"https:\/\/www.fireware.nl\/de\/product\/buechse-der-pandora-230-medium-set\/\"]}]},{\"@type\":\"ImageObject\",\"inLanguage\":\"de\",\"@id\":\"https:\/\/www.fireware.nl\/de\/product\/buechse-der-pandora-230-medium-set\/#primaryimage\",\"url\":\"https:\/\/www.fireware.nl\/wp-content\/uploads\/2024\/04\/040-030-048_Pandora_230_Medium_set-.jpg\",\"contentUrl\":\"https:\/\/www.fireware.nl\/wp-content\/uploads\/2024\/04\/040-030-048_Pandora_230_Medium_set-.jpg\",\"width\":600,\"height\":600},{\"@type\":\"BreadcrumbList\",\"@id\":\"https:\/\/www.fireware.nl\/de\/product\/buechse-der-pandora-230-medium-set\/#breadcrumb\",\"itemListElement\":[{\"@type\":\"ListItem\",\"position\":1,\"name\":\"Home\",\"item\":\"https:\/\/www.fireware.nl\/de\/\"},{\"@type\":\"ListItem\",\"position\":2,\"name\":\"Produkte\",\"item\":\"https:\/\/www.fireware.nl\/de\/produkte\/\"},{\"@type\":\"ListItem\",\"position\":3,\"name\":\"Simulationsset Mittel einschlie\u00dflich Thermal Runaway\"}]},{\"@type\":\"WebSite\",\"@id\":\"https:\/\/www.fireware.nl\/de\/#website\",\"url\":\"https:\/\/www.fireware.nl\/de\/\",\"name\":\"FireWare\",\"description\":\"CREATING REALISTIC  TRAINING ENVIRONMENTS\",\"publisher\":{\"@id\":\"https:\/\/www.fireware.nl\/de\/#organization\"},\"potentialAction\":[{\"@type\":\"SearchAction\",\"target\":{\"@type\":\"EntryPoint\",\"urlTemplate\":\"https:\/\/www.fireware.nl\/de\/?s={search_term_string}\"},\"query-input\":{\"@type\":\"PropertyValueSpecification\",\"valueRequired\":true,\"valueName\":\"search_term_string\"}}],\"inLanguage\":\"de\"},{\"@type\":\"Organization\",\"@id\":\"https:\/\/www.fireware.nl\/de\/#organization\",\"name\":\"FireWare\",\"url\":\"https:\/\/www.fireware.nl\/de\/\",\"logo\":{\"@type\":\"ImageObject\",\"inLanguage\":\"de\",\"@id\":\"https:\/\/www.fireware.nl\/de\/#\/schema\/logo\/image\/\",\"url\":\"https:\/\/www.fireware.nl\/wp-content\/uploads\/2018\/10\/fireware-logo.png\",\"contentUrl\":\"https:\/\/www.fireware.nl\/wp-content\/uploads\/2018\/10\/fireware-logo.png\",\"width\":200,\"height\":86,\"caption\":\"FireWare\"},\"image\":{\"@id\":\"https:\/\/www.fireware.nl\/de\/#\/schema\/logo\/image\/\"},\"sameAs\":[\"https:\/\/www.facebook.com\/FireWareBV\/\",\"https:\/\/x.com\/FireWarebv\",\"https:\/\/www.instagram.com\/fireware_nl\/\",\"https:\/\/www.linkedin.com\/company\/3586017\/\",\"https:\/\/www.youtube.com\/user\/firesalesrentconsult\"]}]}<\/script>\n<!-- \/ Yoast SEO plugin. -->","yoast_head_json":{"title":"Simulationsset Mittel einschlie\u00dflich Thermal Runaway - FireWare","robots":{"index":"index","follow":"follow","max-snippet":"max-snippet:-1","max-image-preview":"max-image-preview:large","max-video-preview":"max-video-preview:-1"},"canonical":"https:\/\/www.fireware.nl\/de\/product\/buechse-der-pandora-230-medium-set\/","og_locale":"de_DE","og_type":"article","og_title":"Simulationsset Mittel einschlie\u00dflich Thermal Runaway - FireWare","og_description":"Alles-in-einem-Vorteilspaket f\u00fcr mittelgro\u00dfe dynamische Inszenierungen Perfekt geeignet zur Simulation von kleinen Thermal Runaways, wie sie bei Fahrradakkus auftreten k\u00f6nnen. Vollst\u00e4ndig steuerbar mit Ihrem eigenen Smartphone oder Tablet. Dieses Set enth\u00e4lt:  Pandora's Box 230 Nebelmaschine Cumulus Phoenix Silkflame Firespot MK2 Mini Silkflame LED Musterpakket Nebelfl\u00fcssifkeit","og_url":"https:\/\/www.fireware.nl\/de\/product\/buechse-der-pandora-230-medium-set\/","og_site_name":"FireWare","article_publisher":"https:\/\/www.facebook.com\/FireWareBV\/","article_modified_time":"2026-01-23T14:37:28+00:00","og_image":[{"width":600,"height":600,"url":"https:\/\/www.fireware.nl\/wp-content\/uploads\/2024\/04\/040-030-048_Pandora_230_Medium_set-.jpg","type":"image\/jpeg"}],"twitter_card":"summary_large_image","twitter_site":"@FireWarebv","twitter_misc":{"Gesch\u00e4tzte Lesezeit":"5\u00a0Minuten"},"schema":{"@context":"https:\/\/schema.org","@graph":[{"@type":"WebPage","@id":"https:\/\/www.fireware.nl\/de\/product\/buechse-der-pandora-230-medium-set\/","url":"https:\/\/www.fireware.nl\/de\/product\/buechse-der-pandora-230-medium-set\/","name":"Simulationsset Mittel einschlie\u00dflich Thermal Runaway - FireWare","isPartOf":{"@id":"https:\/\/www.fireware.nl\/de\/#website"},"primaryImageOfPage":{"@id":"https:\/\/www.fireware.nl\/de\/product\/buechse-der-pandora-230-medium-set\/#primaryimage"},"image":{"@id":"https:\/\/www.fireware.nl\/de\/product\/buechse-der-pandora-230-medium-set\/#primaryimage"},"thumbnailUrl":"https:\/\/www.fireware.nl\/wp-content\/uploads\/2024\/04\/040-030-048_Pandora_230_Medium_set-.jpg","datePublished":"2024-04-22T09:55:55+00:00","dateModified":"2026-01-23T14:37:28+00:00","breadcrumb":{"@id":"https:\/\/www.fireware.nl\/de\/product\/buechse-der-pandora-230-medium-set\/#breadcrumb"},"inLanguage":"de","potentialAction":[{"@type":"ReadAction","target":["https:\/\/www.fireware.nl\/de\/product\/buechse-der-pandora-230-medium-set\/"]}]},{"@type":"ImageObject","inLanguage":"de","@id":"https:\/\/www.fireware.nl\/de\/product\/buechse-der-pandora-230-medium-set\/#primaryimage","url":"https:\/\/www.fireware.nl\/wp-content\/uploads\/2024\/04\/040-030-048_Pandora_230_Medium_set-.jpg","contentUrl":"https:\/\/www.fireware.nl\/wp-content\/uploads\/2024\/04\/040-030-048_Pandora_230_Medium_set-.jpg","width":600,"height":600},{"@type":"BreadcrumbList","@id":"https:\/\/www.fireware.nl\/de\/product\/buechse-der-pandora-230-medium-set\/#breadcrumb","itemListElement":[{"@type":"ListItem","position":1,"name":"Home","item":"https:\/\/www.fireware.nl\/de\/"},{"@type":"ListItem","position":2,"name":"Produkte","item":"https:\/\/www.fireware.nl\/de\/produkte\/"},{"@type":"ListItem","position":3,"name":"Simulationsset Mittel einschlie\u00dflich Thermal Runaway"}]},{"@type":"WebSite","@id":"https:\/\/www.fireware.nl\/de\/#website","url":"https:\/\/www.fireware.nl\/de\/","name":"FireWare","description":"CREATING REALISTIC  TRAINING ENVIRONMENTS","publisher":{"@id":"https:\/\/www.fireware.nl\/de\/#organization"},"potentialAction":[{"@type":"SearchAction","target":{"@type":"EntryPoint","urlTemplate":"https:\/\/www.fireware.nl\/de\/?s={search_term_string}"},"query-input":{"@type":"PropertyValueSpecification","valueRequired":true,"valueName":"search_term_string"}}],"inLanguage":"de"},{"@type":"Organization","@id":"https:\/\/www.fireware.nl\/de\/#organization","name":"FireWare","url":"https:\/\/www.fireware.nl\/de\/","logo":{"@type":"ImageObject","inLanguage":"de","@id":"https:\/\/www.fireware.nl\/de\/#\/schema\/logo\/image\/","url":"https:\/\/www.fireware.nl\/wp-content\/uploads\/2018\/10\/fireware-logo.png","contentUrl":"https:\/\/www.fireware.nl\/wp-content\/uploads\/2018\/10\/fireware-logo.png","width":200,"height":86,"caption":"FireWare"},"image":{"@id":"https:\/\/www.fireware.nl\/de\/#\/schema\/logo\/image\/"},"sameAs":["https:\/\/www.facebook.com\/FireWareBV\/","https:\/\/x.com\/FireWarebv","https:\/\/www.instagram.com\/fireware_nl\/","https:\/\/www.linkedin.com\/company\/3586017\/","https:\/\/www.youtube.com\/user\/firesalesrentconsult"]}]}},"publishpress_future_workflow_manual_trigger":{"enabledWorkflows":[]},"_links":{"self":[{"href":"https:\/\/www.fireware.nl\/de\/wp-json\/wp\/v2\/product\/94553","targetHints":{"allow":["GET"]}}],"collection":[{"href":"https:\/\/www.fireware.nl\/de\/wp-json\/wp\/v2\/product"}],"about":[{"href":"https:\/\/www.fireware.nl\/de\/wp-json\/wp\/v2\/types\/product"}],"wp:featuredmedia":[{"embeddable":true,"href":"https:\/\/www.fireware.nl\/de\/wp-json\/wp\/v2\/media\/94551"}],"wp:attachment":[{"href":"https:\/\/www.fireware.nl\/de\/wp-json\/wp\/v2\/media?parent=94553"}],"wp:term":[{"taxonomy":"product_brand","embeddable":true,"href":"https:\/\/www.fireware.nl\/de\/wp-json\/wp\/v2\/product_brand?post=94553"},{"taxonomy":"product_cat","embeddable":true,"href":"https:\/\/www.fireware.nl\/de\/wp-json\/wp\/v2\/product_cat?post=94553"},{"taxonomy":"product_tag","embeddable":true,"href":"https:\/\/www.fireware.nl\/de\/wp-json\/wp\/v2\/product_tag?post=94553"}],"curies":[{"name":"wp","href":"https:\/\/api.w.org\/{rel}","templated":true}]}}