
{"id":94164,"date":"2024-03-25T15:37:11","date_gmt":"2024-04-12T11:57:19","guid":{"rendered":"https:\/\/www.fireware.nl\/product\/schlauch-fuer-neptune-co2-rund\/"},"modified":"2024-12-23T15:49:11","modified_gmt":"2024-12-23T15:49:11","slug":"schlauch-fuer-neptune-co2-rund","status":"publish","type":"product","link":"https:\/\/www.fireware.nl\/de\/product\/duse-neptune-co2-rund\/","title":{"rendered":"D\u00fcse f\u00fcr Neptune CO2 &#8211; rund"},"content":{"rendered":"<h2>Von \u00dcbungsschaum zu CO2 im Handumdrehen<\/h2>\n<p>Haben Sie bereits einen <a href=\"https:\/\/www.fireware.nl\/de\/product\/neptune-uebungsloescher-druckgriff\/\" target=\"_blank\" rel=\"noopener\">Neptune \u00dcbungsschaum Feuerl\u00f6scher mit Druckgriff<\/a> in Ihrem Sortiment? Verwandeln Sie Ihren \u00dcbungsl\u00f6scher im Handumdrehen in einen CO2-\u00dcbungsl\u00f6scher mit der runden D\u00fcseverl\u00e4ngerung. Auch erh\u00e4ltlich mit einem <a href=\"https:\/\/www.fireware.nl\/de\/product\/rohr-fuer-neptune-co%E2%82%82-flach\/\" target=\"_blank\" rel=\"noopener\">flachen D\u00fcse<\/a>.<\/p>\n<h2>Haben Sie noch keinen Neptune \u00dcbungsl\u00f6scher?<\/h2>\n<p>Entscheiden Sie sich dann f\u00fcr den <a href=\"https:\/\/www.fireware.nl\/de\/product\/neptune-co2-uebungsloescher-mit-druckgriff-6-l\/\" target=\"_blank\" rel=\"noopener\">Neptune CO2 \u00dcbungsl\u00f6scher Druckgriff 6 L mit rundem D\u00fcse<\/a>, bei dem das Verl\u00e4ngerungsst\u00fcck bereits beim L\u00f6scher enthalten ist. Der Neptune CO2 \u00dcbungsl\u00f6scher ist auch mit einem <a href=\"https:\/\/www.fireware.nl\/de\/product\/neptune-co2-uebungsloescher-mit-druckgriff-6-l\/\" target=\"_blank\" rel=\"noopener\">flachen D\u00fcse<\/a> erh\u00e4ltlich.<\/p>\n<p>Das D\u00fcse wird mit einer magnetischen Platte mit 6 verschiedenen Sprachstickern geliefert, damit Sie den gew\u00fcnschten Aufkleber f\u00fcr Ihren \u00dcbungsl\u00f6scher selbst anbringen k\u00f6nnen. W\u00e4hlen Sie aus Niederl\u00e4ndisch, Englisch, Deutsch, Franz\u00f6sisch, Spanisch und Italienisch.<\/p>\n","protected":false},"excerpt":{"rendered":"<ul>\n<li>Verwandeln Sie Ihren Neptune \u00dcbungsl\u00f6scher mit dem flachen D\u00fcse-verl\u00e4ngerungsst\u00fcck in einen CO2-\u00dcbungsl\u00f6scher;<\/li>\n<li>Das Verl\u00e4ngerungsst\u00fcck ist auch mit <a href=\"https:\/\/www.fireware.nl\/de\/product\/rohr-fuer-neptune-co%E2%82%82-flach\/\" target=\"_blank\" rel=\"noopener\">flachem D\u00fcse<\/a> erh\u00e4ltlich;<\/li>\n<li>Anwendbar auf den <a href=\"https:\/\/www.fireware.nl\/de\/product\/neptune-uebungsloescher-druckgriff\/\" target=\"_blank\" rel=\"noopener\">Neptune \u00dcbungsschaum Feuerl\u00f6scher Druckgriff 6 L<\/a>;<\/li>\n<li>Hervorragend geeignet, um CO2-Verfahren zu \u00fcben;<\/li>\n<li>Das Verl\u00e4ngerungsst\u00fcck wird ausschlie\u00dflich ohne L\u00f6scher geliefert;<\/li>\n<li>Auch erh\u00e4ltlich <a href=\"https:\/\/www.fireware.nl\/de\/product\/neptune-co2-uebungsloescher-mit-druckgriff-6-l\/\" target=\"_blank\" rel=\"noopener\">inklusive Neptune \u00dcbungsl\u00f6scher<\/a>.<\/li>\n<li>Inklusive Magnetplatte und Aufkleber f\u00fcr CO\u2082 in 6 verschiedenen Sprachen.<\/li>\n<\/ul>\n","protected":false},"featured_media":93238,"template":"","meta":[],"product_brand":[],"product_cat":[102],"product_tag":[],"class_list":{"0":"post-94164","1":"product","2":"type-product","3":"status-publish","4":"has-post-thumbnail","6":"product_cat-uebungs-loeschmittel","8":"first","9":"instock","10":"taxable","11":"shipping-taxable","12":"purchasable","13":"product-type-simple"},"yoast_head":"<!-- This site is optimized with the Yoast SEO plugin v27.4 - https:\/\/yoast.com\/product\/yoast-seo-wordpress\/ -->\n<title>D\u00fcse f\u00fcr Neptune CO2 - rund - FireWare<\/title>\n<meta name=\"robots\" content=\"index, follow, max-snippet:-1, max-image-preview:large, max-video-preview:-1\" \/>\n<link rel=\"canonical\" href=\"https:\/\/www.fireware.nl\/de\/product\/duse-neptune-co2-rund\/\" \/>\n<meta property=\"og:locale\" content=\"de_DE\" \/>\n<meta property=\"og:type\" content=\"article\" \/>\n<meta property=\"og:title\" content=\"D\u00fcse f\u00fcr Neptune CO2 - rund - FireWare\" \/>\n<meta property=\"og:description\" content=\"Verwandeln Sie Ihren Neptune \u00dcbungsl\u00f6scher mit dem flachen D\u00fcse-verl\u00e4ngerungsst\u00fcck in einen CO2-\u00dcbungsl\u00f6scher;  Das Verl\u00e4ngerungsst\u00fcck ist auch mit flachem D\u00fcse erh\u00e4ltlich;  Anwendbar auf den Neptune \u00dcbungsschaum Feuerl\u00f6scher Druckgriff 6 L;  Hervorragend geeignet, um CO2-Verfahren zu \u00fcben;  Das Verl\u00e4ngerungsst\u00fcck wird ausschlie\u00dflich ohne L\u00f6scher geliefert;  Auch erh\u00e4ltlich inklusive Neptune \u00dcbungsl\u00f6scher.  Inklusive Magnetplatte und Aufkleber f\u00fcr CO\u2082 in 6 verschiedenen Sprachen.\" \/>\n<meta property=\"og:url\" content=\"https:\/\/www.fireware.nl\/de\/product\/duse-neptune-co2-rund\/\" \/>\n<meta property=\"og:site_name\" content=\"FireWare\" \/>\n<meta property=\"article:publisher\" content=\"https:\/\/www.facebook.com\/FireWareBV\/\" \/>\n<meta property=\"article:modified_time\" content=\"2024-12-23T15:49:11+00:00\" \/>\n<meta property=\"og:image\" content=\"https:\/\/www.fireware.nl\/wp-content\/uploads\/2024\/03\/20231121_Neptune_CO2_plat_en_rond_opzetstuk_022_web_v2.jpg\" \/>\n\t<meta property=\"og:image:width\" content=\"600\" \/>\n\t<meta property=\"og:image:height\" content=\"600\" \/>\n\t<meta property=\"og:image:type\" content=\"image\/jpeg\" \/>\n<meta name=\"twitter:card\" content=\"summary_large_image\" \/>\n<meta name=\"twitter:site\" content=\"@FireWarebv\" \/>\n<meta name=\"twitter:label1\" content=\"Gesch\u00e4tzte Lesezeit\" \/>\n\t<meta name=\"twitter:data1\" content=\"1\u00a0Minute\" \/>\n<script type=\"application\/ld+json\" class=\"yoast-schema-graph\">{\"@context\":\"https:\\\/\\\/schema.org\",\"@graph\":[{\"@type\":\"WebPage\",\"@id\":\"https:\\\/\\\/www.fireware.nl\\\/de\\\/product\\\/duse-neptune-co2-rund\\\/\",\"url\":\"https:\\\/\\\/www.fireware.nl\\\/de\\\/product\\\/duse-neptune-co2-rund\\\/\",\"name\":\"D\u00fcse f\u00fcr Neptune CO2 - rund - FireWare\",\"isPartOf\":{\"@id\":\"https:\\\/\\\/www.fireware.nl\\\/de\\\/#website\"},\"primaryImageOfPage\":{\"@id\":\"https:\\\/\\\/www.fireware.nl\\\/de\\\/product\\\/duse-neptune-co2-rund\\\/#primaryimage\"},\"image\":{\"@id\":\"https:\\\/\\\/www.fireware.nl\\\/de\\\/product\\\/duse-neptune-co2-rund\\\/#primaryimage\"},\"thumbnailUrl\":\"https:\\\/\\\/www.fireware.nl\\\/wp-content\\\/uploads\\\/2024\\\/03\\\/20231121_Neptune_CO2_plat_en_rond_opzetstuk_022_web_v2.jpg\",\"datePublished\":\"2024-04-12T11:57:19+00:00\",\"dateModified\":\"2024-12-23T15:49:11+00:00\",\"breadcrumb\":{\"@id\":\"https:\\\/\\\/www.fireware.nl\\\/de\\\/product\\\/duse-neptune-co2-rund\\\/#breadcrumb\"},\"inLanguage\":\"de\",\"potentialAction\":[{\"@type\":\"ReadAction\",\"target\":[\"https:\\\/\\\/www.fireware.nl\\\/de\\\/product\\\/duse-neptune-co2-rund\\\/\"]}]},{\"@type\":\"ImageObject\",\"inLanguage\":\"de\",\"@id\":\"https:\\\/\\\/www.fireware.nl\\\/de\\\/product\\\/duse-neptune-co2-rund\\\/#primaryimage\",\"url\":\"https:\\\/\\\/www.fireware.nl\\\/wp-content\\\/uploads\\\/2024\\\/03\\\/20231121_Neptune_CO2_plat_en_rond_opzetstuk_022_web_v2.jpg\",\"contentUrl\":\"https:\\\/\\\/www.fireware.nl\\\/wp-content\\\/uploads\\\/2024\\\/03\\\/20231121_Neptune_CO2_plat_en_rond_opzetstuk_022_web_v2.jpg\",\"width\":600,\"height\":600},{\"@type\":\"BreadcrumbList\",\"@id\":\"https:\\\/\\\/www.fireware.nl\\\/de\\\/product\\\/duse-neptune-co2-rund\\\/#breadcrumb\",\"itemListElement\":[{\"@type\":\"ListItem\",\"position\":1,\"name\":\"Home\",\"item\":\"https:\\\/\\\/www.fireware.nl\\\/de\\\/\"},{\"@type\":\"ListItem\",\"position\":2,\"name\":\"Produkte\",\"item\":\"https:\\\/\\\/www.fireware.nl\\\/de\\\/produkte\\\/\"},{\"@type\":\"ListItem\",\"position\":3,\"name\":\"D\u00fcse f\u00fcr Neptune CO2 &#8211; rund\"}]},{\"@type\":\"WebSite\",\"@id\":\"https:\\\/\\\/www.fireware.nl\\\/de\\\/#website\",\"url\":\"https:\\\/\\\/www.fireware.nl\\\/de\\\/\",\"name\":\"FireWare\",\"description\":\"CREATING REALISTIC  TRAINING ENVIRONMENTS\",\"publisher\":{\"@id\":\"https:\\\/\\\/www.fireware.nl\\\/de\\\/#organization\"},\"potentialAction\":[{\"@type\":\"SearchAction\",\"target\":{\"@type\":\"EntryPoint\",\"urlTemplate\":\"https:\\\/\\\/www.fireware.nl\\\/de\\\/?s={search_term_string}\"},\"query-input\":{\"@type\":\"PropertyValueSpecification\",\"valueRequired\":true,\"valueName\":\"search_term_string\"}}],\"inLanguage\":\"de\"},{\"@type\":\"Organization\",\"@id\":\"https:\\\/\\\/www.fireware.nl\\\/de\\\/#organization\",\"name\":\"FireWare\",\"url\":\"https:\\\/\\\/www.fireware.nl\\\/de\\\/\",\"logo\":{\"@type\":\"ImageObject\",\"inLanguage\":\"de\",\"@id\":\"https:\\\/\\\/www.fireware.nl\\\/de\\\/#\\\/schema\\\/logo\\\/image\\\/\",\"url\":\"https:\\\/\\\/www.fireware.nl\\\/wp-content\\\/uploads\\\/2018\\\/10\\\/fireware-logo.png\",\"contentUrl\":\"https:\\\/\\\/www.fireware.nl\\\/wp-content\\\/uploads\\\/2018\\\/10\\\/fireware-logo.png\",\"width\":200,\"height\":86,\"caption\":\"FireWare\"},\"image\":{\"@id\":\"https:\\\/\\\/www.fireware.nl\\\/de\\\/#\\\/schema\\\/logo\\\/image\\\/\"},\"sameAs\":[\"https:\\\/\\\/www.facebook.com\\\/FireWareBV\\\/\",\"https:\\\/\\\/x.com\\\/FireWarebv\",\"https:\\\/\\\/www.instagram.com\\\/fireware_nl\\\/\",\"https:\\\/\\\/www.linkedin.com\\\/company\\\/3586017\\\/\",\"https:\\\/\\\/www.youtube.com\\\/user\\\/firesalesrentconsult\"]}]}<\/script>\n<!-- \/ Yoast SEO plugin. -->","yoast_head_json":{"title":"D\u00fcse f\u00fcr Neptune CO2 - rund - FireWare","robots":{"index":"index","follow":"follow","max-snippet":"max-snippet:-1","max-image-preview":"max-image-preview:large","max-video-preview":"max-video-preview:-1"},"canonical":"https:\/\/www.fireware.nl\/de\/product\/duse-neptune-co2-rund\/","og_locale":"de_DE","og_type":"article","og_title":"D\u00fcse f\u00fcr Neptune CO2 - rund - FireWare","og_description":"Verwandeln Sie Ihren Neptune \u00dcbungsl\u00f6scher mit dem flachen D\u00fcse-verl\u00e4ngerungsst\u00fcck in einen CO2-\u00dcbungsl\u00f6scher;  Das Verl\u00e4ngerungsst\u00fcck ist auch mit flachem D\u00fcse erh\u00e4ltlich;  Anwendbar auf den Neptune \u00dcbungsschaum Feuerl\u00f6scher Druckgriff 6 L;  Hervorragend geeignet, um CO2-Verfahren zu \u00fcben;  Das Verl\u00e4ngerungsst\u00fcck wird ausschlie\u00dflich ohne L\u00f6scher geliefert;  Auch erh\u00e4ltlich inklusive Neptune \u00dcbungsl\u00f6scher.  Inklusive Magnetplatte und Aufkleber f\u00fcr CO\u2082 in 6 verschiedenen Sprachen.","og_url":"https:\/\/www.fireware.nl\/de\/product\/duse-neptune-co2-rund\/","og_site_name":"FireWare","article_publisher":"https:\/\/www.facebook.com\/FireWareBV\/","article_modified_time":"2024-12-23T15:49:11+00:00","og_image":[{"width":600,"height":600,"url":"https:\/\/www.fireware.nl\/wp-content\/uploads\/2024\/03\/20231121_Neptune_CO2_plat_en_rond_opzetstuk_022_web_v2.jpg","type":"image\/jpeg"}],"twitter_card":"summary_large_image","twitter_site":"@FireWarebv","twitter_misc":{"Gesch\u00e4tzte Lesezeit":"1\u00a0Minute"},"schema":{"@context":"https:\/\/schema.org","@graph":[{"@type":"WebPage","@id":"https:\/\/www.fireware.nl\/de\/product\/duse-neptune-co2-rund\/","url":"https:\/\/www.fireware.nl\/de\/product\/duse-neptune-co2-rund\/","name":"D\u00fcse f\u00fcr Neptune CO2 - rund - FireWare","isPartOf":{"@id":"https:\/\/www.fireware.nl\/de\/#website"},"primaryImageOfPage":{"@id":"https:\/\/www.fireware.nl\/de\/product\/duse-neptune-co2-rund\/#primaryimage"},"image":{"@id":"https:\/\/www.fireware.nl\/de\/product\/duse-neptune-co2-rund\/#primaryimage"},"thumbnailUrl":"https:\/\/www.fireware.nl\/wp-content\/uploads\/2024\/03\/20231121_Neptune_CO2_plat_en_rond_opzetstuk_022_web_v2.jpg","datePublished":"2024-04-12T11:57:19+00:00","dateModified":"2024-12-23T15:49:11+00:00","breadcrumb":{"@id":"https:\/\/www.fireware.nl\/de\/product\/duse-neptune-co2-rund\/#breadcrumb"},"inLanguage":"de","potentialAction":[{"@type":"ReadAction","target":["https:\/\/www.fireware.nl\/de\/product\/duse-neptune-co2-rund\/"]}]},{"@type":"ImageObject","inLanguage":"de","@id":"https:\/\/www.fireware.nl\/de\/product\/duse-neptune-co2-rund\/#primaryimage","url":"https:\/\/www.fireware.nl\/wp-content\/uploads\/2024\/03\/20231121_Neptune_CO2_plat_en_rond_opzetstuk_022_web_v2.jpg","contentUrl":"https:\/\/www.fireware.nl\/wp-content\/uploads\/2024\/03\/20231121_Neptune_CO2_plat_en_rond_opzetstuk_022_web_v2.jpg","width":600,"height":600},{"@type":"BreadcrumbList","@id":"https:\/\/www.fireware.nl\/de\/product\/duse-neptune-co2-rund\/#breadcrumb","itemListElement":[{"@type":"ListItem","position":1,"name":"Home","item":"https:\/\/www.fireware.nl\/de\/"},{"@type":"ListItem","position":2,"name":"Produkte","item":"https:\/\/www.fireware.nl\/de\/produkte\/"},{"@type":"ListItem","position":3,"name":"D\u00fcse f\u00fcr Neptune CO2 &#8211; rund"}]},{"@type":"WebSite","@id":"https:\/\/www.fireware.nl\/de\/#website","url":"https:\/\/www.fireware.nl\/de\/","name":"FireWare","description":"CREATING REALISTIC  TRAINING ENVIRONMENTS","publisher":{"@id":"https:\/\/www.fireware.nl\/de\/#organization"},"potentialAction":[{"@type":"SearchAction","target":{"@type":"EntryPoint","urlTemplate":"https:\/\/www.fireware.nl\/de\/?s={search_term_string}"},"query-input":{"@type":"PropertyValueSpecification","valueRequired":true,"valueName":"search_term_string"}}],"inLanguage":"de"},{"@type":"Organization","@id":"https:\/\/www.fireware.nl\/de\/#organization","name":"FireWare","url":"https:\/\/www.fireware.nl\/de\/","logo":{"@type":"ImageObject","inLanguage":"de","@id":"https:\/\/www.fireware.nl\/de\/#\/schema\/logo\/image\/","url":"https:\/\/www.fireware.nl\/wp-content\/uploads\/2018\/10\/fireware-logo.png","contentUrl":"https:\/\/www.fireware.nl\/wp-content\/uploads\/2018\/10\/fireware-logo.png","width":200,"height":86,"caption":"FireWare"},"image":{"@id":"https:\/\/www.fireware.nl\/de\/#\/schema\/logo\/image\/"},"sameAs":["https:\/\/www.facebook.com\/FireWareBV\/","https:\/\/x.com\/FireWarebv","https:\/\/www.instagram.com\/fireware_nl\/","https:\/\/www.linkedin.com\/company\/3586017\/","https:\/\/www.youtube.com\/user\/firesalesrentconsult"]}]}},"publishpress_future_workflow_manual_trigger":{"enabledWorkflows":[]},"_links":{"self":[{"href":"https:\/\/www.fireware.nl\/de\/wp-json\/wp\/v2\/product\/94164","targetHints":{"allow":["GET"]}}],"collection":[{"href":"https:\/\/www.fireware.nl\/de\/wp-json\/wp\/v2\/product"}],"about":[{"href":"https:\/\/www.fireware.nl\/de\/wp-json\/wp\/v2\/types\/product"}],"wp:featuredmedia":[{"embeddable":true,"href":"https:\/\/www.fireware.nl\/de\/wp-json\/wp\/v2\/media\/93238"}],"wp:attachment":[{"href":"https:\/\/www.fireware.nl\/de\/wp-json\/wp\/v2\/media?parent=94164"}],"wp:term":[{"taxonomy":"product_brand","embeddable":true,"href":"https:\/\/www.fireware.nl\/de\/wp-json\/wp\/v2\/product_brand?post=94164"},{"taxonomy":"product_cat","embeddable":true,"href":"https:\/\/www.fireware.nl\/de\/wp-json\/wp\/v2\/product_cat?post=94164"},{"taxonomy":"product_tag","embeddable":true,"href":"https:\/\/www.fireware.nl\/de\/wp-json\/wp\/v2\/product_tag?post=94164"}],"curies":[{"name":"wp","href":"https:\/\/api.w.org\/{rel}","templated":true}]}}