
{"id":93704,"date":"2024-04-11T09:00:52","date_gmt":"2024-04-11T09:00:52","guid":{"rendered":"https:\/\/www.fireware.nl\/product\/die-buechse-der-pandora-230\/"},"modified":"2026-01-23T14:22:35","modified_gmt":"2026-01-23T14:22:35","slug":"die-buechse-der-pandora-230","status":"publish","type":"product","link":"https:\/\/www.fireware.nl\/de\/product\/die-buechse-der-pandora-230\/","title":{"rendered":"Pandora&#8217;s Box 230"},"content":{"rendered":"\r\n<h2>Gr\u00f6\u00dfere und komplexere Simulationen f\u00fcr alle Sinne<\/h2>\r\n<p>Der erfolgreiche Pandora&#8217;s Box v3 hat einen kleinen Bruder bekommen: die Pandora&#8217;s Box 230. Schlie\u00dfen Sie bis zu drei dynamische Flammeneffekte an, spielen Sie die internen realistischen Soundeffekte ab und steuern Sie eine der FireWare Rauchmaschinen f\u00fcr ein maximales Trainingserlebnis. Und das alles kabellos steuerbar.<\/p>\r\n<p>Die urspr\u00fcngliche <a href=\"https:\/\/www.fireware.nl\/de\/product\/pandoras-box\/\" target=\"_blank\" rel=\"noopener\">Pandora&#8217;s Box v3<\/a> hat alle Simulationsfunktionen in einer kompakten Einheit integriert. Bei der Pandora&#8217;s Box 230 sind hingegen alle Simulationseinrichtungen extern anschlie\u00dfbar. Dadurch kann \u00fcber dieselbe vertraute Benutzeroberfl\u00e4che auf Ihrem Telefon oder Tablet eine gr\u00f6\u00dfere und komplexere Inszenierung gesteuert werden.<\/p>\r\n<p>Flammeneffekte wie der <a href=\"https:\/\/www.fireware.nl\/de\/product\/firespot\/\" target=\"_blank\" rel=\"noopener\">FireSpot<\/a>, der <a href=\"https:\/\/www.fireware.nl\/de\/product\/mini-silkflame\/\" target=\"_blank\" rel=\"noopener\">Mini Silkflame LED<\/a> und der <a href=\"https:\/\/www.fireware.nl\/de\/product\/phoenix\/\" target=\"_blank\" rel=\"noopener\">Phoenix Silkflame<\/a> k\u00f6nnen mit einem Powercon-Anschluss an einen der 3 geschalteten Ausg\u00e4nge der Pandora&#8217;s Box 230 angeschlossen werden. Sie k\u00f6nnen auch Ihre Rauchmaschine anschlie\u00dfen und es werden zwei externe Lautsprecher mitgeliefert.<\/p>\r\n<h2>Eskalation und Deeskalation<\/h2>\r\n<p>Durch die M\u00f6glichkeit, bis zu 3 Flammeneffekte anzuschlie\u00dfen, ist es sehr einfach, ein Brandszenario zu erstellen, das je nach Bedarf eskalieren und deeskalieren kann. Ein kleiner M\u00fclleimerbrand breitet sich auf einen unordentlichen Schreibtisch aus, und dann steht der ganze Raum in Flammen. Mit der Web-Benutzeroberfl\u00e4che auf Ihrem eigenen Telefon oder Tablet bestimmen Sie als Trainer, was passiert und wann.<\/p>\r\n<h2>Sound &#8211; einschlie\u00dflich Hilferufe in verschiedenen Sprachen<\/h2>\r\n<p>Klang ist w\u00e4hrend einer \u00dcbung \u00e4u\u00dferst wichtig. Die Pandora&#8217;s Box 230 widmet daher dem Geh\u00f6rsinn die Aufmerksamkeit, die er verdient. Neben den Ger\u00e4uschen eines kleinen oder gro\u00dfen Brands k\u00f6nnen Sie auch den Klang von Funken, einem Fl\u00fcssigkeitsleck, einer Explosion, einem Einsturz, einem Dieselmotor, einem Gewehrschuss und einem Gasleck abspielen. Aber auch das langsame Heulen, ein bellender Hund, das Schluchzen eines Opfers und ein weinendes Baby sind in der Box enthalten. Die Pandora&#8217;s Box 230 kann all diese Ger\u00e4usche gleichzeitig abspielen und sogar eine Mischung daraus machen. Beginnen Sie die \u00dcbung zum Beispiel mit dem Effekt eines kleinen Brandes. Spielen Sie dann den Ton des gro\u00dfen Feuers dar\u00fcber und simulieren Sie so den Durchbruch des Feuers!<\/p>\r\n<p>W\u00e4hlen Sie \u00fcber die Benutzeroberfl\u00e4che 6 Kl\u00e4nge aus, die direkt auf der Pandora&#8217;s Box 230 abgespielt werden sollen. Alle Kl\u00e4nge in der folgenden Liste k\u00f6nnen Sie einfach austauschen und f\u00fcr Ihr Szenario einsetzen.<\/p>\r\n<p><strong>Die vollst\u00e4ndige Klangbibliothek, aus der Sie w\u00e4hlen k\u00f6nnen:<\/strong><\/p>\r\n<ul>\r\n<li>Thermisches Durchbrennen<\/li>\r\n<li>USA &#8211; Mann Raucherraum<\/li>\r\n<li>AR &#8211; Mann Raucherraum<\/li>\r\n<li>AR &#8211; Frau Raucherraum<\/li>\r\n<li>Hund<\/li>\r\n<li>Einsturz<\/li>\r\n<li>Baby<\/li>\r\n<li>Motor<\/li>\r\n<li>NL &#8211; Mann Raucherraum<\/li>\r\n<li>NL &#8211; Frau Raucherraum<\/li>\r\n<li>UK &#8211; Frau Raucherraum<\/li>\r\n<li>Explosion<\/li>\r\n<li>Leck Fl\u00fcssigkeitsrohr<\/li>\r\n<li>FR &#8211; Frau Hilferuf<\/li>\r\n<li>FR &#8211; Frau Raucherraum<\/li>\r\n<li>Leck Gasrohr<\/li>\r\n<li>DE &#8211; Mann Raucherraum<\/li>\r\n<li>Langsames Heulen<\/li>\r\n<li>Kleiner Brand<\/li>\r\n<li>Weinende Frau<\/li>\r\n<li>Elektrizit\u00e4t<\/li>\r\n<li>Gro\u00dfer Brand<\/li>\r\n<li>Brand Einsturz<\/li>\r\n<li>DK &#8211; Mann Raucherraum<\/li>\r\n<li>IT &#8211; Mann Raucherraum<\/li>\r\n<li>Hubschrauber<\/li>\r\n<li>Kugelwand<\/li>\r\n<li>Gewehr gro\u00df<\/li>\r\n<li>Gewehr klein<\/li>\r\n<li>IS &#8211; Mann Raucherraum<\/li>\r\n<li>Disco<\/li>\r\n<li>L\u00f6schger\u00e4usch<\/li>\r\n<li>CO-Melder<\/li>\r\n<li>Rauchmelder<\/li>\r\n<li>FR &#8211; Slow Whoop-Signal<\/li>\r\n<\/ul>\r\n<h2>Verbindung mit den Apollo-L\u00f6scheinrichtungen<\/h2>\r\n<p>Die FireWare <a href=\"https:\/\/www.fireware.nl\/de\/produkt-kategorie\/uebungs-loeschmittel\/\" target=\"_blank\" rel=\"noopener\">Apollo LED \u00dcbungsl\u00f6scher<\/a> k\u00f6nnen mit der Pandora&#8217;s Box 230 verbunden werden. Mit dieser Kombination k\u00f6nnen Sie eine L\u00f6schung an Ihrer simulierten Brandstelle durchf\u00fchren. Und wenn Sie das gut machen, wird die Brandstelle auch gel\u00f6scht! K\u00f6nnen Sie die Brandstelle nicht mit der begrenzten L\u00f6schkapazit\u00e4t dieser Handfeuerl\u00f6scher unter Kontrolle bringen? T\u00fcr zu und evakuieren!<\/p>\r\n<p>Apollo LED-Feuerl\u00f6scher und Pandora&#8217;s Boxen werden von FireWare bereits gekoppelt geliefert. Fragen Sie nach den M\u00f6glichkeiten, wenn Sie sie bereits besitzen und koppeln lassen m\u00f6chten.<\/p>\r\n<h2>Rauch &#8211; Anschluss verschiedener Rauchmaschinen<\/h2>\r\n<p>Die Pandora&#8217;s Box 230 verf\u00fcgt \u00fcber Anschlussm\u00f6glichkeiten f\u00fcr verschiedene Rauchmaschinen, darunter die FireWare <a href=\"https:\/\/www.fireware.nl\/de\/produkt\/cirrus-nebelmaschine-mit-akku\/\" target=\"_blank\" rel=\"noopener\">Cirrus<\/a>, <a href=\"https:\/\/www.fireware.nl\/de\/produkt\/nebelmaschine-nimbo\/\" target=\"_blank\" rel=\"noopener\">Nimbo<\/a>, <a href=\"https:\/\/www.fireware.nl\/de\/produkt\/nebelmaschine-cumulus\/\" target=\"_blank\" rel=\"noopener\">Cumulus<\/a> und <a href=\"https:\/\/www.fireware.nl\/de\/produkt\/nebelmaschine-stratus\/\" target=\"_blank\" rel=\"noopener\">Stratus<\/a>. Wenn Sie eine Nebelmaschine anschlie\u00dfen, k\u00f6nnen Sie sie stufenweise \u00fcber die drahtlose Steuerung der Pandora&#8217;s Box 230 steuern.<\/p>\r\n<h2>Steuerung &#8211; kabellos und aus der Ferne<\/h2>\r\n<p>Nichts ist \u00e4rgerlicher, als wenn ein Ausbilder w\u00e4hrend der \u00dcbung zum Vorfall gehen muss, um Maschinen ein- und auszuschalten. Alle Funktionen der Pandora&#8217;s Box 230 k\u00f6nnen daher drahtlos und aus der Ferne \u00fcber Ihr eigenes Smartphone oder Tablet gesteuert werden. Die Pandora&#8217;s Box 230 stellt ein drahtloses WLAN-Netzwerk bereit. Ausbilder melden sich an, indem sie einen QR-Code scannen oder manuell einen Code eingeben. Es ist also keine komplizierte Software erforderlich. Es ist sogar m\u00f6glich, sich gleichzeitig mit mehreren Ger\u00e4ten anzumelden. So k\u00f6nnen mehrere Ausbilder die Funktionen von verschiedenen Positionen aus gemeinsam steuern! Die M\u00f6glichkeiten f\u00fcr eine dynamische Inszenierung sind gro\u00df.<\/p>\r\n<p>Auf der digitalen Fernbedienung kann der Ausbilder ablesen, ob er mit der Pandora&#8217;s Box 230 verbunden ist. Au\u00dferdem wird auf dem Bildschirm angezeigt, welche Effekte gerade abgespielt werden. Sie k\u00f6nnen auch mit der Lautst\u00e4rke Ihrer Soundeffekte spielen. Das ist besonders praktisch, wenn Sie die Inszenierung aus gro\u00dfer Entfernung vom \u00dcbungsfeld organisieren!<\/p>\r\n<h2>F\u00fcr Inszenierungen vor Ort oder in Ihrem \u00dcbungszentrum<\/h2>\r\n<p>Die Pandora&#8217;s Box 230 eignet sich hervorragend, um vor Ort schnell und einfach eine Inszenierung zu erstellen. Schlie\u00dfen Sie Flammeneffekte und Rauchmaschine an, platzieren Sie alle Komponenten f\u00fcr ein perfektes Flammenbild, f\u00fcgen Sie Lautsprecher hinzu, geben Sie etwas Burning Smell Spray (nicht im Lieferumfang enthalten) dazu, und schon werden alle Sinne auf die realistischste Weise stimuliert. Aber auch in einem (festen) \u00dcbungszentrum ist die Pandora&#8217;s Box 230 eine gro\u00dfartige Basis f\u00fcr die Inszenierungsinfrastruktur. Platzieren Sie in jedem Raum eine Pandora&#8217;s Box 230 und stellen Sie sicher, dass Sie \u00fcberall Flammeneffekte, Rauch und Sound verwenden k\u00f6nnen. M\u00f6chten Sie die Inszenierung f\u00fcr eine n\u00e4chste Trainingssaison \u00e4ndern? Verschieben Sie die Flammeneffekte, lassen Sie aber die Pandora&#8217;s Box stehen. So k\u00f6nnen periodische Anpassungen leicht vorgenommen werden, damit Sie immer neue Szenarien anbieten k\u00f6nnen.<\/p>\r\n<h2>Sehen Sie sich die Videos an<\/h2>\r\n<p><iframe src=\"https:\/\/player.vimeo.com\/video\/990561782?hl=nl&amp;cc_lang_pref=nl&amp;cc_load_policy=1\" width=\"1920\" height=\"1080\" frameborder=\"0\" allowfullscreen=\"allowfullscreen\"><\/iframe> <iframe src=\"https:\/\/player.vimeo.com\/video\/995432935?hl=nl&amp;cc_lang_pref=nl&amp;cc_load_policy=1\" width=\"1920\" height=\"1080\" frameborder=\"0\" allowfullscreen=\"allowfullscreen\"><\/iframe> <iframe src=\"https:\/\/player.vimeo.com\/video\/1033124798?hl=nl&amp;cc_lang_pref=nl&amp;cc_load_policy=1\" width=\"1920\" height=\"1080\" frameborder=\"0\" allowfullscreen=\"allowfullscreen\"><\/iframe><\/p>\r\n","protected":false},"excerpt":{"rendered":"<ul>\n<li>Vollst\u00e4ndige Kontrolle f\u00fcr gr\u00f6\u00dfere Simulationen;<\/li>\n<li>Stimulieren Sie die Sinne Ihrer Sch\u00fcler mit dynamischen \u00dcbungen;<\/li>\n<li>Kabellose Steuerung \u00fcber das Webinterface mit Ihrem eigenen Telefon oder Tablet;<\/li>\n<li>Es k\u00f6nnen bis zu 3 Flammensimulationen angeschlossen und individuell gesteuert werden;<\/li>\n<li>1 Rauchmaschine, die stufenweise angeschlossen und ferngesteuert werden kann;<\/li>\n<li>Interne Sounds k\u00f6nnen \u00fcber 2 mitgelieferte externe Lautsprecher abgespielt werden;<\/li>\n<li>Geh\u00e4use aus rostfreiem Stahl, eingebaut in einen Transportkoffer aus Kunststoff;<\/li>\n<li>Inklusive Kabelbox mit Adapterkabeln von Schuko auf Powercon.<\/li>\n<\/ul>\n","protected":false},"featured_media":93389,"template":"","meta":[],"product_brand":[],"product_cat":[96,2172,216],"product_tag":[],"class_list":{"0":"post-93704","1":"product","2":"type-product","3":"status-publish","4":"has-post-thumbnail","6":"product_cat-geraeusch","7":"product_cat-interaktive-trainingserfahrungen","8":"product_cat-simuliertes-feuer","10":"first","11":"instock","12":"taxable","13":"shipping-taxable","14":"purchasable","15":"product-type-simple"},"yoast_head":"<!-- This site is optimized with the Yoast SEO plugin v27.4 - https:\/\/yoast.com\/product\/yoast-seo-wordpress\/ -->\n<title>Pandora&#039;s Box 230 - FireWare<\/title>\n<meta name=\"robots\" content=\"index, follow, max-snippet:-1, max-image-preview:large, max-video-preview:-1\" \/>\n<link rel=\"canonical\" href=\"https:\/\/www.fireware.nl\/de\/product\/die-buechse-der-pandora-230\/\" \/>\n<meta property=\"og:locale\" content=\"de_DE\" \/>\n<meta property=\"og:type\" content=\"article\" \/>\n<meta property=\"og:title\" content=\"Pandora&#039;s Box 230 - FireWare\" \/>\n<meta property=\"og:description\" content=\"Vollst\u00e4ndige Kontrolle f\u00fcr gr\u00f6\u00dfere Simulationen; Stimulieren Sie die Sinne Ihrer Sch\u00fcler mit dynamischen \u00dcbungen; Kabellose Steuerung \u00fcber das Webinterface mit Ihrem eigenen Telefon oder Tablet; Es k\u00f6nnen bis zu 3 Flammensimulationen angeschlossen und individuell gesteuert werden; 1 Rauchmaschine, die stufenweise angeschlossen und ferngesteuert werden kann; Interne Sounds k\u00f6nnen \u00fcber 2 mitgelieferte externe Lautsprecher abgespielt werden; Geh\u00e4use aus rostfreiem Stahl, eingebaut in einen Transportkoffer aus Kunststoff; Inklusive Kabelbox mit Adapterkabeln von Schuko auf Powercon.\" \/>\n<meta property=\"og:url\" content=\"https:\/\/www.fireware.nl\/de\/product\/die-buechse-der-pandora-230\/\" \/>\n<meta property=\"og:site_name\" content=\"FireWare\" \/>\n<meta property=\"article:publisher\" content=\"https:\/\/www.facebook.com\/FireWareBV\/\" \/>\n<meta property=\"article:modified_time\" content=\"2026-01-23T14:22:35+00:00\" \/>\n<meta property=\"og:image\" content=\"https:\/\/www.fireware.nl\/wp-content\/uploads\/2024\/03\/20240328_Pandora-230-productfotos_012_13.jpg\" \/>\n\t<meta property=\"og:image:width\" content=\"600\" \/>\n\t<meta property=\"og:image:height\" content=\"600\" \/>\n\t<meta property=\"og:image:type\" content=\"image\/jpeg\" \/>\n<meta name=\"twitter:card\" content=\"summary_large_image\" \/>\n<meta name=\"twitter:site\" content=\"@FireWarebv\" \/>\n<meta name=\"twitter:label1\" content=\"Gesch\u00e4tzte Lesezeit\" \/>\n\t<meta name=\"twitter:data1\" content=\"5\u00a0Minuten\" \/>\n<script type=\"application\/ld+json\" class=\"yoast-schema-graph\">{\"@context\":\"https:\\\/\\\/schema.org\",\"@graph\":[{\"@type\":\"WebPage\",\"@id\":\"https:\\\/\\\/www.fireware.nl\\\/de\\\/product\\\/die-buechse-der-pandora-230\\\/\",\"url\":\"https:\\\/\\\/www.fireware.nl\\\/de\\\/product\\\/die-buechse-der-pandora-230\\\/\",\"name\":\"Pandora's Box 230 - FireWare\",\"isPartOf\":{\"@id\":\"https:\\\/\\\/www.fireware.nl\\\/de\\\/#website\"},\"primaryImageOfPage\":{\"@id\":\"https:\\\/\\\/www.fireware.nl\\\/de\\\/product\\\/die-buechse-der-pandora-230\\\/#primaryimage\"},\"image\":{\"@id\":\"https:\\\/\\\/www.fireware.nl\\\/de\\\/product\\\/die-buechse-der-pandora-230\\\/#primaryimage\"},\"thumbnailUrl\":\"https:\\\/\\\/www.fireware.nl\\\/wp-content\\\/uploads\\\/2024\\\/03\\\/20240328_Pandora-230-productfotos_012_13.jpg\",\"datePublished\":\"2024-04-11T09:00:52+00:00\",\"dateModified\":\"2026-01-23T14:22:35+00:00\",\"breadcrumb\":{\"@id\":\"https:\\\/\\\/www.fireware.nl\\\/de\\\/product\\\/die-buechse-der-pandora-230\\\/#breadcrumb\"},\"inLanguage\":\"de\",\"potentialAction\":[{\"@type\":\"ReadAction\",\"target\":[\"https:\\\/\\\/www.fireware.nl\\\/de\\\/product\\\/die-buechse-der-pandora-230\\\/\"]}]},{\"@type\":\"ImageObject\",\"inLanguage\":\"de\",\"@id\":\"https:\\\/\\\/www.fireware.nl\\\/de\\\/product\\\/die-buechse-der-pandora-230\\\/#primaryimage\",\"url\":\"https:\\\/\\\/www.fireware.nl\\\/wp-content\\\/uploads\\\/2024\\\/03\\\/20240328_Pandora-230-productfotos_012_13.jpg\",\"contentUrl\":\"https:\\\/\\\/www.fireware.nl\\\/wp-content\\\/uploads\\\/2024\\\/03\\\/20240328_Pandora-230-productfotos_012_13.jpg\",\"width\":600,\"height\":600},{\"@type\":\"BreadcrumbList\",\"@id\":\"https:\\\/\\\/www.fireware.nl\\\/de\\\/product\\\/die-buechse-der-pandora-230\\\/#breadcrumb\",\"itemListElement\":[{\"@type\":\"ListItem\",\"position\":1,\"name\":\"Home\",\"item\":\"https:\\\/\\\/www.fireware.nl\\\/de\\\/\"},{\"@type\":\"ListItem\",\"position\":2,\"name\":\"Produkte\",\"item\":\"https:\\\/\\\/www.fireware.nl\\\/de\\\/produkte\\\/\"},{\"@type\":\"ListItem\",\"position\":3,\"name\":\"Pandora&#8217;s Box 230\"}]},{\"@type\":\"WebSite\",\"@id\":\"https:\\\/\\\/www.fireware.nl\\\/de\\\/#website\",\"url\":\"https:\\\/\\\/www.fireware.nl\\\/de\\\/\",\"name\":\"FireWare\",\"description\":\"CREATING REALISTIC  TRAINING ENVIRONMENTS\",\"publisher\":{\"@id\":\"https:\\\/\\\/www.fireware.nl\\\/de\\\/#organization\"},\"potentialAction\":[{\"@type\":\"SearchAction\",\"target\":{\"@type\":\"EntryPoint\",\"urlTemplate\":\"https:\\\/\\\/www.fireware.nl\\\/de\\\/?s={search_term_string}\"},\"query-input\":{\"@type\":\"PropertyValueSpecification\",\"valueRequired\":true,\"valueName\":\"search_term_string\"}}],\"inLanguage\":\"de\"},{\"@type\":\"Organization\",\"@id\":\"https:\\\/\\\/www.fireware.nl\\\/de\\\/#organization\",\"name\":\"FireWare\",\"url\":\"https:\\\/\\\/www.fireware.nl\\\/de\\\/\",\"logo\":{\"@type\":\"ImageObject\",\"inLanguage\":\"de\",\"@id\":\"https:\\\/\\\/www.fireware.nl\\\/de\\\/#\\\/schema\\\/logo\\\/image\\\/\",\"url\":\"https:\\\/\\\/www.fireware.nl\\\/wp-content\\\/uploads\\\/2018\\\/10\\\/fireware-logo.png\",\"contentUrl\":\"https:\\\/\\\/www.fireware.nl\\\/wp-content\\\/uploads\\\/2018\\\/10\\\/fireware-logo.png\",\"width\":200,\"height\":86,\"caption\":\"FireWare\"},\"image\":{\"@id\":\"https:\\\/\\\/www.fireware.nl\\\/de\\\/#\\\/schema\\\/logo\\\/image\\\/\"},\"sameAs\":[\"https:\\\/\\\/www.facebook.com\\\/FireWareBV\\\/\",\"https:\\\/\\\/x.com\\\/FireWarebv\",\"https:\\\/\\\/www.instagram.com\\\/fireware_nl\\\/\",\"https:\\\/\\\/www.linkedin.com\\\/company\\\/3586017\\\/\",\"https:\\\/\\\/www.youtube.com\\\/user\\\/firesalesrentconsult\"]}]}<\/script>\n<!-- \/ Yoast SEO plugin. -->","yoast_head_json":{"title":"Pandora's Box 230 - FireWare","robots":{"index":"index","follow":"follow","max-snippet":"max-snippet:-1","max-image-preview":"max-image-preview:large","max-video-preview":"max-video-preview:-1"},"canonical":"https:\/\/www.fireware.nl\/de\/product\/die-buechse-der-pandora-230\/","og_locale":"de_DE","og_type":"article","og_title":"Pandora's Box 230 - FireWare","og_description":"Vollst\u00e4ndige Kontrolle f\u00fcr gr\u00f6\u00dfere Simulationen; Stimulieren Sie die Sinne Ihrer Sch\u00fcler mit dynamischen \u00dcbungen; Kabellose Steuerung \u00fcber das Webinterface mit Ihrem eigenen Telefon oder Tablet; Es k\u00f6nnen bis zu 3 Flammensimulationen angeschlossen und individuell gesteuert werden; 1 Rauchmaschine, die stufenweise angeschlossen und ferngesteuert werden kann; Interne Sounds k\u00f6nnen \u00fcber 2 mitgelieferte externe Lautsprecher abgespielt werden; Geh\u00e4use aus rostfreiem Stahl, eingebaut in einen Transportkoffer aus Kunststoff; Inklusive Kabelbox mit Adapterkabeln von Schuko auf Powercon.","og_url":"https:\/\/www.fireware.nl\/de\/product\/die-buechse-der-pandora-230\/","og_site_name":"FireWare","article_publisher":"https:\/\/www.facebook.com\/FireWareBV\/","article_modified_time":"2026-01-23T14:22:35+00:00","og_image":[{"width":600,"height":600,"url":"https:\/\/www.fireware.nl\/wp-content\/uploads\/2024\/03\/20240328_Pandora-230-productfotos_012_13.jpg","type":"image\/jpeg"}],"twitter_card":"summary_large_image","twitter_site":"@FireWarebv","twitter_misc":{"Gesch\u00e4tzte Lesezeit":"5\u00a0Minuten"},"schema":{"@context":"https:\/\/schema.org","@graph":[{"@type":"WebPage","@id":"https:\/\/www.fireware.nl\/de\/product\/die-buechse-der-pandora-230\/","url":"https:\/\/www.fireware.nl\/de\/product\/die-buechse-der-pandora-230\/","name":"Pandora's Box 230 - FireWare","isPartOf":{"@id":"https:\/\/www.fireware.nl\/de\/#website"},"primaryImageOfPage":{"@id":"https:\/\/www.fireware.nl\/de\/product\/die-buechse-der-pandora-230\/#primaryimage"},"image":{"@id":"https:\/\/www.fireware.nl\/de\/product\/die-buechse-der-pandora-230\/#primaryimage"},"thumbnailUrl":"https:\/\/www.fireware.nl\/wp-content\/uploads\/2024\/03\/20240328_Pandora-230-productfotos_012_13.jpg","datePublished":"2024-04-11T09:00:52+00:00","dateModified":"2026-01-23T14:22:35+00:00","breadcrumb":{"@id":"https:\/\/www.fireware.nl\/de\/product\/die-buechse-der-pandora-230\/#breadcrumb"},"inLanguage":"de","potentialAction":[{"@type":"ReadAction","target":["https:\/\/www.fireware.nl\/de\/product\/die-buechse-der-pandora-230\/"]}]},{"@type":"ImageObject","inLanguage":"de","@id":"https:\/\/www.fireware.nl\/de\/product\/die-buechse-der-pandora-230\/#primaryimage","url":"https:\/\/www.fireware.nl\/wp-content\/uploads\/2024\/03\/20240328_Pandora-230-productfotos_012_13.jpg","contentUrl":"https:\/\/www.fireware.nl\/wp-content\/uploads\/2024\/03\/20240328_Pandora-230-productfotos_012_13.jpg","width":600,"height":600},{"@type":"BreadcrumbList","@id":"https:\/\/www.fireware.nl\/de\/product\/die-buechse-der-pandora-230\/#breadcrumb","itemListElement":[{"@type":"ListItem","position":1,"name":"Home","item":"https:\/\/www.fireware.nl\/de\/"},{"@type":"ListItem","position":2,"name":"Produkte","item":"https:\/\/www.fireware.nl\/de\/produkte\/"},{"@type":"ListItem","position":3,"name":"Pandora&#8217;s Box 230"}]},{"@type":"WebSite","@id":"https:\/\/www.fireware.nl\/de\/#website","url":"https:\/\/www.fireware.nl\/de\/","name":"FireWare","description":"CREATING REALISTIC  TRAINING ENVIRONMENTS","publisher":{"@id":"https:\/\/www.fireware.nl\/de\/#organization"},"potentialAction":[{"@type":"SearchAction","target":{"@type":"EntryPoint","urlTemplate":"https:\/\/www.fireware.nl\/de\/?s={search_term_string}"},"query-input":{"@type":"PropertyValueSpecification","valueRequired":true,"valueName":"search_term_string"}}],"inLanguage":"de"},{"@type":"Organization","@id":"https:\/\/www.fireware.nl\/de\/#organization","name":"FireWare","url":"https:\/\/www.fireware.nl\/de\/","logo":{"@type":"ImageObject","inLanguage":"de","@id":"https:\/\/www.fireware.nl\/de\/#\/schema\/logo\/image\/","url":"https:\/\/www.fireware.nl\/wp-content\/uploads\/2018\/10\/fireware-logo.png","contentUrl":"https:\/\/www.fireware.nl\/wp-content\/uploads\/2018\/10\/fireware-logo.png","width":200,"height":86,"caption":"FireWare"},"image":{"@id":"https:\/\/www.fireware.nl\/de\/#\/schema\/logo\/image\/"},"sameAs":["https:\/\/www.facebook.com\/FireWareBV\/","https:\/\/x.com\/FireWarebv","https:\/\/www.instagram.com\/fireware_nl\/","https:\/\/www.linkedin.com\/company\/3586017\/","https:\/\/www.youtube.com\/user\/firesalesrentconsult"]}]}},"publishpress_future_workflow_manual_trigger":{"enabledWorkflows":[]},"_links":{"self":[{"href":"https:\/\/www.fireware.nl\/de\/wp-json\/wp\/v2\/product\/93704","targetHints":{"allow":["GET"]}}],"collection":[{"href":"https:\/\/www.fireware.nl\/de\/wp-json\/wp\/v2\/product"}],"about":[{"href":"https:\/\/www.fireware.nl\/de\/wp-json\/wp\/v2\/types\/product"}],"wp:featuredmedia":[{"embeddable":true,"href":"https:\/\/www.fireware.nl\/de\/wp-json\/wp\/v2\/media\/93389"}],"wp:attachment":[{"href":"https:\/\/www.fireware.nl\/de\/wp-json\/wp\/v2\/media?parent=93704"}],"wp:term":[{"taxonomy":"product_brand","embeddable":true,"href":"https:\/\/www.fireware.nl\/de\/wp-json\/wp\/v2\/product_brand?post=93704"},{"taxonomy":"product_cat","embeddable":true,"href":"https:\/\/www.fireware.nl\/de\/wp-json\/wp\/v2\/product_cat?post=93704"},{"taxonomy":"product_tag","embeddable":true,"href":"https:\/\/www.fireware.nl\/de\/wp-json\/wp\/v2\/product_tag?post=93704"}],"curies":[{"name":"wp","href":"https:\/\/api.w.org\/{rel}","templated":true}]}}