
{"id":80861,"date":"2023-06-12T11:41:47","date_gmt":"2023-06-12T11:41:47","guid":{"rendered":"https:\/\/www.fireware.nl\/?post_type=product&#038;p=80861"},"modified":"2026-01-23T14:42:41","modified_gmt":"2026-01-23T14:42:41","slug":"demo-set-rookvloeistoffen","status":"publish","type":"product","link":"https:\/\/www.fireware.nl\/de\/product\/musterpaket-nebelflussigkeit\/","title":{"rendered":"Musterpaket Nebelfl\u00fcssigkeit"},"content":{"rendered":"\r\n<h2>Musterpaket Nebelfl\u00fcssigkeit<\/h2>\r\n<p>Rauchfl\u00fcssigkeit hat einen gro\u00dfen Einfluss auf das Rauchbild w\u00e4hrend einer \u00dcbung! Aber wie wei\u00dft du jetzt genau, welche Rauchfl\u00fcssigkeit in Kombination mit deiner Rauchmaschine die realistischste Simulation liefert? Der beste Weg, es herauszufinden? Experimentieren!<\/p>\r\n<p>Deshalb haben wir ein Musterpaket von Rauchfl\u00fcssigkeiten in unser Sortiment aufgenommen! Es besteht aus:<\/p>\r\n<ul>\r\n<li>5 Liter Nebel \/ Rauchfluid Brandschutz\u00fcbung<\/li>\r\n<li>5 Liter Nebel \/ Rauchfluid Feuerwehr Universal<\/li>\r\n<li>5 Liter Nebel \/ Rauchfluid Feuerwehr Intensiv<\/li>\r\n<li>5 Liter Nebel \/ Rauchfluid Feuerwehr Extrem<\/li>\r\n<\/ul>\r\n<p>Wusstest du, dass du diese Rauchfl\u00fcssigkeiten auch untereinander mischen kannst, um deine eigene perfekte Variante f\u00fcr deine \u00dcbung oder Simulation zu erstellen?<\/p>\r\n<p>Obwohl diese Rauchfl\u00fcssigkeiten speziell f\u00fcr die Verwendung mit den FireWare-Modellen <a href=\"https:\/\/www.fireware.nl\/de\/produkt\/nebelmaschine-cumulus\/\" target=\"_blank\" rel=\"noopener\">Cumulus<\/a>, <a href=\"https:\/\/www.fireware.nl\/de\/produkt\/nebelmaschine-stratus\/\" target=\"_blank\" rel=\"noopener\">Stratus<\/a> und <a href=\"https:\/\/www.fireware.nl\/de\/produkt\/nebelmaschine-nimbo\/\" target=\"_blank\" rel=\"noopener\">Nimbo<\/a> entwickelt wurden, sind die Fl\u00fcssigkeiten f\u00fcr den Einsatz in allen auf Wasser-Glykol basierenden Rauchmaschinen geeignet. Bei der Herstellung dieser Rauchfl\u00fcssigkeiten wurde selbstverst\u00e4ndlich nur mit den reinsten Inhaltsstoffen gearbeitet.<\/p>\r\n<p>Diese Rauchfl\u00fcssigkeiten wurden gem\u00e4\u00df den W\u00fcnschen und Anforderungen der Rettungskr\u00e4fte entwickelt. W\u00e4hrend eine Rauchfl\u00fcssigkeit aus dem Unterhaltungsbereich sich schnell verfl\u00fcchtigt, um Lichtstrahlen deutlich sichtbar zu machen, bleibt der Rauch, der mit diesen Rauchfl\u00fcssigkeiten erzeugt wird, viel dichter und simuliert somit eine echte Rauchsituation.<\/p>\r\n<p>M\u00f6chtest du also einen echten Fortschritt in deinem Raucherlebnis w\u00e4hrend einer \u00dcbung machen? Wage das Experiment mit diesem Musterpaket der besten Rauchfl\u00fcssigkeiten f\u00fcr den Rettungsdienst!<\/p>\r\n<p><!--StartFragment --><\/p>\r\n<h2>Sehen Sie sich das Video hier an<!--EndFragment --><\/h2>\r\n<p><iframe src=\"https:\/\/player.vimeo.com\/video\/852635152?hl=en&amp;cc_lang_pref=en&amp;cc_load_policy=1\" width=\"560\" height=\"315\" frameborder=\"0\" allowfullscreen=\"allowfullscreen\"><\/iframe> <iframe src=\"https:\/\/player.vimeo.com\/video\/852634940?hl=en&amp;cc_lang_pref=en&amp;cc_load_policy=1\" width=\"560\" height=\"315\" frameborder=\"0\" allowfullscreen=\"allowfullscreen\"><\/iframe> <a href=\"https:\/\/www.fireware.nl\/de\/smoke-fluids-service-portal\/\" target=\"_blank\" rel=\"noopener\"> Weitere Videos \u00fcber das Nebel-\/Rauchfluid ansehen <\/a><\/p>\r\n","protected":false},"excerpt":{"rendered":"<ul>\n<li>Musterpaket der 4 am h\u00e4ufigsten verwendeten Rauchfl\u00fcssigkeiten f\u00fcr Rettungskr\u00e4fte;<\/li>\n<li>F\u00fcr jede \u00dcbung das passende Fluid;<\/li>\n<li>Geeignet f\u00fcr alle Wasser-Glykol-Rauchmaschinen;<\/li>\n<li>Finde das realistischste Rauchbild f\u00fcr deine;<\/li>\n<li>\u00dcbungssituation Untereinander mischbar f\u00fcr noch mehr Variation.<\/li>\n<\/ul>\n","protected":false},"featured_media":82331,"template":"","meta":[],"product_brand":[],"product_cat":[86],"product_tag":[],"class_list":{"0":"post-80861","1":"product","2":"type-product","3":"status-publish","4":"has-post-thumbnail","6":"product_cat-nebelfluid","8":"first","9":"instock","10":"taxable","11":"shipping-taxable","12":"purchasable","13":"product-type-simple"},"yoast_head":"<!-- This site is optimized with the Yoast SEO plugin v27.4 - https:\/\/yoast.com\/product\/yoast-seo-wordpress\/ -->\n<title>Musterpaket Nebelfl\u00fcssigkeit - FireWare<\/title>\n<meta name=\"robots\" content=\"index, follow, max-snippet:-1, max-image-preview:large, max-video-preview:-1\" \/>\n<link rel=\"canonical\" href=\"https:\/\/www.fireware.nl\/de\/product\/musterpaket-nebelflussigkeit\/\" \/>\n<meta property=\"og:locale\" content=\"de_DE\" \/>\n<meta property=\"og:type\" content=\"article\" \/>\n<meta property=\"og:title\" content=\"Musterpaket Nebelfl\u00fcssigkeit - FireWare\" \/>\n<meta property=\"og:description\" content=\"Musterpaket der 4 am h\u00e4ufigsten verwendeten Rauchfl\u00fcssigkeiten f\u00fcr Rettungskr\u00e4fte; F\u00fcr jede \u00dcbung das passende Fluid; Geeignet f\u00fcr alle Wasser-Glykol-Rauchmaschinen; Finde das realistischste Rauchbild f\u00fcr deine; \u00dcbungssituation Untereinander mischbar f\u00fcr noch mehr Variation.\" \/>\n<meta property=\"og:url\" content=\"https:\/\/www.fireware.nl\/de\/product\/musterpaket-nebelflussigkeit\/\" \/>\n<meta property=\"og:site_name\" content=\"FireWare\" \/>\n<meta property=\"article:publisher\" content=\"https:\/\/www.facebook.com\/FireWareBV\/\" \/>\n<meta property=\"article:modified_time\" content=\"2026-01-23T14:42:41+00:00\" \/>\n<meta property=\"og:image\" content=\"https:\/\/www.fireware.nl\/wp-content\/uploads\/2023\/07\/20230608_Rookvloeistof_Demo_009_web.jpg\" \/>\n\t<meta property=\"og:image:width\" content=\"600\" \/>\n\t<meta property=\"og:image:height\" content=\"600\" \/>\n\t<meta property=\"og:image:type\" content=\"image\/jpeg\" \/>\n<meta name=\"twitter:card\" content=\"summary_large_image\" \/>\n<meta name=\"twitter:site\" content=\"@FireWarebv\" \/>\n<meta name=\"twitter:label1\" content=\"Gesch\u00e4tzte Lesezeit\" \/>\n\t<meta name=\"twitter:data1\" content=\"2\u00a0Minuten\" \/>\n<script type=\"application\/ld+json\" class=\"yoast-schema-graph\">{\"@context\":\"https:\\\/\\\/schema.org\",\"@graph\":[{\"@type\":\"WebPage\",\"@id\":\"https:\\\/\\\/www.fireware.nl\\\/de\\\/product\\\/musterpaket-nebelflussigkeit\\\/\",\"url\":\"https:\\\/\\\/www.fireware.nl\\\/de\\\/product\\\/musterpaket-nebelflussigkeit\\\/\",\"name\":\"Musterpaket Nebelfl\u00fcssigkeit - FireWare\",\"isPartOf\":{\"@id\":\"https:\\\/\\\/www.fireware.nl\\\/de\\\/#website\"},\"primaryImageOfPage\":{\"@id\":\"https:\\\/\\\/www.fireware.nl\\\/de\\\/product\\\/musterpaket-nebelflussigkeit\\\/#primaryimage\"},\"image\":{\"@id\":\"https:\\\/\\\/www.fireware.nl\\\/de\\\/product\\\/musterpaket-nebelflussigkeit\\\/#primaryimage\"},\"thumbnailUrl\":\"https:\\\/\\\/www.fireware.nl\\\/wp-content\\\/uploads\\\/2023\\\/07\\\/20230608_Rookvloeistof_Demo_009_web.jpg\",\"datePublished\":\"2023-06-12T11:41:47+00:00\",\"dateModified\":\"2026-01-23T14:42:41+00:00\",\"breadcrumb\":{\"@id\":\"https:\\\/\\\/www.fireware.nl\\\/de\\\/product\\\/musterpaket-nebelflussigkeit\\\/#breadcrumb\"},\"inLanguage\":\"de\",\"potentialAction\":[{\"@type\":\"ReadAction\",\"target\":[\"https:\\\/\\\/www.fireware.nl\\\/de\\\/product\\\/musterpaket-nebelflussigkeit\\\/\"]}]},{\"@type\":\"ImageObject\",\"inLanguage\":\"de\",\"@id\":\"https:\\\/\\\/www.fireware.nl\\\/de\\\/product\\\/musterpaket-nebelflussigkeit\\\/#primaryimage\",\"url\":\"https:\\\/\\\/www.fireware.nl\\\/wp-content\\\/uploads\\\/2023\\\/07\\\/20230608_Rookvloeistof_Demo_009_web.jpg\",\"contentUrl\":\"https:\\\/\\\/www.fireware.nl\\\/wp-content\\\/uploads\\\/2023\\\/07\\\/20230608_Rookvloeistof_Demo_009_web.jpg\",\"width\":600,\"height\":600},{\"@type\":\"BreadcrumbList\",\"@id\":\"https:\\\/\\\/www.fireware.nl\\\/de\\\/product\\\/musterpaket-nebelflussigkeit\\\/#breadcrumb\",\"itemListElement\":[{\"@type\":\"ListItem\",\"position\":1,\"name\":\"Home\",\"item\":\"https:\\\/\\\/www.fireware.nl\\\/de\\\/\"},{\"@type\":\"ListItem\",\"position\":2,\"name\":\"Produkte\",\"item\":\"https:\\\/\\\/www.fireware.nl\\\/de\\\/produkte\\\/\"},{\"@type\":\"ListItem\",\"position\":3,\"name\":\"Musterpaket Nebelfl\u00fcssigkeit\"}]},{\"@type\":\"WebSite\",\"@id\":\"https:\\\/\\\/www.fireware.nl\\\/de\\\/#website\",\"url\":\"https:\\\/\\\/www.fireware.nl\\\/de\\\/\",\"name\":\"FireWare\",\"description\":\"CREATING REALISTIC  TRAINING ENVIRONMENTS\",\"publisher\":{\"@id\":\"https:\\\/\\\/www.fireware.nl\\\/de\\\/#organization\"},\"potentialAction\":[{\"@type\":\"SearchAction\",\"target\":{\"@type\":\"EntryPoint\",\"urlTemplate\":\"https:\\\/\\\/www.fireware.nl\\\/de\\\/?s={search_term_string}\"},\"query-input\":{\"@type\":\"PropertyValueSpecification\",\"valueRequired\":true,\"valueName\":\"search_term_string\"}}],\"inLanguage\":\"de\"},{\"@type\":\"Organization\",\"@id\":\"https:\\\/\\\/www.fireware.nl\\\/de\\\/#organization\",\"name\":\"FireWare\",\"url\":\"https:\\\/\\\/www.fireware.nl\\\/de\\\/\",\"logo\":{\"@type\":\"ImageObject\",\"inLanguage\":\"de\",\"@id\":\"https:\\\/\\\/www.fireware.nl\\\/de\\\/#\\\/schema\\\/logo\\\/image\\\/\",\"url\":\"https:\\\/\\\/www.fireware.nl\\\/wp-content\\\/uploads\\\/2018\\\/10\\\/fireware-logo.png\",\"contentUrl\":\"https:\\\/\\\/www.fireware.nl\\\/wp-content\\\/uploads\\\/2018\\\/10\\\/fireware-logo.png\",\"width\":200,\"height\":86,\"caption\":\"FireWare\"},\"image\":{\"@id\":\"https:\\\/\\\/www.fireware.nl\\\/de\\\/#\\\/schema\\\/logo\\\/image\\\/\"},\"sameAs\":[\"https:\\\/\\\/www.facebook.com\\\/FireWareBV\\\/\",\"https:\\\/\\\/x.com\\\/FireWarebv\",\"https:\\\/\\\/www.instagram.com\\\/fireware_nl\\\/\",\"https:\\\/\\\/www.linkedin.com\\\/company\\\/3586017\\\/\",\"https:\\\/\\\/www.youtube.com\\\/user\\\/firesalesrentconsult\"]}]}<\/script>\n<!-- \/ Yoast SEO plugin. -->","yoast_head_json":{"title":"Musterpaket Nebelfl\u00fcssigkeit - FireWare","robots":{"index":"index","follow":"follow","max-snippet":"max-snippet:-1","max-image-preview":"max-image-preview:large","max-video-preview":"max-video-preview:-1"},"canonical":"https:\/\/www.fireware.nl\/de\/product\/musterpaket-nebelflussigkeit\/","og_locale":"de_DE","og_type":"article","og_title":"Musterpaket Nebelfl\u00fcssigkeit - FireWare","og_description":"Musterpaket der 4 am h\u00e4ufigsten verwendeten Rauchfl\u00fcssigkeiten f\u00fcr Rettungskr\u00e4fte; F\u00fcr jede \u00dcbung das passende Fluid; Geeignet f\u00fcr alle Wasser-Glykol-Rauchmaschinen; Finde das realistischste Rauchbild f\u00fcr deine; \u00dcbungssituation Untereinander mischbar f\u00fcr noch mehr Variation.","og_url":"https:\/\/www.fireware.nl\/de\/product\/musterpaket-nebelflussigkeit\/","og_site_name":"FireWare","article_publisher":"https:\/\/www.facebook.com\/FireWareBV\/","article_modified_time":"2026-01-23T14:42:41+00:00","og_image":[{"width":600,"height":600,"url":"https:\/\/www.fireware.nl\/wp-content\/uploads\/2023\/07\/20230608_Rookvloeistof_Demo_009_web.jpg","type":"image\/jpeg"}],"twitter_card":"summary_large_image","twitter_site":"@FireWarebv","twitter_misc":{"Gesch\u00e4tzte Lesezeit":"2\u00a0Minuten"},"schema":{"@context":"https:\/\/schema.org","@graph":[{"@type":"WebPage","@id":"https:\/\/www.fireware.nl\/de\/product\/musterpaket-nebelflussigkeit\/","url":"https:\/\/www.fireware.nl\/de\/product\/musterpaket-nebelflussigkeit\/","name":"Musterpaket Nebelfl\u00fcssigkeit - FireWare","isPartOf":{"@id":"https:\/\/www.fireware.nl\/de\/#website"},"primaryImageOfPage":{"@id":"https:\/\/www.fireware.nl\/de\/product\/musterpaket-nebelflussigkeit\/#primaryimage"},"image":{"@id":"https:\/\/www.fireware.nl\/de\/product\/musterpaket-nebelflussigkeit\/#primaryimage"},"thumbnailUrl":"https:\/\/www.fireware.nl\/wp-content\/uploads\/2023\/07\/20230608_Rookvloeistof_Demo_009_web.jpg","datePublished":"2023-06-12T11:41:47+00:00","dateModified":"2026-01-23T14:42:41+00:00","breadcrumb":{"@id":"https:\/\/www.fireware.nl\/de\/product\/musterpaket-nebelflussigkeit\/#breadcrumb"},"inLanguage":"de","potentialAction":[{"@type":"ReadAction","target":["https:\/\/www.fireware.nl\/de\/product\/musterpaket-nebelflussigkeit\/"]}]},{"@type":"ImageObject","inLanguage":"de","@id":"https:\/\/www.fireware.nl\/de\/product\/musterpaket-nebelflussigkeit\/#primaryimage","url":"https:\/\/www.fireware.nl\/wp-content\/uploads\/2023\/07\/20230608_Rookvloeistof_Demo_009_web.jpg","contentUrl":"https:\/\/www.fireware.nl\/wp-content\/uploads\/2023\/07\/20230608_Rookvloeistof_Demo_009_web.jpg","width":600,"height":600},{"@type":"BreadcrumbList","@id":"https:\/\/www.fireware.nl\/de\/product\/musterpaket-nebelflussigkeit\/#breadcrumb","itemListElement":[{"@type":"ListItem","position":1,"name":"Home","item":"https:\/\/www.fireware.nl\/de\/"},{"@type":"ListItem","position":2,"name":"Produkte","item":"https:\/\/www.fireware.nl\/de\/produkte\/"},{"@type":"ListItem","position":3,"name":"Musterpaket Nebelfl\u00fcssigkeit"}]},{"@type":"WebSite","@id":"https:\/\/www.fireware.nl\/de\/#website","url":"https:\/\/www.fireware.nl\/de\/","name":"FireWare","description":"CREATING REALISTIC  TRAINING ENVIRONMENTS","publisher":{"@id":"https:\/\/www.fireware.nl\/de\/#organization"},"potentialAction":[{"@type":"SearchAction","target":{"@type":"EntryPoint","urlTemplate":"https:\/\/www.fireware.nl\/de\/?s={search_term_string}"},"query-input":{"@type":"PropertyValueSpecification","valueRequired":true,"valueName":"search_term_string"}}],"inLanguage":"de"},{"@type":"Organization","@id":"https:\/\/www.fireware.nl\/de\/#organization","name":"FireWare","url":"https:\/\/www.fireware.nl\/de\/","logo":{"@type":"ImageObject","inLanguage":"de","@id":"https:\/\/www.fireware.nl\/de\/#\/schema\/logo\/image\/","url":"https:\/\/www.fireware.nl\/wp-content\/uploads\/2018\/10\/fireware-logo.png","contentUrl":"https:\/\/www.fireware.nl\/wp-content\/uploads\/2018\/10\/fireware-logo.png","width":200,"height":86,"caption":"FireWare"},"image":{"@id":"https:\/\/www.fireware.nl\/de\/#\/schema\/logo\/image\/"},"sameAs":["https:\/\/www.facebook.com\/FireWareBV\/","https:\/\/x.com\/FireWarebv","https:\/\/www.instagram.com\/fireware_nl\/","https:\/\/www.linkedin.com\/company\/3586017\/","https:\/\/www.youtube.com\/user\/firesalesrentconsult"]}]}},"publishpress_future_workflow_manual_trigger":{"enabledWorkflows":[]},"_links":{"self":[{"href":"https:\/\/www.fireware.nl\/de\/wp-json\/wp\/v2\/product\/80861","targetHints":{"allow":["GET"]}}],"collection":[{"href":"https:\/\/www.fireware.nl\/de\/wp-json\/wp\/v2\/product"}],"about":[{"href":"https:\/\/www.fireware.nl\/de\/wp-json\/wp\/v2\/types\/product"}],"wp:featuredmedia":[{"embeddable":true,"href":"https:\/\/www.fireware.nl\/de\/wp-json\/wp\/v2\/media\/82331"}],"wp:attachment":[{"href":"https:\/\/www.fireware.nl\/de\/wp-json\/wp\/v2\/media?parent=80861"}],"wp:term":[{"taxonomy":"product_brand","embeddable":true,"href":"https:\/\/www.fireware.nl\/de\/wp-json\/wp\/v2\/product_brand?post=80861"},{"taxonomy":"product_cat","embeddable":true,"href":"https:\/\/www.fireware.nl\/de\/wp-json\/wp\/v2\/product_cat?post=80861"},{"taxonomy":"product_tag","embeddable":true,"href":"https:\/\/www.fireware.nl\/de\/wp-json\/wp\/v2\/product_tag?post=80861"}],"curies":[{"name":"wp","href":"https:\/\/api.w.org\/{rel}","templated":true}]}}