
{"id":80477,"date":"2019-01-17T14:11:46","date_gmt":"2019-01-17T14:11:46","guid":{"rendered":"https:\/\/www.fireware.nl\/product\/akkuladegerat-fur-cirrus-akku-rauchmaschine\/"},"modified":"2023-05-26T14:11:46","modified_gmt":"2023-05-26T14:11:46","slug":"akkuladegerat-fur-cirrus-akku-rauchmaschine","status":"publish","type":"product","link":"https:\/\/www.fireware.nl\/de\/product\/akkuladegerat-fur-cirrus-akku-rauchmaschine\/","title":{"rendered":"Akkuladeger\u00e4t f\u00fcr Cirrus Akku-Nebelmaschine"},"content":{"rendered":"<p>Dieser Batterieladeger\u00e4t ist kompatibel mit der <a href=\"https:\/\/www.fireware.nl\/de\/produkt\/cirrus-nebelmaschine-mit-akku\/\" target=\"_blank\" rel=\"noopener\">Cirrus Akku-Nebelmaschine<\/a> und kann als zus\u00e4tzliches Ladeger\u00e4t verwendet werden, um Ihnen die Flexibilit\u00e4t zu bieten, an mehreren Standorten gleichzeitig aufzuladen. Sie k\u00f6nnen das Ladeger\u00e4t auch verwenden, um Ihren zus\u00e4tzlichen Akku aufzuladen.<\/p>\n<p>Das Ladeger\u00e4t wird mit einem EU-Stecker geliefert, um eine breite Kompatibilit\u00e4t zu gew\u00e4hrleisten. Dies erm\u00f6glicht eine bequeme Verbindung des Ladeger\u00e4ts an verschiedenen Standorten!<\/p>\n","protected":false},"excerpt":{"rendered":"<ul>\n<li>Nur geeignet f\u00fcr die <a href=\"https:\/\/www.fireware.nl\/de\/produkt\/cirrus-nebelmaschine-mit-akku\/\" target=\"_blank\" rel=\"noopener\">Cirrus Akku-Nebelmaschine<\/a>\u00a0;<\/li>\n<li>Praktisch in Verbindung mit einem zus\u00e4tzlichen Akku oder als zus\u00e4tzliches Ladeger\u00e4t an einem anderen Ort ;<\/li>\n<li>Mit EU-Stecker f\u00fcr eine breite Kompatibilit\u00e4t ausgestattet ;<\/li>\n<li>Bietet schnelles Aufladen, sodass Ihre Akkus schnell wieder einsatzbereit sind und Sie weniger Wartezeit haben ;<\/li>\n<li>Das Design des Ladeger\u00e4ts ist kompakt und einfach zu transportieren, sodass Sie den Akku (oder die Akkus) \u00fcberall aufladen k\u00f6nnen.<\/li>\n<\/ul>\n","protected":false},"featured_media":80223,"template":"","meta":[],"product_brand":[],"product_cat":[83],"product_tag":[],"class_list":{"0":"post-80477","1":"product","2":"type-product","3":"status-publish","4":"has-post-thumbnail","6":"product_cat-extras-fuer-nebelmaschinen","8":"first","9":"instock","10":"taxable","11":"shipping-taxable","12":"purchasable","13":"product-type-simple"},"yoast_head":"<!-- This site is optimized with the Yoast SEO plugin v27.4 - https:\/\/yoast.com\/product\/yoast-seo-wordpress\/ -->\n<title>Akkuladeger\u00e4t f\u00fcr Cirrus Akku-Nebelmaschine - FireWare<\/title>\n<meta name=\"robots\" content=\"index, follow, max-snippet:-1, max-image-preview:large, max-video-preview:-1\" \/>\n<link rel=\"canonical\" href=\"https:\/\/www.fireware.nl\/de\/product\/akkuladegerat-fur-cirrus-akku-rauchmaschine\/\" \/>\n<meta property=\"og:locale\" content=\"de_DE\" \/>\n<meta property=\"og:type\" content=\"article\" \/>\n<meta property=\"og:title\" content=\"Akkuladeger\u00e4t f\u00fcr Cirrus Akku-Nebelmaschine - FireWare\" \/>\n<meta property=\"og:description\" content=\"Nur geeignet f\u00fcr die Cirrus Akku-Nebelmaschine\u00a0;  Praktisch in Verbindung mit einem zus\u00e4tzlichen Akku oder als zus\u00e4tzliches Ladeger\u00e4t an einem anderen Ort ;  Mit EU-Stecker f\u00fcr eine breite Kompatibilit\u00e4t ausgestattet ;  Bietet schnelles Aufladen, sodass Ihre Akkus schnell wieder einsatzbereit sind und Sie weniger Wartezeit haben ;  Das Design des Ladeger\u00e4ts ist kompakt und einfach zu transportieren, sodass Sie den Akku (oder die Akkus) \u00fcberall aufladen k\u00f6nnen.\" \/>\n<meta property=\"og:url\" content=\"https:\/\/www.fireware.nl\/de\/product\/akkuladegerat-fur-cirrus-akku-rauchmaschine\/\" \/>\n<meta property=\"og:site_name\" content=\"FireWare\" \/>\n<meta property=\"article:publisher\" content=\"https:\/\/www.facebook.com\/FireWareBV\/\" \/>\n<meta property=\"article:modified_time\" content=\"2023-05-26T14:11:46+00:00\" \/>\n<meta property=\"og:image\" content=\"https:\/\/www.fireware.nl\/wp-content\/uploads\/2023\/05\/20230526_Accu-lader-voor-Cirrus-1.jpg\" \/>\n\t<meta property=\"og:image:width\" content=\"600\" \/>\n\t<meta property=\"og:image:height\" content=\"600\" \/>\n\t<meta property=\"og:image:type\" content=\"image\/jpeg\" \/>\n<meta name=\"twitter:card\" content=\"summary_large_image\" \/>\n<meta name=\"twitter:site\" content=\"@FireWarebv\" \/>\n<script type=\"application\/ld+json\" class=\"yoast-schema-graph\">{\"@context\":\"https:\\\/\\\/schema.org\",\"@graph\":[{\"@type\":\"WebPage\",\"@id\":\"https:\\\/\\\/www.fireware.nl\\\/de\\\/product\\\/akkuladegerat-fur-cirrus-akku-rauchmaschine\\\/\",\"url\":\"https:\\\/\\\/www.fireware.nl\\\/de\\\/product\\\/akkuladegerat-fur-cirrus-akku-rauchmaschine\\\/\",\"name\":\"Akkuladeger\u00e4t f\u00fcr Cirrus Akku-Nebelmaschine - FireWare\",\"isPartOf\":{\"@id\":\"https:\\\/\\\/www.fireware.nl\\\/de\\\/#website\"},\"primaryImageOfPage\":{\"@id\":\"https:\\\/\\\/www.fireware.nl\\\/de\\\/product\\\/akkuladegerat-fur-cirrus-akku-rauchmaschine\\\/#primaryimage\"},\"image\":{\"@id\":\"https:\\\/\\\/www.fireware.nl\\\/de\\\/product\\\/akkuladegerat-fur-cirrus-akku-rauchmaschine\\\/#primaryimage\"},\"thumbnailUrl\":\"https:\\\/\\\/www.fireware.nl\\\/wp-content\\\/uploads\\\/2023\\\/05\\\/20230526_Accu-lader-voor-Cirrus-1.jpg\",\"datePublished\":\"2019-01-17T14:11:46+00:00\",\"dateModified\":\"2023-05-26T14:11:46+00:00\",\"breadcrumb\":{\"@id\":\"https:\\\/\\\/www.fireware.nl\\\/de\\\/product\\\/akkuladegerat-fur-cirrus-akku-rauchmaschine\\\/#breadcrumb\"},\"inLanguage\":\"de\",\"potentialAction\":[{\"@type\":\"ReadAction\",\"target\":[\"https:\\\/\\\/www.fireware.nl\\\/de\\\/product\\\/akkuladegerat-fur-cirrus-akku-rauchmaschine\\\/\"]}]},{\"@type\":\"ImageObject\",\"inLanguage\":\"de\",\"@id\":\"https:\\\/\\\/www.fireware.nl\\\/de\\\/product\\\/akkuladegerat-fur-cirrus-akku-rauchmaschine\\\/#primaryimage\",\"url\":\"https:\\\/\\\/www.fireware.nl\\\/wp-content\\\/uploads\\\/2023\\\/05\\\/20230526_Accu-lader-voor-Cirrus-1.jpg\",\"contentUrl\":\"https:\\\/\\\/www.fireware.nl\\\/wp-content\\\/uploads\\\/2023\\\/05\\\/20230526_Accu-lader-voor-Cirrus-1.jpg\",\"width\":600,\"height\":600},{\"@type\":\"BreadcrumbList\",\"@id\":\"https:\\\/\\\/www.fireware.nl\\\/de\\\/product\\\/akkuladegerat-fur-cirrus-akku-rauchmaschine\\\/#breadcrumb\",\"itemListElement\":[{\"@type\":\"ListItem\",\"position\":1,\"name\":\"Home\",\"item\":\"https:\\\/\\\/www.fireware.nl\\\/de\\\/\"},{\"@type\":\"ListItem\",\"position\":2,\"name\":\"Produkte\",\"item\":\"https:\\\/\\\/www.fireware.nl\\\/de\\\/produkte\\\/\"},{\"@type\":\"ListItem\",\"position\":3,\"name\":\"Akkuladeger\u00e4t f\u00fcr Cirrus Akku-Nebelmaschine\"}]},{\"@type\":\"WebSite\",\"@id\":\"https:\\\/\\\/www.fireware.nl\\\/de\\\/#website\",\"url\":\"https:\\\/\\\/www.fireware.nl\\\/de\\\/\",\"name\":\"FireWare\",\"description\":\"CREATING REALISTIC  TRAINING ENVIRONMENTS\",\"publisher\":{\"@id\":\"https:\\\/\\\/www.fireware.nl\\\/de\\\/#organization\"},\"potentialAction\":[{\"@type\":\"SearchAction\",\"target\":{\"@type\":\"EntryPoint\",\"urlTemplate\":\"https:\\\/\\\/www.fireware.nl\\\/de\\\/?s={search_term_string}\"},\"query-input\":{\"@type\":\"PropertyValueSpecification\",\"valueRequired\":true,\"valueName\":\"search_term_string\"}}],\"inLanguage\":\"de\"},{\"@type\":\"Organization\",\"@id\":\"https:\\\/\\\/www.fireware.nl\\\/de\\\/#organization\",\"name\":\"FireWare\",\"url\":\"https:\\\/\\\/www.fireware.nl\\\/de\\\/\",\"logo\":{\"@type\":\"ImageObject\",\"inLanguage\":\"de\",\"@id\":\"https:\\\/\\\/www.fireware.nl\\\/de\\\/#\\\/schema\\\/logo\\\/image\\\/\",\"url\":\"https:\\\/\\\/www.fireware.nl\\\/wp-content\\\/uploads\\\/2018\\\/10\\\/fireware-logo.png\",\"contentUrl\":\"https:\\\/\\\/www.fireware.nl\\\/wp-content\\\/uploads\\\/2018\\\/10\\\/fireware-logo.png\",\"width\":200,\"height\":86,\"caption\":\"FireWare\"},\"image\":{\"@id\":\"https:\\\/\\\/www.fireware.nl\\\/de\\\/#\\\/schema\\\/logo\\\/image\\\/\"},\"sameAs\":[\"https:\\\/\\\/www.facebook.com\\\/FireWareBV\\\/\",\"https:\\\/\\\/x.com\\\/FireWarebv\",\"https:\\\/\\\/www.instagram.com\\\/fireware_nl\\\/\",\"https:\\\/\\\/www.linkedin.com\\\/company\\\/3586017\\\/\",\"https:\\\/\\\/www.youtube.com\\\/user\\\/firesalesrentconsult\"]}]}<\/script>\n<!-- \/ Yoast SEO plugin. -->","yoast_head_json":{"title":"Akkuladeger\u00e4t f\u00fcr Cirrus Akku-Nebelmaschine - FireWare","robots":{"index":"index","follow":"follow","max-snippet":"max-snippet:-1","max-image-preview":"max-image-preview:large","max-video-preview":"max-video-preview:-1"},"canonical":"https:\/\/www.fireware.nl\/de\/product\/akkuladegerat-fur-cirrus-akku-rauchmaschine\/","og_locale":"de_DE","og_type":"article","og_title":"Akkuladeger\u00e4t f\u00fcr Cirrus Akku-Nebelmaschine - FireWare","og_description":"Nur geeignet f\u00fcr die Cirrus Akku-Nebelmaschine\u00a0;  Praktisch in Verbindung mit einem zus\u00e4tzlichen Akku oder als zus\u00e4tzliches Ladeger\u00e4t an einem anderen Ort ;  Mit EU-Stecker f\u00fcr eine breite Kompatibilit\u00e4t ausgestattet ;  Bietet schnelles Aufladen, sodass Ihre Akkus schnell wieder einsatzbereit sind und Sie weniger Wartezeit haben ;  Das Design des Ladeger\u00e4ts ist kompakt und einfach zu transportieren, sodass Sie den Akku (oder die Akkus) \u00fcberall aufladen k\u00f6nnen.","og_url":"https:\/\/www.fireware.nl\/de\/product\/akkuladegerat-fur-cirrus-akku-rauchmaschine\/","og_site_name":"FireWare","article_publisher":"https:\/\/www.facebook.com\/FireWareBV\/","article_modified_time":"2023-05-26T14:11:46+00:00","og_image":[{"width":600,"height":600,"url":"https:\/\/www.fireware.nl\/wp-content\/uploads\/2023\/05\/20230526_Accu-lader-voor-Cirrus-1.jpg","type":"image\/jpeg"}],"twitter_card":"summary_large_image","twitter_site":"@FireWarebv","schema":{"@context":"https:\/\/schema.org","@graph":[{"@type":"WebPage","@id":"https:\/\/www.fireware.nl\/de\/product\/akkuladegerat-fur-cirrus-akku-rauchmaschine\/","url":"https:\/\/www.fireware.nl\/de\/product\/akkuladegerat-fur-cirrus-akku-rauchmaschine\/","name":"Akkuladeger\u00e4t f\u00fcr Cirrus Akku-Nebelmaschine - FireWare","isPartOf":{"@id":"https:\/\/www.fireware.nl\/de\/#website"},"primaryImageOfPage":{"@id":"https:\/\/www.fireware.nl\/de\/product\/akkuladegerat-fur-cirrus-akku-rauchmaschine\/#primaryimage"},"image":{"@id":"https:\/\/www.fireware.nl\/de\/product\/akkuladegerat-fur-cirrus-akku-rauchmaschine\/#primaryimage"},"thumbnailUrl":"https:\/\/www.fireware.nl\/wp-content\/uploads\/2023\/05\/20230526_Accu-lader-voor-Cirrus-1.jpg","datePublished":"2019-01-17T14:11:46+00:00","dateModified":"2023-05-26T14:11:46+00:00","breadcrumb":{"@id":"https:\/\/www.fireware.nl\/de\/product\/akkuladegerat-fur-cirrus-akku-rauchmaschine\/#breadcrumb"},"inLanguage":"de","potentialAction":[{"@type":"ReadAction","target":["https:\/\/www.fireware.nl\/de\/product\/akkuladegerat-fur-cirrus-akku-rauchmaschine\/"]}]},{"@type":"ImageObject","inLanguage":"de","@id":"https:\/\/www.fireware.nl\/de\/product\/akkuladegerat-fur-cirrus-akku-rauchmaschine\/#primaryimage","url":"https:\/\/www.fireware.nl\/wp-content\/uploads\/2023\/05\/20230526_Accu-lader-voor-Cirrus-1.jpg","contentUrl":"https:\/\/www.fireware.nl\/wp-content\/uploads\/2023\/05\/20230526_Accu-lader-voor-Cirrus-1.jpg","width":600,"height":600},{"@type":"BreadcrumbList","@id":"https:\/\/www.fireware.nl\/de\/product\/akkuladegerat-fur-cirrus-akku-rauchmaschine\/#breadcrumb","itemListElement":[{"@type":"ListItem","position":1,"name":"Home","item":"https:\/\/www.fireware.nl\/de\/"},{"@type":"ListItem","position":2,"name":"Produkte","item":"https:\/\/www.fireware.nl\/de\/produkte\/"},{"@type":"ListItem","position":3,"name":"Akkuladeger\u00e4t f\u00fcr Cirrus Akku-Nebelmaschine"}]},{"@type":"WebSite","@id":"https:\/\/www.fireware.nl\/de\/#website","url":"https:\/\/www.fireware.nl\/de\/","name":"FireWare","description":"CREATING REALISTIC  TRAINING ENVIRONMENTS","publisher":{"@id":"https:\/\/www.fireware.nl\/de\/#organization"},"potentialAction":[{"@type":"SearchAction","target":{"@type":"EntryPoint","urlTemplate":"https:\/\/www.fireware.nl\/de\/?s={search_term_string}"},"query-input":{"@type":"PropertyValueSpecification","valueRequired":true,"valueName":"search_term_string"}}],"inLanguage":"de"},{"@type":"Organization","@id":"https:\/\/www.fireware.nl\/de\/#organization","name":"FireWare","url":"https:\/\/www.fireware.nl\/de\/","logo":{"@type":"ImageObject","inLanguage":"de","@id":"https:\/\/www.fireware.nl\/de\/#\/schema\/logo\/image\/","url":"https:\/\/www.fireware.nl\/wp-content\/uploads\/2018\/10\/fireware-logo.png","contentUrl":"https:\/\/www.fireware.nl\/wp-content\/uploads\/2018\/10\/fireware-logo.png","width":200,"height":86,"caption":"FireWare"},"image":{"@id":"https:\/\/www.fireware.nl\/de\/#\/schema\/logo\/image\/"},"sameAs":["https:\/\/www.facebook.com\/FireWareBV\/","https:\/\/x.com\/FireWarebv","https:\/\/www.instagram.com\/fireware_nl\/","https:\/\/www.linkedin.com\/company\/3586017\/","https:\/\/www.youtube.com\/user\/firesalesrentconsult"]}]}},"publishpress_future_workflow_manual_trigger":{"enabledWorkflows":[]},"_links":{"self":[{"href":"https:\/\/www.fireware.nl\/de\/wp-json\/wp\/v2\/product\/80477","targetHints":{"allow":["GET"]}}],"collection":[{"href":"https:\/\/www.fireware.nl\/de\/wp-json\/wp\/v2\/product"}],"about":[{"href":"https:\/\/www.fireware.nl\/de\/wp-json\/wp\/v2\/types\/product"}],"wp:featuredmedia":[{"embeddable":true,"href":"https:\/\/www.fireware.nl\/de\/wp-json\/wp\/v2\/media\/80223"}],"wp:attachment":[{"href":"https:\/\/www.fireware.nl\/de\/wp-json\/wp\/v2\/media?parent=80477"}],"wp:term":[{"taxonomy":"product_brand","embeddable":true,"href":"https:\/\/www.fireware.nl\/de\/wp-json\/wp\/v2\/product_brand?post=80477"},{"taxonomy":"product_cat","embeddable":true,"href":"https:\/\/www.fireware.nl\/de\/wp-json\/wp\/v2\/product_cat?post=80477"},{"taxonomy":"product_tag","embeddable":true,"href":"https:\/\/www.fireware.nl\/de\/wp-json\/wp\/v2\/product_tag?post=80477"}],"curies":[{"name":"wp","href":"https:\/\/api.w.org\/{rel}","templated":true}]}}