
{"id":75912,"date":"2022-07-14T15:22:40","date_gmt":"2022-07-14T15:22:40","guid":{"rendered":"https:\/\/www.fireware.nl\/product\/wartungs-und-reparaturausbildung-fur-ubungsmaterialien\/"},"modified":"2022-07-14T15:22:40","modified_gmt":"2022-07-14T15:22:40","slug":"wartungs-und-reparaturausbildung-fur-ubungsmaterialien","status":"publish","type":"product","link":"https:\/\/www.fireware.nl\/de\/product\/wartungs-und-reparaturausbildung-fur-ubungsmaterialien\/","title":{"rendered":"Wartungs- und Reparaturausbildung f\u00fcr \u00dcbungsmaterialien"},"content":{"rendered":"<h2>\u00dcbungsmaterialien selbst reparieren und warten<\/h2>\n<p>\u00dcbungsmaterialien leisten einen wichtigen Beitrag zur Fachkompetenz und Einsatzf\u00e4higkeit von Hilfskr\u00e4ften. Es ist daher von gr\u00f6\u00dfter Bedeutung, die \u00dcbungsmaterialien effizient einsatzbereit zu halten. Dies ist eine gemeinsame Anstrengung, sowohl seitens des Lieferanten als auch seitens der Anwender!<\/p>\n<p>Aus diesem Grund bietet FireWare Schulungen f\u00fcr Techniker an, die mit der Wartung und Reparatur von \u00dcbungsmaterialien befasst sind. Die Reparaturzeit eines \u00dcbungsger\u00e4ts ist oft k\u00fcrzer als die Zeit, die ben\u00f6tigt wird, um eine \u00dcbungsger\u00e4t f\u00fcr den Versand vorzubereiten. Eigenreparatur und Eigenwartung verhindern viele unn\u00f6tige Versandbewegungen. Das ist auch noch gut f\u00fcr die Umwelt! Und die Ausfallzeit eines \u00dcbungsger\u00e4ts, also die Zeit, in der ein \u00dcbungsger\u00e4t nicht einsatzbereit ist, sinkt enorm. Ein Gewinn f\u00fcr alle!<\/p>\n<h2>Voneinander und miteinander lernen<\/h2>\n<p>Im Fokus dieser Schulungen steht neben dem \u201etechnischen\u201c Teil auch die Zusammenarbeit mit dem FireWare-Team. Wie gehen wir mit Ersatzteilen, Garantien und schwierigeren Reparaturen um? Sehen wir Trends? Denken Sie an einen St\u00fctzpunkt, an dem Maschinen h\u00e4ufiger ausfallen, oder an ein Trainingsger\u00e4t, das h\u00e4ufig denselben Defekt aufweist. Was k\u00f6nnen wir voneinander lernen und wie k\u00f6nnen wir uns gegenseitig besser machen? Damit geben wir unseren Grundwerten Substanz!<\/p>\n<h2>Ma\u00dfgeschneiderte Ausbildung<\/h2>\n<p>Diese Schulungen richten sich an Techniker, die sich beruflich mehrmals w\u00f6chentlich mit der Wartung und Reparatur von FireWare \u00dcbungsmaterialien befassen. Dazu geh\u00f6ren Techniker aus den Sicherheitsregionen, vom Milit\u00e4r und aus gro\u00dfen \u00dcbungszentren. Die Schulung kann bei FireWare, aber auch jeweils vor Ort durchgef\u00fchrt werden.<\/p>\n<p>Die Schulungen sind ma\u00dfgeschneidert. Sie h\u00e4ngen n\u00e4mlich von der Anzahl und Art der \u00dcbungsmaterialien ab, die w\u00e4hrend des Kurses behandelt werden, der Anzahl der teilnehmenden Personen und der gew\u00fcnschten Tiefe. Sind Sie an Schulungen f\u00fcr Wartung und Reparatur interessiert? Bitte kontaktieren Sie uns f\u00fcr ein ma\u00dfgeschneidertes Angebot!<\/p>\n","protected":false},"excerpt":{"rendered":"<ul>\n<li>Lernen Sie, FireWare \u00dcbungsmaterialien selbst effizient und effektiv zu reparieren und zu warten;<\/li>\n<li>F\u00fcr Techniker, die sich regelm\u00e4\u00dfig mit der Wartung und Reparatur von FireWare-\u00dcbungsmaterial besch\u00e4ftigen;<\/li>\n<li>Vermeiden Sie unn\u00f6tige Versandbewegungen;<\/li>\n<li>Erh\u00f6hen Sie die Einsatzbereitschaft Ihrer \u00dcbungsmaterialien;<\/li>\n<li>Die Ausbildung wird ma\u00dfgeschneidert sein.<\/li>\n<\/ul>\n","protected":false},"featured_media":75701,"template":"","meta":[],"product_brand":[],"product_cat":[3065],"product_tag":[],"class_list":{"0":"post-75912","1":"product","2":"type-product","3":"status-publish","4":"has-post-thumbnail","6":"product_cat-kurs-und-ausbildung","8":"first","9":"instock","10":"taxable","11":"shipping-taxable","12":"product-type-simple"},"yoast_head":"<!-- This site is optimized with the Yoast SEO plugin v27.4 - https:\/\/yoast.com\/product\/yoast-seo-wordpress\/ -->\n<title>Wartungs- und Reparaturausbildung f\u00fcr \u00dcbungsmaterialien - FireWare<\/title>\n<meta name=\"robots\" content=\"index, follow, max-snippet:-1, max-image-preview:large, max-video-preview:-1\" \/>\n<link rel=\"canonical\" href=\"https:\/\/www.fireware.nl\/de\/product\/wartungs-und-reparaturausbildung-fur-ubungsmaterialien\/\" \/>\n<meta property=\"og:locale\" content=\"de_DE\" \/>\n<meta property=\"og:type\" content=\"article\" \/>\n<meta property=\"og:title\" content=\"Wartungs- und Reparaturausbildung f\u00fcr \u00dcbungsmaterialien - FireWare\" \/>\n<meta property=\"og:description\" content=\"Lernen Sie, FireWare \u00dcbungsmaterialien selbst effizient und effektiv zu reparieren und zu warten;  F\u00fcr Techniker, die sich regelm\u00e4\u00dfig mit der Wartung und Reparatur von FireWare-\u00dcbungsmaterial besch\u00e4ftigen;  Vermeiden Sie unn\u00f6tige Versandbewegungen;  Erh\u00f6hen Sie die Einsatzbereitschaft Ihrer \u00dcbungsmaterialien;  Die Ausbildung wird ma\u00dfgeschneidert sein.\" \/>\n<meta property=\"og:url\" content=\"https:\/\/www.fireware.nl\/de\/product\/wartungs-und-reparaturausbildung-fur-ubungsmaterialien\/\" \/>\n<meta property=\"og:site_name\" content=\"FireWare\" \/>\n<meta property=\"article:publisher\" content=\"https:\/\/www.facebook.com\/FireWareBV\/\" \/>\n<meta property=\"og:image\" content=\"https:\/\/www.fireware.nl\/wp-content\/uploads\/2022\/11\/058-030-050-Cursus-onderhoud-en-reparatie-oefenmateriaal.jpg\" \/>\n\t<meta property=\"og:image:width\" content=\"800\" \/>\n\t<meta property=\"og:image:height\" content=\"800\" \/>\n\t<meta property=\"og:image:type\" content=\"image\/jpeg\" \/>\n<meta name=\"twitter:card\" content=\"summary_large_image\" \/>\n<meta name=\"twitter:site\" content=\"@FireWarebv\" \/>\n<meta name=\"twitter:label1\" content=\"Gesch\u00e4tzte Lesezeit\" \/>\n\t<meta name=\"twitter:data1\" content=\"2\u00a0Minuten\" \/>\n<script type=\"application\/ld+json\" class=\"yoast-schema-graph\">{\"@context\":\"https:\\\/\\\/schema.org\",\"@graph\":[{\"@type\":\"WebPage\",\"@id\":\"https:\\\/\\\/www.fireware.nl\\\/de\\\/product\\\/wartungs-und-reparaturausbildung-fur-ubungsmaterialien\\\/\",\"url\":\"https:\\\/\\\/www.fireware.nl\\\/de\\\/product\\\/wartungs-und-reparaturausbildung-fur-ubungsmaterialien\\\/\",\"name\":\"Wartungs- und Reparaturausbildung f\u00fcr \u00dcbungsmaterialien - FireWare\",\"isPartOf\":{\"@id\":\"https:\\\/\\\/www.fireware.nl\\\/de\\\/#website\"},\"primaryImageOfPage\":{\"@id\":\"https:\\\/\\\/www.fireware.nl\\\/de\\\/product\\\/wartungs-und-reparaturausbildung-fur-ubungsmaterialien\\\/#primaryimage\"},\"image\":{\"@id\":\"https:\\\/\\\/www.fireware.nl\\\/de\\\/product\\\/wartungs-und-reparaturausbildung-fur-ubungsmaterialien\\\/#primaryimage\"},\"thumbnailUrl\":\"https:\\\/\\\/www.fireware.nl\\\/wp-content\\\/uploads\\\/2022\\\/11\\\/058-030-050-Cursus-onderhoud-en-reparatie-oefenmateriaal.jpg\",\"datePublished\":\"2022-07-14T15:22:40+00:00\",\"breadcrumb\":{\"@id\":\"https:\\\/\\\/www.fireware.nl\\\/de\\\/product\\\/wartungs-und-reparaturausbildung-fur-ubungsmaterialien\\\/#breadcrumb\"},\"inLanguage\":\"de\",\"potentialAction\":[{\"@type\":\"ReadAction\",\"target\":[\"https:\\\/\\\/www.fireware.nl\\\/de\\\/product\\\/wartungs-und-reparaturausbildung-fur-ubungsmaterialien\\\/\"]}]},{\"@type\":\"ImageObject\",\"inLanguage\":\"de\",\"@id\":\"https:\\\/\\\/www.fireware.nl\\\/de\\\/product\\\/wartungs-und-reparaturausbildung-fur-ubungsmaterialien\\\/#primaryimage\",\"url\":\"https:\\\/\\\/www.fireware.nl\\\/wp-content\\\/uploads\\\/2022\\\/11\\\/058-030-050-Cursus-onderhoud-en-reparatie-oefenmateriaal.jpg\",\"contentUrl\":\"https:\\\/\\\/www.fireware.nl\\\/wp-content\\\/uploads\\\/2022\\\/11\\\/058-030-050-Cursus-onderhoud-en-reparatie-oefenmateriaal.jpg\",\"width\":800,\"height\":800},{\"@type\":\"BreadcrumbList\",\"@id\":\"https:\\\/\\\/www.fireware.nl\\\/de\\\/product\\\/wartungs-und-reparaturausbildung-fur-ubungsmaterialien\\\/#breadcrumb\",\"itemListElement\":[{\"@type\":\"ListItem\",\"position\":1,\"name\":\"Home\",\"item\":\"https:\\\/\\\/www.fireware.nl\\\/de\\\/\"},{\"@type\":\"ListItem\",\"position\":2,\"name\":\"Produkte\",\"item\":\"https:\\\/\\\/www.fireware.nl\\\/de\\\/produkte\\\/\"},{\"@type\":\"ListItem\",\"position\":3,\"name\":\"Wartungs- und Reparaturausbildung f\u00fcr \u00dcbungsmaterialien\"}]},{\"@type\":\"WebSite\",\"@id\":\"https:\\\/\\\/www.fireware.nl\\\/de\\\/#website\",\"url\":\"https:\\\/\\\/www.fireware.nl\\\/de\\\/\",\"name\":\"FireWare\",\"description\":\"CREATING REALISTIC  TRAINING ENVIRONMENTS\",\"publisher\":{\"@id\":\"https:\\\/\\\/www.fireware.nl\\\/de\\\/#organization\"},\"potentialAction\":[{\"@type\":\"SearchAction\",\"target\":{\"@type\":\"EntryPoint\",\"urlTemplate\":\"https:\\\/\\\/www.fireware.nl\\\/de\\\/?s={search_term_string}\"},\"query-input\":{\"@type\":\"PropertyValueSpecification\",\"valueRequired\":true,\"valueName\":\"search_term_string\"}}],\"inLanguage\":\"de\"},{\"@type\":\"Organization\",\"@id\":\"https:\\\/\\\/www.fireware.nl\\\/de\\\/#organization\",\"name\":\"FireWare\",\"url\":\"https:\\\/\\\/www.fireware.nl\\\/de\\\/\",\"logo\":{\"@type\":\"ImageObject\",\"inLanguage\":\"de\",\"@id\":\"https:\\\/\\\/www.fireware.nl\\\/de\\\/#\\\/schema\\\/logo\\\/image\\\/\",\"url\":\"https:\\\/\\\/www.fireware.nl\\\/wp-content\\\/uploads\\\/2018\\\/10\\\/fireware-logo.png\",\"contentUrl\":\"https:\\\/\\\/www.fireware.nl\\\/wp-content\\\/uploads\\\/2018\\\/10\\\/fireware-logo.png\",\"width\":200,\"height\":86,\"caption\":\"FireWare\"},\"image\":{\"@id\":\"https:\\\/\\\/www.fireware.nl\\\/de\\\/#\\\/schema\\\/logo\\\/image\\\/\"},\"sameAs\":[\"https:\\\/\\\/www.facebook.com\\\/FireWareBV\\\/\",\"https:\\\/\\\/x.com\\\/FireWarebv\",\"https:\\\/\\\/www.instagram.com\\\/fireware_nl\\\/\",\"https:\\\/\\\/www.linkedin.com\\\/company\\\/3586017\\\/\",\"https:\\\/\\\/www.youtube.com\\\/user\\\/firesalesrentconsult\"]}]}<\/script>\n<!-- \/ Yoast SEO plugin. -->","yoast_head_json":{"title":"Wartungs- und Reparaturausbildung f\u00fcr \u00dcbungsmaterialien - FireWare","robots":{"index":"index","follow":"follow","max-snippet":"max-snippet:-1","max-image-preview":"max-image-preview:large","max-video-preview":"max-video-preview:-1"},"canonical":"https:\/\/www.fireware.nl\/de\/product\/wartungs-und-reparaturausbildung-fur-ubungsmaterialien\/","og_locale":"de_DE","og_type":"article","og_title":"Wartungs- und Reparaturausbildung f\u00fcr \u00dcbungsmaterialien - FireWare","og_description":"Lernen Sie, FireWare \u00dcbungsmaterialien selbst effizient und effektiv zu reparieren und zu warten;  F\u00fcr Techniker, die sich regelm\u00e4\u00dfig mit der Wartung und Reparatur von FireWare-\u00dcbungsmaterial besch\u00e4ftigen;  Vermeiden Sie unn\u00f6tige Versandbewegungen;  Erh\u00f6hen Sie die Einsatzbereitschaft Ihrer \u00dcbungsmaterialien;  Die Ausbildung wird ma\u00dfgeschneidert sein.","og_url":"https:\/\/www.fireware.nl\/de\/product\/wartungs-und-reparaturausbildung-fur-ubungsmaterialien\/","og_site_name":"FireWare","article_publisher":"https:\/\/www.facebook.com\/FireWareBV\/","og_image":[{"width":800,"height":800,"url":"https:\/\/www.fireware.nl\/wp-content\/uploads\/2022\/11\/058-030-050-Cursus-onderhoud-en-reparatie-oefenmateriaal.jpg","type":"image\/jpeg"}],"twitter_card":"summary_large_image","twitter_site":"@FireWarebv","twitter_misc":{"Gesch\u00e4tzte Lesezeit":"2\u00a0Minuten"},"schema":{"@context":"https:\/\/schema.org","@graph":[{"@type":"WebPage","@id":"https:\/\/www.fireware.nl\/de\/product\/wartungs-und-reparaturausbildung-fur-ubungsmaterialien\/","url":"https:\/\/www.fireware.nl\/de\/product\/wartungs-und-reparaturausbildung-fur-ubungsmaterialien\/","name":"Wartungs- und Reparaturausbildung f\u00fcr \u00dcbungsmaterialien - FireWare","isPartOf":{"@id":"https:\/\/www.fireware.nl\/de\/#website"},"primaryImageOfPage":{"@id":"https:\/\/www.fireware.nl\/de\/product\/wartungs-und-reparaturausbildung-fur-ubungsmaterialien\/#primaryimage"},"image":{"@id":"https:\/\/www.fireware.nl\/de\/product\/wartungs-und-reparaturausbildung-fur-ubungsmaterialien\/#primaryimage"},"thumbnailUrl":"https:\/\/www.fireware.nl\/wp-content\/uploads\/2022\/11\/058-030-050-Cursus-onderhoud-en-reparatie-oefenmateriaal.jpg","datePublished":"2022-07-14T15:22:40+00:00","breadcrumb":{"@id":"https:\/\/www.fireware.nl\/de\/product\/wartungs-und-reparaturausbildung-fur-ubungsmaterialien\/#breadcrumb"},"inLanguage":"de","potentialAction":[{"@type":"ReadAction","target":["https:\/\/www.fireware.nl\/de\/product\/wartungs-und-reparaturausbildung-fur-ubungsmaterialien\/"]}]},{"@type":"ImageObject","inLanguage":"de","@id":"https:\/\/www.fireware.nl\/de\/product\/wartungs-und-reparaturausbildung-fur-ubungsmaterialien\/#primaryimage","url":"https:\/\/www.fireware.nl\/wp-content\/uploads\/2022\/11\/058-030-050-Cursus-onderhoud-en-reparatie-oefenmateriaal.jpg","contentUrl":"https:\/\/www.fireware.nl\/wp-content\/uploads\/2022\/11\/058-030-050-Cursus-onderhoud-en-reparatie-oefenmateriaal.jpg","width":800,"height":800},{"@type":"BreadcrumbList","@id":"https:\/\/www.fireware.nl\/de\/product\/wartungs-und-reparaturausbildung-fur-ubungsmaterialien\/#breadcrumb","itemListElement":[{"@type":"ListItem","position":1,"name":"Home","item":"https:\/\/www.fireware.nl\/de\/"},{"@type":"ListItem","position":2,"name":"Produkte","item":"https:\/\/www.fireware.nl\/de\/produkte\/"},{"@type":"ListItem","position":3,"name":"Wartungs- und Reparaturausbildung f\u00fcr \u00dcbungsmaterialien"}]},{"@type":"WebSite","@id":"https:\/\/www.fireware.nl\/de\/#website","url":"https:\/\/www.fireware.nl\/de\/","name":"FireWare","description":"CREATING REALISTIC  TRAINING ENVIRONMENTS","publisher":{"@id":"https:\/\/www.fireware.nl\/de\/#organization"},"potentialAction":[{"@type":"SearchAction","target":{"@type":"EntryPoint","urlTemplate":"https:\/\/www.fireware.nl\/de\/?s={search_term_string}"},"query-input":{"@type":"PropertyValueSpecification","valueRequired":true,"valueName":"search_term_string"}}],"inLanguage":"de"},{"@type":"Organization","@id":"https:\/\/www.fireware.nl\/de\/#organization","name":"FireWare","url":"https:\/\/www.fireware.nl\/de\/","logo":{"@type":"ImageObject","inLanguage":"de","@id":"https:\/\/www.fireware.nl\/de\/#\/schema\/logo\/image\/","url":"https:\/\/www.fireware.nl\/wp-content\/uploads\/2018\/10\/fireware-logo.png","contentUrl":"https:\/\/www.fireware.nl\/wp-content\/uploads\/2018\/10\/fireware-logo.png","width":200,"height":86,"caption":"FireWare"},"image":{"@id":"https:\/\/www.fireware.nl\/de\/#\/schema\/logo\/image\/"},"sameAs":["https:\/\/www.facebook.com\/FireWareBV\/","https:\/\/x.com\/FireWarebv","https:\/\/www.instagram.com\/fireware_nl\/","https:\/\/www.linkedin.com\/company\/3586017\/","https:\/\/www.youtube.com\/user\/firesalesrentconsult"]}]}},"publishpress_future_workflow_manual_trigger":{"enabledWorkflows":[]},"_links":{"self":[{"href":"https:\/\/www.fireware.nl\/de\/wp-json\/wp\/v2\/product\/75912","targetHints":{"allow":["GET"]}}],"collection":[{"href":"https:\/\/www.fireware.nl\/de\/wp-json\/wp\/v2\/product"}],"about":[{"href":"https:\/\/www.fireware.nl\/de\/wp-json\/wp\/v2\/types\/product"}],"wp:featuredmedia":[{"embeddable":true,"href":"https:\/\/www.fireware.nl\/de\/wp-json\/wp\/v2\/media\/75701"}],"wp:attachment":[{"href":"https:\/\/www.fireware.nl\/de\/wp-json\/wp\/v2\/media?parent=75912"}],"wp:term":[{"taxonomy":"product_brand","embeddable":true,"href":"https:\/\/www.fireware.nl\/de\/wp-json\/wp\/v2\/product_brand?post=75912"},{"taxonomy":"product_cat","embeddable":true,"href":"https:\/\/www.fireware.nl\/de\/wp-json\/wp\/v2\/product_cat?post=75912"},{"taxonomy":"product_tag","embeddable":true,"href":"https:\/\/www.fireware.nl\/de\/wp-json\/wp\/v2\/product_tag?post=75912"}],"curies":[{"name":"wp","href":"https:\/\/api.w.org\/{rel}","templated":true}]}}