
{"id":67350,"date":"2021-11-09T11:09:13","date_gmt":"2021-11-09T11:09:13","guid":{"rendered":"https:\/\/www.fireware.nl\/product\/soundbox-v3\/"},"modified":"2026-04-13T14:27:34","modified_gmt":"2026-04-13T14:27:34","slug":"soundbox-v3","status":"publish","type":"product","link":"https:\/\/www.fireware.nl\/de\/product\/soundbox-v3\/","title":{"rendered":"SoundBox V3"},"content":{"rendered":"\n\n\t<h2>Wasserdicht mit 58 Soundeffekten<\/h2>\n<p>Brandger\u00e4usch und Funken. Ein bellender Hund. Schluchzende Menschen oder ein weinendes Baby. Hilferufe in verschiedenen Sprachen. Dies sind nur einige der Sounds, die mit der FireWare SoundBox V3 simuliert werden k\u00f6nnen. Diese Soundbox wird mit einer Lizenz zur Verwendung der mehr als 58 eingebauten FireWare Soundeffekte speziell f\u00fcr die Inszenierung geliefert. Konfrontieren Sie die Lehrgangsteilnehmer mit einem Einsturz direkt hinter ihnen oder einer Explosion irgendwo im Geb\u00e4ude. Reagieren sie auch auf das Ger\u00e4usch eines Fl\u00fcssigkeits- oder Gaslecks in angemesser Weise? \u00dcben Sie mit diesem Lautsprecher sehr abwechslungsreiche und herausfordernde Szenarien!<\/p>\n<h2>Robust und wasserdicht<\/h2>\n<p>Die SoundBox V3 ist IP65 wasserbest\u00e4ndig und sehr robust. Dadurch wird es zu dem \u00dcbungstool schlechthin, mit dem Sie Soundeffekte bei \u00dcbungen hinzuf\u00fcgen k\u00f6nnen, bei denen mit Wasser gearbeitet wird. Der Lautsprecher ist vollst\u00e4ndig abgedichtet und die Bedienungselemente und der Bildschirm werden mit einer Abdeckung gesch\u00fctzt.<\/p>\n<h2>Handliche Bedienung<\/h2>\n<p>Mit der speziellen FireWare-Software f\u00fcr Android und iOS ist die Bedienung der SoundBox V3 ein Kinderspiel. Dank der fortschrittlichen Men\u00fcstruktur und des \u00fcbersichtlichen Bildschirms ist der richtige Sound im Handumdrehen gefunden. Es ist sogar m\u00f6glich, Sounds mit Hilfe einer Playlist in eine spezielle Reihenfolge zu bringen. Zuerst eine Explosion und dann der Brand!<\/p>\n<h2>Mehrere SoundBoxen in einem WLAN-Netzwerk<\/h2>\n<p>Bei einer guten Inszenierung kommt die Sounds aus mehreren Richtungen. Das brennende Ger\u00e4usch direkt von vorne, der Hilferuf des ersten Opfers aus einem Nebenraum und vielleicht irgendwo her das Bellen eines Hundes&#8230; Durch die Platzierung mehrerer SoundBoxen in einem WLAN-Netzwerk k\u00f6nnen Sie w\u00e4hrend der \u00dcbung ein \u00e4u\u00dferst realistisches Sounderlebnis bieten. Und als Ausbilder steuern Sie alle Sounds mit einer App! Der gro\u00dfe Vorteil eines WLAN ist, dass die Entfernungen, die w\u00e4hrend einer \u00dcbung \u00fcberbr\u00fcckt werden k\u00f6nnen, um ein Vielfaches gr\u00f6\u00dfer sind als mit Bluetooth.<\/p>\n<h2>Eigene Sounds einsetzen<\/h2>\n<p>Die SoundBox V3 wird mit einer Lizenz f\u00fcr die mehr als 58 realistische Sounds in 6 Sprachen geliefert, die Sie w\u00e4hrend einer \u00dcbung verwenden k\u00f6nnen. Und Ihr Sound ist nicht dabei? Dann k\u00f6nnen Sie \u00fcber Ihr Smartphone sogar Ihre eigenen Sounds direkt auf die SoundBox streamen!<\/p>\n<h2>Stabil verpackt<\/h2>\n<p>\u00dcbungsger\u00e4tschaften werden unter harten Bedingungen eingesetzt. Nat\u00fcrlich ist die SoundBox V3 extrem solide gebaut. Um jedoch Transport- und Lagersch\u00e4den zu vermeiden, wird die SoundBox V3 komplett in einer Kunststoffkiste mit einer passenden Schaumstoffinnenauskleidung geliefert. Auch das mitgelieferte Ladeger\u00e4t l\u00e4sst sich hierin ordentlich verstauen! Und die Bedienungsanleitung? Diese liefern wir digital mit einem QR-Code an der Maschine aus. Das ist sehr praktisch, denn damit k\u00f6nnen Sie sie nicht verlieren!<\/p>\n<h2>Eine Inszenierung komplettieren<\/h2>\n<p>Mit der SoundBox V3 k\u00f6nnen Sie verschiedene Szenarien realistisch inszenieren. Zum Beispiel die Simulation eines <a href=\"https:\/\/www.fireware.nl\/de\/product\/ausbildung-set-brandherd\/\" target=\"_blank\" rel=\"noopener\">Brandherdes<\/a>. Wenn die M\u00e4nner einen Raum betreten, h\u00f6ren Sie auf das Ger\u00e4usch, wo sich der Brandherd befindet. Oder sie h\u00f6ren ein Opfer schreien und bewegen sich durch den dichten Rauch auf dieses zu. Sie Aber Sie k\u00f6nnen beispielsweise auch einer Simulation mit der Phoenix Silkflame in Kombination mit einer Cumulus Rauchmaschine Brandger\u00e4usche hinzuf\u00fcgen. Eines ist sicher: Mit der SoundBox V3 sind realistische Soundeffekte bei Ihrer Inszenierung garantiert.<\/p>\n<h2>Sehen Sie sich die Videos an<\/h2>\n\t\t<iframe width=\"560\" height=\"315\" src=\"https:\/\/www.youtube.com\/embed\/F0kapjfzukU?rel=0&#038;hl=en&#038;cc_lang_pref=en&#038;cc_load_policy=1\" frameborder=\"0\" allow=\"accelerometer; autoplay; clipboard-write; encrypted-media; gyroscope; picture-in-picture\" allowfullscreen><\/iframe>\t\n\t\t<iframe width=\"1280\" height=\"720\" src=https:\/\/player.vimeo.com\/video\/1162178310?hl=nl&#038;cc_lang_pref=nl&#038;cc_load_policy=1 frameborder=\"0\" allow=\"accelerometer; autoplay; clipboard-write; encrypted-media; gyroscope; picture-in-picture\" \nallowfullscreen><\/iframe>\n\n","protected":false},"excerpt":{"rendered":"<ul>\n<li>Die Weise, eine \u00dcbung mit Soundeffekten zu versorgen<\/li>\n<li>IP65 wasserdicht<\/li>\n<li>64 eingebaute Soundeffekte f\u00fcr Ihre Inszenierung<\/li>\n<li>Eigene Sounds k\u00f6nnen \u00fcber Ihr Smartphone gestreamt werden<\/li>\n<li>Bedienung \u00fcber die WLAN-App oder am Ger\u00e4t selbst<\/li>\n<li>In einem WLAN k\u00f6nnen mehrere SoundBoxen V3 platziert werden<\/li>\n<li>Ausgestattet mit einem Akku und einem Ladeger\u00e4t<\/li>\n<li>Geliefert in einer Kunststofftransportkiste mit den Ma\u00dfen 30 x 20 x 23,5 cm mit Schaumstoffauskleidung<\/li>\n<\/ul>\n","protected":false},"featured_media":67290,"template":"","meta":[],"product_brand":[],"product_cat":[96],"product_tag":[],"class_list":{"0":"post-67350","1":"product","2":"type-product","3":"status-publish","4":"has-post-thumbnail","6":"product_cat-geraeusch","7":"pa_taal-deutsch","8":"pa_taal-englisch","9":"pa_taal-franzosisch","10":"pa_taal-italienisch","11":"pa_taal-niederlandisch","12":"pa_taal-spanisch","14":"first","15":"instock","16":"taxable","17":"shipping-taxable","18":"purchasable","19":"product-type-variable"},"yoast_head":"<!-- This site is optimized with the Yoast SEO plugin v27.4 - https:\/\/yoast.com\/product\/yoast-seo-wordpress\/ -->\n<title>SoundBox V3 - FireWare<\/title>\n<meta name=\"robots\" content=\"index, follow, max-snippet:-1, max-image-preview:large, max-video-preview:-1\" \/>\n<link rel=\"canonical\" href=\"https:\/\/www.fireware.nl\/de\/product\/soundbox-v3\/\" \/>\n<meta property=\"og:locale\" content=\"de_DE\" \/>\n<meta property=\"og:type\" content=\"article\" \/>\n<meta property=\"og:title\" content=\"SoundBox V3 - FireWare\" \/>\n<meta property=\"og:description\" content=\"Die Weise, eine \u00dcbung mit Soundeffekten zu versorgen IP65 wasserdicht 64 eingebaute Soundeffekte f\u00fcr Ihre Inszenierung Eigene Sounds k\u00f6nnen \u00fcber Ihr Smartphone gestreamt werden Bedienung \u00fcber die WLAN-App oder am Ger\u00e4t selbst In einem WLAN k\u00f6nnen mehrere SoundBoxen V3 platziert werden Ausgestattet mit einem Akku und einem Ladeger\u00e4t Geliefert in einer Kunststofftransportkiste mit den Ma\u00dfen 30 x 20 x 23,5 cm mit Schaumstoffauskleidung\" \/>\n<meta property=\"og:url\" content=\"https:\/\/www.fireware.nl\/de\/product\/soundbox-v3\/\" \/>\n<meta property=\"og:site_name\" content=\"FireWare\" \/>\n<meta property=\"article:publisher\" content=\"https:\/\/www.facebook.com\/FireWareBV\/\" \/>\n<meta property=\"article:modified_time\" content=\"2026-04-13T14:27:34+00:00\" \/>\n<meta property=\"og:image\" content=\"https:\/\/www.fireware.nl\/wp-content\/uploads\/2021\/11\/015-085-006-Soundbox-V3.jpg\" \/>\n\t<meta property=\"og:image:width\" content=\"600\" \/>\n\t<meta property=\"og:image:height\" content=\"600\" \/>\n\t<meta property=\"og:image:type\" content=\"image\/jpeg\" \/>\n<meta name=\"twitter:card\" content=\"summary_large_image\" \/>\n<meta name=\"twitter:site\" content=\"@FireWarebv\" \/>\n<meta name=\"twitter:label1\" content=\"Gesch\u00e4tzte Lesezeit\" \/>\n\t<meta name=\"twitter:data1\" content=\"3\u00a0Minuten\" \/>\n<script type=\"application\/ld+json\" class=\"yoast-schema-graph\">{\"@context\":\"https:\\\/\\\/schema.org\",\"@graph\":[{\"@type\":\"WebPage\",\"@id\":\"https:\\\/\\\/www.fireware.nl\\\/de\\\/product\\\/soundbox-v3\\\/\",\"url\":\"https:\\\/\\\/www.fireware.nl\\\/de\\\/product\\\/soundbox-v3\\\/\",\"name\":\"SoundBox V3 - FireWare\",\"isPartOf\":{\"@id\":\"https:\\\/\\\/www.fireware.nl\\\/de\\\/#website\"},\"primaryImageOfPage\":{\"@id\":\"https:\\\/\\\/www.fireware.nl\\\/de\\\/product\\\/soundbox-v3\\\/#primaryimage\"},\"image\":{\"@id\":\"https:\\\/\\\/www.fireware.nl\\\/de\\\/product\\\/soundbox-v3\\\/#primaryimage\"},\"thumbnailUrl\":\"https:\\\/\\\/www.fireware.nl\\\/wp-content\\\/uploads\\\/2021\\\/11\\\/015-085-006-Soundbox-V3.jpg\",\"datePublished\":\"2021-11-09T11:09:13+00:00\",\"dateModified\":\"2026-04-13T14:27:34+00:00\",\"breadcrumb\":{\"@id\":\"https:\\\/\\\/www.fireware.nl\\\/de\\\/product\\\/soundbox-v3\\\/#breadcrumb\"},\"inLanguage\":\"de\",\"potentialAction\":[{\"@type\":\"ReadAction\",\"target\":[\"https:\\\/\\\/www.fireware.nl\\\/de\\\/product\\\/soundbox-v3\\\/\"]}]},{\"@type\":\"ImageObject\",\"inLanguage\":\"de\",\"@id\":\"https:\\\/\\\/www.fireware.nl\\\/de\\\/product\\\/soundbox-v3\\\/#primaryimage\",\"url\":\"https:\\\/\\\/www.fireware.nl\\\/wp-content\\\/uploads\\\/2021\\\/11\\\/015-085-006-Soundbox-V3.jpg\",\"contentUrl\":\"https:\\\/\\\/www.fireware.nl\\\/wp-content\\\/uploads\\\/2021\\\/11\\\/015-085-006-Soundbox-V3.jpg\",\"width\":600,\"height\":600},{\"@type\":\"BreadcrumbList\",\"@id\":\"https:\\\/\\\/www.fireware.nl\\\/de\\\/product\\\/soundbox-v3\\\/#breadcrumb\",\"itemListElement\":[{\"@type\":\"ListItem\",\"position\":1,\"name\":\"Home\",\"item\":\"https:\\\/\\\/www.fireware.nl\\\/de\\\/\"},{\"@type\":\"ListItem\",\"position\":2,\"name\":\"Produkte\",\"item\":\"https:\\\/\\\/www.fireware.nl\\\/de\\\/produkte\\\/\"},{\"@type\":\"ListItem\",\"position\":3,\"name\":\"SoundBox V3\"}]},{\"@type\":\"WebSite\",\"@id\":\"https:\\\/\\\/www.fireware.nl\\\/de\\\/#website\",\"url\":\"https:\\\/\\\/www.fireware.nl\\\/de\\\/\",\"name\":\"FireWare\",\"description\":\"CREATING REALISTIC  TRAINING ENVIRONMENTS\",\"publisher\":{\"@id\":\"https:\\\/\\\/www.fireware.nl\\\/de\\\/#organization\"},\"potentialAction\":[{\"@type\":\"SearchAction\",\"target\":{\"@type\":\"EntryPoint\",\"urlTemplate\":\"https:\\\/\\\/www.fireware.nl\\\/de\\\/?s={search_term_string}\"},\"query-input\":{\"@type\":\"PropertyValueSpecification\",\"valueRequired\":true,\"valueName\":\"search_term_string\"}}],\"inLanguage\":\"de\"},{\"@type\":\"Organization\",\"@id\":\"https:\\\/\\\/www.fireware.nl\\\/de\\\/#organization\",\"name\":\"FireWare\",\"url\":\"https:\\\/\\\/www.fireware.nl\\\/de\\\/\",\"logo\":{\"@type\":\"ImageObject\",\"inLanguage\":\"de\",\"@id\":\"https:\\\/\\\/www.fireware.nl\\\/de\\\/#\\\/schema\\\/logo\\\/image\\\/\",\"url\":\"https:\\\/\\\/www.fireware.nl\\\/wp-content\\\/uploads\\\/2018\\\/10\\\/fireware-logo.png\",\"contentUrl\":\"https:\\\/\\\/www.fireware.nl\\\/wp-content\\\/uploads\\\/2018\\\/10\\\/fireware-logo.png\",\"width\":200,\"height\":86,\"caption\":\"FireWare\"},\"image\":{\"@id\":\"https:\\\/\\\/www.fireware.nl\\\/de\\\/#\\\/schema\\\/logo\\\/image\\\/\"},\"sameAs\":[\"https:\\\/\\\/www.facebook.com\\\/FireWareBV\\\/\",\"https:\\\/\\\/x.com\\\/FireWarebv\",\"https:\\\/\\\/www.instagram.com\\\/fireware_nl\\\/\",\"https:\\\/\\\/www.linkedin.com\\\/company\\\/3586017\\\/\",\"https:\\\/\\\/www.youtube.com\\\/user\\\/firesalesrentconsult\"]}]}<\/script>\n<!-- \/ Yoast SEO plugin. -->","yoast_head_json":{"title":"SoundBox V3 - FireWare","robots":{"index":"index","follow":"follow","max-snippet":"max-snippet:-1","max-image-preview":"max-image-preview:large","max-video-preview":"max-video-preview:-1"},"canonical":"https:\/\/www.fireware.nl\/de\/product\/soundbox-v3\/","og_locale":"de_DE","og_type":"article","og_title":"SoundBox V3 - FireWare","og_description":"Die Weise, eine \u00dcbung mit Soundeffekten zu versorgen IP65 wasserdicht 64 eingebaute Soundeffekte f\u00fcr Ihre Inszenierung Eigene Sounds k\u00f6nnen \u00fcber Ihr Smartphone gestreamt werden Bedienung \u00fcber die WLAN-App oder am Ger\u00e4t selbst In einem WLAN k\u00f6nnen mehrere SoundBoxen V3 platziert werden Ausgestattet mit einem Akku und einem Ladeger\u00e4t Geliefert in einer Kunststofftransportkiste mit den Ma\u00dfen 30 x 20 x 23,5 cm mit Schaumstoffauskleidung","og_url":"https:\/\/www.fireware.nl\/de\/product\/soundbox-v3\/","og_site_name":"FireWare","article_publisher":"https:\/\/www.facebook.com\/FireWareBV\/","article_modified_time":"2026-04-13T14:27:34+00:00","og_image":[{"width":600,"height":600,"url":"https:\/\/www.fireware.nl\/wp-content\/uploads\/2021\/11\/015-085-006-Soundbox-V3.jpg","type":"image\/jpeg"}],"twitter_card":"summary_large_image","twitter_site":"@FireWarebv","twitter_misc":{"Gesch\u00e4tzte Lesezeit":"3\u00a0Minuten"},"schema":{"@context":"https:\/\/schema.org","@graph":[{"@type":"WebPage","@id":"https:\/\/www.fireware.nl\/de\/product\/soundbox-v3\/","url":"https:\/\/www.fireware.nl\/de\/product\/soundbox-v3\/","name":"SoundBox V3 - FireWare","isPartOf":{"@id":"https:\/\/www.fireware.nl\/de\/#website"},"primaryImageOfPage":{"@id":"https:\/\/www.fireware.nl\/de\/product\/soundbox-v3\/#primaryimage"},"image":{"@id":"https:\/\/www.fireware.nl\/de\/product\/soundbox-v3\/#primaryimage"},"thumbnailUrl":"https:\/\/www.fireware.nl\/wp-content\/uploads\/2021\/11\/015-085-006-Soundbox-V3.jpg","datePublished":"2021-11-09T11:09:13+00:00","dateModified":"2026-04-13T14:27:34+00:00","breadcrumb":{"@id":"https:\/\/www.fireware.nl\/de\/product\/soundbox-v3\/#breadcrumb"},"inLanguage":"de","potentialAction":[{"@type":"ReadAction","target":["https:\/\/www.fireware.nl\/de\/product\/soundbox-v3\/"]}]},{"@type":"ImageObject","inLanguage":"de","@id":"https:\/\/www.fireware.nl\/de\/product\/soundbox-v3\/#primaryimage","url":"https:\/\/www.fireware.nl\/wp-content\/uploads\/2021\/11\/015-085-006-Soundbox-V3.jpg","contentUrl":"https:\/\/www.fireware.nl\/wp-content\/uploads\/2021\/11\/015-085-006-Soundbox-V3.jpg","width":600,"height":600},{"@type":"BreadcrumbList","@id":"https:\/\/www.fireware.nl\/de\/product\/soundbox-v3\/#breadcrumb","itemListElement":[{"@type":"ListItem","position":1,"name":"Home","item":"https:\/\/www.fireware.nl\/de\/"},{"@type":"ListItem","position":2,"name":"Produkte","item":"https:\/\/www.fireware.nl\/de\/produkte\/"},{"@type":"ListItem","position":3,"name":"SoundBox V3"}]},{"@type":"WebSite","@id":"https:\/\/www.fireware.nl\/de\/#website","url":"https:\/\/www.fireware.nl\/de\/","name":"FireWare","description":"CREATING REALISTIC  TRAINING ENVIRONMENTS","publisher":{"@id":"https:\/\/www.fireware.nl\/de\/#organization"},"potentialAction":[{"@type":"SearchAction","target":{"@type":"EntryPoint","urlTemplate":"https:\/\/www.fireware.nl\/de\/?s={search_term_string}"},"query-input":{"@type":"PropertyValueSpecification","valueRequired":true,"valueName":"search_term_string"}}],"inLanguage":"de"},{"@type":"Organization","@id":"https:\/\/www.fireware.nl\/de\/#organization","name":"FireWare","url":"https:\/\/www.fireware.nl\/de\/","logo":{"@type":"ImageObject","inLanguage":"de","@id":"https:\/\/www.fireware.nl\/de\/#\/schema\/logo\/image\/","url":"https:\/\/www.fireware.nl\/wp-content\/uploads\/2018\/10\/fireware-logo.png","contentUrl":"https:\/\/www.fireware.nl\/wp-content\/uploads\/2018\/10\/fireware-logo.png","width":200,"height":86,"caption":"FireWare"},"image":{"@id":"https:\/\/www.fireware.nl\/de\/#\/schema\/logo\/image\/"},"sameAs":["https:\/\/www.facebook.com\/FireWareBV\/","https:\/\/x.com\/FireWarebv","https:\/\/www.instagram.com\/fireware_nl\/","https:\/\/www.linkedin.com\/company\/3586017\/","https:\/\/www.youtube.com\/user\/firesalesrentconsult"]}]}},"publishpress_future_workflow_manual_trigger":{"enabledWorkflows":[]},"_links":{"self":[{"href":"https:\/\/www.fireware.nl\/de\/wp-json\/wp\/v2\/product\/67350","targetHints":{"allow":["GET"]}}],"collection":[{"href":"https:\/\/www.fireware.nl\/de\/wp-json\/wp\/v2\/product"}],"about":[{"href":"https:\/\/www.fireware.nl\/de\/wp-json\/wp\/v2\/types\/product"}],"wp:featuredmedia":[{"embeddable":true,"href":"https:\/\/www.fireware.nl\/de\/wp-json\/wp\/v2\/media\/67290"}],"wp:attachment":[{"href":"https:\/\/www.fireware.nl\/de\/wp-json\/wp\/v2\/media?parent=67350"}],"wp:term":[{"taxonomy":"product_brand","embeddable":true,"href":"https:\/\/www.fireware.nl\/de\/wp-json\/wp\/v2\/product_brand?post=67350"},{"taxonomy":"product_cat","embeddable":true,"href":"https:\/\/www.fireware.nl\/de\/wp-json\/wp\/v2\/product_cat?post=67350"},{"taxonomy":"product_tag","embeddable":true,"href":"https:\/\/www.fireware.nl\/de\/wp-json\/wp\/v2\/product_tag?post=67350"}],"curies":[{"name":"wp","href":"https:\/\/api.w.org\/{rel}","templated":true}]}}