
{"id":65844,"date":"2021-09-21T09:21:58","date_gmt":"2021-09-21T09:21:58","guid":{"rendered":"https:\/\/www.fireware.nl\/product\/escape-room-der-rasende-reporter\/"},"modified":"2026-04-22T08:23:06","modified_gmt":"2026-04-22T08:23:06","slug":"escape-room-der-rasende-reporter","status":"publish","type":"product","link":"https:\/\/www.fireware.nl\/de\/product\/escape-room-der-rasende-reporter\/","title":{"rendered":"Escape Room &#8216;Der rasende Reporter&#8217;"},"content":{"rendered":"\r\n<p><\/p>\r\n<h2>Ein einzigartiges Erlebnis<\/h2>\r\n<p>Den Lehrgangsteilnehmern steht jetzt ein einzigartiges Erlebnis ins Haus! Sie betreten einen Raum, in dem eine gro\u00dfe Arena mit verschiedenen funkferngesteuerte Autos zu sehen ist. Jedes Auto hat einzigartige Eigenschaften.<\/p>\r\n<h2>Das Spiel<\/h2>\r\n<p>Am Kopfende der Arena steht ein Monitor. Hierauf ist ein Einf\u00fchrungsfilm zu sehen. Dieser Film l\u00e4uft in einer Schleife. F\u00fcr jeden Lehrgangsteilnehmer steht ein kleiner Safe bereit, der mit einem Zahlenschloss gesichert ist. In jedem dieser kleinen Safes befindet sich die Fernbedienung eines der Autos. Zu einem bestimmten Zeitpunkt dr\u00fcckt der Spielf\u00fchrer auf Start: Das Spiel beginnt. Auf dem Bildschirm kommt der rasende Reporter in seinem Pressebus angefahren. Er gibt den Teilnehmern eine Spielerkl\u00e4rung. Es kommt bald ein Bild mit der Stelle eingeblendet, an der das Auto abgestellt ist. Die Lehrgangsteilnehmer m\u00fcssen diesen Abstellplatz in der Arena reproduzieren. Sobald dies gelungen ist, k\u00f6nnen sie durch Dr\u00fccken der Taste ein Foto an die Redaktion senden. Wenn die Konfiguration korrekt ist, wird die n\u00e4chste Konfiguration angezeigt. Wenn der Abstellplatz nicht korrekt reproduziert worden ist, k\u00f6nnen die Lehrgangsteilnehmer einen neuen Versuch unternehmen.<\/p>\r\n<h2>Gamification<\/h2>\r\n<p>Aber zuerst m\u00fcssen die Lehrgangsteilnehmer Zugang zu ihrer Fernbedienung erhalten. Daf\u00fcr werden die Codes eingeblendet. Aber alle 12 Sekunden \u00e4ndern die Codes ihre Position und ihr Aussehen&#8230; das ist die erste Herausforderung, die die Gruppe zu meistern hat! Nachdem 6 Abstellpl\u00e4tze gut wiedergegeben wurden, ist das Spiel beendet. Im Durchschnitt dauert ein Spiel zwischen 45 Minuten und 120 Minuten, abh\u00e4ngig von der Anzahl der Lehrgangsteilnehmer.<\/p>\r\n<h2>Beurteilung durch den Spielleiter<\/h2>\r\n<p>Die Beurteilung der Fotos erfolgt durch den Spielleiter. Dieser bekommt auf einem iPad das Foto des Abstellplatzes und des gew\u00fcnschten Abstellplatzes zu sehen. Ist das korrekt? Dann best\u00e4tigt der Spielleiter dies dem Teilnehmer. Wenn es nicht korrekt ist: dann erkl\u00e4rt er oder sie den Abstellplatz f\u00fcr nicht korrekt. Die Lehrgangsteilnehmer k\u00f6nnen dann einen neuen Versuch wagen. Falls gew\u00fcnscht, k\u00f6nnen die Charaktere und Umgebungen im Spiel angepasst werden. So passt das Spiel wirklich zu Ihrer Organisation! Ideal f\u00fcr das gemeinsame Kommunikations-, Priorisierungs-, Teamarbeits-, \u00dcbersichts- und Ged\u00e4chtnistraining. So wurde dieser Raum beispielsweise w\u00e4hrend der <a href=\"https:\/\/www.fireware.nl\/de\/portfolio\/7-szenarien-fuer-die-copi-tage-der-sicherheitsregio-flevoland-und-gooi-und-vechtstreek\/\" target=\"_blank\" rel=\"noopener\">COPI-Tage der Sicherheitsregio Flevoland und Gooi- und Vechtstreek<\/a> eingesetzt. Dieser Fluchtraum wird vor Ort an Ihrem Standort aufgebaut.<\/p>\r\n<h2>Sehen Sie sich das Video an<\/h2>\r\n<p><\/p>\r\n<p><iframe src=\"https:\/\/www.youtube.com\/embed\/cM5RmWX66_0?hl=de&amp;cc_lang_pref=de&amp;cc_load_policy=1\" width=\"560\" height=\"315\" frameborder=\"0\" allowfullscreen=\"allowfullscreen\"><\/iframe><\/p>\r\n","protected":false},"excerpt":{"rendered":"<h3>Zusammensetzung:<\/h3>\n<ul>\n<li>Traversenteile<\/li>\n<li>1 x Steuerger\u00e4t<\/li>\n<li>10 x Funkgesteuertes Auto<\/li>\n<li>8 x Box mit Vorh\u00e4ngeschloss<\/li>\n<li>1 x Spielboden und Tuch<\/li>\n<li>1 x Spulensatz<\/li>\n<li>1 x 230 V Kabelsatz<\/li>\n<li>Befestigungsmaterial<\/li>\n<\/ul>\n","protected":false},"featured_media":40031,"template":"","meta":[],"product_brand":[],"product_cat":[2982,3010],"product_tag":[],"class_list":{"0":"post-65844","1":"product","2":"type-product","3":"status-publish","4":"has-post-thumbnail","6":"product_cat-der-rasende-reporter","7":"product_cat-vermietung","9":"first","10":"instock","11":"taxable","12":"shipping-taxable","13":"purchasable","14":"product-type-rentable"},"yoast_head":"<!-- This site is optimized with the Yoast SEO plugin v27.4 - https:\/\/yoast.com\/product\/yoast-seo-wordpress\/ -->\n<title>Escape Room &#039;Der rasende Reporter&#039; - FireWare<\/title>\n<meta name=\"robots\" content=\"index, follow, max-snippet:-1, max-image-preview:large, max-video-preview:-1\" \/>\n<link rel=\"canonical\" href=\"https:\/\/www.fireware.nl\/de\/product\/escape-room-der-rasende-reporter\/\" \/>\n<meta property=\"og:locale\" content=\"de_DE\" \/>\n<meta property=\"og:type\" content=\"article\" \/>\n<meta property=\"og:title\" content=\"Escape Room &#039;Der rasende Reporter&#039; - FireWare\" \/>\n<meta property=\"og:description\" content=\"Zusammensetzung:  Traversenteile 1 x Steuerger\u00e4t 10 x Funkgesteuertes Auto 8 x Box mit Vorh\u00e4ngeschloss 1 x Spielboden und Tuch 1 x Spulensatz 1 x 230 V Kabelsatz Befestigungsmaterial\" \/>\n<meta property=\"og:url\" content=\"https:\/\/www.fireware.nl\/de\/product\/escape-room-der-rasende-reporter\/\" \/>\n<meta property=\"og:site_name\" content=\"FireWare\" \/>\n<meta property=\"article:publisher\" content=\"https:\/\/www.facebook.com\/FireWareBV\/\" \/>\n<meta property=\"article:modified_time\" content=\"2026-04-22T08:23:06+00:00\" \/>\n<meta property=\"og:image\" content=\"https:\/\/www.fireware.nl\/wp-content\/uploads\/2018\/06\/RST-715-101-Speelveld-Razende-Reporter.jpg\" \/>\n\t<meta property=\"og:image:width\" content=\"600\" \/>\n\t<meta property=\"og:image:height\" content=\"600\" \/>\n\t<meta property=\"og:image:type\" content=\"image\/jpeg\" \/>\n<meta name=\"twitter:card\" content=\"summary_large_image\" \/>\n<meta name=\"twitter:site\" content=\"@FireWarebv\" \/>\n<meta name=\"twitter:label1\" content=\"Gesch\u00e4tzte Lesezeit\" \/>\n\t<meta name=\"twitter:data1\" content=\"2\u00a0Minuten\" \/>\n<script type=\"application\/ld+json\" class=\"yoast-schema-graph\">{\"@context\":\"https:\\\/\\\/schema.org\",\"@graph\":[{\"@type\":\"WebPage\",\"@id\":\"https:\\\/\\\/www.fireware.nl\\\/de\\\/product\\\/escape-room-der-rasende-reporter\\\/\",\"url\":\"https:\\\/\\\/www.fireware.nl\\\/de\\\/product\\\/escape-room-der-rasende-reporter\\\/\",\"name\":\"Escape Room 'Der rasende Reporter' - FireWare\",\"isPartOf\":{\"@id\":\"https:\\\/\\\/www.fireware.nl\\\/de\\\/#website\"},\"primaryImageOfPage\":{\"@id\":\"https:\\\/\\\/www.fireware.nl\\\/de\\\/product\\\/escape-room-der-rasende-reporter\\\/#primaryimage\"},\"image\":{\"@id\":\"https:\\\/\\\/www.fireware.nl\\\/de\\\/product\\\/escape-room-der-rasende-reporter\\\/#primaryimage\"},\"thumbnailUrl\":\"https:\\\/\\\/www.fireware.nl\\\/wp-content\\\/uploads\\\/2018\\\/06\\\/RST-715-101-Speelveld-Razende-Reporter.jpg\",\"datePublished\":\"2021-09-21T09:21:58+00:00\",\"dateModified\":\"2026-04-22T08:23:06+00:00\",\"breadcrumb\":{\"@id\":\"https:\\\/\\\/www.fireware.nl\\\/de\\\/product\\\/escape-room-der-rasende-reporter\\\/#breadcrumb\"},\"inLanguage\":\"de\",\"potentialAction\":[{\"@type\":\"ReadAction\",\"target\":[\"https:\\\/\\\/www.fireware.nl\\\/de\\\/product\\\/escape-room-der-rasende-reporter\\\/\"]}]},{\"@type\":\"ImageObject\",\"inLanguage\":\"de\",\"@id\":\"https:\\\/\\\/www.fireware.nl\\\/de\\\/product\\\/escape-room-der-rasende-reporter\\\/#primaryimage\",\"url\":\"https:\\\/\\\/www.fireware.nl\\\/wp-content\\\/uploads\\\/2018\\\/06\\\/RST-715-101-Speelveld-Razende-Reporter.jpg\",\"contentUrl\":\"https:\\\/\\\/www.fireware.nl\\\/wp-content\\\/uploads\\\/2018\\\/06\\\/RST-715-101-Speelveld-Razende-Reporter.jpg\",\"width\":600,\"height\":600},{\"@type\":\"BreadcrumbList\",\"@id\":\"https:\\\/\\\/www.fireware.nl\\\/de\\\/product\\\/escape-room-der-rasende-reporter\\\/#breadcrumb\",\"itemListElement\":[{\"@type\":\"ListItem\",\"position\":1,\"name\":\"Home\",\"item\":\"https:\\\/\\\/www.fireware.nl\\\/de\\\/\"},{\"@type\":\"ListItem\",\"position\":2,\"name\":\"Produkte\",\"item\":\"https:\\\/\\\/www.fireware.nl\\\/de\\\/produkte\\\/\"},{\"@type\":\"ListItem\",\"position\":3,\"name\":\"Escape Room &#8216;Der rasende Reporter&#8217;\"}]},{\"@type\":\"WebSite\",\"@id\":\"https:\\\/\\\/www.fireware.nl\\\/de\\\/#website\",\"url\":\"https:\\\/\\\/www.fireware.nl\\\/de\\\/\",\"name\":\"FireWare\",\"description\":\"CREATING REALISTIC  TRAINING ENVIRONMENTS\",\"publisher\":{\"@id\":\"https:\\\/\\\/www.fireware.nl\\\/de\\\/#organization\"},\"potentialAction\":[{\"@type\":\"SearchAction\",\"target\":{\"@type\":\"EntryPoint\",\"urlTemplate\":\"https:\\\/\\\/www.fireware.nl\\\/de\\\/?s={search_term_string}\"},\"query-input\":{\"@type\":\"PropertyValueSpecification\",\"valueRequired\":true,\"valueName\":\"search_term_string\"}}],\"inLanguage\":\"de\"},{\"@type\":\"Organization\",\"@id\":\"https:\\\/\\\/www.fireware.nl\\\/de\\\/#organization\",\"name\":\"FireWare\",\"url\":\"https:\\\/\\\/www.fireware.nl\\\/de\\\/\",\"logo\":{\"@type\":\"ImageObject\",\"inLanguage\":\"de\",\"@id\":\"https:\\\/\\\/www.fireware.nl\\\/de\\\/#\\\/schema\\\/logo\\\/image\\\/\",\"url\":\"https:\\\/\\\/www.fireware.nl\\\/wp-content\\\/uploads\\\/2018\\\/10\\\/fireware-logo.png\",\"contentUrl\":\"https:\\\/\\\/www.fireware.nl\\\/wp-content\\\/uploads\\\/2018\\\/10\\\/fireware-logo.png\",\"width\":200,\"height\":86,\"caption\":\"FireWare\"},\"image\":{\"@id\":\"https:\\\/\\\/www.fireware.nl\\\/de\\\/#\\\/schema\\\/logo\\\/image\\\/\"},\"sameAs\":[\"https:\\\/\\\/www.facebook.com\\\/FireWareBV\\\/\",\"https:\\\/\\\/x.com\\\/FireWarebv\",\"https:\\\/\\\/www.instagram.com\\\/fireware_nl\\\/\",\"https:\\\/\\\/www.linkedin.com\\\/company\\\/3586017\\\/\",\"https:\\\/\\\/www.youtube.com\\\/user\\\/firesalesrentconsult\"]}]}<\/script>\n<!-- \/ Yoast SEO plugin. -->","yoast_head_json":{"title":"Escape Room 'Der rasende Reporter' - FireWare","robots":{"index":"index","follow":"follow","max-snippet":"max-snippet:-1","max-image-preview":"max-image-preview:large","max-video-preview":"max-video-preview:-1"},"canonical":"https:\/\/www.fireware.nl\/de\/product\/escape-room-der-rasende-reporter\/","og_locale":"de_DE","og_type":"article","og_title":"Escape Room 'Der rasende Reporter' - FireWare","og_description":"Zusammensetzung:  Traversenteile 1 x Steuerger\u00e4t 10 x Funkgesteuertes Auto 8 x Box mit Vorh\u00e4ngeschloss 1 x Spielboden und Tuch 1 x Spulensatz 1 x 230 V Kabelsatz Befestigungsmaterial","og_url":"https:\/\/www.fireware.nl\/de\/product\/escape-room-der-rasende-reporter\/","og_site_name":"FireWare","article_publisher":"https:\/\/www.facebook.com\/FireWareBV\/","article_modified_time":"2026-04-22T08:23:06+00:00","og_image":[{"width":600,"height":600,"url":"https:\/\/www.fireware.nl\/wp-content\/uploads\/2018\/06\/RST-715-101-Speelveld-Razende-Reporter.jpg","type":"image\/jpeg"}],"twitter_card":"summary_large_image","twitter_site":"@FireWarebv","twitter_misc":{"Gesch\u00e4tzte Lesezeit":"2\u00a0Minuten"},"schema":{"@context":"https:\/\/schema.org","@graph":[{"@type":"WebPage","@id":"https:\/\/www.fireware.nl\/de\/product\/escape-room-der-rasende-reporter\/","url":"https:\/\/www.fireware.nl\/de\/product\/escape-room-der-rasende-reporter\/","name":"Escape Room 'Der rasende Reporter' - FireWare","isPartOf":{"@id":"https:\/\/www.fireware.nl\/de\/#website"},"primaryImageOfPage":{"@id":"https:\/\/www.fireware.nl\/de\/product\/escape-room-der-rasende-reporter\/#primaryimage"},"image":{"@id":"https:\/\/www.fireware.nl\/de\/product\/escape-room-der-rasende-reporter\/#primaryimage"},"thumbnailUrl":"https:\/\/www.fireware.nl\/wp-content\/uploads\/2018\/06\/RST-715-101-Speelveld-Razende-Reporter.jpg","datePublished":"2021-09-21T09:21:58+00:00","dateModified":"2026-04-22T08:23:06+00:00","breadcrumb":{"@id":"https:\/\/www.fireware.nl\/de\/product\/escape-room-der-rasende-reporter\/#breadcrumb"},"inLanguage":"de","potentialAction":[{"@type":"ReadAction","target":["https:\/\/www.fireware.nl\/de\/product\/escape-room-der-rasende-reporter\/"]}]},{"@type":"ImageObject","inLanguage":"de","@id":"https:\/\/www.fireware.nl\/de\/product\/escape-room-der-rasende-reporter\/#primaryimage","url":"https:\/\/www.fireware.nl\/wp-content\/uploads\/2018\/06\/RST-715-101-Speelveld-Razende-Reporter.jpg","contentUrl":"https:\/\/www.fireware.nl\/wp-content\/uploads\/2018\/06\/RST-715-101-Speelveld-Razende-Reporter.jpg","width":600,"height":600},{"@type":"BreadcrumbList","@id":"https:\/\/www.fireware.nl\/de\/product\/escape-room-der-rasende-reporter\/#breadcrumb","itemListElement":[{"@type":"ListItem","position":1,"name":"Home","item":"https:\/\/www.fireware.nl\/de\/"},{"@type":"ListItem","position":2,"name":"Produkte","item":"https:\/\/www.fireware.nl\/de\/produkte\/"},{"@type":"ListItem","position":3,"name":"Escape Room &#8216;Der rasende Reporter&#8217;"}]},{"@type":"WebSite","@id":"https:\/\/www.fireware.nl\/de\/#website","url":"https:\/\/www.fireware.nl\/de\/","name":"FireWare","description":"CREATING REALISTIC  TRAINING ENVIRONMENTS","publisher":{"@id":"https:\/\/www.fireware.nl\/de\/#organization"},"potentialAction":[{"@type":"SearchAction","target":{"@type":"EntryPoint","urlTemplate":"https:\/\/www.fireware.nl\/de\/?s={search_term_string}"},"query-input":{"@type":"PropertyValueSpecification","valueRequired":true,"valueName":"search_term_string"}}],"inLanguage":"de"},{"@type":"Organization","@id":"https:\/\/www.fireware.nl\/de\/#organization","name":"FireWare","url":"https:\/\/www.fireware.nl\/de\/","logo":{"@type":"ImageObject","inLanguage":"de","@id":"https:\/\/www.fireware.nl\/de\/#\/schema\/logo\/image\/","url":"https:\/\/www.fireware.nl\/wp-content\/uploads\/2018\/10\/fireware-logo.png","contentUrl":"https:\/\/www.fireware.nl\/wp-content\/uploads\/2018\/10\/fireware-logo.png","width":200,"height":86,"caption":"FireWare"},"image":{"@id":"https:\/\/www.fireware.nl\/de\/#\/schema\/logo\/image\/"},"sameAs":["https:\/\/www.facebook.com\/FireWareBV\/","https:\/\/x.com\/FireWarebv","https:\/\/www.instagram.com\/fireware_nl\/","https:\/\/www.linkedin.com\/company\/3586017\/","https:\/\/www.youtube.com\/user\/firesalesrentconsult"]}]}},"publishpress_future_workflow_manual_trigger":{"enabledWorkflows":[]},"_links":{"self":[{"href":"https:\/\/www.fireware.nl\/de\/wp-json\/wp\/v2\/product\/65844","targetHints":{"allow":["GET"]}}],"collection":[{"href":"https:\/\/www.fireware.nl\/de\/wp-json\/wp\/v2\/product"}],"about":[{"href":"https:\/\/www.fireware.nl\/de\/wp-json\/wp\/v2\/types\/product"}],"wp:featuredmedia":[{"embeddable":true,"href":"https:\/\/www.fireware.nl\/de\/wp-json\/wp\/v2\/media\/40031"}],"wp:attachment":[{"href":"https:\/\/www.fireware.nl\/de\/wp-json\/wp\/v2\/media?parent=65844"}],"wp:term":[{"taxonomy":"product_brand","embeddable":true,"href":"https:\/\/www.fireware.nl\/de\/wp-json\/wp\/v2\/product_brand?post=65844"},{"taxonomy":"product_cat","embeddable":true,"href":"https:\/\/www.fireware.nl\/de\/wp-json\/wp\/v2\/product_cat?post=65844"},{"taxonomy":"product_tag","embeddable":true,"href":"https:\/\/www.fireware.nl\/de\/wp-json\/wp\/v2\/product_tag?post=65844"}],"curies":[{"name":"wp","href":"https:\/\/api.w.org\/{rel}","templated":true}]}}