
{"id":65834,"date":"2021-09-21T09:26:40","date_gmt":"2021-09-21T09:26:40","guid":{"rendered":"https:\/\/www.fireware.nl\/product\/fireware-freiluft-nebelfluid-5l\/"},"modified":"2026-04-14T06:26:57","modified_gmt":"2026-04-14T06:26:57","slug":"nebel-rauchfluid-feuerwehr-extrem-5l","status":"publish","type":"product","link":"https:\/\/www.fireware.nl\/de\/product\/nebel-rauchfluid-feuerwehr-extrem-5l\/","title":{"rendered":"Nebel \/ Rauchfluid Feuerwehr Extrem 5L"},"content":{"rendered":"<p><em>Bestellen Sie Nebelfluid f\u00fcr Ihr Mietprojekt&#8230;<br \/>\n<\/em><em>&#8230;Die spezialisierte Rauchfluid f\u00fcr Simulationen mit gro\u00dfem Rauchbedarf.<\/em><\/p>\n<h2>Die Rauchfluid f\u00fcr Simulationen mit gro\u00dfem Rauchbedarf<\/h2>\n<p>Tunnelbr\u00e4nde, Waldbr\u00e4nde, Industriebr\u00e4nde&#8230; Alle Vorf\u00e4lle, bei denen viel Rauch entsteht. Um solche Vorf\u00e4lle gut zu inszenieren, gibt es die Rauchfluid Feuerwehr Extrem. Zus\u00e4tzlich hat dieses Rauchfluid eine erh\u00f6hte Hitzeresistenz. Ideal f\u00fcr den Einsatz in &#8220;warmen&#8221; \u00dcbungseinrichtungen.<\/p>\n<h2>Lange Standzeit<\/h2>\n<p>Diese Rauchfluid erzeugt einen sehr dichten Rauch, der sich bei geeigneten Wetterbedingungen bis zu 2 km in der Au\u00dfenluft bewegen und sichtbar bleiben kann. Auf diese Weise kann die Kapazit\u00e4t einer Rauchmaschine k\u00fcnstlich erh\u00f6ht werden: Es kommt mehr \u00dcbungsrauch aus der Rauchmaschine heraus, als aufgrund der Leistung zu erwarten w\u00e4re. Ideal f\u00fcr Simulationen mit gro\u00dfem Rauchbedarf wie Waldbr\u00e4nde, Naturbr\u00e4nde und Tunnelbr\u00e4nde.<\/p>\n<h2>Erh\u00f6hte Hitzeresistenz<\/h2>\n<p>Im Vergleich zu anderen FireWare Rauchfluid hat die Rauchfluid Feuerwehr Extrem erh\u00f6hte Hitzeresistenz. Dies bedeutet, dass der Rauch bei h\u00f6heren Temperaturen, beispielsweise in Brand- und R\u00e4uchercontainern, weniger schnell auseinanderf\u00e4llt.<\/p>\n<h2>Spezialisierte Rauchfl\u00fcssigkeit<\/h2>\n<p>FireWare entwickelt seit 20 Jahren Rauchfluid f\u00fcr die Hilfsdienste. Diese letzte Generation spezialisierter Rauchfluid wurde speziell f\u00fcr die Simulation gro\u00dfer Vorf\u00e4lle im Freien entwickelt. Wenn dieses Rauchfluid in Kombination mit einer zu gro\u00dfen Rauchmaschine in einem zu kleinen Raum im Innenbereich verwendet wird, kann es zu Ablagerungen kommen. Bei Verwendung in Innenr\u00e4umen gehen wir davon aus, dass der Szenenbildtechniker sehr gut wei\u00df, was er oder sie tut. In diesem Fall kann das Rauchfluid auch drinnen ohne Ablagerungen verwendet werden.<\/p>\n<h2>Realistisches Bild<\/h2>\n<p>Durch die kompakte und langsame Rauchausbreitung kann dieser Rauchfluid gut f\u00fcr die vertikale Rauchinjektion in Tunneln eingesetzt werden, um eine realistische Rauchschichtbildung zu erzeugen. Aber auch in Kombination mit Zubeh\u00f6r wie dem perforierten Smoke Hose Set eignet sich dieser Rauchfluid gut f\u00fcr die Erzeugung von Rauchlinien bei Naturbrand-Simulationen oder Simulationen eines ausbrechenden Brandes in einem Geb\u00e4ude. Dies erzeugt einen extrem dichten Rauch mit gut kontrollierbarer Geschwindigkeit. Auf diese Weise tr\u00e4gt dieser Rauchfluid zu einer realistischen Simulation bei!<\/p>\n<h2>Die reinste Zutaten<\/h2>\n<p>Die Rauchfluid Feuerwehr Extrem besteht aus den reinsten Zutaten und ist daher eine der sichersten Rauchfluid f\u00fcr Mensch und Maschine, die derzeit erh\u00e4ltlich sind. Eine der Hauptzutaten ist Wasser in seiner reinsten Form!<\/p>\n<h2>Anwendbar in allen modernen Rauchmaschinen<\/h2>\n<p>Rauchfluid Feuerwehr Extrem ist f\u00fcr die Verwendung in den <a href=\"https:\/\/www.fireware.nl\/de\/product\/nebelgerat-nimbo\/\" target=\"_blank\" rel=\"noopener\">Nimbo<\/a>-, <a href=\"https:\/\/www.fireware.nl\/de\/product\/nebelgerat-cumulus\/\" target=\"_blank\" rel=\"noopener\">Cumulus<\/a>&#8211; und <a href=\"https:\/\/www.fireware.nl\/de\/product\/nebelgerat-stratus-2\/\" target=\"_blank\" rel=\"noopener\">Stratus<\/a>-RauchmaschinenDie spezialisierte Rauchfluid f\u00fcr Simulationen mit gro\u00dfem Rauchbedarf\u00a0geeignet. Aber auch in allen modernen Wasser-Glycol-Rauchmaschinen funktioniert dieser Rauchfluid. Dieser Rauchfluid ist in 5-Liter-F\u00e4ssern, 200-Liter-F\u00e4ssern und 1000-Liter-IBC-Beh\u00e4ltern erh\u00e4ltlich. Rauchfluid Feuerwehr Extrem ist der neue Name f\u00fcr das FireWare Outdoor Rauchfluid.<\/p>\n<h2>Horizontal \/ vertikal oder durch eine Smoke Hose<\/h2>\n<p>Dieser Rauchfluid l\u00e4sst sich problemlos horizontal und vertikal einsetzen. Die Rauchfluid Feuerwehr Extremkann auch durch ein <a href=\"https:\/\/www.fireware.nl\/de\/product\/smoke-hose-set-perforiert-2\/\" target=\"_blank\" rel=\"noopener\">perforiertes Smoke Hose Set<\/a> oder ein dichtes <a href=\"https:\/\/www.fireware.nl\/de\/product\/smoke-hose-set-2\/\" target=\"_blank\" rel=\"noopener\">Smoke Hose Set<\/a> verlaufen, um eine Linienquelle zu simulieren. Sehen Sie sich die Videos auf unserer Website an, um die Effekte zu beurteilen!<\/p>\n<h2>Leichterer Rauch ben\u00f6tigt?<\/h2>\n<p>Neben der Rauchfluid Feuerwehr Extrem gibt es auch noch die <a href=\"https:\/\/www.fireware.nl\/de\/product\/fireware-leicht-nebelfluid-5l\/\" target=\"_blank\" rel=\"noopener\">Rauchfluid Brandschutz\u00fcbung<\/a>, <a href=\"https:\/\/www.fireware.nl\/de\/product\/fireware-mittel-nebelfluid-5l\/\" target=\"_blank\" rel=\"noopener\">Rauchfluid Feuerwehr Universal<\/a> und <a href=\"https:\/\/www.fireware.nl\/de\/product\/fireware-schwer-nebelfluid-5l\/\" target=\"_blank\" rel=\"noopener\">Rauchfluid Feuerwehr Intensiv<\/a>. Jeder f\u00fcr eine andere Anwendung in den Hilfsdiensten!<\/p>\n","protected":false},"excerpt":{"rendered":"<ul>\n<li><strong>Der neue Name f\u00fcr das\u00a0FireWare Outdoor Rauchfluids.<\/strong><\/li>\n<\/ul>\n","protected":false},"featured_media":0,"template":"","meta":[],"product_brand":[],"product_cat":[71,70],"product_tag":[],"class_list":{"0":"post-65834","1":"product","2":"type-product","3":"status-publish","5":"product_cat-loeschtrainer","6":"product_cat-simulateurs-dincendie","8":"first","9":"instock","10":"taxable","11":"shipping-taxable","12":"purchasable","13":"product-type-rentable"},"yoast_head":"<!-- This site is optimized with the Yoast SEO plugin v27.4 - https:\/\/yoast.com\/product\/yoast-seo-wordpress\/ -->\n<title>Nebel \/ Rauchfluid Feuerwehr Extrem 5L - FireWare<\/title>\n<meta name=\"robots\" content=\"index, follow, max-snippet:-1, max-image-preview:large, max-video-preview:-1\" \/>\n<link rel=\"canonical\" href=\"https:\/\/www.fireware.nl\/de\/product\/nebel-rauchfluid-feuerwehr-extrem-5l\/\" \/>\n<meta property=\"og:locale\" content=\"de_DE\" \/>\n<meta property=\"og:type\" content=\"article\" \/>\n<meta property=\"og:title\" content=\"Nebel \/ Rauchfluid Feuerwehr Extrem 5L - FireWare\" \/>\n<meta property=\"og:description\" content=\"Der neue Name f\u00fcr das\u00a0FireWare Outdoor Rauchfluids.\" \/>\n<meta property=\"og:url\" content=\"https:\/\/www.fireware.nl\/de\/product\/nebel-rauchfluid-feuerwehr-extrem-5l\/\" \/>\n<meta property=\"og:site_name\" content=\"FireWare\" \/>\n<meta property=\"article:publisher\" content=\"https:\/\/www.facebook.com\/FireWareBV\/\" \/>\n<meta property=\"article:modified_time\" content=\"2026-04-14T06:26:57+00:00\" \/>\n<meta property=\"og:image\" content=\"https:\/\/www.fireware.nl\/wp-content\/uploads\/2023\/07\/20230608_Rookvloeistof_Extreem_001.jpg\" \/>\n\t<meta property=\"og:image:width\" content=\"600\" \/>\n\t<meta property=\"og:image:height\" content=\"600\" \/>\n\t<meta property=\"og:image:type\" content=\"image\/jpeg\" \/>\n<meta name=\"twitter:card\" content=\"summary_large_image\" \/>\n<meta name=\"twitter:site\" content=\"@FireWarebv\" \/>\n<meta name=\"twitter:label1\" content=\"Gesch\u00e4tzte Lesezeit\" \/>\n\t<meta name=\"twitter:data1\" content=\"3\u00a0Minuten\" \/>\n<script type=\"application\/ld+json\" class=\"yoast-schema-graph\">{\"@context\":\"https:\\\/\\\/schema.org\",\"@graph\":[{\"@type\":\"WebPage\",\"@id\":\"https:\\\/\\\/www.fireware.nl\\\/de\\\/product\\\/nebel-rauchfluid-feuerwehr-extrem-5l\\\/\",\"url\":\"https:\\\/\\\/www.fireware.nl\\\/de\\\/product\\\/nebel-rauchfluid-feuerwehr-extrem-5l\\\/\",\"name\":\"Nebel \\\/ Rauchfluid Feuerwehr Extrem 5L - FireWare\",\"isPartOf\":{\"@id\":\"https:\\\/\\\/www.fireware.nl\\\/de\\\/#website\"},\"datePublished\":\"2021-09-21T09:26:40+00:00\",\"dateModified\":\"2026-04-14T06:26:57+00:00\",\"breadcrumb\":{\"@id\":\"https:\\\/\\\/www.fireware.nl\\\/de\\\/product\\\/nebel-rauchfluid-feuerwehr-extrem-5l\\\/#breadcrumb\"},\"inLanguage\":\"de\",\"potentialAction\":[{\"@type\":\"ReadAction\",\"target\":[\"https:\\\/\\\/www.fireware.nl\\\/de\\\/product\\\/nebel-rauchfluid-feuerwehr-extrem-5l\\\/\"]}]},{\"@type\":\"BreadcrumbList\",\"@id\":\"https:\\\/\\\/www.fireware.nl\\\/de\\\/product\\\/nebel-rauchfluid-feuerwehr-extrem-5l\\\/#breadcrumb\",\"itemListElement\":[{\"@type\":\"ListItem\",\"position\":1,\"name\":\"Home\",\"item\":\"https:\\\/\\\/www.fireware.nl\\\/de\\\/\"},{\"@type\":\"ListItem\",\"position\":2,\"name\":\"Produkte\",\"item\":\"https:\\\/\\\/www.fireware.nl\\\/de\\\/produkte\\\/\"},{\"@type\":\"ListItem\",\"position\":3,\"name\":\"Nebel \\\/ Rauchfluid Feuerwehr Extrem 5L\"}]},{\"@type\":\"WebSite\",\"@id\":\"https:\\\/\\\/www.fireware.nl\\\/de\\\/#website\",\"url\":\"https:\\\/\\\/www.fireware.nl\\\/de\\\/\",\"name\":\"FireWare\",\"description\":\"CREATING REALISTIC  TRAINING ENVIRONMENTS\",\"publisher\":{\"@id\":\"https:\\\/\\\/www.fireware.nl\\\/de\\\/#organization\"},\"potentialAction\":[{\"@type\":\"SearchAction\",\"target\":{\"@type\":\"EntryPoint\",\"urlTemplate\":\"https:\\\/\\\/www.fireware.nl\\\/de\\\/?s={search_term_string}\"},\"query-input\":{\"@type\":\"PropertyValueSpecification\",\"valueRequired\":true,\"valueName\":\"search_term_string\"}}],\"inLanguage\":\"de\"},{\"@type\":\"Organization\",\"@id\":\"https:\\\/\\\/www.fireware.nl\\\/de\\\/#organization\",\"name\":\"FireWare\",\"url\":\"https:\\\/\\\/www.fireware.nl\\\/de\\\/\",\"logo\":{\"@type\":\"ImageObject\",\"inLanguage\":\"de\",\"@id\":\"https:\\\/\\\/www.fireware.nl\\\/de\\\/#\\\/schema\\\/logo\\\/image\\\/\",\"url\":\"https:\\\/\\\/www.fireware.nl\\\/wp-content\\\/uploads\\\/2018\\\/10\\\/fireware-logo.png\",\"contentUrl\":\"https:\\\/\\\/www.fireware.nl\\\/wp-content\\\/uploads\\\/2018\\\/10\\\/fireware-logo.png\",\"width\":200,\"height\":86,\"caption\":\"FireWare\"},\"image\":{\"@id\":\"https:\\\/\\\/www.fireware.nl\\\/de\\\/#\\\/schema\\\/logo\\\/image\\\/\"},\"sameAs\":[\"https:\\\/\\\/www.facebook.com\\\/FireWareBV\\\/\",\"https:\\\/\\\/x.com\\\/FireWarebv\",\"https:\\\/\\\/www.instagram.com\\\/fireware_nl\\\/\",\"https:\\\/\\\/www.linkedin.com\\\/company\\\/3586017\\\/\",\"https:\\\/\\\/www.youtube.com\\\/user\\\/firesalesrentconsult\"]}]}<\/script>\n<!-- \/ Yoast SEO plugin. -->","yoast_head_json":{"title":"Nebel \/ Rauchfluid Feuerwehr Extrem 5L - FireWare","robots":{"index":"index","follow":"follow","max-snippet":"max-snippet:-1","max-image-preview":"max-image-preview:large","max-video-preview":"max-video-preview:-1"},"canonical":"https:\/\/www.fireware.nl\/de\/product\/nebel-rauchfluid-feuerwehr-extrem-5l\/","og_locale":"de_DE","og_type":"article","og_title":"Nebel \/ Rauchfluid Feuerwehr Extrem 5L - FireWare","og_description":"Der neue Name f\u00fcr das\u00a0FireWare Outdoor Rauchfluids.","og_url":"https:\/\/www.fireware.nl\/de\/product\/nebel-rauchfluid-feuerwehr-extrem-5l\/","og_site_name":"FireWare","article_publisher":"https:\/\/www.facebook.com\/FireWareBV\/","article_modified_time":"2026-04-14T06:26:57+00:00","og_image":[{"width":600,"height":600,"url":"https:\/\/www.fireware.nl\/wp-content\/uploads\/2023\/07\/20230608_Rookvloeistof_Extreem_001.jpg","type":"image\/jpeg"}],"twitter_card":"summary_large_image","twitter_site":"@FireWarebv","twitter_misc":{"Gesch\u00e4tzte Lesezeit":"3\u00a0Minuten"},"schema":{"@context":"https:\/\/schema.org","@graph":[{"@type":"WebPage","@id":"https:\/\/www.fireware.nl\/de\/product\/nebel-rauchfluid-feuerwehr-extrem-5l\/","url":"https:\/\/www.fireware.nl\/de\/product\/nebel-rauchfluid-feuerwehr-extrem-5l\/","name":"Nebel \/ Rauchfluid Feuerwehr Extrem 5L - FireWare","isPartOf":{"@id":"https:\/\/www.fireware.nl\/de\/#website"},"datePublished":"2021-09-21T09:26:40+00:00","dateModified":"2026-04-14T06:26:57+00:00","breadcrumb":{"@id":"https:\/\/www.fireware.nl\/de\/product\/nebel-rauchfluid-feuerwehr-extrem-5l\/#breadcrumb"},"inLanguage":"de","potentialAction":[{"@type":"ReadAction","target":["https:\/\/www.fireware.nl\/de\/product\/nebel-rauchfluid-feuerwehr-extrem-5l\/"]}]},{"@type":"BreadcrumbList","@id":"https:\/\/www.fireware.nl\/de\/product\/nebel-rauchfluid-feuerwehr-extrem-5l\/#breadcrumb","itemListElement":[{"@type":"ListItem","position":1,"name":"Home","item":"https:\/\/www.fireware.nl\/de\/"},{"@type":"ListItem","position":2,"name":"Produkte","item":"https:\/\/www.fireware.nl\/de\/produkte\/"},{"@type":"ListItem","position":3,"name":"Nebel \/ Rauchfluid Feuerwehr Extrem 5L"}]},{"@type":"WebSite","@id":"https:\/\/www.fireware.nl\/de\/#website","url":"https:\/\/www.fireware.nl\/de\/","name":"FireWare","description":"CREATING REALISTIC  TRAINING ENVIRONMENTS","publisher":{"@id":"https:\/\/www.fireware.nl\/de\/#organization"},"potentialAction":[{"@type":"SearchAction","target":{"@type":"EntryPoint","urlTemplate":"https:\/\/www.fireware.nl\/de\/?s={search_term_string}"},"query-input":{"@type":"PropertyValueSpecification","valueRequired":true,"valueName":"search_term_string"}}],"inLanguage":"de"},{"@type":"Organization","@id":"https:\/\/www.fireware.nl\/de\/#organization","name":"FireWare","url":"https:\/\/www.fireware.nl\/de\/","logo":{"@type":"ImageObject","inLanguage":"de","@id":"https:\/\/www.fireware.nl\/de\/#\/schema\/logo\/image\/","url":"https:\/\/www.fireware.nl\/wp-content\/uploads\/2018\/10\/fireware-logo.png","contentUrl":"https:\/\/www.fireware.nl\/wp-content\/uploads\/2018\/10\/fireware-logo.png","width":200,"height":86,"caption":"FireWare"},"image":{"@id":"https:\/\/www.fireware.nl\/de\/#\/schema\/logo\/image\/"},"sameAs":["https:\/\/www.facebook.com\/FireWareBV\/","https:\/\/x.com\/FireWarebv","https:\/\/www.instagram.com\/fireware_nl\/","https:\/\/www.linkedin.com\/company\/3586017\/","https:\/\/www.youtube.com\/user\/firesalesrentconsult"]}]}},"publishpress_future_workflow_manual_trigger":{"enabledWorkflows":[]},"_links":{"self":[{"href":"https:\/\/www.fireware.nl\/de\/wp-json\/wp\/v2\/product\/65834","targetHints":{"allow":["GET"]}}],"collection":[{"href":"https:\/\/www.fireware.nl\/de\/wp-json\/wp\/v2\/product"}],"about":[{"href":"https:\/\/www.fireware.nl\/de\/wp-json\/wp\/v2\/types\/product"}],"wp:attachment":[{"href":"https:\/\/www.fireware.nl\/de\/wp-json\/wp\/v2\/media?parent=65834"}],"wp:term":[{"taxonomy":"product_brand","embeddable":true,"href":"https:\/\/www.fireware.nl\/de\/wp-json\/wp\/v2\/product_brand?post=65834"},{"taxonomy":"product_cat","embeddable":true,"href":"https:\/\/www.fireware.nl\/de\/wp-json\/wp\/v2\/product_cat?post=65834"},{"taxonomy":"product_tag","embeddable":true,"href":"https:\/\/www.fireware.nl\/de\/wp-json\/wp\/v2\/product_tag?post=65834"}],"curies":[{"name":"wp","href":"https:\/\/api.w.org\/{rel}","templated":true}]}}