
{"id":65830,"date":"2021-09-21T09:28:27","date_gmt":"2021-09-21T09:28:27","guid":{"rendered":"https:\/\/www.fireware.nl\/product\/fireware-mittel-nebelfluid-5l\/"},"modified":"2026-04-19T18:03:32","modified_gmt":"2026-04-19T18:03:32","slug":"nebel-rauchfluid-feuerwehr-universal-5l","status":"publish","type":"product","link":"https:\/\/www.fireware.nl\/de\/product\/nebel-rauchfluid-feuerwehr-universal-5l\/","title":{"rendered":"Nebel \/ Rauchfluid Feuerwehr Universal 5L"},"content":{"rendered":"<p><em>Bestellen Sie Nebelfluid f\u00fcr Ihr Mietprojekt&#8230;<br \/>\n<\/em><em>&#8230;Ein universelles Rauchfluid f\u00fcr Feuerwehr\u00fcbungen.<\/em><\/p>\n<h2>Superrealistische Simulationen ohne Aufwand<\/h2>\n<p>Wohnungen, B\u00fcros, Technikr\u00e4ume, Werkst\u00e4tten&#8230; Dies sind die R\u00e4ume, in denen die meisten Brand- und Evakuierungs\u00fcbungen stattfinden. Mit dem Rookvloeistof Rauchfluid Feuerwehr Universal lassen sich in solchen R\u00e4umen extrem realistische Rauchbilder erzeugen, ohne R\u00fcckst\u00e4nde zu hinterlassen!<\/p>\n<h2>Ideal f\u00fcr vertikalen Rauchaufbau<\/h2>\n<p>Jeder Feuerwehrmann und jede Feuerwehrfrau wei\u00df, dass warme Luft und Hitze nach oben steigen. Dennoch werden die meisten Rauchmaschinen horizontal verwendet. Das Rauchfluid Rauchfluid Feuerwehr Universal wurde speziell entwickelt, um auch vertikal verwendet werden zu k\u00f6nnen. Durch die einzigartige Zusammensetzung erzeugt dieser \u00dcbungsrauch eine hohe Dichte und maximale Kontrolle \u00fcber die Geschwindigkeit der Rauchkolonne bei Verwendung einer Cumulus- oder Stratus-Rauchmaschine. Dadurch k\u00f6nnen extrem realistische Rauchbilder erzeugt werden! Bei richtiger Anwendung und unter den richtigen Bedingungen entsteht sogar die optische Illusion von schwarzem Rauch.<\/p>\n<h2>Perfekter Reflexionswert f\u00fcr Flammensimulation<\/h2>\n<p>Neben der Simulation von Rauchbildern wird \u00dcbungsrauch auch als Projektionsfl\u00e4che f\u00fcr die Simulation von Brandherden verwendet. Dieses Rauchfluid wurde speziell entwickelt, um die perfekten Reflexionseigenschaften f\u00fcr eine sch\u00f6ne Brandsimulation in mittelgro\u00dfen R\u00e4umen zu haben.<\/p>\n<h2>IBGS &#8211; CBRNe \u2013 HAZMAT<\/h2>\n<p>Innerhalb von Feuerwehrorganisationen wird dieses Fluid auch f\u00fcr die Simulation von Unf\u00e4llen mit gef\u00e4hrlichen Stoffen und HAZMAT-\/CBRNe-Zwischenf\u00e4llen eingesetzt. Denken Sie an das Auslaufen von D\u00e4mpfen und die Simulation chemischer Reaktionen. Aufgrund der Struktur des Rauchs verfliegt dieser sehr realistisch in der Au\u00dfenluft. Die D\u00e4mpfe und Wolken sind jedoch dichter als die des Brandschutz\u00fcbung.<\/p>\n<h2>Optimales Preis-Leistungs-Verh\u00e4ltnis<\/h2>\n<p>Das Rauchfluid Feuerwehr Universal ist ein Rauchfluid, das f\u00fcr die meisten Simulationen perfekt geeignet ist. Aufgrund seines g\u00fcnstigen Preis-Leistungs-Verh\u00e4ltnisses ist dies das meistverwendete FireWare Rauchfluid in der Rettungsdienstbranche. Und wenn einmal mehr ben\u00f6tigt wird? Dann schauen Sie sich die Rauchfl\u00fcssigkeiten Rauchfluid Feuerwehr Intensiv und Brandweer Extreem an.<\/p>\n<h2>Keine R\u00fcckst\u00e4nde<\/h2>\n<p>FireWare entwickelt seit 20 Jahren Rauchfl\u00fcssigkeiten f\u00fcr die Rettungsdienstbranche. Diese neueste Generation von Rauchfl\u00fcssigkeit wurde so entwickelt, dass sie bei sachgem\u00e4\u00dfer Anwendung keine R\u00fcckst\u00e4nde hinterl\u00e4sst und dennoch in der Lage ist, ein sehr realistisches Rauch- oder Dampfbild zu simulieren.<\/p>\n<h2>Die reinste Zusammensetzung<\/h2>\n<p>Das Rauchfluid Feuerwehr Universal besteht aus den reinsten Inhaltsstoffen und ist daher eine der sichersten Rauchfl\u00fcssigkeiten f\u00fcr Mensch und Maschine, die derzeit erh\u00e4ltlich sind. Einer der Hauptbestandteile ist Wasser in seiner reinsten Form!<\/p>\n<h2>Anwendbar in allen modernen Rauchmaschinen<\/h2>\n<p>Rauchfluid Feuerwehr Universal kann in den <a href=\"https:\/\/www.fireware.nl\/de\/produkt\/nebelmaschine-nimbo\/\" target=\"_blank\" rel=\"noopener\">Nimbo<\/a>, <a href=\"https:\/\/www.fireware.nl\/de\/produkt\/nebelmaschine-cumulus\/\" target=\"_blank\" rel=\"noopener\">Cumulus<\/a> und <a href=\"https:\/\/www.fireware.nl\/de\/produkt\/nebelmaschine-stratus\/\" target=\"_blank\" rel=\"noopener\">Stratus<\/a> Rauchmaschinen verwendet werden. Aber auch in allen modernen Wasser-Glykol-Rauchmaschinen funktioniert dieses Rauchfluid. Es ist in 5-Liter-F\u00e4ssern, 200-Liter-F\u00e4ssern und 1000-Liter-IBC-Beh\u00e4ltern erh\u00e4ltlich. Rauchfluid Feuerwehr Universal ist der neue Name f\u00fcr das FireWare Medium Rauchfluid.<\/p>\n<h2>Horizontal\/Vertikal oder durch einen Smoke Hose<\/h2>\n<p>Dieses Rauchfluid l\u00e4sst sich problemlos horizontal und vertikal anwenden. Die Rauchfluid Feuerwehr Universal kann auch durch ein <a href=\"https:\/\/www.fireware.nl\/de\/product\/smoke-hose-set-perforiert\/\" target=\"_blank\" rel=\"noopener\">Smoke Hose-Set perforiert<\/a> oder mit einem <a href=\"https:\/\/www.fireware.nl\/de\/product\/smoke-hose-set\/\" target=\"_blank\" rel=\"noopener\">Smoke Hose-Set verschlossen<\/a> werden, um eine Linienquelle zu simulieren. Sehen Sie sich die Videos auf unserer Website an, um die Effekte zu beurteilen!<\/p>\n<h2>Leichtere oder dichtere Rauch ben\u00f6tigt?<\/h2>\n<p>Neben dem Rauchfluid Feuerwehr Universal gibt es auch noch die <a href=\"https:\/\/www.fireware.nl\/de\/product\/leicht-nebelfluid\/\" target=\"_blank\" rel=\"noopener\">Rauchfluid Brandschutz\u00fcbung<\/a>, <a href=\"https:\/\/www.fireware.nl\/product\/heavy-rookvloeistof\/\" target=\"_blank\" rel=\"noopener\">Rauchfluid Feuerwehr Intensiv<\/a> und<a href=\"https:\/\/www.fireware.nl\/fr\/product\/fumigene-de-exterieur\/\" target=\"_blank\" rel=\"noopener\"> Rauchfluid Feuerwehr Extrem<\/a>. Jede f\u00fcr eine andere Anwendung in der Rettungsdienstbranche!<\/p>\n","protected":false},"excerpt":{"rendered":"<ul>\n<li><strong>Der neue Name f\u00fcr das FireWare Medium Rauchfluid.<\/strong><\/li>\n<\/ul>\n","protected":false},"featured_media":0,"template":"","meta":[],"product_brand":[],"product_cat":[71,70],"product_tag":[],"class_list":{"0":"post-65830","1":"product","2":"type-product","3":"status-publish","5":"product_cat-loeschtrainer","6":"product_cat-simulateurs-dincendie","8":"first","9":"onbackorder","10":"taxable","11":"shipping-taxable","12":"purchasable","13":"product-type-rentable"},"yoast_head":"<!-- This site is optimized with the Yoast SEO plugin v27.4 - https:\/\/yoast.com\/product\/yoast-seo-wordpress\/ -->\n<title>Nebel \/ Rauchfluid Feuerwehr Universal 5L - FireWare<\/title>\n<meta name=\"robots\" content=\"index, follow, max-snippet:-1, max-image-preview:large, max-video-preview:-1\" \/>\n<link rel=\"canonical\" href=\"https:\/\/www.fireware.nl\/de\/product\/nebel-rauchfluid-feuerwehr-universal-5l\/\" \/>\n<meta property=\"og:locale\" content=\"de_DE\" \/>\n<meta property=\"og:type\" content=\"article\" \/>\n<meta property=\"og:title\" content=\"Nebel \/ Rauchfluid Feuerwehr Universal 5L - FireWare\" \/>\n<meta property=\"og:description\" content=\"Der neue Name f\u00fcr das FireWare Medium Rauchfluid.\" \/>\n<meta property=\"og:url\" content=\"https:\/\/www.fireware.nl\/de\/product\/nebel-rauchfluid-feuerwehr-universal-5l\/\" \/>\n<meta property=\"og:site_name\" content=\"FireWare\" \/>\n<meta property=\"article:publisher\" content=\"https:\/\/www.facebook.com\/FireWareBV\/\" \/>\n<meta property=\"article:modified_time\" content=\"2026-04-19T18:03:32+00:00\" \/>\n<meta property=\"og:image\" content=\"https:\/\/www.fireware.nl\/wp-content\/uploads\/2023\/07\/20230608_Rookvloeistof_Universeel_001.jpg\" \/>\n\t<meta property=\"og:image:width\" content=\"600\" \/>\n\t<meta property=\"og:image:height\" content=\"600\" \/>\n\t<meta property=\"og:image:type\" content=\"image\/jpeg\" \/>\n<meta name=\"twitter:card\" content=\"summary_large_image\" \/>\n<meta name=\"twitter:site\" content=\"@FireWarebv\" \/>\n<meta name=\"twitter:label1\" content=\"Gesch\u00e4tzte Lesezeit\" \/>\n\t<meta name=\"twitter:data1\" content=\"3\u00a0Minuten\" \/>\n<script type=\"application\/ld+json\" class=\"yoast-schema-graph\">{\"@context\":\"https:\\\/\\\/schema.org\",\"@graph\":[{\"@type\":\"WebPage\",\"@id\":\"https:\\\/\\\/www.fireware.nl\\\/de\\\/product\\\/nebel-rauchfluid-feuerwehr-universal-5l\\\/\",\"url\":\"https:\\\/\\\/www.fireware.nl\\\/de\\\/product\\\/nebel-rauchfluid-feuerwehr-universal-5l\\\/\",\"name\":\"Nebel \\\/ Rauchfluid Feuerwehr Universal 5L - FireWare\",\"isPartOf\":{\"@id\":\"https:\\\/\\\/www.fireware.nl\\\/de\\\/#website\"},\"datePublished\":\"2021-09-21T09:28:27+00:00\",\"dateModified\":\"2026-04-19T18:03:32+00:00\",\"breadcrumb\":{\"@id\":\"https:\\\/\\\/www.fireware.nl\\\/de\\\/product\\\/nebel-rauchfluid-feuerwehr-universal-5l\\\/#breadcrumb\"},\"inLanguage\":\"de\",\"potentialAction\":[{\"@type\":\"ReadAction\",\"target\":[\"https:\\\/\\\/www.fireware.nl\\\/de\\\/product\\\/nebel-rauchfluid-feuerwehr-universal-5l\\\/\"]}]},{\"@type\":\"BreadcrumbList\",\"@id\":\"https:\\\/\\\/www.fireware.nl\\\/de\\\/product\\\/nebel-rauchfluid-feuerwehr-universal-5l\\\/#breadcrumb\",\"itemListElement\":[{\"@type\":\"ListItem\",\"position\":1,\"name\":\"Home\",\"item\":\"https:\\\/\\\/www.fireware.nl\\\/de\\\/\"},{\"@type\":\"ListItem\",\"position\":2,\"name\":\"Produkte\",\"item\":\"https:\\\/\\\/www.fireware.nl\\\/de\\\/produkte\\\/\"},{\"@type\":\"ListItem\",\"position\":3,\"name\":\"Nebel \\\/ Rauchfluid Feuerwehr Universal 5L\"}]},{\"@type\":\"WebSite\",\"@id\":\"https:\\\/\\\/www.fireware.nl\\\/de\\\/#website\",\"url\":\"https:\\\/\\\/www.fireware.nl\\\/de\\\/\",\"name\":\"FireWare\",\"description\":\"CREATING REALISTIC  TRAINING ENVIRONMENTS\",\"publisher\":{\"@id\":\"https:\\\/\\\/www.fireware.nl\\\/de\\\/#organization\"},\"potentialAction\":[{\"@type\":\"SearchAction\",\"target\":{\"@type\":\"EntryPoint\",\"urlTemplate\":\"https:\\\/\\\/www.fireware.nl\\\/de\\\/?s={search_term_string}\"},\"query-input\":{\"@type\":\"PropertyValueSpecification\",\"valueRequired\":true,\"valueName\":\"search_term_string\"}}],\"inLanguage\":\"de\"},{\"@type\":\"Organization\",\"@id\":\"https:\\\/\\\/www.fireware.nl\\\/de\\\/#organization\",\"name\":\"FireWare\",\"url\":\"https:\\\/\\\/www.fireware.nl\\\/de\\\/\",\"logo\":{\"@type\":\"ImageObject\",\"inLanguage\":\"de\",\"@id\":\"https:\\\/\\\/www.fireware.nl\\\/de\\\/#\\\/schema\\\/logo\\\/image\\\/\",\"url\":\"https:\\\/\\\/www.fireware.nl\\\/wp-content\\\/uploads\\\/2018\\\/10\\\/fireware-logo.png\",\"contentUrl\":\"https:\\\/\\\/www.fireware.nl\\\/wp-content\\\/uploads\\\/2018\\\/10\\\/fireware-logo.png\",\"width\":200,\"height\":86,\"caption\":\"FireWare\"},\"image\":{\"@id\":\"https:\\\/\\\/www.fireware.nl\\\/de\\\/#\\\/schema\\\/logo\\\/image\\\/\"},\"sameAs\":[\"https:\\\/\\\/www.facebook.com\\\/FireWareBV\\\/\",\"https:\\\/\\\/x.com\\\/FireWarebv\",\"https:\\\/\\\/www.instagram.com\\\/fireware_nl\\\/\",\"https:\\\/\\\/www.linkedin.com\\\/company\\\/3586017\\\/\",\"https:\\\/\\\/www.youtube.com\\\/user\\\/firesalesrentconsult\"]}]}<\/script>\n<!-- \/ Yoast SEO plugin. -->","yoast_head_json":{"title":"Nebel \/ Rauchfluid Feuerwehr Universal 5L - FireWare","robots":{"index":"index","follow":"follow","max-snippet":"max-snippet:-1","max-image-preview":"max-image-preview:large","max-video-preview":"max-video-preview:-1"},"canonical":"https:\/\/www.fireware.nl\/de\/product\/nebel-rauchfluid-feuerwehr-universal-5l\/","og_locale":"de_DE","og_type":"article","og_title":"Nebel \/ Rauchfluid Feuerwehr Universal 5L - FireWare","og_description":"Der neue Name f\u00fcr das FireWare Medium Rauchfluid.","og_url":"https:\/\/www.fireware.nl\/de\/product\/nebel-rauchfluid-feuerwehr-universal-5l\/","og_site_name":"FireWare","article_publisher":"https:\/\/www.facebook.com\/FireWareBV\/","article_modified_time":"2026-04-19T18:03:32+00:00","og_image":[{"width":600,"height":600,"url":"https:\/\/www.fireware.nl\/wp-content\/uploads\/2023\/07\/20230608_Rookvloeistof_Universeel_001.jpg","type":"image\/jpeg"}],"twitter_card":"summary_large_image","twitter_site":"@FireWarebv","twitter_misc":{"Gesch\u00e4tzte Lesezeit":"3\u00a0Minuten"},"schema":{"@context":"https:\/\/schema.org","@graph":[{"@type":"WebPage","@id":"https:\/\/www.fireware.nl\/de\/product\/nebel-rauchfluid-feuerwehr-universal-5l\/","url":"https:\/\/www.fireware.nl\/de\/product\/nebel-rauchfluid-feuerwehr-universal-5l\/","name":"Nebel \/ Rauchfluid Feuerwehr Universal 5L - FireWare","isPartOf":{"@id":"https:\/\/www.fireware.nl\/de\/#website"},"datePublished":"2021-09-21T09:28:27+00:00","dateModified":"2026-04-19T18:03:32+00:00","breadcrumb":{"@id":"https:\/\/www.fireware.nl\/de\/product\/nebel-rauchfluid-feuerwehr-universal-5l\/#breadcrumb"},"inLanguage":"de","potentialAction":[{"@type":"ReadAction","target":["https:\/\/www.fireware.nl\/de\/product\/nebel-rauchfluid-feuerwehr-universal-5l\/"]}]},{"@type":"BreadcrumbList","@id":"https:\/\/www.fireware.nl\/de\/product\/nebel-rauchfluid-feuerwehr-universal-5l\/#breadcrumb","itemListElement":[{"@type":"ListItem","position":1,"name":"Home","item":"https:\/\/www.fireware.nl\/de\/"},{"@type":"ListItem","position":2,"name":"Produkte","item":"https:\/\/www.fireware.nl\/de\/produkte\/"},{"@type":"ListItem","position":3,"name":"Nebel \/ Rauchfluid Feuerwehr Universal 5L"}]},{"@type":"WebSite","@id":"https:\/\/www.fireware.nl\/de\/#website","url":"https:\/\/www.fireware.nl\/de\/","name":"FireWare","description":"CREATING REALISTIC  TRAINING ENVIRONMENTS","publisher":{"@id":"https:\/\/www.fireware.nl\/de\/#organization"},"potentialAction":[{"@type":"SearchAction","target":{"@type":"EntryPoint","urlTemplate":"https:\/\/www.fireware.nl\/de\/?s={search_term_string}"},"query-input":{"@type":"PropertyValueSpecification","valueRequired":true,"valueName":"search_term_string"}}],"inLanguage":"de"},{"@type":"Organization","@id":"https:\/\/www.fireware.nl\/de\/#organization","name":"FireWare","url":"https:\/\/www.fireware.nl\/de\/","logo":{"@type":"ImageObject","inLanguage":"de","@id":"https:\/\/www.fireware.nl\/de\/#\/schema\/logo\/image\/","url":"https:\/\/www.fireware.nl\/wp-content\/uploads\/2018\/10\/fireware-logo.png","contentUrl":"https:\/\/www.fireware.nl\/wp-content\/uploads\/2018\/10\/fireware-logo.png","width":200,"height":86,"caption":"FireWare"},"image":{"@id":"https:\/\/www.fireware.nl\/de\/#\/schema\/logo\/image\/"},"sameAs":["https:\/\/www.facebook.com\/FireWareBV\/","https:\/\/x.com\/FireWarebv","https:\/\/www.instagram.com\/fireware_nl\/","https:\/\/www.linkedin.com\/company\/3586017\/","https:\/\/www.youtube.com\/user\/firesalesrentconsult"]}]}},"publishpress_future_workflow_manual_trigger":{"enabledWorkflows":[]},"_links":{"self":[{"href":"https:\/\/www.fireware.nl\/de\/wp-json\/wp\/v2\/product\/65830","targetHints":{"allow":["GET"]}}],"collection":[{"href":"https:\/\/www.fireware.nl\/de\/wp-json\/wp\/v2\/product"}],"about":[{"href":"https:\/\/www.fireware.nl\/de\/wp-json\/wp\/v2\/types\/product"}],"wp:attachment":[{"href":"https:\/\/www.fireware.nl\/de\/wp-json\/wp\/v2\/media?parent=65830"}],"wp:term":[{"taxonomy":"product_brand","embeddable":true,"href":"https:\/\/www.fireware.nl\/de\/wp-json\/wp\/v2\/product_brand?post=65830"},{"taxonomy":"product_cat","embeddable":true,"href":"https:\/\/www.fireware.nl\/de\/wp-json\/wp\/v2\/product_cat?post=65830"},{"taxonomy":"product_tag","embeddable":true,"href":"https:\/\/www.fireware.nl\/de\/wp-json\/wp\/v2\/product_tag?post=65830"}],"curies":[{"name":"wp","href":"https:\/\/api.w.org\/{rel}","templated":true}]}}