
{"id":65666,"date":"2021-09-21T09:25:52","date_gmt":"2021-09-21T09:25:52","guid":{"rendered":"https:\/\/www.fireware.nl\/product\/duty-range-manikin-30-kg\/"},"modified":"2026-04-19T09:33:39","modified_gmt":"2026-04-19T09:33:39","slug":"duty-range-manikin-30-kg","status":"publish","type":"product","link":"https:\/\/www.fireware.nl\/de\/product\/duty-range-manikin-30-kg\/","title":{"rendered":"Duty Range Manikin 30 kg"},"content":{"rendered":"<h2>Standard \u00dcbungspuppe<\/h2>\n<p>Diese \u00dcbungspuppe hat die Proportionen eines Erwachsenen und wiegt 30 kg. Der Dummy l\u00e4sst sich realistisch handhaben: Rettungen im Rautekgriff oder Versorgung mit stabiler Seitenlage sind m\u00f6glich. Diese Duty-Range-Puppe eignet sich auch f\u00fcr H\u00f6henrettungen mit Rettungsgeschirr oder Klettergurt. Die Puppe tr\u00e4ge feste Gummistiefel.<\/p>\n<p>Die F\u00fcllung in der Puppe ist befestigt, sodass alle Gliedma\u00dfen ein reales Gewicht haben, das sich nicht verschiebt. Der Dummy ist sehr robust und kann \u00fcberfahren werden oder aus gro\u00dfer H\u00f6he herunterfallen, ohne dass er besch\u00e4digt wird. Auf dem R\u00fccken befindet sich eine kr\u00e4ftige Schlaufe, an der man die Puppe bei Vorbereitungen gut festhalten kann. Hinweis: Die Puppe kann durch Schnitte eventuell besch\u00e4digt werden.<\/p>\n<p>Diese \u00dcbungspuppe l\u00e4sst sich in \u00dcbungsr\u00e4umen verwendet, in denen Feuer zum Einsatz kommt, und h\u00e4lt eine Temperatur bis 100\u00b0C aus.<\/p>\n<p>Sie k\u00f6nnen Sie Puppe noch realistischer aussehen lassen, indem Sie ein Kleidungspaket mitmieten. Nehmen Sie gegebenenfalls ein Kleidungpaket, das zu Szenario und Ort Ihrer \u00dcbung passt.<\/p>\n<p>Brauchen Sie mehr Gewicht? Sehen Sie sich die \u00dcbungspuppe Duty Range 50 kg an.<\/p>\n","protected":false},"excerpt":{"rendered":"<h3>Zusammensetzung:<\/h3>\n<ul>\n<li>1 x \u00dcbungspuppe<\/li>\n<\/ul>\n","protected":false},"featured_media":26436,"template":"","meta":[],"product_brand":[],"product_cat":[2997,3010],"product_tag":[],"class_list":{"0":"post-65666","1":"product","2":"type-product","3":"status-publish","4":"has-post-thumbnail","6":"product_cat-uebungspuppe-de","7":"product_cat-vermietung","9":"first","10":"instock","11":"taxable","12":"shipping-taxable","13":"purchasable","14":"product-type-rentable"},"yoast_head":"<!-- This site is optimized with the Yoast SEO plugin v27.4 - https:\/\/yoast.com\/product\/yoast-seo-wordpress\/ -->\n<title>Duty Range Manikin 30 kg - FireWare<\/title>\n<meta name=\"robots\" content=\"index, follow, max-snippet:-1, max-image-preview:large, max-video-preview:-1\" \/>\n<link rel=\"canonical\" href=\"https:\/\/www.fireware.nl\/de\/product\/duty-range-manikin-30-kg\/\" \/>\n<meta property=\"og:locale\" content=\"de_DE\" \/>\n<meta property=\"og:type\" content=\"article\" \/>\n<meta property=\"og:title\" content=\"Duty Range Manikin 30 kg - FireWare\" \/>\n<meta property=\"og:description\" content=\"Zusammensetzung:   1 x \u00dcbungspuppe\" \/>\n<meta property=\"og:url\" content=\"https:\/\/www.fireware.nl\/de\/product\/duty-range-manikin-30-kg\/\" \/>\n<meta property=\"og:site_name\" content=\"FireWare\" \/>\n<meta property=\"article:publisher\" content=\"https:\/\/www.facebook.com\/FireWareBV\/\" \/>\n<meta property=\"article:modified_time\" content=\"2026-04-19T09:33:39+00:00\" \/>\n<meta property=\"og:image\" content=\"https:\/\/www.fireware.nl\/wp-content\/uploads\/2019\/01\/RST-707-102-Oefenpop-duty-range-30kg.jpg\" \/>\n\t<meta property=\"og:image:width\" content=\"600\" \/>\n\t<meta property=\"og:image:height\" content=\"600\" \/>\n\t<meta property=\"og:image:type\" content=\"image\/jpeg\" \/>\n<meta name=\"twitter:card\" content=\"summary_large_image\" \/>\n<meta name=\"twitter:site\" content=\"@FireWarebv\" \/>\n<meta name=\"twitter:label1\" content=\"Gesch\u00e4tzte Lesezeit\" \/>\n\t<meta name=\"twitter:data1\" content=\"1\u00a0Minute\" \/>\n<script type=\"application\/ld+json\" class=\"yoast-schema-graph\">{\"@context\":\"https:\\\/\\\/schema.org\",\"@graph\":[{\"@type\":\"WebPage\",\"@id\":\"https:\\\/\\\/www.fireware.nl\\\/de\\\/product\\\/duty-range-manikin-30-kg\\\/\",\"url\":\"https:\\\/\\\/www.fireware.nl\\\/de\\\/product\\\/duty-range-manikin-30-kg\\\/\",\"name\":\"Duty Range Manikin 30 kg - FireWare\",\"isPartOf\":{\"@id\":\"https:\\\/\\\/www.fireware.nl\\\/de\\\/#website\"},\"primaryImageOfPage\":{\"@id\":\"https:\\\/\\\/www.fireware.nl\\\/de\\\/product\\\/duty-range-manikin-30-kg\\\/#primaryimage\"},\"image\":{\"@id\":\"https:\\\/\\\/www.fireware.nl\\\/de\\\/product\\\/duty-range-manikin-30-kg\\\/#primaryimage\"},\"thumbnailUrl\":\"https:\\\/\\\/www.fireware.nl\\\/wp-content\\\/uploads\\\/2019\\\/01\\\/RST-707-102-Oefenpop-duty-range-30kg.jpg\",\"datePublished\":\"2021-09-21T09:25:52+00:00\",\"dateModified\":\"2026-04-19T09:33:39+00:00\",\"breadcrumb\":{\"@id\":\"https:\\\/\\\/www.fireware.nl\\\/de\\\/product\\\/duty-range-manikin-30-kg\\\/#breadcrumb\"},\"inLanguage\":\"de\",\"potentialAction\":[{\"@type\":\"ReadAction\",\"target\":[\"https:\\\/\\\/www.fireware.nl\\\/de\\\/product\\\/duty-range-manikin-30-kg\\\/\"]}]},{\"@type\":\"ImageObject\",\"inLanguage\":\"de\",\"@id\":\"https:\\\/\\\/www.fireware.nl\\\/de\\\/product\\\/duty-range-manikin-30-kg\\\/#primaryimage\",\"url\":\"https:\\\/\\\/www.fireware.nl\\\/wp-content\\\/uploads\\\/2019\\\/01\\\/RST-707-102-Oefenpop-duty-range-30kg.jpg\",\"contentUrl\":\"https:\\\/\\\/www.fireware.nl\\\/wp-content\\\/uploads\\\/2019\\\/01\\\/RST-707-102-Oefenpop-duty-range-30kg.jpg\",\"width\":600,\"height\":600,\"caption\":\"RST-707-102 Oefenpop duty-range 30kg\"},{\"@type\":\"BreadcrumbList\",\"@id\":\"https:\\\/\\\/www.fireware.nl\\\/de\\\/product\\\/duty-range-manikin-30-kg\\\/#breadcrumb\",\"itemListElement\":[{\"@type\":\"ListItem\",\"position\":1,\"name\":\"Home\",\"item\":\"https:\\\/\\\/www.fireware.nl\\\/de\\\/\"},{\"@type\":\"ListItem\",\"position\":2,\"name\":\"Produkte\",\"item\":\"https:\\\/\\\/www.fireware.nl\\\/de\\\/produkte\\\/\"},{\"@type\":\"ListItem\",\"position\":3,\"name\":\"Duty Range Manikin 30 kg\"}]},{\"@type\":\"WebSite\",\"@id\":\"https:\\\/\\\/www.fireware.nl\\\/de\\\/#website\",\"url\":\"https:\\\/\\\/www.fireware.nl\\\/de\\\/\",\"name\":\"FireWare\",\"description\":\"CREATING REALISTIC  TRAINING ENVIRONMENTS\",\"publisher\":{\"@id\":\"https:\\\/\\\/www.fireware.nl\\\/de\\\/#organization\"},\"potentialAction\":[{\"@type\":\"SearchAction\",\"target\":{\"@type\":\"EntryPoint\",\"urlTemplate\":\"https:\\\/\\\/www.fireware.nl\\\/de\\\/?s={search_term_string}\"},\"query-input\":{\"@type\":\"PropertyValueSpecification\",\"valueRequired\":true,\"valueName\":\"search_term_string\"}}],\"inLanguage\":\"de\"},{\"@type\":\"Organization\",\"@id\":\"https:\\\/\\\/www.fireware.nl\\\/de\\\/#organization\",\"name\":\"FireWare\",\"url\":\"https:\\\/\\\/www.fireware.nl\\\/de\\\/\",\"logo\":{\"@type\":\"ImageObject\",\"inLanguage\":\"de\",\"@id\":\"https:\\\/\\\/www.fireware.nl\\\/de\\\/#\\\/schema\\\/logo\\\/image\\\/\",\"url\":\"https:\\\/\\\/www.fireware.nl\\\/wp-content\\\/uploads\\\/2018\\\/10\\\/fireware-logo.png\",\"contentUrl\":\"https:\\\/\\\/www.fireware.nl\\\/wp-content\\\/uploads\\\/2018\\\/10\\\/fireware-logo.png\",\"width\":200,\"height\":86,\"caption\":\"FireWare\"},\"image\":{\"@id\":\"https:\\\/\\\/www.fireware.nl\\\/de\\\/#\\\/schema\\\/logo\\\/image\\\/\"},\"sameAs\":[\"https:\\\/\\\/www.facebook.com\\\/FireWareBV\\\/\",\"https:\\\/\\\/x.com\\\/FireWarebv\",\"https:\\\/\\\/www.instagram.com\\\/fireware_nl\\\/\",\"https:\\\/\\\/www.linkedin.com\\\/company\\\/3586017\\\/\",\"https:\\\/\\\/www.youtube.com\\\/user\\\/firesalesrentconsult\"]}]}<\/script>\n<!-- \/ Yoast SEO plugin. -->","yoast_head_json":{"title":"Duty Range Manikin 30 kg - FireWare","robots":{"index":"index","follow":"follow","max-snippet":"max-snippet:-1","max-image-preview":"max-image-preview:large","max-video-preview":"max-video-preview:-1"},"canonical":"https:\/\/www.fireware.nl\/de\/product\/duty-range-manikin-30-kg\/","og_locale":"de_DE","og_type":"article","og_title":"Duty Range Manikin 30 kg - FireWare","og_description":"Zusammensetzung:   1 x \u00dcbungspuppe","og_url":"https:\/\/www.fireware.nl\/de\/product\/duty-range-manikin-30-kg\/","og_site_name":"FireWare","article_publisher":"https:\/\/www.facebook.com\/FireWareBV\/","article_modified_time":"2026-04-19T09:33:39+00:00","og_image":[{"width":600,"height":600,"url":"https:\/\/www.fireware.nl\/wp-content\/uploads\/2019\/01\/RST-707-102-Oefenpop-duty-range-30kg.jpg","type":"image\/jpeg"}],"twitter_card":"summary_large_image","twitter_site":"@FireWarebv","twitter_misc":{"Gesch\u00e4tzte Lesezeit":"1\u00a0Minute"},"schema":{"@context":"https:\/\/schema.org","@graph":[{"@type":"WebPage","@id":"https:\/\/www.fireware.nl\/de\/product\/duty-range-manikin-30-kg\/","url":"https:\/\/www.fireware.nl\/de\/product\/duty-range-manikin-30-kg\/","name":"Duty Range Manikin 30 kg - FireWare","isPartOf":{"@id":"https:\/\/www.fireware.nl\/de\/#website"},"primaryImageOfPage":{"@id":"https:\/\/www.fireware.nl\/de\/product\/duty-range-manikin-30-kg\/#primaryimage"},"image":{"@id":"https:\/\/www.fireware.nl\/de\/product\/duty-range-manikin-30-kg\/#primaryimage"},"thumbnailUrl":"https:\/\/www.fireware.nl\/wp-content\/uploads\/2019\/01\/RST-707-102-Oefenpop-duty-range-30kg.jpg","datePublished":"2021-09-21T09:25:52+00:00","dateModified":"2026-04-19T09:33:39+00:00","breadcrumb":{"@id":"https:\/\/www.fireware.nl\/de\/product\/duty-range-manikin-30-kg\/#breadcrumb"},"inLanguage":"de","potentialAction":[{"@type":"ReadAction","target":["https:\/\/www.fireware.nl\/de\/product\/duty-range-manikin-30-kg\/"]}]},{"@type":"ImageObject","inLanguage":"de","@id":"https:\/\/www.fireware.nl\/de\/product\/duty-range-manikin-30-kg\/#primaryimage","url":"https:\/\/www.fireware.nl\/wp-content\/uploads\/2019\/01\/RST-707-102-Oefenpop-duty-range-30kg.jpg","contentUrl":"https:\/\/www.fireware.nl\/wp-content\/uploads\/2019\/01\/RST-707-102-Oefenpop-duty-range-30kg.jpg","width":600,"height":600,"caption":"RST-707-102 Oefenpop duty-range 30kg"},{"@type":"BreadcrumbList","@id":"https:\/\/www.fireware.nl\/de\/product\/duty-range-manikin-30-kg\/#breadcrumb","itemListElement":[{"@type":"ListItem","position":1,"name":"Home","item":"https:\/\/www.fireware.nl\/de\/"},{"@type":"ListItem","position":2,"name":"Produkte","item":"https:\/\/www.fireware.nl\/de\/produkte\/"},{"@type":"ListItem","position":3,"name":"Duty Range Manikin 30 kg"}]},{"@type":"WebSite","@id":"https:\/\/www.fireware.nl\/de\/#website","url":"https:\/\/www.fireware.nl\/de\/","name":"FireWare","description":"CREATING REALISTIC  TRAINING ENVIRONMENTS","publisher":{"@id":"https:\/\/www.fireware.nl\/de\/#organization"},"potentialAction":[{"@type":"SearchAction","target":{"@type":"EntryPoint","urlTemplate":"https:\/\/www.fireware.nl\/de\/?s={search_term_string}"},"query-input":{"@type":"PropertyValueSpecification","valueRequired":true,"valueName":"search_term_string"}}],"inLanguage":"de"},{"@type":"Organization","@id":"https:\/\/www.fireware.nl\/de\/#organization","name":"FireWare","url":"https:\/\/www.fireware.nl\/de\/","logo":{"@type":"ImageObject","inLanguage":"de","@id":"https:\/\/www.fireware.nl\/de\/#\/schema\/logo\/image\/","url":"https:\/\/www.fireware.nl\/wp-content\/uploads\/2018\/10\/fireware-logo.png","contentUrl":"https:\/\/www.fireware.nl\/wp-content\/uploads\/2018\/10\/fireware-logo.png","width":200,"height":86,"caption":"FireWare"},"image":{"@id":"https:\/\/www.fireware.nl\/de\/#\/schema\/logo\/image\/"},"sameAs":["https:\/\/www.facebook.com\/FireWareBV\/","https:\/\/x.com\/FireWarebv","https:\/\/www.instagram.com\/fireware_nl\/","https:\/\/www.linkedin.com\/company\/3586017\/","https:\/\/www.youtube.com\/user\/firesalesrentconsult"]}]}},"publishpress_future_workflow_manual_trigger":{"enabledWorkflows":[]},"_links":{"self":[{"href":"https:\/\/www.fireware.nl\/de\/wp-json\/wp\/v2\/product\/65666","targetHints":{"allow":["GET"]}}],"collection":[{"href":"https:\/\/www.fireware.nl\/de\/wp-json\/wp\/v2\/product"}],"about":[{"href":"https:\/\/www.fireware.nl\/de\/wp-json\/wp\/v2\/types\/product"}],"wp:featuredmedia":[{"embeddable":true,"href":"https:\/\/www.fireware.nl\/de\/wp-json\/wp\/v2\/media\/26436"}],"wp:attachment":[{"href":"https:\/\/www.fireware.nl\/de\/wp-json\/wp\/v2\/media?parent=65666"}],"wp:term":[{"taxonomy":"product_brand","embeddable":true,"href":"https:\/\/www.fireware.nl\/de\/wp-json\/wp\/v2\/product_brand?post=65666"},{"taxonomy":"product_cat","embeddable":true,"href":"https:\/\/www.fireware.nl\/de\/wp-json\/wp\/v2\/product_cat?post=65666"},{"taxonomy":"product_tag","embeddable":true,"href":"https:\/\/www.fireware.nl\/de\/wp-json\/wp\/v2\/product_tag?post=65666"}],"curies":[{"name":"wp","href":"https:\/\/api.w.org\/{rel}","templated":true}]}}