
{"id":62959,"date":"2021-07-09T12:03:25","date_gmt":"2021-07-09T12:03:25","guid":{"rendered":"https:\/\/www.fireware.nl\/product\/drahtlose-fernbedienung-fur-vesta\/"},"modified":"2024-07-22T10:19:59","modified_gmt":"2024-07-22T10:19:59","slug":"drahtlose-fernbedienung-fur-vesta","status":"publish","type":"product","link":"https:\/\/www.fireware.nl\/de\/produkt\/drahtlose-fernbedienung-fur-vesta\/","title":{"rendered":"Drahtlose Fernbedienung f\u00fcr Vesta"},"content":{"rendered":"<h2>Steuern Sie den Vesta L\u00f6schtrainer drahtlos an<\/h2>\n<p>Mit dieser drahtlosen Fernbedienung k\u00f6nnen Sie die <a href=\"https:\/\/www.fireware.nl\/de\/produkt\/vesta-loeschtrainer\/\" target=\"_blank\" rel=\"noopener\">FireWare Vesta<\/a> ganz einfach aus der Ferne bedienen. Der Feuerl\u00f6schtrainer wird standardm\u00e4\u00dfig mit einer Kabelfernbedienung geliefert. Durch die kabellose Verwendung der Vesta haben Sie mehr Freiheit beim Training und stehen niemandem im Weg.<\/p>\n<p>Die Industrie-Fernbedienung ist auch mit Feuerwehrhandschuhen einfach zu bedienen. Auf der Fernbedienung befinden sich zwei Kn\u00f6pfe. Der erste Knopf aktiviert die Flamme. Lassen Sie den Knopf los und das Feuer erlischt. Die zweite Taste dient zur Steuerung des Hilfsausgangs der Vesta. Dies z\u00fcndet aktive <a href=\"https:\/\/www.fireware.nl\/de\/produkt-kategorie\/attrappen-fuer-loeschtrainer\/\" target=\"_blank\" rel=\"noopener\">Vesta Add-ons<\/a>. Mit dem Not-Aus oben k\u00f6nnen Sie die Vesta aus der Ferne ausschalten. Nach 10 Minuten ohne Kontakt schaltet sich die Fernbedienung automatisch ab. Die Fernbedienung arbeitet mit einem wiederaufladbaren NiMH-Akku.<\/p>\n<p>Die Reichweite der drahtlosen Fernbedienung Vesta wurde bis zu 50 Meter getestet. Nat\u00fcrlich beeintr\u00e4chtigen Eisenhindernisse und Funkfrequenzen die Reichweite.<\/p>\n","protected":false},"excerpt":{"rendered":"<ul>\n<li>Drahtlose Fernbedienung f\u00fcr den <a href=\"https:\/\/www.fireware.nl\/de\/produkt\/vesta-loeschtrainer\/\" target=\"_blank\" rel=\"noopener\">FireWare Vesta L\u00f6schtrainer<\/a><\/li>\n<li>Z\u00fcnden Sie Ihren L\u00f6schtrainer aus der Ferne an; stehen Sie dabei niemandem im Weg<\/li>\n<li>Machen Sie die \u00dcbungen mit der Fernbedienung interaktiver<\/li>\n<li>Einfache Handhabung, auch mit Feuerwehrhandschuhen<\/li>\n<li>Mit einem Knopf f\u00fcr die Z\u00fcndung und einem Knopf f\u00fcr Zusatzfunktionen<\/li>\n<li>Ist mit einem Not-Aus-Taster ausgestattet<\/li>\n<li>Bestehend aus Sender und Empf\u00e4nger<\/li>\n<\/ul>\n","protected":false},"featured_media":62586,"template":"","meta":[],"product_brand":[],"product_cat":[71],"product_tag":[],"class_list":{"0":"post-62959","1":"product","2":"type-product","3":"status-publish","4":"has-post-thumbnail","6":"product_cat-loeschtrainer","8":"first","9":"instock","10":"taxable","11":"shipping-taxable","12":"purchasable","13":"product-type-simple"},"yoast_head":"<!-- This site is optimized with the Yoast SEO plugin v27.4 - https:\/\/yoast.com\/product\/yoast-seo-wordpress\/ -->\n<title>Drahtlose Fernbedienung f\u00fcr Vesta mit Not-Aus - FireWare<\/title>\n<meta name=\"description\" content=\"Z\u00fcnden Sie Ihren L\u00f6schtrainer kabellos und stehen Sie niemandem im Weg. Einfach zu bedienen, auch mit Feuerwehrhandschuhen.\" \/>\n<meta name=\"robots\" content=\"index, follow, max-snippet:-1, max-image-preview:large, max-video-preview:-1\" \/>\n<link rel=\"canonical\" href=\"https:\/\/www.fireware.nl\/de\/produkt\/drahtlose-fernbedienung-fur-vesta\/\" \/>\n<meta property=\"og:locale\" content=\"de_DE\" \/>\n<meta property=\"og:type\" content=\"article\" \/>\n<meta property=\"og:title\" content=\"Drahtlose Fernbedienung f\u00fcr Vesta mit Not-Aus - FireWare\" \/>\n<meta property=\"og:description\" content=\"Z\u00fcnden Sie Ihren L\u00f6schtrainer kabellos und stehen Sie niemandem im Weg. Einfach zu bedienen, auch mit Feuerwehrhandschuhen.\" \/>\n<meta property=\"og:url\" content=\"https:\/\/www.fireware.nl\/de\/produkt\/drahtlose-fernbedienung-fur-vesta\/\" \/>\n<meta property=\"og:site_name\" content=\"FireWare\" \/>\n<meta property=\"article:publisher\" content=\"https:\/\/www.facebook.com\/FireWareBV\/\" \/>\n<meta property=\"article:modified_time\" content=\"2024-07-22T10:19:59+00:00\" \/>\n<meta property=\"og:image\" content=\"https:\/\/www.fireware.nl\/wp-content\/uploads\/2021\/07\/Vesta-Remote-1.jpg\" \/>\n<meta name=\"twitter:card\" content=\"summary_large_image\" \/>\n<meta name=\"twitter:site\" content=\"@FireWarebv\" \/>\n<meta name=\"twitter:label1\" content=\"Gesch\u00e4tzte Lesezeit\" \/>\n\t<meta name=\"twitter:data1\" content=\"1\u00a0Minute\" \/>\n<script type=\"application\/ld+json\" class=\"yoast-schema-graph\">{\"@context\":\"https:\\\/\\\/schema.org\",\"@graph\":[{\"@type\":\"WebPage\",\"@id\":\"https:\\\/\\\/www.fireware.nl\\\/de\\\/produkt\\\/drahtlose-fernbedienung-fur-vesta\\\/\",\"url\":\"https:\\\/\\\/www.fireware.nl\\\/de\\\/produkt\\\/drahtlose-fernbedienung-fur-vesta\\\/\",\"name\":\"Drahtlose Fernbedienung f\u00fcr Vesta mit Not-Aus - FireWare\",\"isPartOf\":{\"@id\":\"https:\\\/\\\/www.fireware.nl\\\/de\\\/#website\"},\"primaryImageOfPage\":{\"@id\":\"https:\\\/\\\/www.fireware.nl\\\/de\\\/produkt\\\/drahtlose-fernbedienung-fur-vesta\\\/#primaryimage\"},\"image\":{\"@id\":\"https:\\\/\\\/www.fireware.nl\\\/de\\\/produkt\\\/drahtlose-fernbedienung-fur-vesta\\\/#primaryimage\"},\"thumbnailUrl\":\"https:\\\/\\\/www.fireware.nl\\\/wp-content\\\/uploads\\\/2021\\\/07\\\/vesta-remote.jpg\",\"datePublished\":\"2021-07-09T12:03:25+00:00\",\"dateModified\":\"2024-07-22T10:19:59+00:00\",\"description\":\"Z\u00fcnden Sie Ihren L\u00f6schtrainer kabellos und stehen Sie niemandem im Weg. Einfach zu bedienen, auch mit Feuerwehrhandschuhen.\",\"breadcrumb\":{\"@id\":\"https:\\\/\\\/www.fireware.nl\\\/de\\\/produkt\\\/drahtlose-fernbedienung-fur-vesta\\\/#breadcrumb\"},\"inLanguage\":\"de\",\"potentialAction\":[{\"@type\":\"ReadAction\",\"target\":[\"https:\\\/\\\/www.fireware.nl\\\/de\\\/produkt\\\/drahtlose-fernbedienung-fur-vesta\\\/\"]}]},{\"@type\":\"ImageObject\",\"inLanguage\":\"de\",\"@id\":\"https:\\\/\\\/www.fireware.nl\\\/de\\\/produkt\\\/drahtlose-fernbedienung-fur-vesta\\\/#primaryimage\",\"url\":\"https:\\\/\\\/www.fireware.nl\\\/wp-content\\\/uploads\\\/2021\\\/07\\\/vesta-remote.jpg\",\"contentUrl\":\"https:\\\/\\\/www.fireware.nl\\\/wp-content\\\/uploads\\\/2021\\\/07\\\/vesta-remote.jpg\",\"width\":600,\"height\":600},{\"@type\":\"BreadcrumbList\",\"@id\":\"https:\\\/\\\/www.fireware.nl\\\/de\\\/produkt\\\/drahtlose-fernbedienung-fur-vesta\\\/#breadcrumb\",\"itemListElement\":[{\"@type\":\"ListItem\",\"position\":1,\"name\":\"Home\",\"item\":\"https:\\\/\\\/www.fireware.nl\\\/de\\\/\"},{\"@type\":\"ListItem\",\"position\":2,\"name\":\"Produkte\",\"item\":\"https:\\\/\\\/www.fireware.nl\\\/de\\\/produkte\\\/\"},{\"@type\":\"ListItem\",\"position\":3,\"name\":\"Drahtlose Fernbedienung f\u00fcr Vesta\"}]},{\"@type\":\"WebSite\",\"@id\":\"https:\\\/\\\/www.fireware.nl\\\/de\\\/#website\",\"url\":\"https:\\\/\\\/www.fireware.nl\\\/de\\\/\",\"name\":\"FireWare\",\"description\":\"CREATING REALISTIC  TRAINING ENVIRONMENTS\",\"publisher\":{\"@id\":\"https:\\\/\\\/www.fireware.nl\\\/de\\\/#organization\"},\"potentialAction\":[{\"@type\":\"SearchAction\",\"target\":{\"@type\":\"EntryPoint\",\"urlTemplate\":\"https:\\\/\\\/www.fireware.nl\\\/de\\\/?s={search_term_string}\"},\"query-input\":{\"@type\":\"PropertyValueSpecification\",\"valueRequired\":true,\"valueName\":\"search_term_string\"}}],\"inLanguage\":\"de\"},{\"@type\":\"Organization\",\"@id\":\"https:\\\/\\\/www.fireware.nl\\\/de\\\/#organization\",\"name\":\"FireWare\",\"url\":\"https:\\\/\\\/www.fireware.nl\\\/de\\\/\",\"logo\":{\"@type\":\"ImageObject\",\"inLanguage\":\"de\",\"@id\":\"https:\\\/\\\/www.fireware.nl\\\/de\\\/#\\\/schema\\\/logo\\\/image\\\/\",\"url\":\"https:\\\/\\\/www.fireware.nl\\\/wp-content\\\/uploads\\\/2018\\\/10\\\/fireware-logo.png\",\"contentUrl\":\"https:\\\/\\\/www.fireware.nl\\\/wp-content\\\/uploads\\\/2018\\\/10\\\/fireware-logo.png\",\"width\":200,\"height\":86,\"caption\":\"FireWare\"},\"image\":{\"@id\":\"https:\\\/\\\/www.fireware.nl\\\/de\\\/#\\\/schema\\\/logo\\\/image\\\/\"},\"sameAs\":[\"https:\\\/\\\/www.facebook.com\\\/FireWareBV\\\/\",\"https:\\\/\\\/x.com\\\/FireWarebv\",\"https:\\\/\\\/www.instagram.com\\\/fireware_nl\\\/\",\"https:\\\/\\\/www.linkedin.com\\\/company\\\/3586017\\\/\",\"https:\\\/\\\/www.youtube.com\\\/user\\\/firesalesrentconsult\"]}]}<\/script>\n<!-- \/ Yoast SEO plugin. -->","yoast_head_json":{"title":"Drahtlose Fernbedienung f\u00fcr Vesta mit Not-Aus - FireWare","description":"Z\u00fcnden Sie Ihren L\u00f6schtrainer kabellos und stehen Sie niemandem im Weg. Einfach zu bedienen, auch mit Feuerwehrhandschuhen.","robots":{"index":"index","follow":"follow","max-snippet":"max-snippet:-1","max-image-preview":"max-image-preview:large","max-video-preview":"max-video-preview:-1"},"canonical":"https:\/\/www.fireware.nl\/de\/produkt\/drahtlose-fernbedienung-fur-vesta\/","og_locale":"de_DE","og_type":"article","og_title":"Drahtlose Fernbedienung f\u00fcr Vesta mit Not-Aus - FireWare","og_description":"Z\u00fcnden Sie Ihren L\u00f6schtrainer kabellos und stehen Sie niemandem im Weg. Einfach zu bedienen, auch mit Feuerwehrhandschuhen.","og_url":"https:\/\/www.fireware.nl\/de\/produkt\/drahtlose-fernbedienung-fur-vesta\/","og_site_name":"FireWare","article_publisher":"https:\/\/www.facebook.com\/FireWareBV\/","article_modified_time":"2024-07-22T10:19:59+00:00","og_image":[{"url":"https:\/\/www.fireware.nl\/wp-content\/uploads\/2021\/07\/Vesta-Remote-1.jpg","type":"","width":"","height":""}],"twitter_card":"summary_large_image","twitter_site":"@FireWarebv","twitter_misc":{"Gesch\u00e4tzte Lesezeit":"1\u00a0Minute"},"schema":{"@context":"https:\/\/schema.org","@graph":[{"@type":"WebPage","@id":"https:\/\/www.fireware.nl\/de\/produkt\/drahtlose-fernbedienung-fur-vesta\/","url":"https:\/\/www.fireware.nl\/de\/produkt\/drahtlose-fernbedienung-fur-vesta\/","name":"Drahtlose Fernbedienung f\u00fcr Vesta mit Not-Aus - FireWare","isPartOf":{"@id":"https:\/\/www.fireware.nl\/de\/#website"},"primaryImageOfPage":{"@id":"https:\/\/www.fireware.nl\/de\/produkt\/drahtlose-fernbedienung-fur-vesta\/#primaryimage"},"image":{"@id":"https:\/\/www.fireware.nl\/de\/produkt\/drahtlose-fernbedienung-fur-vesta\/#primaryimage"},"thumbnailUrl":"https:\/\/www.fireware.nl\/wp-content\/uploads\/2021\/07\/vesta-remote.jpg","datePublished":"2021-07-09T12:03:25+00:00","dateModified":"2024-07-22T10:19:59+00:00","description":"Z\u00fcnden Sie Ihren L\u00f6schtrainer kabellos und stehen Sie niemandem im Weg. Einfach zu bedienen, auch mit Feuerwehrhandschuhen.","breadcrumb":{"@id":"https:\/\/www.fireware.nl\/de\/produkt\/drahtlose-fernbedienung-fur-vesta\/#breadcrumb"},"inLanguage":"de","potentialAction":[{"@type":"ReadAction","target":["https:\/\/www.fireware.nl\/de\/produkt\/drahtlose-fernbedienung-fur-vesta\/"]}]},{"@type":"ImageObject","inLanguage":"de","@id":"https:\/\/www.fireware.nl\/de\/produkt\/drahtlose-fernbedienung-fur-vesta\/#primaryimage","url":"https:\/\/www.fireware.nl\/wp-content\/uploads\/2021\/07\/vesta-remote.jpg","contentUrl":"https:\/\/www.fireware.nl\/wp-content\/uploads\/2021\/07\/vesta-remote.jpg","width":600,"height":600},{"@type":"BreadcrumbList","@id":"https:\/\/www.fireware.nl\/de\/produkt\/drahtlose-fernbedienung-fur-vesta\/#breadcrumb","itemListElement":[{"@type":"ListItem","position":1,"name":"Home","item":"https:\/\/www.fireware.nl\/de\/"},{"@type":"ListItem","position":2,"name":"Produkte","item":"https:\/\/www.fireware.nl\/de\/produkte\/"},{"@type":"ListItem","position":3,"name":"Drahtlose Fernbedienung f\u00fcr Vesta"}]},{"@type":"WebSite","@id":"https:\/\/www.fireware.nl\/de\/#website","url":"https:\/\/www.fireware.nl\/de\/","name":"FireWare","description":"CREATING REALISTIC  TRAINING ENVIRONMENTS","publisher":{"@id":"https:\/\/www.fireware.nl\/de\/#organization"},"potentialAction":[{"@type":"SearchAction","target":{"@type":"EntryPoint","urlTemplate":"https:\/\/www.fireware.nl\/de\/?s={search_term_string}"},"query-input":{"@type":"PropertyValueSpecification","valueRequired":true,"valueName":"search_term_string"}}],"inLanguage":"de"},{"@type":"Organization","@id":"https:\/\/www.fireware.nl\/de\/#organization","name":"FireWare","url":"https:\/\/www.fireware.nl\/de\/","logo":{"@type":"ImageObject","inLanguage":"de","@id":"https:\/\/www.fireware.nl\/de\/#\/schema\/logo\/image\/","url":"https:\/\/www.fireware.nl\/wp-content\/uploads\/2018\/10\/fireware-logo.png","contentUrl":"https:\/\/www.fireware.nl\/wp-content\/uploads\/2018\/10\/fireware-logo.png","width":200,"height":86,"caption":"FireWare"},"image":{"@id":"https:\/\/www.fireware.nl\/de\/#\/schema\/logo\/image\/"},"sameAs":["https:\/\/www.facebook.com\/FireWareBV\/","https:\/\/x.com\/FireWarebv","https:\/\/www.instagram.com\/fireware_nl\/","https:\/\/www.linkedin.com\/company\/3586017\/","https:\/\/www.youtube.com\/user\/firesalesrentconsult"]}]}},"publishpress_future_workflow_manual_trigger":{"enabledWorkflows":[]},"_links":{"self":[{"href":"https:\/\/www.fireware.nl\/de\/wp-json\/wp\/v2\/product\/62959","targetHints":{"allow":["GET"]}}],"collection":[{"href":"https:\/\/www.fireware.nl\/de\/wp-json\/wp\/v2\/product"}],"about":[{"href":"https:\/\/www.fireware.nl\/de\/wp-json\/wp\/v2\/types\/product"}],"wp:featuredmedia":[{"embeddable":true,"href":"https:\/\/www.fireware.nl\/de\/wp-json\/wp\/v2\/media\/62586"}],"wp:attachment":[{"href":"https:\/\/www.fireware.nl\/de\/wp-json\/wp\/v2\/media?parent=62959"}],"wp:term":[{"taxonomy":"product_brand","embeddable":true,"href":"https:\/\/www.fireware.nl\/de\/wp-json\/wp\/v2\/product_brand?post=62959"},{"taxonomy":"product_cat","embeddable":true,"href":"https:\/\/www.fireware.nl\/de\/wp-json\/wp\/v2\/product_cat?post=62959"},{"taxonomy":"product_tag","embeddable":true,"href":"https:\/\/www.fireware.nl\/de\/wp-json\/wp\/v2\/product_tag?post=62959"}],"curies":[{"name":"wp","href":"https:\/\/api.w.org\/{rel}","templated":true}]}}