
{"id":61770,"date":"2020-12-03T11:26:26","date_gmt":"2020-12-03T11:26:26","guid":{"rendered":"https:\/\/www.fireware.nl\/product\/duty-plus-ubungspuppe\/"},"modified":"2024-12-09T10:12:39","modified_gmt":"2024-12-09T10:12:39","slug":"duty-plus-ubungspuppe","status":"publish","type":"product","link":"https:\/\/www.fireware.nl\/de\/product\/duty-plus-ubungspuppe\/","title":{"rendered":"Ruth Lee Duty Plus \u00dcbungspuppe"},"content":{"rendered":"<h2>Ruth Lee \u00dcbungspuppen<\/h2>\n<p>Die Ruth Lee \u00dcbungspuppen sind f\u00fcr realistische und effektive Schulungen konzipiert. Diese Puppen sind bekannt f\u00fcr ihre Langlebigkeit und Vielseitigkeit und sind ideal f\u00fcr das Training von Feuerwehr, Betrieblichen Ersthelfern (BHV), Rettungsdiensten und anderen Hilfsdiensten. Mit Ruth Lee \u00dcbungspuppen simuliert man realistische Szenarien, wodurch Einsatzkr\u00e4fte besser auf echte Notfallsituationen vorbereitet sind. Das Sortiment umfasst Puppen f\u00fcr verschiedene Trainings und in unterschiedlichen Gr\u00f6\u00dfen und Gewichten.<\/p>\n<h2>Bewusstes Opfer<\/h2>\n<p>Die Duty Plus \u00dcbungspuppe ist geeignet f\u00fcr Szenarien, in denen das Opfer noch bei Bewusstsein ist. Der Oberk\u00f6rper beugt sich nicht nach vorne, wie es bei einem bewusstlosen Opfer der Fall w\u00e4re. Daher ist die Duty Plus ideal f\u00fcr Szenarien in einem Fahrzeug. Man kann die Duty Plus auch beispielsweise auf einen Stuhl setzen, um eine Person zu simulieren, die ohnm\u00e4chtig geworden ist, aber noch bei Bewusstsein ist.<\/p>\n<p>Wie die \u00dcbungspuppen der Duty-Reihe sind auch diese Puppen realistisch handhabbar: Rettungen im Rautekgriff oder Nachsorge in stabiler Seitenlage sind m\u00f6glich. Die Puppe tr\u00e4gt einen robusten Overall und stabile Gummistiefel.<\/p>\n<p>Die Duty Range Plus Schlafpuppe von Ruth Lee hat ein realistisches Verh\u00e4ltnis zwischen L\u00e4nge und Gewicht. Die F\u00fcllung in der Puppe ist fixiert, sodass alle Gliedma\u00dfen ein realistisches Gewicht haben, das sich nicht verschiebt. Die Dummy ist \u00e4u\u00dferst robust und kann \u00fcberfahren werden oder aus gro\u00dfer H\u00f6he fallen, ohne besch\u00e4digt zu werden. Auf dem R\u00fccken befindet sich eine starke Schlaufe, mit der die Puppe w\u00e4hrend der Vorbereitungen bequem gegriffen werden kann.<\/p>\n<p>Die Puppe ist in \u00dcbungsr\u00e4umen einsetzbar, in denen mit Feuer gearbeitet wird, und h\u00e4lt Temperaturen von bis zu 100 Grad Celsius stand. F\u00fcr hei\u00dfere Bedingungen gibt es Alternativen wie die <a href=\"https:\/\/www.fireware.nl\/de\/product\/firehouse-uebungspuppe\/\" target=\"_blank\" rel=\"noopener\">Firehouse<\/a> \u00dcbungspuppe oder eine <a href=\"https:\/\/www.fireware.nl\/de\/produkt\/brandpuppe-silber\/\" target=\"_blank\" rel=\"noopener\">Brandpuppe Silber<\/a>. Die Manikin ist auch f\u00fcr H\u00f6henrettungen mit einem Geschirr geeignet, allerdings wurde die extrem robuste <a href=\"https:\/\/www.fireware.nl\/de\/product\/working-at-heigt-manikin\/\" target=\"_blank\" rel=\"noopener\">Working at Height<\/a> \u00dcbungspuppe speziell f\u00fcr diesen Zweck entwickelt und ist daher besser geeignet.<\/p>\n","protected":false},"excerpt":{"rendered":"<ul>\n<li>Im Vergleich zur Standard Duty Range wurde diese \u00dcbungspuppe so konzipiert, dass sie als \u201ebewusste Opfer\u201c fungiert und im Kopf- und Brustbereich steifer und aufrechter ist.<\/li>\n<li>Sie ist mit einer Wirbels\u00e4ule ausgestattet, um \u201eKopfbewegungen\u201c zu verhindern, hat einen R\u00fccken aus geschlossenem Zellenschaum und Polypropylenstreifen, die bis zur Taille\/H\u00fcfte verlaufen, wodurch Flexibilit\u00e4t und eine \u201egerade\u201c Position erm\u00f6glicht werden \u2013 perfekt, um zum Beispiel in Fahrzeugen zu sitzen.<\/li>\n<li>Anatomisch korrekte Gewichtsverteilung, um das \u201eGef\u00fchl\u201c eines bewussten Opfers zu vermitteln.<\/li>\n<li>Eine starke Schlaufe auf der R\u00fcckseite erm\u00f6glicht ein einfaches Handhaben, Anheben, Lagern und Aufh\u00e4ngen zum Trocknen.<\/li>\n<li>Stark genug, um unter Beton- oder Stahltr\u00e4gern zu liegen, \u00fcberfahren zu werden oder unbesch\u00e4digt aus einem Fenster im zweiten Stock zu fallen.<\/li>\n<li>Hergestellt aus wasserabweisendem und flammhemmendem Material, was sie f\u00fcr nasse oder schmutzige Szenarien geeignet macht.<\/li>\n<li>Weiche Gelenke am K\u00f6rper, um das Risiko von Druckstellen und Prellungen zu eliminieren; h\u00e4ufige Verletzungen bei der Verwendung von \u00dcbungspuppen mit einem Kunststoffk\u00f6rper.<\/li>\n<li>Ein Halskragen kann bei den Erwachsenendummys angebracht werden, um die richtige Pflege f\u00fcr das Opfer zu gew\u00e4hrleisten.<\/li>\n<li>Kann Temperaturen bis zu 100\u00b0C standhalten, sollte jedoch nicht l\u00e4ngerer Hitze oder offenen Flammen ausgesetzt werden.<\/li>\n<li>Wird komplett mit Stiefeln und Overalls geliefert. Bei Abnutzung k\u00f6nnen diese nachbestellt werden, um die Lebensdauer der \u00dcbungspuppe zu verl\u00e4ngern.<\/li>\n<\/ul>\n","protected":false},"featured_media":60006,"template":"","meta":[],"product_brand":[],"product_cat":[111],"product_tag":[],"class_list":{"0":"post-61770","1":"product","2":"type-product","3":"status-publish","4":"has-post-thumbnail","6":"product_cat-uebungspuppe","7":"pa_gewicht-lengte-50kg-180cm-de","9":"first","10":"instock","11":"taxable","12":"shipping-taxable","13":"purchasable","14":"product-type-simple"},"yoast_head":"<!-- This site is optimized with the Yoast SEO plugin v27.4 - https:\/\/yoast.com\/product\/yoast-seo-wordpress\/ -->\n<title>Ruth Lee Duty Plus \u00dcbungspuppe - FireWare<\/title>\n<meta name=\"robots\" content=\"index, follow, max-snippet:-1, max-image-preview:large, max-video-preview:-1\" \/>\n<link rel=\"canonical\" href=\"https:\/\/www.fireware.nl\/de\/product\/duty-plus-ubungspuppe\/\" \/>\n<meta property=\"og:locale\" content=\"de_DE\" \/>\n<meta property=\"og:type\" content=\"article\" \/>\n<meta property=\"og:title\" content=\"Ruth Lee Duty Plus \u00dcbungspuppe - FireWare\" \/>\n<meta property=\"og:description\" content=\"Im Vergleich zur Standard Duty Range wurde diese \u00dcbungspuppe so konzipiert, dass sie als \u201ebewusste Opfer\u201c fungiert und im Kopf- und Brustbereich steifer und aufrechter ist.  Sie ist mit einer Wirbels\u00e4ule ausgestattet, um \u201eKopfbewegungen\u201c zu verhindern, hat einen R\u00fccken aus geschlossenem Zellenschaum und Polypropylenstreifen, die bis zur Taille\/H\u00fcfte verlaufen, wodurch Flexibilit\u00e4t und eine \u201egerade\u201c Position erm\u00f6glicht werden \u2013 perfekt, um zum Beispiel in Fahrzeugen zu sitzen.  Anatomisch korrekte Gewichtsverteilung, um das \u201eGef\u00fchl\u201c eines bewussten Opfers zu vermitteln.  Eine starke Schlaufe auf der R\u00fcckseite erm\u00f6glicht ein einfaches Handhaben, Anheben, Lagern und Aufh\u00e4ngen zum Trocknen.  Stark genug, um unter Beton- oder Stahltr\u00e4gern zu liegen, \u00fcberfahren zu werden oder unbesch\u00e4digt aus einem Fenster im zweiten Stock zu fallen.  Hergestellt aus wasserabweisendem und flammhemmendem Material, was sie f\u00fcr nasse oder schmutzige Szenarien geeignet macht.  Weiche Gelenke am K\u00f6rper, um das Risiko von Druckstellen und Prellungen zu eliminieren; h\u00e4ufige Verletzungen bei der Verwendung von \u00dcbungspuppen mit einem Kunststoffk\u00f6rper.  Ein Halskragen kann bei den Erwachsenendummys angebracht werden, um die richtige Pflege f\u00fcr das Opfer zu gew\u00e4hrleisten.  Kann Temperaturen bis zu 100\u00b0C standhalten, sollte jedoch nicht l\u00e4ngerer Hitze oder offenen Flammen ausgesetzt werden.  Wird komplett mit Stiefeln und Overalls geliefert. Bei Abnutzung k\u00f6nnen diese nachbestellt werden, um die Lebensdauer der \u00dcbungspuppe zu verl\u00e4ngern.\" \/>\n<meta property=\"og:url\" content=\"https:\/\/www.fireware.nl\/de\/product\/duty-plus-ubungspuppe\/\" \/>\n<meta property=\"og:site_name\" content=\"FireWare\" \/>\n<meta property=\"article:publisher\" content=\"https:\/\/www.facebook.com\/FireWareBV\/\" \/>\n<meta property=\"article:modified_time\" content=\"2024-12-09T10:12:39+00:00\" \/>\n<meta property=\"og:image\" content=\"https:\/\/www.fireware.nl\/wp-content\/uploads\/2020\/12\/017-043-121-Duty-Plus-oefenpop-50kg-180-cm-1.jpg\" \/>\n\t<meta property=\"og:image:width\" content=\"600\" \/>\n\t<meta property=\"og:image:height\" content=\"600\" \/>\n\t<meta property=\"og:image:type\" content=\"image\/jpeg\" \/>\n<meta name=\"twitter:card\" content=\"summary_large_image\" \/>\n<meta name=\"twitter:site\" content=\"@FireWarebv\" \/>\n<meta name=\"twitter:label1\" content=\"Gesch\u00e4tzte Lesezeit\" \/>\n\t<meta name=\"twitter:data1\" content=\"2\u00a0Minuten\" \/>\n<script type=\"application\/ld+json\" class=\"yoast-schema-graph\">{\"@context\":\"https:\\\/\\\/schema.org\",\"@graph\":[{\"@type\":\"WebPage\",\"@id\":\"https:\\\/\\\/www.fireware.nl\\\/de\\\/product\\\/duty-plus-ubungspuppe\\\/\",\"url\":\"https:\\\/\\\/www.fireware.nl\\\/de\\\/product\\\/duty-plus-ubungspuppe\\\/\",\"name\":\"Ruth Lee Duty Plus \u00dcbungspuppe - FireWare\",\"isPartOf\":{\"@id\":\"https:\\\/\\\/www.fireware.nl\\\/de\\\/#website\"},\"primaryImageOfPage\":{\"@id\":\"https:\\\/\\\/www.fireware.nl\\\/de\\\/product\\\/duty-plus-ubungspuppe\\\/#primaryimage\"},\"image\":{\"@id\":\"https:\\\/\\\/www.fireware.nl\\\/de\\\/product\\\/duty-plus-ubungspuppe\\\/#primaryimage\"},\"thumbnailUrl\":\"https:\\\/\\\/www.fireware.nl\\\/wp-content\\\/uploads\\\/2020\\\/12\\\/017-043-121-Duty-Plus-oefenpop-50kg-180-cm-1.jpg\",\"datePublished\":\"2020-12-03T11:26:26+00:00\",\"dateModified\":\"2024-12-09T10:12:39+00:00\",\"breadcrumb\":{\"@id\":\"https:\\\/\\\/www.fireware.nl\\\/de\\\/product\\\/duty-plus-ubungspuppe\\\/#breadcrumb\"},\"inLanguage\":\"de\",\"potentialAction\":[{\"@type\":\"ReadAction\",\"target\":[\"https:\\\/\\\/www.fireware.nl\\\/de\\\/product\\\/duty-plus-ubungspuppe\\\/\"]}]},{\"@type\":\"ImageObject\",\"inLanguage\":\"de\",\"@id\":\"https:\\\/\\\/www.fireware.nl\\\/de\\\/product\\\/duty-plus-ubungspuppe\\\/#primaryimage\",\"url\":\"https:\\\/\\\/www.fireware.nl\\\/wp-content\\\/uploads\\\/2020\\\/12\\\/017-043-121-Duty-Plus-oefenpop-50kg-180-cm-1.jpg\",\"contentUrl\":\"https:\\\/\\\/www.fireware.nl\\\/wp-content\\\/uploads\\\/2020\\\/12\\\/017-043-121-Duty-Plus-oefenpop-50kg-180-cm-1.jpg\",\"width\":600,\"height\":600},{\"@type\":\"BreadcrumbList\",\"@id\":\"https:\\\/\\\/www.fireware.nl\\\/de\\\/product\\\/duty-plus-ubungspuppe\\\/#breadcrumb\",\"itemListElement\":[{\"@type\":\"ListItem\",\"position\":1,\"name\":\"Home\",\"item\":\"https:\\\/\\\/www.fireware.nl\\\/de\\\/\"},{\"@type\":\"ListItem\",\"position\":2,\"name\":\"Produkte\",\"item\":\"https:\\\/\\\/www.fireware.nl\\\/de\\\/produkte\\\/\"},{\"@type\":\"ListItem\",\"position\":3,\"name\":\"Ruth Lee Duty Plus \u00dcbungspuppe\"}]},{\"@type\":\"WebSite\",\"@id\":\"https:\\\/\\\/www.fireware.nl\\\/de\\\/#website\",\"url\":\"https:\\\/\\\/www.fireware.nl\\\/de\\\/\",\"name\":\"FireWare\",\"description\":\"CREATING REALISTIC  TRAINING ENVIRONMENTS\",\"publisher\":{\"@id\":\"https:\\\/\\\/www.fireware.nl\\\/de\\\/#organization\"},\"potentialAction\":[{\"@type\":\"SearchAction\",\"target\":{\"@type\":\"EntryPoint\",\"urlTemplate\":\"https:\\\/\\\/www.fireware.nl\\\/de\\\/?s={search_term_string}\"},\"query-input\":{\"@type\":\"PropertyValueSpecification\",\"valueRequired\":true,\"valueName\":\"search_term_string\"}}],\"inLanguage\":\"de\"},{\"@type\":\"Organization\",\"@id\":\"https:\\\/\\\/www.fireware.nl\\\/de\\\/#organization\",\"name\":\"FireWare\",\"url\":\"https:\\\/\\\/www.fireware.nl\\\/de\\\/\",\"logo\":{\"@type\":\"ImageObject\",\"inLanguage\":\"de\",\"@id\":\"https:\\\/\\\/www.fireware.nl\\\/de\\\/#\\\/schema\\\/logo\\\/image\\\/\",\"url\":\"https:\\\/\\\/www.fireware.nl\\\/wp-content\\\/uploads\\\/2018\\\/10\\\/fireware-logo.png\",\"contentUrl\":\"https:\\\/\\\/www.fireware.nl\\\/wp-content\\\/uploads\\\/2018\\\/10\\\/fireware-logo.png\",\"width\":200,\"height\":86,\"caption\":\"FireWare\"},\"image\":{\"@id\":\"https:\\\/\\\/www.fireware.nl\\\/de\\\/#\\\/schema\\\/logo\\\/image\\\/\"},\"sameAs\":[\"https:\\\/\\\/www.facebook.com\\\/FireWareBV\\\/\",\"https:\\\/\\\/x.com\\\/FireWarebv\",\"https:\\\/\\\/www.instagram.com\\\/fireware_nl\\\/\",\"https:\\\/\\\/www.linkedin.com\\\/company\\\/3586017\\\/\",\"https:\\\/\\\/www.youtube.com\\\/user\\\/firesalesrentconsult\"]}]}<\/script>\n<!-- \/ Yoast SEO plugin. -->","yoast_head_json":{"title":"Ruth Lee Duty Plus \u00dcbungspuppe - FireWare","robots":{"index":"index","follow":"follow","max-snippet":"max-snippet:-1","max-image-preview":"max-image-preview:large","max-video-preview":"max-video-preview:-1"},"canonical":"https:\/\/www.fireware.nl\/de\/product\/duty-plus-ubungspuppe\/","og_locale":"de_DE","og_type":"article","og_title":"Ruth Lee Duty Plus \u00dcbungspuppe - FireWare","og_description":"Im Vergleich zur Standard Duty Range wurde diese \u00dcbungspuppe so konzipiert, dass sie als \u201ebewusste Opfer\u201c fungiert und im Kopf- und Brustbereich steifer und aufrechter ist.  Sie ist mit einer Wirbels\u00e4ule ausgestattet, um \u201eKopfbewegungen\u201c zu verhindern, hat einen R\u00fccken aus geschlossenem Zellenschaum und Polypropylenstreifen, die bis zur Taille\/H\u00fcfte verlaufen, wodurch Flexibilit\u00e4t und eine \u201egerade\u201c Position erm\u00f6glicht werden \u2013 perfekt, um zum Beispiel in Fahrzeugen zu sitzen.  Anatomisch korrekte Gewichtsverteilung, um das \u201eGef\u00fchl\u201c eines bewussten Opfers zu vermitteln.  Eine starke Schlaufe auf der R\u00fcckseite erm\u00f6glicht ein einfaches Handhaben, Anheben, Lagern und Aufh\u00e4ngen zum Trocknen.  Stark genug, um unter Beton- oder Stahltr\u00e4gern zu liegen, \u00fcberfahren zu werden oder unbesch\u00e4digt aus einem Fenster im zweiten Stock zu fallen.  Hergestellt aus wasserabweisendem und flammhemmendem Material, was sie f\u00fcr nasse oder schmutzige Szenarien geeignet macht.  Weiche Gelenke am K\u00f6rper, um das Risiko von Druckstellen und Prellungen zu eliminieren; h\u00e4ufige Verletzungen bei der Verwendung von \u00dcbungspuppen mit einem Kunststoffk\u00f6rper.  Ein Halskragen kann bei den Erwachsenendummys angebracht werden, um die richtige Pflege f\u00fcr das Opfer zu gew\u00e4hrleisten.  Kann Temperaturen bis zu 100\u00b0C standhalten, sollte jedoch nicht l\u00e4ngerer Hitze oder offenen Flammen ausgesetzt werden.  Wird komplett mit Stiefeln und Overalls geliefert. Bei Abnutzung k\u00f6nnen diese nachbestellt werden, um die Lebensdauer der \u00dcbungspuppe zu verl\u00e4ngern.","og_url":"https:\/\/www.fireware.nl\/de\/product\/duty-plus-ubungspuppe\/","og_site_name":"FireWare","article_publisher":"https:\/\/www.facebook.com\/FireWareBV\/","article_modified_time":"2024-12-09T10:12:39+00:00","og_image":[{"width":600,"height":600,"url":"https:\/\/www.fireware.nl\/wp-content\/uploads\/2020\/12\/017-043-121-Duty-Plus-oefenpop-50kg-180-cm-1.jpg","type":"image\/jpeg"}],"twitter_card":"summary_large_image","twitter_site":"@FireWarebv","twitter_misc":{"Gesch\u00e4tzte Lesezeit":"2\u00a0Minuten"},"schema":{"@context":"https:\/\/schema.org","@graph":[{"@type":"WebPage","@id":"https:\/\/www.fireware.nl\/de\/product\/duty-plus-ubungspuppe\/","url":"https:\/\/www.fireware.nl\/de\/product\/duty-plus-ubungspuppe\/","name":"Ruth Lee Duty Plus \u00dcbungspuppe - FireWare","isPartOf":{"@id":"https:\/\/www.fireware.nl\/de\/#website"},"primaryImageOfPage":{"@id":"https:\/\/www.fireware.nl\/de\/product\/duty-plus-ubungspuppe\/#primaryimage"},"image":{"@id":"https:\/\/www.fireware.nl\/de\/product\/duty-plus-ubungspuppe\/#primaryimage"},"thumbnailUrl":"https:\/\/www.fireware.nl\/wp-content\/uploads\/2020\/12\/017-043-121-Duty-Plus-oefenpop-50kg-180-cm-1.jpg","datePublished":"2020-12-03T11:26:26+00:00","dateModified":"2024-12-09T10:12:39+00:00","breadcrumb":{"@id":"https:\/\/www.fireware.nl\/de\/product\/duty-plus-ubungspuppe\/#breadcrumb"},"inLanguage":"de","potentialAction":[{"@type":"ReadAction","target":["https:\/\/www.fireware.nl\/de\/product\/duty-plus-ubungspuppe\/"]}]},{"@type":"ImageObject","inLanguage":"de","@id":"https:\/\/www.fireware.nl\/de\/product\/duty-plus-ubungspuppe\/#primaryimage","url":"https:\/\/www.fireware.nl\/wp-content\/uploads\/2020\/12\/017-043-121-Duty-Plus-oefenpop-50kg-180-cm-1.jpg","contentUrl":"https:\/\/www.fireware.nl\/wp-content\/uploads\/2020\/12\/017-043-121-Duty-Plus-oefenpop-50kg-180-cm-1.jpg","width":600,"height":600},{"@type":"BreadcrumbList","@id":"https:\/\/www.fireware.nl\/de\/product\/duty-plus-ubungspuppe\/#breadcrumb","itemListElement":[{"@type":"ListItem","position":1,"name":"Home","item":"https:\/\/www.fireware.nl\/de\/"},{"@type":"ListItem","position":2,"name":"Produkte","item":"https:\/\/www.fireware.nl\/de\/produkte\/"},{"@type":"ListItem","position":3,"name":"Ruth Lee Duty Plus \u00dcbungspuppe"}]},{"@type":"WebSite","@id":"https:\/\/www.fireware.nl\/de\/#website","url":"https:\/\/www.fireware.nl\/de\/","name":"FireWare","description":"CREATING REALISTIC  TRAINING ENVIRONMENTS","publisher":{"@id":"https:\/\/www.fireware.nl\/de\/#organization"},"potentialAction":[{"@type":"SearchAction","target":{"@type":"EntryPoint","urlTemplate":"https:\/\/www.fireware.nl\/de\/?s={search_term_string}"},"query-input":{"@type":"PropertyValueSpecification","valueRequired":true,"valueName":"search_term_string"}}],"inLanguage":"de"},{"@type":"Organization","@id":"https:\/\/www.fireware.nl\/de\/#organization","name":"FireWare","url":"https:\/\/www.fireware.nl\/de\/","logo":{"@type":"ImageObject","inLanguage":"de","@id":"https:\/\/www.fireware.nl\/de\/#\/schema\/logo\/image\/","url":"https:\/\/www.fireware.nl\/wp-content\/uploads\/2018\/10\/fireware-logo.png","contentUrl":"https:\/\/www.fireware.nl\/wp-content\/uploads\/2018\/10\/fireware-logo.png","width":200,"height":86,"caption":"FireWare"},"image":{"@id":"https:\/\/www.fireware.nl\/de\/#\/schema\/logo\/image\/"},"sameAs":["https:\/\/www.facebook.com\/FireWareBV\/","https:\/\/x.com\/FireWarebv","https:\/\/www.instagram.com\/fireware_nl\/","https:\/\/www.linkedin.com\/company\/3586017\/","https:\/\/www.youtube.com\/user\/firesalesrentconsult"]}]}},"publishpress_future_workflow_manual_trigger":{"enabledWorkflows":[]},"_links":{"self":[{"href":"https:\/\/www.fireware.nl\/de\/wp-json\/wp\/v2\/product\/61770","targetHints":{"allow":["GET"]}}],"collection":[{"href":"https:\/\/www.fireware.nl\/de\/wp-json\/wp\/v2\/product"}],"about":[{"href":"https:\/\/www.fireware.nl\/de\/wp-json\/wp\/v2\/types\/product"}],"wp:featuredmedia":[{"embeddable":true,"href":"https:\/\/www.fireware.nl\/de\/wp-json\/wp\/v2\/media\/60006"}],"wp:attachment":[{"href":"https:\/\/www.fireware.nl\/de\/wp-json\/wp\/v2\/media?parent=61770"}],"wp:term":[{"taxonomy":"product_brand","embeddable":true,"href":"https:\/\/www.fireware.nl\/de\/wp-json\/wp\/v2\/product_brand?post=61770"},{"taxonomy":"product_cat","embeddable":true,"href":"https:\/\/www.fireware.nl\/de\/wp-json\/wp\/v2\/product_cat?post=61770"},{"taxonomy":"product_tag","embeddable":true,"href":"https:\/\/www.fireware.nl\/de\/wp-json\/wp\/v2\/product_tag?post=61770"}],"curies":[{"name":"wp","href":"https:\/\/api.w.org\/{rel}","templated":true}]}}