
{"id":60994,"date":"2021-05-11T10:06:24","date_gmt":"2021-05-11T10:06:24","guid":{"rendered":"https:\/\/www.fireware.nl\/product\/pyjama-fur-die-ubungspuppe-patientenpflege\/"},"modified":"2025-03-31T08:54:21","modified_gmt":"2025-03-31T08:54:21","slug":"pyjama-fur-die-ubungspuppe-patientenpflege","status":"publish","type":"product","link":"https:\/\/www.fireware.nl\/de\/product\/pyjama-fur-die-ubungspuppe-patientenpflege\/","title":{"rendered":"Pyjama f\u00fcr die \u00dcbungspuppe Patientenpflege"},"content":{"rendered":"\r\n<h2>Ziehen Sie Ihrer \u00dcbungspuppe einen neuen Pyjama an<\/h2>\r\n<p>Hygiene ist im Gesundheitswesen sehr wichtig. Um diese zu f\u00f6rdern, werden die <a href=\"https:\/\/www.fireware.nl\/de\/produkt\/emergency-evacuation-manikin\/\" target=\"_blank\" rel=\"noopener\">\u00dcbungspuppe Notfall-Evakuierung<\/a> standardm\u00e4\u00dfig mit Pyjamas geliefert. Diese Pyjamas bestehen aus antibakteriellem und waschbest\u00e4ndigem Material.<\/p>\r\n<p>Der Pyjama kann sich bei regelm\u00e4\u00dfiger Verwendung abnutzen und kaputtgehen. Um die Lebensdauer Ihrer \u00dcbungspuppe zu verl\u00e4ngern, wird empfohlen, den Schlafanzug rechtzeitig zu erneuern. Das Design und die Farbe des Pyjamas k\u00f6nnen vom Foto abweichen.<\/p>\r\n","protected":false},"excerpt":{"rendered":"<ul>\n<li>Geeignet f\u00fcr die \u00dcbungspuppe Notfall-Evakuierung<\/li>\n<li>Hergestellt aus antibakteriellem und waschbest\u00e4ndigem Material<\/li>\n<li>Farbe und Design k\u00f6nnen abweichen<\/li>\n<\/ul>\n","protected":false},"featured_media":60053,"template":"","meta":[],"product_brand":[],"product_cat":[2884],"product_tag":[],"class_list":{"0":"post-60994","1":"product","2":"type-product","3":"status-publish","4":"has-post-thumbnail","6":"product_cat-kleidung","8":"first","9":"instock","10":"taxable","11":"shipping-taxable","12":"purchasable","13":"product-type-simple"},"yoast_head":"<!-- This site is optimized with the Yoast SEO plugin v27.4 - https:\/\/yoast.com\/product\/yoast-seo-wordpress\/ -->\n<title>Pyjama f\u00fcr die \u00dcbungspuppe Patientenpflege - FireWare<\/title>\n<meta name=\"robots\" content=\"index, follow, max-snippet:-1, max-image-preview:large, max-video-preview:-1\" \/>\n<link rel=\"canonical\" href=\"https:\/\/www.fireware.nl\/de\/product\/pyjama-fur-die-ubungspuppe-patientenpflege\/\" \/>\n<meta property=\"og:locale\" content=\"de_DE\" \/>\n<meta property=\"og:type\" content=\"article\" \/>\n<meta property=\"og:title\" content=\"Pyjama f\u00fcr die \u00dcbungspuppe Patientenpflege - FireWare\" \/>\n<meta property=\"og:description\" content=\"Geeignet f\u00fcr die \u00dcbungspuppe Notfall-Evakuierung Hergestellt aus antibakteriellem und waschbest\u00e4ndigem Material Farbe und Design k\u00f6nnen abweichen\" \/>\n<meta property=\"og:url\" content=\"https:\/\/www.fireware.nl\/de\/product\/pyjama-fur-die-ubungspuppe-patientenpflege\/\" \/>\n<meta property=\"og:site_name\" content=\"FireWare\" \/>\n<meta property=\"article:publisher\" content=\"https:\/\/www.facebook.com\/FireWareBV\/\" \/>\n<meta property=\"article:modified_time\" content=\"2025-03-31T08:54:21+00:00\" \/>\n<meta property=\"og:image\" content=\"https:\/\/www.fireware.nl\/wp-content\/uploads\/2021\/05\/017-043-132-pyjama-emergency-evacuation-patient-handling-oefenpop.jpg\" \/>\n\t<meta property=\"og:image:width\" content=\"600\" \/>\n\t<meta property=\"og:image:height\" content=\"600\" \/>\n\t<meta property=\"og:image:type\" content=\"image\/jpeg\" \/>\n<meta name=\"twitter:card\" content=\"summary_large_image\" \/>\n<meta name=\"twitter:site\" content=\"@FireWarebv\" \/>\n<meta name=\"twitter:label1\" content=\"Gesch\u00e4tzte Lesezeit\" \/>\n\t<meta name=\"twitter:data1\" content=\"1\u00a0Minute\" \/>\n<script type=\"application\/ld+json\" class=\"yoast-schema-graph\">{\"@context\":\"https:\\\/\\\/schema.org\",\"@graph\":[{\"@type\":\"WebPage\",\"@id\":\"https:\\\/\\\/www.fireware.nl\\\/de\\\/product\\\/pyjama-fur-die-ubungspuppe-patientenpflege\\\/\",\"url\":\"https:\\\/\\\/www.fireware.nl\\\/de\\\/product\\\/pyjama-fur-die-ubungspuppe-patientenpflege\\\/\",\"name\":\"Pyjama f\u00fcr die \u00dcbungspuppe Patientenpflege - FireWare\",\"isPartOf\":{\"@id\":\"https:\\\/\\\/www.fireware.nl\\\/de\\\/#website\"},\"primaryImageOfPage\":{\"@id\":\"https:\\\/\\\/www.fireware.nl\\\/de\\\/product\\\/pyjama-fur-die-ubungspuppe-patientenpflege\\\/#primaryimage\"},\"image\":{\"@id\":\"https:\\\/\\\/www.fireware.nl\\\/de\\\/product\\\/pyjama-fur-die-ubungspuppe-patientenpflege\\\/#primaryimage\"},\"thumbnailUrl\":\"https:\\\/\\\/www.fireware.nl\\\/wp-content\\\/uploads\\\/2021\\\/05\\\/017-043-132-pyjama-emergency-evacuation-patient-handling-oefenpop.jpg\",\"datePublished\":\"2021-05-11T10:06:24+00:00\",\"dateModified\":\"2025-03-31T08:54:21+00:00\",\"breadcrumb\":{\"@id\":\"https:\\\/\\\/www.fireware.nl\\\/de\\\/product\\\/pyjama-fur-die-ubungspuppe-patientenpflege\\\/#breadcrumb\"},\"inLanguage\":\"de\",\"potentialAction\":[{\"@type\":\"ReadAction\",\"target\":[\"https:\\\/\\\/www.fireware.nl\\\/de\\\/product\\\/pyjama-fur-die-ubungspuppe-patientenpflege\\\/\"]}]},{\"@type\":\"ImageObject\",\"inLanguage\":\"de\",\"@id\":\"https:\\\/\\\/www.fireware.nl\\\/de\\\/product\\\/pyjama-fur-die-ubungspuppe-patientenpflege\\\/#primaryimage\",\"url\":\"https:\\\/\\\/www.fireware.nl\\\/wp-content\\\/uploads\\\/2021\\\/05\\\/017-043-132-pyjama-emergency-evacuation-patient-handling-oefenpop.jpg\",\"contentUrl\":\"https:\\\/\\\/www.fireware.nl\\\/wp-content\\\/uploads\\\/2021\\\/05\\\/017-043-132-pyjama-emergency-evacuation-patient-handling-oefenpop.jpg\",\"width\":600,\"height\":600},{\"@type\":\"BreadcrumbList\",\"@id\":\"https:\\\/\\\/www.fireware.nl\\\/de\\\/product\\\/pyjama-fur-die-ubungspuppe-patientenpflege\\\/#breadcrumb\",\"itemListElement\":[{\"@type\":\"ListItem\",\"position\":1,\"name\":\"Home\",\"item\":\"https:\\\/\\\/www.fireware.nl\\\/de\\\/\"},{\"@type\":\"ListItem\",\"position\":2,\"name\":\"Produkte\",\"item\":\"https:\\\/\\\/www.fireware.nl\\\/de\\\/produkte\\\/\"},{\"@type\":\"ListItem\",\"position\":3,\"name\":\"Pyjama f\u00fcr die \u00dcbungspuppe Patientenpflege\"}]},{\"@type\":\"WebSite\",\"@id\":\"https:\\\/\\\/www.fireware.nl\\\/de\\\/#website\",\"url\":\"https:\\\/\\\/www.fireware.nl\\\/de\\\/\",\"name\":\"FireWare\",\"description\":\"CREATING REALISTIC  TRAINING ENVIRONMENTS\",\"publisher\":{\"@id\":\"https:\\\/\\\/www.fireware.nl\\\/de\\\/#organization\"},\"potentialAction\":[{\"@type\":\"SearchAction\",\"target\":{\"@type\":\"EntryPoint\",\"urlTemplate\":\"https:\\\/\\\/www.fireware.nl\\\/de\\\/?s={search_term_string}\"},\"query-input\":{\"@type\":\"PropertyValueSpecification\",\"valueRequired\":true,\"valueName\":\"search_term_string\"}}],\"inLanguage\":\"de\"},{\"@type\":\"Organization\",\"@id\":\"https:\\\/\\\/www.fireware.nl\\\/de\\\/#organization\",\"name\":\"FireWare\",\"url\":\"https:\\\/\\\/www.fireware.nl\\\/de\\\/\",\"logo\":{\"@type\":\"ImageObject\",\"inLanguage\":\"de\",\"@id\":\"https:\\\/\\\/www.fireware.nl\\\/de\\\/#\\\/schema\\\/logo\\\/image\\\/\",\"url\":\"https:\\\/\\\/www.fireware.nl\\\/wp-content\\\/uploads\\\/2018\\\/10\\\/fireware-logo.png\",\"contentUrl\":\"https:\\\/\\\/www.fireware.nl\\\/wp-content\\\/uploads\\\/2018\\\/10\\\/fireware-logo.png\",\"width\":200,\"height\":86,\"caption\":\"FireWare\"},\"image\":{\"@id\":\"https:\\\/\\\/www.fireware.nl\\\/de\\\/#\\\/schema\\\/logo\\\/image\\\/\"},\"sameAs\":[\"https:\\\/\\\/www.facebook.com\\\/FireWareBV\\\/\",\"https:\\\/\\\/x.com\\\/FireWarebv\",\"https:\\\/\\\/www.instagram.com\\\/fireware_nl\\\/\",\"https:\\\/\\\/www.linkedin.com\\\/company\\\/3586017\\\/\",\"https:\\\/\\\/www.youtube.com\\\/user\\\/firesalesrentconsult\"]}]}<\/script>\n<!-- \/ Yoast SEO plugin. -->","yoast_head_json":{"title":"Pyjama f\u00fcr die \u00dcbungspuppe Patientenpflege - FireWare","robots":{"index":"index","follow":"follow","max-snippet":"max-snippet:-1","max-image-preview":"max-image-preview:large","max-video-preview":"max-video-preview:-1"},"canonical":"https:\/\/www.fireware.nl\/de\/product\/pyjama-fur-die-ubungspuppe-patientenpflege\/","og_locale":"de_DE","og_type":"article","og_title":"Pyjama f\u00fcr die \u00dcbungspuppe Patientenpflege - FireWare","og_description":"Geeignet f\u00fcr die \u00dcbungspuppe Notfall-Evakuierung Hergestellt aus antibakteriellem und waschbest\u00e4ndigem Material Farbe und Design k\u00f6nnen abweichen","og_url":"https:\/\/www.fireware.nl\/de\/product\/pyjama-fur-die-ubungspuppe-patientenpflege\/","og_site_name":"FireWare","article_publisher":"https:\/\/www.facebook.com\/FireWareBV\/","article_modified_time":"2025-03-31T08:54:21+00:00","og_image":[{"width":600,"height":600,"url":"https:\/\/www.fireware.nl\/wp-content\/uploads\/2021\/05\/017-043-132-pyjama-emergency-evacuation-patient-handling-oefenpop.jpg","type":"image\/jpeg"}],"twitter_card":"summary_large_image","twitter_site":"@FireWarebv","twitter_misc":{"Gesch\u00e4tzte Lesezeit":"1\u00a0Minute"},"schema":{"@context":"https:\/\/schema.org","@graph":[{"@type":"WebPage","@id":"https:\/\/www.fireware.nl\/de\/product\/pyjama-fur-die-ubungspuppe-patientenpflege\/","url":"https:\/\/www.fireware.nl\/de\/product\/pyjama-fur-die-ubungspuppe-patientenpflege\/","name":"Pyjama f\u00fcr die \u00dcbungspuppe Patientenpflege - FireWare","isPartOf":{"@id":"https:\/\/www.fireware.nl\/de\/#website"},"primaryImageOfPage":{"@id":"https:\/\/www.fireware.nl\/de\/product\/pyjama-fur-die-ubungspuppe-patientenpflege\/#primaryimage"},"image":{"@id":"https:\/\/www.fireware.nl\/de\/product\/pyjama-fur-die-ubungspuppe-patientenpflege\/#primaryimage"},"thumbnailUrl":"https:\/\/www.fireware.nl\/wp-content\/uploads\/2021\/05\/017-043-132-pyjama-emergency-evacuation-patient-handling-oefenpop.jpg","datePublished":"2021-05-11T10:06:24+00:00","dateModified":"2025-03-31T08:54:21+00:00","breadcrumb":{"@id":"https:\/\/www.fireware.nl\/de\/product\/pyjama-fur-die-ubungspuppe-patientenpflege\/#breadcrumb"},"inLanguage":"de","potentialAction":[{"@type":"ReadAction","target":["https:\/\/www.fireware.nl\/de\/product\/pyjama-fur-die-ubungspuppe-patientenpflege\/"]}]},{"@type":"ImageObject","inLanguage":"de","@id":"https:\/\/www.fireware.nl\/de\/product\/pyjama-fur-die-ubungspuppe-patientenpflege\/#primaryimage","url":"https:\/\/www.fireware.nl\/wp-content\/uploads\/2021\/05\/017-043-132-pyjama-emergency-evacuation-patient-handling-oefenpop.jpg","contentUrl":"https:\/\/www.fireware.nl\/wp-content\/uploads\/2021\/05\/017-043-132-pyjama-emergency-evacuation-patient-handling-oefenpop.jpg","width":600,"height":600},{"@type":"BreadcrumbList","@id":"https:\/\/www.fireware.nl\/de\/product\/pyjama-fur-die-ubungspuppe-patientenpflege\/#breadcrumb","itemListElement":[{"@type":"ListItem","position":1,"name":"Home","item":"https:\/\/www.fireware.nl\/de\/"},{"@type":"ListItem","position":2,"name":"Produkte","item":"https:\/\/www.fireware.nl\/de\/produkte\/"},{"@type":"ListItem","position":3,"name":"Pyjama f\u00fcr die \u00dcbungspuppe Patientenpflege"}]},{"@type":"WebSite","@id":"https:\/\/www.fireware.nl\/de\/#website","url":"https:\/\/www.fireware.nl\/de\/","name":"FireWare","description":"CREATING REALISTIC  TRAINING ENVIRONMENTS","publisher":{"@id":"https:\/\/www.fireware.nl\/de\/#organization"},"potentialAction":[{"@type":"SearchAction","target":{"@type":"EntryPoint","urlTemplate":"https:\/\/www.fireware.nl\/de\/?s={search_term_string}"},"query-input":{"@type":"PropertyValueSpecification","valueRequired":true,"valueName":"search_term_string"}}],"inLanguage":"de"},{"@type":"Organization","@id":"https:\/\/www.fireware.nl\/de\/#organization","name":"FireWare","url":"https:\/\/www.fireware.nl\/de\/","logo":{"@type":"ImageObject","inLanguage":"de","@id":"https:\/\/www.fireware.nl\/de\/#\/schema\/logo\/image\/","url":"https:\/\/www.fireware.nl\/wp-content\/uploads\/2018\/10\/fireware-logo.png","contentUrl":"https:\/\/www.fireware.nl\/wp-content\/uploads\/2018\/10\/fireware-logo.png","width":200,"height":86,"caption":"FireWare"},"image":{"@id":"https:\/\/www.fireware.nl\/de\/#\/schema\/logo\/image\/"},"sameAs":["https:\/\/www.facebook.com\/FireWareBV\/","https:\/\/x.com\/FireWarebv","https:\/\/www.instagram.com\/fireware_nl\/","https:\/\/www.linkedin.com\/company\/3586017\/","https:\/\/www.youtube.com\/user\/firesalesrentconsult"]}]}},"publishpress_future_workflow_manual_trigger":{"enabledWorkflows":[]},"_links":{"self":[{"href":"https:\/\/www.fireware.nl\/de\/wp-json\/wp\/v2\/product\/60994","targetHints":{"allow":["GET"]}}],"collection":[{"href":"https:\/\/www.fireware.nl\/de\/wp-json\/wp\/v2\/product"}],"about":[{"href":"https:\/\/www.fireware.nl\/de\/wp-json\/wp\/v2\/types\/product"}],"wp:featuredmedia":[{"embeddable":true,"href":"https:\/\/www.fireware.nl\/de\/wp-json\/wp\/v2\/media\/60053"}],"wp:attachment":[{"href":"https:\/\/www.fireware.nl\/de\/wp-json\/wp\/v2\/media?parent=60994"}],"wp:term":[{"taxonomy":"product_brand","embeddable":true,"href":"https:\/\/www.fireware.nl\/de\/wp-json\/wp\/v2\/product_brand?post=60994"},{"taxonomy":"product_cat","embeddable":true,"href":"https:\/\/www.fireware.nl\/de\/wp-json\/wp\/v2\/product_cat?post=60994"},{"taxonomy":"product_tag","embeddable":true,"href":"https:\/\/www.fireware.nl\/de\/wp-json\/wp\/v2\/product_tag?post=60994"}],"curies":[{"name":"wp","href":"https:\/\/api.w.org\/{rel}","templated":true}]}}