
{"id":60990,"date":"2021-05-11T09:36:41","date_gmt":"2021-05-11T09:36:41","guid":{"rendered":"https:\/\/www.fireware.nl\/product\/weiche-stiefel\/"},"modified":"2022-01-17T15:40:52","modified_gmt":"2022-01-17T15:40:52","slug":"weiche-stiefel","status":"publish","type":"product","link":"https:\/\/www.fireware.nl\/de\/product\/weiche-stiefel\/","title":{"rendered":"Weiche Stiefel"},"content":{"rendered":"\r\n<h2>Sch\u00fctzen Sie Ihrer \u00dcbungspuppe mit weichen Stiefeln<\/h2>\r\n<p>Die <a href=\"https:\/\/www.fireware.nl\/de\/produkt\/ubungspuppe-patientenpflege\/\">\u00dcbungspuppe Patientenpflege<\/a> und die <a href=\"https:\/\/www.fireware.nl\/de\/produkt\/emergency-evacuation-manikin\/\">\u00dcbungspuppe Notfall-Evakuierung<\/a> werden standardm\u00e4\u00dfig mit weichen Stiefeln geliefert. Diese sch\u00fctzen die F\u00fc\u00dfe und die Unterschenkel der \u00dcbungspuppe. Durch das Bewegen und Schleppen der \u00dcbungspuppe k\u00f6nnen die Stiefel mit der Zeit verschlei\u00dfen und kaputtgehen. Um die Haltbarkeit der \u00dcbungpuppe zu gew\u00e4hrleisten, wird empfohlen, die Stiefel rechtzeitig zu ersetzen.<\/p>\r\n<p>Die weichen Stiefel werden speziell f\u00fcr die \u00dcbungspuppe Patientenpflege und die \u00dcbungspuppe Notfall-Evakuierung hergestellt. Suchen Sie festere Stiefel, die f\u00fcr fast alle \u00dcbungspuppen geeignet sind? Dann schauen Sie sich unsere <a href=\"https:\/\/www.fireware.nl\/de\/produkt\/gummistiefel\/\" target=\"_blank\" rel=\"noopener\">Gummistiefel<\/a> an.<\/p>\r\n","protected":false},"excerpt":{"rendered":"<ul>\n<li>Weiche Stiefel zum Schutz Ihrer \u00dcbungspuppe.<\/li>\n<li>Nur geeignet f\u00fcr die \u00dcbungspuppe Patientenpflege und die \u00dcbungspuppe Notfall-Evakuierung.<\/li>\n<\/ul>\n","protected":false},"featured_media":60322,"template":"","meta":[],"product_brand":[],"product_cat":[2884],"product_tag":[],"class_list":{"0":"post-60990","1":"product","2":"type-product","3":"status-publish","4":"has-post-thumbnail","6":"product_cat-kleidung","8":"first","9":"instock","10":"taxable","11":"shipping-taxable","12":"purchasable","13":"product-type-simple"},"yoast_head":"<!-- This site is optimized with the Yoast SEO plugin v27.2 - https:\/\/yoast.com\/product\/yoast-seo-wordpress\/ -->\n<title>Weiche Stiefel - FireWare<\/title>\n<meta name=\"robots\" content=\"index, follow, max-snippet:-1, max-image-preview:large, max-video-preview:-1\" \/>\n<link rel=\"canonical\" href=\"https:\/\/www.fireware.nl\/de\/product\/weiche-stiefel\/\" \/>\n<meta property=\"og:locale\" content=\"de_DE\" \/>\n<meta property=\"og:type\" content=\"article\" \/>\n<meta property=\"og:title\" content=\"Weiche Stiefel - FireWare\" \/>\n<meta property=\"og:description\" content=\"Weiche Stiefel zum Schutz Ihrer \u00dcbungspuppe. Nur geeignet f\u00fcr die \u00dcbungspuppe Patientenpflege und die \u00dcbungspuppe Notfall-Evakuierung.\" \/>\n<meta property=\"og:url\" content=\"https:\/\/www.fireware.nl\/de\/product\/weiche-stiefel\/\" \/>\n<meta property=\"og:site_name\" content=\"FireWare\" \/>\n<meta property=\"article:publisher\" content=\"https:\/\/www.facebook.com\/FireWareBV\/\" \/>\n<meta property=\"article:modified_time\" content=\"2022-01-17T15:40:52+00:00\" \/>\n<meta property=\"og:image\" content=\"https:\/\/www.fireware.nl\/wp-content\/uploads\/2021\/05\/017-043-131-zachte-laarzen-oefenpop-patientenzorg-en-emergency-evacuatio-oefenpop.jpg\" \/>\n\t<meta property=\"og:image:width\" content=\"600\" \/>\n\t<meta property=\"og:image:height\" content=\"600\" \/>\n\t<meta property=\"og:image:type\" content=\"image\/jpeg\" \/>\n<meta name=\"twitter:card\" content=\"summary_large_image\" \/>\n<meta name=\"twitter:site\" content=\"@FireWarebv\" \/>\n<meta name=\"twitter:label1\" content=\"Gesch\u00e4tzte Lesezeit\" \/>\n\t<meta name=\"twitter:data1\" content=\"1\u00a0Minute\" \/>\n<script type=\"application\/ld+json\" class=\"yoast-schema-graph\">{\"@context\":\"https:\/\/schema.org\",\"@graph\":[{\"@type\":\"WebPage\",\"@id\":\"https:\/\/www.fireware.nl\/de\/product\/weiche-stiefel\/\",\"url\":\"https:\/\/www.fireware.nl\/de\/product\/weiche-stiefel\/\",\"name\":\"Weiche Stiefel - FireWare\",\"isPartOf\":{\"@id\":\"https:\/\/www.fireware.nl\/de\/#website\"},\"primaryImageOfPage\":{\"@id\":\"https:\/\/www.fireware.nl\/de\/product\/weiche-stiefel\/#primaryimage\"},\"image\":{\"@id\":\"https:\/\/www.fireware.nl\/de\/product\/weiche-stiefel\/#primaryimage\"},\"thumbnailUrl\":\"https:\/\/www.fireware.nl\/wp-content\/uploads\/2021\/05\/017-043-131-zachte-laarzen-oefenpop-patientenzorg-en-emergency-evacuatio-oefenpop.jpg\",\"datePublished\":\"2021-05-11T09:36:41+00:00\",\"dateModified\":\"2022-01-17T15:40:52+00:00\",\"breadcrumb\":{\"@id\":\"https:\/\/www.fireware.nl\/de\/product\/weiche-stiefel\/#breadcrumb\"},\"inLanguage\":\"de\",\"potentialAction\":[{\"@type\":\"ReadAction\",\"target\":[\"https:\/\/www.fireware.nl\/de\/product\/weiche-stiefel\/\"]}]},{\"@type\":\"ImageObject\",\"inLanguage\":\"de\",\"@id\":\"https:\/\/www.fireware.nl\/de\/product\/weiche-stiefel\/#primaryimage\",\"url\":\"https:\/\/www.fireware.nl\/wp-content\/uploads\/2021\/05\/017-043-131-zachte-laarzen-oefenpop-patientenzorg-en-emergency-evacuatio-oefenpop.jpg\",\"contentUrl\":\"https:\/\/www.fireware.nl\/wp-content\/uploads\/2021\/05\/017-043-131-zachte-laarzen-oefenpop-patientenzorg-en-emergency-evacuatio-oefenpop.jpg\",\"width\":600,\"height\":600},{\"@type\":\"BreadcrumbList\",\"@id\":\"https:\/\/www.fireware.nl\/de\/product\/weiche-stiefel\/#breadcrumb\",\"itemListElement\":[{\"@type\":\"ListItem\",\"position\":1,\"name\":\"Home\",\"item\":\"https:\/\/www.fireware.nl\/de\/\"},{\"@type\":\"ListItem\",\"position\":2,\"name\":\"Produkte\",\"item\":\"https:\/\/www.fireware.nl\/de\/produkte\/\"},{\"@type\":\"ListItem\",\"position\":3,\"name\":\"Weiche Stiefel\"}]},{\"@type\":\"WebSite\",\"@id\":\"https:\/\/www.fireware.nl\/de\/#website\",\"url\":\"https:\/\/www.fireware.nl\/de\/\",\"name\":\"FireWare\",\"description\":\"CREATING REALISTIC  TRAINING ENVIRONMENTS\",\"publisher\":{\"@id\":\"https:\/\/www.fireware.nl\/de\/#organization\"},\"potentialAction\":[{\"@type\":\"SearchAction\",\"target\":{\"@type\":\"EntryPoint\",\"urlTemplate\":\"https:\/\/www.fireware.nl\/de\/?s={search_term_string}\"},\"query-input\":{\"@type\":\"PropertyValueSpecification\",\"valueRequired\":true,\"valueName\":\"search_term_string\"}}],\"inLanguage\":\"de\"},{\"@type\":\"Organization\",\"@id\":\"https:\/\/www.fireware.nl\/de\/#organization\",\"name\":\"FireWare\",\"url\":\"https:\/\/www.fireware.nl\/de\/\",\"logo\":{\"@type\":\"ImageObject\",\"inLanguage\":\"de\",\"@id\":\"https:\/\/www.fireware.nl\/de\/#\/schema\/logo\/image\/\",\"url\":\"https:\/\/www.fireware.nl\/wp-content\/uploads\/2018\/10\/fireware-logo.png\",\"contentUrl\":\"https:\/\/www.fireware.nl\/wp-content\/uploads\/2018\/10\/fireware-logo.png\",\"width\":200,\"height\":86,\"caption\":\"FireWare\"},\"image\":{\"@id\":\"https:\/\/www.fireware.nl\/de\/#\/schema\/logo\/image\/\"},\"sameAs\":[\"https:\/\/www.facebook.com\/FireWareBV\/\",\"https:\/\/x.com\/FireWarebv\",\"https:\/\/www.instagram.com\/fireware_nl\/\",\"https:\/\/www.linkedin.com\/company\/3586017\/\",\"https:\/\/www.youtube.com\/user\/firesalesrentconsult\"]}]}<\/script>\n<!-- \/ Yoast SEO plugin. -->","yoast_head_json":{"title":"Weiche Stiefel - FireWare","robots":{"index":"index","follow":"follow","max-snippet":"max-snippet:-1","max-image-preview":"max-image-preview:large","max-video-preview":"max-video-preview:-1"},"canonical":"https:\/\/www.fireware.nl\/de\/product\/weiche-stiefel\/","og_locale":"de_DE","og_type":"article","og_title":"Weiche Stiefel - FireWare","og_description":"Weiche Stiefel zum Schutz Ihrer \u00dcbungspuppe. Nur geeignet f\u00fcr die \u00dcbungspuppe Patientenpflege und die \u00dcbungspuppe Notfall-Evakuierung.","og_url":"https:\/\/www.fireware.nl\/de\/product\/weiche-stiefel\/","og_site_name":"FireWare","article_publisher":"https:\/\/www.facebook.com\/FireWareBV\/","article_modified_time":"2022-01-17T15:40:52+00:00","og_image":[{"width":600,"height":600,"url":"https:\/\/www.fireware.nl\/wp-content\/uploads\/2021\/05\/017-043-131-zachte-laarzen-oefenpop-patientenzorg-en-emergency-evacuatio-oefenpop.jpg","type":"image\/jpeg"}],"twitter_card":"summary_large_image","twitter_site":"@FireWarebv","twitter_misc":{"Gesch\u00e4tzte Lesezeit":"1\u00a0Minute"},"schema":{"@context":"https:\/\/schema.org","@graph":[{"@type":"WebPage","@id":"https:\/\/www.fireware.nl\/de\/product\/weiche-stiefel\/","url":"https:\/\/www.fireware.nl\/de\/product\/weiche-stiefel\/","name":"Weiche Stiefel - FireWare","isPartOf":{"@id":"https:\/\/www.fireware.nl\/de\/#website"},"primaryImageOfPage":{"@id":"https:\/\/www.fireware.nl\/de\/product\/weiche-stiefel\/#primaryimage"},"image":{"@id":"https:\/\/www.fireware.nl\/de\/product\/weiche-stiefel\/#primaryimage"},"thumbnailUrl":"https:\/\/www.fireware.nl\/wp-content\/uploads\/2021\/05\/017-043-131-zachte-laarzen-oefenpop-patientenzorg-en-emergency-evacuatio-oefenpop.jpg","datePublished":"2021-05-11T09:36:41+00:00","dateModified":"2022-01-17T15:40:52+00:00","breadcrumb":{"@id":"https:\/\/www.fireware.nl\/de\/product\/weiche-stiefel\/#breadcrumb"},"inLanguage":"de","potentialAction":[{"@type":"ReadAction","target":["https:\/\/www.fireware.nl\/de\/product\/weiche-stiefel\/"]}]},{"@type":"ImageObject","inLanguage":"de","@id":"https:\/\/www.fireware.nl\/de\/product\/weiche-stiefel\/#primaryimage","url":"https:\/\/www.fireware.nl\/wp-content\/uploads\/2021\/05\/017-043-131-zachte-laarzen-oefenpop-patientenzorg-en-emergency-evacuatio-oefenpop.jpg","contentUrl":"https:\/\/www.fireware.nl\/wp-content\/uploads\/2021\/05\/017-043-131-zachte-laarzen-oefenpop-patientenzorg-en-emergency-evacuatio-oefenpop.jpg","width":600,"height":600},{"@type":"BreadcrumbList","@id":"https:\/\/www.fireware.nl\/de\/product\/weiche-stiefel\/#breadcrumb","itemListElement":[{"@type":"ListItem","position":1,"name":"Home","item":"https:\/\/www.fireware.nl\/de\/"},{"@type":"ListItem","position":2,"name":"Produkte","item":"https:\/\/www.fireware.nl\/de\/produkte\/"},{"@type":"ListItem","position":3,"name":"Weiche Stiefel"}]},{"@type":"WebSite","@id":"https:\/\/www.fireware.nl\/de\/#website","url":"https:\/\/www.fireware.nl\/de\/","name":"FireWare","description":"CREATING REALISTIC  TRAINING ENVIRONMENTS","publisher":{"@id":"https:\/\/www.fireware.nl\/de\/#organization"},"potentialAction":[{"@type":"SearchAction","target":{"@type":"EntryPoint","urlTemplate":"https:\/\/www.fireware.nl\/de\/?s={search_term_string}"},"query-input":{"@type":"PropertyValueSpecification","valueRequired":true,"valueName":"search_term_string"}}],"inLanguage":"de"},{"@type":"Organization","@id":"https:\/\/www.fireware.nl\/de\/#organization","name":"FireWare","url":"https:\/\/www.fireware.nl\/de\/","logo":{"@type":"ImageObject","inLanguage":"de","@id":"https:\/\/www.fireware.nl\/de\/#\/schema\/logo\/image\/","url":"https:\/\/www.fireware.nl\/wp-content\/uploads\/2018\/10\/fireware-logo.png","contentUrl":"https:\/\/www.fireware.nl\/wp-content\/uploads\/2018\/10\/fireware-logo.png","width":200,"height":86,"caption":"FireWare"},"image":{"@id":"https:\/\/www.fireware.nl\/de\/#\/schema\/logo\/image\/"},"sameAs":["https:\/\/www.facebook.com\/FireWareBV\/","https:\/\/x.com\/FireWarebv","https:\/\/www.instagram.com\/fireware_nl\/","https:\/\/www.linkedin.com\/company\/3586017\/","https:\/\/www.youtube.com\/user\/firesalesrentconsult"]}]}},"publishpress_future_workflow_manual_trigger":{"enabledWorkflows":[]},"_links":{"self":[{"href":"https:\/\/www.fireware.nl\/de\/wp-json\/wp\/v2\/product\/60990","targetHints":{"allow":["GET"]}}],"collection":[{"href":"https:\/\/www.fireware.nl\/de\/wp-json\/wp\/v2\/product"}],"about":[{"href":"https:\/\/www.fireware.nl\/de\/wp-json\/wp\/v2\/types\/product"}],"wp:featuredmedia":[{"embeddable":true,"href":"https:\/\/www.fireware.nl\/de\/wp-json\/wp\/v2\/media\/60322"}],"wp:attachment":[{"href":"https:\/\/www.fireware.nl\/de\/wp-json\/wp\/v2\/media?parent=60990"}],"wp:term":[{"taxonomy":"product_brand","embeddable":true,"href":"https:\/\/www.fireware.nl\/de\/wp-json\/wp\/v2\/product_brand?post=60990"},{"taxonomy":"product_cat","embeddable":true,"href":"https:\/\/www.fireware.nl\/de\/wp-json\/wp\/v2\/product_cat?post=60990"},{"taxonomy":"product_tag","embeddable":true,"href":"https:\/\/www.fireware.nl\/de\/wp-json\/wp\/v2\/product_tag?post=60990"}],"curies":[{"name":"wp","href":"https:\/\/api.w.org\/{rel}","templated":true}]}}