
{"id":60973,"date":"2021-05-11T12:09:27","date_gmt":"2021-05-11T12:09:27","guid":{"rendered":"https:\/\/www.fireware.nl\/product\/advanced-water-rescue-manikin\/"},"modified":"2024-12-09T12:45:46","modified_gmt":"2024-12-09T12:45:46","slug":"advanced-water-rescue-manikin","status":"publish","type":"product","link":"https:\/\/www.fireware.nl\/de\/product\/advanced-water-rescue-manikin\/","title":{"rendered":"Ruth Lee Advanced Water Rescue Manikin"},"content":{"rendered":"<h2>Ruth Lee Trainingspuppen<\/h2>\n<p>Die Ruth Lee Trainingspuppen sind f\u00fcr realistische und effektive Schulungen konzipiert. Diese Puppen sind bekannt f\u00fcr ihre Haltbarkeit und Vielseitigkeit und eignen sich ideal f\u00fcr das Training von Feuerwehrleuten, Ersthelfern, Rettungsdiensten und anderen Hilfskr\u00e4ften. Mit Ruth Lee Trainingspuppen k\u00f6nnen realistische Szenarien simuliert werden, die Einsatzkr\u00e4fte besser auf echte Notf\u00e4lle vorbereiten. Die Auswahl umfasst Puppen f\u00fcr verschiedene Trainingstypen und in unterschiedlichen Gr\u00f6\u00dfen und Gewichten.<\/p>\n<h2>Heben Sie Ihr Wasserrettungstraining auf das h\u00f6chste Niveau<\/h2>\n<p>Die Advanced Water Rescue Trainingspuppe ist eine hochentwickelte Puppe, die eine hyperrealistische Simulation einer ertrinkenden Person erm\u00f6glicht. In die Entwicklung dieser Puppe sind mehr als 25 Jahre Erfahrung in der Herstellung von Puppen f\u00fcr die Medizin- und Rettungsbranche eingeflossen. Der Torso wurde von medizinischen Simulationsexperten bei Lifecast Body Simulation entwickelt und erm\u00f6glicht das \u00dcben aller Rettungsma\u00dfnahmen, die bei der Rettung eines Ertrinkenden erforderlich sind. Der Rest des robusten K\u00f6rpers wird von Ruth Lee gefertigt und ist so gestaltet, dass die Puppe ein bewusstloses, treibendes Opfer simuliert.<\/p>\n<h2>Kein Wechsel der Puppe w\u00e4hrend des Trainings mehr n\u00f6tig<\/h2>\n<p>H\u00e4ufig werden bei einer Wasserrettungs\u00fcbung zwei verschiedene Puppen eingesetzt. Zuerst wird eine Wasserrettungspuppe ins Szenario gebracht, um ein (bewusstloses) ertrinkendes Opfer zu simulieren. Sobald die Teilnehmer das Opfer aus dem Wasser gerettet haben, wird auf eine Reanimationspuppe umgeschaltet. Die Advanced Water Rescue Trainingspuppe beseitigt diesen Wechsel und gew\u00e4hrleistet dadurch ein kontinuierliches Trainingserlebnis, wobei die Intensit\u00e4t hoch bleibt und die Teilnehmer fokussiert bleiben.<\/p>\n<h2>Simulation von prim\u00e4rem und sekund\u00e4rem Ertrinken<\/h2>\n<p>Die Advanced Water Rescue Trainingspuppe simuliert den hydrostatischen Druck auf den K\u00f6rper des Opfers. Diese Puppe eignet sich f\u00fcr die Simulation sowohl eines prim\u00e4ren (trockenen) Ertrinkens als auch eines sekund\u00e4ren (nassen) Ertrinkens. Unter dem Torso befindet sich ein Drei-Wege-Rohr. \u00dcber einen der Schl\u00e4uche kann der Ausbilder Fl\u00fcssigkeiten einspritzen, um das Sch\u00e4umen aus dem Mund des Opfers zu simulieren \u2013 ein Durchbruch f\u00fcr Wasserrettungs\u00fcbungen!<\/p>\n<p>Die Puppe ist geeignet f\u00fcr das \u00dcben der grundlegenden Reanimationstechniken. Das Brustbein im Kinder-Torso kann um 4 bis 5 Zentimeter eingedr\u00fcckt werden, beim Erwachsenen-Torso sind es 5 bis 6 Zentimeter. Beide Torso-Modelle verf\u00fcgen \u00fcber eine integrierte R\u00fccksto\u00dffunktion, die den Teilnehmern ein realistisches Gef\u00fchl bei der Thoraxkompression vermittelt. Zudem ist die Puppe f\u00fcr das Training von Intubationstechniken geeignet.<\/p>\n<h2>Lassen Sie die Puppe etwas sinken<\/h2>\n<p>Die Advanced Water Rescue Trainingspuppe treibt von sich aus mit Schultern und Kopf \u00fcber Wasser, in einem Winkel von 45 Grad, und h\u00e4lt diesen Winkel auch bei rauen Wasserbedingungen. Zwischen den Beinen der Puppe befinden sich Kunststoffschnallen, die ein Zusammenhalten der Beine erm\u00f6glichen. In den Taschen an Armen, Beinen, Brust und R\u00fccken k\u00f6nnen zus\u00e4tzliche Gewichte angebracht werden, sodass der Auftriebswinkel der Puppe nach Bedarf angepasst werden kann. Die Advanced Water Rescue Puppe sinkt bei einem zus\u00e4tzlichen Gewicht von mehr als 10 Kilogramm; in diesem Fall wird eine Schwimmweste empfohlen.<\/p>\n<h2>Realistische K\u00f6rperproportionen<\/h2>\n<p>Die Advanced Water Rescue Trainingspuppe ist in zwei Ausf\u00fchrungen erh\u00e4ltlich: mit einem Trockengewicht von 12 Kilogramm (Kleinkind) und 50 Kilogramm (Erwachsener) und verf\u00fcgt \u00fcber realistische Proportionen zwischen Gr\u00f6\u00dfe und Gewicht. Die Erwachsenenpuppe wird mit weichen Schuhen oder Stiefeln geliefert, die speziell f\u00fcr den Wasserabfluss entwickelt wurden.<\/p>\n","protected":false},"excerpt":{"rendered":"<ul>\n<li>Die Trainingspuppe simuliert ein \u00e4u\u00dferst realistisches (bewusstloses) Opfer im Wasser;<\/li>\n<li>Geeignet zum \u00dcben von Wasserrettungsman\u00f6vern;<\/li>\n<li>Die Advanced Water Rescue Manikin verf\u00fcgt \u00fcber einen vollst\u00e4ndig funktionsf\u00e4higen Torso f\u00fcr die Atemwegsmanagement, mit allen anatomischen Landmarken.<\/li>\n<li>\u00dcben Sie fortgeschrittene Wiederbelebungstechniken sowie Brustkompressionen.<\/li>\n<li>Eignet sich f\u00fcr das Training von Intubationstechniken;<\/li>\n<li>Kann je nach Hinzuf\u00fcgen von Gewicht schwimmen oder sinken;<\/li>\n<li>Geeignet zur Simulation sowohl eines prim\u00e4ren (trockenen) als auch eines sekund\u00e4ren (nassen) Ertrinkens;<\/li>\n<li>Schaumbildung kann erreicht werden, indem Wasser \u00fcber den Dreiweghahn in das System eingef\u00fchrt wird;<\/li>\n<li>Eine hochrealistische Puppe, die zus\u00e4tzlichen visuellen Einfluss bietet und hilft, die emotionale Vorbereitung f\u00fcr Rettungen bei Ertrinkungsunf\u00e4llen zu trainieren.<\/li>\n<li>Verf\u00fcgbar als Kleinkindversion (12 kg Trockengewicht) und Erwachsenenversion (50 kg Trockengewicht).<\/li>\n<\/ul>\n","protected":false},"featured_media":60086,"template":"","meta":[],"product_brand":[],"product_cat":[114],"product_tag":[],"class_list":{"0":"post-60973","1":"product","2":"type-product","3":"status-publish","4":"has-post-thumbnail","6":"product_cat-wasserrettung-puppe","7":"pa_grootte-erwachsene","8":"pa_grootte-kleinkind","10":"first","11":"instock","12":"taxable","13":"shipping-taxable","14":"purchasable","15":"product-type-variable"},"yoast_head":"<!-- This site is optimized with the Yoast SEO plugin v27.4 - https:\/\/yoast.com\/product\/yoast-seo-wordpress\/ -->\n<title>Ruth Lee Advanced Water Rescue Manikin - FireWare<\/title>\n<meta name=\"robots\" content=\"index, follow, max-snippet:-1, max-image-preview:large, max-video-preview:-1\" \/>\n<link rel=\"canonical\" href=\"https:\/\/www.fireware.nl\/de\/product\/advanced-water-rescue-manikin\/\" \/>\n<meta property=\"og:locale\" content=\"de_DE\" \/>\n<meta property=\"og:type\" content=\"article\" \/>\n<meta property=\"og:title\" content=\"Ruth Lee Advanced Water Rescue Manikin - FireWare\" \/>\n<meta property=\"og:description\" content=\"Die Trainingspuppe simuliert ein \u00e4u\u00dferst realistisches (bewusstloses) Opfer im Wasser;  Geeignet zum \u00dcben von Wasserrettungsman\u00f6vern;  Die Advanced Water Rescue Manikin verf\u00fcgt \u00fcber einen vollst\u00e4ndig funktionsf\u00e4higen Torso f\u00fcr die Atemwegsmanagement, mit allen anatomischen Landmarken.  \u00dcben Sie fortgeschrittene Wiederbelebungstechniken sowie Brustkompressionen.  Eignet sich f\u00fcr das Training von Intubationstechniken;  Kann je nach Hinzuf\u00fcgen von Gewicht schwimmen oder sinken;  Geeignet zur Simulation sowohl eines prim\u00e4ren (trockenen) als auch eines sekund\u00e4ren (nassen) Ertrinkens;  Schaumbildung kann erreicht werden, indem Wasser \u00fcber den Dreiweghahn in das System eingef\u00fchrt wird;  Eine hochrealistische Puppe, die zus\u00e4tzlichen visuellen Einfluss bietet und hilft, die emotionale Vorbereitung f\u00fcr Rettungen bei Ertrinkungsunf\u00e4llen zu trainieren.  Verf\u00fcgbar als Kleinkindversion (12 kg Trockengewicht) und Erwachsenenversion (50 kg Trockengewicht).\" \/>\n<meta property=\"og:url\" content=\"https:\/\/www.fireware.nl\/de\/product\/advanced-water-rescue-manikin\/\" \/>\n<meta property=\"og:site_name\" content=\"FireWare\" \/>\n<meta property=\"article:publisher\" content=\"https:\/\/www.facebook.com\/FireWareBV\/\" \/>\n<meta property=\"article:modified_time\" content=\"2024-12-09T12:45:46+00:00\" \/>\n<meta property=\"og:image\" content=\"https:\/\/www.fireware.nl\/wp-content\/uploads\/2021\/05\/Advanced-Water-Rescue-Manikin-Bare-Chest.jpg\" \/>\n\t<meta property=\"og:image:width\" content=\"600\" \/>\n\t<meta property=\"og:image:height\" content=\"600\" \/>\n\t<meta property=\"og:image:type\" content=\"image\/jpeg\" \/>\n<meta name=\"twitter:card\" content=\"summary_large_image\" \/>\n<meta name=\"twitter:site\" content=\"@FireWarebv\" \/>\n<meta name=\"twitter:label1\" content=\"Gesch\u00e4tzte Lesezeit\" \/>\n\t<meta name=\"twitter:data1\" content=\"3\u00a0Minuten\" \/>\n<script type=\"application\/ld+json\" class=\"yoast-schema-graph\">{\"@context\":\"https:\\\/\\\/schema.org\",\"@graph\":[{\"@type\":\"WebPage\",\"@id\":\"https:\\\/\\\/www.fireware.nl\\\/de\\\/product\\\/advanced-water-rescue-manikin\\\/\",\"url\":\"https:\\\/\\\/www.fireware.nl\\\/de\\\/product\\\/advanced-water-rescue-manikin\\\/\",\"name\":\"Ruth Lee Advanced Water Rescue Manikin - FireWare\",\"isPartOf\":{\"@id\":\"https:\\\/\\\/www.fireware.nl\\\/de\\\/#website\"},\"primaryImageOfPage\":{\"@id\":\"https:\\\/\\\/www.fireware.nl\\\/de\\\/product\\\/advanced-water-rescue-manikin\\\/#primaryimage\"},\"image\":{\"@id\":\"https:\\\/\\\/www.fireware.nl\\\/de\\\/product\\\/advanced-water-rescue-manikin\\\/#primaryimage\"},\"thumbnailUrl\":\"https:\\\/\\\/www.fireware.nl\\\/wp-content\\\/uploads\\\/2021\\\/05\\\/Advanced-Water-Rescue-Manikin-Bare-Chest.jpg\",\"datePublished\":\"2021-05-11T12:09:27+00:00\",\"dateModified\":\"2024-12-09T12:45:46+00:00\",\"breadcrumb\":{\"@id\":\"https:\\\/\\\/www.fireware.nl\\\/de\\\/product\\\/advanced-water-rescue-manikin\\\/#breadcrumb\"},\"inLanguage\":\"de\",\"potentialAction\":[{\"@type\":\"ReadAction\",\"target\":[\"https:\\\/\\\/www.fireware.nl\\\/de\\\/product\\\/advanced-water-rescue-manikin\\\/\"]}]},{\"@type\":\"ImageObject\",\"inLanguage\":\"de\",\"@id\":\"https:\\\/\\\/www.fireware.nl\\\/de\\\/product\\\/advanced-water-rescue-manikin\\\/#primaryimage\",\"url\":\"https:\\\/\\\/www.fireware.nl\\\/wp-content\\\/uploads\\\/2021\\\/05\\\/Advanced-Water-Rescue-Manikin-Bare-Chest.jpg\",\"contentUrl\":\"https:\\\/\\\/www.fireware.nl\\\/wp-content\\\/uploads\\\/2021\\\/05\\\/Advanced-Water-Rescue-Manikin-Bare-Chest.jpg\",\"width\":600,\"height\":600},{\"@type\":\"BreadcrumbList\",\"@id\":\"https:\\\/\\\/www.fireware.nl\\\/de\\\/product\\\/advanced-water-rescue-manikin\\\/#breadcrumb\",\"itemListElement\":[{\"@type\":\"ListItem\",\"position\":1,\"name\":\"Home\",\"item\":\"https:\\\/\\\/www.fireware.nl\\\/de\\\/\"},{\"@type\":\"ListItem\",\"position\":2,\"name\":\"Produkte\",\"item\":\"https:\\\/\\\/www.fireware.nl\\\/de\\\/produkte\\\/\"},{\"@type\":\"ListItem\",\"position\":3,\"name\":\"Ruth Lee Advanced Water Rescue Manikin\"}]},{\"@type\":\"WebSite\",\"@id\":\"https:\\\/\\\/www.fireware.nl\\\/de\\\/#website\",\"url\":\"https:\\\/\\\/www.fireware.nl\\\/de\\\/\",\"name\":\"FireWare\",\"description\":\"CREATING REALISTIC  TRAINING ENVIRONMENTS\",\"publisher\":{\"@id\":\"https:\\\/\\\/www.fireware.nl\\\/de\\\/#organization\"},\"potentialAction\":[{\"@type\":\"SearchAction\",\"target\":{\"@type\":\"EntryPoint\",\"urlTemplate\":\"https:\\\/\\\/www.fireware.nl\\\/de\\\/?s={search_term_string}\"},\"query-input\":{\"@type\":\"PropertyValueSpecification\",\"valueRequired\":true,\"valueName\":\"search_term_string\"}}],\"inLanguage\":\"de\"},{\"@type\":\"Organization\",\"@id\":\"https:\\\/\\\/www.fireware.nl\\\/de\\\/#organization\",\"name\":\"FireWare\",\"url\":\"https:\\\/\\\/www.fireware.nl\\\/de\\\/\",\"logo\":{\"@type\":\"ImageObject\",\"inLanguage\":\"de\",\"@id\":\"https:\\\/\\\/www.fireware.nl\\\/de\\\/#\\\/schema\\\/logo\\\/image\\\/\",\"url\":\"https:\\\/\\\/www.fireware.nl\\\/wp-content\\\/uploads\\\/2018\\\/10\\\/fireware-logo.png\",\"contentUrl\":\"https:\\\/\\\/www.fireware.nl\\\/wp-content\\\/uploads\\\/2018\\\/10\\\/fireware-logo.png\",\"width\":200,\"height\":86,\"caption\":\"FireWare\"},\"image\":{\"@id\":\"https:\\\/\\\/www.fireware.nl\\\/de\\\/#\\\/schema\\\/logo\\\/image\\\/\"},\"sameAs\":[\"https:\\\/\\\/www.facebook.com\\\/FireWareBV\\\/\",\"https:\\\/\\\/x.com\\\/FireWarebv\",\"https:\\\/\\\/www.instagram.com\\\/fireware_nl\\\/\",\"https:\\\/\\\/www.linkedin.com\\\/company\\\/3586017\\\/\",\"https:\\\/\\\/www.youtube.com\\\/user\\\/firesalesrentconsult\"]}]}<\/script>\n<!-- \/ Yoast SEO plugin. -->","yoast_head_json":{"title":"Ruth Lee Advanced Water Rescue Manikin - FireWare","robots":{"index":"index","follow":"follow","max-snippet":"max-snippet:-1","max-image-preview":"max-image-preview:large","max-video-preview":"max-video-preview:-1"},"canonical":"https:\/\/www.fireware.nl\/de\/product\/advanced-water-rescue-manikin\/","og_locale":"de_DE","og_type":"article","og_title":"Ruth Lee Advanced Water Rescue Manikin - FireWare","og_description":"Die Trainingspuppe simuliert ein \u00e4u\u00dferst realistisches (bewusstloses) Opfer im Wasser;  Geeignet zum \u00dcben von Wasserrettungsman\u00f6vern;  Die Advanced Water Rescue Manikin verf\u00fcgt \u00fcber einen vollst\u00e4ndig funktionsf\u00e4higen Torso f\u00fcr die Atemwegsmanagement, mit allen anatomischen Landmarken.  \u00dcben Sie fortgeschrittene Wiederbelebungstechniken sowie Brustkompressionen.  Eignet sich f\u00fcr das Training von Intubationstechniken;  Kann je nach Hinzuf\u00fcgen von Gewicht schwimmen oder sinken;  Geeignet zur Simulation sowohl eines prim\u00e4ren (trockenen) als auch eines sekund\u00e4ren (nassen) Ertrinkens;  Schaumbildung kann erreicht werden, indem Wasser \u00fcber den Dreiweghahn in das System eingef\u00fchrt wird;  Eine hochrealistische Puppe, die zus\u00e4tzlichen visuellen Einfluss bietet und hilft, die emotionale Vorbereitung f\u00fcr Rettungen bei Ertrinkungsunf\u00e4llen zu trainieren.  Verf\u00fcgbar als Kleinkindversion (12 kg Trockengewicht) und Erwachsenenversion (50 kg Trockengewicht).","og_url":"https:\/\/www.fireware.nl\/de\/product\/advanced-water-rescue-manikin\/","og_site_name":"FireWare","article_publisher":"https:\/\/www.facebook.com\/FireWareBV\/","article_modified_time":"2024-12-09T12:45:46+00:00","og_image":[{"width":600,"height":600,"url":"https:\/\/www.fireware.nl\/wp-content\/uploads\/2021\/05\/Advanced-Water-Rescue-Manikin-Bare-Chest.jpg","type":"image\/jpeg"}],"twitter_card":"summary_large_image","twitter_site":"@FireWarebv","twitter_misc":{"Gesch\u00e4tzte Lesezeit":"3\u00a0Minuten"},"schema":{"@context":"https:\/\/schema.org","@graph":[{"@type":"WebPage","@id":"https:\/\/www.fireware.nl\/de\/product\/advanced-water-rescue-manikin\/","url":"https:\/\/www.fireware.nl\/de\/product\/advanced-water-rescue-manikin\/","name":"Ruth Lee Advanced Water Rescue Manikin - FireWare","isPartOf":{"@id":"https:\/\/www.fireware.nl\/de\/#website"},"primaryImageOfPage":{"@id":"https:\/\/www.fireware.nl\/de\/product\/advanced-water-rescue-manikin\/#primaryimage"},"image":{"@id":"https:\/\/www.fireware.nl\/de\/product\/advanced-water-rescue-manikin\/#primaryimage"},"thumbnailUrl":"https:\/\/www.fireware.nl\/wp-content\/uploads\/2021\/05\/Advanced-Water-Rescue-Manikin-Bare-Chest.jpg","datePublished":"2021-05-11T12:09:27+00:00","dateModified":"2024-12-09T12:45:46+00:00","breadcrumb":{"@id":"https:\/\/www.fireware.nl\/de\/product\/advanced-water-rescue-manikin\/#breadcrumb"},"inLanguage":"de","potentialAction":[{"@type":"ReadAction","target":["https:\/\/www.fireware.nl\/de\/product\/advanced-water-rescue-manikin\/"]}]},{"@type":"ImageObject","inLanguage":"de","@id":"https:\/\/www.fireware.nl\/de\/product\/advanced-water-rescue-manikin\/#primaryimage","url":"https:\/\/www.fireware.nl\/wp-content\/uploads\/2021\/05\/Advanced-Water-Rescue-Manikin-Bare-Chest.jpg","contentUrl":"https:\/\/www.fireware.nl\/wp-content\/uploads\/2021\/05\/Advanced-Water-Rescue-Manikin-Bare-Chest.jpg","width":600,"height":600},{"@type":"BreadcrumbList","@id":"https:\/\/www.fireware.nl\/de\/product\/advanced-water-rescue-manikin\/#breadcrumb","itemListElement":[{"@type":"ListItem","position":1,"name":"Home","item":"https:\/\/www.fireware.nl\/de\/"},{"@type":"ListItem","position":2,"name":"Produkte","item":"https:\/\/www.fireware.nl\/de\/produkte\/"},{"@type":"ListItem","position":3,"name":"Ruth Lee Advanced Water Rescue Manikin"}]},{"@type":"WebSite","@id":"https:\/\/www.fireware.nl\/de\/#website","url":"https:\/\/www.fireware.nl\/de\/","name":"FireWare","description":"CREATING REALISTIC  TRAINING ENVIRONMENTS","publisher":{"@id":"https:\/\/www.fireware.nl\/de\/#organization"},"potentialAction":[{"@type":"SearchAction","target":{"@type":"EntryPoint","urlTemplate":"https:\/\/www.fireware.nl\/de\/?s={search_term_string}"},"query-input":{"@type":"PropertyValueSpecification","valueRequired":true,"valueName":"search_term_string"}}],"inLanguage":"de"},{"@type":"Organization","@id":"https:\/\/www.fireware.nl\/de\/#organization","name":"FireWare","url":"https:\/\/www.fireware.nl\/de\/","logo":{"@type":"ImageObject","inLanguage":"de","@id":"https:\/\/www.fireware.nl\/de\/#\/schema\/logo\/image\/","url":"https:\/\/www.fireware.nl\/wp-content\/uploads\/2018\/10\/fireware-logo.png","contentUrl":"https:\/\/www.fireware.nl\/wp-content\/uploads\/2018\/10\/fireware-logo.png","width":200,"height":86,"caption":"FireWare"},"image":{"@id":"https:\/\/www.fireware.nl\/de\/#\/schema\/logo\/image\/"},"sameAs":["https:\/\/www.facebook.com\/FireWareBV\/","https:\/\/x.com\/FireWarebv","https:\/\/www.instagram.com\/fireware_nl\/","https:\/\/www.linkedin.com\/company\/3586017\/","https:\/\/www.youtube.com\/user\/firesalesrentconsult"]}]}},"publishpress_future_workflow_manual_trigger":{"enabledWorkflows":[]},"_links":{"self":[{"href":"https:\/\/www.fireware.nl\/de\/wp-json\/wp\/v2\/product\/60973","targetHints":{"allow":["GET"]}}],"collection":[{"href":"https:\/\/www.fireware.nl\/de\/wp-json\/wp\/v2\/product"}],"about":[{"href":"https:\/\/www.fireware.nl\/de\/wp-json\/wp\/v2\/types\/product"}],"wp:featuredmedia":[{"embeddable":true,"href":"https:\/\/www.fireware.nl\/de\/wp-json\/wp\/v2\/media\/60086"}],"wp:attachment":[{"href":"https:\/\/www.fireware.nl\/de\/wp-json\/wp\/v2\/media?parent=60973"}],"wp:term":[{"taxonomy":"product_brand","embeddable":true,"href":"https:\/\/www.fireware.nl\/de\/wp-json\/wp\/v2\/product_brand?post=60973"},{"taxonomy":"product_cat","embeddable":true,"href":"https:\/\/www.fireware.nl\/de\/wp-json\/wp\/v2\/product_cat?post=60973"},{"taxonomy":"product_tag","embeddable":true,"href":"https:\/\/www.fireware.nl\/de\/wp-json\/wp\/v2\/product_tag?post=60973"}],"curies":[{"name":"wp","href":"https:\/\/api.w.org\/{rel}","templated":true}]}}