
{"id":57952,"date":"2021-03-09T08:32:31","date_gmt":"2021-03-09T08:32:31","guid":{"rendered":"https:\/\/www.fireware.nl\/product\/vesta-trolley\/"},"modified":"2026-01-23T14:54:14","modified_gmt":"2026-01-23T14:54:14","slug":"vesta-trolley","status":"publish","type":"product","link":"https:\/\/www.fireware.nl\/de\/product\/vesta-trolley\/","title":{"rendered":"Vesta Trolley"},"content":{"rendered":"\r\n<h2>Stellen Sie den Vesta auf die Schreibtischh\u00f6he ein und machen Sie Ihren L\u00f6schtrainer mobil<\/h2>\r\n<p>Mit dem Vesta Trolley k\u00f6nnen Sie die H\u00f6he des <a href=\"https:\/\/www.fireware.nl\/de\/product\/vesta-loeschtrainer\/\" target=\"_blank\" rel=\"noopener\">FireWare Vesta L\u00f6schtrainer<\/a> einstellen. Der Trolley kann mit den mitgelieferten Rohrprofilen auf zwei H\u00f6hen eingestellt werden. Sie k\u00f6nnen die Vesta so positionieren, dass sich die Oberseite etwa 50 Zentimeter \u00fcber dem Boden oder etwa 75 Zentimeter \u00fcber dem Boden befindet. Verwenden Sie den L\u00f6schtrainer auf Schreibtischh\u00f6he und machen Sie die \u00dcbungen mit dem <a href=\"https:\/\/www.fireware.nl\/de\/product\/add-on-computer\/\" target=\"_blank\" rel=\"noopener\">Add-On Computer<\/a>, der <a href=\"https:\/\/www.fireware.nl\/de\/product\/add-on-fryer\/\" target=\"_blank\" rel=\"noopener\">Add-On Fryer<\/a> oder dem <a href=\"https:\/\/www.fireware.nl\/de\/product\/add-on-schaltschrank\/\" target=\"_blank\" rel=\"noopener\">Add-On Schaltschrank<\/a> noch realistischer!<\/p>\r\n<p>Da der Trolley R\u00e4der hat, k\u00f6nnen Sie die Vesta auch leicht bewegen. Schl\u00e4gt das Wetter um und m\u00f6chten Sie den Kurs in Innenr\u00e4umen anbieten? Dann k\u00f6nnen Sie den Feuerl\u00f6schtrainer an einen anderen Ort verfahren!<\/p>\r\n<p>Der Vesta Trolley wird in einer Kunststoffkiste f\u00fcr den Transport mit den Abmessungen 60 x 40 x 32,5 Zentimeter geliefert.<\/p>\r\n<h2>Sehen Sie sich das Video an<\/h2>\r\n<p><iframe src=\"https:\/\/www.youtube.com\/embed\/sA0zQ3g8ZKI?rel=0&amp;hl=de&amp;cc_lang_pref=de&amp;cc_load_policy=1\" width=\"560\" height=\"315\" frameborder=\"0\" allowfullscreen=\"allowfullscreen\"><\/iframe><\/p>\r\n","protected":false},"excerpt":{"rendered":"<ul>\n<li>Stellen Sie die Oberseite des <a href=\"https:\/\/www.fireware.nl\/de\/product\/vesta-loeschtrainer\/\" target=\"_blank\" rel=\"noopener\">Vesta<\/a> auf Schreibtischh\u00f6he oder etwa einen halben Meter \u00fcber dem Boden ein<\/li>\n<li>Machen Sie den Vesta-L\u00f6schtrainer mobil<\/li>\n<li>Lieferung in einer praktischen Plastikbox 60 x 40 x 32,5 cm f\u00fcr den Transport<\/li>\n<\/ul>\n","protected":false},"featured_media":57929,"template":"","meta":[],"product_brand":[],"product_cat":[74],"product_tag":[],"class_list":{"0":"post-57952","1":"product","2":"type-product","3":"status-publish","4":"has-post-thumbnail","6":"product_cat-attrappen-fuer-loeschtrainer","8":"first","9":"instock","10":"taxable","11":"shipping-taxable","12":"purchasable","13":"product-type-simple"},"yoast_head":"<!-- This site is optimized with the Yoast SEO plugin v27.2 - https:\/\/yoast.com\/product\/yoast-seo-wordpress\/ -->\n<title>Vesta Trolley - FireWare<\/title>\n<meta name=\"robots\" content=\"index, follow, max-snippet:-1, max-image-preview:large, max-video-preview:-1\" \/>\n<link rel=\"canonical\" href=\"https:\/\/www.fireware.nl\/de\/product\/vesta-trolley\/\" \/>\n<meta property=\"og:locale\" content=\"de_DE\" \/>\n<meta property=\"og:type\" content=\"article\" \/>\n<meta property=\"og:title\" content=\"Vesta Trolley - FireWare\" \/>\n<meta property=\"og:description\" content=\"Stellen Sie die Oberseite des Vesta auf Schreibtischh\u00f6he oder etwa einen halben Meter \u00fcber dem Boden ein Machen Sie den Vesta-L\u00f6schtrainer mobil Lieferung in einer praktischen Plastikbox 60 x 40 x 32,5 cm f\u00fcr den Transport\" \/>\n<meta property=\"og:url\" content=\"https:\/\/www.fireware.nl\/de\/product\/vesta-trolley\/\" \/>\n<meta property=\"og:site_name\" content=\"FireWare\" \/>\n<meta property=\"article:publisher\" content=\"https:\/\/www.facebook.com\/FireWareBV\/\" \/>\n<meta property=\"article:modified_time\" content=\"2026-01-23T14:54:14+00:00\" \/>\n<meta property=\"og:image\" content=\"https:\/\/www.fireware.nl\/wp-content\/uploads\/2021\/03\/049-012-046-Vesta-Trolley-hoge-poten.jpg\" \/>\n\t<meta property=\"og:image:width\" content=\"600\" \/>\n\t<meta property=\"og:image:height\" content=\"600\" \/>\n\t<meta property=\"og:image:type\" content=\"image\/jpeg\" \/>\n<meta name=\"twitter:card\" content=\"summary_large_image\" \/>\n<meta name=\"twitter:site\" content=\"@FireWarebv\" \/>\n<meta name=\"twitter:label1\" content=\"Gesch\u00e4tzte Lesezeit\" \/>\n\t<meta name=\"twitter:data1\" content=\"1\u00a0Minute\" \/>\n<script type=\"application\/ld+json\" class=\"yoast-schema-graph\">{\"@context\":\"https:\/\/schema.org\",\"@graph\":[{\"@type\":\"WebPage\",\"@id\":\"https:\/\/www.fireware.nl\/de\/product\/vesta-trolley\/\",\"url\":\"https:\/\/www.fireware.nl\/de\/product\/vesta-trolley\/\",\"name\":\"Vesta Trolley - FireWare\",\"isPartOf\":{\"@id\":\"https:\/\/www.fireware.nl\/de\/#website\"},\"primaryImageOfPage\":{\"@id\":\"https:\/\/www.fireware.nl\/de\/product\/vesta-trolley\/#primaryimage\"},\"image\":{\"@id\":\"https:\/\/www.fireware.nl\/de\/product\/vesta-trolley\/#primaryimage\"},\"thumbnailUrl\":\"https:\/\/www.fireware.nl\/wp-content\/uploads\/2021\/03\/049-012-046-Vesta-Trolley-hoge-poten.jpg\",\"datePublished\":\"2021-03-09T08:32:31+00:00\",\"dateModified\":\"2026-01-23T14:54:14+00:00\",\"breadcrumb\":{\"@id\":\"https:\/\/www.fireware.nl\/de\/product\/vesta-trolley\/#breadcrumb\"},\"inLanguage\":\"de\",\"potentialAction\":[{\"@type\":\"ReadAction\",\"target\":[\"https:\/\/www.fireware.nl\/de\/product\/vesta-trolley\/\"]}]},{\"@type\":\"ImageObject\",\"inLanguage\":\"de\",\"@id\":\"https:\/\/www.fireware.nl\/de\/product\/vesta-trolley\/#primaryimage\",\"url\":\"https:\/\/www.fireware.nl\/wp-content\/uploads\/2021\/03\/049-012-046-Vesta-Trolley-hoge-poten.jpg\",\"contentUrl\":\"https:\/\/www.fireware.nl\/wp-content\/uploads\/2021\/03\/049-012-046-Vesta-Trolley-hoge-poten.jpg\",\"width\":600,\"height\":600},{\"@type\":\"BreadcrumbList\",\"@id\":\"https:\/\/www.fireware.nl\/de\/product\/vesta-trolley\/#breadcrumb\",\"itemListElement\":[{\"@type\":\"ListItem\",\"position\":1,\"name\":\"Home\",\"item\":\"https:\/\/www.fireware.nl\/de\/\"},{\"@type\":\"ListItem\",\"position\":2,\"name\":\"Produkte\",\"item\":\"https:\/\/www.fireware.nl\/de\/produkte\/\"},{\"@type\":\"ListItem\",\"position\":3,\"name\":\"Vesta Trolley\"}]},{\"@type\":\"WebSite\",\"@id\":\"https:\/\/www.fireware.nl\/de\/#website\",\"url\":\"https:\/\/www.fireware.nl\/de\/\",\"name\":\"FireWare\",\"description\":\"CREATING REALISTIC  TRAINING ENVIRONMENTS\",\"publisher\":{\"@id\":\"https:\/\/www.fireware.nl\/de\/#organization\"},\"potentialAction\":[{\"@type\":\"SearchAction\",\"target\":{\"@type\":\"EntryPoint\",\"urlTemplate\":\"https:\/\/www.fireware.nl\/de\/?s={search_term_string}\"},\"query-input\":{\"@type\":\"PropertyValueSpecification\",\"valueRequired\":true,\"valueName\":\"search_term_string\"}}],\"inLanguage\":\"de\"},{\"@type\":\"Organization\",\"@id\":\"https:\/\/www.fireware.nl\/de\/#organization\",\"name\":\"FireWare\",\"url\":\"https:\/\/www.fireware.nl\/de\/\",\"logo\":{\"@type\":\"ImageObject\",\"inLanguage\":\"de\",\"@id\":\"https:\/\/www.fireware.nl\/de\/#\/schema\/logo\/image\/\",\"url\":\"https:\/\/www.fireware.nl\/wp-content\/uploads\/2018\/10\/fireware-logo.png\",\"contentUrl\":\"https:\/\/www.fireware.nl\/wp-content\/uploads\/2018\/10\/fireware-logo.png\",\"width\":200,\"height\":86,\"caption\":\"FireWare\"},\"image\":{\"@id\":\"https:\/\/www.fireware.nl\/de\/#\/schema\/logo\/image\/\"},\"sameAs\":[\"https:\/\/www.facebook.com\/FireWareBV\/\",\"https:\/\/x.com\/FireWarebv\",\"https:\/\/www.instagram.com\/fireware_nl\/\",\"https:\/\/www.linkedin.com\/company\/3586017\/\",\"https:\/\/www.youtube.com\/user\/firesalesrentconsult\"]}]}<\/script>\n<!-- \/ Yoast SEO plugin. -->","yoast_head_json":{"title":"Vesta Trolley - FireWare","robots":{"index":"index","follow":"follow","max-snippet":"max-snippet:-1","max-image-preview":"max-image-preview:large","max-video-preview":"max-video-preview:-1"},"canonical":"https:\/\/www.fireware.nl\/de\/product\/vesta-trolley\/","og_locale":"de_DE","og_type":"article","og_title":"Vesta Trolley - FireWare","og_description":"Stellen Sie die Oberseite des Vesta auf Schreibtischh\u00f6he oder etwa einen halben Meter \u00fcber dem Boden ein Machen Sie den Vesta-L\u00f6schtrainer mobil Lieferung in einer praktischen Plastikbox 60 x 40 x 32,5 cm f\u00fcr den Transport","og_url":"https:\/\/www.fireware.nl\/de\/product\/vesta-trolley\/","og_site_name":"FireWare","article_publisher":"https:\/\/www.facebook.com\/FireWareBV\/","article_modified_time":"2026-01-23T14:54:14+00:00","og_image":[{"width":600,"height":600,"url":"https:\/\/www.fireware.nl\/wp-content\/uploads\/2021\/03\/049-012-046-Vesta-Trolley-hoge-poten.jpg","type":"image\/jpeg"}],"twitter_card":"summary_large_image","twitter_site":"@FireWarebv","twitter_misc":{"Gesch\u00e4tzte Lesezeit":"1\u00a0Minute"},"schema":{"@context":"https:\/\/schema.org","@graph":[{"@type":"WebPage","@id":"https:\/\/www.fireware.nl\/de\/product\/vesta-trolley\/","url":"https:\/\/www.fireware.nl\/de\/product\/vesta-trolley\/","name":"Vesta Trolley - FireWare","isPartOf":{"@id":"https:\/\/www.fireware.nl\/de\/#website"},"primaryImageOfPage":{"@id":"https:\/\/www.fireware.nl\/de\/product\/vesta-trolley\/#primaryimage"},"image":{"@id":"https:\/\/www.fireware.nl\/de\/product\/vesta-trolley\/#primaryimage"},"thumbnailUrl":"https:\/\/www.fireware.nl\/wp-content\/uploads\/2021\/03\/049-012-046-Vesta-Trolley-hoge-poten.jpg","datePublished":"2021-03-09T08:32:31+00:00","dateModified":"2026-01-23T14:54:14+00:00","breadcrumb":{"@id":"https:\/\/www.fireware.nl\/de\/product\/vesta-trolley\/#breadcrumb"},"inLanguage":"de","potentialAction":[{"@type":"ReadAction","target":["https:\/\/www.fireware.nl\/de\/product\/vesta-trolley\/"]}]},{"@type":"ImageObject","inLanguage":"de","@id":"https:\/\/www.fireware.nl\/de\/product\/vesta-trolley\/#primaryimage","url":"https:\/\/www.fireware.nl\/wp-content\/uploads\/2021\/03\/049-012-046-Vesta-Trolley-hoge-poten.jpg","contentUrl":"https:\/\/www.fireware.nl\/wp-content\/uploads\/2021\/03\/049-012-046-Vesta-Trolley-hoge-poten.jpg","width":600,"height":600},{"@type":"BreadcrumbList","@id":"https:\/\/www.fireware.nl\/de\/product\/vesta-trolley\/#breadcrumb","itemListElement":[{"@type":"ListItem","position":1,"name":"Home","item":"https:\/\/www.fireware.nl\/de\/"},{"@type":"ListItem","position":2,"name":"Produkte","item":"https:\/\/www.fireware.nl\/de\/produkte\/"},{"@type":"ListItem","position":3,"name":"Vesta Trolley"}]},{"@type":"WebSite","@id":"https:\/\/www.fireware.nl\/de\/#website","url":"https:\/\/www.fireware.nl\/de\/","name":"FireWare","description":"CREATING REALISTIC  TRAINING ENVIRONMENTS","publisher":{"@id":"https:\/\/www.fireware.nl\/de\/#organization"},"potentialAction":[{"@type":"SearchAction","target":{"@type":"EntryPoint","urlTemplate":"https:\/\/www.fireware.nl\/de\/?s={search_term_string}"},"query-input":{"@type":"PropertyValueSpecification","valueRequired":true,"valueName":"search_term_string"}}],"inLanguage":"de"},{"@type":"Organization","@id":"https:\/\/www.fireware.nl\/de\/#organization","name":"FireWare","url":"https:\/\/www.fireware.nl\/de\/","logo":{"@type":"ImageObject","inLanguage":"de","@id":"https:\/\/www.fireware.nl\/de\/#\/schema\/logo\/image\/","url":"https:\/\/www.fireware.nl\/wp-content\/uploads\/2018\/10\/fireware-logo.png","contentUrl":"https:\/\/www.fireware.nl\/wp-content\/uploads\/2018\/10\/fireware-logo.png","width":200,"height":86,"caption":"FireWare"},"image":{"@id":"https:\/\/www.fireware.nl\/de\/#\/schema\/logo\/image\/"},"sameAs":["https:\/\/www.facebook.com\/FireWareBV\/","https:\/\/x.com\/FireWarebv","https:\/\/www.instagram.com\/fireware_nl\/","https:\/\/www.linkedin.com\/company\/3586017\/","https:\/\/www.youtube.com\/user\/firesalesrentconsult"]}]}},"publishpress_future_workflow_manual_trigger":{"enabledWorkflows":[]},"_links":{"self":[{"href":"https:\/\/www.fireware.nl\/de\/wp-json\/wp\/v2\/product\/57952","targetHints":{"allow":["GET"]}}],"collection":[{"href":"https:\/\/www.fireware.nl\/de\/wp-json\/wp\/v2\/product"}],"about":[{"href":"https:\/\/www.fireware.nl\/de\/wp-json\/wp\/v2\/types\/product"}],"wp:featuredmedia":[{"embeddable":true,"href":"https:\/\/www.fireware.nl\/de\/wp-json\/wp\/v2\/media\/57929"}],"wp:attachment":[{"href":"https:\/\/www.fireware.nl\/de\/wp-json\/wp\/v2\/media?parent=57952"}],"wp:term":[{"taxonomy":"product_brand","embeddable":true,"href":"https:\/\/www.fireware.nl\/de\/wp-json\/wp\/v2\/product_brand?post=57952"},{"taxonomy":"product_cat","embeddable":true,"href":"https:\/\/www.fireware.nl\/de\/wp-json\/wp\/v2\/product_cat?post=57952"},{"taxonomy":"product_tag","embeddable":true,"href":"https:\/\/www.fireware.nl\/de\/wp-json\/wp\/v2\/product_tag?post=57952"}],"curies":[{"name":"wp","href":"https:\/\/api.w.org\/{rel}","templated":true}]}}