
{"id":56064,"date":"2021-02-17T13:27:48","date_gmt":"2021-02-17T13:27:48","guid":{"rendered":"https:\/\/www.fireware.nl\/product\/add-on-schaltschrank\/"},"modified":"2026-01-23T14:46:42","modified_gmt":"2026-01-23T14:46:42","slug":"add-on-schaltschrank","status":"publish","type":"product","link":"https:\/\/www.fireware.nl\/de\/product\/add-on-schaltschrank\/","title":{"rendered":"Add-on Schaltschrank"},"content":{"rendered":"\r\n<h2>Simulieren Sie einen Elektrizit\u00e4tsbrand mit dem Vesta L\u00f6schtrainer<\/h2>\r\n<p>Kombinieren Sie Ihren L\u00f6schtrainer mit dem Add-on Schaltschrank und simulieren Sie sicher ein elektrisches Feuer. Mit diesem Aufsatz f\u00fcr die <a href=\"https:\/\/www.fireware.nl\/de\/product\/vesta-loeschtrainer\/\" target=\"_blank\" rel=\"noopener\">FireWare Vesta<\/a> bieten Sie Ihren Lehrgangsteilnehmern eine herausfordernde L\u00f6sch\u00fcbung.<\/p>\r\n<p>Das Geh\u00e4use des Add-on Schaltschranks besteht aus Edelstahl und sieht realistisch wie ein echter Schaltschrank aus. Der Lehrgangsteilnehmer bedient den Hauptschalter, um den Schrank abzuschalten. Die T\u00fcr kann durch das Drehen des T\u00fcrgriffs ge\u00f6ffnet werden. In der Box ist ein Flammenrichter montiert, der daf\u00fcr sorgt, dass eine Flamme nach au\u00dfen dringt. Sie k\u00f6nnen sowohl mit einem Schauml\u00f6scher als auch mit einem CO<sub>2<\/sub>-L\u00f6scher \u00fcben!<\/p>\r\n<p>Aufgrund des intelligenten Designs kann der Aufsatz problemlos in der mitgelieferten Kunststoffbox aufbewahrt werden. Diese Box ist f\u00fcr den Transport handlich dimensioniert: 60 x 40 x 32,5 cm.<\/p>\r\n<h2>Sehen Sie sich das Video an<\/h2>\r\n<p><iframe src=\"https:\/\/www.youtube.com\/embed\/hcNmfUADOcE?rel=0&amp;hl=de&amp;cc_lang_pref=de&amp;cc_load_policy=1\" width=\"560\" height=\"315\" frameborder=\"0\" allowfullscreen=\"allowfullscreen\"><\/iframe><\/p>\r\n","protected":false},"excerpt":{"rendered":"<ul>\n<li>Simulieren Sie sicher ein elektrisches Feuer<\/li>\n<li>Beinhaltet einen Hauptschalter und eine T\u00fcr mit Drehgriff<\/li>\n<li>Richten Sie die Flamme mit dem Flammeneinsteller durch die T\u00fcr\u00f6ffnung<\/li>\n<li>Hergestellt aus hochwertigem Edelstahl<\/li>\n<li>Lieferung in einer Plastikkiste zum Transport (60 x 40 x 32,5 cm)<\/li>\n<\/ul>\n","protected":false},"featured_media":58556,"template":"","meta":[],"product_brand":[],"product_cat":[74],"product_tag":[],"class_list":{"0":"post-56064","1":"product","2":"type-product","3":"status-publish","4":"has-post-thumbnail","6":"product_cat-attrappen-fuer-loeschtrainer","8":"first","9":"instock","10":"taxable","11":"shipping-taxable","12":"purchasable","13":"product-type-simple"},"yoast_head":"<!-- This site is optimized with the Yoast SEO plugin v27.2 - https:\/\/yoast.com\/product\/yoast-seo-wordpress\/ -->\n<title>Add-on Schaltschrank - FireWare<\/title>\n<meta name=\"robots\" content=\"index, follow, max-snippet:-1, max-image-preview:large, max-video-preview:-1\" \/>\n<link rel=\"canonical\" href=\"https:\/\/www.fireware.nl\/de\/product\/add-on-schaltschrank\/\" \/>\n<meta property=\"og:locale\" content=\"de_DE\" \/>\n<meta property=\"og:type\" content=\"article\" \/>\n<meta property=\"og:title\" content=\"Add-on Schaltschrank - FireWare\" \/>\n<meta property=\"og:description\" content=\"Simulieren Sie sicher ein elektrisches Feuer Beinhaltet einen Hauptschalter und eine T\u00fcr mit Drehgriff Richten Sie die Flamme mit dem Flammeneinsteller durch die T\u00fcr\u00f6ffnung Hergestellt aus hochwertigem Edelstahl Lieferung in einer Plastikkiste zum Transport (60 x 40 x 32,5 cm)\" \/>\n<meta property=\"og:url\" content=\"https:\/\/www.fireware.nl\/de\/product\/add-on-schaltschrank\/\" \/>\n<meta property=\"og:site_name\" content=\"FireWare\" \/>\n<meta property=\"article:publisher\" content=\"https:\/\/www.facebook.com\/FireWareBV\/\" \/>\n<meta property=\"article:modified_time\" content=\"2026-01-23T14:46:42+00:00\" \/>\n<meta property=\"og:image\" content=\"https:\/\/www.fireware.nl\/wp-content\/uploads\/2021\/02\/049-012-048-Vesta-add-on-elektrakast-zijaanzicht.jpg\" \/>\n\t<meta property=\"og:image:width\" content=\"600\" \/>\n\t<meta property=\"og:image:height\" content=\"600\" \/>\n\t<meta property=\"og:image:type\" content=\"image\/jpeg\" \/>\n<meta name=\"twitter:card\" content=\"summary_large_image\" \/>\n<meta name=\"twitter:site\" content=\"@FireWarebv\" \/>\n<meta name=\"twitter:label1\" content=\"Gesch\u00e4tzte Lesezeit\" \/>\n\t<meta name=\"twitter:data1\" content=\"1\u00a0Minute\" \/>\n<script type=\"application\/ld+json\" class=\"yoast-schema-graph\">{\"@context\":\"https:\/\/schema.org\",\"@graph\":[{\"@type\":\"WebPage\",\"@id\":\"https:\/\/www.fireware.nl\/de\/product\/add-on-schaltschrank\/\",\"url\":\"https:\/\/www.fireware.nl\/de\/product\/add-on-schaltschrank\/\",\"name\":\"Add-on Schaltschrank - FireWare\",\"isPartOf\":{\"@id\":\"https:\/\/www.fireware.nl\/de\/#website\"},\"primaryImageOfPage\":{\"@id\":\"https:\/\/www.fireware.nl\/de\/product\/add-on-schaltschrank\/#primaryimage\"},\"image\":{\"@id\":\"https:\/\/www.fireware.nl\/de\/product\/add-on-schaltschrank\/#primaryimage\"},\"thumbnailUrl\":\"https:\/\/www.fireware.nl\/wp-content\/uploads\/2021\/02\/049-012-048-Vesta-add-on-elektrakast-zijaanzicht.jpg\",\"datePublished\":\"2021-02-17T13:27:48+00:00\",\"dateModified\":\"2026-01-23T14:46:42+00:00\",\"breadcrumb\":{\"@id\":\"https:\/\/www.fireware.nl\/de\/product\/add-on-schaltschrank\/#breadcrumb\"},\"inLanguage\":\"de\",\"potentialAction\":[{\"@type\":\"ReadAction\",\"target\":[\"https:\/\/www.fireware.nl\/de\/product\/add-on-schaltschrank\/\"]}]},{\"@type\":\"ImageObject\",\"inLanguage\":\"de\",\"@id\":\"https:\/\/www.fireware.nl\/de\/product\/add-on-schaltschrank\/#primaryimage\",\"url\":\"https:\/\/www.fireware.nl\/wp-content\/uploads\/2021\/02\/049-012-048-Vesta-add-on-elektrakast-zijaanzicht.jpg\",\"contentUrl\":\"https:\/\/www.fireware.nl\/wp-content\/uploads\/2021\/02\/049-012-048-Vesta-add-on-elektrakast-zijaanzicht.jpg\",\"width\":600,\"height\":600},{\"@type\":\"BreadcrumbList\",\"@id\":\"https:\/\/www.fireware.nl\/de\/product\/add-on-schaltschrank\/#breadcrumb\",\"itemListElement\":[{\"@type\":\"ListItem\",\"position\":1,\"name\":\"Home\",\"item\":\"https:\/\/www.fireware.nl\/de\/\"},{\"@type\":\"ListItem\",\"position\":2,\"name\":\"Produkte\",\"item\":\"https:\/\/www.fireware.nl\/de\/produkte\/\"},{\"@type\":\"ListItem\",\"position\":3,\"name\":\"Add-on Schaltschrank\"}]},{\"@type\":\"WebSite\",\"@id\":\"https:\/\/www.fireware.nl\/de\/#website\",\"url\":\"https:\/\/www.fireware.nl\/de\/\",\"name\":\"FireWare\",\"description\":\"CREATING REALISTIC  TRAINING ENVIRONMENTS\",\"publisher\":{\"@id\":\"https:\/\/www.fireware.nl\/de\/#organization\"},\"potentialAction\":[{\"@type\":\"SearchAction\",\"target\":{\"@type\":\"EntryPoint\",\"urlTemplate\":\"https:\/\/www.fireware.nl\/de\/?s={search_term_string}\"},\"query-input\":{\"@type\":\"PropertyValueSpecification\",\"valueRequired\":true,\"valueName\":\"search_term_string\"}}],\"inLanguage\":\"de\"},{\"@type\":\"Organization\",\"@id\":\"https:\/\/www.fireware.nl\/de\/#organization\",\"name\":\"FireWare\",\"url\":\"https:\/\/www.fireware.nl\/de\/\",\"logo\":{\"@type\":\"ImageObject\",\"inLanguage\":\"de\",\"@id\":\"https:\/\/www.fireware.nl\/de\/#\/schema\/logo\/image\/\",\"url\":\"https:\/\/www.fireware.nl\/wp-content\/uploads\/2018\/10\/fireware-logo.png\",\"contentUrl\":\"https:\/\/www.fireware.nl\/wp-content\/uploads\/2018\/10\/fireware-logo.png\",\"width\":200,\"height\":86,\"caption\":\"FireWare\"},\"image\":{\"@id\":\"https:\/\/www.fireware.nl\/de\/#\/schema\/logo\/image\/\"},\"sameAs\":[\"https:\/\/www.facebook.com\/FireWareBV\/\",\"https:\/\/x.com\/FireWarebv\",\"https:\/\/www.instagram.com\/fireware_nl\/\",\"https:\/\/www.linkedin.com\/company\/3586017\/\",\"https:\/\/www.youtube.com\/user\/firesalesrentconsult\"]}]}<\/script>\n<!-- \/ Yoast SEO plugin. -->","yoast_head_json":{"title":"Add-on Schaltschrank - FireWare","robots":{"index":"index","follow":"follow","max-snippet":"max-snippet:-1","max-image-preview":"max-image-preview:large","max-video-preview":"max-video-preview:-1"},"canonical":"https:\/\/www.fireware.nl\/de\/product\/add-on-schaltschrank\/","og_locale":"de_DE","og_type":"article","og_title":"Add-on Schaltschrank - FireWare","og_description":"Simulieren Sie sicher ein elektrisches Feuer Beinhaltet einen Hauptschalter und eine T\u00fcr mit Drehgriff Richten Sie die Flamme mit dem Flammeneinsteller durch die T\u00fcr\u00f6ffnung Hergestellt aus hochwertigem Edelstahl Lieferung in einer Plastikkiste zum Transport (60 x 40 x 32,5 cm)","og_url":"https:\/\/www.fireware.nl\/de\/product\/add-on-schaltschrank\/","og_site_name":"FireWare","article_publisher":"https:\/\/www.facebook.com\/FireWareBV\/","article_modified_time":"2026-01-23T14:46:42+00:00","og_image":[{"width":600,"height":600,"url":"https:\/\/www.fireware.nl\/wp-content\/uploads\/2021\/02\/049-012-048-Vesta-add-on-elektrakast-zijaanzicht.jpg","type":"image\/jpeg"}],"twitter_card":"summary_large_image","twitter_site":"@FireWarebv","twitter_misc":{"Gesch\u00e4tzte Lesezeit":"1\u00a0Minute"},"schema":{"@context":"https:\/\/schema.org","@graph":[{"@type":"WebPage","@id":"https:\/\/www.fireware.nl\/de\/product\/add-on-schaltschrank\/","url":"https:\/\/www.fireware.nl\/de\/product\/add-on-schaltschrank\/","name":"Add-on Schaltschrank - FireWare","isPartOf":{"@id":"https:\/\/www.fireware.nl\/de\/#website"},"primaryImageOfPage":{"@id":"https:\/\/www.fireware.nl\/de\/product\/add-on-schaltschrank\/#primaryimage"},"image":{"@id":"https:\/\/www.fireware.nl\/de\/product\/add-on-schaltschrank\/#primaryimage"},"thumbnailUrl":"https:\/\/www.fireware.nl\/wp-content\/uploads\/2021\/02\/049-012-048-Vesta-add-on-elektrakast-zijaanzicht.jpg","datePublished":"2021-02-17T13:27:48+00:00","dateModified":"2026-01-23T14:46:42+00:00","breadcrumb":{"@id":"https:\/\/www.fireware.nl\/de\/product\/add-on-schaltschrank\/#breadcrumb"},"inLanguage":"de","potentialAction":[{"@type":"ReadAction","target":["https:\/\/www.fireware.nl\/de\/product\/add-on-schaltschrank\/"]}]},{"@type":"ImageObject","inLanguage":"de","@id":"https:\/\/www.fireware.nl\/de\/product\/add-on-schaltschrank\/#primaryimage","url":"https:\/\/www.fireware.nl\/wp-content\/uploads\/2021\/02\/049-012-048-Vesta-add-on-elektrakast-zijaanzicht.jpg","contentUrl":"https:\/\/www.fireware.nl\/wp-content\/uploads\/2021\/02\/049-012-048-Vesta-add-on-elektrakast-zijaanzicht.jpg","width":600,"height":600},{"@type":"BreadcrumbList","@id":"https:\/\/www.fireware.nl\/de\/product\/add-on-schaltschrank\/#breadcrumb","itemListElement":[{"@type":"ListItem","position":1,"name":"Home","item":"https:\/\/www.fireware.nl\/de\/"},{"@type":"ListItem","position":2,"name":"Produkte","item":"https:\/\/www.fireware.nl\/de\/produkte\/"},{"@type":"ListItem","position":3,"name":"Add-on Schaltschrank"}]},{"@type":"WebSite","@id":"https:\/\/www.fireware.nl\/de\/#website","url":"https:\/\/www.fireware.nl\/de\/","name":"FireWare","description":"CREATING REALISTIC  TRAINING ENVIRONMENTS","publisher":{"@id":"https:\/\/www.fireware.nl\/de\/#organization"},"potentialAction":[{"@type":"SearchAction","target":{"@type":"EntryPoint","urlTemplate":"https:\/\/www.fireware.nl\/de\/?s={search_term_string}"},"query-input":{"@type":"PropertyValueSpecification","valueRequired":true,"valueName":"search_term_string"}}],"inLanguage":"de"},{"@type":"Organization","@id":"https:\/\/www.fireware.nl\/de\/#organization","name":"FireWare","url":"https:\/\/www.fireware.nl\/de\/","logo":{"@type":"ImageObject","inLanguage":"de","@id":"https:\/\/www.fireware.nl\/de\/#\/schema\/logo\/image\/","url":"https:\/\/www.fireware.nl\/wp-content\/uploads\/2018\/10\/fireware-logo.png","contentUrl":"https:\/\/www.fireware.nl\/wp-content\/uploads\/2018\/10\/fireware-logo.png","width":200,"height":86,"caption":"FireWare"},"image":{"@id":"https:\/\/www.fireware.nl\/de\/#\/schema\/logo\/image\/"},"sameAs":["https:\/\/www.facebook.com\/FireWareBV\/","https:\/\/x.com\/FireWarebv","https:\/\/www.instagram.com\/fireware_nl\/","https:\/\/www.linkedin.com\/company\/3586017\/","https:\/\/www.youtube.com\/user\/firesalesrentconsult"]}]}},"publishpress_future_workflow_manual_trigger":{"enabledWorkflows":[]},"_links":{"self":[{"href":"https:\/\/www.fireware.nl\/de\/wp-json\/wp\/v2\/product\/56064","targetHints":{"allow":["GET"]}}],"collection":[{"href":"https:\/\/www.fireware.nl\/de\/wp-json\/wp\/v2\/product"}],"about":[{"href":"https:\/\/www.fireware.nl\/de\/wp-json\/wp\/v2\/types\/product"}],"wp:featuredmedia":[{"embeddable":true,"href":"https:\/\/www.fireware.nl\/de\/wp-json\/wp\/v2\/media\/58556"}],"wp:attachment":[{"href":"https:\/\/www.fireware.nl\/de\/wp-json\/wp\/v2\/media?parent=56064"}],"wp:term":[{"taxonomy":"product_brand","embeddable":true,"href":"https:\/\/www.fireware.nl\/de\/wp-json\/wp\/v2\/product_brand?post=56064"},{"taxonomy":"product_cat","embeddable":true,"href":"https:\/\/www.fireware.nl\/de\/wp-json\/wp\/v2\/product_cat?post=56064"},{"taxonomy":"product_tag","embeddable":true,"href":"https:\/\/www.fireware.nl\/de\/wp-json\/wp\/v2\/product_tag?post=56064"}],"curies":[{"name":"wp","href":"https:\/\/api.w.org\/{rel}","templated":true}]}}