
{"id":52260,"date":"2020-11-05T14:58:00","date_gmt":"2020-11-05T14:58:00","guid":{"rendered":"https:\/\/www.fireware.nl\/product\/nebula-ar-hygienemaske\/"},"modified":"2022-01-10T15:12:00","modified_gmt":"2022-01-10T15:12:00","slug":"nebula-ar-hygienemaske","status":"publish","type":"product","link":"https:\/\/www.fireware.nl\/de\/product\/nebula-ar-hygienemaske\/","title":{"rendered":"Nebula AR Hygienemaske"},"content":{"rendered":"\r\n<h2>Hygi\u00ebnisch oefenen met de Nebula AR<\/h2>\r\n<p>Houd de Nebula AR Blindmaskers schoon door gebruik van een hygi\u00ebnische cover. Cursisten dragen de Nebula AR Hygi\u00ebne Cover tussen het gelaat en het blindmasker. De cover voorkomt dat de bril warmt wordt en vangt zweet op. Daardoor kunnen meerdere cursisten uit de groep hetzelfde blindmasker gebruiken. Het masker hoeft tussendoor niet grondig schoongemaakt te worden.<\/p>\r\n<p>Een gebruikte cover wordt weggegooid en de volgende cursist gaat met een nieuw wegwerpmasker aan de slag. Daardoor kan de rookbeleving van de Nebula AR onbezorgd worden ervaren. Bovendien kunnen oefeningen zichzelf in snel tempo opvolgen.<\/p>\r\n<p>De stof is comfortabel en wordt door middel van zachte elastieken achter de oren bevestigd. Bestel de Nebula AR Hygi\u00ebne Cover per 100 stuks.<\/p>\r\n","protected":false},"excerpt":{"rendered":"<ul>\n<li>Eine Hygienemaske wird zwischen Gesicht und Blindmaske getragen<\/li>\n<li>Speziell f\u00fcr die <a href=\"https:\/\/www.fireware.nl\/de\/produkt\/fireware-ar-nebula-blindmaske\/\" target=\"_blank\" rel=\"noopener noreferrer\">Nebula AR Blindmaske<\/a> entworfen<\/li>\n<li>Sch\u00fctzt den Lehrgangsteilnehmer vor Schwei\u00df und W\u00e4rme<\/li>\n<li>Packungsgr\u00f6\u00dfe: 100 St\u00fcck<\/li>\n<\/ul>\n","protected":false},"featured_media":54232,"template":"","meta":[],"product_brand":[],"product_cat":[89],"product_tag":[],"class_list":{"0":"post-52260","1":"product","2":"type-product","3":"status-publish","4":"has-post-thumbnail","6":"product_cat-nebel-alternative","7":"pa_hoeveelheid-100-stuck","9":"first","10":"instock","11":"taxable","12":"shipping-taxable","13":"purchasable","14":"product-type-simple"},"yoast_head":"<!-- This site is optimized with the Yoast SEO plugin v27.4 - https:\/\/yoast.com\/product\/yoast-seo-wordpress\/ -->\n<title>Nebula AR Hygienemaske - FireWare<\/title>\n<meta name=\"robots\" content=\"index, follow, max-snippet:-1, max-image-preview:large, max-video-preview:-1\" \/>\n<link rel=\"canonical\" href=\"https:\/\/www.fireware.nl\/de\/product\/nebula-ar-hygienemaske\/\" \/>\n<meta property=\"og:locale\" content=\"de_DE\" \/>\n<meta property=\"og:type\" content=\"article\" \/>\n<meta property=\"og:title\" content=\"Nebula AR Hygienemaske - FireWare\" \/>\n<meta property=\"og:description\" content=\"Eine Hygienemaske wird zwischen Gesicht und Blindmaske getragen Speziell f\u00fcr die Nebula AR Blindmaske entworfen Sch\u00fctzt den Lehrgangsteilnehmer vor Schwei\u00df und W\u00e4rme Packungsgr\u00f6\u00dfe: 100 St\u00fcck\" \/>\n<meta property=\"og:url\" content=\"https:\/\/www.fireware.nl\/de\/product\/nebula-ar-hygienemaske\/\" \/>\n<meta property=\"og:site_name\" content=\"FireWare\" \/>\n<meta property=\"article:publisher\" content=\"https:\/\/www.facebook.com\/FireWareBV\/\" \/>\n<meta property=\"article:modified_time\" content=\"2022-01-10T15:12:00+00:00\" \/>\n<meta property=\"og:image\" content=\"https:\/\/www.fireware.nl\/wp-content\/uploads\/2020\/11\/025-021-009-Nebula-Hygienic-Cover-dragen-2.jpg\" \/>\n\t<meta property=\"og:image:width\" content=\"600\" \/>\n\t<meta property=\"og:image:height\" content=\"600\" \/>\n\t<meta property=\"og:image:type\" content=\"image\/jpeg\" \/>\n<meta name=\"twitter:card\" content=\"summary_large_image\" \/>\n<meta name=\"twitter:site\" content=\"@FireWarebv\" \/>\n<meta name=\"twitter:label1\" content=\"Gesch\u00e4tzte Lesezeit\" \/>\n\t<meta name=\"twitter:data1\" content=\"1\u00a0Minute\" \/>\n<script type=\"application\/ld+json\" class=\"yoast-schema-graph\">{\"@context\":\"https:\\\/\\\/schema.org\",\"@graph\":[{\"@type\":\"WebPage\",\"@id\":\"https:\\\/\\\/www.fireware.nl\\\/de\\\/product\\\/nebula-ar-hygienemaske\\\/\",\"url\":\"https:\\\/\\\/www.fireware.nl\\\/de\\\/product\\\/nebula-ar-hygienemaske\\\/\",\"name\":\"Nebula AR Hygienemaske - FireWare\",\"isPartOf\":{\"@id\":\"https:\\\/\\\/www.fireware.nl\\\/de\\\/#website\"},\"primaryImageOfPage\":{\"@id\":\"https:\\\/\\\/www.fireware.nl\\\/de\\\/product\\\/nebula-ar-hygienemaske\\\/#primaryimage\"},\"image\":{\"@id\":\"https:\\\/\\\/www.fireware.nl\\\/de\\\/product\\\/nebula-ar-hygienemaske\\\/#primaryimage\"},\"thumbnailUrl\":\"https:\\\/\\\/www.fireware.nl\\\/wp-content\\\/uploads\\\/2020\\\/11\\\/025-021-009-Nebula-Hygienic-Cover-dragen-2.jpg\",\"datePublished\":\"2020-11-05T14:58:00+00:00\",\"dateModified\":\"2022-01-10T15:12:00+00:00\",\"breadcrumb\":{\"@id\":\"https:\\\/\\\/www.fireware.nl\\\/de\\\/product\\\/nebula-ar-hygienemaske\\\/#breadcrumb\"},\"inLanguage\":\"de\",\"potentialAction\":[{\"@type\":\"ReadAction\",\"target\":[\"https:\\\/\\\/www.fireware.nl\\\/de\\\/product\\\/nebula-ar-hygienemaske\\\/\"]}]},{\"@type\":\"ImageObject\",\"inLanguage\":\"de\",\"@id\":\"https:\\\/\\\/www.fireware.nl\\\/de\\\/product\\\/nebula-ar-hygienemaske\\\/#primaryimage\",\"url\":\"https:\\\/\\\/www.fireware.nl\\\/wp-content\\\/uploads\\\/2020\\\/11\\\/025-021-009-Nebula-Hygienic-Cover-dragen-2.jpg\",\"contentUrl\":\"https:\\\/\\\/www.fireware.nl\\\/wp-content\\\/uploads\\\/2020\\\/11\\\/025-021-009-Nebula-Hygienic-Cover-dragen-2.jpg\",\"width\":600,\"height\":600},{\"@type\":\"BreadcrumbList\",\"@id\":\"https:\\\/\\\/www.fireware.nl\\\/de\\\/product\\\/nebula-ar-hygienemaske\\\/#breadcrumb\",\"itemListElement\":[{\"@type\":\"ListItem\",\"position\":1,\"name\":\"Home\",\"item\":\"https:\\\/\\\/www.fireware.nl\\\/de\\\/\"},{\"@type\":\"ListItem\",\"position\":2,\"name\":\"Produkte\",\"item\":\"https:\\\/\\\/www.fireware.nl\\\/de\\\/produkte\\\/\"},{\"@type\":\"ListItem\",\"position\":3,\"name\":\"Nebula AR Hygienemaske\"}]},{\"@type\":\"WebSite\",\"@id\":\"https:\\\/\\\/www.fireware.nl\\\/de\\\/#website\",\"url\":\"https:\\\/\\\/www.fireware.nl\\\/de\\\/\",\"name\":\"FireWare\",\"description\":\"CREATING REALISTIC  TRAINING ENVIRONMENTS\",\"publisher\":{\"@id\":\"https:\\\/\\\/www.fireware.nl\\\/de\\\/#organization\"},\"potentialAction\":[{\"@type\":\"SearchAction\",\"target\":{\"@type\":\"EntryPoint\",\"urlTemplate\":\"https:\\\/\\\/www.fireware.nl\\\/de\\\/?s={search_term_string}\"},\"query-input\":{\"@type\":\"PropertyValueSpecification\",\"valueRequired\":true,\"valueName\":\"search_term_string\"}}],\"inLanguage\":\"de\"},{\"@type\":\"Organization\",\"@id\":\"https:\\\/\\\/www.fireware.nl\\\/de\\\/#organization\",\"name\":\"FireWare\",\"url\":\"https:\\\/\\\/www.fireware.nl\\\/de\\\/\",\"logo\":{\"@type\":\"ImageObject\",\"inLanguage\":\"de\",\"@id\":\"https:\\\/\\\/www.fireware.nl\\\/de\\\/#\\\/schema\\\/logo\\\/image\\\/\",\"url\":\"https:\\\/\\\/www.fireware.nl\\\/wp-content\\\/uploads\\\/2018\\\/10\\\/fireware-logo.png\",\"contentUrl\":\"https:\\\/\\\/www.fireware.nl\\\/wp-content\\\/uploads\\\/2018\\\/10\\\/fireware-logo.png\",\"width\":200,\"height\":86,\"caption\":\"FireWare\"},\"image\":{\"@id\":\"https:\\\/\\\/www.fireware.nl\\\/de\\\/#\\\/schema\\\/logo\\\/image\\\/\"},\"sameAs\":[\"https:\\\/\\\/www.facebook.com\\\/FireWareBV\\\/\",\"https:\\\/\\\/x.com\\\/FireWarebv\",\"https:\\\/\\\/www.instagram.com\\\/fireware_nl\\\/\",\"https:\\\/\\\/www.linkedin.com\\\/company\\\/3586017\\\/\",\"https:\\\/\\\/www.youtube.com\\\/user\\\/firesalesrentconsult\"]}]}<\/script>\n<!-- \/ Yoast SEO plugin. -->","yoast_head_json":{"title":"Nebula AR Hygienemaske - FireWare","robots":{"index":"index","follow":"follow","max-snippet":"max-snippet:-1","max-image-preview":"max-image-preview:large","max-video-preview":"max-video-preview:-1"},"canonical":"https:\/\/www.fireware.nl\/de\/product\/nebula-ar-hygienemaske\/","og_locale":"de_DE","og_type":"article","og_title":"Nebula AR Hygienemaske - FireWare","og_description":"Eine Hygienemaske wird zwischen Gesicht und Blindmaske getragen Speziell f\u00fcr die Nebula AR Blindmaske entworfen Sch\u00fctzt den Lehrgangsteilnehmer vor Schwei\u00df und W\u00e4rme Packungsgr\u00f6\u00dfe: 100 St\u00fcck","og_url":"https:\/\/www.fireware.nl\/de\/product\/nebula-ar-hygienemaske\/","og_site_name":"FireWare","article_publisher":"https:\/\/www.facebook.com\/FireWareBV\/","article_modified_time":"2022-01-10T15:12:00+00:00","og_image":[{"width":600,"height":600,"url":"https:\/\/www.fireware.nl\/wp-content\/uploads\/2020\/11\/025-021-009-Nebula-Hygienic-Cover-dragen-2.jpg","type":"image\/jpeg"}],"twitter_card":"summary_large_image","twitter_site":"@FireWarebv","twitter_misc":{"Gesch\u00e4tzte Lesezeit":"1\u00a0Minute"},"schema":{"@context":"https:\/\/schema.org","@graph":[{"@type":"WebPage","@id":"https:\/\/www.fireware.nl\/de\/product\/nebula-ar-hygienemaske\/","url":"https:\/\/www.fireware.nl\/de\/product\/nebula-ar-hygienemaske\/","name":"Nebula AR Hygienemaske - FireWare","isPartOf":{"@id":"https:\/\/www.fireware.nl\/de\/#website"},"primaryImageOfPage":{"@id":"https:\/\/www.fireware.nl\/de\/product\/nebula-ar-hygienemaske\/#primaryimage"},"image":{"@id":"https:\/\/www.fireware.nl\/de\/product\/nebula-ar-hygienemaske\/#primaryimage"},"thumbnailUrl":"https:\/\/www.fireware.nl\/wp-content\/uploads\/2020\/11\/025-021-009-Nebula-Hygienic-Cover-dragen-2.jpg","datePublished":"2020-11-05T14:58:00+00:00","dateModified":"2022-01-10T15:12:00+00:00","breadcrumb":{"@id":"https:\/\/www.fireware.nl\/de\/product\/nebula-ar-hygienemaske\/#breadcrumb"},"inLanguage":"de","potentialAction":[{"@type":"ReadAction","target":["https:\/\/www.fireware.nl\/de\/product\/nebula-ar-hygienemaske\/"]}]},{"@type":"ImageObject","inLanguage":"de","@id":"https:\/\/www.fireware.nl\/de\/product\/nebula-ar-hygienemaske\/#primaryimage","url":"https:\/\/www.fireware.nl\/wp-content\/uploads\/2020\/11\/025-021-009-Nebula-Hygienic-Cover-dragen-2.jpg","contentUrl":"https:\/\/www.fireware.nl\/wp-content\/uploads\/2020\/11\/025-021-009-Nebula-Hygienic-Cover-dragen-2.jpg","width":600,"height":600},{"@type":"BreadcrumbList","@id":"https:\/\/www.fireware.nl\/de\/product\/nebula-ar-hygienemaske\/#breadcrumb","itemListElement":[{"@type":"ListItem","position":1,"name":"Home","item":"https:\/\/www.fireware.nl\/de\/"},{"@type":"ListItem","position":2,"name":"Produkte","item":"https:\/\/www.fireware.nl\/de\/produkte\/"},{"@type":"ListItem","position":3,"name":"Nebula AR Hygienemaske"}]},{"@type":"WebSite","@id":"https:\/\/www.fireware.nl\/de\/#website","url":"https:\/\/www.fireware.nl\/de\/","name":"FireWare","description":"CREATING REALISTIC  TRAINING ENVIRONMENTS","publisher":{"@id":"https:\/\/www.fireware.nl\/de\/#organization"},"potentialAction":[{"@type":"SearchAction","target":{"@type":"EntryPoint","urlTemplate":"https:\/\/www.fireware.nl\/de\/?s={search_term_string}"},"query-input":{"@type":"PropertyValueSpecification","valueRequired":true,"valueName":"search_term_string"}}],"inLanguage":"de"},{"@type":"Organization","@id":"https:\/\/www.fireware.nl\/de\/#organization","name":"FireWare","url":"https:\/\/www.fireware.nl\/de\/","logo":{"@type":"ImageObject","inLanguage":"de","@id":"https:\/\/www.fireware.nl\/de\/#\/schema\/logo\/image\/","url":"https:\/\/www.fireware.nl\/wp-content\/uploads\/2018\/10\/fireware-logo.png","contentUrl":"https:\/\/www.fireware.nl\/wp-content\/uploads\/2018\/10\/fireware-logo.png","width":200,"height":86,"caption":"FireWare"},"image":{"@id":"https:\/\/www.fireware.nl\/de\/#\/schema\/logo\/image\/"},"sameAs":["https:\/\/www.facebook.com\/FireWareBV\/","https:\/\/x.com\/FireWarebv","https:\/\/www.instagram.com\/fireware_nl\/","https:\/\/www.linkedin.com\/company\/3586017\/","https:\/\/www.youtube.com\/user\/firesalesrentconsult"]}]}},"publishpress_future_workflow_manual_trigger":{"enabledWorkflows":[]},"_links":{"self":[{"href":"https:\/\/www.fireware.nl\/de\/wp-json\/wp\/v2\/product\/52260","targetHints":{"allow":["GET"]}}],"collection":[{"href":"https:\/\/www.fireware.nl\/de\/wp-json\/wp\/v2\/product"}],"about":[{"href":"https:\/\/www.fireware.nl\/de\/wp-json\/wp\/v2\/types\/product"}],"wp:featuredmedia":[{"embeddable":true,"href":"https:\/\/www.fireware.nl\/de\/wp-json\/wp\/v2\/media\/54232"}],"wp:attachment":[{"href":"https:\/\/www.fireware.nl\/de\/wp-json\/wp\/v2\/media?parent=52260"}],"wp:term":[{"taxonomy":"product_brand","embeddable":true,"href":"https:\/\/www.fireware.nl\/de\/wp-json\/wp\/v2\/product_brand?post=52260"},{"taxonomy":"product_cat","embeddable":true,"href":"https:\/\/www.fireware.nl\/de\/wp-json\/wp\/v2\/product_cat?post=52260"},{"taxonomy":"product_tag","embeddable":true,"href":"https:\/\/www.fireware.nl\/de\/wp-json\/wp\/v2\/product_tag?post=52260"}],"curies":[{"name":"wp","href":"https:\/\/api.w.org\/{rel}","templated":true}]}}