
{"id":50877,"date":"2020-08-28T14:31:09","date_gmt":"2020-08-28T14:31:09","guid":{"rendered":"https:\/\/www.fireware.nl\/product\/ubungspuppe-fur-physische-interventionstechniken\/"},"modified":"2025-05-28T11:50:34","modified_gmt":"2025-05-28T11:50:34","slug":"ubungspuppe-fur-physische-interventionstechniken","status":"publish","type":"product","link":"https:\/\/www.fireware.nl\/de\/product\/ubungspuppe-fur-physische-interventionstechniken\/","title":{"rendered":"Ruth Lee \u00dcbungspuppe f\u00fcr physische Interventionstechniken"},"content":{"rendered":"\r\n<h2>Manikins d&#8217;entra\u00eenement Ruth Lee<\/h2>\r\n<p>Les Manikins d&#8217;entra\u00eenement Ruth Lee sont con\u00e7ues pour un entra\u00eenement r\u00e9aliste et efficace. Ces Manikins sont reconnues pour leur durabilit\u00e9 et leur polyvalence, id\u00e9ales pour former les pompiers, les sauveteurs, les services de secours et d&#8217;autres services d&#8217;urgence. Avec les Manikins d&#8217;entra\u00eenement Ruth Lee, vous pouvez simuler des sc\u00e9narios r\u00e9alistes, pr\u00e9parant ainsi les intervenants \u00e0 de vraies situations d&#8217;urgence. La gamme comprend des poup\u00e9es pour une vari\u00e9t\u00e9 de formations et dans diff\u00e9rentes tailles et poids.<\/p>\r\n<h2>Bereitet \u00dcbungsteilnehmer auf Gewaltszenarien vor<\/h2>\r\n<p>Die PMVA-\u00dcbungspuppe (Pr\u00e4vention und Management von Gewalt und Aggression) wurde speziell f\u00fcr das \u00dcben physischer Interventionstechniken entwickelt. Diese Techniken k\u00f6nnen die Gewalteskalation in Einrichtungen reduzieren, die Personen betreuen, die regelm\u00e4\u00dfig gewaltbereites Verhalten an den Tag legen. Denken Sie an psychiatrische Einrichtungen, aber auch an Gef\u00e4ngnisse, Jugendhilfe, ambulante Pflegekr\u00e4fte, Polizei und Sonderp\u00e4dagogik.<\/p>\r\n<h2>Trainieren Sie verschiedene Interventionstechniken an, um Eskalationen zu vermeiden<\/h2>\r\n<p>Mitarbeiter von Psychiatrien m\u00fcssen mit verschiedenen Interventionstechniken vertraut sein. Damit kann die Eskalation von Konflikten verhindert werden. Diese \u00dcbungspuppe wurde speziell entwickelt, um die Anwendung verschiedener physischer Interventionstechniken zu unterrichten. Beispielsweise reagieren Schulter-, Ellbogen- und Handgelenke realistisch, wenn Kraft auf die Druckpunkte ausge\u00fcbt wird. Auch k\u00f6nnen Klemmtechniken sowohl bei einer sitzenden als auch bei einer liegenden \u00dcbungspuppe angewendet werden. Die K\u00f6rpergelenke bestehen aus weichem Material. Dies verhindert, dass die Teilnehmer Striemen oder blaue Flecken bekommen.<\/p>\r\n<p>Die \u00dcbungspuppe wiegt 30 Kilogramm und weist ein realistisches Verh\u00e4ltnis von Gr\u00f6\u00dfe zu Gewicht auf. Dadurch f\u00fchlt sich die \u00dcbungspuppe wie ein bewusstloser Erwachsener an. Es ist m\u00f6glich, eine Halskrause anzubringen. Die \u00dcbungspuppe f\u00fcr die Psychiatrie wird komplett mit Stiefeln und Overalls geliefert, die bei Besch\u00e4digung leicht ausgetauscht werden k\u00f6nnen.<\/p>\r\n<p>\u00dcberraschen Sie die Sch\u00fcler, indem Sie die \u00dcbungspuppe sprechen oder schreien lassen. Mit Hilfe der ShoutBox k\u00f6nnen Sie eine zuvor aufgezeichnete Nachricht von bis zu 60 Sekunden wiederholt abspielen. Das Zeitintervall ist einstellbar.<\/p>\r\n<p><iframe src=\"https:\/\/player.vimeo.com\/video\/452582333\" width=\"640\" height=\"360\" frameborder=\"0\" allowfullscreen=\"allowfullscreen\"><\/iframe><\/p>\r\n","protected":false},"excerpt":{"rendered":"<ul>\n<li>Speziell entwickelt f\u00fcr den Einsatz in der Psychiatrie.<\/li>\n<li>Geeignet f\u00fcr die Anwendung verschiedener physischer Interventionstechniken.<\/li>\n<li>Die Gelenke besitzen Druckpunkte, die realistisch auf die Anwendung von Kraft reagieren.<\/li>\n<li>Realistisches Verh\u00e4ltnis von Gr\u00f6\u00dfe zu Gewicht. Die \u00dcbungspuppe f\u00fchlt sich wie ein bewusstloser Erwachsener an.<\/li>\n<li>Geeignet f\u00fcr die Verwendung einer Halskrause.<\/li>\n<li>Wird mit Handschuhen, Gummistiefeln und Overalls geliefert.<\/li>\n<\/ul>\n","protected":false},"featured_media":59980,"template":"","meta":[],"product_brand":[],"product_cat":[2185,120],"product_tag":[],"class_list":{"0":"post-50877","1":"product","2":"type-product","3":"status-publish","4":"has-post-thumbnail","6":"product_cat-pflegepuppen","7":"product_cat-polizei-puppe","8":"pa_gewicht-lengte-30kg-180cm-de","10":"first","11":"instock","12":"taxable","13":"shipping-taxable","14":"purchasable","15":"product-type-simple"},"yoast_head":"<!-- This site is optimized with the Yoast SEO plugin v27.2 - https:\/\/yoast.com\/product\/yoast-seo-wordpress\/ -->\n<title>Ruth Lee \u00dcbungspuppe f\u00fcr physische Interventionstechniken - FireWare<\/title>\n<meta name=\"robots\" content=\"index, follow, max-snippet:-1, max-image-preview:large, max-video-preview:-1\" \/>\n<link rel=\"canonical\" href=\"https:\/\/www.fireware.nl\/de\/product\/ubungspuppe-fur-physische-interventionstechniken\/\" \/>\n<meta property=\"og:locale\" content=\"de_DE\" \/>\n<meta property=\"og:type\" content=\"article\" \/>\n<meta property=\"og:title\" content=\"Ruth Lee \u00dcbungspuppe f\u00fcr physische Interventionstechniken - FireWare\" \/>\n<meta property=\"og:description\" content=\"Speziell entwickelt f\u00fcr den Einsatz in der Psychiatrie. Geeignet f\u00fcr die Anwendung verschiedener physischer Interventionstechniken. Die Gelenke besitzen Druckpunkte, die realistisch auf die Anwendung von Kraft reagieren. Realistisches Verh\u00e4ltnis von Gr\u00f6\u00dfe zu Gewicht. Die \u00dcbungspuppe f\u00fchlt sich wie ein bewusstloser Erwachsener an. Geeignet f\u00fcr die Verwendung einer Halskrause. Wird mit Handschuhen, Gummistiefeln und Overalls geliefert.\" \/>\n<meta property=\"og:url\" content=\"https:\/\/www.fireware.nl\/de\/product\/ubungspuppe-fur-physische-interventionstechniken\/\" \/>\n<meta property=\"og:site_name\" content=\"FireWare\" \/>\n<meta property=\"article:publisher\" content=\"https:\/\/www.facebook.com\/FireWareBV\/\" \/>\n<meta property=\"article:modified_time\" content=\"2025-05-28T11:50:34+00:00\" \/>\n<meta property=\"og:image\" content=\"https:\/\/www.fireware.nl\/wp-content\/uploads\/2020\/08\/017-043-117-Oefenpop-Geestelijke-Gezondheidszorg-1.jpg\" \/>\n\t<meta property=\"og:image:width\" content=\"600\" \/>\n\t<meta property=\"og:image:height\" content=\"600\" \/>\n\t<meta property=\"og:image:type\" content=\"image\/jpeg\" \/>\n<meta name=\"twitter:card\" content=\"summary_large_image\" \/>\n<meta name=\"twitter:site\" content=\"@FireWarebv\" \/>\n<meta name=\"twitter:label1\" content=\"Gesch\u00e4tzte Lesezeit\" \/>\n\t<meta name=\"twitter:data1\" content=\"2\u00a0Minuten\" \/>\n<script type=\"application\/ld+json\" class=\"yoast-schema-graph\">{\"@context\":\"https:\/\/schema.org\",\"@graph\":[{\"@type\":\"WebPage\",\"@id\":\"https:\/\/www.fireware.nl\/de\/product\/ubungspuppe-fur-physische-interventionstechniken\/\",\"url\":\"https:\/\/www.fireware.nl\/de\/product\/ubungspuppe-fur-physische-interventionstechniken\/\",\"name\":\"Ruth Lee \u00dcbungspuppe f\u00fcr physische Interventionstechniken - FireWare\",\"isPartOf\":{\"@id\":\"https:\/\/www.fireware.nl\/de\/#website\"},\"primaryImageOfPage\":{\"@id\":\"https:\/\/www.fireware.nl\/de\/product\/ubungspuppe-fur-physische-interventionstechniken\/#primaryimage\"},\"image\":{\"@id\":\"https:\/\/www.fireware.nl\/de\/product\/ubungspuppe-fur-physische-interventionstechniken\/#primaryimage\"},\"thumbnailUrl\":\"https:\/\/www.fireware.nl\/wp-content\/uploads\/2020\/08\/017-043-117-Oefenpop-Geestelijke-Gezondheidszorg-1.jpg\",\"datePublished\":\"2020-08-28T14:31:09+00:00\",\"dateModified\":\"2025-05-28T11:50:34+00:00\",\"breadcrumb\":{\"@id\":\"https:\/\/www.fireware.nl\/de\/product\/ubungspuppe-fur-physische-interventionstechniken\/#breadcrumb\"},\"inLanguage\":\"de\",\"potentialAction\":[{\"@type\":\"ReadAction\",\"target\":[\"https:\/\/www.fireware.nl\/de\/product\/ubungspuppe-fur-physische-interventionstechniken\/\"]}]},{\"@type\":\"ImageObject\",\"inLanguage\":\"de\",\"@id\":\"https:\/\/www.fireware.nl\/de\/product\/ubungspuppe-fur-physische-interventionstechniken\/#primaryimage\",\"url\":\"https:\/\/www.fireware.nl\/wp-content\/uploads\/2020\/08\/017-043-117-Oefenpop-Geestelijke-Gezondheidszorg-1.jpg\",\"contentUrl\":\"https:\/\/www.fireware.nl\/wp-content\/uploads\/2020\/08\/017-043-117-Oefenpop-Geestelijke-Gezondheidszorg-1.jpg\",\"width\":600,\"height\":600},{\"@type\":\"BreadcrumbList\",\"@id\":\"https:\/\/www.fireware.nl\/de\/product\/ubungspuppe-fur-physische-interventionstechniken\/#breadcrumb\",\"itemListElement\":[{\"@type\":\"ListItem\",\"position\":1,\"name\":\"Home\",\"item\":\"https:\/\/www.fireware.nl\/de\/\"},{\"@type\":\"ListItem\",\"position\":2,\"name\":\"Produkte\",\"item\":\"https:\/\/www.fireware.nl\/de\/produkte\/\"},{\"@type\":\"ListItem\",\"position\":3,\"name\":\"Ruth Lee \u00dcbungspuppe f\u00fcr physische Interventionstechniken\"}]},{\"@type\":\"WebSite\",\"@id\":\"https:\/\/www.fireware.nl\/de\/#website\",\"url\":\"https:\/\/www.fireware.nl\/de\/\",\"name\":\"FireWare\",\"description\":\"CREATING REALISTIC  TRAINING ENVIRONMENTS\",\"publisher\":{\"@id\":\"https:\/\/www.fireware.nl\/de\/#organization\"},\"potentialAction\":[{\"@type\":\"SearchAction\",\"target\":{\"@type\":\"EntryPoint\",\"urlTemplate\":\"https:\/\/www.fireware.nl\/de\/?s={search_term_string}\"},\"query-input\":{\"@type\":\"PropertyValueSpecification\",\"valueRequired\":true,\"valueName\":\"search_term_string\"}}],\"inLanguage\":\"de\"},{\"@type\":\"Organization\",\"@id\":\"https:\/\/www.fireware.nl\/de\/#organization\",\"name\":\"FireWare\",\"url\":\"https:\/\/www.fireware.nl\/de\/\",\"logo\":{\"@type\":\"ImageObject\",\"inLanguage\":\"de\",\"@id\":\"https:\/\/www.fireware.nl\/de\/#\/schema\/logo\/image\/\",\"url\":\"https:\/\/www.fireware.nl\/wp-content\/uploads\/2018\/10\/fireware-logo.png\",\"contentUrl\":\"https:\/\/www.fireware.nl\/wp-content\/uploads\/2018\/10\/fireware-logo.png\",\"width\":200,\"height\":86,\"caption\":\"FireWare\"},\"image\":{\"@id\":\"https:\/\/www.fireware.nl\/de\/#\/schema\/logo\/image\/\"},\"sameAs\":[\"https:\/\/www.facebook.com\/FireWareBV\/\",\"https:\/\/x.com\/FireWarebv\",\"https:\/\/www.instagram.com\/fireware_nl\/\",\"https:\/\/www.linkedin.com\/company\/3586017\/\",\"https:\/\/www.youtube.com\/user\/firesalesrentconsult\"]}]}<\/script>\n<!-- \/ Yoast SEO plugin. -->","yoast_head_json":{"title":"Ruth Lee \u00dcbungspuppe f\u00fcr physische Interventionstechniken - FireWare","robots":{"index":"index","follow":"follow","max-snippet":"max-snippet:-1","max-image-preview":"max-image-preview:large","max-video-preview":"max-video-preview:-1"},"canonical":"https:\/\/www.fireware.nl\/de\/product\/ubungspuppe-fur-physische-interventionstechniken\/","og_locale":"de_DE","og_type":"article","og_title":"Ruth Lee \u00dcbungspuppe f\u00fcr physische Interventionstechniken - FireWare","og_description":"Speziell entwickelt f\u00fcr den Einsatz in der Psychiatrie. Geeignet f\u00fcr die Anwendung verschiedener physischer Interventionstechniken. Die Gelenke besitzen Druckpunkte, die realistisch auf die Anwendung von Kraft reagieren. Realistisches Verh\u00e4ltnis von Gr\u00f6\u00dfe zu Gewicht. Die \u00dcbungspuppe f\u00fchlt sich wie ein bewusstloser Erwachsener an. Geeignet f\u00fcr die Verwendung einer Halskrause. Wird mit Handschuhen, Gummistiefeln und Overalls geliefert.","og_url":"https:\/\/www.fireware.nl\/de\/product\/ubungspuppe-fur-physische-interventionstechniken\/","og_site_name":"FireWare","article_publisher":"https:\/\/www.facebook.com\/FireWareBV\/","article_modified_time":"2025-05-28T11:50:34+00:00","og_image":[{"width":600,"height":600,"url":"https:\/\/www.fireware.nl\/wp-content\/uploads\/2020\/08\/017-043-117-Oefenpop-Geestelijke-Gezondheidszorg-1.jpg","type":"image\/jpeg"}],"twitter_card":"summary_large_image","twitter_site":"@FireWarebv","twitter_misc":{"Gesch\u00e4tzte Lesezeit":"2\u00a0Minuten"},"schema":{"@context":"https:\/\/schema.org","@graph":[{"@type":"WebPage","@id":"https:\/\/www.fireware.nl\/de\/product\/ubungspuppe-fur-physische-interventionstechniken\/","url":"https:\/\/www.fireware.nl\/de\/product\/ubungspuppe-fur-physische-interventionstechniken\/","name":"Ruth Lee \u00dcbungspuppe f\u00fcr physische Interventionstechniken - FireWare","isPartOf":{"@id":"https:\/\/www.fireware.nl\/de\/#website"},"primaryImageOfPage":{"@id":"https:\/\/www.fireware.nl\/de\/product\/ubungspuppe-fur-physische-interventionstechniken\/#primaryimage"},"image":{"@id":"https:\/\/www.fireware.nl\/de\/product\/ubungspuppe-fur-physische-interventionstechniken\/#primaryimage"},"thumbnailUrl":"https:\/\/www.fireware.nl\/wp-content\/uploads\/2020\/08\/017-043-117-Oefenpop-Geestelijke-Gezondheidszorg-1.jpg","datePublished":"2020-08-28T14:31:09+00:00","dateModified":"2025-05-28T11:50:34+00:00","breadcrumb":{"@id":"https:\/\/www.fireware.nl\/de\/product\/ubungspuppe-fur-physische-interventionstechniken\/#breadcrumb"},"inLanguage":"de","potentialAction":[{"@type":"ReadAction","target":["https:\/\/www.fireware.nl\/de\/product\/ubungspuppe-fur-physische-interventionstechniken\/"]}]},{"@type":"ImageObject","inLanguage":"de","@id":"https:\/\/www.fireware.nl\/de\/product\/ubungspuppe-fur-physische-interventionstechniken\/#primaryimage","url":"https:\/\/www.fireware.nl\/wp-content\/uploads\/2020\/08\/017-043-117-Oefenpop-Geestelijke-Gezondheidszorg-1.jpg","contentUrl":"https:\/\/www.fireware.nl\/wp-content\/uploads\/2020\/08\/017-043-117-Oefenpop-Geestelijke-Gezondheidszorg-1.jpg","width":600,"height":600},{"@type":"BreadcrumbList","@id":"https:\/\/www.fireware.nl\/de\/product\/ubungspuppe-fur-physische-interventionstechniken\/#breadcrumb","itemListElement":[{"@type":"ListItem","position":1,"name":"Home","item":"https:\/\/www.fireware.nl\/de\/"},{"@type":"ListItem","position":2,"name":"Produkte","item":"https:\/\/www.fireware.nl\/de\/produkte\/"},{"@type":"ListItem","position":3,"name":"Ruth Lee \u00dcbungspuppe f\u00fcr physische Interventionstechniken"}]},{"@type":"WebSite","@id":"https:\/\/www.fireware.nl\/de\/#website","url":"https:\/\/www.fireware.nl\/de\/","name":"FireWare","description":"CREATING REALISTIC  TRAINING ENVIRONMENTS","publisher":{"@id":"https:\/\/www.fireware.nl\/de\/#organization"},"potentialAction":[{"@type":"SearchAction","target":{"@type":"EntryPoint","urlTemplate":"https:\/\/www.fireware.nl\/de\/?s={search_term_string}"},"query-input":{"@type":"PropertyValueSpecification","valueRequired":true,"valueName":"search_term_string"}}],"inLanguage":"de"},{"@type":"Organization","@id":"https:\/\/www.fireware.nl\/de\/#organization","name":"FireWare","url":"https:\/\/www.fireware.nl\/de\/","logo":{"@type":"ImageObject","inLanguage":"de","@id":"https:\/\/www.fireware.nl\/de\/#\/schema\/logo\/image\/","url":"https:\/\/www.fireware.nl\/wp-content\/uploads\/2018\/10\/fireware-logo.png","contentUrl":"https:\/\/www.fireware.nl\/wp-content\/uploads\/2018\/10\/fireware-logo.png","width":200,"height":86,"caption":"FireWare"},"image":{"@id":"https:\/\/www.fireware.nl\/de\/#\/schema\/logo\/image\/"},"sameAs":["https:\/\/www.facebook.com\/FireWareBV\/","https:\/\/x.com\/FireWarebv","https:\/\/www.instagram.com\/fireware_nl\/","https:\/\/www.linkedin.com\/company\/3586017\/","https:\/\/www.youtube.com\/user\/firesalesrentconsult"]}]}},"publishpress_future_workflow_manual_trigger":{"enabledWorkflows":[]},"_links":{"self":[{"href":"https:\/\/www.fireware.nl\/de\/wp-json\/wp\/v2\/product\/50877","targetHints":{"allow":["GET"]}}],"collection":[{"href":"https:\/\/www.fireware.nl\/de\/wp-json\/wp\/v2\/product"}],"about":[{"href":"https:\/\/www.fireware.nl\/de\/wp-json\/wp\/v2\/types\/product"}],"wp:featuredmedia":[{"embeddable":true,"href":"https:\/\/www.fireware.nl\/de\/wp-json\/wp\/v2\/media\/59980"}],"wp:attachment":[{"href":"https:\/\/www.fireware.nl\/de\/wp-json\/wp\/v2\/media?parent=50877"}],"wp:term":[{"taxonomy":"product_brand","embeddable":true,"href":"https:\/\/www.fireware.nl\/de\/wp-json\/wp\/v2\/product_brand?post=50877"},{"taxonomy":"product_cat","embeddable":true,"href":"https:\/\/www.fireware.nl\/de\/wp-json\/wp\/v2\/product_cat?post=50877"},{"taxonomy":"product_tag","embeddable":true,"href":"https:\/\/www.fireware.nl\/de\/wp-json\/wp\/v2\/product_tag?post=50877"}],"curies":[{"name":"wp","href":"https:\/\/api.w.org\/{rel}","templated":true}]}}