
{"id":43374,"date":"2020-05-15T14:58:07","date_gmt":"2020-05-15T14:58:07","guid":{"rendered":"https:\/\/www.fireware.nl\/product\/apollo-led-co2-ubungsloscher-2-l\/"},"modified":"2026-01-23T14:29:54","modified_gmt":"2026-01-23T14:29:54","slug":"apollo-led-co2-uebungsloescher-2-l","status":"publish","type":"product","link":"https:\/\/www.fireware.nl\/de\/product\/apollo-led-co2-uebungsloescher-2-l\/","title":{"rendered":"Apollo LED CO\u2082 \u00dcbungsl\u00f6scher 2 L"},"content":{"rendered":"\r\n<h2>Simulieren Sie eine CO\u2082-Feuerl\u00f6scher\u00fcbung mit LED-Licht<\/h2>\r\n<p>M\u00f6chten Sie Ihren Sch\u00fclern die M\u00f6glichkeit geben, Erfahrungen mit den L\u00f6schtechniken eines CO\u2082-L\u00f6schers zu sammeln? Der Apollo LED CO\u2082 \u00dcbungsl\u00f6scher 2 L ist ein L\u00f6schsimulator, der auf LED-Licht basiert. Dieser \u00dcbungsl\u00f6scher simuliert die Wirkung eines CO\u2082-L\u00f6schers und ist ideal f\u00fcr den L\u00f6schunterricht zur Vorbereitung auf Fl\u00fcssigkeitsbr\u00e4nde und Br\u00e4nde in unter Spannung stehenden Ger\u00e4ten geeignet. Der Apollo LED CO\u2082 \u00dcbungsl\u00f6scher ist kompakt. Da das Modell jedoch gleichm\u00e4\u00dfig gewichtet ist, f\u00fchlt sich der Feuerl\u00f6scher wie ein echter Feuerl\u00f6scher an.<\/p>\r\n<h2>\u00dcbungsl\u00f6scher mit Kohlendioxidschnee<\/h2>\r\n<p>Aktivieren Sie den Apollo LED CO\u2082 \u00dcbungsl\u00f6scher mit der Ein\/Aus-Taste oben am Ger\u00e4t. Anschlie\u00dfend kann der Sch\u00fcler den Apollo LED-\u00dcbungsl\u00f6scher wie einen normalen CO\u2082-L\u00f6scher bedienen. Der Sch\u00fcler entfernt den Sicherungsstift. Sobald der Druckgriff gedr\u00fcckt wird, ert\u00f6nt das Ger\u00e4usch eines spritzenden L\u00f6schers und eine blaue LED leuchtet aus dem Expansionsrohr heraus. Der Ausbilder kann den Sch\u00fcler bei der Ausrichtung des L\u00f6schstrahls jetzt instruieren. Kreieren Sie eine zus\u00e4tzliche Dimension bei der Simulation, indem Sie beispielsweise das <a href=\"https:\/\/www.fireware.nl\/de\/product\/ausbildung-set-brandherd\/\" target=\"_blank\" rel=\"noopener\">\u00dcbungsset \u201eBrandherd&#8221;<\/a> verwenden.<\/p>\r\n<p>W\u00e4hrend des Gebrauchs wird der virtuelle Tank allm\u00e4hlich entleert. Der aktuelle Status des Tanks wird durch 4 LEDs am \u00dcbungsl\u00f6scher angezeigt. Mit einem vollen Tank kann f\u00fcr etwa 30 Sekunden gel\u00f6scht werden. Sobald der virtuelle Tank fast leer ist, ert\u00f6nt der Soundeffekt eines stotternden L\u00f6schers. Der Apollo LED CO\u2082-\u00dcbungsl\u00f6scher verf\u00fcgt \u00fcber einen kr\u00e4ftigen Akku, der \u00fcber das mitgelieferte Micro-USB-Kabel aufgeladen werden kann.<\/p>\r\n<h2>CO\u2082-L\u00f6sch\u00fcbung ohne echtes Feuer<\/h2>\r\n<p>Kohlendioxid-Schneel\u00f6scher eignen sich zum L\u00f6schen von Fl\u00fcssigkeitsbr\u00e4nden und f\u00fcr Br\u00e4nde in elektronischen Ger\u00e4ten. Der Apollo LED CO\u2082 \u00dcbungsl\u00f6scher 2 L ist daher ideal f\u00fcr den Unterricht zum Thema L\u00f6schen in einem Serverraum oder Rechenzentrum geeignet. Wie ein echter CO\u2082-Feuerl\u00f6scher hinterl\u00e4sst der Apollo LED-\u00dcbungsl\u00f6scher weder Wasser noch Schaum oder Pulver. Dadurch kann der Ausbilder schnell den n\u00e4chsten Sch\u00fcler drannehmen. Eine interessante und risikofreie Einf\u00fchrung in die Praxis!<\/p>\r\n<p>Wollen Sie auch mit anderen Bedienungsmethoden \u00fcben? Der FireWare Apollo LED-\u00dcbungsl\u00f6scher ist auch als Schaum-\u00dcbungsl\u00f6scher in den Varianten Druckgriff und Schlagtaster erh\u00e4ltlich.<\/p>\r\n<h2>Beurteilen Sie die L\u00f6schkompetenzen aus der Distanz<\/h2>\r\n<p>Als Ausbilder m\u00f6chten Sie m\u00f6glicherweise die L\u00f6schkompetenzen aus der Distanz pr\u00fcfen, beispielsweise aufgrund der Situation rund um COVID-19. Mit dem Apollo LED \u00dcbungsl\u00f6scher k\u00f6nnen Sie die L\u00f6sch\u00fcbungen fortsetzen. Mit einer Videokonferenzsoftware wie Zoom, Microsoft Teams oder BigBlueButton teilt der Kursleiter seinen oder ihren Bildschirm. Auf diesem Bildschirm kann ein Video angezeigt werden, beispielsweise ein beginnender Brand. Auf diese Weise kann, aus der Distanz ein Monitorfeuer beim Sch\u00fcler simuliert werden. Mit dem Apollo LED-L\u00f6scher kann der Sch\u00fcler nachweisen, dass er alle notwendigen L\u00f6schkompetenzen besitzt.<\/p>\r\n<p>Der Dozent kann per Webcam zuschauen und Feedback geben. Da der Feuerl\u00f6scher auf Knopfdruck wieder \u201egef\u00fcllt&#8221; werden kann, kann das Szenario mehrmals hintereinander wiederholt werden.<\/p>\r\n<h2>Wiederholt \u00fcben mit Schaum, Wasser oder Luft<\/h2>\r\n<p>M\u00f6chten Sie eine praktische Brandbek\u00e4mpfungs\u00fcbung mit Schaum, Wasser oder Luft durchf\u00fchren? W\u00e4hlen Sie dann den <a href=\"https:\/\/www.fireware.nl\/de\/product\/apollo-led-schaum-ubungsloscher-mit-druckgriff-6-l\/\" target=\"_blank\" rel=\"noopener\">Neptune Schaum-\u00dcbungsl\u00f6scher mit Druckgriff<\/a> oder den <a href=\"https:\/\/www.fireware.nl\/de\/product\/apollo-led-schaum-ubungsloscher-mit-schlagtaster-6-l\/\" target=\"_blank\" rel=\"noopener\">Neptune Schaum-\u00dcbungsl\u00f6scher mit Schlagtaster<\/a>. In Kombination mit dem Neptun-F\u00fcllsystem kann wiederholt mit L\u00f6schmitteln ge\u00fcbt werden.<\/p>\r\n<h2>Sehen Sie sich das Video an<\/h2>\r\n<p><iframe src=\"https:\/\/www.youtube.com\/embed\/t-7fHchDE0g?rel=0\" width=\"560\" height=\"315\" frameborder=\"0\" allowfullscreen=\"allowfullscreen\"><\/iframe><\/p>\r\n","protected":false},"excerpt":{"rendered":"<ul>\n<li>Gut L\u00f6schen lernen ohne echtes Feuer und ohne Wasser, Schaum oder Pulver.<\/li>\n<li>Bereiten Sie den Lehrgangsteilnehmer in jeder \u00dcbungsumgebung auf die Praxis vor.<\/li>\n<li>Bedienen Sie den Apollo LED-L\u00f6scher wie einen normalen CO\u2082-L\u00f6scher.<\/li>\n<li>Hat das Gewicht eines echten L\u00f6schers, um sich der Praxis stellen zu k\u00f6nnen.<\/li>\n<li>Mit eingebauten Soundeffekten eines spritzenden CO\u2082-L\u00f6schers.<\/li>\n<li>W\u00e4hrend des Spritzens entleert sich der virtuelle Tank allm\u00e4hlich.<\/li>\n<li>Kommt mit Aufklebern in Niederl\u00e4ndisch, Englisch, Franz\u00f6sisch und Deutsch.<\/li>\n<li>Auch erh\u00e4ltlich mit Schlagtaster und Druckgriff und als Feuerwehrschlauchtrommel.<\/li>\n<li>Mit eingebauten Soundeffekten eines spritzenden CO\u2082-L\u00f6schers.<\/li>\n<\/ul>\n","protected":false},"featured_media":61572,"template":"","meta":[],"product_brand":[],"product_cat":[102],"product_tag":[],"class_list":{"0":"post-43374","1":"product","2":"type-product","3":"status-publish","4":"has-post-thumbnail","6":"product_cat-uebungs-loeschmittel","7":"pa_taal-deutsch","8":"pa_taal-englisch","9":"pa_taal-franzosisch","10":"pa_taal-italienisch","11":"pa_taal-niederlandisch","12":"pa_taal-spanisch","14":"first","15":"instock","16":"taxable","17":"shipping-taxable","18":"purchasable","19":"product-type-simple"},"yoast_head":"<!-- This site is optimized with the Yoast SEO plugin v27.4 - https:\/\/yoast.com\/product\/yoast-seo-wordpress\/ -->\n<title>Apollo LED CO\u2082 \u00dcbungsl\u00f6scher 2 L - FireWare<\/title>\n<meta name=\"robots\" content=\"index, follow, max-snippet:-1, max-image-preview:large, max-video-preview:-1\" \/>\n<link rel=\"canonical\" href=\"https:\/\/www.fireware.nl\/de\/product\/apollo-led-co2-uebungsloescher-2-l\/\" \/>\n<meta property=\"og:locale\" content=\"de_DE\" \/>\n<meta property=\"og:type\" content=\"article\" \/>\n<meta property=\"og:title\" content=\"Apollo LED CO\u2082 \u00dcbungsl\u00f6scher 2 L - FireWare\" \/>\n<meta property=\"og:description\" content=\"Gut L\u00f6schen lernen ohne echtes Feuer und ohne Wasser, Schaum oder Pulver. Bereiten Sie den Lehrgangsteilnehmer in jeder \u00dcbungsumgebung auf die Praxis vor. Bedienen Sie den Apollo LED-L\u00f6scher wie einen normalen CO\u2082-L\u00f6scher. Hat das Gewicht eines echten L\u00f6schers, um sich der Praxis stellen zu k\u00f6nnen. Mit eingebauten Soundeffekten eines spritzenden CO\u2082-L\u00f6schers. W\u00e4hrend des Spritzens entleert sich der virtuelle Tank allm\u00e4hlich. Kommt mit Aufklebern in Niederl\u00e4ndisch, Englisch, Franz\u00f6sisch und Deutsch. Auch erh\u00e4ltlich mit Schlagtaster und Druckgriff und als Feuerwehrschlauchtrommel. Mit eingebauten Soundeffekten eines spritzenden CO\u2082-L\u00f6schers.\" \/>\n<meta property=\"og:url\" content=\"https:\/\/www.fireware.nl\/de\/product\/apollo-led-co2-uebungsloescher-2-l\/\" \/>\n<meta property=\"og:site_name\" content=\"FireWare\" \/>\n<meta property=\"article:publisher\" content=\"https:\/\/www.facebook.com\/FireWareBV\/\" \/>\n<meta property=\"article:modified_time\" content=\"2026-01-23T14:29:54+00:00\" \/>\n<meta property=\"og:image\" content=\"https:\/\/www.fireware.nl\/wp-content\/uploads\/2020\/05\/025-100-013-FireWare-Apollo-LED-CO2-2.jpg\" \/>\n\t<meta property=\"og:image:width\" content=\"600\" \/>\n\t<meta property=\"og:image:height\" content=\"600\" \/>\n\t<meta property=\"og:image:type\" content=\"image\/jpeg\" \/>\n<meta name=\"twitter:card\" content=\"summary_large_image\" \/>\n<meta name=\"twitter:site\" content=\"@FireWarebv\" \/>\n<meta name=\"twitter:label1\" content=\"Gesch\u00e4tzte Lesezeit\" \/>\n\t<meta name=\"twitter:data1\" content=\"3\u00a0Minuten\" \/>\n<script type=\"application\/ld+json\" class=\"yoast-schema-graph\">{\"@context\":\"https:\\\/\\\/schema.org\",\"@graph\":[{\"@type\":\"WebPage\",\"@id\":\"https:\\\/\\\/www.fireware.nl\\\/de\\\/product\\\/apollo-led-co2-uebungsloescher-2-l\\\/\",\"url\":\"https:\\\/\\\/www.fireware.nl\\\/de\\\/product\\\/apollo-led-co2-uebungsloescher-2-l\\\/\",\"name\":\"Apollo LED CO\u2082 \u00dcbungsl\u00f6scher 2 L - FireWare\",\"isPartOf\":{\"@id\":\"https:\\\/\\\/www.fireware.nl\\\/de\\\/#website\"},\"primaryImageOfPage\":{\"@id\":\"https:\\\/\\\/www.fireware.nl\\\/de\\\/product\\\/apollo-led-co2-uebungsloescher-2-l\\\/#primaryimage\"},\"image\":{\"@id\":\"https:\\\/\\\/www.fireware.nl\\\/de\\\/product\\\/apollo-led-co2-uebungsloescher-2-l\\\/#primaryimage\"},\"thumbnailUrl\":\"https:\\\/\\\/www.fireware.nl\\\/wp-content\\\/uploads\\\/2020\\\/05\\\/025-100-013-FireWare-Apollo-LED-CO2-2.jpg\",\"datePublished\":\"2020-05-15T14:58:07+00:00\",\"dateModified\":\"2026-01-23T14:29:54+00:00\",\"breadcrumb\":{\"@id\":\"https:\\\/\\\/www.fireware.nl\\\/de\\\/product\\\/apollo-led-co2-uebungsloescher-2-l\\\/#breadcrumb\"},\"inLanguage\":\"de\",\"potentialAction\":[{\"@type\":\"ReadAction\",\"target\":[\"https:\\\/\\\/www.fireware.nl\\\/de\\\/product\\\/apollo-led-co2-uebungsloescher-2-l\\\/\"]}]},{\"@type\":\"ImageObject\",\"inLanguage\":\"de\",\"@id\":\"https:\\\/\\\/www.fireware.nl\\\/de\\\/product\\\/apollo-led-co2-uebungsloescher-2-l\\\/#primaryimage\",\"url\":\"https:\\\/\\\/www.fireware.nl\\\/wp-content\\\/uploads\\\/2020\\\/05\\\/025-100-013-FireWare-Apollo-LED-CO2-2.jpg\",\"contentUrl\":\"https:\\\/\\\/www.fireware.nl\\\/wp-content\\\/uploads\\\/2020\\\/05\\\/025-100-013-FireWare-Apollo-LED-CO2-2.jpg\",\"width\":600,\"height\":600},{\"@type\":\"BreadcrumbList\",\"@id\":\"https:\\\/\\\/www.fireware.nl\\\/de\\\/product\\\/apollo-led-co2-uebungsloescher-2-l\\\/#breadcrumb\",\"itemListElement\":[{\"@type\":\"ListItem\",\"position\":1,\"name\":\"Home\",\"item\":\"https:\\\/\\\/www.fireware.nl\\\/de\\\/\"},{\"@type\":\"ListItem\",\"position\":2,\"name\":\"Produkte\",\"item\":\"https:\\\/\\\/www.fireware.nl\\\/de\\\/produkte\\\/\"},{\"@type\":\"ListItem\",\"position\":3,\"name\":\"Apollo LED CO\u2082 \u00dcbungsl\u00f6scher 2 L\"}]},{\"@type\":\"WebSite\",\"@id\":\"https:\\\/\\\/www.fireware.nl\\\/de\\\/#website\",\"url\":\"https:\\\/\\\/www.fireware.nl\\\/de\\\/\",\"name\":\"FireWare\",\"description\":\"CREATING REALISTIC  TRAINING ENVIRONMENTS\",\"publisher\":{\"@id\":\"https:\\\/\\\/www.fireware.nl\\\/de\\\/#organization\"},\"potentialAction\":[{\"@type\":\"SearchAction\",\"target\":{\"@type\":\"EntryPoint\",\"urlTemplate\":\"https:\\\/\\\/www.fireware.nl\\\/de\\\/?s={search_term_string}\"},\"query-input\":{\"@type\":\"PropertyValueSpecification\",\"valueRequired\":true,\"valueName\":\"search_term_string\"}}],\"inLanguage\":\"de\"},{\"@type\":\"Organization\",\"@id\":\"https:\\\/\\\/www.fireware.nl\\\/de\\\/#organization\",\"name\":\"FireWare\",\"url\":\"https:\\\/\\\/www.fireware.nl\\\/de\\\/\",\"logo\":{\"@type\":\"ImageObject\",\"inLanguage\":\"de\",\"@id\":\"https:\\\/\\\/www.fireware.nl\\\/de\\\/#\\\/schema\\\/logo\\\/image\\\/\",\"url\":\"https:\\\/\\\/www.fireware.nl\\\/wp-content\\\/uploads\\\/2018\\\/10\\\/fireware-logo.png\",\"contentUrl\":\"https:\\\/\\\/www.fireware.nl\\\/wp-content\\\/uploads\\\/2018\\\/10\\\/fireware-logo.png\",\"width\":200,\"height\":86,\"caption\":\"FireWare\"},\"image\":{\"@id\":\"https:\\\/\\\/www.fireware.nl\\\/de\\\/#\\\/schema\\\/logo\\\/image\\\/\"},\"sameAs\":[\"https:\\\/\\\/www.facebook.com\\\/FireWareBV\\\/\",\"https:\\\/\\\/x.com\\\/FireWarebv\",\"https:\\\/\\\/www.instagram.com\\\/fireware_nl\\\/\",\"https:\\\/\\\/www.linkedin.com\\\/company\\\/3586017\\\/\",\"https:\\\/\\\/www.youtube.com\\\/user\\\/firesalesrentconsult\"]}]}<\/script>\n<!-- \/ Yoast SEO plugin. -->","yoast_head_json":{"title":"Apollo LED CO\u2082 \u00dcbungsl\u00f6scher 2 L - FireWare","robots":{"index":"index","follow":"follow","max-snippet":"max-snippet:-1","max-image-preview":"max-image-preview:large","max-video-preview":"max-video-preview:-1"},"canonical":"https:\/\/www.fireware.nl\/de\/product\/apollo-led-co2-uebungsloescher-2-l\/","og_locale":"de_DE","og_type":"article","og_title":"Apollo LED CO\u2082 \u00dcbungsl\u00f6scher 2 L - FireWare","og_description":"Gut L\u00f6schen lernen ohne echtes Feuer und ohne Wasser, Schaum oder Pulver. Bereiten Sie den Lehrgangsteilnehmer in jeder \u00dcbungsumgebung auf die Praxis vor. Bedienen Sie den Apollo LED-L\u00f6scher wie einen normalen CO\u2082-L\u00f6scher. Hat das Gewicht eines echten L\u00f6schers, um sich der Praxis stellen zu k\u00f6nnen. Mit eingebauten Soundeffekten eines spritzenden CO\u2082-L\u00f6schers. W\u00e4hrend des Spritzens entleert sich der virtuelle Tank allm\u00e4hlich. Kommt mit Aufklebern in Niederl\u00e4ndisch, Englisch, Franz\u00f6sisch und Deutsch. Auch erh\u00e4ltlich mit Schlagtaster und Druckgriff und als Feuerwehrschlauchtrommel. Mit eingebauten Soundeffekten eines spritzenden CO\u2082-L\u00f6schers.","og_url":"https:\/\/www.fireware.nl\/de\/product\/apollo-led-co2-uebungsloescher-2-l\/","og_site_name":"FireWare","article_publisher":"https:\/\/www.facebook.com\/FireWareBV\/","article_modified_time":"2026-01-23T14:29:54+00:00","og_image":[{"width":600,"height":600,"url":"https:\/\/www.fireware.nl\/wp-content\/uploads\/2020\/05\/025-100-013-FireWare-Apollo-LED-CO2-2.jpg","type":"image\/jpeg"}],"twitter_card":"summary_large_image","twitter_site":"@FireWarebv","twitter_misc":{"Gesch\u00e4tzte Lesezeit":"3\u00a0Minuten"},"schema":{"@context":"https:\/\/schema.org","@graph":[{"@type":"WebPage","@id":"https:\/\/www.fireware.nl\/de\/product\/apollo-led-co2-uebungsloescher-2-l\/","url":"https:\/\/www.fireware.nl\/de\/product\/apollo-led-co2-uebungsloescher-2-l\/","name":"Apollo LED CO\u2082 \u00dcbungsl\u00f6scher 2 L - FireWare","isPartOf":{"@id":"https:\/\/www.fireware.nl\/de\/#website"},"primaryImageOfPage":{"@id":"https:\/\/www.fireware.nl\/de\/product\/apollo-led-co2-uebungsloescher-2-l\/#primaryimage"},"image":{"@id":"https:\/\/www.fireware.nl\/de\/product\/apollo-led-co2-uebungsloescher-2-l\/#primaryimage"},"thumbnailUrl":"https:\/\/www.fireware.nl\/wp-content\/uploads\/2020\/05\/025-100-013-FireWare-Apollo-LED-CO2-2.jpg","datePublished":"2020-05-15T14:58:07+00:00","dateModified":"2026-01-23T14:29:54+00:00","breadcrumb":{"@id":"https:\/\/www.fireware.nl\/de\/product\/apollo-led-co2-uebungsloescher-2-l\/#breadcrumb"},"inLanguage":"de","potentialAction":[{"@type":"ReadAction","target":["https:\/\/www.fireware.nl\/de\/product\/apollo-led-co2-uebungsloescher-2-l\/"]}]},{"@type":"ImageObject","inLanguage":"de","@id":"https:\/\/www.fireware.nl\/de\/product\/apollo-led-co2-uebungsloescher-2-l\/#primaryimage","url":"https:\/\/www.fireware.nl\/wp-content\/uploads\/2020\/05\/025-100-013-FireWare-Apollo-LED-CO2-2.jpg","contentUrl":"https:\/\/www.fireware.nl\/wp-content\/uploads\/2020\/05\/025-100-013-FireWare-Apollo-LED-CO2-2.jpg","width":600,"height":600},{"@type":"BreadcrumbList","@id":"https:\/\/www.fireware.nl\/de\/product\/apollo-led-co2-uebungsloescher-2-l\/#breadcrumb","itemListElement":[{"@type":"ListItem","position":1,"name":"Home","item":"https:\/\/www.fireware.nl\/de\/"},{"@type":"ListItem","position":2,"name":"Produkte","item":"https:\/\/www.fireware.nl\/de\/produkte\/"},{"@type":"ListItem","position":3,"name":"Apollo LED CO\u2082 \u00dcbungsl\u00f6scher 2 L"}]},{"@type":"WebSite","@id":"https:\/\/www.fireware.nl\/de\/#website","url":"https:\/\/www.fireware.nl\/de\/","name":"FireWare","description":"CREATING REALISTIC  TRAINING ENVIRONMENTS","publisher":{"@id":"https:\/\/www.fireware.nl\/de\/#organization"},"potentialAction":[{"@type":"SearchAction","target":{"@type":"EntryPoint","urlTemplate":"https:\/\/www.fireware.nl\/de\/?s={search_term_string}"},"query-input":{"@type":"PropertyValueSpecification","valueRequired":true,"valueName":"search_term_string"}}],"inLanguage":"de"},{"@type":"Organization","@id":"https:\/\/www.fireware.nl\/de\/#organization","name":"FireWare","url":"https:\/\/www.fireware.nl\/de\/","logo":{"@type":"ImageObject","inLanguage":"de","@id":"https:\/\/www.fireware.nl\/de\/#\/schema\/logo\/image\/","url":"https:\/\/www.fireware.nl\/wp-content\/uploads\/2018\/10\/fireware-logo.png","contentUrl":"https:\/\/www.fireware.nl\/wp-content\/uploads\/2018\/10\/fireware-logo.png","width":200,"height":86,"caption":"FireWare"},"image":{"@id":"https:\/\/www.fireware.nl\/de\/#\/schema\/logo\/image\/"},"sameAs":["https:\/\/www.facebook.com\/FireWareBV\/","https:\/\/x.com\/FireWarebv","https:\/\/www.instagram.com\/fireware_nl\/","https:\/\/www.linkedin.com\/company\/3586017\/","https:\/\/www.youtube.com\/user\/firesalesrentconsult"]}]}},"publishpress_future_workflow_manual_trigger":{"enabledWorkflows":[]},"_links":{"self":[{"href":"https:\/\/www.fireware.nl\/de\/wp-json\/wp\/v2\/product\/43374","targetHints":{"allow":["GET"]}}],"collection":[{"href":"https:\/\/www.fireware.nl\/de\/wp-json\/wp\/v2\/product"}],"about":[{"href":"https:\/\/www.fireware.nl\/de\/wp-json\/wp\/v2\/types\/product"}],"wp:featuredmedia":[{"embeddable":true,"href":"https:\/\/www.fireware.nl\/de\/wp-json\/wp\/v2\/media\/61572"}],"wp:attachment":[{"href":"https:\/\/www.fireware.nl\/de\/wp-json\/wp\/v2\/media?parent=43374"}],"wp:term":[{"taxonomy":"product_brand","embeddable":true,"href":"https:\/\/www.fireware.nl\/de\/wp-json\/wp\/v2\/product_brand?post=43374"},{"taxonomy":"product_cat","embeddable":true,"href":"https:\/\/www.fireware.nl\/de\/wp-json\/wp\/v2\/product_cat?post=43374"},{"taxonomy":"product_tag","embeddable":true,"href":"https:\/\/www.fireware.nl\/de\/wp-json\/wp\/v2\/product_tag?post=43374"}],"curies":[{"name":"wp","href":"https:\/\/api.w.org\/{rel}","templated":true}]}}