
{"id":35488,"date":"2019-09-04T11:54:58","date_gmt":"2019-09-04T11:54:58","guid":{"rendered":"https:\/\/www.fireware.nl\/product\/funkfernsteuerung-fur-die-fusion\/"},"modified":"2023-03-23T10:09:23","modified_gmt":"2023-03-23T10:09:23","slug":"funkfernsteuerung-fur-die-fusion","status":"publish","type":"product","link":"https:\/\/www.fireware.nl\/de\/product\/funkfernsteuerung-fur-die-fusion\/","title":{"rendered":"[Schlussverk\u00e4ufe] Funkfernsteuerung f\u00fcr die Fusion"},"content":{"rendered":"<h2>Steuern Sie die Fusion per Funk an<\/h2>\n<p>Verwenden Sie die drahtlose Fusion Remote, um die FireWare Fusion per Funk fernzusteuern. Mit der Fusion SoundBox k\u00f6nnen Sie 45 realistische Soundeffekte f\u00fcr Inszenierungen simulieren. Die Funkfernsteuerung bietet Ihnen die Kontrolle \u00fcber die verschiedenen Soundeffekte. Damit beeinflussen Sie das Szenario per Fernbedienung!<\/p>\n<p>Sie schlie\u00dfen die Fusion Remote einfach an ein Fusion SoundBox an. Die Kommunikation zwischen den beiden Apparaten geschieht \u00fcber Bluetooth. Sobald die Fernsteuerung mit der Fusion gekoppelt ist, kann das Zubeh\u00f6r eingesetzt werden. Somit k\u00f6nnen Sie die Soundeffekte wechseln, die Lautst\u00e4rke bestimmen und den Sound stoppen, um ihn dann weiterlaufen zu lassen.<\/p>\n<p>Unter idealen Bedingungen betr\u00e4gt die Reichweite 10 Meter. Es ist nicht m\u00f6glich, eine einzelne Fernsteuerung mit mehreren FireWare Fusion SoundBoxen zu koppeln.<\/p>\n<h2>Die \u00dcbungssituation aus der Ferne beeinflussen<\/h2>\n<p>Die Funkfernsteuerung der Fusion bietet viele Vorteile. Da der Ausbilder den Sound fernsteuert, l\u00e4uft er w\u00e4hrend der \u00dcbung niemanden in den Weg. Die Fernsteuerung erh\u00f6ht auch den \u00dcberraschungseffekt der Sounds w\u00e4hrend des Trainings. Der Hilferuf kann gestoppt werden, wenn die Puppe gefunden wird, oder das nervende Wimmern kann unterbrochen werden, um eine Erl\u00e4uterung einflie\u00dfen zu lassen. Das dynamische Inszenieren wird damit sehr einfach.<\/p>\n<h2>Die Fusion Remote k\u00e4uflich erwerben<\/h2>\n<p>Die FireWare Fusion kann \u00fcber die SoundBox selbst oder \u00fcber eine spezielle Smartphone-App bedient werden. Dennoch ist die Funkfernsteuerung in verschiedenen Situationen ein Mehrwert. Beispielsweise hat nicht jeder w\u00e4hrend einer \u00dcbung Zugriff auf ein Smartphone. Das Tragen von Handschuhen ist ebenfalls kein Problem. Und die Bedienung einer Smartphone App ist nicht f\u00fcr alle einfach. Mit der Funkfernsteuerung f\u00fcr Fusion stellen Sie sicher, dass Sie die FireWare Fusion immer einfach und drahtlos aus der Ferne steuern k\u00f6nnen.<\/p>\n","protected":false},"excerpt":{"rendered":"<ul>\n<li>Drahtlose Fernbedienung f\u00fcr FireWare Fusion<\/li>\n<li>Dynamische Inszenierung wird sehr einfach<\/li>\n<li>Der Ausbilder behindert w\u00e4hrend der \u00dcbung niemanden<\/li>\n<li>Einfaches Pairing \u00fcber Bluetooth<\/li>\n<\/ul>\n","protected":false},"featured_media":35267,"template":"","meta":[],"product_brand":[],"product_cat":[96],"product_tag":[],"class_list":{"0":"post-35488","1":"product","2":"type-product","3":"status-publish","4":"has-post-thumbnail","6":"product_cat-geraeusch","8":"first","9":"instock","10":"sale","11":"taxable","12":"shipping-taxable","13":"purchasable","14":"product-type-simple"},"yoast_head":"<!-- This site is optimized with the Yoast SEO plugin v27.4 - https:\/\/yoast.com\/product\/yoast-seo-wordpress\/ -->\n<title>[Schlussverk\u00e4ufe] Funkfernsteuerung f\u00fcr die Fusion - FireWare<\/title>\n<meta name=\"robots\" content=\"index, follow, max-snippet:-1, max-image-preview:large, max-video-preview:-1\" \/>\n<link rel=\"canonical\" href=\"https:\/\/www.fireware.nl\/de\/product\/funkfernsteuerung-fur-die-fusion\/\" \/>\n<meta property=\"og:locale\" content=\"de_DE\" \/>\n<meta property=\"og:type\" content=\"article\" \/>\n<meta property=\"og:title\" content=\"[Schlussverk\u00e4ufe] Funkfernsteuerung f\u00fcr die Fusion - FireWare\" \/>\n<meta property=\"og:description\" content=\"Drahtlose Fernbedienung f\u00fcr FireWare Fusion  Dynamische Inszenierung wird sehr einfach  Der Ausbilder behindert w\u00e4hrend der \u00dcbung niemanden  Einfaches Pairing \u00fcber Bluetooth\" \/>\n<meta property=\"og:url\" content=\"https:\/\/www.fireware.nl\/de\/product\/funkfernsteuerung-fur-die-fusion\/\" \/>\n<meta property=\"og:site_name\" content=\"FireWare\" \/>\n<meta property=\"article:publisher\" content=\"https:\/\/www.facebook.com\/FireWareBV\/\" \/>\n<meta property=\"article:modified_time\" content=\"2023-03-23T10:09:23+00:00\" \/>\n<meta property=\"og:image\" content=\"https:\/\/www.fireware.nl\/wp-content\/uploads\/2019\/09\/fusion_remote_voorkant-1.jpg\" \/>\n\t<meta property=\"og:image:width\" content=\"600\" \/>\n\t<meta property=\"og:image:height\" content=\"600\" \/>\n\t<meta property=\"og:image:type\" content=\"image\/jpeg\" \/>\n<meta name=\"twitter:card\" content=\"summary_large_image\" \/>\n<meta name=\"twitter:site\" content=\"@FireWarebv\" \/>\n<meta name=\"twitter:label1\" content=\"Gesch\u00e4tzte Lesezeit\" \/>\n\t<meta name=\"twitter:data1\" content=\"2\u00a0Minuten\" \/>\n<script type=\"application\/ld+json\" class=\"yoast-schema-graph\">{\"@context\":\"https:\\\/\\\/schema.org\",\"@graph\":[{\"@type\":\"WebPage\",\"@id\":\"https:\\\/\\\/www.fireware.nl\\\/de\\\/product\\\/funkfernsteuerung-fur-die-fusion\\\/\",\"url\":\"https:\\\/\\\/www.fireware.nl\\\/de\\\/product\\\/funkfernsteuerung-fur-die-fusion\\\/\",\"name\":\"[Schlussverk\u00e4ufe] Funkfernsteuerung f\u00fcr die Fusion - FireWare\",\"isPartOf\":{\"@id\":\"https:\\\/\\\/www.fireware.nl\\\/de\\\/#website\"},\"primaryImageOfPage\":{\"@id\":\"https:\\\/\\\/www.fireware.nl\\\/de\\\/product\\\/funkfernsteuerung-fur-die-fusion\\\/#primaryimage\"},\"image\":{\"@id\":\"https:\\\/\\\/www.fireware.nl\\\/de\\\/product\\\/funkfernsteuerung-fur-die-fusion\\\/#primaryimage\"},\"thumbnailUrl\":\"https:\\\/\\\/www.fireware.nl\\\/wp-content\\\/uploads\\\/2019\\\/09\\\/fusion_remote_voorkant-1.jpg\",\"datePublished\":\"2019-09-04T11:54:58+00:00\",\"dateModified\":\"2023-03-23T10:09:23+00:00\",\"breadcrumb\":{\"@id\":\"https:\\\/\\\/www.fireware.nl\\\/de\\\/product\\\/funkfernsteuerung-fur-die-fusion\\\/#breadcrumb\"},\"inLanguage\":\"de\",\"potentialAction\":[{\"@type\":\"ReadAction\",\"target\":[\"https:\\\/\\\/www.fireware.nl\\\/de\\\/product\\\/funkfernsteuerung-fur-die-fusion\\\/\"]}]},{\"@type\":\"ImageObject\",\"inLanguage\":\"de\",\"@id\":\"https:\\\/\\\/www.fireware.nl\\\/de\\\/product\\\/funkfernsteuerung-fur-die-fusion\\\/#primaryimage\",\"url\":\"https:\\\/\\\/www.fireware.nl\\\/wp-content\\\/uploads\\\/2019\\\/09\\\/fusion_remote_voorkant-1.jpg\",\"contentUrl\":\"https:\\\/\\\/www.fireware.nl\\\/wp-content\\\/uploads\\\/2019\\\/09\\\/fusion_remote_voorkant-1.jpg\",\"width\":600,\"height\":600},{\"@type\":\"BreadcrumbList\",\"@id\":\"https:\\\/\\\/www.fireware.nl\\\/de\\\/product\\\/funkfernsteuerung-fur-die-fusion\\\/#breadcrumb\",\"itemListElement\":[{\"@type\":\"ListItem\",\"position\":1,\"name\":\"Home\",\"item\":\"https:\\\/\\\/www.fireware.nl\\\/de\\\/\"},{\"@type\":\"ListItem\",\"position\":2,\"name\":\"Produkte\",\"item\":\"https:\\\/\\\/www.fireware.nl\\\/de\\\/produkte\\\/\"},{\"@type\":\"ListItem\",\"position\":3,\"name\":\"[Schlussverk\u00e4ufe] Funkfernsteuerung f\u00fcr die Fusion\"}]},{\"@type\":\"WebSite\",\"@id\":\"https:\\\/\\\/www.fireware.nl\\\/de\\\/#website\",\"url\":\"https:\\\/\\\/www.fireware.nl\\\/de\\\/\",\"name\":\"FireWare\",\"description\":\"CREATING REALISTIC  TRAINING ENVIRONMENTS\",\"publisher\":{\"@id\":\"https:\\\/\\\/www.fireware.nl\\\/de\\\/#organization\"},\"potentialAction\":[{\"@type\":\"SearchAction\",\"target\":{\"@type\":\"EntryPoint\",\"urlTemplate\":\"https:\\\/\\\/www.fireware.nl\\\/de\\\/?s={search_term_string}\"},\"query-input\":{\"@type\":\"PropertyValueSpecification\",\"valueRequired\":true,\"valueName\":\"search_term_string\"}}],\"inLanguage\":\"de\"},{\"@type\":\"Organization\",\"@id\":\"https:\\\/\\\/www.fireware.nl\\\/de\\\/#organization\",\"name\":\"FireWare\",\"url\":\"https:\\\/\\\/www.fireware.nl\\\/de\\\/\",\"logo\":{\"@type\":\"ImageObject\",\"inLanguage\":\"de\",\"@id\":\"https:\\\/\\\/www.fireware.nl\\\/de\\\/#\\\/schema\\\/logo\\\/image\\\/\",\"url\":\"https:\\\/\\\/www.fireware.nl\\\/wp-content\\\/uploads\\\/2018\\\/10\\\/fireware-logo.png\",\"contentUrl\":\"https:\\\/\\\/www.fireware.nl\\\/wp-content\\\/uploads\\\/2018\\\/10\\\/fireware-logo.png\",\"width\":200,\"height\":86,\"caption\":\"FireWare\"},\"image\":{\"@id\":\"https:\\\/\\\/www.fireware.nl\\\/de\\\/#\\\/schema\\\/logo\\\/image\\\/\"},\"sameAs\":[\"https:\\\/\\\/www.facebook.com\\\/FireWareBV\\\/\",\"https:\\\/\\\/x.com\\\/FireWarebv\",\"https:\\\/\\\/www.instagram.com\\\/fireware_nl\\\/\",\"https:\\\/\\\/www.linkedin.com\\\/company\\\/3586017\\\/\",\"https:\\\/\\\/www.youtube.com\\\/user\\\/firesalesrentconsult\"]}]}<\/script>\n<!-- \/ Yoast SEO plugin. -->","yoast_head_json":{"title":"[Schlussverk\u00e4ufe] Funkfernsteuerung f\u00fcr die Fusion - FireWare","robots":{"index":"index","follow":"follow","max-snippet":"max-snippet:-1","max-image-preview":"max-image-preview:large","max-video-preview":"max-video-preview:-1"},"canonical":"https:\/\/www.fireware.nl\/de\/product\/funkfernsteuerung-fur-die-fusion\/","og_locale":"de_DE","og_type":"article","og_title":"[Schlussverk\u00e4ufe] Funkfernsteuerung f\u00fcr die Fusion - FireWare","og_description":"Drahtlose Fernbedienung f\u00fcr FireWare Fusion  Dynamische Inszenierung wird sehr einfach  Der Ausbilder behindert w\u00e4hrend der \u00dcbung niemanden  Einfaches Pairing \u00fcber Bluetooth","og_url":"https:\/\/www.fireware.nl\/de\/product\/funkfernsteuerung-fur-die-fusion\/","og_site_name":"FireWare","article_publisher":"https:\/\/www.facebook.com\/FireWareBV\/","article_modified_time":"2023-03-23T10:09:23+00:00","og_image":[{"width":600,"height":600,"url":"https:\/\/www.fireware.nl\/wp-content\/uploads\/2019\/09\/fusion_remote_voorkant-1.jpg","type":"image\/jpeg"}],"twitter_card":"summary_large_image","twitter_site":"@FireWarebv","twitter_misc":{"Gesch\u00e4tzte Lesezeit":"2\u00a0Minuten"},"schema":{"@context":"https:\/\/schema.org","@graph":[{"@type":"WebPage","@id":"https:\/\/www.fireware.nl\/de\/product\/funkfernsteuerung-fur-die-fusion\/","url":"https:\/\/www.fireware.nl\/de\/product\/funkfernsteuerung-fur-die-fusion\/","name":"[Schlussverk\u00e4ufe] Funkfernsteuerung f\u00fcr die Fusion - FireWare","isPartOf":{"@id":"https:\/\/www.fireware.nl\/de\/#website"},"primaryImageOfPage":{"@id":"https:\/\/www.fireware.nl\/de\/product\/funkfernsteuerung-fur-die-fusion\/#primaryimage"},"image":{"@id":"https:\/\/www.fireware.nl\/de\/product\/funkfernsteuerung-fur-die-fusion\/#primaryimage"},"thumbnailUrl":"https:\/\/www.fireware.nl\/wp-content\/uploads\/2019\/09\/fusion_remote_voorkant-1.jpg","datePublished":"2019-09-04T11:54:58+00:00","dateModified":"2023-03-23T10:09:23+00:00","breadcrumb":{"@id":"https:\/\/www.fireware.nl\/de\/product\/funkfernsteuerung-fur-die-fusion\/#breadcrumb"},"inLanguage":"de","potentialAction":[{"@type":"ReadAction","target":["https:\/\/www.fireware.nl\/de\/product\/funkfernsteuerung-fur-die-fusion\/"]}]},{"@type":"ImageObject","inLanguage":"de","@id":"https:\/\/www.fireware.nl\/de\/product\/funkfernsteuerung-fur-die-fusion\/#primaryimage","url":"https:\/\/www.fireware.nl\/wp-content\/uploads\/2019\/09\/fusion_remote_voorkant-1.jpg","contentUrl":"https:\/\/www.fireware.nl\/wp-content\/uploads\/2019\/09\/fusion_remote_voorkant-1.jpg","width":600,"height":600},{"@type":"BreadcrumbList","@id":"https:\/\/www.fireware.nl\/de\/product\/funkfernsteuerung-fur-die-fusion\/#breadcrumb","itemListElement":[{"@type":"ListItem","position":1,"name":"Home","item":"https:\/\/www.fireware.nl\/de\/"},{"@type":"ListItem","position":2,"name":"Produkte","item":"https:\/\/www.fireware.nl\/de\/produkte\/"},{"@type":"ListItem","position":3,"name":"[Schlussverk\u00e4ufe] Funkfernsteuerung f\u00fcr die Fusion"}]},{"@type":"WebSite","@id":"https:\/\/www.fireware.nl\/de\/#website","url":"https:\/\/www.fireware.nl\/de\/","name":"FireWare","description":"CREATING REALISTIC  TRAINING ENVIRONMENTS","publisher":{"@id":"https:\/\/www.fireware.nl\/de\/#organization"},"potentialAction":[{"@type":"SearchAction","target":{"@type":"EntryPoint","urlTemplate":"https:\/\/www.fireware.nl\/de\/?s={search_term_string}"},"query-input":{"@type":"PropertyValueSpecification","valueRequired":true,"valueName":"search_term_string"}}],"inLanguage":"de"},{"@type":"Organization","@id":"https:\/\/www.fireware.nl\/de\/#organization","name":"FireWare","url":"https:\/\/www.fireware.nl\/de\/","logo":{"@type":"ImageObject","inLanguage":"de","@id":"https:\/\/www.fireware.nl\/de\/#\/schema\/logo\/image\/","url":"https:\/\/www.fireware.nl\/wp-content\/uploads\/2018\/10\/fireware-logo.png","contentUrl":"https:\/\/www.fireware.nl\/wp-content\/uploads\/2018\/10\/fireware-logo.png","width":200,"height":86,"caption":"FireWare"},"image":{"@id":"https:\/\/www.fireware.nl\/de\/#\/schema\/logo\/image\/"},"sameAs":["https:\/\/www.facebook.com\/FireWareBV\/","https:\/\/x.com\/FireWarebv","https:\/\/www.instagram.com\/fireware_nl\/","https:\/\/www.linkedin.com\/company\/3586017\/","https:\/\/www.youtube.com\/user\/firesalesrentconsult"]}]}},"publishpress_future_workflow_manual_trigger":{"enabledWorkflows":[]},"_links":{"self":[{"href":"https:\/\/www.fireware.nl\/de\/wp-json\/wp\/v2\/product\/35488","targetHints":{"allow":["GET"]}}],"collection":[{"href":"https:\/\/www.fireware.nl\/de\/wp-json\/wp\/v2\/product"}],"about":[{"href":"https:\/\/www.fireware.nl\/de\/wp-json\/wp\/v2\/types\/product"}],"wp:featuredmedia":[{"embeddable":true,"href":"https:\/\/www.fireware.nl\/de\/wp-json\/wp\/v2\/media\/35267"}],"wp:attachment":[{"href":"https:\/\/www.fireware.nl\/de\/wp-json\/wp\/v2\/media?parent=35488"}],"wp:term":[{"taxonomy":"product_brand","embeddable":true,"href":"https:\/\/www.fireware.nl\/de\/wp-json\/wp\/v2\/product_brand?post=35488"},{"taxonomy":"product_cat","embeddable":true,"href":"https:\/\/www.fireware.nl\/de\/wp-json\/wp\/v2\/product_cat?post=35488"},{"taxonomy":"product_tag","embeddable":true,"href":"https:\/\/www.fireware.nl\/de\/wp-json\/wp\/v2\/product_tag?post=35488"}],"curies":[{"name":"wp","href":"https:\/\/api.w.org\/{rel}","templated":true}]}}