
{"id":32258,"date":"2019-09-30T08:30:45","date_gmt":"2019-09-30T08:30:45","guid":{"rendered":"https:\/\/www.fireware.nl\/product\/add-on-knallkorb\/"},"modified":"2026-01-23T14:56:10","modified_gmt":"2026-01-23T14:56:10","slug":"add-on-knallkorb","status":"publish","type":"product","link":"https:\/\/www.fireware.nl\/de\/product\/add-on-knallkorb\/","title":{"rendered":"Add-on Knallkorb"},"content":{"rendered":"\r\n<p>Das Add-on Knallkorb ist ein Aufsatz f\u00fcr die FireWare Vesta. Sie stellen den K\u00e4fig einfach auf den L\u00f6schtrainer. Durch dieses Zubeh\u00f6r erfahren die Lehrgangsteilnehmer was f\u00fcr Folgen ein Feuer auf einer kleinen Spr\u00fchdose hat. Bereiten Sie sie auf eine Explosion mit einem Feuerball vor!<\/p>\r\n<h1>Kein Kinderspielzeug<\/h1>\r\n<p>Es ist wichtig, ausreichende Sicherheitsma\u00dfnahmen f\u00fcr die Verwendung dieses Explosionsk\u00e4figs zu treffen. Stellen Sie sicher, dass brennbare Gegenst\u00e4nde aus der Umgebung entfernt werden und dass ein L\u00f6schmittel einsatzbereit ist. Lassen Sie die Lehrgangsteilnehmer eine Schutzbrille tragen und achten Sie auf ausreichenden Abstand.<\/p>\r\n<p>Entfernen Sie allen \u00fcbersch\u00fcssigen Kunststoff von der Spraydose und stellen Sie die Spraydose mit der Spr\u00fchd\u00fcse nach unten in den Korb. Hinweis: Es d\u00fcrfen nur Aerosolsprays <u>ohne Mischkugel<\/u> verwendet werden. Andernfalls kann dies zu gef\u00e4hrlichen Situationen f\u00fchren. Es ist wichtig, dass die Vesta von einem Fachmann gez\u00fcndet wird, der die Folgen einer explodierenden Spr\u00fchdose absehen kann.<\/p>\r\n<h1>Explosion mit einem lauten Knall<\/h1>\r\n<p>Innerhalb weniger Sekunden nach dem Z\u00fcnden der Vesta ert\u00f6nt ein lauter Knall. Damit weisen Sie die Lehrgangsteilnehmer auf die Brandgefahr leicht entflammbarer Gegenst\u00e4nde hin. Eine kleine Spr\u00fchdose kann schon gro\u00dfe Gefahren verursachen! Nach der Vorf\u00fchrung kann die Spr\u00fchdose durch eine neue Flasche ersetzt werden. Beachten Sie aber, dass sowohl die Vesta als auch der K\u00e4fig hei\u00df sind. Tragen Sie immer feuerfeste Handschuhe.<\/p>\r\n<p>Der Add-on Knallkorb ist f\u00fcr Spr\u00fchdosen bis maximal 75 Milliliter geeignet. Denken Sie an eine kleine Dose Haarspray oder ein Deo. Der Aufsatz wird in einer praktischen Transportbox (60*40*44 cm) aus Kunststoff geliefert. Zus\u00e4tzlich zum Aufsatz enth\u00e4lt diese Box das Produkthandbuch.<\/p>\r\n<h2>Sehen Sie das Video hier an<\/h2>\r\n<p><iframe src=\"https:\/\/player.vimeo.com\/video\/352720171\" width=\"640\" height=\"360\" frameborder=\"0\" allowfullscreen=\"allowfullscreen\"><\/iframe><\/p>\r\n","protected":false},"excerpt":{"rendered":"<ul>\n<li>Kann oben auf dem FireWare Vesta angebracht werden<\/li>\n<li>Zur Demonstration des Effekts eines Brandes auf einer kleinen Spr\u00fchdose<\/li>\n<li>F\u00fcr Spr\u00fchdosen mit einem Inhalt von <strong>maximal 75 ml<\/strong><\/li>\n<li>F\u00fcr Spr\u00fchdosen <strong>ohne<\/strong> Mischkugel<\/li>\n<li>Wird in einer handlichen Kunststoffkiste zum Transport geliefert (60 x 40 x 44 cm)<\/li>\n<\/ul>\n","protected":false},"featured_media":32254,"template":"","meta":[],"product_brand":[],"product_cat":[74],"product_tag":[],"class_list":{"0":"post-32258","1":"product","2":"type-product","3":"status-publish","4":"has-post-thumbnail","6":"product_cat-attrappen-fuer-loeschtrainer","8":"first","9":"instock","10":"taxable","11":"shipping-taxable","12":"purchasable","13":"product-type-simple"},"yoast_head":"<!-- This site is optimized with the Yoast SEO plugin v27.4 - https:\/\/yoast.com\/product\/yoast-seo-wordpress\/ -->\n<title>Add-on Knallkorb - FireWare<\/title>\n<meta name=\"robots\" content=\"index, follow, max-snippet:-1, max-image-preview:large, max-video-preview:-1\" \/>\n<link rel=\"canonical\" href=\"https:\/\/www.fireware.nl\/de\/product\/add-on-knallkorb\/\" \/>\n<meta property=\"og:locale\" content=\"de_DE\" \/>\n<meta property=\"og:type\" content=\"article\" \/>\n<meta property=\"og:title\" content=\"Add-on Knallkorb - FireWare\" \/>\n<meta property=\"og:description\" content=\"Kann oben auf dem FireWare Vesta angebracht werden Zur Demonstration des Effekts eines Brandes auf einer kleinen Spr\u00fchdose F\u00fcr Spr\u00fchdosen mit einem Inhalt von maximal 75 ml F\u00fcr Spr\u00fchdosen ohne Mischkugel Wird in einer handlichen Kunststoffkiste zum Transport geliefert (60 x 40 x 44 cm)\" \/>\n<meta property=\"og:url\" content=\"https:\/\/www.fireware.nl\/de\/product\/add-on-knallkorb\/\" \/>\n<meta property=\"og:site_name\" content=\"FireWare\" \/>\n<meta property=\"article:publisher\" content=\"https:\/\/www.facebook.com\/FireWareBV\/\" \/>\n<meta property=\"article:modified_time\" content=\"2026-01-23T14:56:10+00:00\" \/>\n<meta property=\"og:image\" content=\"https:\/\/www.fireware.nl\/wp-content\/uploads\/2019\/07\/049-012-038-Add-on-Knalkorf.jpg\" \/>\n\t<meta property=\"og:image:width\" content=\"600\" \/>\n\t<meta property=\"og:image:height\" content=\"600\" \/>\n\t<meta property=\"og:image:type\" content=\"image\/jpeg\" \/>\n<meta name=\"twitter:card\" content=\"summary_large_image\" \/>\n<meta name=\"twitter:site\" content=\"@FireWarebv\" \/>\n<meta name=\"twitter:label1\" content=\"Gesch\u00e4tzte Lesezeit\" \/>\n\t<meta name=\"twitter:data1\" content=\"2\u00a0Minuten\" \/>\n<script type=\"application\/ld+json\" class=\"yoast-schema-graph\">{\"@context\":\"https:\\\/\\\/schema.org\",\"@graph\":[{\"@type\":\"WebPage\",\"@id\":\"https:\\\/\\\/www.fireware.nl\\\/de\\\/product\\\/add-on-knallkorb\\\/\",\"url\":\"https:\\\/\\\/www.fireware.nl\\\/de\\\/product\\\/add-on-knallkorb\\\/\",\"name\":\"Add-on Knallkorb - FireWare\",\"isPartOf\":{\"@id\":\"https:\\\/\\\/www.fireware.nl\\\/de\\\/#website\"},\"primaryImageOfPage\":{\"@id\":\"https:\\\/\\\/www.fireware.nl\\\/de\\\/product\\\/add-on-knallkorb\\\/#primaryimage\"},\"image\":{\"@id\":\"https:\\\/\\\/www.fireware.nl\\\/de\\\/product\\\/add-on-knallkorb\\\/#primaryimage\"},\"thumbnailUrl\":\"https:\\\/\\\/www.fireware.nl\\\/wp-content\\\/uploads\\\/2019\\\/07\\\/049-012-038-Add-on-Knalkorf.jpg\",\"datePublished\":\"2019-09-30T08:30:45+00:00\",\"dateModified\":\"2026-01-23T14:56:10+00:00\",\"breadcrumb\":{\"@id\":\"https:\\\/\\\/www.fireware.nl\\\/de\\\/product\\\/add-on-knallkorb\\\/#breadcrumb\"},\"inLanguage\":\"de\",\"potentialAction\":[{\"@type\":\"ReadAction\",\"target\":[\"https:\\\/\\\/www.fireware.nl\\\/de\\\/product\\\/add-on-knallkorb\\\/\"]}]},{\"@type\":\"ImageObject\",\"inLanguage\":\"de\",\"@id\":\"https:\\\/\\\/www.fireware.nl\\\/de\\\/product\\\/add-on-knallkorb\\\/#primaryimage\",\"url\":\"https:\\\/\\\/www.fireware.nl\\\/wp-content\\\/uploads\\\/2019\\\/07\\\/049-012-038-Add-on-Knalkorf.jpg\",\"contentUrl\":\"https:\\\/\\\/www.fireware.nl\\\/wp-content\\\/uploads\\\/2019\\\/07\\\/049-012-038-Add-on-Knalkorf.jpg\",\"width\":600,\"height\":600},{\"@type\":\"BreadcrumbList\",\"@id\":\"https:\\\/\\\/www.fireware.nl\\\/de\\\/product\\\/add-on-knallkorb\\\/#breadcrumb\",\"itemListElement\":[{\"@type\":\"ListItem\",\"position\":1,\"name\":\"Home\",\"item\":\"https:\\\/\\\/www.fireware.nl\\\/de\\\/\"},{\"@type\":\"ListItem\",\"position\":2,\"name\":\"Produkte\",\"item\":\"https:\\\/\\\/www.fireware.nl\\\/de\\\/produkte\\\/\"},{\"@type\":\"ListItem\",\"position\":3,\"name\":\"Add-on Knallkorb\"}]},{\"@type\":\"WebSite\",\"@id\":\"https:\\\/\\\/www.fireware.nl\\\/de\\\/#website\",\"url\":\"https:\\\/\\\/www.fireware.nl\\\/de\\\/\",\"name\":\"FireWare\",\"description\":\"CREATING REALISTIC  TRAINING ENVIRONMENTS\",\"publisher\":{\"@id\":\"https:\\\/\\\/www.fireware.nl\\\/de\\\/#organization\"},\"potentialAction\":[{\"@type\":\"SearchAction\",\"target\":{\"@type\":\"EntryPoint\",\"urlTemplate\":\"https:\\\/\\\/www.fireware.nl\\\/de\\\/?s={search_term_string}\"},\"query-input\":{\"@type\":\"PropertyValueSpecification\",\"valueRequired\":true,\"valueName\":\"search_term_string\"}}],\"inLanguage\":\"de\"},{\"@type\":\"Organization\",\"@id\":\"https:\\\/\\\/www.fireware.nl\\\/de\\\/#organization\",\"name\":\"FireWare\",\"url\":\"https:\\\/\\\/www.fireware.nl\\\/de\\\/\",\"logo\":{\"@type\":\"ImageObject\",\"inLanguage\":\"de\",\"@id\":\"https:\\\/\\\/www.fireware.nl\\\/de\\\/#\\\/schema\\\/logo\\\/image\\\/\",\"url\":\"https:\\\/\\\/www.fireware.nl\\\/wp-content\\\/uploads\\\/2018\\\/10\\\/fireware-logo.png\",\"contentUrl\":\"https:\\\/\\\/www.fireware.nl\\\/wp-content\\\/uploads\\\/2018\\\/10\\\/fireware-logo.png\",\"width\":200,\"height\":86,\"caption\":\"FireWare\"},\"image\":{\"@id\":\"https:\\\/\\\/www.fireware.nl\\\/de\\\/#\\\/schema\\\/logo\\\/image\\\/\"},\"sameAs\":[\"https:\\\/\\\/www.facebook.com\\\/FireWareBV\\\/\",\"https:\\\/\\\/x.com\\\/FireWarebv\",\"https:\\\/\\\/www.instagram.com\\\/fireware_nl\\\/\",\"https:\\\/\\\/www.linkedin.com\\\/company\\\/3586017\\\/\",\"https:\\\/\\\/www.youtube.com\\\/user\\\/firesalesrentconsult\"]}]}<\/script>\n<!-- \/ Yoast SEO plugin. -->","yoast_head_json":{"title":"Add-on Knallkorb - FireWare","robots":{"index":"index","follow":"follow","max-snippet":"max-snippet:-1","max-image-preview":"max-image-preview:large","max-video-preview":"max-video-preview:-1"},"canonical":"https:\/\/www.fireware.nl\/de\/product\/add-on-knallkorb\/","og_locale":"de_DE","og_type":"article","og_title":"Add-on Knallkorb - FireWare","og_description":"Kann oben auf dem FireWare Vesta angebracht werden Zur Demonstration des Effekts eines Brandes auf einer kleinen Spr\u00fchdose F\u00fcr Spr\u00fchdosen mit einem Inhalt von maximal 75 ml F\u00fcr Spr\u00fchdosen ohne Mischkugel Wird in einer handlichen Kunststoffkiste zum Transport geliefert (60 x 40 x 44 cm)","og_url":"https:\/\/www.fireware.nl\/de\/product\/add-on-knallkorb\/","og_site_name":"FireWare","article_publisher":"https:\/\/www.facebook.com\/FireWareBV\/","article_modified_time":"2026-01-23T14:56:10+00:00","og_image":[{"width":600,"height":600,"url":"https:\/\/www.fireware.nl\/wp-content\/uploads\/2019\/07\/049-012-038-Add-on-Knalkorf.jpg","type":"image\/jpeg"}],"twitter_card":"summary_large_image","twitter_site":"@FireWarebv","twitter_misc":{"Gesch\u00e4tzte Lesezeit":"2\u00a0Minuten"},"schema":{"@context":"https:\/\/schema.org","@graph":[{"@type":"WebPage","@id":"https:\/\/www.fireware.nl\/de\/product\/add-on-knallkorb\/","url":"https:\/\/www.fireware.nl\/de\/product\/add-on-knallkorb\/","name":"Add-on Knallkorb - FireWare","isPartOf":{"@id":"https:\/\/www.fireware.nl\/de\/#website"},"primaryImageOfPage":{"@id":"https:\/\/www.fireware.nl\/de\/product\/add-on-knallkorb\/#primaryimage"},"image":{"@id":"https:\/\/www.fireware.nl\/de\/product\/add-on-knallkorb\/#primaryimage"},"thumbnailUrl":"https:\/\/www.fireware.nl\/wp-content\/uploads\/2019\/07\/049-012-038-Add-on-Knalkorf.jpg","datePublished":"2019-09-30T08:30:45+00:00","dateModified":"2026-01-23T14:56:10+00:00","breadcrumb":{"@id":"https:\/\/www.fireware.nl\/de\/product\/add-on-knallkorb\/#breadcrumb"},"inLanguage":"de","potentialAction":[{"@type":"ReadAction","target":["https:\/\/www.fireware.nl\/de\/product\/add-on-knallkorb\/"]}]},{"@type":"ImageObject","inLanguage":"de","@id":"https:\/\/www.fireware.nl\/de\/product\/add-on-knallkorb\/#primaryimage","url":"https:\/\/www.fireware.nl\/wp-content\/uploads\/2019\/07\/049-012-038-Add-on-Knalkorf.jpg","contentUrl":"https:\/\/www.fireware.nl\/wp-content\/uploads\/2019\/07\/049-012-038-Add-on-Knalkorf.jpg","width":600,"height":600},{"@type":"BreadcrumbList","@id":"https:\/\/www.fireware.nl\/de\/product\/add-on-knallkorb\/#breadcrumb","itemListElement":[{"@type":"ListItem","position":1,"name":"Home","item":"https:\/\/www.fireware.nl\/de\/"},{"@type":"ListItem","position":2,"name":"Produkte","item":"https:\/\/www.fireware.nl\/de\/produkte\/"},{"@type":"ListItem","position":3,"name":"Add-on Knallkorb"}]},{"@type":"WebSite","@id":"https:\/\/www.fireware.nl\/de\/#website","url":"https:\/\/www.fireware.nl\/de\/","name":"FireWare","description":"CREATING REALISTIC  TRAINING ENVIRONMENTS","publisher":{"@id":"https:\/\/www.fireware.nl\/de\/#organization"},"potentialAction":[{"@type":"SearchAction","target":{"@type":"EntryPoint","urlTemplate":"https:\/\/www.fireware.nl\/de\/?s={search_term_string}"},"query-input":{"@type":"PropertyValueSpecification","valueRequired":true,"valueName":"search_term_string"}}],"inLanguage":"de"},{"@type":"Organization","@id":"https:\/\/www.fireware.nl\/de\/#organization","name":"FireWare","url":"https:\/\/www.fireware.nl\/de\/","logo":{"@type":"ImageObject","inLanguage":"de","@id":"https:\/\/www.fireware.nl\/de\/#\/schema\/logo\/image\/","url":"https:\/\/www.fireware.nl\/wp-content\/uploads\/2018\/10\/fireware-logo.png","contentUrl":"https:\/\/www.fireware.nl\/wp-content\/uploads\/2018\/10\/fireware-logo.png","width":200,"height":86,"caption":"FireWare"},"image":{"@id":"https:\/\/www.fireware.nl\/de\/#\/schema\/logo\/image\/"},"sameAs":["https:\/\/www.facebook.com\/FireWareBV\/","https:\/\/x.com\/FireWarebv","https:\/\/www.instagram.com\/fireware_nl\/","https:\/\/www.linkedin.com\/company\/3586017\/","https:\/\/www.youtube.com\/user\/firesalesrentconsult"]}]}},"publishpress_future_workflow_manual_trigger":{"enabledWorkflows":[]},"_links":{"self":[{"href":"https:\/\/www.fireware.nl\/de\/wp-json\/wp\/v2\/product\/32258","targetHints":{"allow":["GET"]}}],"collection":[{"href":"https:\/\/www.fireware.nl\/de\/wp-json\/wp\/v2\/product"}],"about":[{"href":"https:\/\/www.fireware.nl\/de\/wp-json\/wp\/v2\/types\/product"}],"wp:featuredmedia":[{"embeddable":true,"href":"https:\/\/www.fireware.nl\/de\/wp-json\/wp\/v2\/media\/32254"}],"wp:attachment":[{"href":"https:\/\/www.fireware.nl\/de\/wp-json\/wp\/v2\/media?parent=32258"}],"wp:term":[{"taxonomy":"product_brand","embeddable":true,"href":"https:\/\/www.fireware.nl\/de\/wp-json\/wp\/v2\/product_brand?post=32258"},{"taxonomy":"product_cat","embeddable":true,"href":"https:\/\/www.fireware.nl\/de\/wp-json\/wp\/v2\/product_cat?post=32258"},{"taxonomy":"product_tag","embeddable":true,"href":"https:\/\/www.fireware.nl\/de\/wp-json\/wp\/v2\/product_tag?post=32258"}],"curies":[{"name":"wp","href":"https:\/\/api.w.org\/{rel}","templated":true}]}}