
{"id":19792,"date":"2019-01-23T12:15:32","date_gmt":"2019-01-23T12:15:32","guid":{"rendered":"http:\/\/fireware.sites.hyperhosting.co\/?post_type=product&#038;p=19792"},"modified":"2025-02-03T13:27:22","modified_gmt":"2025-02-03T13:27:22","slug":"farbe-fluessigkeit-set","status":"publish","type":"product","link":"https:\/\/www.fireware.nl\/de\/product\/farbe-fluessigkeit-set\/","title":{"rendered":"Farbe Fl\u00fcssigkeit Set"},"content":{"rendered":"<h2>Inszenieren Sie Unf\u00e4llen mit Gefahrstoffe<\/h2>\n<p>Mit den Farbe Fl\u00fcssigkeiten von FireWare k\u00f6nnen Sie ganz einfach Wasser kolorieren zu einer Chemikalie. Ein paar Tropfen sind genug fur einer gro\u00dfen Fa\u00df Wasser. Wenn gew\u00fcnscht, k\u00f6nnen die verschiedenen Farben auch miteinander gemischt werden, um das gew\u00fcnschte Ergebnis zu erzielen.<\/p>\n<p>Verwenden Sie die Farbe Fl\u00fcssigkeit sparsam und vermeiden Sie den Kontakt mit Haut, Kleidung oder die Umwelt zu Fleckenbildung zu verhindern. Die Farbe Fl\u00fcssigkeit ist in einer 500 ml Flasche verpackt. Verh\u00e4ltnis ungef\u00e4hr 1 : 10.000<\/p>\n","protected":false},"excerpt":{"rendered":"<ul>\n<li>Set von 6 Farben Farbe Fl\u00fcssigkeit<\/li>\n<li>Zur Simulation von chemischen Fl\u00fcssigkeiten.<\/li>\n<li>Hochkonzentrierte Farbe Fl\u00fcssigkeit.<\/li>\n<li>Verh\u00e4ltnis ungef\u00e4hr 1 : 10.000<\/li>\n<li>F\u00fcr die Inszenierung von Unf\u00e4lle mit gef\u00e4hrlichen Stoffen.<\/li>\n<li>Inklusive Kunststoffbox 30x20x23,5 cm.<\/li>\n<\/ul>\n","protected":false},"featured_media":21708,"template":"","meta":[],"product_brand":[],"product_cat":[219],"product_tag":[],"class_list":{"0":"post-19792","1":"product","2":"type-product","3":"status-publish","4":"has-post-thumbnail","6":"product_cat-cbrne-de","8":"first","9":"instock","10":"taxable","11":"shipping-taxable","12":"purchasable","13":"product-type-simple"},"yoast_head":"<!-- This site is optimized with the Yoast SEO plugin v27.4 - https:\/\/yoast.com\/product\/yoast-seo-wordpress\/ -->\n<title>Farbe Fl\u00fcssigkeit Set - FireWare<\/title>\n<meta name=\"robots\" content=\"index, follow, max-snippet:-1, max-image-preview:large, max-video-preview:-1\" \/>\n<link rel=\"canonical\" href=\"https:\/\/www.fireware.nl\/de\/product\/farbe-fluessigkeit-set\/\" \/>\n<meta property=\"og:locale\" content=\"de_DE\" \/>\n<meta property=\"og:type\" content=\"article\" \/>\n<meta property=\"og:title\" content=\"Farbe Fl\u00fcssigkeit Set - FireWare\" \/>\n<meta property=\"og:description\" content=\"Set von 6 Farben Farbe Fl\u00fcssigkeit  Zur Simulation von chemischen Fl\u00fcssigkeiten.  Hochkonzentrierte Farbe Fl\u00fcssigkeit.  Verh\u00e4ltnis ungef\u00e4hr 1 : 10.000  F\u00fcr die Inszenierung von Unf\u00e4lle mit gef\u00e4hrlichen Stoffen.  Inklusive Kunststoffbox 30x20x23,5 cm.\" \/>\n<meta property=\"og:url\" content=\"https:\/\/www.fireware.nl\/de\/product\/farbe-fluessigkeit-set\/\" \/>\n<meta property=\"og:site_name\" content=\"FireWare\" \/>\n<meta property=\"article:publisher\" content=\"https:\/\/www.facebook.com\/FireWareBV\/\" \/>\n<meta property=\"article:modified_time\" content=\"2025-02-03T13:27:22+00:00\" \/>\n<meta property=\"og:image\" content=\"https:\/\/www.fireware.nl\/wp-content\/uploads\/2019\/01\/025-030-009-Kleurenvloeistof-set.jpg\" \/>\n\t<meta property=\"og:image:width\" content=\"600\" \/>\n\t<meta property=\"og:image:height\" content=\"600\" \/>\n\t<meta property=\"og:image:type\" content=\"image\/jpeg\" \/>\n<meta name=\"twitter:card\" content=\"summary_large_image\" \/>\n<meta name=\"twitter:site\" content=\"@FireWarebv\" \/>\n<meta name=\"twitter:label1\" content=\"Gesch\u00e4tzte Lesezeit\" \/>\n\t<meta name=\"twitter:data1\" content=\"1\u00a0Minute\" \/>\n<script type=\"application\/ld+json\" class=\"yoast-schema-graph\">{\"@context\":\"https:\\\/\\\/schema.org\",\"@graph\":[{\"@type\":\"WebPage\",\"@id\":\"https:\\\/\\\/www.fireware.nl\\\/de\\\/product\\\/farbe-fluessigkeit-set\\\/\",\"url\":\"https:\\\/\\\/www.fireware.nl\\\/de\\\/product\\\/farbe-fluessigkeit-set\\\/\",\"name\":\"Farbe Fl\u00fcssigkeit Set - FireWare\",\"isPartOf\":{\"@id\":\"https:\\\/\\\/www.fireware.nl\\\/de\\\/#website\"},\"primaryImageOfPage\":{\"@id\":\"https:\\\/\\\/www.fireware.nl\\\/de\\\/product\\\/farbe-fluessigkeit-set\\\/#primaryimage\"},\"image\":{\"@id\":\"https:\\\/\\\/www.fireware.nl\\\/de\\\/product\\\/farbe-fluessigkeit-set\\\/#primaryimage\"},\"thumbnailUrl\":\"https:\\\/\\\/www.fireware.nl\\\/wp-content\\\/uploads\\\/2019\\\/01\\\/025-030-009-Kleurenvloeistof-set.jpg\",\"datePublished\":\"2019-01-23T12:15:32+00:00\",\"dateModified\":\"2025-02-03T13:27:22+00:00\",\"breadcrumb\":{\"@id\":\"https:\\\/\\\/www.fireware.nl\\\/de\\\/product\\\/farbe-fluessigkeit-set\\\/#breadcrumb\"},\"inLanguage\":\"de\",\"potentialAction\":[{\"@type\":\"ReadAction\",\"target\":[\"https:\\\/\\\/www.fireware.nl\\\/de\\\/product\\\/farbe-fluessigkeit-set\\\/\"]}]},{\"@type\":\"ImageObject\",\"inLanguage\":\"de\",\"@id\":\"https:\\\/\\\/www.fireware.nl\\\/de\\\/product\\\/farbe-fluessigkeit-set\\\/#primaryimage\",\"url\":\"https:\\\/\\\/www.fireware.nl\\\/wp-content\\\/uploads\\\/2019\\\/01\\\/025-030-009-Kleurenvloeistof-set.jpg\",\"contentUrl\":\"https:\\\/\\\/www.fireware.nl\\\/wp-content\\\/uploads\\\/2019\\\/01\\\/025-030-009-Kleurenvloeistof-set.jpg\",\"width\":600,\"height\":600,\"caption\":\"025-030-009 Kleurenvloeistof set\"},{\"@type\":\"BreadcrumbList\",\"@id\":\"https:\\\/\\\/www.fireware.nl\\\/de\\\/product\\\/farbe-fluessigkeit-set\\\/#breadcrumb\",\"itemListElement\":[{\"@type\":\"ListItem\",\"position\":1,\"name\":\"Home\",\"item\":\"https:\\\/\\\/www.fireware.nl\\\/de\\\/\"},{\"@type\":\"ListItem\",\"position\":2,\"name\":\"Produkte\",\"item\":\"https:\\\/\\\/www.fireware.nl\\\/de\\\/produkte\\\/\"},{\"@type\":\"ListItem\",\"position\":3,\"name\":\"Farbe Fl\u00fcssigkeit Set\"}]},{\"@type\":\"WebSite\",\"@id\":\"https:\\\/\\\/www.fireware.nl\\\/de\\\/#website\",\"url\":\"https:\\\/\\\/www.fireware.nl\\\/de\\\/\",\"name\":\"FireWare\",\"description\":\"CREATING REALISTIC  TRAINING ENVIRONMENTS\",\"publisher\":{\"@id\":\"https:\\\/\\\/www.fireware.nl\\\/de\\\/#organization\"},\"potentialAction\":[{\"@type\":\"SearchAction\",\"target\":{\"@type\":\"EntryPoint\",\"urlTemplate\":\"https:\\\/\\\/www.fireware.nl\\\/de\\\/?s={search_term_string}\"},\"query-input\":{\"@type\":\"PropertyValueSpecification\",\"valueRequired\":true,\"valueName\":\"search_term_string\"}}],\"inLanguage\":\"de\"},{\"@type\":\"Organization\",\"@id\":\"https:\\\/\\\/www.fireware.nl\\\/de\\\/#organization\",\"name\":\"FireWare\",\"url\":\"https:\\\/\\\/www.fireware.nl\\\/de\\\/\",\"logo\":{\"@type\":\"ImageObject\",\"inLanguage\":\"de\",\"@id\":\"https:\\\/\\\/www.fireware.nl\\\/de\\\/#\\\/schema\\\/logo\\\/image\\\/\",\"url\":\"https:\\\/\\\/www.fireware.nl\\\/wp-content\\\/uploads\\\/2018\\\/10\\\/fireware-logo.png\",\"contentUrl\":\"https:\\\/\\\/www.fireware.nl\\\/wp-content\\\/uploads\\\/2018\\\/10\\\/fireware-logo.png\",\"width\":200,\"height\":86,\"caption\":\"FireWare\"},\"image\":{\"@id\":\"https:\\\/\\\/www.fireware.nl\\\/de\\\/#\\\/schema\\\/logo\\\/image\\\/\"},\"sameAs\":[\"https:\\\/\\\/www.facebook.com\\\/FireWareBV\\\/\",\"https:\\\/\\\/x.com\\\/FireWarebv\",\"https:\\\/\\\/www.instagram.com\\\/fireware_nl\\\/\",\"https:\\\/\\\/www.linkedin.com\\\/company\\\/3586017\\\/\",\"https:\\\/\\\/www.youtube.com\\\/user\\\/firesalesrentconsult\"]}]}<\/script>\n<!-- \/ Yoast SEO plugin. -->","yoast_head_json":{"title":"Farbe Fl\u00fcssigkeit Set - FireWare","robots":{"index":"index","follow":"follow","max-snippet":"max-snippet:-1","max-image-preview":"max-image-preview:large","max-video-preview":"max-video-preview:-1"},"canonical":"https:\/\/www.fireware.nl\/de\/product\/farbe-fluessigkeit-set\/","og_locale":"de_DE","og_type":"article","og_title":"Farbe Fl\u00fcssigkeit Set - FireWare","og_description":"Set von 6 Farben Farbe Fl\u00fcssigkeit  Zur Simulation von chemischen Fl\u00fcssigkeiten.  Hochkonzentrierte Farbe Fl\u00fcssigkeit.  Verh\u00e4ltnis ungef\u00e4hr 1 : 10.000  F\u00fcr die Inszenierung von Unf\u00e4lle mit gef\u00e4hrlichen Stoffen.  Inklusive Kunststoffbox 30x20x23,5 cm.","og_url":"https:\/\/www.fireware.nl\/de\/product\/farbe-fluessigkeit-set\/","og_site_name":"FireWare","article_publisher":"https:\/\/www.facebook.com\/FireWareBV\/","article_modified_time":"2025-02-03T13:27:22+00:00","og_image":[{"width":600,"height":600,"url":"https:\/\/www.fireware.nl\/wp-content\/uploads\/2019\/01\/025-030-009-Kleurenvloeistof-set.jpg","type":"image\/jpeg"}],"twitter_card":"summary_large_image","twitter_site":"@FireWarebv","twitter_misc":{"Gesch\u00e4tzte Lesezeit":"1\u00a0Minute"},"schema":{"@context":"https:\/\/schema.org","@graph":[{"@type":"WebPage","@id":"https:\/\/www.fireware.nl\/de\/product\/farbe-fluessigkeit-set\/","url":"https:\/\/www.fireware.nl\/de\/product\/farbe-fluessigkeit-set\/","name":"Farbe Fl\u00fcssigkeit Set - FireWare","isPartOf":{"@id":"https:\/\/www.fireware.nl\/de\/#website"},"primaryImageOfPage":{"@id":"https:\/\/www.fireware.nl\/de\/product\/farbe-fluessigkeit-set\/#primaryimage"},"image":{"@id":"https:\/\/www.fireware.nl\/de\/product\/farbe-fluessigkeit-set\/#primaryimage"},"thumbnailUrl":"https:\/\/www.fireware.nl\/wp-content\/uploads\/2019\/01\/025-030-009-Kleurenvloeistof-set.jpg","datePublished":"2019-01-23T12:15:32+00:00","dateModified":"2025-02-03T13:27:22+00:00","breadcrumb":{"@id":"https:\/\/www.fireware.nl\/de\/product\/farbe-fluessigkeit-set\/#breadcrumb"},"inLanguage":"de","potentialAction":[{"@type":"ReadAction","target":["https:\/\/www.fireware.nl\/de\/product\/farbe-fluessigkeit-set\/"]}]},{"@type":"ImageObject","inLanguage":"de","@id":"https:\/\/www.fireware.nl\/de\/product\/farbe-fluessigkeit-set\/#primaryimage","url":"https:\/\/www.fireware.nl\/wp-content\/uploads\/2019\/01\/025-030-009-Kleurenvloeistof-set.jpg","contentUrl":"https:\/\/www.fireware.nl\/wp-content\/uploads\/2019\/01\/025-030-009-Kleurenvloeistof-set.jpg","width":600,"height":600,"caption":"025-030-009 Kleurenvloeistof set"},{"@type":"BreadcrumbList","@id":"https:\/\/www.fireware.nl\/de\/product\/farbe-fluessigkeit-set\/#breadcrumb","itemListElement":[{"@type":"ListItem","position":1,"name":"Home","item":"https:\/\/www.fireware.nl\/de\/"},{"@type":"ListItem","position":2,"name":"Produkte","item":"https:\/\/www.fireware.nl\/de\/produkte\/"},{"@type":"ListItem","position":3,"name":"Farbe Fl\u00fcssigkeit Set"}]},{"@type":"WebSite","@id":"https:\/\/www.fireware.nl\/de\/#website","url":"https:\/\/www.fireware.nl\/de\/","name":"FireWare","description":"CREATING REALISTIC  TRAINING ENVIRONMENTS","publisher":{"@id":"https:\/\/www.fireware.nl\/de\/#organization"},"potentialAction":[{"@type":"SearchAction","target":{"@type":"EntryPoint","urlTemplate":"https:\/\/www.fireware.nl\/de\/?s={search_term_string}"},"query-input":{"@type":"PropertyValueSpecification","valueRequired":true,"valueName":"search_term_string"}}],"inLanguage":"de"},{"@type":"Organization","@id":"https:\/\/www.fireware.nl\/de\/#organization","name":"FireWare","url":"https:\/\/www.fireware.nl\/de\/","logo":{"@type":"ImageObject","inLanguage":"de","@id":"https:\/\/www.fireware.nl\/de\/#\/schema\/logo\/image\/","url":"https:\/\/www.fireware.nl\/wp-content\/uploads\/2018\/10\/fireware-logo.png","contentUrl":"https:\/\/www.fireware.nl\/wp-content\/uploads\/2018\/10\/fireware-logo.png","width":200,"height":86,"caption":"FireWare"},"image":{"@id":"https:\/\/www.fireware.nl\/de\/#\/schema\/logo\/image\/"},"sameAs":["https:\/\/www.facebook.com\/FireWareBV\/","https:\/\/x.com\/FireWarebv","https:\/\/www.instagram.com\/fireware_nl\/","https:\/\/www.linkedin.com\/company\/3586017\/","https:\/\/www.youtube.com\/user\/firesalesrentconsult"]}]}},"publishpress_future_workflow_manual_trigger":{"enabledWorkflows":[]},"_links":{"self":[{"href":"https:\/\/www.fireware.nl\/de\/wp-json\/wp\/v2\/product\/19792","targetHints":{"allow":["GET"]}}],"collection":[{"href":"https:\/\/www.fireware.nl\/de\/wp-json\/wp\/v2\/product"}],"about":[{"href":"https:\/\/www.fireware.nl\/de\/wp-json\/wp\/v2\/types\/product"}],"wp:featuredmedia":[{"embeddable":true,"href":"https:\/\/www.fireware.nl\/de\/wp-json\/wp\/v2\/media\/21708"}],"wp:attachment":[{"href":"https:\/\/www.fireware.nl\/de\/wp-json\/wp\/v2\/media?parent=19792"}],"wp:term":[{"taxonomy":"product_brand","embeddable":true,"href":"https:\/\/www.fireware.nl\/de\/wp-json\/wp\/v2\/product_brand?post=19792"},{"taxonomy":"product_cat","embeddable":true,"href":"https:\/\/www.fireware.nl\/de\/wp-json\/wp\/v2\/product_cat?post=19792"},{"taxonomy":"product_tag","embeddable":true,"href":"https:\/\/www.fireware.nl\/de\/wp-json\/wp\/v2\/product_tag?post=19792"}],"curies":[{"name":"wp","href":"https:\/\/api.w.org\/{rel}","templated":true}]}}