
{"id":19779,"date":"2019-01-23T12:17:17","date_gmt":"2019-01-23T12:17:17","guid":{"rendered":"http:\/\/fireware.sites.hyperhosting.co\/?post_type=product&#038;p=19779"},"modified":"2022-07-14T08:30:06","modified_gmt":"2022-07-14T08:30:06","slug":"farbe-fluessigkeit","status":"publish","type":"product","link":"https:\/\/www.fireware.nl\/de\/produkt\/farbe-fluessigkeit\/","title":{"rendered":"Farbe Fl\u00fcssigkeit"},"content":{"rendered":"<p><span class=\"hps\">Mit den Farbe Fl\u00fcssigkeiten von FireWare <\/span><span class=\"hps\">k\u00f6nnen Sie ganz einfach<\/span>\u00a0<span class=\"hps\">Wasser\u00a0kolorieren\u00a0zu<\/span>\u00a0<span class=\"hps\">einer Chemikalie.<\/span>\u00a0<span class=\"hps\">Ein paar Tropfen<\/span>\u00a0sind genug fur\u00a0<span class=\"hps\">einer gro\u00dfen<\/span>\u00a0<span class=\"hps\">Fa\u00df<\/span>\u00a0<span class=\"hps\">Wasser<\/span>.\u00a0<span class=\"hps\">Wenn<\/span>\u00a0<span class=\"hps\">gew\u00fcnscht, k\u00f6nnen die<\/span>\u00a0<span class=\"hps\">verschiedenen Farben<\/span>\u00a0<span class=\"hps\">auch<\/span>\u00a0<span class=\"hps\">miteinander gemischt<\/span>\u00a0<span class=\"hps\">werden, um<\/span>\u00a0<span class=\"hps\">das gew\u00fcnschte<\/span>\u00a0<span class=\"hps\">Ergebnis zu erzielen.<\/span><\/p>\n<p><span class=\"hps\">Verwenden Sie die<\/span>\u00a0<span class=\"hps\">Farbe Fl\u00fcssigkeit<\/span>\u00a0<span class=\"hps\">sparsam und<\/span>\u00a0<span class=\"hps\">vermeiden Sie den Kontakt<\/span>\u00a0<span class=\"hps\">mit<\/span>\u00a0<span class=\"hps\">Haut, Kleidung oder<\/span>\u00a0<span class=\"hps\">die Umwelt<\/span>\u00a0<span class=\"hps\">zu<\/span><span class=\"hps\">Fleckenbildung<\/span>\u00a0<span class=\"hps\">zu verhindern.\u00a0<\/span><span class=\"hps\">Die Farbe<\/span>\u00a0<span class=\"hps\">Fl\u00fcssigkeit<\/span>\u00a0<span class=\"hps\">ist in<\/span>\u00a0<span class=\"hps\">einer\u00a0500 ml\u00a0Flasche<\/span>\u00a0<span class=\"hps\">verpackt. Verh\u00e4ltnis ungef\u00e4hr 1 : 10.000<\/span><\/p>\n","protected":false},"excerpt":{"rendered":"<ul>\n<li><span class=\"hps\">Zur Simulation von<\/span>\u00a0<span class=\"hps\">chemischen Fl\u00fcssigkeiten.<\/span><\/li>\n<li><span class=\"hps\">Hochkonzentrierte<\/span>\u00a0Farbe\u00a0<span class=\"hps\">Fl\u00fcssigkeit.<\/span><\/li>\n<li><span class=\"hps\">Verh\u00e4ltnis ungef\u00e4hr 1 : 10.000<\/span><\/li>\n<li><span class=\"hps\">F\u00fcr die<\/span>\u00a0<span class=\"hps\">Inszenierung<\/span>\u00a0<span class=\"hps\">von Unf\u00e4llen<\/span>\u00a0<span class=\"hps\">mit gef\u00e4hrlichen Stoffen.<\/span><\/li>\n<li>In einer Kunststoffbox von 30 x 20 x 23,5 cm.<\/li>\n<\/ul>\n","protected":false},"featured_media":21683,"template":"","meta":[],"product_brand":[],"product_cat":[219],"product_tag":[],"class_list":{"0":"post-19779","1":"product","2":"type-product","3":"status-publish","4":"has-post-thumbnail","6":"product_cat-cbrne-de","8":"first","9":"instock","10":"taxable","11":"shipping-taxable","12":"purchasable","13":"product-type-variable"},"yoast_head":"<!-- This site is optimized with the Yoast SEO plugin v27.4 - https:\/\/yoast.com\/product\/yoast-seo-wordpress\/ -->\n<title>Farbe Fl\u00fcssigkeit - FireWare<\/title>\n<meta name=\"robots\" content=\"index, follow, max-snippet:-1, max-image-preview:large, max-video-preview:-1\" \/>\n<link rel=\"canonical\" href=\"https:\/\/www.fireware.nl\/de\/produkt\/farbe-fluessigkeit\/\" \/>\n<meta property=\"og:locale\" content=\"de_DE\" \/>\n<meta property=\"og:type\" content=\"article\" \/>\n<meta property=\"og:title\" content=\"Farbe Fl\u00fcssigkeit - FireWare\" \/>\n<meta property=\"og:description\" content=\"Zur Simulation von\u00a0chemischen Fl\u00fcssigkeiten.  Hochkonzentrierte\u00a0Farbe\u00a0Fl\u00fcssigkeit.  Verh\u00e4ltnis ungef\u00e4hr 1 : 10.000  F\u00fcr die\u00a0Inszenierung\u00a0von Unf\u00e4llen\u00a0mit gef\u00e4hrlichen Stoffen.  In einer Kunststoffbox von 30 x 20 x 23,5 cm.\" \/>\n<meta property=\"og:url\" content=\"https:\/\/www.fireware.nl\/de\/produkt\/farbe-fluessigkeit\/\" \/>\n<meta property=\"og:site_name\" content=\"FireWare\" \/>\n<meta property=\"article:publisher\" content=\"https:\/\/www.facebook.com\/FireWareBV\/\" \/>\n<meta property=\"article:modified_time\" content=\"2022-07-14T08:30:06+00:00\" \/>\n<meta property=\"og:image\" content=\"https:\/\/www.fireware.nl\/wp-content\/uploads\/2019\/01\/025-030-009-Kleurvloeistof-blauw.jpg\" \/>\n\t<meta property=\"og:image:width\" content=\"600\" \/>\n\t<meta property=\"og:image:height\" content=\"600\" \/>\n\t<meta property=\"og:image:type\" content=\"image\/jpeg\" \/>\n<meta name=\"twitter:card\" content=\"summary_large_image\" \/>\n<meta name=\"twitter:site\" content=\"@FireWarebv\" \/>\n<script type=\"application\/ld+json\" class=\"yoast-schema-graph\">{\"@context\":\"https:\\\/\\\/schema.org\",\"@graph\":[{\"@type\":\"WebPage\",\"@id\":\"https:\\\/\\\/www.fireware.nl\\\/de\\\/produkt\\\/farbe-fluessigkeit\\\/\",\"url\":\"https:\\\/\\\/www.fireware.nl\\\/de\\\/produkt\\\/farbe-fluessigkeit\\\/\",\"name\":\"Farbe Fl\u00fcssigkeit - FireWare\",\"isPartOf\":{\"@id\":\"https:\\\/\\\/www.fireware.nl\\\/de\\\/#website\"},\"primaryImageOfPage\":{\"@id\":\"https:\\\/\\\/www.fireware.nl\\\/de\\\/produkt\\\/farbe-fluessigkeit\\\/#primaryimage\"},\"image\":{\"@id\":\"https:\\\/\\\/www.fireware.nl\\\/de\\\/produkt\\\/farbe-fluessigkeit\\\/#primaryimage\"},\"thumbnailUrl\":\"https:\\\/\\\/www.fireware.nl\\\/wp-content\\\/uploads\\\/2019\\\/01\\\/025-030-009-Kleurvloeistof-blauw.jpg\",\"datePublished\":\"2019-01-23T12:17:17+00:00\",\"dateModified\":\"2022-07-14T08:30:06+00:00\",\"breadcrumb\":{\"@id\":\"https:\\\/\\\/www.fireware.nl\\\/de\\\/produkt\\\/farbe-fluessigkeit\\\/#breadcrumb\"},\"inLanguage\":\"de\",\"potentialAction\":[{\"@type\":\"ReadAction\",\"target\":[\"https:\\\/\\\/www.fireware.nl\\\/de\\\/produkt\\\/farbe-fluessigkeit\\\/\"]}]},{\"@type\":\"ImageObject\",\"inLanguage\":\"de\",\"@id\":\"https:\\\/\\\/www.fireware.nl\\\/de\\\/produkt\\\/farbe-fluessigkeit\\\/#primaryimage\",\"url\":\"https:\\\/\\\/www.fireware.nl\\\/wp-content\\\/uploads\\\/2019\\\/01\\\/025-030-009-Kleurvloeistof-blauw.jpg\",\"contentUrl\":\"https:\\\/\\\/www.fireware.nl\\\/wp-content\\\/uploads\\\/2019\\\/01\\\/025-030-009-Kleurvloeistof-blauw.jpg\",\"width\":600,\"height\":600,\"caption\":\"025-030-009 Kleurvloeistof blauw\"},{\"@type\":\"BreadcrumbList\",\"@id\":\"https:\\\/\\\/www.fireware.nl\\\/de\\\/produkt\\\/farbe-fluessigkeit\\\/#breadcrumb\",\"itemListElement\":[{\"@type\":\"ListItem\",\"position\":1,\"name\":\"Home\",\"item\":\"https:\\\/\\\/www.fireware.nl\\\/de\\\/\"},{\"@type\":\"ListItem\",\"position\":2,\"name\":\"Produkte\",\"item\":\"https:\\\/\\\/www.fireware.nl\\\/de\\\/produkte\\\/\"},{\"@type\":\"ListItem\",\"position\":3,\"name\":\"Farbe Fl\u00fcssigkeit\"}]},{\"@type\":\"WebSite\",\"@id\":\"https:\\\/\\\/www.fireware.nl\\\/de\\\/#website\",\"url\":\"https:\\\/\\\/www.fireware.nl\\\/de\\\/\",\"name\":\"FireWare\",\"description\":\"CREATING REALISTIC  TRAINING ENVIRONMENTS\",\"publisher\":{\"@id\":\"https:\\\/\\\/www.fireware.nl\\\/de\\\/#organization\"},\"potentialAction\":[{\"@type\":\"SearchAction\",\"target\":{\"@type\":\"EntryPoint\",\"urlTemplate\":\"https:\\\/\\\/www.fireware.nl\\\/de\\\/?s={search_term_string}\"},\"query-input\":{\"@type\":\"PropertyValueSpecification\",\"valueRequired\":true,\"valueName\":\"search_term_string\"}}],\"inLanguage\":\"de\"},{\"@type\":\"Organization\",\"@id\":\"https:\\\/\\\/www.fireware.nl\\\/de\\\/#organization\",\"name\":\"FireWare\",\"url\":\"https:\\\/\\\/www.fireware.nl\\\/de\\\/\",\"logo\":{\"@type\":\"ImageObject\",\"inLanguage\":\"de\",\"@id\":\"https:\\\/\\\/www.fireware.nl\\\/de\\\/#\\\/schema\\\/logo\\\/image\\\/\",\"url\":\"https:\\\/\\\/www.fireware.nl\\\/wp-content\\\/uploads\\\/2018\\\/10\\\/fireware-logo.png\",\"contentUrl\":\"https:\\\/\\\/www.fireware.nl\\\/wp-content\\\/uploads\\\/2018\\\/10\\\/fireware-logo.png\",\"width\":200,\"height\":86,\"caption\":\"FireWare\"},\"image\":{\"@id\":\"https:\\\/\\\/www.fireware.nl\\\/de\\\/#\\\/schema\\\/logo\\\/image\\\/\"},\"sameAs\":[\"https:\\\/\\\/www.facebook.com\\\/FireWareBV\\\/\",\"https:\\\/\\\/x.com\\\/FireWarebv\",\"https:\\\/\\\/www.instagram.com\\\/fireware_nl\\\/\",\"https:\\\/\\\/www.linkedin.com\\\/company\\\/3586017\\\/\",\"https:\\\/\\\/www.youtube.com\\\/user\\\/firesalesrentconsult\"]}]}<\/script>\n<!-- \/ Yoast SEO plugin. -->","yoast_head_json":{"title":"Farbe Fl\u00fcssigkeit - FireWare","robots":{"index":"index","follow":"follow","max-snippet":"max-snippet:-1","max-image-preview":"max-image-preview:large","max-video-preview":"max-video-preview:-1"},"canonical":"https:\/\/www.fireware.nl\/de\/produkt\/farbe-fluessigkeit\/","og_locale":"de_DE","og_type":"article","og_title":"Farbe Fl\u00fcssigkeit - FireWare","og_description":"Zur Simulation von\u00a0chemischen Fl\u00fcssigkeiten.  Hochkonzentrierte\u00a0Farbe\u00a0Fl\u00fcssigkeit.  Verh\u00e4ltnis ungef\u00e4hr 1 : 10.000  F\u00fcr die\u00a0Inszenierung\u00a0von Unf\u00e4llen\u00a0mit gef\u00e4hrlichen Stoffen.  In einer Kunststoffbox von 30 x 20 x 23,5 cm.","og_url":"https:\/\/www.fireware.nl\/de\/produkt\/farbe-fluessigkeit\/","og_site_name":"FireWare","article_publisher":"https:\/\/www.facebook.com\/FireWareBV\/","article_modified_time":"2022-07-14T08:30:06+00:00","og_image":[{"width":600,"height":600,"url":"https:\/\/www.fireware.nl\/wp-content\/uploads\/2019\/01\/025-030-009-Kleurvloeistof-blauw.jpg","type":"image\/jpeg"}],"twitter_card":"summary_large_image","twitter_site":"@FireWarebv","schema":{"@context":"https:\/\/schema.org","@graph":[{"@type":"WebPage","@id":"https:\/\/www.fireware.nl\/de\/produkt\/farbe-fluessigkeit\/","url":"https:\/\/www.fireware.nl\/de\/produkt\/farbe-fluessigkeit\/","name":"Farbe Fl\u00fcssigkeit - FireWare","isPartOf":{"@id":"https:\/\/www.fireware.nl\/de\/#website"},"primaryImageOfPage":{"@id":"https:\/\/www.fireware.nl\/de\/produkt\/farbe-fluessigkeit\/#primaryimage"},"image":{"@id":"https:\/\/www.fireware.nl\/de\/produkt\/farbe-fluessigkeit\/#primaryimage"},"thumbnailUrl":"https:\/\/www.fireware.nl\/wp-content\/uploads\/2019\/01\/025-030-009-Kleurvloeistof-blauw.jpg","datePublished":"2019-01-23T12:17:17+00:00","dateModified":"2022-07-14T08:30:06+00:00","breadcrumb":{"@id":"https:\/\/www.fireware.nl\/de\/produkt\/farbe-fluessigkeit\/#breadcrumb"},"inLanguage":"de","potentialAction":[{"@type":"ReadAction","target":["https:\/\/www.fireware.nl\/de\/produkt\/farbe-fluessigkeit\/"]}]},{"@type":"ImageObject","inLanguage":"de","@id":"https:\/\/www.fireware.nl\/de\/produkt\/farbe-fluessigkeit\/#primaryimage","url":"https:\/\/www.fireware.nl\/wp-content\/uploads\/2019\/01\/025-030-009-Kleurvloeistof-blauw.jpg","contentUrl":"https:\/\/www.fireware.nl\/wp-content\/uploads\/2019\/01\/025-030-009-Kleurvloeistof-blauw.jpg","width":600,"height":600,"caption":"025-030-009 Kleurvloeistof blauw"},{"@type":"BreadcrumbList","@id":"https:\/\/www.fireware.nl\/de\/produkt\/farbe-fluessigkeit\/#breadcrumb","itemListElement":[{"@type":"ListItem","position":1,"name":"Home","item":"https:\/\/www.fireware.nl\/de\/"},{"@type":"ListItem","position":2,"name":"Produkte","item":"https:\/\/www.fireware.nl\/de\/produkte\/"},{"@type":"ListItem","position":3,"name":"Farbe Fl\u00fcssigkeit"}]},{"@type":"WebSite","@id":"https:\/\/www.fireware.nl\/de\/#website","url":"https:\/\/www.fireware.nl\/de\/","name":"FireWare","description":"CREATING REALISTIC  TRAINING ENVIRONMENTS","publisher":{"@id":"https:\/\/www.fireware.nl\/de\/#organization"},"potentialAction":[{"@type":"SearchAction","target":{"@type":"EntryPoint","urlTemplate":"https:\/\/www.fireware.nl\/de\/?s={search_term_string}"},"query-input":{"@type":"PropertyValueSpecification","valueRequired":true,"valueName":"search_term_string"}}],"inLanguage":"de"},{"@type":"Organization","@id":"https:\/\/www.fireware.nl\/de\/#organization","name":"FireWare","url":"https:\/\/www.fireware.nl\/de\/","logo":{"@type":"ImageObject","inLanguage":"de","@id":"https:\/\/www.fireware.nl\/de\/#\/schema\/logo\/image\/","url":"https:\/\/www.fireware.nl\/wp-content\/uploads\/2018\/10\/fireware-logo.png","contentUrl":"https:\/\/www.fireware.nl\/wp-content\/uploads\/2018\/10\/fireware-logo.png","width":200,"height":86,"caption":"FireWare"},"image":{"@id":"https:\/\/www.fireware.nl\/de\/#\/schema\/logo\/image\/"},"sameAs":["https:\/\/www.facebook.com\/FireWareBV\/","https:\/\/x.com\/FireWarebv","https:\/\/www.instagram.com\/fireware_nl\/","https:\/\/www.linkedin.com\/company\/3586017\/","https:\/\/www.youtube.com\/user\/firesalesrentconsult"]}]}},"publishpress_future_workflow_manual_trigger":{"enabledWorkflows":[]},"_links":{"self":[{"href":"https:\/\/www.fireware.nl\/de\/wp-json\/wp\/v2\/product\/19779","targetHints":{"allow":["GET"]}}],"collection":[{"href":"https:\/\/www.fireware.nl\/de\/wp-json\/wp\/v2\/product"}],"about":[{"href":"https:\/\/www.fireware.nl\/de\/wp-json\/wp\/v2\/types\/product"}],"wp:featuredmedia":[{"embeddable":true,"href":"https:\/\/www.fireware.nl\/de\/wp-json\/wp\/v2\/media\/21683"}],"wp:attachment":[{"href":"https:\/\/www.fireware.nl\/de\/wp-json\/wp\/v2\/media?parent=19779"}],"wp:term":[{"taxonomy":"product_brand","embeddable":true,"href":"https:\/\/www.fireware.nl\/de\/wp-json\/wp\/v2\/product_brand?post=19779"},{"taxonomy":"product_cat","embeddable":true,"href":"https:\/\/www.fireware.nl\/de\/wp-json\/wp\/v2\/product_cat?post=19779"},{"taxonomy":"product_tag","embeddable":true,"href":"https:\/\/www.fireware.nl\/de\/wp-json\/wp\/v2\/product_tag?post=19779"}],"curies":[{"name":"wp","href":"https:\/\/api.w.org\/{rel}","templated":true}]}}