
{"id":19747,"date":"2019-01-23T12:15:41","date_gmt":"2019-02-01T12:34:14","guid":{"rendered":"http:\/\/fireware.sites.hyperhosting.co\/?post_type=product&#038;p=19747"},"modified":"2022-07-12T06:54:27","modified_gmt":"2022-07-12T06:54:27","slug":"flammentafel-senkrecht","status":"publish","type":"product","link":"https:\/\/www.fireware.nl\/de\/produkt\/flammentafel-senkrecht\/","title":{"rendered":"Flammentafel Senkrecht"},"content":{"rendered":"<p>Die Flammentafel Traditional ist eine Tafel, die die Abbildung einer Flamme zeigt. Die Tafel weist darauf hin, dass an einem bestimmten Ort Feuer brennt. Mit ihr kann man gut nach Vereinbarung \u00fcben. Man kann die Tafel an Orten verwenden, an denen keine andere Art von simuliertem Feuer erw\u00fcnscht ist, zum Beispiel in einer ATEX-Umgebung.<\/p>\n<p>Die \u00dcbungstafel besteht aus 2 einzelnen Tafeln, im rechten Winkel ineinandergeschoben werden. Dadurch bleibt die Flammentafel selbstst\u00e4ndig stehen. Der Aufdruck ist von allen 4 Seiten sichtbar.<\/p>\n<p>5 St\u00fccke einfach in Plastikkasten 60 * 40 * 9 cm (exklusiv) zu platzieren<\/p>\n","protected":false},"excerpt":{"rendered":"<ul>\n<li>Tafel, die Feuer markiert.<\/li>\n<li>Geeignet f\u00fcr \u00dcbungen nach Vereinbarung.<\/li>\n<li>Wenn realistisch simuliertes Feuer unerw\u00fcnscht ist.<\/li>\n<li>Kratz- und wetterfester Siebdruck.<\/li>\n<li>34 * 54 cm, macht die Verpackung in den Kunststoffkasten (exklusiv) m\u00f6glich.<\/li>\n<li>Ineinandergeschoben und doppelseitig bedruckt.<\/li>\n<li>Kann leicht aufgestellt werden und bleibt selbstst\u00e4ndig stehen.<\/li>\n<li>Von allen 4 Seiten sichtbar.<\/li>\n<\/ul>\n","protected":false},"featured_media":50744,"template":"","meta":[],"product_brand":[],"product_cat":[216],"product_tag":[],"class_list":{"0":"post-19747","1":"product","2":"type-product","3":"status-publish","4":"has-post-thumbnail","6":"product_cat-simuliertes-feuer","8":"first","9":"instock","10":"taxable","11":"shipping-taxable","12":"purchasable","13":"product-type-simple"},"yoast_head":"<!-- This site is optimized with the Yoast SEO plugin v27.4 - https:\/\/yoast.com\/product\/yoast-seo-wordpress\/ -->\n<title>Flammentafel Senkrecht - FireWare<\/title>\n<meta name=\"robots\" content=\"index, follow, max-snippet:-1, max-image-preview:large, max-video-preview:-1\" \/>\n<link rel=\"canonical\" href=\"https:\/\/www.fireware.nl\/de\/produkt\/flammentafel-senkrecht\/\" \/>\n<meta property=\"og:locale\" content=\"de_DE\" \/>\n<meta property=\"og:type\" content=\"article\" \/>\n<meta property=\"og:title\" content=\"Flammentafel Senkrecht - FireWare\" \/>\n<meta property=\"og:description\" content=\"Tafel, die Feuer markiert.  Geeignet f\u00fcr \u00dcbungen nach Vereinbarung.  Wenn realistisch simuliertes Feuer unerw\u00fcnscht ist.  Kratz- und wetterfester Siebdruck.  34 * 54 cm, macht die Verpackung in den Kunststoffkasten (exklusiv) m\u00f6glich.  Ineinandergeschoben und doppelseitig bedruckt.  Kann leicht aufgestellt werden und bleibt selbstst\u00e4ndig stehen.  Von allen 4 Seiten sichtbar.\" \/>\n<meta property=\"og:url\" content=\"https:\/\/www.fireware.nl\/de\/produkt\/flammentafel-senkrecht\/\" \/>\n<meta property=\"og:site_name\" content=\"FireWare\" \/>\n<meta property=\"article:publisher\" content=\"https:\/\/www.facebook.com\/FireWareBV\/\" \/>\n<meta property=\"article:modified_time\" content=\"2022-07-12T06:54:27+00:00\" \/>\n<meta property=\"og:image\" content=\"https:\/\/www.fireware.nl\/wp-content\/uploads\/2019\/01\/027-028-011-Vlammenbord-Haaks-1.jpg\" \/>\n\t<meta property=\"og:image:width\" content=\"600\" \/>\n\t<meta property=\"og:image:height\" content=\"600\" \/>\n\t<meta property=\"og:image:type\" content=\"image\/jpeg\" \/>\n<meta name=\"twitter:card\" content=\"summary_large_image\" \/>\n<meta name=\"twitter:site\" content=\"@FireWarebv\" \/>\n<script type=\"application\/ld+json\" class=\"yoast-schema-graph\">{\"@context\":\"https:\\\/\\\/schema.org\",\"@graph\":[{\"@type\":\"WebPage\",\"@id\":\"https:\\\/\\\/www.fireware.nl\\\/de\\\/produkt\\\/flammentafel-senkrecht\\\/\",\"url\":\"https:\\\/\\\/www.fireware.nl\\\/de\\\/produkt\\\/flammentafel-senkrecht\\\/\",\"name\":\"Flammentafel Senkrecht - FireWare\",\"isPartOf\":{\"@id\":\"https:\\\/\\\/www.fireware.nl\\\/de\\\/#website\"},\"primaryImageOfPage\":{\"@id\":\"https:\\\/\\\/www.fireware.nl\\\/de\\\/produkt\\\/flammentafel-senkrecht\\\/#primaryimage\"},\"image\":{\"@id\":\"https:\\\/\\\/www.fireware.nl\\\/de\\\/produkt\\\/flammentafel-senkrecht\\\/#primaryimage\"},\"thumbnailUrl\":\"https:\\\/\\\/www.fireware.nl\\\/wp-content\\\/uploads\\\/2019\\\/01\\\/027-028-011-Vlammenbord-Haaks-1.jpg\",\"datePublished\":\"2019-02-01T12:34:14+00:00\",\"dateModified\":\"2022-07-12T06:54:27+00:00\",\"breadcrumb\":{\"@id\":\"https:\\\/\\\/www.fireware.nl\\\/de\\\/produkt\\\/flammentafel-senkrecht\\\/#breadcrumb\"},\"inLanguage\":\"de\",\"potentialAction\":[{\"@type\":\"ReadAction\",\"target\":[\"https:\\\/\\\/www.fireware.nl\\\/de\\\/produkt\\\/flammentafel-senkrecht\\\/\"]}]},{\"@type\":\"ImageObject\",\"inLanguage\":\"de\",\"@id\":\"https:\\\/\\\/www.fireware.nl\\\/de\\\/produkt\\\/flammentafel-senkrecht\\\/#primaryimage\",\"url\":\"https:\\\/\\\/www.fireware.nl\\\/wp-content\\\/uploads\\\/2019\\\/01\\\/027-028-011-Vlammenbord-Haaks-1.jpg\",\"contentUrl\":\"https:\\\/\\\/www.fireware.nl\\\/wp-content\\\/uploads\\\/2019\\\/01\\\/027-028-011-Vlammenbord-Haaks-1.jpg\",\"width\":600,\"height\":600},{\"@type\":\"BreadcrumbList\",\"@id\":\"https:\\\/\\\/www.fireware.nl\\\/de\\\/produkt\\\/flammentafel-senkrecht\\\/#breadcrumb\",\"itemListElement\":[{\"@type\":\"ListItem\",\"position\":1,\"name\":\"Home\",\"item\":\"https:\\\/\\\/www.fireware.nl\\\/de\\\/\"},{\"@type\":\"ListItem\",\"position\":2,\"name\":\"Produkte\",\"item\":\"https:\\\/\\\/www.fireware.nl\\\/de\\\/produkte\\\/\"},{\"@type\":\"ListItem\",\"position\":3,\"name\":\"Flammentafel Senkrecht\"}]},{\"@type\":\"WebSite\",\"@id\":\"https:\\\/\\\/www.fireware.nl\\\/de\\\/#website\",\"url\":\"https:\\\/\\\/www.fireware.nl\\\/de\\\/\",\"name\":\"FireWare\",\"description\":\"CREATING REALISTIC  TRAINING ENVIRONMENTS\",\"publisher\":{\"@id\":\"https:\\\/\\\/www.fireware.nl\\\/de\\\/#organization\"},\"potentialAction\":[{\"@type\":\"SearchAction\",\"target\":{\"@type\":\"EntryPoint\",\"urlTemplate\":\"https:\\\/\\\/www.fireware.nl\\\/de\\\/?s={search_term_string}\"},\"query-input\":{\"@type\":\"PropertyValueSpecification\",\"valueRequired\":true,\"valueName\":\"search_term_string\"}}],\"inLanguage\":\"de\"},{\"@type\":\"Organization\",\"@id\":\"https:\\\/\\\/www.fireware.nl\\\/de\\\/#organization\",\"name\":\"FireWare\",\"url\":\"https:\\\/\\\/www.fireware.nl\\\/de\\\/\",\"logo\":{\"@type\":\"ImageObject\",\"inLanguage\":\"de\",\"@id\":\"https:\\\/\\\/www.fireware.nl\\\/de\\\/#\\\/schema\\\/logo\\\/image\\\/\",\"url\":\"https:\\\/\\\/www.fireware.nl\\\/wp-content\\\/uploads\\\/2018\\\/10\\\/fireware-logo.png\",\"contentUrl\":\"https:\\\/\\\/www.fireware.nl\\\/wp-content\\\/uploads\\\/2018\\\/10\\\/fireware-logo.png\",\"width\":200,\"height\":86,\"caption\":\"FireWare\"},\"image\":{\"@id\":\"https:\\\/\\\/www.fireware.nl\\\/de\\\/#\\\/schema\\\/logo\\\/image\\\/\"},\"sameAs\":[\"https:\\\/\\\/www.facebook.com\\\/FireWareBV\\\/\",\"https:\\\/\\\/x.com\\\/FireWarebv\",\"https:\\\/\\\/www.instagram.com\\\/fireware_nl\\\/\",\"https:\\\/\\\/www.linkedin.com\\\/company\\\/3586017\\\/\",\"https:\\\/\\\/www.youtube.com\\\/user\\\/firesalesrentconsult\"]}]}<\/script>\n<!-- \/ Yoast SEO plugin. -->","yoast_head_json":{"title":"Flammentafel Senkrecht - FireWare","robots":{"index":"index","follow":"follow","max-snippet":"max-snippet:-1","max-image-preview":"max-image-preview:large","max-video-preview":"max-video-preview:-1"},"canonical":"https:\/\/www.fireware.nl\/de\/produkt\/flammentafel-senkrecht\/","og_locale":"de_DE","og_type":"article","og_title":"Flammentafel Senkrecht - FireWare","og_description":"Tafel, die Feuer markiert.  Geeignet f\u00fcr \u00dcbungen nach Vereinbarung.  Wenn realistisch simuliertes Feuer unerw\u00fcnscht ist.  Kratz- und wetterfester Siebdruck.  34 * 54 cm, macht die Verpackung in den Kunststoffkasten (exklusiv) m\u00f6glich.  Ineinandergeschoben und doppelseitig bedruckt.  Kann leicht aufgestellt werden und bleibt selbstst\u00e4ndig stehen.  Von allen 4 Seiten sichtbar.","og_url":"https:\/\/www.fireware.nl\/de\/produkt\/flammentafel-senkrecht\/","og_site_name":"FireWare","article_publisher":"https:\/\/www.facebook.com\/FireWareBV\/","article_modified_time":"2022-07-12T06:54:27+00:00","og_image":[{"width":600,"height":600,"url":"https:\/\/www.fireware.nl\/wp-content\/uploads\/2019\/01\/027-028-011-Vlammenbord-Haaks-1.jpg","type":"image\/jpeg"}],"twitter_card":"summary_large_image","twitter_site":"@FireWarebv","schema":{"@context":"https:\/\/schema.org","@graph":[{"@type":"WebPage","@id":"https:\/\/www.fireware.nl\/de\/produkt\/flammentafel-senkrecht\/","url":"https:\/\/www.fireware.nl\/de\/produkt\/flammentafel-senkrecht\/","name":"Flammentafel Senkrecht - FireWare","isPartOf":{"@id":"https:\/\/www.fireware.nl\/de\/#website"},"primaryImageOfPage":{"@id":"https:\/\/www.fireware.nl\/de\/produkt\/flammentafel-senkrecht\/#primaryimage"},"image":{"@id":"https:\/\/www.fireware.nl\/de\/produkt\/flammentafel-senkrecht\/#primaryimage"},"thumbnailUrl":"https:\/\/www.fireware.nl\/wp-content\/uploads\/2019\/01\/027-028-011-Vlammenbord-Haaks-1.jpg","datePublished":"2019-02-01T12:34:14+00:00","dateModified":"2022-07-12T06:54:27+00:00","breadcrumb":{"@id":"https:\/\/www.fireware.nl\/de\/produkt\/flammentafel-senkrecht\/#breadcrumb"},"inLanguage":"de","potentialAction":[{"@type":"ReadAction","target":["https:\/\/www.fireware.nl\/de\/produkt\/flammentafel-senkrecht\/"]}]},{"@type":"ImageObject","inLanguage":"de","@id":"https:\/\/www.fireware.nl\/de\/produkt\/flammentafel-senkrecht\/#primaryimage","url":"https:\/\/www.fireware.nl\/wp-content\/uploads\/2019\/01\/027-028-011-Vlammenbord-Haaks-1.jpg","contentUrl":"https:\/\/www.fireware.nl\/wp-content\/uploads\/2019\/01\/027-028-011-Vlammenbord-Haaks-1.jpg","width":600,"height":600},{"@type":"BreadcrumbList","@id":"https:\/\/www.fireware.nl\/de\/produkt\/flammentafel-senkrecht\/#breadcrumb","itemListElement":[{"@type":"ListItem","position":1,"name":"Home","item":"https:\/\/www.fireware.nl\/de\/"},{"@type":"ListItem","position":2,"name":"Produkte","item":"https:\/\/www.fireware.nl\/de\/produkte\/"},{"@type":"ListItem","position":3,"name":"Flammentafel Senkrecht"}]},{"@type":"WebSite","@id":"https:\/\/www.fireware.nl\/de\/#website","url":"https:\/\/www.fireware.nl\/de\/","name":"FireWare","description":"CREATING REALISTIC  TRAINING ENVIRONMENTS","publisher":{"@id":"https:\/\/www.fireware.nl\/de\/#organization"},"potentialAction":[{"@type":"SearchAction","target":{"@type":"EntryPoint","urlTemplate":"https:\/\/www.fireware.nl\/de\/?s={search_term_string}"},"query-input":{"@type":"PropertyValueSpecification","valueRequired":true,"valueName":"search_term_string"}}],"inLanguage":"de"},{"@type":"Organization","@id":"https:\/\/www.fireware.nl\/de\/#organization","name":"FireWare","url":"https:\/\/www.fireware.nl\/de\/","logo":{"@type":"ImageObject","inLanguage":"de","@id":"https:\/\/www.fireware.nl\/de\/#\/schema\/logo\/image\/","url":"https:\/\/www.fireware.nl\/wp-content\/uploads\/2018\/10\/fireware-logo.png","contentUrl":"https:\/\/www.fireware.nl\/wp-content\/uploads\/2018\/10\/fireware-logo.png","width":200,"height":86,"caption":"FireWare"},"image":{"@id":"https:\/\/www.fireware.nl\/de\/#\/schema\/logo\/image\/"},"sameAs":["https:\/\/www.facebook.com\/FireWareBV\/","https:\/\/x.com\/FireWarebv","https:\/\/www.instagram.com\/fireware_nl\/","https:\/\/www.linkedin.com\/company\/3586017\/","https:\/\/www.youtube.com\/user\/firesalesrentconsult"]}]}},"publishpress_future_workflow_manual_trigger":{"enabledWorkflows":[]},"_links":{"self":[{"href":"https:\/\/www.fireware.nl\/de\/wp-json\/wp\/v2\/product\/19747","targetHints":{"allow":["GET"]}}],"collection":[{"href":"https:\/\/www.fireware.nl\/de\/wp-json\/wp\/v2\/product"}],"about":[{"href":"https:\/\/www.fireware.nl\/de\/wp-json\/wp\/v2\/types\/product"}],"wp:featuredmedia":[{"embeddable":true,"href":"https:\/\/www.fireware.nl\/de\/wp-json\/wp\/v2\/media\/50744"}],"wp:attachment":[{"href":"https:\/\/www.fireware.nl\/de\/wp-json\/wp\/v2\/media?parent=19747"}],"wp:term":[{"taxonomy":"product_brand","embeddable":true,"href":"https:\/\/www.fireware.nl\/de\/wp-json\/wp\/v2\/product_brand?post=19747"},{"taxonomy":"product_cat","embeddable":true,"href":"https:\/\/www.fireware.nl\/de\/wp-json\/wp\/v2\/product_cat?post=19747"},{"taxonomy":"product_tag","embeddable":true,"href":"https:\/\/www.fireware.nl\/de\/wp-json\/wp\/v2\/product_tag?post=19747"}],"curies":[{"name":"wp","href":"https:\/\/api.w.org\/{rel}","templated":true}]}}