
{"id":19561,"date":"2019-01-23T12:15:50","date_gmt":"2019-01-23T12:15:50","guid":{"rendered":"http:\/\/fireware.sites.hyperhosting.co\/?post_type=product&#038;p=19561"},"modified":"2025-02-10T11:32:48","modified_gmt":"2025-02-10T11:32:48","slug":"duty-range-obese","status":"publish","type":"product","link":"https:\/\/www.fireware.nl\/de\/product\/duty-range-obese\/","title":{"rendered":"Ruth Lee Duty Range Obese"},"content":{"rendered":"\r\n<h2>Ruth Lee \u00dcbungspuppen<\/h2>\r\n<p>Die Ruth Lee \u00dcbungspuppen sind f\u00fcr realistische und effektive Schulungen konzipiert. Diese Puppen sind bekannt f\u00fcr ihre Langlebigkeit und Vielseitigkeit und sind ideal f\u00fcr das Training von Feuerwehr, Betrieblichen Ersthelfern (BHV), Rettungsdiensten und anderen Hilfsdiensten. Mit Ruth Lee \u00dcbungspuppen simuliert man realistische Szenarien, wodurch Einsatzkr\u00e4fte besser auf echte Notfallsituationen vorbereitet sind. Das Sortiment umfasst Puppen f\u00fcr verschiedene Trainings und in unterschiedlichen Gr\u00f6\u00dfen und Gewichten.<\/p>\r\n<h2>Eine \u00dcbungspuppe mit extremem \u00dcbergewicht<\/h2>\r\n<p>Der Obese Rescue ist eine echte Herausforderung. Dies ist eine \u00dcbungspuppe mit extremem \u00dcbergewicht. Das Gewicht ist sehr realistisch verteilt, so dass es wirklich schwierig wird, den Dummy unter Kontrolle zu bekommen.<\/p>\r\n<p>Die Puppe ist aus einer Standardpuppe mit 100 Kilogramm Gewicht aufgebaut, die von losen Fettschichten umgeben wird. Diese Fettschichten sind kleine Pakete zu je 0,5 Kilogramm, die in sehr glattem Nylon verpackt sind. Dadurch gleiten die Pakete leicht nebeneinander her, wodurch eine realistische Hautstruktur entsteht, die der Retter schwer in den Griff bekommt. Dieser Dummy mit seinem Gesamtgewicht von 90 Kilogramm \/ 180 Kilogramm\/ 260 Kilogramm ist eine echte Herausforderung!<\/p>\r\n<h2>Video<\/h2>\r\n<p><iframe src=\"https:\/\/www.youtube.com\/embed\/v5ZU5YFnVbY\" width=\"560\" height=\"315\" frameborder=\"0\" allowfullscreen=\"allowfullscreen\"><\/iframe><\/p>\r\n","protected":false},"excerpt":{"rendered":"<ul>\n<li>Erh\u00e4ltlich in den Varianten 50 kg, 90 Kg 180 Kg und 260 Kg.<\/li>\n<li>\u00dcbungspuppe mit extremem \u00dcbergewicht.<\/li>\n<li>Realistische \u2018wabbelige\u2019 Struktur.<\/li>\n<\/ul>\n","protected":false},"featured_media":105575,"template":"","meta":[],"product_brand":[],"product_cat":[123],"product_tag":[],"class_list":{"0":"post-19561","1":"product","2":"type-product","3":"status-publish","4":"has-post-thumbnail","6":"product_cat-puppe-mit-extremem-uebergewicht","7":"pa_gewicht-lengte-180-kg-180-cm-de","8":"pa_gewicht-lengte-260-kg-180-cm-de","9":"pa_gewicht-lengte-50-kg-180cm-de","10":"pa_gewicht-lengte-90-kg-180-cm-de","12":"first","13":"instock","14":"taxable","15":"shipping-taxable","16":"purchasable","17":"product-type-variable"},"yoast_head":"<!-- This site is optimized with the Yoast SEO plugin v27.4 - https:\/\/yoast.com\/product\/yoast-seo-wordpress\/ -->\n<title>Ruth Lee Duty Range Obese - FireWare<\/title>\n<meta name=\"robots\" content=\"index, follow, max-snippet:-1, max-image-preview:large, max-video-preview:-1\" \/>\n<link rel=\"canonical\" href=\"https:\/\/www.fireware.nl\/de\/product\/duty-range-obese\/\" \/>\n<meta property=\"og:locale\" content=\"de_DE\" \/>\n<meta property=\"og:type\" content=\"article\" \/>\n<meta property=\"og:title\" content=\"Ruth Lee Duty Range Obese - FireWare\" \/>\n<meta property=\"og:description\" content=\"Erh\u00e4ltlich in den Varianten 50 kg, 90 Kg 180 Kg und 260 Kg. \u00dcbungspuppe mit extremem \u00dcbergewicht. Realistische \u2018wabbelige\u2019 Struktur.\" \/>\n<meta property=\"og:url\" content=\"https:\/\/www.fireware.nl\/de\/product\/duty-range-obese\/\" \/>\n<meta property=\"og:site_name\" content=\"FireWare\" \/>\n<meta property=\"article:publisher\" content=\"https:\/\/www.facebook.com\/FireWareBV\/\" \/>\n<meta property=\"article:modified_time\" content=\"2025-02-10T11:32:48+00:00\" \/>\n<meta property=\"og:image\" content=\"https:\/\/www.fireware.nl\/wp-content\/uploads\/2019\/01\/017-043-115-Duty-Range-Obesitas_90kg-180cm_Staand.jpg\" \/>\n\t<meta property=\"og:image:width\" content=\"600\" \/>\n\t<meta property=\"og:image:height\" content=\"600\" \/>\n\t<meta property=\"og:image:type\" content=\"image\/jpeg\" \/>\n<meta name=\"twitter:card\" content=\"summary_large_image\" \/>\n<meta name=\"twitter:site\" content=\"@FireWarebv\" \/>\n<meta name=\"twitter:label1\" content=\"Gesch\u00e4tzte Lesezeit\" \/>\n\t<meta name=\"twitter:data1\" content=\"2\u00a0Minuten\" \/>\n<script type=\"application\/ld+json\" class=\"yoast-schema-graph\">{\"@context\":\"https:\\\/\\\/schema.org\",\"@graph\":[{\"@type\":\"WebPage\",\"@id\":\"https:\\\/\\\/www.fireware.nl\\\/de\\\/product\\\/duty-range-obese\\\/\",\"url\":\"https:\\\/\\\/www.fireware.nl\\\/de\\\/product\\\/duty-range-obese\\\/\",\"name\":\"Ruth Lee Duty Range Obese - FireWare\",\"isPartOf\":{\"@id\":\"https:\\\/\\\/www.fireware.nl\\\/de\\\/#website\"},\"primaryImageOfPage\":{\"@id\":\"https:\\\/\\\/www.fireware.nl\\\/de\\\/product\\\/duty-range-obese\\\/#primaryimage\"},\"image\":{\"@id\":\"https:\\\/\\\/www.fireware.nl\\\/de\\\/product\\\/duty-range-obese\\\/#primaryimage\"},\"thumbnailUrl\":\"https:\\\/\\\/www.fireware.nl\\\/wp-content\\\/uploads\\\/2019\\\/01\\\/017-043-115-Duty-Range-Obesitas_90kg-180cm_Staand.jpg\",\"datePublished\":\"2019-01-23T12:15:50+00:00\",\"dateModified\":\"2025-02-10T11:32:48+00:00\",\"breadcrumb\":{\"@id\":\"https:\\\/\\\/www.fireware.nl\\\/de\\\/product\\\/duty-range-obese\\\/#breadcrumb\"},\"inLanguage\":\"de\",\"potentialAction\":[{\"@type\":\"ReadAction\",\"target\":[\"https:\\\/\\\/www.fireware.nl\\\/de\\\/product\\\/duty-range-obese\\\/\"]}]},{\"@type\":\"ImageObject\",\"inLanguage\":\"de\",\"@id\":\"https:\\\/\\\/www.fireware.nl\\\/de\\\/product\\\/duty-range-obese\\\/#primaryimage\",\"url\":\"https:\\\/\\\/www.fireware.nl\\\/wp-content\\\/uploads\\\/2019\\\/01\\\/017-043-115-Duty-Range-Obesitas_90kg-180cm_Staand.jpg\",\"contentUrl\":\"https:\\\/\\\/www.fireware.nl\\\/wp-content\\\/uploads\\\/2019\\\/01\\\/017-043-115-Duty-Range-Obesitas_90kg-180cm_Staand.jpg\",\"width\":600,\"height\":600},{\"@type\":\"BreadcrumbList\",\"@id\":\"https:\\\/\\\/www.fireware.nl\\\/de\\\/product\\\/duty-range-obese\\\/#breadcrumb\",\"itemListElement\":[{\"@type\":\"ListItem\",\"position\":1,\"name\":\"Home\",\"item\":\"https:\\\/\\\/www.fireware.nl\\\/de\\\/\"},{\"@type\":\"ListItem\",\"position\":2,\"name\":\"Produkte\",\"item\":\"https:\\\/\\\/www.fireware.nl\\\/de\\\/produkte\\\/\"},{\"@type\":\"ListItem\",\"position\":3,\"name\":\"Ruth Lee Duty Range Obese\"}]},{\"@type\":\"WebSite\",\"@id\":\"https:\\\/\\\/www.fireware.nl\\\/de\\\/#website\",\"url\":\"https:\\\/\\\/www.fireware.nl\\\/de\\\/\",\"name\":\"FireWare\",\"description\":\"CREATING REALISTIC  TRAINING ENVIRONMENTS\",\"publisher\":{\"@id\":\"https:\\\/\\\/www.fireware.nl\\\/de\\\/#organization\"},\"potentialAction\":[{\"@type\":\"SearchAction\",\"target\":{\"@type\":\"EntryPoint\",\"urlTemplate\":\"https:\\\/\\\/www.fireware.nl\\\/de\\\/?s={search_term_string}\"},\"query-input\":{\"@type\":\"PropertyValueSpecification\",\"valueRequired\":true,\"valueName\":\"search_term_string\"}}],\"inLanguage\":\"de\"},{\"@type\":\"Organization\",\"@id\":\"https:\\\/\\\/www.fireware.nl\\\/de\\\/#organization\",\"name\":\"FireWare\",\"url\":\"https:\\\/\\\/www.fireware.nl\\\/de\\\/\",\"logo\":{\"@type\":\"ImageObject\",\"inLanguage\":\"de\",\"@id\":\"https:\\\/\\\/www.fireware.nl\\\/de\\\/#\\\/schema\\\/logo\\\/image\\\/\",\"url\":\"https:\\\/\\\/www.fireware.nl\\\/wp-content\\\/uploads\\\/2018\\\/10\\\/fireware-logo.png\",\"contentUrl\":\"https:\\\/\\\/www.fireware.nl\\\/wp-content\\\/uploads\\\/2018\\\/10\\\/fireware-logo.png\",\"width\":200,\"height\":86,\"caption\":\"FireWare\"},\"image\":{\"@id\":\"https:\\\/\\\/www.fireware.nl\\\/de\\\/#\\\/schema\\\/logo\\\/image\\\/\"},\"sameAs\":[\"https:\\\/\\\/www.facebook.com\\\/FireWareBV\\\/\",\"https:\\\/\\\/x.com\\\/FireWarebv\",\"https:\\\/\\\/www.instagram.com\\\/fireware_nl\\\/\",\"https:\\\/\\\/www.linkedin.com\\\/company\\\/3586017\\\/\",\"https:\\\/\\\/www.youtube.com\\\/user\\\/firesalesrentconsult\"]}]}<\/script>\n<!-- \/ Yoast SEO plugin. -->","yoast_head_json":{"title":"Ruth Lee Duty Range Obese - FireWare","robots":{"index":"index","follow":"follow","max-snippet":"max-snippet:-1","max-image-preview":"max-image-preview:large","max-video-preview":"max-video-preview:-1"},"canonical":"https:\/\/www.fireware.nl\/de\/product\/duty-range-obese\/","og_locale":"de_DE","og_type":"article","og_title":"Ruth Lee Duty Range Obese - FireWare","og_description":"Erh\u00e4ltlich in den Varianten 50 kg, 90 Kg 180 Kg und 260 Kg. \u00dcbungspuppe mit extremem \u00dcbergewicht. Realistische \u2018wabbelige\u2019 Struktur.","og_url":"https:\/\/www.fireware.nl\/de\/product\/duty-range-obese\/","og_site_name":"FireWare","article_publisher":"https:\/\/www.facebook.com\/FireWareBV\/","article_modified_time":"2025-02-10T11:32:48+00:00","og_image":[{"width":600,"height":600,"url":"https:\/\/www.fireware.nl\/wp-content\/uploads\/2019\/01\/017-043-115-Duty-Range-Obesitas_90kg-180cm_Staand.jpg","type":"image\/jpeg"}],"twitter_card":"summary_large_image","twitter_site":"@FireWarebv","twitter_misc":{"Gesch\u00e4tzte Lesezeit":"2\u00a0Minuten"},"schema":{"@context":"https:\/\/schema.org","@graph":[{"@type":"WebPage","@id":"https:\/\/www.fireware.nl\/de\/product\/duty-range-obese\/","url":"https:\/\/www.fireware.nl\/de\/product\/duty-range-obese\/","name":"Ruth Lee Duty Range Obese - FireWare","isPartOf":{"@id":"https:\/\/www.fireware.nl\/de\/#website"},"primaryImageOfPage":{"@id":"https:\/\/www.fireware.nl\/de\/product\/duty-range-obese\/#primaryimage"},"image":{"@id":"https:\/\/www.fireware.nl\/de\/product\/duty-range-obese\/#primaryimage"},"thumbnailUrl":"https:\/\/www.fireware.nl\/wp-content\/uploads\/2019\/01\/017-043-115-Duty-Range-Obesitas_90kg-180cm_Staand.jpg","datePublished":"2019-01-23T12:15:50+00:00","dateModified":"2025-02-10T11:32:48+00:00","breadcrumb":{"@id":"https:\/\/www.fireware.nl\/de\/product\/duty-range-obese\/#breadcrumb"},"inLanguage":"de","potentialAction":[{"@type":"ReadAction","target":["https:\/\/www.fireware.nl\/de\/product\/duty-range-obese\/"]}]},{"@type":"ImageObject","inLanguage":"de","@id":"https:\/\/www.fireware.nl\/de\/product\/duty-range-obese\/#primaryimage","url":"https:\/\/www.fireware.nl\/wp-content\/uploads\/2019\/01\/017-043-115-Duty-Range-Obesitas_90kg-180cm_Staand.jpg","contentUrl":"https:\/\/www.fireware.nl\/wp-content\/uploads\/2019\/01\/017-043-115-Duty-Range-Obesitas_90kg-180cm_Staand.jpg","width":600,"height":600},{"@type":"BreadcrumbList","@id":"https:\/\/www.fireware.nl\/de\/product\/duty-range-obese\/#breadcrumb","itemListElement":[{"@type":"ListItem","position":1,"name":"Home","item":"https:\/\/www.fireware.nl\/de\/"},{"@type":"ListItem","position":2,"name":"Produkte","item":"https:\/\/www.fireware.nl\/de\/produkte\/"},{"@type":"ListItem","position":3,"name":"Ruth Lee Duty Range Obese"}]},{"@type":"WebSite","@id":"https:\/\/www.fireware.nl\/de\/#website","url":"https:\/\/www.fireware.nl\/de\/","name":"FireWare","description":"CREATING REALISTIC  TRAINING ENVIRONMENTS","publisher":{"@id":"https:\/\/www.fireware.nl\/de\/#organization"},"potentialAction":[{"@type":"SearchAction","target":{"@type":"EntryPoint","urlTemplate":"https:\/\/www.fireware.nl\/de\/?s={search_term_string}"},"query-input":{"@type":"PropertyValueSpecification","valueRequired":true,"valueName":"search_term_string"}}],"inLanguage":"de"},{"@type":"Organization","@id":"https:\/\/www.fireware.nl\/de\/#organization","name":"FireWare","url":"https:\/\/www.fireware.nl\/de\/","logo":{"@type":"ImageObject","inLanguage":"de","@id":"https:\/\/www.fireware.nl\/de\/#\/schema\/logo\/image\/","url":"https:\/\/www.fireware.nl\/wp-content\/uploads\/2018\/10\/fireware-logo.png","contentUrl":"https:\/\/www.fireware.nl\/wp-content\/uploads\/2018\/10\/fireware-logo.png","width":200,"height":86,"caption":"FireWare"},"image":{"@id":"https:\/\/www.fireware.nl\/de\/#\/schema\/logo\/image\/"},"sameAs":["https:\/\/www.facebook.com\/FireWareBV\/","https:\/\/x.com\/FireWarebv","https:\/\/www.instagram.com\/fireware_nl\/","https:\/\/www.linkedin.com\/company\/3586017\/","https:\/\/www.youtube.com\/user\/firesalesrentconsult"]}]}},"publishpress_future_workflow_manual_trigger":{"enabledWorkflows":[]},"_links":{"self":[{"href":"https:\/\/www.fireware.nl\/de\/wp-json\/wp\/v2\/product\/19561","targetHints":{"allow":["GET"]}}],"collection":[{"href":"https:\/\/www.fireware.nl\/de\/wp-json\/wp\/v2\/product"}],"about":[{"href":"https:\/\/www.fireware.nl\/de\/wp-json\/wp\/v2\/types\/product"}],"wp:featuredmedia":[{"embeddable":true,"href":"https:\/\/www.fireware.nl\/de\/wp-json\/wp\/v2\/media\/105575"}],"wp:attachment":[{"href":"https:\/\/www.fireware.nl\/de\/wp-json\/wp\/v2\/media?parent=19561"}],"wp:term":[{"taxonomy":"product_brand","embeddable":true,"href":"https:\/\/www.fireware.nl\/de\/wp-json\/wp\/v2\/product_brand?post=19561"},{"taxonomy":"product_cat","embeddable":true,"href":"https:\/\/www.fireware.nl\/de\/wp-json\/wp\/v2\/product_cat?post=19561"},{"taxonomy":"product_tag","embeddable":true,"href":"https:\/\/www.fireware.nl\/de\/wp-json\/wp\/v2\/product_tag?post=19561"}],"curies":[{"name":"wp","href":"https:\/\/api.w.org\/{rel}","templated":true}]}}