
{"id":19547,"date":"2019-01-23T12:15:51","date_gmt":"2019-01-23T12:15:51","guid":{"rendered":"http:\/\/fireware.sites.hyperhosting.co\/?post_type=product&#038;p=19547"},"modified":"2025-05-28T10:31:47","modified_gmt":"2025-05-28T10:31:47","slug":"firehouse-uebungspuppe","status":"publish","type":"product","link":"https:\/\/www.fireware.nl\/de\/product\/firehouse-uebungspuppe\/","title":{"rendered":"Ruth Lee Firehouse \u00dcbungspuppe"},"content":{"rendered":"\r\n<h2>Ruth Lee \u00dcbungspuppen<\/h2>\r\n<p>Die Ruth Lee \u00dcbungspuppen sind f\u00fcr realistische und effektive Schulungen konzipiert. Diese Puppen sind bekannt f\u00fcr ihre Langlebigkeit und Vielseitigkeit und sind ideal f\u00fcr das Training von Feuerwehr, Betrieblichen Ersthelfern (BHV), Rettungsdiensten und anderen Hilfsdiensten. Mit Ruth Lee \u00dcbungspuppen simuliert man realistische Szenarien, wodurch Einsatzkr\u00e4fte besser auf echte Notfallsituationen vorbereitet sind. Das Sortiment umfasst Puppen f\u00fcr verschiedene Trainings und in unterschiedlichen Gr\u00f6\u00dfen und Gewichten.<\/p>\r\n<h2>Robuste \u00dcbungspuppe, gegen hohe Temperaturen best\u00e4ndig<\/h2>\r\n<p>Verf\u00fcgbar in den folgenden Varianten: 10 kg, 20 kg, 30 kg, 50 kg und 70 kg<\/p>\r\n<p>Die \u00dcbungspuppe ist aus qualitativ hochwertigem Nomex hergestellt. Dieser Stoff wird oft f\u00fcr Schutzkleidung verwendet und h\u00e4lt hohen Temperaturen sehr gut stand. Die Puppe vertr\u00e4gt problemlos Temperaturen von 160 Grad Celsius am Boden und bis 400 Grad Celsius an der Decke. Sie ist f\u00fcr schnelle Rettungsaktionen in \u00dcbungsr\u00e4umen mit hohen Temperaturen ideal. Man kann den Dummy dicht an eine Hitzequelle setzen, ohne dass er in Brand ger\u00e4t. Der Dummy kann sogar Flashover-Temperaturen von \u00fcber 1000 Grad Celsius kurzfristig vertragen. Ger\u00e4t die Puppe zu dicht oder f\u00fcr zu lange Zeit ans Feuer, kann sie kaputtgehen. Die Puppe ist nicht daf\u00fcr geeignet, dass man sie in Brand setzt!<\/p>\r\n<p>Die Puppe hat ein realistisches Verh\u00e4ltnis zwischen L\u00e4nge und Gewicht. Das F\u00fcllmaterial sitzt fest; und daher haben alle Gliedma\u00dfen ein reales Gewicht, das sich nicht verlagert. Der FireHouse \u00dcbungspuppe tr\u00e4gt hitzebest\u00e4ndige Sicherheitsstiefel (mit Ausnahme der 5 &amp; 10-kg-Variante).<\/p>\r\n","protected":false},"excerpt":{"rendered":"<ul>\n<li>Robuste \u00dcbungspuppe, aus brandverz\u00f6gerndem Material gefertigt.<\/li>\n<li>Gegen hohe Temperaturen best\u00e4ndig.<\/li>\n<li>Perfekt f\u00fcr schnelle Rettungen.<\/li>\n<li>Vertr\u00e4gt problemlos Temperaturen 160-400 Grad Celsius.<\/li>\n<li>20 kg, 30 kg, 50 kg und die 70 kg sind mit hitzebest\u00e4ndige Sicherheits Stiefel.<\/li>\n<\/ul>\n","protected":false},"featured_media":21431,"template":"","meta":[],"product_brand":[],"product_cat":[117,105],"product_tag":[],"class_list":{"0":"post-19547","1":"product","2":"type-product","3":"status-publish","4":"has-post-thumbnail","6":"product_cat-brandhaus-puppen","7":"product_cat-uebungspuppen","8":"pa_gewicht-lengte-10-kg-90cm-de-2","9":"pa_gewicht-lengte-20-kg-130cm-de","10":"pa_gewicht-lengte-20-kg-180cm-de","11":"pa_gewicht-lengte-30kg-180cm-de","12":"pa_gewicht-lengte-50kg-180cm-de","13":"pa_gewicht-lengte-5kg-70cm-de","14":"pa_gewicht-lengte-70kg-180cm-de","16":"first","17":"instock","18":"taxable","19":"shipping-taxable","20":"purchasable","21":"product-type-variable"},"yoast_head":"<!-- This site is optimized with the Yoast SEO plugin v27.4 - https:\/\/yoast.com\/product\/yoast-seo-wordpress\/ -->\n<title>Ruth Lee Firehouse \u00dcbungspuppe - FireWare<\/title>\n<meta name=\"robots\" content=\"index, follow, max-snippet:-1, max-image-preview:large, max-video-preview:-1\" \/>\n<link rel=\"canonical\" href=\"https:\/\/www.fireware.nl\/de\/product\/firehouse-uebungspuppe\/\" \/>\n<meta property=\"og:locale\" content=\"de_DE\" \/>\n<meta property=\"og:type\" content=\"article\" \/>\n<meta property=\"og:title\" content=\"Ruth Lee Firehouse \u00dcbungspuppe - FireWare\" \/>\n<meta property=\"og:description\" content=\"Robuste \u00dcbungspuppe, aus brandverz\u00f6gerndem Material gefertigt. Gegen hohe Temperaturen best\u00e4ndig. Perfekt f\u00fcr schnelle Rettungen. Vertr\u00e4gt problemlos Temperaturen 160-400 Grad Celsius. 20 kg, 30 kg, 50 kg und die 70 kg sind mit hitzebest\u00e4ndige Sicherheits Stiefel.\" \/>\n<meta property=\"og:url\" content=\"https:\/\/www.fireware.nl\/de\/product\/firehouse-uebungspuppe\/\" \/>\n<meta property=\"og:site_name\" content=\"FireWare\" \/>\n<meta property=\"article:publisher\" content=\"https:\/\/www.facebook.com\/FireWareBV\/\" \/>\n<meta property=\"article:modified_time\" content=\"2025-05-28T10:31:47+00:00\" \/>\n<meta property=\"og:image\" content=\"https:\/\/www.fireware.nl\/wp-content\/uploads\/2019\/01\/017-043-034-FirehouseOefenpop.jpg\" \/>\n\t<meta property=\"og:image:width\" content=\"600\" \/>\n\t<meta property=\"og:image:height\" content=\"600\" \/>\n\t<meta property=\"og:image:type\" content=\"image\/jpeg\" \/>\n<meta name=\"twitter:card\" content=\"summary_large_image\" \/>\n<meta name=\"twitter:site\" content=\"@FireWarebv\" \/>\n<meta name=\"twitter:label1\" content=\"Gesch\u00e4tzte Lesezeit\" \/>\n\t<meta name=\"twitter:data1\" content=\"2\u00a0Minuten\" \/>\n<script type=\"application\/ld+json\" class=\"yoast-schema-graph\">{\"@context\":\"https:\\\/\\\/schema.org\",\"@graph\":[{\"@type\":\"WebPage\",\"@id\":\"https:\\\/\\\/www.fireware.nl\\\/de\\\/product\\\/firehouse-uebungspuppe\\\/\",\"url\":\"https:\\\/\\\/www.fireware.nl\\\/de\\\/product\\\/firehouse-uebungspuppe\\\/\",\"name\":\"Ruth Lee Firehouse \u00dcbungspuppe - FireWare\",\"isPartOf\":{\"@id\":\"https:\\\/\\\/www.fireware.nl\\\/de\\\/#website\"},\"primaryImageOfPage\":{\"@id\":\"https:\\\/\\\/www.fireware.nl\\\/de\\\/product\\\/firehouse-uebungspuppe\\\/#primaryimage\"},\"image\":{\"@id\":\"https:\\\/\\\/www.fireware.nl\\\/de\\\/product\\\/firehouse-uebungspuppe\\\/#primaryimage\"},\"thumbnailUrl\":\"https:\\\/\\\/www.fireware.nl\\\/wp-content\\\/uploads\\\/2019\\\/01\\\/017-043-034-FirehouseOefenpop.jpg\",\"datePublished\":\"2019-01-23T12:15:51+00:00\",\"dateModified\":\"2025-05-28T10:31:47+00:00\",\"breadcrumb\":{\"@id\":\"https:\\\/\\\/www.fireware.nl\\\/de\\\/product\\\/firehouse-uebungspuppe\\\/#breadcrumb\"},\"inLanguage\":\"de\",\"potentialAction\":[{\"@type\":\"ReadAction\",\"target\":[\"https:\\\/\\\/www.fireware.nl\\\/de\\\/product\\\/firehouse-uebungspuppe\\\/\"]}]},{\"@type\":\"ImageObject\",\"inLanguage\":\"de\",\"@id\":\"https:\\\/\\\/www.fireware.nl\\\/de\\\/product\\\/firehouse-uebungspuppe\\\/#primaryimage\",\"url\":\"https:\\\/\\\/www.fireware.nl\\\/wp-content\\\/uploads\\\/2019\\\/01\\\/017-043-034-FirehouseOefenpop.jpg\",\"contentUrl\":\"https:\\\/\\\/www.fireware.nl\\\/wp-content\\\/uploads\\\/2019\\\/01\\\/017-043-034-FirehouseOefenpop.jpg\",\"width\":600,\"height\":600,\"caption\":\"017-043-034 FirehouseOefenpop\"},{\"@type\":\"BreadcrumbList\",\"@id\":\"https:\\\/\\\/www.fireware.nl\\\/de\\\/product\\\/firehouse-uebungspuppe\\\/#breadcrumb\",\"itemListElement\":[{\"@type\":\"ListItem\",\"position\":1,\"name\":\"Home\",\"item\":\"https:\\\/\\\/www.fireware.nl\\\/de\\\/\"},{\"@type\":\"ListItem\",\"position\":2,\"name\":\"Produkte\",\"item\":\"https:\\\/\\\/www.fireware.nl\\\/de\\\/produkte\\\/\"},{\"@type\":\"ListItem\",\"position\":3,\"name\":\"Ruth Lee Firehouse \u00dcbungspuppe\"}]},{\"@type\":\"WebSite\",\"@id\":\"https:\\\/\\\/www.fireware.nl\\\/de\\\/#website\",\"url\":\"https:\\\/\\\/www.fireware.nl\\\/de\\\/\",\"name\":\"FireWare\",\"description\":\"CREATING REALISTIC  TRAINING ENVIRONMENTS\",\"publisher\":{\"@id\":\"https:\\\/\\\/www.fireware.nl\\\/de\\\/#organization\"},\"potentialAction\":[{\"@type\":\"SearchAction\",\"target\":{\"@type\":\"EntryPoint\",\"urlTemplate\":\"https:\\\/\\\/www.fireware.nl\\\/de\\\/?s={search_term_string}\"},\"query-input\":{\"@type\":\"PropertyValueSpecification\",\"valueRequired\":true,\"valueName\":\"search_term_string\"}}],\"inLanguage\":\"de\"},{\"@type\":\"Organization\",\"@id\":\"https:\\\/\\\/www.fireware.nl\\\/de\\\/#organization\",\"name\":\"FireWare\",\"url\":\"https:\\\/\\\/www.fireware.nl\\\/de\\\/\",\"logo\":{\"@type\":\"ImageObject\",\"inLanguage\":\"de\",\"@id\":\"https:\\\/\\\/www.fireware.nl\\\/de\\\/#\\\/schema\\\/logo\\\/image\\\/\",\"url\":\"https:\\\/\\\/www.fireware.nl\\\/wp-content\\\/uploads\\\/2018\\\/10\\\/fireware-logo.png\",\"contentUrl\":\"https:\\\/\\\/www.fireware.nl\\\/wp-content\\\/uploads\\\/2018\\\/10\\\/fireware-logo.png\",\"width\":200,\"height\":86,\"caption\":\"FireWare\"},\"image\":{\"@id\":\"https:\\\/\\\/www.fireware.nl\\\/de\\\/#\\\/schema\\\/logo\\\/image\\\/\"},\"sameAs\":[\"https:\\\/\\\/www.facebook.com\\\/FireWareBV\\\/\",\"https:\\\/\\\/x.com\\\/FireWarebv\",\"https:\\\/\\\/www.instagram.com\\\/fireware_nl\\\/\",\"https:\\\/\\\/www.linkedin.com\\\/company\\\/3586017\\\/\",\"https:\\\/\\\/www.youtube.com\\\/user\\\/firesalesrentconsult\"]}]}<\/script>\n<!-- \/ Yoast SEO plugin. -->","yoast_head_json":{"title":"Ruth Lee Firehouse \u00dcbungspuppe - FireWare","robots":{"index":"index","follow":"follow","max-snippet":"max-snippet:-1","max-image-preview":"max-image-preview:large","max-video-preview":"max-video-preview:-1"},"canonical":"https:\/\/www.fireware.nl\/de\/product\/firehouse-uebungspuppe\/","og_locale":"de_DE","og_type":"article","og_title":"Ruth Lee Firehouse \u00dcbungspuppe - FireWare","og_description":"Robuste \u00dcbungspuppe, aus brandverz\u00f6gerndem Material gefertigt. Gegen hohe Temperaturen best\u00e4ndig. Perfekt f\u00fcr schnelle Rettungen. Vertr\u00e4gt problemlos Temperaturen 160-400 Grad Celsius. 20 kg, 30 kg, 50 kg und die 70 kg sind mit hitzebest\u00e4ndige Sicherheits Stiefel.","og_url":"https:\/\/www.fireware.nl\/de\/product\/firehouse-uebungspuppe\/","og_site_name":"FireWare","article_publisher":"https:\/\/www.facebook.com\/FireWareBV\/","article_modified_time":"2025-05-28T10:31:47+00:00","og_image":[{"width":600,"height":600,"url":"https:\/\/www.fireware.nl\/wp-content\/uploads\/2019\/01\/017-043-034-FirehouseOefenpop.jpg","type":"image\/jpeg"}],"twitter_card":"summary_large_image","twitter_site":"@FireWarebv","twitter_misc":{"Gesch\u00e4tzte Lesezeit":"2\u00a0Minuten"},"schema":{"@context":"https:\/\/schema.org","@graph":[{"@type":"WebPage","@id":"https:\/\/www.fireware.nl\/de\/product\/firehouse-uebungspuppe\/","url":"https:\/\/www.fireware.nl\/de\/product\/firehouse-uebungspuppe\/","name":"Ruth Lee Firehouse \u00dcbungspuppe - FireWare","isPartOf":{"@id":"https:\/\/www.fireware.nl\/de\/#website"},"primaryImageOfPage":{"@id":"https:\/\/www.fireware.nl\/de\/product\/firehouse-uebungspuppe\/#primaryimage"},"image":{"@id":"https:\/\/www.fireware.nl\/de\/product\/firehouse-uebungspuppe\/#primaryimage"},"thumbnailUrl":"https:\/\/www.fireware.nl\/wp-content\/uploads\/2019\/01\/017-043-034-FirehouseOefenpop.jpg","datePublished":"2019-01-23T12:15:51+00:00","dateModified":"2025-05-28T10:31:47+00:00","breadcrumb":{"@id":"https:\/\/www.fireware.nl\/de\/product\/firehouse-uebungspuppe\/#breadcrumb"},"inLanguage":"de","potentialAction":[{"@type":"ReadAction","target":["https:\/\/www.fireware.nl\/de\/product\/firehouse-uebungspuppe\/"]}]},{"@type":"ImageObject","inLanguage":"de","@id":"https:\/\/www.fireware.nl\/de\/product\/firehouse-uebungspuppe\/#primaryimage","url":"https:\/\/www.fireware.nl\/wp-content\/uploads\/2019\/01\/017-043-034-FirehouseOefenpop.jpg","contentUrl":"https:\/\/www.fireware.nl\/wp-content\/uploads\/2019\/01\/017-043-034-FirehouseOefenpop.jpg","width":600,"height":600,"caption":"017-043-034 FirehouseOefenpop"},{"@type":"BreadcrumbList","@id":"https:\/\/www.fireware.nl\/de\/product\/firehouse-uebungspuppe\/#breadcrumb","itemListElement":[{"@type":"ListItem","position":1,"name":"Home","item":"https:\/\/www.fireware.nl\/de\/"},{"@type":"ListItem","position":2,"name":"Produkte","item":"https:\/\/www.fireware.nl\/de\/produkte\/"},{"@type":"ListItem","position":3,"name":"Ruth Lee Firehouse \u00dcbungspuppe"}]},{"@type":"WebSite","@id":"https:\/\/www.fireware.nl\/de\/#website","url":"https:\/\/www.fireware.nl\/de\/","name":"FireWare","description":"CREATING REALISTIC  TRAINING ENVIRONMENTS","publisher":{"@id":"https:\/\/www.fireware.nl\/de\/#organization"},"potentialAction":[{"@type":"SearchAction","target":{"@type":"EntryPoint","urlTemplate":"https:\/\/www.fireware.nl\/de\/?s={search_term_string}"},"query-input":{"@type":"PropertyValueSpecification","valueRequired":true,"valueName":"search_term_string"}}],"inLanguage":"de"},{"@type":"Organization","@id":"https:\/\/www.fireware.nl\/de\/#organization","name":"FireWare","url":"https:\/\/www.fireware.nl\/de\/","logo":{"@type":"ImageObject","inLanguage":"de","@id":"https:\/\/www.fireware.nl\/de\/#\/schema\/logo\/image\/","url":"https:\/\/www.fireware.nl\/wp-content\/uploads\/2018\/10\/fireware-logo.png","contentUrl":"https:\/\/www.fireware.nl\/wp-content\/uploads\/2018\/10\/fireware-logo.png","width":200,"height":86,"caption":"FireWare"},"image":{"@id":"https:\/\/www.fireware.nl\/de\/#\/schema\/logo\/image\/"},"sameAs":["https:\/\/www.facebook.com\/FireWareBV\/","https:\/\/x.com\/FireWarebv","https:\/\/www.instagram.com\/fireware_nl\/","https:\/\/www.linkedin.com\/company\/3586017\/","https:\/\/www.youtube.com\/user\/firesalesrentconsult"]}]}},"publishpress_future_workflow_manual_trigger":{"enabledWorkflows":[]},"_links":{"self":[{"href":"https:\/\/www.fireware.nl\/de\/wp-json\/wp\/v2\/product\/19547","targetHints":{"allow":["GET"]}}],"collection":[{"href":"https:\/\/www.fireware.nl\/de\/wp-json\/wp\/v2\/product"}],"about":[{"href":"https:\/\/www.fireware.nl\/de\/wp-json\/wp\/v2\/types\/product"}],"wp:featuredmedia":[{"embeddable":true,"href":"https:\/\/www.fireware.nl\/de\/wp-json\/wp\/v2\/media\/21431"}],"wp:attachment":[{"href":"https:\/\/www.fireware.nl\/de\/wp-json\/wp\/v2\/media?parent=19547"}],"wp:term":[{"taxonomy":"product_brand","embeddable":true,"href":"https:\/\/www.fireware.nl\/de\/wp-json\/wp\/v2\/product_brand?post=19547"},{"taxonomy":"product_cat","embeddable":true,"href":"https:\/\/www.fireware.nl\/de\/wp-json\/wp\/v2\/product_cat?post=19547"},{"taxonomy":"product_tag","embeddable":true,"href":"https:\/\/www.fireware.nl\/de\/wp-json\/wp\/v2\/product_tag?post=19547"}],"curies":[{"name":"wp","href":"https:\/\/api.w.org\/{rel}","templated":true}]}}