
{"id":19507,"date":"2019-01-23T12:16:55","date_gmt":"2019-01-23T12:16:55","guid":{"rendered":"http:\/\/fireware.sites.hyperhosting.co\/?post_type=product&#038;p=19507"},"modified":"2025-05-21T14:35:10","modified_gmt":"2025-05-21T14:35:10","slug":"wasser-rettungspoppe","status":"publish","type":"product","link":"https:\/\/www.fireware.nl\/de\/product\/wasser-rettungspoppe\/","title":{"rendered":"Wasser Rettungspoppe"},"content":{"rendered":"<p>Die Wasserrettungspuppe, die einen Erwachsenen darstellt (Adult Water Rescue Manikin) ist f\u00fcr alle Arten von Wasserrettungs\u00fcbungen geeignet. Der Dummy schwebt selbstst\u00e4ndig mit seinen Schultern und seinem Kopf in einem Winkel von 45 Grad \u00fcber Wasser. Wenn Sie die Brusth\u00f6hle mit Wasser f\u00fcllen, schwimmt die Puppe horizontal unter Wasser. Mit einem Gewicht von 2,5 bis 5 Kilogramm in die Bauchh\u00f6hle sinkt die Puppe.<\/p>\n<p>Die Puppe ist nat\u00fcrlich wasserfest. Die Haut besteht aus strapazierf\u00e4higem Vinyl und das Skelett und die Gelenke sind rostbest\u00e4ndig. Die Puppe sieht sehr realistisch aus und wird mit einem Badeanzug geliefert.<\/p>\n<p>Mit der Wasserrettungspuppe zur Wiederbelebungs\u00fcbung (CPR Water Rescue Manikin) \u00fcben Sie alle Prozeduren an einer Puppe! Der Ganzk\u00f6rper-Reanimationsdummy ist zur Wasserrettung geeignet und kann sofort wiederbelebt werden. Bei richtiger Atmung kommt der Brustkorb sichtbar hoch. Die Beatmung erfolgt in einem Atemwegssystem, das Kontaminationen zwischen den Lehrgangsteilnehmern verhindert. Sie k\u00f6nnen jedem Teilnehmer ein eigenes Mundst\u00fcck\/Nasenst\u00fcck geben oder diese zwischenzeitlich desinfizieren.<\/p>\n","protected":false},"excerpt":{"rendered":"<ul>\n<li>Puppe simuliert ein (bewusstloses) Opfer in Wasser.<\/li>\n<li>Zur Rettungs\u00fcbung im Wasser.<\/li>\n<li>Kann je nach F\u00fcllung schwimmen und sinken.<\/li>\n<li>Das Skelett und die Gelenke sind rostbest\u00e4ndig.<\/li>\n<li>Wird mit einem Badeanzug geliefert.<\/li>\n<li>Auch mit einer Reanimationsoption erh\u00e4ltlich.<\/li>\n<\/ul>\n","protected":false},"featured_media":59878,"template":"","meta":[],"product_brand":[],"product_cat":[114],"product_tag":[],"class_list":{"0":"post-19507","1":"product","2":"type-product","3":"status-publish","4":"has-post-thumbnail","6":"product_cat-wasserrettung-puppe","7":"pa_optie-mit-cpr-moeglichkeit-165-cm","8":"pa_optie-ohne-cpr-moeglichkeit-124-cm-de","9":"pa_optie-ohne-cpr-moeglichkeit-165-cm","11":"first","12":"instock","13":"taxable","14":"shipping-taxable","15":"purchasable","16":"product-type-variable"},"yoast_head":"<!-- This site is optimized with the Yoast SEO plugin v27.2 - https:\/\/yoast.com\/product\/yoast-seo-wordpress\/ -->\n<title>Wasser Rettungspoppe - FireWare<\/title>\n<meta name=\"robots\" content=\"index, follow, max-snippet:-1, max-image-preview:large, max-video-preview:-1\" \/>\n<link rel=\"canonical\" href=\"https:\/\/www.fireware.nl\/de\/product\/wasser-rettungspoppe\/\" \/>\n<meta property=\"og:locale\" content=\"de_DE\" \/>\n<meta property=\"og:type\" content=\"article\" \/>\n<meta property=\"og:title\" content=\"Wasser Rettungspoppe - FireWare\" \/>\n<meta property=\"og:description\" content=\"Puppe simuliert ein (bewusstloses) Opfer in Wasser.  Zur Rettungs\u00fcbung im Wasser.  Kann je nach F\u00fcllung schwimmen und sinken.  Das Skelett und die Gelenke sind rostbest\u00e4ndig.  Wird mit einem Badeanzug geliefert.  Auch mit einer Reanimationsoption erh\u00e4ltlich.\" \/>\n<meta property=\"og:url\" content=\"https:\/\/www.fireware.nl\/de\/product\/wasser-rettungspoppe\/\" \/>\n<meta property=\"og:site_name\" content=\"FireWare\" \/>\n<meta property=\"article:publisher\" content=\"https:\/\/www.facebook.com\/FireWareBV\/\" \/>\n<meta property=\"article:modified_time\" content=\"2025-05-21T14:35:10+00:00\" \/>\n<meta property=\"og:image\" content=\"https:\/\/www.fireware.nl\/wp-content\/uploads\/2019\/01\/019-022-005-Adult-Water-Rescue-Manikin-zonder-reanimatie.jpg\" \/>\n\t<meta property=\"og:image:width\" content=\"600\" \/>\n\t<meta property=\"og:image:height\" content=\"600\" \/>\n\t<meta property=\"og:image:type\" content=\"image\/jpeg\" \/>\n<meta name=\"twitter:card\" content=\"summary_large_image\" \/>\n<meta name=\"twitter:site\" content=\"@FireWarebv\" \/>\n<meta name=\"twitter:label1\" content=\"Gesch\u00e4tzte Lesezeit\" \/>\n\t<meta name=\"twitter:data1\" content=\"1\u00a0Minute\" \/>\n<script type=\"application\/ld+json\" class=\"yoast-schema-graph\">{\"@context\":\"https:\/\/schema.org\",\"@graph\":[{\"@type\":\"WebPage\",\"@id\":\"https:\/\/www.fireware.nl\/de\/product\/wasser-rettungspoppe\/\",\"url\":\"https:\/\/www.fireware.nl\/de\/product\/wasser-rettungspoppe\/\",\"name\":\"Wasser Rettungspoppe - FireWare\",\"isPartOf\":{\"@id\":\"https:\/\/www.fireware.nl\/de\/#website\"},\"primaryImageOfPage\":{\"@id\":\"https:\/\/www.fireware.nl\/de\/product\/wasser-rettungspoppe\/#primaryimage\"},\"image\":{\"@id\":\"https:\/\/www.fireware.nl\/de\/product\/wasser-rettungspoppe\/#primaryimage\"},\"thumbnailUrl\":\"https:\/\/www.fireware.nl\/wp-content\/uploads\/2019\/01\/019-022-005-Adult-Water-Rescue-Manikin-zonder-reanimatie.jpg\",\"datePublished\":\"2019-01-23T12:16:55+00:00\",\"dateModified\":\"2025-05-21T14:35:10+00:00\",\"breadcrumb\":{\"@id\":\"https:\/\/www.fireware.nl\/de\/product\/wasser-rettungspoppe\/#breadcrumb\"},\"inLanguage\":\"de\",\"potentialAction\":[{\"@type\":\"ReadAction\",\"target\":[\"https:\/\/www.fireware.nl\/de\/product\/wasser-rettungspoppe\/\"]}]},{\"@type\":\"ImageObject\",\"inLanguage\":\"de\",\"@id\":\"https:\/\/www.fireware.nl\/de\/product\/wasser-rettungspoppe\/#primaryimage\",\"url\":\"https:\/\/www.fireware.nl\/wp-content\/uploads\/2019\/01\/019-022-005-Adult-Water-Rescue-Manikin-zonder-reanimatie.jpg\",\"contentUrl\":\"https:\/\/www.fireware.nl\/wp-content\/uploads\/2019\/01\/019-022-005-Adult-Water-Rescue-Manikin-zonder-reanimatie.jpg\",\"width\":600,\"height\":600},{\"@type\":\"BreadcrumbList\",\"@id\":\"https:\/\/www.fireware.nl\/de\/product\/wasser-rettungspoppe\/#breadcrumb\",\"itemListElement\":[{\"@type\":\"ListItem\",\"position\":1,\"name\":\"Home\",\"item\":\"https:\/\/www.fireware.nl\/de\/\"},{\"@type\":\"ListItem\",\"position\":2,\"name\":\"Produkte\",\"item\":\"https:\/\/www.fireware.nl\/de\/produkte\/\"},{\"@type\":\"ListItem\",\"position\":3,\"name\":\"Wasser Rettungspoppe\"}]},{\"@type\":\"WebSite\",\"@id\":\"https:\/\/www.fireware.nl\/de\/#website\",\"url\":\"https:\/\/www.fireware.nl\/de\/\",\"name\":\"FireWare\",\"description\":\"CREATING REALISTIC  TRAINING ENVIRONMENTS\",\"publisher\":{\"@id\":\"https:\/\/www.fireware.nl\/de\/#organization\"},\"potentialAction\":[{\"@type\":\"SearchAction\",\"target\":{\"@type\":\"EntryPoint\",\"urlTemplate\":\"https:\/\/www.fireware.nl\/de\/?s={search_term_string}\"},\"query-input\":{\"@type\":\"PropertyValueSpecification\",\"valueRequired\":true,\"valueName\":\"search_term_string\"}}],\"inLanguage\":\"de\"},{\"@type\":\"Organization\",\"@id\":\"https:\/\/www.fireware.nl\/de\/#organization\",\"name\":\"FireWare\",\"url\":\"https:\/\/www.fireware.nl\/de\/\",\"logo\":{\"@type\":\"ImageObject\",\"inLanguage\":\"de\",\"@id\":\"https:\/\/www.fireware.nl\/de\/#\/schema\/logo\/image\/\",\"url\":\"https:\/\/www.fireware.nl\/wp-content\/uploads\/2018\/10\/fireware-logo.png\",\"contentUrl\":\"https:\/\/www.fireware.nl\/wp-content\/uploads\/2018\/10\/fireware-logo.png\",\"width\":200,\"height\":86,\"caption\":\"FireWare\"},\"image\":{\"@id\":\"https:\/\/www.fireware.nl\/de\/#\/schema\/logo\/image\/\"},\"sameAs\":[\"https:\/\/www.facebook.com\/FireWareBV\/\",\"https:\/\/x.com\/FireWarebv\",\"https:\/\/www.instagram.com\/fireware_nl\/\",\"https:\/\/www.linkedin.com\/company\/3586017\/\",\"https:\/\/www.youtube.com\/user\/firesalesrentconsult\"]}]}<\/script>\n<!-- \/ Yoast SEO plugin. -->","yoast_head_json":{"title":"Wasser Rettungspoppe - FireWare","robots":{"index":"index","follow":"follow","max-snippet":"max-snippet:-1","max-image-preview":"max-image-preview:large","max-video-preview":"max-video-preview:-1"},"canonical":"https:\/\/www.fireware.nl\/de\/product\/wasser-rettungspoppe\/","og_locale":"de_DE","og_type":"article","og_title":"Wasser Rettungspoppe - FireWare","og_description":"Puppe simuliert ein (bewusstloses) Opfer in Wasser.  Zur Rettungs\u00fcbung im Wasser.  Kann je nach F\u00fcllung schwimmen und sinken.  Das Skelett und die Gelenke sind rostbest\u00e4ndig.  Wird mit einem Badeanzug geliefert.  Auch mit einer Reanimationsoption erh\u00e4ltlich.","og_url":"https:\/\/www.fireware.nl\/de\/product\/wasser-rettungspoppe\/","og_site_name":"FireWare","article_publisher":"https:\/\/www.facebook.com\/FireWareBV\/","article_modified_time":"2025-05-21T14:35:10+00:00","og_image":[{"width":600,"height":600,"url":"https:\/\/www.fireware.nl\/wp-content\/uploads\/2019\/01\/019-022-005-Adult-Water-Rescue-Manikin-zonder-reanimatie.jpg","type":"image\/jpeg"}],"twitter_card":"summary_large_image","twitter_site":"@FireWarebv","twitter_misc":{"Gesch\u00e4tzte Lesezeit":"1\u00a0Minute"},"schema":{"@context":"https:\/\/schema.org","@graph":[{"@type":"WebPage","@id":"https:\/\/www.fireware.nl\/de\/product\/wasser-rettungspoppe\/","url":"https:\/\/www.fireware.nl\/de\/product\/wasser-rettungspoppe\/","name":"Wasser Rettungspoppe - FireWare","isPartOf":{"@id":"https:\/\/www.fireware.nl\/de\/#website"},"primaryImageOfPage":{"@id":"https:\/\/www.fireware.nl\/de\/product\/wasser-rettungspoppe\/#primaryimage"},"image":{"@id":"https:\/\/www.fireware.nl\/de\/product\/wasser-rettungspoppe\/#primaryimage"},"thumbnailUrl":"https:\/\/www.fireware.nl\/wp-content\/uploads\/2019\/01\/019-022-005-Adult-Water-Rescue-Manikin-zonder-reanimatie.jpg","datePublished":"2019-01-23T12:16:55+00:00","dateModified":"2025-05-21T14:35:10+00:00","breadcrumb":{"@id":"https:\/\/www.fireware.nl\/de\/product\/wasser-rettungspoppe\/#breadcrumb"},"inLanguage":"de","potentialAction":[{"@type":"ReadAction","target":["https:\/\/www.fireware.nl\/de\/product\/wasser-rettungspoppe\/"]}]},{"@type":"ImageObject","inLanguage":"de","@id":"https:\/\/www.fireware.nl\/de\/product\/wasser-rettungspoppe\/#primaryimage","url":"https:\/\/www.fireware.nl\/wp-content\/uploads\/2019\/01\/019-022-005-Adult-Water-Rescue-Manikin-zonder-reanimatie.jpg","contentUrl":"https:\/\/www.fireware.nl\/wp-content\/uploads\/2019\/01\/019-022-005-Adult-Water-Rescue-Manikin-zonder-reanimatie.jpg","width":600,"height":600},{"@type":"BreadcrumbList","@id":"https:\/\/www.fireware.nl\/de\/product\/wasser-rettungspoppe\/#breadcrumb","itemListElement":[{"@type":"ListItem","position":1,"name":"Home","item":"https:\/\/www.fireware.nl\/de\/"},{"@type":"ListItem","position":2,"name":"Produkte","item":"https:\/\/www.fireware.nl\/de\/produkte\/"},{"@type":"ListItem","position":3,"name":"Wasser Rettungspoppe"}]},{"@type":"WebSite","@id":"https:\/\/www.fireware.nl\/de\/#website","url":"https:\/\/www.fireware.nl\/de\/","name":"FireWare","description":"CREATING REALISTIC  TRAINING ENVIRONMENTS","publisher":{"@id":"https:\/\/www.fireware.nl\/de\/#organization"},"potentialAction":[{"@type":"SearchAction","target":{"@type":"EntryPoint","urlTemplate":"https:\/\/www.fireware.nl\/de\/?s={search_term_string}"},"query-input":{"@type":"PropertyValueSpecification","valueRequired":true,"valueName":"search_term_string"}}],"inLanguage":"de"},{"@type":"Organization","@id":"https:\/\/www.fireware.nl\/de\/#organization","name":"FireWare","url":"https:\/\/www.fireware.nl\/de\/","logo":{"@type":"ImageObject","inLanguage":"de","@id":"https:\/\/www.fireware.nl\/de\/#\/schema\/logo\/image\/","url":"https:\/\/www.fireware.nl\/wp-content\/uploads\/2018\/10\/fireware-logo.png","contentUrl":"https:\/\/www.fireware.nl\/wp-content\/uploads\/2018\/10\/fireware-logo.png","width":200,"height":86,"caption":"FireWare"},"image":{"@id":"https:\/\/www.fireware.nl\/de\/#\/schema\/logo\/image\/"},"sameAs":["https:\/\/www.facebook.com\/FireWareBV\/","https:\/\/x.com\/FireWarebv","https:\/\/www.instagram.com\/fireware_nl\/","https:\/\/www.linkedin.com\/company\/3586017\/","https:\/\/www.youtube.com\/user\/firesalesrentconsult"]}]}},"publishpress_future_workflow_manual_trigger":{"enabledWorkflows":[]},"_links":{"self":[{"href":"https:\/\/www.fireware.nl\/de\/wp-json\/wp\/v2\/product\/19507","targetHints":{"allow":["GET"]}}],"collection":[{"href":"https:\/\/www.fireware.nl\/de\/wp-json\/wp\/v2\/product"}],"about":[{"href":"https:\/\/www.fireware.nl\/de\/wp-json\/wp\/v2\/types\/product"}],"wp:featuredmedia":[{"embeddable":true,"href":"https:\/\/www.fireware.nl\/de\/wp-json\/wp\/v2\/media\/59878"}],"wp:attachment":[{"href":"https:\/\/www.fireware.nl\/de\/wp-json\/wp\/v2\/media?parent=19507"}],"wp:term":[{"taxonomy":"product_brand","embeddable":true,"href":"https:\/\/www.fireware.nl\/de\/wp-json\/wp\/v2\/product_brand?post=19507"},{"taxonomy":"product_cat","embeddable":true,"href":"https:\/\/www.fireware.nl\/de\/wp-json\/wp\/v2\/product_cat?post=19507"},{"taxonomy":"product_tag","embeddable":true,"href":"https:\/\/www.fireware.nl\/de\/wp-json\/wp\/v2\/product_tag?post=19507"}],"curies":[{"name":"wp","href":"https:\/\/api.w.org\/{rel}","templated":true}]}}