
{"id":19486,"date":"2019-01-23T12:16:00","date_gmt":"2019-01-23T12:16:00","guid":{"rendered":"http:\/\/fireware.sites.hyperhosting.co\/?post_type=product&#038;p=19486"},"modified":"2025-05-21T14:16:15","modified_gmt":"2025-05-21T14:16:15","slug":"water-rescue-mob-manikin","status":"publish","type":"product","link":"https:\/\/www.fireware.nl\/de\/product\/water-rescue-mob-manikin\/","title":{"rendered":"Ruth Lee Water Rescue MOB Manikin"},"content":{"rendered":"\r\n<h2>Ruth Lee \u00dcbungspuppen<\/h2>\r\n<p>Die Ruth Lee \u00dcbungspuppen wurden f\u00fcr realistische und effektive Trainings konzipiert. Diese Puppen sind bekannt f\u00fcr ihre Haltbarkeit und Vielseitigkeit und sind ideal f\u00fcr die Ausbildung von Feuerwehr, Erste-Hilfe-Teams, Rettungsdiensten und anderen Notfalldiensten. Mit Ruth Lee \u00dcbungspuppen k\u00f6nnen realistische Szenarien simuliert werden, wodurch die Einsatzkr\u00e4fte besser auf echte Notf\u00e4lle vorbereitet werden. Das Sortiment umfasst Puppen f\u00fcr verschiedene Trainingsarten in unterschiedlichen Gr\u00f6\u00dfen und Gewichten.<\/p>\r\n<h2>Simulieren einer bewusstlosen Person im Wasser<\/h2>\r\n<p>Die Water Rescue Man Overboard (MOB) simuliert realistisch eine (bewusstlose) Person im Wasser. Die Puppe treibt von selbst mit Schultern und Kopf \u00fcber Wasser in einem Winkel von 45 Grad. Durch Verschieben von Schaum von der Brust zu den Beinen kann die Puppe auch horizontal treiben.<\/p>\r\n<h2>Geeignet f\u00fcr raue Bedingungen<\/h2>\r\n<p>Die Man Overboard ist sehr auff\u00e4llig; sie tr\u00e4gt einen leuchtend orangefarbenen Overall und ist mit SOLAS reflektierenden Streifen versehen. Rettungskr\u00e4fte k\u00f6nnen die Puppe so schnell im Wasser erkennen und retten. Die Puppe ist auch f\u00fcr den Einsatz in Gew\u00e4ssern mit sehr starkem Str\u00f6mung geeignet.<\/p>\r\n<h2>Realistische Handhabung<\/h2>\r\n<p>Die Puppe verf\u00fcgt \u00fcber interne Kunststoffstreifen, die es der Puppe erm\u00f6glichen, sich realistisch zu biegen, aber nicht vollst\u00e4ndig zu falten. Die Varianten mit 20 kg und 40 kg sind mit Stiefeln ausgestattet. Die Stiefel der Man Overboard Puppe haben Abfluss\u00f6ffnungen, durch die Wasser abflie\u00dft. Die Stiefel sch\u00fctzen die Beine, sodass die Puppe \u00fcber verschiedene Untergr\u00fcnde wie Str\u00e4nde oder Felsen gezogen werden kann.<\/p>\r\n<h2>Schau das Video<\/h2>\r\n<p><iframe src=\"https:\/\/player.vimeo.com\/video\/493742868\" width=\"640\" height=\"360\" frameborder=\"0\" allowfullscreen=\"allowfullscreen\"><\/iframe><\/p>\r\n","protected":false},"excerpt":{"rendered":"<ul>\n<li>Die \u00dcbungspuppe simuliert ein (bewusstloses) Opfer im Wasser.<\/li>\n<li>Geeignet f\u00fcr Rettungsgriffe.<\/li>\n<li>Die \u00dcbungspuppe treibt in einem Winkel von 45 Grad.<\/li>\n<li>Kann durch Verschieben von Schaum auch horizontal treiben.<\/li>\n<li>Mit SOLAS reflektierenden Streifen am Kopf ausgestattet.<\/li>\n<li>Geeignet f\u00fcr Gew\u00e4sser mit sehr starken Str\u00f6mungen.<\/li>\n<\/ul>\n","protected":false},"featured_media":105587,"template":"","meta":[],"product_brand":[],"product_cat":[114],"product_tag":[],"class_list":{"0":"post-19486","1":"product","2":"type-product","3":"status-publish","4":"has-post-thumbnail","6":"product_cat-wasserrettung-puppe","8":"first","9":"instock","10":"taxable","11":"shipping-taxable","12":"purchasable","13":"product-type-variable"},"yoast_head":"<!-- This site is optimized with the Yoast SEO plugin v27.4 - https:\/\/yoast.com\/product\/yoast-seo-wordpress\/ -->\n<title>Ruth Lee Water Rescue MOB Manikin - FireWare<\/title>\n<meta name=\"robots\" content=\"index, follow, max-snippet:-1, max-image-preview:large, max-video-preview:-1\" \/>\n<link rel=\"canonical\" href=\"https:\/\/www.fireware.nl\/de\/product\/water-rescue-mob-manikin\/\" \/>\n<meta property=\"og:locale\" content=\"de_DE\" \/>\n<meta property=\"og:type\" content=\"article\" \/>\n<meta property=\"og:title\" content=\"Ruth Lee Water Rescue MOB Manikin - FireWare\" \/>\n<meta property=\"og:description\" content=\"Die \u00dcbungspuppe simuliert ein (bewusstloses) Opfer im Wasser. Geeignet f\u00fcr Rettungsgriffe. Die \u00dcbungspuppe treibt in einem Winkel von 45 Grad. Kann durch Verschieben von Schaum auch horizontal treiben. Mit SOLAS reflektierenden Streifen am Kopf ausgestattet. Geeignet f\u00fcr Gew\u00e4sser mit sehr starken Str\u00f6mungen.\" \/>\n<meta property=\"og:url\" content=\"https:\/\/www.fireware.nl\/de\/product\/water-rescue-mob-manikin\/\" \/>\n<meta property=\"og:site_name\" content=\"FireWare\" \/>\n<meta property=\"article:publisher\" content=\"https:\/\/www.facebook.com\/FireWareBV\/\" \/>\n<meta property=\"article:modified_time\" content=\"2025-05-21T14:16:15+00:00\" \/>\n<meta property=\"og:image\" content=\"https:\/\/www.fireware.nl\/wp-content\/uploads\/2019\/01\/Ruth-Lee-Water-rescue-MOB-oefenpop.jpg\" \/>\n\t<meta property=\"og:image:width\" content=\"600\" \/>\n\t<meta property=\"og:image:height\" content=\"600\" \/>\n\t<meta property=\"og:image:type\" content=\"image\/jpeg\" \/>\n<meta name=\"twitter:card\" content=\"summary_large_image\" \/>\n<meta name=\"twitter:site\" content=\"@FireWarebv\" \/>\n<meta name=\"twitter:label1\" content=\"Gesch\u00e4tzte Lesezeit\" \/>\n\t<meta name=\"twitter:data1\" content=\"2\u00a0Minuten\" \/>\n<script type=\"application\/ld+json\" class=\"yoast-schema-graph\">{\"@context\":\"https:\\\/\\\/schema.org\",\"@graph\":[{\"@type\":\"WebPage\",\"@id\":\"https:\\\/\\\/www.fireware.nl\\\/de\\\/product\\\/water-rescue-mob-manikin\\\/\",\"url\":\"https:\\\/\\\/www.fireware.nl\\\/de\\\/product\\\/water-rescue-mob-manikin\\\/\",\"name\":\"Ruth Lee Water Rescue MOB Manikin - FireWare\",\"isPartOf\":{\"@id\":\"https:\\\/\\\/www.fireware.nl\\\/de\\\/#website\"},\"primaryImageOfPage\":{\"@id\":\"https:\\\/\\\/www.fireware.nl\\\/de\\\/product\\\/water-rescue-mob-manikin\\\/#primaryimage\"},\"image\":{\"@id\":\"https:\\\/\\\/www.fireware.nl\\\/de\\\/product\\\/water-rescue-mob-manikin\\\/#primaryimage\"},\"thumbnailUrl\":\"https:\\\/\\\/www.fireware.nl\\\/wp-content\\\/uploads\\\/2019\\\/01\\\/Ruth-Lee-Water-rescue-MOB-oefenpop.jpg\",\"datePublished\":\"2019-01-23T12:16:00+00:00\",\"dateModified\":\"2025-05-21T14:16:15+00:00\",\"breadcrumb\":{\"@id\":\"https:\\\/\\\/www.fireware.nl\\\/de\\\/product\\\/water-rescue-mob-manikin\\\/#breadcrumb\"},\"inLanguage\":\"de\",\"potentialAction\":[{\"@type\":\"ReadAction\",\"target\":[\"https:\\\/\\\/www.fireware.nl\\\/de\\\/product\\\/water-rescue-mob-manikin\\\/\"]}]},{\"@type\":\"ImageObject\",\"inLanguage\":\"de\",\"@id\":\"https:\\\/\\\/www.fireware.nl\\\/de\\\/product\\\/water-rescue-mob-manikin\\\/#primaryimage\",\"url\":\"https:\\\/\\\/www.fireware.nl\\\/wp-content\\\/uploads\\\/2019\\\/01\\\/Ruth-Lee-Water-rescue-MOB-oefenpop.jpg\",\"contentUrl\":\"https:\\\/\\\/www.fireware.nl\\\/wp-content\\\/uploads\\\/2019\\\/01\\\/Ruth-Lee-Water-rescue-MOB-oefenpop.jpg\",\"width\":600,\"height\":600},{\"@type\":\"BreadcrumbList\",\"@id\":\"https:\\\/\\\/www.fireware.nl\\\/de\\\/product\\\/water-rescue-mob-manikin\\\/#breadcrumb\",\"itemListElement\":[{\"@type\":\"ListItem\",\"position\":1,\"name\":\"Home\",\"item\":\"https:\\\/\\\/www.fireware.nl\\\/de\\\/\"},{\"@type\":\"ListItem\",\"position\":2,\"name\":\"Produkte\",\"item\":\"https:\\\/\\\/www.fireware.nl\\\/de\\\/produkte\\\/\"},{\"@type\":\"ListItem\",\"position\":3,\"name\":\"Ruth Lee Water Rescue MOB Manikin\"}]},{\"@type\":\"WebSite\",\"@id\":\"https:\\\/\\\/www.fireware.nl\\\/de\\\/#website\",\"url\":\"https:\\\/\\\/www.fireware.nl\\\/de\\\/\",\"name\":\"FireWare\",\"description\":\"CREATING REALISTIC  TRAINING ENVIRONMENTS\",\"publisher\":{\"@id\":\"https:\\\/\\\/www.fireware.nl\\\/de\\\/#organization\"},\"potentialAction\":[{\"@type\":\"SearchAction\",\"target\":{\"@type\":\"EntryPoint\",\"urlTemplate\":\"https:\\\/\\\/www.fireware.nl\\\/de\\\/?s={search_term_string}\"},\"query-input\":{\"@type\":\"PropertyValueSpecification\",\"valueRequired\":true,\"valueName\":\"search_term_string\"}}],\"inLanguage\":\"de\"},{\"@type\":\"Organization\",\"@id\":\"https:\\\/\\\/www.fireware.nl\\\/de\\\/#organization\",\"name\":\"FireWare\",\"url\":\"https:\\\/\\\/www.fireware.nl\\\/de\\\/\",\"logo\":{\"@type\":\"ImageObject\",\"inLanguage\":\"de\",\"@id\":\"https:\\\/\\\/www.fireware.nl\\\/de\\\/#\\\/schema\\\/logo\\\/image\\\/\",\"url\":\"https:\\\/\\\/www.fireware.nl\\\/wp-content\\\/uploads\\\/2018\\\/10\\\/fireware-logo.png\",\"contentUrl\":\"https:\\\/\\\/www.fireware.nl\\\/wp-content\\\/uploads\\\/2018\\\/10\\\/fireware-logo.png\",\"width\":200,\"height\":86,\"caption\":\"FireWare\"},\"image\":{\"@id\":\"https:\\\/\\\/www.fireware.nl\\\/de\\\/#\\\/schema\\\/logo\\\/image\\\/\"},\"sameAs\":[\"https:\\\/\\\/www.facebook.com\\\/FireWareBV\\\/\",\"https:\\\/\\\/x.com\\\/FireWarebv\",\"https:\\\/\\\/www.instagram.com\\\/fireware_nl\\\/\",\"https:\\\/\\\/www.linkedin.com\\\/company\\\/3586017\\\/\",\"https:\\\/\\\/www.youtube.com\\\/user\\\/firesalesrentconsult\"]}]}<\/script>\n<!-- \/ Yoast SEO plugin. -->","yoast_head_json":{"title":"Ruth Lee Water Rescue MOB Manikin - FireWare","robots":{"index":"index","follow":"follow","max-snippet":"max-snippet:-1","max-image-preview":"max-image-preview:large","max-video-preview":"max-video-preview:-1"},"canonical":"https:\/\/www.fireware.nl\/de\/product\/water-rescue-mob-manikin\/","og_locale":"de_DE","og_type":"article","og_title":"Ruth Lee Water Rescue MOB Manikin - FireWare","og_description":"Die \u00dcbungspuppe simuliert ein (bewusstloses) Opfer im Wasser. Geeignet f\u00fcr Rettungsgriffe. Die \u00dcbungspuppe treibt in einem Winkel von 45 Grad. Kann durch Verschieben von Schaum auch horizontal treiben. Mit SOLAS reflektierenden Streifen am Kopf ausgestattet. Geeignet f\u00fcr Gew\u00e4sser mit sehr starken Str\u00f6mungen.","og_url":"https:\/\/www.fireware.nl\/de\/product\/water-rescue-mob-manikin\/","og_site_name":"FireWare","article_publisher":"https:\/\/www.facebook.com\/FireWareBV\/","article_modified_time":"2025-05-21T14:16:15+00:00","og_image":[{"width":600,"height":600,"url":"https:\/\/www.fireware.nl\/wp-content\/uploads\/2019\/01\/Ruth-Lee-Water-rescue-MOB-oefenpop.jpg","type":"image\/jpeg"}],"twitter_card":"summary_large_image","twitter_site":"@FireWarebv","twitter_misc":{"Gesch\u00e4tzte Lesezeit":"2\u00a0Minuten"},"schema":{"@context":"https:\/\/schema.org","@graph":[{"@type":"WebPage","@id":"https:\/\/www.fireware.nl\/de\/product\/water-rescue-mob-manikin\/","url":"https:\/\/www.fireware.nl\/de\/product\/water-rescue-mob-manikin\/","name":"Ruth Lee Water Rescue MOB Manikin - FireWare","isPartOf":{"@id":"https:\/\/www.fireware.nl\/de\/#website"},"primaryImageOfPage":{"@id":"https:\/\/www.fireware.nl\/de\/product\/water-rescue-mob-manikin\/#primaryimage"},"image":{"@id":"https:\/\/www.fireware.nl\/de\/product\/water-rescue-mob-manikin\/#primaryimage"},"thumbnailUrl":"https:\/\/www.fireware.nl\/wp-content\/uploads\/2019\/01\/Ruth-Lee-Water-rescue-MOB-oefenpop.jpg","datePublished":"2019-01-23T12:16:00+00:00","dateModified":"2025-05-21T14:16:15+00:00","breadcrumb":{"@id":"https:\/\/www.fireware.nl\/de\/product\/water-rescue-mob-manikin\/#breadcrumb"},"inLanguage":"de","potentialAction":[{"@type":"ReadAction","target":["https:\/\/www.fireware.nl\/de\/product\/water-rescue-mob-manikin\/"]}]},{"@type":"ImageObject","inLanguage":"de","@id":"https:\/\/www.fireware.nl\/de\/product\/water-rescue-mob-manikin\/#primaryimage","url":"https:\/\/www.fireware.nl\/wp-content\/uploads\/2019\/01\/Ruth-Lee-Water-rescue-MOB-oefenpop.jpg","contentUrl":"https:\/\/www.fireware.nl\/wp-content\/uploads\/2019\/01\/Ruth-Lee-Water-rescue-MOB-oefenpop.jpg","width":600,"height":600},{"@type":"BreadcrumbList","@id":"https:\/\/www.fireware.nl\/de\/product\/water-rescue-mob-manikin\/#breadcrumb","itemListElement":[{"@type":"ListItem","position":1,"name":"Home","item":"https:\/\/www.fireware.nl\/de\/"},{"@type":"ListItem","position":2,"name":"Produkte","item":"https:\/\/www.fireware.nl\/de\/produkte\/"},{"@type":"ListItem","position":3,"name":"Ruth Lee Water Rescue MOB Manikin"}]},{"@type":"WebSite","@id":"https:\/\/www.fireware.nl\/de\/#website","url":"https:\/\/www.fireware.nl\/de\/","name":"FireWare","description":"CREATING REALISTIC  TRAINING ENVIRONMENTS","publisher":{"@id":"https:\/\/www.fireware.nl\/de\/#organization"},"potentialAction":[{"@type":"SearchAction","target":{"@type":"EntryPoint","urlTemplate":"https:\/\/www.fireware.nl\/de\/?s={search_term_string}"},"query-input":{"@type":"PropertyValueSpecification","valueRequired":true,"valueName":"search_term_string"}}],"inLanguage":"de"},{"@type":"Organization","@id":"https:\/\/www.fireware.nl\/de\/#organization","name":"FireWare","url":"https:\/\/www.fireware.nl\/de\/","logo":{"@type":"ImageObject","inLanguage":"de","@id":"https:\/\/www.fireware.nl\/de\/#\/schema\/logo\/image\/","url":"https:\/\/www.fireware.nl\/wp-content\/uploads\/2018\/10\/fireware-logo.png","contentUrl":"https:\/\/www.fireware.nl\/wp-content\/uploads\/2018\/10\/fireware-logo.png","width":200,"height":86,"caption":"FireWare"},"image":{"@id":"https:\/\/www.fireware.nl\/de\/#\/schema\/logo\/image\/"},"sameAs":["https:\/\/www.facebook.com\/FireWareBV\/","https:\/\/x.com\/FireWarebv","https:\/\/www.instagram.com\/fireware_nl\/","https:\/\/www.linkedin.com\/company\/3586017\/","https:\/\/www.youtube.com\/user\/firesalesrentconsult"]}]}},"publishpress_future_workflow_manual_trigger":{"enabledWorkflows":[]},"_links":{"self":[{"href":"https:\/\/www.fireware.nl\/de\/wp-json\/wp\/v2\/product\/19486","targetHints":{"allow":["GET"]}}],"collection":[{"href":"https:\/\/www.fireware.nl\/de\/wp-json\/wp\/v2\/product"}],"about":[{"href":"https:\/\/www.fireware.nl\/de\/wp-json\/wp\/v2\/types\/product"}],"wp:featuredmedia":[{"embeddable":true,"href":"https:\/\/www.fireware.nl\/de\/wp-json\/wp\/v2\/media\/105587"}],"wp:attachment":[{"href":"https:\/\/www.fireware.nl\/de\/wp-json\/wp\/v2\/media?parent=19486"}],"wp:term":[{"taxonomy":"product_brand","embeddable":true,"href":"https:\/\/www.fireware.nl\/de\/wp-json\/wp\/v2\/product_brand?post=19486"},{"taxonomy":"product_cat","embeddable":true,"href":"https:\/\/www.fireware.nl\/de\/wp-json\/wp\/v2\/product_cat?post=19486"},{"taxonomy":"product_tag","embeddable":true,"href":"https:\/\/www.fireware.nl\/de\/wp-json\/wp\/v2\/product_tag?post=19486"}],"curies":[{"name":"wp","href":"https:\/\/api.w.org\/{rel}","templated":true}]}}