
{"id":19471,"date":"2019-01-23T12:19:18","date_gmt":"2019-01-23T12:19:18","guid":{"rendered":"http:\/\/fireware.sites.hyperhosting.co\/?post_type=product&#038;p=19471"},"modified":"2025-05-21T12:55:42","modified_gmt":"2025-05-21T12:55:42","slug":"offshore-manikin-60kg-180cm","status":"publish","type":"product","link":"https:\/\/www.fireware.nl\/de\/product\/offshore-manikin-60kg-180cm\/","title":{"rendered":"Ruth Lee Offshore Manikin 60kg\/180cm"},"content":{"rendered":"<h2>Ruth Lee Trainingspuppen<\/h2>\n<p>Ruth Lee Trainingspuppen sind f\u00fcr ein realistisches und effektives Training konzipiert. Diese Puppen sind bekannt f\u00fcr ihre Langlebigkeit und Vielseitigkeit und eignen sich ideal f\u00fcr die Ausbildung von Feuerwehrleuten, Betriebssanit\u00e4tern, Rettungsdiensten und anderen Einsatzkr\u00e4ften. Mit Ruth Lee Trainingspuppen k\u00f6nnen realistische Szenarien simuliert werden, wodurch Rettungskr\u00e4fte besser auf echte Notf\u00e4lle vorbereitet sind. Das Sortiment umfasst Puppen f\u00fcr verschiedene Trainingszwecke in unterschiedlichen Gr\u00f6\u00dfen und Gewichten.<\/p>\n<h2>Speziell entwickelt f\u00fcr Rettungs\u00fcbungen in der Schifffahrt<\/h2>\n<p>Die Offshore-Trainingspuppe wurde speziell f\u00fcr Rettungs\u00fcbungen in der Schifffahrt entwickelt. Sie eignet sich besonders f\u00fcr Szenarien auf Bohrplattformen, Offshore-Windparks oder zur Simulation von Unf\u00e4llen beim Transport von Passagieren mit Hubschraubern oder Booten. Die Offshore-Trainingspuppe ist eine \u00e4u\u00dferst vielseitige Hybridpuppe, die f\u00fcr Schlepp\u00fcbungen, H\u00f6henrettung und sogar eingeschr\u00e4nkt in offenem Wasser verwendet werden kann.<\/p>\n<p>Der K\u00f6rper besteht aus Nylon-Mesh-Gewebe, wodurch die Puppe auch im Wasser eingesetzt werden kann. Lediglich der Kopf bleibt \u00fcber Wasser. Es wird empfohlen, der Puppe eine Rettungsweste anzulegen, da die &#8220;Man Overboard&#8221;-Puppen in offenem Wasser einen h\u00f6heren Auftrieb haben als dieses Modell. Das Trockengewicht betr\u00e4gt etwa 60 kg und kann sich auf ca. 95 kg erh\u00f6hen, wenn die Puppe mit Wasser vollgesogen ist.<\/p>\n<p>Die Offshore-Trainingspuppe ist realistisch zu handhaben und f\u00fcr H\u00f6henrettungen mit einem Gurt geeignet. Sie tr\u00e4gt einen strapazierf\u00e4higen und austauschbaren Overall. Die Trainingspuppen sind mit robusten Gummistiefeln ausgestattet, die bei Besch\u00e4digung separat ersetzt werden k\u00f6nnen. Die Offshore-Trainingspuppe hat ein realistisches Verh\u00e4ltnis von Gr\u00f6\u00dfe zu Gewicht.<\/p>\n","protected":false},"excerpt":{"rendered":"<ul>\n<li>Extrem robust<\/li>\n<li>Realistische Verh\u00e4ltnis zwischen Gewicht und K\u00f6rpergr\u00f6\u00dfe.<\/li>\n<li>3Haben kr\u00e4ftigen Gummistiefeln ausgestattet.<\/li>\n<li>Sehr realistisch zu handhaben, das gibt das Gef\u00fchl einer ohnm\u00e4chtigen Person.<\/li>\n<\/ul>\n","protected":false},"featured_media":60574,"template":"","meta":[],"product_brand":[],"product_cat":[210,114],"product_tag":[],"class_list":{"0":"post-19471","1":"product","2":"type-product","3":"status-publish","4":"has-post-thumbnail","6":"product_cat-uebungspuppen-technische-hilfeleistung","7":"product_cat-wasserrettung-puppe","8":"pa_gewicht-lengte-60-kg-180-cm-de","10":"first","11":"instock","12":"taxable","13":"shipping-taxable","14":"purchasable","15":"product-type-simple"},"yoast_head":"<!-- This site is optimized with the Yoast SEO plugin v27.4 - https:\/\/yoast.com\/product\/yoast-seo-wordpress\/ -->\n<title>Ruth Lee Offshore Manikin 60kg\/180cm - FireWare<\/title>\n<meta name=\"robots\" content=\"index, follow, max-snippet:-1, max-image-preview:large, max-video-preview:-1\" \/>\n<link rel=\"canonical\" href=\"https:\/\/www.fireware.nl\/de\/product\/offshore-manikin-60kg-180cm\/\" \/>\n<meta property=\"og:locale\" content=\"de_DE\" \/>\n<meta property=\"og:type\" content=\"article\" \/>\n<meta property=\"og:title\" content=\"Ruth Lee Offshore Manikin 60kg\/180cm - FireWare\" \/>\n<meta property=\"og:description\" content=\"Extrem robust  Realistische Verh\u00e4ltnis zwischen Gewicht und K\u00f6rpergr\u00f6\u00dfe.  3Haben kr\u00e4ftigen Gummistiefeln ausgestattet.  Sehr realistisch zu handhaben, das gibt das Gef\u00fchl einer ohnm\u00e4chtigen Person.\" \/>\n<meta property=\"og:url\" content=\"https:\/\/www.fireware.nl\/de\/product\/offshore-manikin-60kg-180cm\/\" \/>\n<meta property=\"og:site_name\" content=\"FireWare\" \/>\n<meta property=\"article:publisher\" content=\"https:\/\/www.facebook.com\/FireWareBV\/\" \/>\n<meta property=\"article:modified_time\" content=\"2025-05-21T12:55:42+00:00\" \/>\n<meta property=\"og:image\" content=\"https:\/\/www.fireware.nl\/wp-content\/uploads\/2019\/01\/017-043-061-Offshore-manikin-1.jpg\" \/>\n\t<meta property=\"og:image:width\" content=\"600\" \/>\n\t<meta property=\"og:image:height\" content=\"600\" \/>\n\t<meta property=\"og:image:type\" content=\"image\/jpeg\" \/>\n<meta name=\"twitter:card\" content=\"summary_large_image\" \/>\n<meta name=\"twitter:site\" content=\"@FireWarebv\" \/>\n<meta name=\"twitter:label1\" content=\"Gesch\u00e4tzte Lesezeit\" \/>\n\t<meta name=\"twitter:data1\" content=\"2\u00a0Minuten\" \/>\n<script type=\"application\/ld+json\" class=\"yoast-schema-graph\">{\"@context\":\"https:\\\/\\\/schema.org\",\"@graph\":[{\"@type\":\"WebPage\",\"@id\":\"https:\\\/\\\/www.fireware.nl\\\/de\\\/product\\\/offshore-manikin-60kg-180cm\\\/\",\"url\":\"https:\\\/\\\/www.fireware.nl\\\/de\\\/product\\\/offshore-manikin-60kg-180cm\\\/\",\"name\":\"Ruth Lee Offshore Manikin 60kg\\\/180cm - FireWare\",\"isPartOf\":{\"@id\":\"https:\\\/\\\/www.fireware.nl\\\/de\\\/#website\"},\"primaryImageOfPage\":{\"@id\":\"https:\\\/\\\/www.fireware.nl\\\/de\\\/product\\\/offshore-manikin-60kg-180cm\\\/#primaryimage\"},\"image\":{\"@id\":\"https:\\\/\\\/www.fireware.nl\\\/de\\\/product\\\/offshore-manikin-60kg-180cm\\\/#primaryimage\"},\"thumbnailUrl\":\"https:\\\/\\\/www.fireware.nl\\\/wp-content\\\/uploads\\\/2019\\\/01\\\/017-043-061-Offshore-manikin-1.jpg\",\"datePublished\":\"2019-01-23T12:19:18+00:00\",\"dateModified\":\"2025-05-21T12:55:42+00:00\",\"breadcrumb\":{\"@id\":\"https:\\\/\\\/www.fireware.nl\\\/de\\\/product\\\/offshore-manikin-60kg-180cm\\\/#breadcrumb\"},\"inLanguage\":\"de\",\"potentialAction\":[{\"@type\":\"ReadAction\",\"target\":[\"https:\\\/\\\/www.fireware.nl\\\/de\\\/product\\\/offshore-manikin-60kg-180cm\\\/\"]}]},{\"@type\":\"ImageObject\",\"inLanguage\":\"de\",\"@id\":\"https:\\\/\\\/www.fireware.nl\\\/de\\\/product\\\/offshore-manikin-60kg-180cm\\\/#primaryimage\",\"url\":\"https:\\\/\\\/www.fireware.nl\\\/wp-content\\\/uploads\\\/2019\\\/01\\\/017-043-061-Offshore-manikin-1.jpg\",\"contentUrl\":\"https:\\\/\\\/www.fireware.nl\\\/wp-content\\\/uploads\\\/2019\\\/01\\\/017-043-061-Offshore-manikin-1.jpg\",\"width\":600,\"height\":600},{\"@type\":\"BreadcrumbList\",\"@id\":\"https:\\\/\\\/www.fireware.nl\\\/de\\\/product\\\/offshore-manikin-60kg-180cm\\\/#breadcrumb\",\"itemListElement\":[{\"@type\":\"ListItem\",\"position\":1,\"name\":\"Home\",\"item\":\"https:\\\/\\\/www.fireware.nl\\\/de\\\/\"},{\"@type\":\"ListItem\",\"position\":2,\"name\":\"Produkte\",\"item\":\"https:\\\/\\\/www.fireware.nl\\\/de\\\/produkte\\\/\"},{\"@type\":\"ListItem\",\"position\":3,\"name\":\"Ruth Lee Offshore Manikin 60kg\\\/180cm\"}]},{\"@type\":\"WebSite\",\"@id\":\"https:\\\/\\\/www.fireware.nl\\\/de\\\/#website\",\"url\":\"https:\\\/\\\/www.fireware.nl\\\/de\\\/\",\"name\":\"FireWare\",\"description\":\"CREATING REALISTIC  TRAINING ENVIRONMENTS\",\"publisher\":{\"@id\":\"https:\\\/\\\/www.fireware.nl\\\/de\\\/#organization\"},\"potentialAction\":[{\"@type\":\"SearchAction\",\"target\":{\"@type\":\"EntryPoint\",\"urlTemplate\":\"https:\\\/\\\/www.fireware.nl\\\/de\\\/?s={search_term_string}\"},\"query-input\":{\"@type\":\"PropertyValueSpecification\",\"valueRequired\":true,\"valueName\":\"search_term_string\"}}],\"inLanguage\":\"de\"},{\"@type\":\"Organization\",\"@id\":\"https:\\\/\\\/www.fireware.nl\\\/de\\\/#organization\",\"name\":\"FireWare\",\"url\":\"https:\\\/\\\/www.fireware.nl\\\/de\\\/\",\"logo\":{\"@type\":\"ImageObject\",\"inLanguage\":\"de\",\"@id\":\"https:\\\/\\\/www.fireware.nl\\\/de\\\/#\\\/schema\\\/logo\\\/image\\\/\",\"url\":\"https:\\\/\\\/www.fireware.nl\\\/wp-content\\\/uploads\\\/2018\\\/10\\\/fireware-logo.png\",\"contentUrl\":\"https:\\\/\\\/www.fireware.nl\\\/wp-content\\\/uploads\\\/2018\\\/10\\\/fireware-logo.png\",\"width\":200,\"height\":86,\"caption\":\"FireWare\"},\"image\":{\"@id\":\"https:\\\/\\\/www.fireware.nl\\\/de\\\/#\\\/schema\\\/logo\\\/image\\\/\"},\"sameAs\":[\"https:\\\/\\\/www.facebook.com\\\/FireWareBV\\\/\",\"https:\\\/\\\/x.com\\\/FireWarebv\",\"https:\\\/\\\/www.instagram.com\\\/fireware_nl\\\/\",\"https:\\\/\\\/www.linkedin.com\\\/company\\\/3586017\\\/\",\"https:\\\/\\\/www.youtube.com\\\/user\\\/firesalesrentconsult\"]}]}<\/script>\n<!-- \/ Yoast SEO plugin. -->","yoast_head_json":{"title":"Ruth Lee Offshore Manikin 60kg\/180cm - FireWare","robots":{"index":"index","follow":"follow","max-snippet":"max-snippet:-1","max-image-preview":"max-image-preview:large","max-video-preview":"max-video-preview:-1"},"canonical":"https:\/\/www.fireware.nl\/de\/product\/offshore-manikin-60kg-180cm\/","og_locale":"de_DE","og_type":"article","og_title":"Ruth Lee Offshore Manikin 60kg\/180cm - FireWare","og_description":"Extrem robust  Realistische Verh\u00e4ltnis zwischen Gewicht und K\u00f6rpergr\u00f6\u00dfe.  3Haben kr\u00e4ftigen Gummistiefeln ausgestattet.  Sehr realistisch zu handhaben, das gibt das Gef\u00fchl einer ohnm\u00e4chtigen Person.","og_url":"https:\/\/www.fireware.nl\/de\/product\/offshore-manikin-60kg-180cm\/","og_site_name":"FireWare","article_publisher":"https:\/\/www.facebook.com\/FireWareBV\/","article_modified_time":"2025-05-21T12:55:42+00:00","og_image":[{"width":600,"height":600,"url":"https:\/\/www.fireware.nl\/wp-content\/uploads\/2019\/01\/017-043-061-Offshore-manikin-1.jpg","type":"image\/jpeg"}],"twitter_card":"summary_large_image","twitter_site":"@FireWarebv","twitter_misc":{"Gesch\u00e4tzte Lesezeit":"2\u00a0Minuten"},"schema":{"@context":"https:\/\/schema.org","@graph":[{"@type":"WebPage","@id":"https:\/\/www.fireware.nl\/de\/product\/offshore-manikin-60kg-180cm\/","url":"https:\/\/www.fireware.nl\/de\/product\/offshore-manikin-60kg-180cm\/","name":"Ruth Lee Offshore Manikin 60kg\/180cm - FireWare","isPartOf":{"@id":"https:\/\/www.fireware.nl\/de\/#website"},"primaryImageOfPage":{"@id":"https:\/\/www.fireware.nl\/de\/product\/offshore-manikin-60kg-180cm\/#primaryimage"},"image":{"@id":"https:\/\/www.fireware.nl\/de\/product\/offshore-manikin-60kg-180cm\/#primaryimage"},"thumbnailUrl":"https:\/\/www.fireware.nl\/wp-content\/uploads\/2019\/01\/017-043-061-Offshore-manikin-1.jpg","datePublished":"2019-01-23T12:19:18+00:00","dateModified":"2025-05-21T12:55:42+00:00","breadcrumb":{"@id":"https:\/\/www.fireware.nl\/de\/product\/offshore-manikin-60kg-180cm\/#breadcrumb"},"inLanguage":"de","potentialAction":[{"@type":"ReadAction","target":["https:\/\/www.fireware.nl\/de\/product\/offshore-manikin-60kg-180cm\/"]}]},{"@type":"ImageObject","inLanguage":"de","@id":"https:\/\/www.fireware.nl\/de\/product\/offshore-manikin-60kg-180cm\/#primaryimage","url":"https:\/\/www.fireware.nl\/wp-content\/uploads\/2019\/01\/017-043-061-Offshore-manikin-1.jpg","contentUrl":"https:\/\/www.fireware.nl\/wp-content\/uploads\/2019\/01\/017-043-061-Offshore-manikin-1.jpg","width":600,"height":600},{"@type":"BreadcrumbList","@id":"https:\/\/www.fireware.nl\/de\/product\/offshore-manikin-60kg-180cm\/#breadcrumb","itemListElement":[{"@type":"ListItem","position":1,"name":"Home","item":"https:\/\/www.fireware.nl\/de\/"},{"@type":"ListItem","position":2,"name":"Produkte","item":"https:\/\/www.fireware.nl\/de\/produkte\/"},{"@type":"ListItem","position":3,"name":"Ruth Lee Offshore Manikin 60kg\/180cm"}]},{"@type":"WebSite","@id":"https:\/\/www.fireware.nl\/de\/#website","url":"https:\/\/www.fireware.nl\/de\/","name":"FireWare","description":"CREATING REALISTIC  TRAINING ENVIRONMENTS","publisher":{"@id":"https:\/\/www.fireware.nl\/de\/#organization"},"potentialAction":[{"@type":"SearchAction","target":{"@type":"EntryPoint","urlTemplate":"https:\/\/www.fireware.nl\/de\/?s={search_term_string}"},"query-input":{"@type":"PropertyValueSpecification","valueRequired":true,"valueName":"search_term_string"}}],"inLanguage":"de"},{"@type":"Organization","@id":"https:\/\/www.fireware.nl\/de\/#organization","name":"FireWare","url":"https:\/\/www.fireware.nl\/de\/","logo":{"@type":"ImageObject","inLanguage":"de","@id":"https:\/\/www.fireware.nl\/de\/#\/schema\/logo\/image\/","url":"https:\/\/www.fireware.nl\/wp-content\/uploads\/2018\/10\/fireware-logo.png","contentUrl":"https:\/\/www.fireware.nl\/wp-content\/uploads\/2018\/10\/fireware-logo.png","width":200,"height":86,"caption":"FireWare"},"image":{"@id":"https:\/\/www.fireware.nl\/de\/#\/schema\/logo\/image\/"},"sameAs":["https:\/\/www.facebook.com\/FireWareBV\/","https:\/\/x.com\/FireWarebv","https:\/\/www.instagram.com\/fireware_nl\/","https:\/\/www.linkedin.com\/company\/3586017\/","https:\/\/www.youtube.com\/user\/firesalesrentconsult"]}]}},"publishpress_future_workflow_manual_trigger":{"enabledWorkflows":[]},"_links":{"self":[{"href":"https:\/\/www.fireware.nl\/de\/wp-json\/wp\/v2\/product\/19471","targetHints":{"allow":["GET"]}}],"collection":[{"href":"https:\/\/www.fireware.nl\/de\/wp-json\/wp\/v2\/product"}],"about":[{"href":"https:\/\/www.fireware.nl\/de\/wp-json\/wp\/v2\/types\/product"}],"wp:featuredmedia":[{"embeddable":true,"href":"https:\/\/www.fireware.nl\/de\/wp-json\/wp\/v2\/media\/60574"}],"wp:attachment":[{"href":"https:\/\/www.fireware.nl\/de\/wp-json\/wp\/v2\/media?parent=19471"}],"wp:term":[{"taxonomy":"product_brand","embeddable":true,"href":"https:\/\/www.fireware.nl\/de\/wp-json\/wp\/v2\/product_brand?post=19471"},{"taxonomy":"product_cat","embeddable":true,"href":"https:\/\/www.fireware.nl\/de\/wp-json\/wp\/v2\/product_cat?post=19471"},{"taxonomy":"product_tag","embeddable":true,"href":"https:\/\/www.fireware.nl\/de\/wp-json\/wp\/v2\/product_tag?post=19471"}],"curies":[{"name":"wp","href":"https:\/\/api.w.org\/{rel}","templated":true}]}}