
{"id":19396,"date":"2019-01-23T12:15:51","date_gmt":"2019-01-23T12:15:51","guid":{"rendered":"http:\/\/fireware.sites.hyperhosting.co\/?post_type=product&#038;p=19396"},"modified":"2024-12-11T14:45:11","modified_gmt":"2024-12-11T14:45:11","slug":"multitrauma-manikin","status":"publish","type":"product","link":"https:\/\/www.fireware.nl\/de\/product\/multitrauma-manikin\/","title":{"rendered":"Ruth Lee Multitrauma Manikin"},"content":{"rendered":"<h2>Ruth Lee \u00dcbungspuppen<\/h2>\n<p>Die Ruth Lee \u00dcbungspuppen wurden f\u00fcr realistisches und effektives Training entwickelt. Diese Puppen sind bekannt f\u00fcr ihre Langlebigkeit und Vielseitigkeit und eignen sich hervorragend f\u00fcr das Training von Feuerwehr, Betriebliches Gesundheitsmanagement (BHV), Rettungsdiensten und anderen Notfalldiensten. Mit den Ruth Lee \u00dcbungspuppen k\u00f6nnen Sie realistische Szenarien simulieren, sodass Rettungskr\u00e4fte besser auf echte Notf\u00e4lle vorbereitet werden. Die Produktreihe umfasst Puppen f\u00fcr verschiedene Trainingsarten, in verschiedenen Gr\u00f6\u00dfen und Gewichten.<\/p>\n<h2>Simulieren von verschiedenen Arten von Verletzungen und \u00dcben technischer Hilfeleistung<\/h2>\n<p>Die Multitrauma-Puppe wurde speziell entwickelt, um technische Hilfeleistungen zu \u00fcben. Mit dieser Puppe k\u00f6nnen verschiedene Arten von Verletzungen simuliert werden, wie zum Beispiel eine Einklemmung, die zu einer vollst\u00e4ndigen oder teilweisen Amputation des Arms und\/oder Beins f\u00fchrt.<\/p>\n<p>Sie k\u00f6nnen die Brust der Puppe beispielsweise mit einem Stahlrohr durchbohren. Die Puppe hat daf\u00fcr ein Loch mit einem Durchmesser von 7 cm. Au\u00dferdem ist sie so konzipiert, dass der Ausbilder einen Halskragen anlegen kann. Auch der rechte Arm und das rechte Unterschenkel k\u00f6nnen vollst\u00e4ndig oder teilweise amputiert werden, indem die Befestigungspunkte gel\u00f6st werden.<\/p>\n<p>Die Multi-Trauma-\u00dcbungspuppe ist sehr gut geeignet f\u00fcr Trainingsszenarien wie Autounf\u00e4lle oder Sportverletzungen. Sie ist stark genug, um unter Beton- oder Stahltr\u00e4gern begraben zu werden, ohne Schaden zu nehmen (Achten Sie auf die Plastikh\u00fclse in der Brust.) \u2013 diese \u00dcbungspuppen sind \u00e4u\u00dferst robust! Die Puppe wird mit einem Overall und Stiefeln geliefert, was praktisch ist, da kleinere Sch\u00e4den einfach durch den Austausch des Overalls behoben werden k\u00f6nnen. Die Puppe tr\u00e4gt einen Overall und Stiefel. Der Vorteil dieser Ausstattung ist, dass bei leichten Sch\u00e4den nur der Overall ersetzt werden muss.<\/p>\n","protected":false},"excerpt":{"rendered":"<ul>\n<li>Abnehmbare Arme und Unterschenkel: Erm\u00f6glicht die Simulation von Amputationsszenarien.<\/li>\n<li>Polycarbonat-H\u00fclle: Erm\u00f6glicht das Einf\u00fchren von Objekten wie einem Baurohr, um Verletzungen zu simulieren.<\/li>\n<li>Realistische Gewichtsverteilung: Vermittelt das Gef\u00fchl eines bewusstlosen Opfers.<\/li>\n<li>Starker Griff: Erm\u00f6glicht einfache Handhabung, Heben, Aufbewahrung und das Aufh\u00e4ngen zum Trocknen.<\/li>\n<li>Stark genug, um unter Beton- oder Stahlst\u00fcrzen verlegt zu werden, ohne besch\u00e4digt zu werden (Achten Sie auf die Plastikh\u00fclse in der Brust).<\/li>\n<li>Wasserabweisendes und flammhemmendes Material: Eignet sich f\u00fcr nasse oder schmutzige Szenarien.<\/li>\n<li>Weiche Gelenke: Verhindern das Risiko von Einklemmen oder blauen Flecken, die h\u00e4ufig bei der Verwendung von \u00dcbungspuppen mit Plastikgeh\u00e4usen auftreten.<\/li>\n<li>Kompatibel mit einem Halskragen: Die Erwachsenen-Puppen erm\u00f6glichen das Anlegen eines Halskragens, um die richtige Pflege des Opfers w\u00e4hrend des Trainings zu gew\u00e4hrleisten.<\/li>\n<li>Vollst\u00e4ndig geliefert mit Stiefeln und Overall: Komplett ausgestattet mit Stiefeln und einem Overall, die bei Abnutzung nachbestellt werden k\u00f6nnen, um die Lebensdauer der \u00dcbungspuppe zu verl\u00e4ngern.<\/li>\n<\/ul>\n","protected":false},"featured_media":105528,"template":"","meta":[],"product_brand":[],"product_cat":[111,210],"product_tag":[],"class_list":{"0":"post-19396","1":"product","2":"type-product","3":"status-publish","4":"has-post-thumbnail","6":"product_cat-uebungspuppe","7":"product_cat-uebungspuppen-technische-hilfeleistung","9":"first","10":"instock","11":"taxable","12":"shipping-taxable","13":"purchasable","14":"product-type-variable"},"yoast_head":"<!-- This site is optimized with the Yoast SEO plugin v27.4 - https:\/\/yoast.com\/product\/yoast-seo-wordpress\/ -->\n<title>Ruth Lee Multitrauma Manikin - FireWare<\/title>\n<meta name=\"robots\" content=\"index, follow, max-snippet:-1, max-image-preview:large, max-video-preview:-1\" \/>\n<link rel=\"canonical\" href=\"https:\/\/www.fireware.nl\/de\/product\/multitrauma-manikin\/\" \/>\n<meta property=\"og:locale\" content=\"de_DE\" \/>\n<meta property=\"og:type\" content=\"article\" \/>\n<meta property=\"og:title\" content=\"Ruth Lee Multitrauma Manikin - FireWare\" \/>\n<meta property=\"og:description\" content=\"Abnehmbare Arme und Unterschenkel: Erm\u00f6glicht die Simulation von Amputationsszenarien.  Polycarbonat-H\u00fclle: Erm\u00f6glicht das Einf\u00fchren von Objekten wie einem Baurohr, um Verletzungen zu simulieren.  Realistische Gewichtsverteilung: Vermittelt das Gef\u00fchl eines bewusstlosen Opfers.  Starker Griff: Erm\u00f6glicht einfache Handhabung, Heben, Aufbewahrung und das Aufh\u00e4ngen zum Trocknen.  Stark genug, um unter Beton- oder Stahlst\u00fcrzen verlegt zu werden, ohne besch\u00e4digt zu werden (Achten Sie auf die Plastikh\u00fclse in der Brust).  Wasserabweisendes und flammhemmendes Material: Eignet sich f\u00fcr nasse oder schmutzige Szenarien.  Weiche Gelenke: Verhindern das Risiko von Einklemmen oder blauen Flecken, die h\u00e4ufig bei der Verwendung von \u00dcbungspuppen mit Plastikgeh\u00e4usen auftreten.  Kompatibel mit einem Halskragen: Die Erwachsenen-Puppen erm\u00f6glichen das Anlegen eines Halskragens, um die richtige Pflege des Opfers w\u00e4hrend des Trainings zu gew\u00e4hrleisten.  Vollst\u00e4ndig geliefert mit Stiefeln und Overall: Komplett ausgestattet mit Stiefeln und einem Overall, die bei Abnutzung nachbestellt werden k\u00f6nnen, um die Lebensdauer der \u00dcbungspuppe zu verl\u00e4ngern.\" \/>\n<meta property=\"og:url\" content=\"https:\/\/www.fireware.nl\/de\/product\/multitrauma-manikin\/\" \/>\n<meta property=\"og:site_name\" content=\"FireWare\" \/>\n<meta property=\"article:publisher\" content=\"https:\/\/www.facebook.com\/FireWareBV\/\" \/>\n<meta property=\"article:modified_time\" content=\"2024-12-11T14:45:11+00:00\" \/>\n<meta property=\"og:image\" content=\"https:\/\/www.fireware.nl\/wp-content\/uploads\/2019\/01\/017-043-018-Multi-Trauma_30kg-180cm_met-Paal-1.jpg\" \/>\n\t<meta property=\"og:image:width\" content=\"600\" \/>\n\t<meta property=\"og:image:height\" content=\"600\" \/>\n\t<meta property=\"og:image:type\" content=\"image\/jpeg\" \/>\n<meta name=\"twitter:card\" content=\"summary_large_image\" \/>\n<meta name=\"twitter:site\" content=\"@FireWarebv\" \/>\n<meta name=\"twitter:label1\" content=\"Gesch\u00e4tzte Lesezeit\" \/>\n\t<meta name=\"twitter:data1\" content=\"2\u00a0Minuten\" \/>\n<script type=\"application\/ld+json\" class=\"yoast-schema-graph\">{\"@context\":\"https:\\\/\\\/schema.org\",\"@graph\":[{\"@type\":\"WebPage\",\"@id\":\"https:\\\/\\\/www.fireware.nl\\\/de\\\/product\\\/multitrauma-manikin\\\/\",\"url\":\"https:\\\/\\\/www.fireware.nl\\\/de\\\/product\\\/multitrauma-manikin\\\/\",\"name\":\"Ruth Lee Multitrauma Manikin - FireWare\",\"isPartOf\":{\"@id\":\"https:\\\/\\\/www.fireware.nl\\\/de\\\/#website\"},\"primaryImageOfPage\":{\"@id\":\"https:\\\/\\\/www.fireware.nl\\\/de\\\/product\\\/multitrauma-manikin\\\/#primaryimage\"},\"image\":{\"@id\":\"https:\\\/\\\/www.fireware.nl\\\/de\\\/product\\\/multitrauma-manikin\\\/#primaryimage\"},\"thumbnailUrl\":\"https:\\\/\\\/www.fireware.nl\\\/wp-content\\\/uploads\\\/2019\\\/01\\\/017-043-018-Multi-Trauma_30kg-180cm_met-Paal-1.jpg\",\"datePublished\":\"2019-01-23T12:15:51+00:00\",\"dateModified\":\"2024-12-11T14:45:11+00:00\",\"breadcrumb\":{\"@id\":\"https:\\\/\\\/www.fireware.nl\\\/de\\\/product\\\/multitrauma-manikin\\\/#breadcrumb\"},\"inLanguage\":\"de\",\"potentialAction\":[{\"@type\":\"ReadAction\",\"target\":[\"https:\\\/\\\/www.fireware.nl\\\/de\\\/product\\\/multitrauma-manikin\\\/\"]}]},{\"@type\":\"ImageObject\",\"inLanguage\":\"de\",\"@id\":\"https:\\\/\\\/www.fireware.nl\\\/de\\\/product\\\/multitrauma-manikin\\\/#primaryimage\",\"url\":\"https:\\\/\\\/www.fireware.nl\\\/wp-content\\\/uploads\\\/2019\\\/01\\\/017-043-018-Multi-Trauma_30kg-180cm_met-Paal-1.jpg\",\"contentUrl\":\"https:\\\/\\\/www.fireware.nl\\\/wp-content\\\/uploads\\\/2019\\\/01\\\/017-043-018-Multi-Trauma_30kg-180cm_met-Paal-1.jpg\",\"width\":600,\"height\":600},{\"@type\":\"BreadcrumbList\",\"@id\":\"https:\\\/\\\/www.fireware.nl\\\/de\\\/product\\\/multitrauma-manikin\\\/#breadcrumb\",\"itemListElement\":[{\"@type\":\"ListItem\",\"position\":1,\"name\":\"Home\",\"item\":\"https:\\\/\\\/www.fireware.nl\\\/de\\\/\"},{\"@type\":\"ListItem\",\"position\":2,\"name\":\"Produkte\",\"item\":\"https:\\\/\\\/www.fireware.nl\\\/de\\\/produkte\\\/\"},{\"@type\":\"ListItem\",\"position\":3,\"name\":\"Ruth Lee Multitrauma Manikin\"}]},{\"@type\":\"WebSite\",\"@id\":\"https:\\\/\\\/www.fireware.nl\\\/de\\\/#website\",\"url\":\"https:\\\/\\\/www.fireware.nl\\\/de\\\/\",\"name\":\"FireWare\",\"description\":\"CREATING REALISTIC  TRAINING ENVIRONMENTS\",\"publisher\":{\"@id\":\"https:\\\/\\\/www.fireware.nl\\\/de\\\/#organization\"},\"potentialAction\":[{\"@type\":\"SearchAction\",\"target\":{\"@type\":\"EntryPoint\",\"urlTemplate\":\"https:\\\/\\\/www.fireware.nl\\\/de\\\/?s={search_term_string}\"},\"query-input\":{\"@type\":\"PropertyValueSpecification\",\"valueRequired\":true,\"valueName\":\"search_term_string\"}}],\"inLanguage\":\"de\"},{\"@type\":\"Organization\",\"@id\":\"https:\\\/\\\/www.fireware.nl\\\/de\\\/#organization\",\"name\":\"FireWare\",\"url\":\"https:\\\/\\\/www.fireware.nl\\\/de\\\/\",\"logo\":{\"@type\":\"ImageObject\",\"inLanguage\":\"de\",\"@id\":\"https:\\\/\\\/www.fireware.nl\\\/de\\\/#\\\/schema\\\/logo\\\/image\\\/\",\"url\":\"https:\\\/\\\/www.fireware.nl\\\/wp-content\\\/uploads\\\/2018\\\/10\\\/fireware-logo.png\",\"contentUrl\":\"https:\\\/\\\/www.fireware.nl\\\/wp-content\\\/uploads\\\/2018\\\/10\\\/fireware-logo.png\",\"width\":200,\"height\":86,\"caption\":\"FireWare\"},\"image\":{\"@id\":\"https:\\\/\\\/www.fireware.nl\\\/de\\\/#\\\/schema\\\/logo\\\/image\\\/\"},\"sameAs\":[\"https:\\\/\\\/www.facebook.com\\\/FireWareBV\\\/\",\"https:\\\/\\\/x.com\\\/FireWarebv\",\"https:\\\/\\\/www.instagram.com\\\/fireware_nl\\\/\",\"https:\\\/\\\/www.linkedin.com\\\/company\\\/3586017\\\/\",\"https:\\\/\\\/www.youtube.com\\\/user\\\/firesalesrentconsult\"]}]}<\/script>\n<!-- \/ Yoast SEO plugin. -->","yoast_head_json":{"title":"Ruth Lee Multitrauma Manikin - FireWare","robots":{"index":"index","follow":"follow","max-snippet":"max-snippet:-1","max-image-preview":"max-image-preview:large","max-video-preview":"max-video-preview:-1"},"canonical":"https:\/\/www.fireware.nl\/de\/product\/multitrauma-manikin\/","og_locale":"de_DE","og_type":"article","og_title":"Ruth Lee Multitrauma Manikin - FireWare","og_description":"Abnehmbare Arme und Unterschenkel: Erm\u00f6glicht die Simulation von Amputationsszenarien.  Polycarbonat-H\u00fclle: Erm\u00f6glicht das Einf\u00fchren von Objekten wie einem Baurohr, um Verletzungen zu simulieren.  Realistische Gewichtsverteilung: Vermittelt das Gef\u00fchl eines bewusstlosen Opfers.  Starker Griff: Erm\u00f6glicht einfache Handhabung, Heben, Aufbewahrung und das Aufh\u00e4ngen zum Trocknen.  Stark genug, um unter Beton- oder Stahlst\u00fcrzen verlegt zu werden, ohne besch\u00e4digt zu werden (Achten Sie auf die Plastikh\u00fclse in der Brust).  Wasserabweisendes und flammhemmendes Material: Eignet sich f\u00fcr nasse oder schmutzige Szenarien.  Weiche Gelenke: Verhindern das Risiko von Einklemmen oder blauen Flecken, die h\u00e4ufig bei der Verwendung von \u00dcbungspuppen mit Plastikgeh\u00e4usen auftreten.  Kompatibel mit einem Halskragen: Die Erwachsenen-Puppen erm\u00f6glichen das Anlegen eines Halskragens, um die richtige Pflege des Opfers w\u00e4hrend des Trainings zu gew\u00e4hrleisten.  Vollst\u00e4ndig geliefert mit Stiefeln und Overall: Komplett ausgestattet mit Stiefeln und einem Overall, die bei Abnutzung nachbestellt werden k\u00f6nnen, um die Lebensdauer der \u00dcbungspuppe zu verl\u00e4ngern.","og_url":"https:\/\/www.fireware.nl\/de\/product\/multitrauma-manikin\/","og_site_name":"FireWare","article_publisher":"https:\/\/www.facebook.com\/FireWareBV\/","article_modified_time":"2024-12-11T14:45:11+00:00","og_image":[{"width":600,"height":600,"url":"https:\/\/www.fireware.nl\/wp-content\/uploads\/2019\/01\/017-043-018-Multi-Trauma_30kg-180cm_met-Paal-1.jpg","type":"image\/jpeg"}],"twitter_card":"summary_large_image","twitter_site":"@FireWarebv","twitter_misc":{"Gesch\u00e4tzte Lesezeit":"2\u00a0Minuten"},"schema":{"@context":"https:\/\/schema.org","@graph":[{"@type":"WebPage","@id":"https:\/\/www.fireware.nl\/de\/product\/multitrauma-manikin\/","url":"https:\/\/www.fireware.nl\/de\/product\/multitrauma-manikin\/","name":"Ruth Lee Multitrauma Manikin - FireWare","isPartOf":{"@id":"https:\/\/www.fireware.nl\/de\/#website"},"primaryImageOfPage":{"@id":"https:\/\/www.fireware.nl\/de\/product\/multitrauma-manikin\/#primaryimage"},"image":{"@id":"https:\/\/www.fireware.nl\/de\/product\/multitrauma-manikin\/#primaryimage"},"thumbnailUrl":"https:\/\/www.fireware.nl\/wp-content\/uploads\/2019\/01\/017-043-018-Multi-Trauma_30kg-180cm_met-Paal-1.jpg","datePublished":"2019-01-23T12:15:51+00:00","dateModified":"2024-12-11T14:45:11+00:00","breadcrumb":{"@id":"https:\/\/www.fireware.nl\/de\/product\/multitrauma-manikin\/#breadcrumb"},"inLanguage":"de","potentialAction":[{"@type":"ReadAction","target":["https:\/\/www.fireware.nl\/de\/product\/multitrauma-manikin\/"]}]},{"@type":"ImageObject","inLanguage":"de","@id":"https:\/\/www.fireware.nl\/de\/product\/multitrauma-manikin\/#primaryimage","url":"https:\/\/www.fireware.nl\/wp-content\/uploads\/2019\/01\/017-043-018-Multi-Trauma_30kg-180cm_met-Paal-1.jpg","contentUrl":"https:\/\/www.fireware.nl\/wp-content\/uploads\/2019\/01\/017-043-018-Multi-Trauma_30kg-180cm_met-Paal-1.jpg","width":600,"height":600},{"@type":"BreadcrumbList","@id":"https:\/\/www.fireware.nl\/de\/product\/multitrauma-manikin\/#breadcrumb","itemListElement":[{"@type":"ListItem","position":1,"name":"Home","item":"https:\/\/www.fireware.nl\/de\/"},{"@type":"ListItem","position":2,"name":"Produkte","item":"https:\/\/www.fireware.nl\/de\/produkte\/"},{"@type":"ListItem","position":3,"name":"Ruth Lee Multitrauma Manikin"}]},{"@type":"WebSite","@id":"https:\/\/www.fireware.nl\/de\/#website","url":"https:\/\/www.fireware.nl\/de\/","name":"FireWare","description":"CREATING REALISTIC  TRAINING ENVIRONMENTS","publisher":{"@id":"https:\/\/www.fireware.nl\/de\/#organization"},"potentialAction":[{"@type":"SearchAction","target":{"@type":"EntryPoint","urlTemplate":"https:\/\/www.fireware.nl\/de\/?s={search_term_string}"},"query-input":{"@type":"PropertyValueSpecification","valueRequired":true,"valueName":"search_term_string"}}],"inLanguage":"de"},{"@type":"Organization","@id":"https:\/\/www.fireware.nl\/de\/#organization","name":"FireWare","url":"https:\/\/www.fireware.nl\/de\/","logo":{"@type":"ImageObject","inLanguage":"de","@id":"https:\/\/www.fireware.nl\/de\/#\/schema\/logo\/image\/","url":"https:\/\/www.fireware.nl\/wp-content\/uploads\/2018\/10\/fireware-logo.png","contentUrl":"https:\/\/www.fireware.nl\/wp-content\/uploads\/2018\/10\/fireware-logo.png","width":200,"height":86,"caption":"FireWare"},"image":{"@id":"https:\/\/www.fireware.nl\/de\/#\/schema\/logo\/image\/"},"sameAs":["https:\/\/www.facebook.com\/FireWareBV\/","https:\/\/x.com\/FireWarebv","https:\/\/www.instagram.com\/fireware_nl\/","https:\/\/www.linkedin.com\/company\/3586017\/","https:\/\/www.youtube.com\/user\/firesalesrentconsult"]}]}},"publishpress_future_workflow_manual_trigger":{"enabledWorkflows":[]},"_links":{"self":[{"href":"https:\/\/www.fireware.nl\/de\/wp-json\/wp\/v2\/product\/19396","targetHints":{"allow":["GET"]}}],"collection":[{"href":"https:\/\/www.fireware.nl\/de\/wp-json\/wp\/v2\/product"}],"about":[{"href":"https:\/\/www.fireware.nl\/de\/wp-json\/wp\/v2\/types\/product"}],"wp:featuredmedia":[{"embeddable":true,"href":"https:\/\/www.fireware.nl\/de\/wp-json\/wp\/v2\/media\/105528"}],"wp:attachment":[{"href":"https:\/\/www.fireware.nl\/de\/wp-json\/wp\/v2\/media?parent=19396"}],"wp:term":[{"taxonomy":"product_brand","embeddable":true,"href":"https:\/\/www.fireware.nl\/de\/wp-json\/wp\/v2\/product_brand?post=19396"},{"taxonomy":"product_cat","embeddable":true,"href":"https:\/\/www.fireware.nl\/de\/wp-json\/wp\/v2\/product_cat?post=19396"},{"taxonomy":"product_tag","embeddable":true,"href":"https:\/\/www.fireware.nl\/de\/wp-json\/wp\/v2\/product_tag?post=19396"}],"curies":[{"name":"wp","href":"https:\/\/api.w.org\/{rel}","templated":true}]}}