
{"id":19256,"date":"2019-01-23T12:15:42","date_gmt":"2019-02-01T10:14:33","guid":{"rendered":"http:\/\/fireware.sites.hyperhosting.co\/?post_type=product&#038;p=19256"},"modified":"2025-03-14T15:43:00","modified_gmt":"2025-03-14T15:43:00","slug":"neptune-uebungsloescher-druckgriff","status":"publish","type":"product","link":"https:\/\/www.fireware.nl\/de\/product\/neptune-uebungsloescher-druckgriff\/","title":{"rendered":"Neptune \u00dcbungsl\u00f6scher Druckgriff"},"content":{"rendered":"\n\n\t<h2>Nachf\u00fcllbaren \u00dcbungsl\u00f6scher mit Druckgriff<\/h2>\n<p>Mit dem \u00dcbungsl\u00f6scher Druckgriff lernen die Kursteilnehmer alle Verfahren, die sie in einer echten Situation beherrschen k\u00f6nnen m\u00fcssen. Erst muss man den Sicherungsstifte entfernen, dann erfolgt ein kurzer Testversuch. Anschlie\u00dfend werden die L\u00f6schtechniken mit dem L\u00f6schtrainer ge\u00fcbt.<\/p>\n<p>In manchen \u00dcbungssituationen k\u00f6nnen Schaum und sogar Wasser unerw\u00fcnscht sein. Sie k\u00f6nnen eine oder beide F\u00fcllungen auch weglassen und den L\u00f6scher nur unter Druck setzen. Auch dann kann man immer noch das Verfahren zur Wahl des richtigen L\u00f6schmittels bis zum Einsatz des L\u00f6schversuchs \u00fcben.Ein L\u00f6schverfahren mit Luft funktioniert nur dann richtig, wenn zudem ein Silkflame eingesetzt wird.<\/p>\n<p>Der L\u00f6scher l\u00e4sst sich einfach f\u00fcllen, indem man die Oberseite mit einem Schl\u00fcssel losdreht. Geben Sie dann (falls erw\u00fcnscht) eine Schicht \u00dcbungsschaum und Wasser hinzu, und setzen Sie den L\u00f6scher mit einem einfachen Kompressor \u00fcber das Autoventil oder die Kupplung am Schlauch, unter Druck. Sie k\u00f6nnen den F\u00fclldruck auf dem Manometer ablesen.<\/p>\n<h2>Schau das Video<\/h2>\n\t<iframe width=\"1920\" height=\"1080\" src=https:\/\/player.vimeo.com\/video\/1065485579?hl=nl&#038;cc_lang_pref=nl&#038;cc_load_policy=1 frameborder=\"0\" allow=\"accelerometer; autoplay; clipboard-write; encrypted-media; gyroscope; picture-in-picture\" allowfullscreen><\/iframe>\n\n","protected":false},"excerpt":{"rendered":"<ul>\n<li>Feuerl\u00f6scher zum Erlernen des L\u00f6schens, mit Druckgriff an der Oberseite;<\/li>\n<li>Einfach mit Luft zu f\u00fcllen, entweder mit Luft und Wasser oder mit Luft, Wasser und \u00dcbungsschaum;<\/li>\n<li>Hervorragend geeignet zum \u00dcben von Verfahren;<\/li>\n<li>Leicht wieder unter Druck zu setzen;<\/li>\n<li>Ausgestattet mit Autoventil und einer F\u00fcllkupplung am Schlauch;<\/li>\n<li>Kompressor nicht enthalten;<\/li>\n<li>F\u00fcllmenge 6 Liter;<\/li>\n<li>Inklusive Magnetplatte und Aufkleber f\u00fcr Schaum und Pulver in 6 verschiedenen Sprachen;<\/li>\n<li>Zwei in einem: Dieser Schauml\u00f6scher kann mit dem optionalen <a href=\"https:\/\/www.fireware.nl\/de\/product\/duse-neptune-co2-flach\/\" target=\"_blank\" rel=\"noopener\">flachen<\/a>&#8211; oder <a href=\"https:\/\/www.fireware.nl\/de\/product\/duse-neptune-co2-rund\/\" target=\"_blank\" rel=\"noopener\">runden<\/a> D\u00fcse in einen CO\u2082-L\u00f6scher umgewandelt werden.<\/li>\n<\/ul>\n","protected":false},"featured_media":61339,"template":"","meta":[],"product_brand":[],"product_cat":[102],"product_tag":[],"class_list":{"0":"post-19256","1":"product","2":"type-product","3":"status-publish","4":"has-post-thumbnail","6":"product_cat-uebungs-loeschmittel","7":"pa_taal-deutsch","8":"pa_taal-englisch","9":"pa_taal-franzosisch","10":"pa_taal-italienisch","11":"pa_taal-niederlandisch","12":"pa_taal-spanisch","14":"first","15":"instock","16":"taxable","17":"shipping-taxable","18":"purchasable","19":"product-type-simple"},"yoast_head":"<!-- This site is optimized with the Yoast SEO plugin v27.4 - https:\/\/yoast.com\/product\/yoast-seo-wordpress\/ -->\n<title>Neptune \u00dcbungsl\u00f6scher Druckgriff - FireWare<\/title>\n<meta name=\"robots\" content=\"index, follow, max-snippet:-1, max-image-preview:large, max-video-preview:-1\" \/>\n<link rel=\"canonical\" href=\"https:\/\/www.fireware.nl\/de\/product\/neptune-uebungsloescher-druckgriff\/\" \/>\n<meta property=\"og:locale\" content=\"de_DE\" \/>\n<meta property=\"og:type\" content=\"article\" \/>\n<meta property=\"og:title\" content=\"Neptune \u00dcbungsl\u00f6scher Druckgriff - FireWare\" \/>\n<meta property=\"og:description\" content=\"Feuerl\u00f6scher zum Erlernen des L\u00f6schens, mit Druckgriff an der Oberseite; Einfach mit Luft zu f\u00fcllen, entweder mit Luft und Wasser oder mit Luft, Wasser und \u00dcbungsschaum; Hervorragend geeignet zum \u00dcben von Verfahren; Leicht wieder unter Druck zu setzen; Ausgestattet mit Autoventil und einer F\u00fcllkupplung am Schlauch; Kompressor nicht enthalten; F\u00fcllmenge 6 Liter; Inklusive Magnetplatte und Aufkleber f\u00fcr Schaum und Pulver in 6 verschiedenen Sprachen; Zwei in einem: Dieser Schauml\u00f6scher kann mit dem optionalen flachen- oder runden D\u00fcse in einen CO\u2082-L\u00f6scher umgewandelt werden.\" \/>\n<meta property=\"og:url\" content=\"https:\/\/www.fireware.nl\/de\/product\/neptune-uebungsloescher-druckgriff\/\" \/>\n<meta property=\"og:site_name\" content=\"FireWare\" \/>\n<meta property=\"article:publisher\" content=\"https:\/\/www.facebook.com\/FireWareBV\/\" \/>\n<meta property=\"article:modified_time\" content=\"2025-03-14T15:43:00+00:00\" \/>\n<meta property=\"og:image\" content=\"https:\/\/www.fireware.nl\/wp-content\/uploads\/2021\/01\/025-100-001-Neptune-oefenblussers-knijphandvat-6-L-slang-vast.jpg\" \/>\n\t<meta property=\"og:image:width\" content=\"600\" \/>\n\t<meta property=\"og:image:height\" content=\"600\" \/>\n\t<meta property=\"og:image:type\" content=\"image\/jpeg\" \/>\n<meta name=\"twitter:card\" content=\"summary_large_image\" \/>\n<meta name=\"twitter:site\" content=\"@FireWarebv\" \/>\n<meta name=\"twitter:label1\" content=\"Gesch\u00e4tzte Lesezeit\" \/>\n\t<meta name=\"twitter:data1\" content=\"2\u00a0Minuten\" \/>\n<script type=\"application\/ld+json\" class=\"yoast-schema-graph\">{\"@context\":\"https:\\\/\\\/schema.org\",\"@graph\":[{\"@type\":\"WebPage\",\"@id\":\"https:\\\/\\\/www.fireware.nl\\\/de\\\/product\\\/neptune-uebungsloescher-druckgriff\\\/\",\"url\":\"https:\\\/\\\/www.fireware.nl\\\/de\\\/product\\\/neptune-uebungsloescher-druckgriff\\\/\",\"name\":\"Neptune \u00dcbungsl\u00f6scher Druckgriff - FireWare\",\"isPartOf\":{\"@id\":\"https:\\\/\\\/www.fireware.nl\\\/de\\\/#website\"},\"primaryImageOfPage\":{\"@id\":\"https:\\\/\\\/www.fireware.nl\\\/de\\\/product\\\/neptune-uebungsloescher-druckgriff\\\/#primaryimage\"},\"image\":{\"@id\":\"https:\\\/\\\/www.fireware.nl\\\/de\\\/product\\\/neptune-uebungsloescher-druckgriff\\\/#primaryimage\"},\"thumbnailUrl\":\"https:\\\/\\\/www.fireware.nl\\\/wp-content\\\/uploads\\\/2021\\\/01\\\/025-100-001-Neptune-oefenblussers-knijphandvat-6-L-slang-vast.jpg\",\"datePublished\":\"2019-02-01T10:14:33+00:00\",\"dateModified\":\"2025-03-14T15:43:00+00:00\",\"breadcrumb\":{\"@id\":\"https:\\\/\\\/www.fireware.nl\\\/de\\\/product\\\/neptune-uebungsloescher-druckgriff\\\/#breadcrumb\"},\"inLanguage\":\"de\",\"potentialAction\":[{\"@type\":\"ReadAction\",\"target\":[\"https:\\\/\\\/www.fireware.nl\\\/de\\\/product\\\/neptune-uebungsloescher-druckgriff\\\/\"]}]},{\"@type\":\"ImageObject\",\"inLanguage\":\"de\",\"@id\":\"https:\\\/\\\/www.fireware.nl\\\/de\\\/product\\\/neptune-uebungsloescher-druckgriff\\\/#primaryimage\",\"url\":\"https:\\\/\\\/www.fireware.nl\\\/wp-content\\\/uploads\\\/2021\\\/01\\\/025-100-001-Neptune-oefenblussers-knijphandvat-6-L-slang-vast.jpg\",\"contentUrl\":\"https:\\\/\\\/www.fireware.nl\\\/wp-content\\\/uploads\\\/2021\\\/01\\\/025-100-001-Neptune-oefenblussers-knijphandvat-6-L-slang-vast.jpg\",\"width\":600,\"height\":600},{\"@type\":\"BreadcrumbList\",\"@id\":\"https:\\\/\\\/www.fireware.nl\\\/de\\\/product\\\/neptune-uebungsloescher-druckgriff\\\/#breadcrumb\",\"itemListElement\":[{\"@type\":\"ListItem\",\"position\":1,\"name\":\"Home\",\"item\":\"https:\\\/\\\/www.fireware.nl\\\/de\\\/\"},{\"@type\":\"ListItem\",\"position\":2,\"name\":\"Produkte\",\"item\":\"https:\\\/\\\/www.fireware.nl\\\/de\\\/produkte\\\/\"},{\"@type\":\"ListItem\",\"position\":3,\"name\":\"Neptune \u00dcbungsl\u00f6scher Druckgriff\"}]},{\"@type\":\"WebSite\",\"@id\":\"https:\\\/\\\/www.fireware.nl\\\/de\\\/#website\",\"url\":\"https:\\\/\\\/www.fireware.nl\\\/de\\\/\",\"name\":\"FireWare\",\"description\":\"CREATING REALISTIC  TRAINING ENVIRONMENTS\",\"publisher\":{\"@id\":\"https:\\\/\\\/www.fireware.nl\\\/de\\\/#organization\"},\"potentialAction\":[{\"@type\":\"SearchAction\",\"target\":{\"@type\":\"EntryPoint\",\"urlTemplate\":\"https:\\\/\\\/www.fireware.nl\\\/de\\\/?s={search_term_string}\"},\"query-input\":{\"@type\":\"PropertyValueSpecification\",\"valueRequired\":true,\"valueName\":\"search_term_string\"}}],\"inLanguage\":\"de\"},{\"@type\":\"Organization\",\"@id\":\"https:\\\/\\\/www.fireware.nl\\\/de\\\/#organization\",\"name\":\"FireWare\",\"url\":\"https:\\\/\\\/www.fireware.nl\\\/de\\\/\",\"logo\":{\"@type\":\"ImageObject\",\"inLanguage\":\"de\",\"@id\":\"https:\\\/\\\/www.fireware.nl\\\/de\\\/#\\\/schema\\\/logo\\\/image\\\/\",\"url\":\"https:\\\/\\\/www.fireware.nl\\\/wp-content\\\/uploads\\\/2018\\\/10\\\/fireware-logo.png\",\"contentUrl\":\"https:\\\/\\\/www.fireware.nl\\\/wp-content\\\/uploads\\\/2018\\\/10\\\/fireware-logo.png\",\"width\":200,\"height\":86,\"caption\":\"FireWare\"},\"image\":{\"@id\":\"https:\\\/\\\/www.fireware.nl\\\/de\\\/#\\\/schema\\\/logo\\\/image\\\/\"},\"sameAs\":[\"https:\\\/\\\/www.facebook.com\\\/FireWareBV\\\/\",\"https:\\\/\\\/x.com\\\/FireWarebv\",\"https:\\\/\\\/www.instagram.com\\\/fireware_nl\\\/\",\"https:\\\/\\\/www.linkedin.com\\\/company\\\/3586017\\\/\",\"https:\\\/\\\/www.youtube.com\\\/user\\\/firesalesrentconsult\"]}]}<\/script>\n<!-- \/ Yoast SEO plugin. -->","yoast_head_json":{"title":"Neptune \u00dcbungsl\u00f6scher Druckgriff - FireWare","robots":{"index":"index","follow":"follow","max-snippet":"max-snippet:-1","max-image-preview":"max-image-preview:large","max-video-preview":"max-video-preview:-1"},"canonical":"https:\/\/www.fireware.nl\/de\/product\/neptune-uebungsloescher-druckgriff\/","og_locale":"de_DE","og_type":"article","og_title":"Neptune \u00dcbungsl\u00f6scher Druckgriff - FireWare","og_description":"Feuerl\u00f6scher zum Erlernen des L\u00f6schens, mit Druckgriff an der Oberseite; Einfach mit Luft zu f\u00fcllen, entweder mit Luft und Wasser oder mit Luft, Wasser und \u00dcbungsschaum; Hervorragend geeignet zum \u00dcben von Verfahren; Leicht wieder unter Druck zu setzen; Ausgestattet mit Autoventil und einer F\u00fcllkupplung am Schlauch; Kompressor nicht enthalten; F\u00fcllmenge 6 Liter; Inklusive Magnetplatte und Aufkleber f\u00fcr Schaum und Pulver in 6 verschiedenen Sprachen; Zwei in einem: Dieser Schauml\u00f6scher kann mit dem optionalen flachen- oder runden D\u00fcse in einen CO\u2082-L\u00f6scher umgewandelt werden.","og_url":"https:\/\/www.fireware.nl\/de\/product\/neptune-uebungsloescher-druckgriff\/","og_site_name":"FireWare","article_publisher":"https:\/\/www.facebook.com\/FireWareBV\/","article_modified_time":"2025-03-14T15:43:00+00:00","og_image":[{"width":600,"height":600,"url":"https:\/\/www.fireware.nl\/wp-content\/uploads\/2021\/01\/025-100-001-Neptune-oefenblussers-knijphandvat-6-L-slang-vast.jpg","type":"image\/jpeg"}],"twitter_card":"summary_large_image","twitter_site":"@FireWarebv","twitter_misc":{"Gesch\u00e4tzte Lesezeit":"2\u00a0Minuten"},"schema":{"@context":"https:\/\/schema.org","@graph":[{"@type":"WebPage","@id":"https:\/\/www.fireware.nl\/de\/product\/neptune-uebungsloescher-druckgriff\/","url":"https:\/\/www.fireware.nl\/de\/product\/neptune-uebungsloescher-druckgriff\/","name":"Neptune \u00dcbungsl\u00f6scher Druckgriff - FireWare","isPartOf":{"@id":"https:\/\/www.fireware.nl\/de\/#website"},"primaryImageOfPage":{"@id":"https:\/\/www.fireware.nl\/de\/product\/neptune-uebungsloescher-druckgriff\/#primaryimage"},"image":{"@id":"https:\/\/www.fireware.nl\/de\/product\/neptune-uebungsloescher-druckgriff\/#primaryimage"},"thumbnailUrl":"https:\/\/www.fireware.nl\/wp-content\/uploads\/2021\/01\/025-100-001-Neptune-oefenblussers-knijphandvat-6-L-slang-vast.jpg","datePublished":"2019-02-01T10:14:33+00:00","dateModified":"2025-03-14T15:43:00+00:00","breadcrumb":{"@id":"https:\/\/www.fireware.nl\/de\/product\/neptune-uebungsloescher-druckgriff\/#breadcrumb"},"inLanguage":"de","potentialAction":[{"@type":"ReadAction","target":["https:\/\/www.fireware.nl\/de\/product\/neptune-uebungsloescher-druckgriff\/"]}]},{"@type":"ImageObject","inLanguage":"de","@id":"https:\/\/www.fireware.nl\/de\/product\/neptune-uebungsloescher-druckgriff\/#primaryimage","url":"https:\/\/www.fireware.nl\/wp-content\/uploads\/2021\/01\/025-100-001-Neptune-oefenblussers-knijphandvat-6-L-slang-vast.jpg","contentUrl":"https:\/\/www.fireware.nl\/wp-content\/uploads\/2021\/01\/025-100-001-Neptune-oefenblussers-knijphandvat-6-L-slang-vast.jpg","width":600,"height":600},{"@type":"BreadcrumbList","@id":"https:\/\/www.fireware.nl\/de\/product\/neptune-uebungsloescher-druckgriff\/#breadcrumb","itemListElement":[{"@type":"ListItem","position":1,"name":"Home","item":"https:\/\/www.fireware.nl\/de\/"},{"@type":"ListItem","position":2,"name":"Produkte","item":"https:\/\/www.fireware.nl\/de\/produkte\/"},{"@type":"ListItem","position":3,"name":"Neptune \u00dcbungsl\u00f6scher Druckgriff"}]},{"@type":"WebSite","@id":"https:\/\/www.fireware.nl\/de\/#website","url":"https:\/\/www.fireware.nl\/de\/","name":"FireWare","description":"CREATING REALISTIC  TRAINING ENVIRONMENTS","publisher":{"@id":"https:\/\/www.fireware.nl\/de\/#organization"},"potentialAction":[{"@type":"SearchAction","target":{"@type":"EntryPoint","urlTemplate":"https:\/\/www.fireware.nl\/de\/?s={search_term_string}"},"query-input":{"@type":"PropertyValueSpecification","valueRequired":true,"valueName":"search_term_string"}}],"inLanguage":"de"},{"@type":"Organization","@id":"https:\/\/www.fireware.nl\/de\/#organization","name":"FireWare","url":"https:\/\/www.fireware.nl\/de\/","logo":{"@type":"ImageObject","inLanguage":"de","@id":"https:\/\/www.fireware.nl\/de\/#\/schema\/logo\/image\/","url":"https:\/\/www.fireware.nl\/wp-content\/uploads\/2018\/10\/fireware-logo.png","contentUrl":"https:\/\/www.fireware.nl\/wp-content\/uploads\/2018\/10\/fireware-logo.png","width":200,"height":86,"caption":"FireWare"},"image":{"@id":"https:\/\/www.fireware.nl\/de\/#\/schema\/logo\/image\/"},"sameAs":["https:\/\/www.facebook.com\/FireWareBV\/","https:\/\/x.com\/FireWarebv","https:\/\/www.instagram.com\/fireware_nl\/","https:\/\/www.linkedin.com\/company\/3586017\/","https:\/\/www.youtube.com\/user\/firesalesrentconsult"]}]}},"publishpress_future_workflow_manual_trigger":{"enabledWorkflows":[]},"_links":{"self":[{"href":"https:\/\/www.fireware.nl\/de\/wp-json\/wp\/v2\/product\/19256","targetHints":{"allow":["GET"]}}],"collection":[{"href":"https:\/\/www.fireware.nl\/de\/wp-json\/wp\/v2\/product"}],"about":[{"href":"https:\/\/www.fireware.nl\/de\/wp-json\/wp\/v2\/types\/product"}],"wp:featuredmedia":[{"embeddable":true,"href":"https:\/\/www.fireware.nl\/de\/wp-json\/wp\/v2\/media\/61339"}],"wp:attachment":[{"href":"https:\/\/www.fireware.nl\/de\/wp-json\/wp\/v2\/media?parent=19256"}],"wp:term":[{"taxonomy":"product_brand","embeddable":true,"href":"https:\/\/www.fireware.nl\/de\/wp-json\/wp\/v2\/product_brand?post=19256"},{"taxonomy":"product_cat","embeddable":true,"href":"https:\/\/www.fireware.nl\/de\/wp-json\/wp\/v2\/product_cat?post=19256"},{"taxonomy":"product_tag","embeddable":true,"href":"https:\/\/www.fireware.nl\/de\/wp-json\/wp\/v2\/product_tag?post=19256"}],"curies":[{"name":"wp","href":"https:\/\/api.w.org\/{rel}","templated":true}]}}