
{"id":19207,"date":"2024-06-13T09:00:25","date_gmt":"2024-06-13T09:00:25","guid":{"rendered":"http:\/\/fireware.sites.hyperhosting.co\/?post_type=product&#038;p=19207"},"modified":"2026-04-13T14:36:54","modified_gmt":"2026-04-13T14:36:54","slug":"pandoras-box","status":"publish","type":"product","link":"https:\/\/www.fireware.nl\/de\/product\/pandoras-box\/","title":{"rendered":"Pandora&#8217;s Box V4"},"content":{"rendered":"\n\n\t<h2>Pandora: ein Multisensorisches Simulationswerkzeug<\/h2>\n<p>Schnell und einfach eine komplette \u00dcbung aufbauen, in der viele Sinne angeregt werden? Mit der Pandora ist es m\u00f6glich! Die Pandora bietet einen realistischen Flammeneffekt, Soundeffekte und die Steuerung einer Nebelmaschine: alles batteriebetrieben und kabellos steuerbar \u00fcber eine kompakte Fernbedienung.<\/p>\n\n\t\t<iframe width=\"560\" height=\"315\" src=\"https:\/\/www.youtube.com\/embed\/Yf1SBi5bBU0?rel=0&#038;hl=de&#038;cc_lang_pref=de&#038;cc_load_policy=1\" frameborder=\"0\" allow=\"accelerometer; autoplay; clipboard-write; encrypted-media; gyroscope; picture-in-picture\" allowfullscreen><\/iframe>\t\n\t\t<iframe width=\"560\" height=\"315\" src=\"https:\/\/player.vimeo.com\/video\/1162170552?hl=nl&#038;cc_lang_pref=nl&#038;cc_load_policy=1\" frameborder=\"0\" allow=\"accelerometer; autoplay; clipboard-write; encrypted-media; gyroscope; picture-in-picture\" allowfullscreen><\/iframe>\t\n\t<h2>Lichteffekte<\/h2>\n<p>An der Pandora sind 2 leistungsstarke LED Feuerglut-Armaturen installiert: eine rote und eine orange. Bei jeder Armatur kann separat an der Maschine eingestellt werden, wie sie flackern soll. Also gibt es mehr als 256 Simulationsoptionen. Indem die Pandora-Box versteckt wird und eine Rauchmaschine hinzugef\u00fcgt wird, wird ein realistisches Flammenbild erzeugt. Beginnend mit der Flammensimulation ert\u00f6nt gleichzeitig ein realistisches Brandger\u00e4usch.<\/p>\n<h2>Ton<\/h2>\n<p>Der Ton macht die Musik, auch w\u00e4hrend einer \u00dcbung. Die Pandora gibt diesem Sinnesorgan die Aufmerksamkeit, die sie verdient. Neben dem gro\u00dfen oder kleinen Feuerger\u00e4usch k\u00f6nnen Sie auch Funken, ein Fl\u00fcssigkeitsleck, eine Explosion, einen Zusammenbruch, einen Dieselmotor, einen Schuss und ein Gasleck spielen. Aber auch das langsame Werben, ein bellender Hund, das Schluchzen eines Opfers und ein weinendes Baby sind in der Schachtel. Und Sie m\u00fcssen sich nicht entscheiden: Die Pandora kann auch alle Sounds gleichzeitig abspielen oder eine Mischung erstellen. Beginnen Sie die \u00dcbung beispielsweise mit der Wirkung eines kleinen Feuers. Spielen Sie dann den Ton der gro\u00dfen Flamme dar\u00fcber und simulieren Sie das Eindringen des Feuers!<\/p>\n<p><strong>Die vollst\u00e4ndige Klangbibliothek, aus der Sie w\u00e4hlen k\u00f6nnen:<\/strong><\/p>\n<ul>\n<li>Thermisches Durchbrennen<\/li>\n<li>USA &#8211; Mann Raucherraum<\/li>\n<li>AR &#8211; Mann Raucherraum<\/li>\n<li>AR &#8211; Frau Raucherraum<\/li>\n<li>Hund<\/li>\n<li>Einsturz<\/li>\n<li>Baby<\/li>\n<li>Motor<\/li>\n<li>NL &#8211; Mann Raucherraum<\/li>\n<li>NL &#8211; Frau Raucherraum<\/li>\n<li>UK &#8211; Frau Raucherraum<\/li>\n<li>Explosion<\/li>\n<li>Leck Fl\u00fcssigkeitsrohr<\/li>\n<li>FR &#8211; Frau Hilferuf<\/li>\n<li>FR &#8211; Frau Raucherraum<\/li>\n<li>Leck Gasrohr<\/li>\n<li>DE &#8211; Mann Raucherraum<\/li>\n<li>Langsames Heulen<\/li>\n<li>Kleiner Brand<\/li>\n<li>Weinende Frau<\/li>\n<li>Elektrizit\u00e4t<\/li>\n<li>Gro\u00dfer Brand<\/li>\n<li>Brand Einsturz<\/li>\n<li>DK &#8211; Mann Raucherraum<\/li>\n<li>IT &#8211; Mann Raucherraum<\/li>\n<li>Hubschrauber<\/li>\n<li>Kugelwand<\/li>\n<li>Gewehr gro\u00df<\/li>\n<li>Gewehr klein<\/li>\n<li>IS &#8211; Mann Raucherraum<\/li>\n<li>Disco<\/li>\n<li>L\u00f6schger\u00e4usch<\/li>\n<li>CO-Melder<\/li>\n<li>Rauchmelder<\/li>\n<li>FR &#8211; Slow Whoop-Signal<\/li>\n<\/ul>\n<h2>Rauch<\/h2>\n<p>Die Pandora hat eine Anschlussm\u00f6glichkeit f\u00fcr verschiedene Rauchmaschinen, einschlie\u00dflich der Modelle Cirrus, <a href=\"https:\/\/www.fireware.nl\/de\/produkt\/fireware-cumulus-1300w\/\" target=\"_blank\" rel=\"noopener\">Cumulus<\/a>, <a href=\"https:\/\/www.fireware.nl\/de\/produkt\/fireware-stratus-2600-w\/\" target=\"_blank\" rel=\"noopener\">Stratus<\/a> und <a href=\"https:\/\/www.fireware.nl\/de\/produkt\/nimbo\/\" target=\"_blank\" rel=\"noopener\">Nimbo<\/a>. Jetzt kann neben dem Flammen- und dem Toneffekt auch der Raucheffekt mit der gleichen kabellosen Fernbedienung gesteuert werden. In der Box der Pandora befindet sich sogar ein Ablagefach f\u00fcr eine <a href=\"https:\/\/www.fireware.nl\/de\/produkt\/cirrus-rauchmaschine-mit-akku\/\" target=\"_blank\" rel=\"noopener\">Cirrus Rauchmaschine mit Akku<\/a>. Ideal f\u00fcr \u00dcbungen an Orten, an denen keine Stromversorgung vorhanden ist oder die Stromversorgung w\u00e4hrend des Trainings unterbrochen wird. Denken Sie an \u00dcbungen auf Schiffen, in Zellen oder im Abrissgeb\u00e4uden.<\/p>\n<h2>Mit Fernbedienung steuerbar<\/h2>\n<p>Nichts ist so \u00e4rgerlich wie ein Instruktor, der w\u00e4hrend einer \u00dcbung ins Szenarium eingreifen muss, um Maschinen ein- und auszuschalten. Die Pandora selbst bringt ein drahtloses WiFi-Netzwerk in die Luft. Ausbilder melden sich an, indem sie einen QR-Code scannen oder einen Code manuell eingeben. Es wird also keine komplizierte Software ben\u00f6tigt. Es ist sogar m\u00f6glich, sich mit mehreren Ger\u00e4ten gleichzeitig anzumelden. Dann k\u00f6nnen mehrere Instruktoren die Funktionen von verschiedenen Positionen aus gemeinsam verwalten! Die M\u00f6glichkeiten f\u00fcr eine dynamische Inszenierung sind gro\u00df.<\/p>\n<p>Der Kursleiter kann auf der Digitalfernbedienung ablesen, ob sie mit der Pandora verbunden ist. Au\u00dferdem zeigt der Bildschirm an, welche Effekte gerade abgespielt werden. Sie k\u00f6nnen auch mit der Lautst\u00e4rke Ihrer Soundeffekte spielen. Was gro\u00dfartig ist, wenn Sie die Inszenierung in gro\u00dfer Entfernung vom \u00dcbungsfeld organisieren!<\/p>\n<h2>Mit Batterie<\/h2>\n<p>Der interaktive und intelligente Ein- \/ Ausschalter zeigt genau an, wann der Pandora f\u00fcr das Training bereit ist. Der Ausbilder erh\u00e4lt dann eine R\u00fcckmeldung mittels eines Tonsignals. Mit dem leistungsstarken Akku k\u00f6nnen Sie sich auf stundenlangen \u00dcbungsspa\u00df verlassen. Mit einer vollen Batterie k\u00f6nnen Sie den ganzen Tag inszenieren.<\/p>\n<p>Die Soundeffekte und die Flammeneffekte beziehen ihre Energie aus der Batterie der Pandora. Sie k\u00f6nnen also noch eine Weile damit fortfahren. Wenn Sie eine Rauchmaschine anschlie\u00dfen, arbeitet sie mit einer eigenen Batterie (Cirrus) oder mit Netzspannung (Cumulus, Stratus und Nimbo). Denken Sie daran, dass der Cirrus mit einer (eigenen) Batterieladung 10 Minuten lang ununterbrochen Rauch abgeben kann. Nat\u00fcrlich wird der Pandora standardm\u00e4\u00dfig mit einem hochwertigen C-tek-Ladeger\u00e4t geliefert. Haben Sie die Pandora aufbewahrt und ist der Akku fast leer? Dann schaltet sich die Trainingshilfe automatisch aus, damit der Akku nicht vollst\u00e4ndig entladen wird.<\/p>\n<h2>Robust<\/h2>\n<p>Die Pandora besteht aus hochwertigem Edelstahl in einer Euro-Standardkiste von 40 x 30 x 23,5 cm. Dadurch ist die Maschine w\u00e4hrend Lagerung, Transport und Nutzung gut gesch\u00fctzt. Die Elektronik ist vollst\u00e4ndig eingekapselt, um (Feuchtigkeits-)Funktionsst\u00f6rungen zu verhindern. Alle Anschl\u00fcsse, Tasten und andere Komponenten sind von hoher industrieller Qualit\u00e4t. Deshalb gibt es nicht weniger als 2 Jahre Garantie auf die Pandora!<\/p>\n<h2>Endlose M\u00f6glichkeiten<\/h2>\n<p>Die M\u00f6glichkeiten mit der B\u00fcchse der Pandora sind endlos. \u00d6ffnen Sie beispielsweise die Pandora in einem Theater zwischen den Versatzst\u00fccken. Oder verstecken Sie es in einem M\u00fclleimer. Indem Sie die Pandora verstecken und eine Rauchmaschine hinzuf\u00fcgen, k\u00f6nnen Sie ein sch\u00f6nes Feuer mit den erforderlichen Effekten simulieren. Suchen Sie eine komplette Inszenierung in einer \u00dcbungsbox? Das bietet Pandora&#8217;s Box!<\/p>\n<p>&nbsp;<\/p>\n\n","protected":false},"excerpt":{"rendered":"<ul>\n<li>Komplette Steuerung f\u00fcr die realistische Inszenierung kleiner Br\u00e4nde<\/li>\n<li>Reizen Sie die Sinne Ihres Kursteilnehmers mit Licht, Rauch und Ton<\/li>\n<li>Drahtlose Steuerung \u00fcber Webschnittstelle mit Ihrem eigenen Telefon oder Tablet<\/li>\n<li>Integrierte leistungsstarke LED-Beleuchtung<\/li>\n<li>Rauchmaschine kann angeschlossen und ferngesteuert werden<\/li>\n<li>Interne Ger\u00e4usche \u00fcber den eingebauten Lautsprecher abspielen<\/li>\n<li>Edelstahlgeh\u00e4use in einem Kunststoff-Transportkoffer eingebaut<\/li>\n<li>Enth\u00e4lt einen speziellen Stauraum f\u00fcr die Cirrus-Akku-Rauchmaschine<\/li>\n<li>Ausgestattet mit einer leistungsstarken Batterie<\/li>\n<\/ul>\n","protected":false},"featured_media":96574,"template":"","meta":[],"product_brand":[],"product_cat":[96,216],"product_tag":[],"class_list":{"0":"post-19207","1":"product","2":"type-product","3":"status-publish","4":"has-post-thumbnail","6":"product_cat-geraeusch","7":"product_cat-simuliertes-feuer","9":"first","10":"instock","11":"taxable","12":"shipping-taxable","13":"purchasable","14":"product-type-simple"},"yoast_head":"<!-- This site is optimized with the Yoast SEO plugin v27.4 - https:\/\/yoast.com\/product\/yoast-seo-wordpress\/ -->\n<title>Pandora&#039;s Box V4 - FireWare<\/title>\n<meta name=\"robots\" content=\"index, follow, max-snippet:-1, max-image-preview:large, max-video-preview:-1\" \/>\n<link rel=\"canonical\" href=\"https:\/\/www.fireware.nl\/de\/product\/pandoras-box\/\" \/>\n<meta property=\"og:locale\" content=\"de_DE\" \/>\n<meta property=\"og:type\" content=\"article\" \/>\n<meta property=\"og:title\" content=\"Pandora&#039;s Box V4 - FireWare\" \/>\n<meta property=\"og:description\" content=\"Komplette Steuerung f\u00fcr die realistische Inszenierung kleiner Br\u00e4nde Reizen Sie die Sinne Ihres Kursteilnehmers mit Licht, Rauch und Ton Drahtlose Steuerung \u00fcber Webschnittstelle mit Ihrem eigenen Telefon oder Tablet Integrierte leistungsstarke LED-Beleuchtung Rauchmaschine kann angeschlossen und ferngesteuert werden Interne Ger\u00e4usche \u00fcber den eingebauten Lautsprecher abspielen Edelstahlgeh\u00e4use in einem Kunststoff-Transportkoffer eingebaut Enth\u00e4lt einen speziellen Stauraum f\u00fcr die Cirrus-Akku-Rauchmaschine Ausgestattet mit einer leistungsstarken Batterie\" \/>\n<meta property=\"og:url\" content=\"https:\/\/www.fireware.nl\/de\/product\/pandoras-box\/\" \/>\n<meta property=\"og:site_name\" content=\"FireWare\" \/>\n<meta property=\"article:publisher\" content=\"https:\/\/www.facebook.com\/FireWareBV\/\" \/>\n<meta property=\"article:modified_time\" content=\"2026-04-13T14:36:54+00:00\" \/>\n<meta property=\"og:image\" content=\"https:\/\/www.fireware.nl\/wp-content\/uploads\/2021\/03\/20240516_Pandoras-Box-v4_006_web.jpg\" \/>\n\t<meta property=\"og:image:width\" content=\"600\" \/>\n\t<meta property=\"og:image:height\" content=\"600\" \/>\n\t<meta property=\"og:image:type\" content=\"image\/jpeg\" \/>\n<meta name=\"twitter:card\" content=\"summary_large_image\" \/>\n<meta name=\"twitter:site\" content=\"@FireWarebv\" \/>\n<meta name=\"twitter:label1\" content=\"Gesch\u00e4tzte Lesezeit\" \/>\n\t<meta name=\"twitter:data1\" content=\"4\u00a0Minuten\" \/>\n<script type=\"application\/ld+json\" class=\"yoast-schema-graph\">{\"@context\":\"https:\\\/\\\/schema.org\",\"@graph\":[{\"@type\":\"WebPage\",\"@id\":\"https:\\\/\\\/www.fireware.nl\\\/de\\\/product\\\/pandoras-box\\\/\",\"url\":\"https:\\\/\\\/www.fireware.nl\\\/de\\\/product\\\/pandoras-box\\\/\",\"name\":\"Pandora's Box V4 - FireWare\",\"isPartOf\":{\"@id\":\"https:\\\/\\\/www.fireware.nl\\\/de\\\/#website\"},\"primaryImageOfPage\":{\"@id\":\"https:\\\/\\\/www.fireware.nl\\\/de\\\/product\\\/pandoras-box\\\/#primaryimage\"},\"image\":{\"@id\":\"https:\\\/\\\/www.fireware.nl\\\/de\\\/product\\\/pandoras-box\\\/#primaryimage\"},\"thumbnailUrl\":\"https:\\\/\\\/www.fireware.nl\\\/wp-content\\\/uploads\\\/2021\\\/03\\\/20240516_Pandoras-Box-v4_006_web.jpg\",\"datePublished\":\"2024-06-13T09:00:25+00:00\",\"dateModified\":\"2026-04-13T14:36:54+00:00\",\"breadcrumb\":{\"@id\":\"https:\\\/\\\/www.fireware.nl\\\/de\\\/product\\\/pandoras-box\\\/#breadcrumb\"},\"inLanguage\":\"de\",\"potentialAction\":[{\"@type\":\"ReadAction\",\"target\":[\"https:\\\/\\\/www.fireware.nl\\\/de\\\/product\\\/pandoras-box\\\/\"]}]},{\"@type\":\"ImageObject\",\"inLanguage\":\"de\",\"@id\":\"https:\\\/\\\/www.fireware.nl\\\/de\\\/product\\\/pandoras-box\\\/#primaryimage\",\"url\":\"https:\\\/\\\/www.fireware.nl\\\/wp-content\\\/uploads\\\/2021\\\/03\\\/20240516_Pandoras-Box-v4_006_web.jpg\",\"contentUrl\":\"https:\\\/\\\/www.fireware.nl\\\/wp-content\\\/uploads\\\/2021\\\/03\\\/20240516_Pandoras-Box-v4_006_web.jpg\",\"width\":600,\"height\":600},{\"@type\":\"BreadcrumbList\",\"@id\":\"https:\\\/\\\/www.fireware.nl\\\/de\\\/product\\\/pandoras-box\\\/#breadcrumb\",\"itemListElement\":[{\"@type\":\"ListItem\",\"position\":1,\"name\":\"Home\",\"item\":\"https:\\\/\\\/www.fireware.nl\\\/de\\\/\"},{\"@type\":\"ListItem\",\"position\":2,\"name\":\"Produkte\",\"item\":\"https:\\\/\\\/www.fireware.nl\\\/de\\\/produkte\\\/\"},{\"@type\":\"ListItem\",\"position\":3,\"name\":\"Pandora&#8217;s Box V4\"}]},{\"@type\":\"WebSite\",\"@id\":\"https:\\\/\\\/www.fireware.nl\\\/de\\\/#website\",\"url\":\"https:\\\/\\\/www.fireware.nl\\\/de\\\/\",\"name\":\"FireWare\",\"description\":\"CREATING REALISTIC  TRAINING ENVIRONMENTS\",\"publisher\":{\"@id\":\"https:\\\/\\\/www.fireware.nl\\\/de\\\/#organization\"},\"potentialAction\":[{\"@type\":\"SearchAction\",\"target\":{\"@type\":\"EntryPoint\",\"urlTemplate\":\"https:\\\/\\\/www.fireware.nl\\\/de\\\/?s={search_term_string}\"},\"query-input\":{\"@type\":\"PropertyValueSpecification\",\"valueRequired\":true,\"valueName\":\"search_term_string\"}}],\"inLanguage\":\"de\"},{\"@type\":\"Organization\",\"@id\":\"https:\\\/\\\/www.fireware.nl\\\/de\\\/#organization\",\"name\":\"FireWare\",\"url\":\"https:\\\/\\\/www.fireware.nl\\\/de\\\/\",\"logo\":{\"@type\":\"ImageObject\",\"inLanguage\":\"de\",\"@id\":\"https:\\\/\\\/www.fireware.nl\\\/de\\\/#\\\/schema\\\/logo\\\/image\\\/\",\"url\":\"https:\\\/\\\/www.fireware.nl\\\/wp-content\\\/uploads\\\/2018\\\/10\\\/fireware-logo.png\",\"contentUrl\":\"https:\\\/\\\/www.fireware.nl\\\/wp-content\\\/uploads\\\/2018\\\/10\\\/fireware-logo.png\",\"width\":200,\"height\":86,\"caption\":\"FireWare\"},\"image\":{\"@id\":\"https:\\\/\\\/www.fireware.nl\\\/de\\\/#\\\/schema\\\/logo\\\/image\\\/\"},\"sameAs\":[\"https:\\\/\\\/www.facebook.com\\\/FireWareBV\\\/\",\"https:\\\/\\\/x.com\\\/FireWarebv\",\"https:\\\/\\\/www.instagram.com\\\/fireware_nl\\\/\",\"https:\\\/\\\/www.linkedin.com\\\/company\\\/3586017\\\/\",\"https:\\\/\\\/www.youtube.com\\\/user\\\/firesalesrentconsult\"]}]}<\/script>\n<!-- \/ Yoast SEO plugin. -->","yoast_head_json":{"title":"Pandora's Box V4 - FireWare","robots":{"index":"index","follow":"follow","max-snippet":"max-snippet:-1","max-image-preview":"max-image-preview:large","max-video-preview":"max-video-preview:-1"},"canonical":"https:\/\/www.fireware.nl\/de\/product\/pandoras-box\/","og_locale":"de_DE","og_type":"article","og_title":"Pandora's Box V4 - FireWare","og_description":"Komplette Steuerung f\u00fcr die realistische Inszenierung kleiner Br\u00e4nde Reizen Sie die Sinne Ihres Kursteilnehmers mit Licht, Rauch und Ton Drahtlose Steuerung \u00fcber Webschnittstelle mit Ihrem eigenen Telefon oder Tablet Integrierte leistungsstarke LED-Beleuchtung Rauchmaschine kann angeschlossen und ferngesteuert werden Interne Ger\u00e4usche \u00fcber den eingebauten Lautsprecher abspielen Edelstahlgeh\u00e4use in einem Kunststoff-Transportkoffer eingebaut Enth\u00e4lt einen speziellen Stauraum f\u00fcr die Cirrus-Akku-Rauchmaschine Ausgestattet mit einer leistungsstarken Batterie","og_url":"https:\/\/www.fireware.nl\/de\/product\/pandoras-box\/","og_site_name":"FireWare","article_publisher":"https:\/\/www.facebook.com\/FireWareBV\/","article_modified_time":"2026-04-13T14:36:54+00:00","og_image":[{"width":600,"height":600,"url":"https:\/\/www.fireware.nl\/wp-content\/uploads\/2021\/03\/20240516_Pandoras-Box-v4_006_web.jpg","type":"image\/jpeg"}],"twitter_card":"summary_large_image","twitter_site":"@FireWarebv","twitter_misc":{"Gesch\u00e4tzte Lesezeit":"4\u00a0Minuten"},"schema":{"@context":"https:\/\/schema.org","@graph":[{"@type":"WebPage","@id":"https:\/\/www.fireware.nl\/de\/product\/pandoras-box\/","url":"https:\/\/www.fireware.nl\/de\/product\/pandoras-box\/","name":"Pandora's Box V4 - FireWare","isPartOf":{"@id":"https:\/\/www.fireware.nl\/de\/#website"},"primaryImageOfPage":{"@id":"https:\/\/www.fireware.nl\/de\/product\/pandoras-box\/#primaryimage"},"image":{"@id":"https:\/\/www.fireware.nl\/de\/product\/pandoras-box\/#primaryimage"},"thumbnailUrl":"https:\/\/www.fireware.nl\/wp-content\/uploads\/2021\/03\/20240516_Pandoras-Box-v4_006_web.jpg","datePublished":"2024-06-13T09:00:25+00:00","dateModified":"2026-04-13T14:36:54+00:00","breadcrumb":{"@id":"https:\/\/www.fireware.nl\/de\/product\/pandoras-box\/#breadcrumb"},"inLanguage":"de","potentialAction":[{"@type":"ReadAction","target":["https:\/\/www.fireware.nl\/de\/product\/pandoras-box\/"]}]},{"@type":"ImageObject","inLanguage":"de","@id":"https:\/\/www.fireware.nl\/de\/product\/pandoras-box\/#primaryimage","url":"https:\/\/www.fireware.nl\/wp-content\/uploads\/2021\/03\/20240516_Pandoras-Box-v4_006_web.jpg","contentUrl":"https:\/\/www.fireware.nl\/wp-content\/uploads\/2021\/03\/20240516_Pandoras-Box-v4_006_web.jpg","width":600,"height":600},{"@type":"BreadcrumbList","@id":"https:\/\/www.fireware.nl\/de\/product\/pandoras-box\/#breadcrumb","itemListElement":[{"@type":"ListItem","position":1,"name":"Home","item":"https:\/\/www.fireware.nl\/de\/"},{"@type":"ListItem","position":2,"name":"Produkte","item":"https:\/\/www.fireware.nl\/de\/produkte\/"},{"@type":"ListItem","position":3,"name":"Pandora&#8217;s Box V4"}]},{"@type":"WebSite","@id":"https:\/\/www.fireware.nl\/de\/#website","url":"https:\/\/www.fireware.nl\/de\/","name":"FireWare","description":"CREATING REALISTIC  TRAINING ENVIRONMENTS","publisher":{"@id":"https:\/\/www.fireware.nl\/de\/#organization"},"potentialAction":[{"@type":"SearchAction","target":{"@type":"EntryPoint","urlTemplate":"https:\/\/www.fireware.nl\/de\/?s={search_term_string}"},"query-input":{"@type":"PropertyValueSpecification","valueRequired":true,"valueName":"search_term_string"}}],"inLanguage":"de"},{"@type":"Organization","@id":"https:\/\/www.fireware.nl\/de\/#organization","name":"FireWare","url":"https:\/\/www.fireware.nl\/de\/","logo":{"@type":"ImageObject","inLanguage":"de","@id":"https:\/\/www.fireware.nl\/de\/#\/schema\/logo\/image\/","url":"https:\/\/www.fireware.nl\/wp-content\/uploads\/2018\/10\/fireware-logo.png","contentUrl":"https:\/\/www.fireware.nl\/wp-content\/uploads\/2018\/10\/fireware-logo.png","width":200,"height":86,"caption":"FireWare"},"image":{"@id":"https:\/\/www.fireware.nl\/de\/#\/schema\/logo\/image\/"},"sameAs":["https:\/\/www.facebook.com\/FireWareBV\/","https:\/\/x.com\/FireWarebv","https:\/\/www.instagram.com\/fireware_nl\/","https:\/\/www.linkedin.com\/company\/3586017\/","https:\/\/www.youtube.com\/user\/firesalesrentconsult"]}]}},"publishpress_future_workflow_manual_trigger":{"enabledWorkflows":[]},"_links":{"self":[{"href":"https:\/\/www.fireware.nl\/de\/wp-json\/wp\/v2\/product\/19207","targetHints":{"allow":["GET"]}}],"collection":[{"href":"https:\/\/www.fireware.nl\/de\/wp-json\/wp\/v2\/product"}],"about":[{"href":"https:\/\/www.fireware.nl\/de\/wp-json\/wp\/v2\/types\/product"}],"wp:featuredmedia":[{"embeddable":true,"href":"https:\/\/www.fireware.nl\/de\/wp-json\/wp\/v2\/media\/96574"}],"wp:attachment":[{"href":"https:\/\/www.fireware.nl\/de\/wp-json\/wp\/v2\/media?parent=19207"}],"wp:term":[{"taxonomy":"product_brand","embeddable":true,"href":"https:\/\/www.fireware.nl\/de\/wp-json\/wp\/v2\/product_brand?post=19207"},{"taxonomy":"product_cat","embeddable":true,"href":"https:\/\/www.fireware.nl\/de\/wp-json\/wp\/v2\/product_cat?post=19207"},{"taxonomy":"product_tag","embeddable":true,"href":"https:\/\/www.fireware.nl\/de\/wp-json\/wp\/v2\/product_tag?post=19207"}],"curies":[{"name":"wp","href":"https:\/\/api.w.org\/{rel}","templated":true}]}}