
{"id":19201,"date":"2019-01-23T12:15:31","date_gmt":"2019-02-01T10:02:49","guid":{"rendered":"http:\/\/fireware.sites.hyperhosting.co\/?post_type=product&#038;p=19201"},"modified":"2025-04-08T13:58:16","modified_gmt":"2025-04-08T13:58:16","slug":"explosionssimulator","status":"publish","type":"product","link":"https:\/\/www.fireware.nl\/de\/product\/explosionssimulator\/","title":{"rendered":"Explosionssimulator V2"},"content":{"rendered":"\r\n<h2>Einfach zu transportieren<\/h2>\r\n<p>W\u00e4hrend der Explosionssimulator V1 noch vor Gebrauch zusammengebaut werden musste, ist das f\u00fcr den V2 nicht mehr n\u00f6tig. Der Simulator passt vollst\u00e4ndig als Einheit in eine Kunststoffkiste. Die Kiste ist mit einem passenden Schaumstoff-Innenleben ausgestattet, um sicherzustellen, dass der Explosionsimulator w\u00e4hrend des Transports und der Lagerung gut und sicher verpackt ist.<\/p>\r\n<h2>Ein Minimum an losen Komponenten<\/h2>\r\n<p>Der Explosionsimulator V2 hat kaum noch lose Teile: Der Batteriepack, der Fu\u00df und die Kanone bilden jetzt eine kompakte Einheit. Nur das Rohr, die Fernbedienung und das Ladeger\u00e4t werden noch lose mitgeliefert.<\/p>\r\n<h2>Lautst\u00e4rke \u00fcber das Rohr einstellbar<\/h2>\r\n<p>Je l\u00e4nger das Rohr, desto lauter der Knall. Das einstellbare Rohr wird lose mitgeliefert. Ist die Explosion, die aus dem \u201enackten&#8221; Ger\u00e4t kommt, nicht laut genug? Dann montieren Sie das mitgelieferte Rohr, um den Knall noch lauter zu machen. Und das bis zu einem maximalen Schallpegel von etwa 120 dB(A).<\/p>\r\n<h2>R\u00fcckmeldung \u00fcber die Fernbedienung<\/h2>\r\n<p>Die kompakte Fernbedienung gibt eine R\u00fcckmeldung, wenn das Kommando \u201eExplosion&#8221; vom Empf\u00e4nger empfangen wurde. Wenn Sie die Taste gedr\u00fcckt haben, aber keinen Knall geh\u00f6rt und trotzdem eine R\u00fcckmeldung erhalten haben, ist es Zeit, die Gasversorgung zu \u00fcberpr\u00fcfen.<\/p>\r\n<h2>Ein einzelner Knall oder Salven<\/h2>\r\n<p>Der Explosionsimulator V2 kann entweder eine einzelne Explosion simulieren oder eine Salve von Explosionen. Die Wahl liegt beim Ausbilder!<\/p>\r\n<h2>Ladeger\u00e4t, Schalter und Reduzierventil von hoher Qualit\u00e4t<\/h2>\r\n<p>Bei der Konstruktion des Explosionsimulators V2 wurden nur hochwertige Komponenten eingesetzt. Robuste IP65-Schalter, ein intelligentes CTEK-Ladeger\u00e4t und ein Reduzierventil mit Schlauchbruchsicherung. Die Bedienungsanleitung ist durch einen QR-Code auf der R\u00fcckseite des Ger\u00e4ts jederzeit verf\u00fcgbar.<\/p>\r\n<h2>Nur f\u00fcr den professionellen Gebrauch<\/h2>\r\n<p>Dieser Explosionsimulator erzeugt eine kontrollierte Explosion mit einem Schallpegel von ca. 120 dB(A) und einer begrenzten Druckwelle. Dies kann bei unsachgem\u00e4\u00dfem Gebrauch unter anderem zu Geh\u00f6rsch\u00e4den f\u00fchren. Dieser Simulator ist daher nicht f\u00fcr den Einsatz in Innenr\u00e4umen geeignet. Vom Ausbilder \/ Operator wird erwartet, dass er \u00fcber ausreichend Wissen und F\u00e4higkeiten verf\u00fcgt, um dieses \u00dcbungsmittel sicher und effektiv einzusetzen.<\/p>\r\n<p><iframe src=\"https:\/\/player.vimeo.com\/video\/824742914?hl=de&amp;cc_lang_pref=de&amp;cc_load_policy=1\" width=\"560\" height=\"315\" frameborder=\"0\" allowfullscreen=\"allowfullscreen\"><\/iframe><\/p>\r\n","protected":false},"excerpt":{"rendered":"<ul>\n<li>Explosionen bis 120 Dezibel simulieren.<\/li>\n<li>Mit nur einem Druck auf den Knopf.<\/li>\n<li>Intervall und Lautst\u00e4rke sind einstellbar.<\/li>\n<li>Inklusive Reduktionsventil, Akku und Ladeger\u00e4t.<\/li>\n<li>Funktioniert mit Propan.<\/li>\n<li>Nicht geeignet zum Gebrauch im Haus.<\/li>\n<li>Fernbedienung ist inklusiv<\/li>\n<\/ul>\n","protected":false},"featured_media":78266,"template":"","meta":[],"product_brand":[],"product_cat":[219,96],"product_tag":[],"class_list":{"0":"post-19201","1":"product","2":"type-product","3":"status-publish","4":"has-post-thumbnail","6":"product_cat-cbrne-de","7":"product_cat-geraeusch","9":"first","10":"instock","11":"taxable","12":"shipping-taxable","13":"purchasable","14":"product-type-simple"},"yoast_head":"<!-- This site is optimized with the Yoast SEO plugin v27.2 - https:\/\/yoast.com\/product\/yoast-seo-wordpress\/ -->\n<title>Explosionssimulator V2 - FireWare<\/title>\n<meta name=\"robots\" content=\"index, follow, max-snippet:-1, max-image-preview:large, max-video-preview:-1\" \/>\n<link rel=\"canonical\" href=\"https:\/\/www.fireware.nl\/de\/product\/explosionssimulator\/\" \/>\n<meta property=\"og:locale\" content=\"de_DE\" \/>\n<meta property=\"og:type\" content=\"article\" \/>\n<meta property=\"og:title\" content=\"Explosionssimulator V2 - FireWare\" \/>\n<meta property=\"og:description\" content=\"Explosionen bis 120 Dezibel simulieren. Mit nur einem Druck auf den Knopf. Intervall und Lautst\u00e4rke sind einstellbar. Inklusive Reduktionsventil, Akku und Ladeger\u00e4t. Funktioniert mit Propan. Nicht geeignet zum Gebrauch im Haus. Fernbedienung ist inklusiv\" \/>\n<meta property=\"og:url\" content=\"https:\/\/www.fireware.nl\/de\/product\/explosionssimulator\/\" \/>\n<meta property=\"og:site_name\" content=\"FireWare\" \/>\n<meta property=\"article:publisher\" content=\"https:\/\/www.facebook.com\/FireWareBV\/\" \/>\n<meta property=\"article:modified_time\" content=\"2025-04-08T13:58:16+00:00\" \/>\n<meta property=\"og:image\" content=\"https:\/\/www.fireware.nl\/wp-content\/uploads\/2019\/01\/20230309_Explosie_Simulator_V2_fotos_0030_0033_web.jpg\" \/>\n\t<meta property=\"og:image:width\" content=\"600\" \/>\n\t<meta property=\"og:image:height\" content=\"600\" \/>\n\t<meta property=\"og:image:type\" content=\"image\/jpeg\" \/>\n<meta name=\"twitter:card\" content=\"summary_large_image\" \/>\n<meta name=\"twitter:site\" content=\"@FireWarebv\" \/>\n<meta name=\"twitter:label1\" content=\"Gesch\u00e4tzte Lesezeit\" \/>\n\t<meta name=\"twitter:data1\" content=\"2\u00a0Minuten\" \/>\n<script type=\"application\/ld+json\" class=\"yoast-schema-graph\">{\"@context\":\"https:\/\/schema.org\",\"@graph\":[{\"@type\":\"WebPage\",\"@id\":\"https:\/\/www.fireware.nl\/de\/product\/explosionssimulator\/\",\"url\":\"https:\/\/www.fireware.nl\/de\/product\/explosionssimulator\/\",\"name\":\"Explosionssimulator V2 - FireWare\",\"isPartOf\":{\"@id\":\"https:\/\/www.fireware.nl\/de\/#website\"},\"primaryImageOfPage\":{\"@id\":\"https:\/\/www.fireware.nl\/de\/product\/explosionssimulator\/#primaryimage\"},\"image\":{\"@id\":\"https:\/\/www.fireware.nl\/de\/product\/explosionssimulator\/#primaryimage\"},\"thumbnailUrl\":\"https:\/\/www.fireware.nl\/wp-content\/uploads\/2019\/01\/20230309_Explosie_Simulator_V2_fotos_0030_0033_web.jpg\",\"datePublished\":\"2019-02-01T10:02:49+00:00\",\"dateModified\":\"2025-04-08T13:58:16+00:00\",\"breadcrumb\":{\"@id\":\"https:\/\/www.fireware.nl\/de\/product\/explosionssimulator\/#breadcrumb\"},\"inLanguage\":\"de\",\"potentialAction\":[{\"@type\":\"ReadAction\",\"target\":[\"https:\/\/www.fireware.nl\/de\/product\/explosionssimulator\/\"]}]},{\"@type\":\"ImageObject\",\"inLanguage\":\"de\",\"@id\":\"https:\/\/www.fireware.nl\/de\/product\/explosionssimulator\/#primaryimage\",\"url\":\"https:\/\/www.fireware.nl\/wp-content\/uploads\/2019\/01\/20230309_Explosie_Simulator_V2_fotos_0030_0033_web.jpg\",\"contentUrl\":\"https:\/\/www.fireware.nl\/wp-content\/uploads\/2019\/01\/20230309_Explosie_Simulator_V2_fotos_0030_0033_web.jpg\",\"width\":600,\"height\":600},{\"@type\":\"BreadcrumbList\",\"@id\":\"https:\/\/www.fireware.nl\/de\/product\/explosionssimulator\/#breadcrumb\",\"itemListElement\":[{\"@type\":\"ListItem\",\"position\":1,\"name\":\"Home\",\"item\":\"https:\/\/www.fireware.nl\/de\/\"},{\"@type\":\"ListItem\",\"position\":2,\"name\":\"Produkte\",\"item\":\"https:\/\/www.fireware.nl\/de\/produkte\/\"},{\"@type\":\"ListItem\",\"position\":3,\"name\":\"Explosionssimulator V2\"}]},{\"@type\":\"WebSite\",\"@id\":\"https:\/\/www.fireware.nl\/de\/#website\",\"url\":\"https:\/\/www.fireware.nl\/de\/\",\"name\":\"FireWare\",\"description\":\"CREATING REALISTIC  TRAINING ENVIRONMENTS\",\"publisher\":{\"@id\":\"https:\/\/www.fireware.nl\/de\/#organization\"},\"potentialAction\":[{\"@type\":\"SearchAction\",\"target\":{\"@type\":\"EntryPoint\",\"urlTemplate\":\"https:\/\/www.fireware.nl\/de\/?s={search_term_string}\"},\"query-input\":{\"@type\":\"PropertyValueSpecification\",\"valueRequired\":true,\"valueName\":\"search_term_string\"}}],\"inLanguage\":\"de\"},{\"@type\":\"Organization\",\"@id\":\"https:\/\/www.fireware.nl\/de\/#organization\",\"name\":\"FireWare\",\"url\":\"https:\/\/www.fireware.nl\/de\/\",\"logo\":{\"@type\":\"ImageObject\",\"inLanguage\":\"de\",\"@id\":\"https:\/\/www.fireware.nl\/de\/#\/schema\/logo\/image\/\",\"url\":\"https:\/\/www.fireware.nl\/wp-content\/uploads\/2018\/10\/fireware-logo.png\",\"contentUrl\":\"https:\/\/www.fireware.nl\/wp-content\/uploads\/2018\/10\/fireware-logo.png\",\"width\":200,\"height\":86,\"caption\":\"FireWare\"},\"image\":{\"@id\":\"https:\/\/www.fireware.nl\/de\/#\/schema\/logo\/image\/\"},\"sameAs\":[\"https:\/\/www.facebook.com\/FireWareBV\/\",\"https:\/\/x.com\/FireWarebv\",\"https:\/\/www.instagram.com\/fireware_nl\/\",\"https:\/\/www.linkedin.com\/company\/3586017\/\",\"https:\/\/www.youtube.com\/user\/firesalesrentconsult\"]}]}<\/script>\n<!-- \/ Yoast SEO plugin. -->","yoast_head_json":{"title":"Explosionssimulator V2 - FireWare","robots":{"index":"index","follow":"follow","max-snippet":"max-snippet:-1","max-image-preview":"max-image-preview:large","max-video-preview":"max-video-preview:-1"},"canonical":"https:\/\/www.fireware.nl\/de\/product\/explosionssimulator\/","og_locale":"de_DE","og_type":"article","og_title":"Explosionssimulator V2 - FireWare","og_description":"Explosionen bis 120 Dezibel simulieren. Mit nur einem Druck auf den Knopf. Intervall und Lautst\u00e4rke sind einstellbar. Inklusive Reduktionsventil, Akku und Ladeger\u00e4t. Funktioniert mit Propan. Nicht geeignet zum Gebrauch im Haus. Fernbedienung ist inklusiv","og_url":"https:\/\/www.fireware.nl\/de\/product\/explosionssimulator\/","og_site_name":"FireWare","article_publisher":"https:\/\/www.facebook.com\/FireWareBV\/","article_modified_time":"2025-04-08T13:58:16+00:00","og_image":[{"width":600,"height":600,"url":"https:\/\/www.fireware.nl\/wp-content\/uploads\/2019\/01\/20230309_Explosie_Simulator_V2_fotos_0030_0033_web.jpg","type":"image\/jpeg"}],"twitter_card":"summary_large_image","twitter_site":"@FireWarebv","twitter_misc":{"Gesch\u00e4tzte Lesezeit":"2\u00a0Minuten"},"schema":{"@context":"https:\/\/schema.org","@graph":[{"@type":"WebPage","@id":"https:\/\/www.fireware.nl\/de\/product\/explosionssimulator\/","url":"https:\/\/www.fireware.nl\/de\/product\/explosionssimulator\/","name":"Explosionssimulator V2 - FireWare","isPartOf":{"@id":"https:\/\/www.fireware.nl\/de\/#website"},"primaryImageOfPage":{"@id":"https:\/\/www.fireware.nl\/de\/product\/explosionssimulator\/#primaryimage"},"image":{"@id":"https:\/\/www.fireware.nl\/de\/product\/explosionssimulator\/#primaryimage"},"thumbnailUrl":"https:\/\/www.fireware.nl\/wp-content\/uploads\/2019\/01\/20230309_Explosie_Simulator_V2_fotos_0030_0033_web.jpg","datePublished":"2019-02-01T10:02:49+00:00","dateModified":"2025-04-08T13:58:16+00:00","breadcrumb":{"@id":"https:\/\/www.fireware.nl\/de\/product\/explosionssimulator\/#breadcrumb"},"inLanguage":"de","potentialAction":[{"@type":"ReadAction","target":["https:\/\/www.fireware.nl\/de\/product\/explosionssimulator\/"]}]},{"@type":"ImageObject","inLanguage":"de","@id":"https:\/\/www.fireware.nl\/de\/product\/explosionssimulator\/#primaryimage","url":"https:\/\/www.fireware.nl\/wp-content\/uploads\/2019\/01\/20230309_Explosie_Simulator_V2_fotos_0030_0033_web.jpg","contentUrl":"https:\/\/www.fireware.nl\/wp-content\/uploads\/2019\/01\/20230309_Explosie_Simulator_V2_fotos_0030_0033_web.jpg","width":600,"height":600},{"@type":"BreadcrumbList","@id":"https:\/\/www.fireware.nl\/de\/product\/explosionssimulator\/#breadcrumb","itemListElement":[{"@type":"ListItem","position":1,"name":"Home","item":"https:\/\/www.fireware.nl\/de\/"},{"@type":"ListItem","position":2,"name":"Produkte","item":"https:\/\/www.fireware.nl\/de\/produkte\/"},{"@type":"ListItem","position":3,"name":"Explosionssimulator V2"}]},{"@type":"WebSite","@id":"https:\/\/www.fireware.nl\/de\/#website","url":"https:\/\/www.fireware.nl\/de\/","name":"FireWare","description":"CREATING REALISTIC  TRAINING ENVIRONMENTS","publisher":{"@id":"https:\/\/www.fireware.nl\/de\/#organization"},"potentialAction":[{"@type":"SearchAction","target":{"@type":"EntryPoint","urlTemplate":"https:\/\/www.fireware.nl\/de\/?s={search_term_string}"},"query-input":{"@type":"PropertyValueSpecification","valueRequired":true,"valueName":"search_term_string"}}],"inLanguage":"de"},{"@type":"Organization","@id":"https:\/\/www.fireware.nl\/de\/#organization","name":"FireWare","url":"https:\/\/www.fireware.nl\/de\/","logo":{"@type":"ImageObject","inLanguage":"de","@id":"https:\/\/www.fireware.nl\/de\/#\/schema\/logo\/image\/","url":"https:\/\/www.fireware.nl\/wp-content\/uploads\/2018\/10\/fireware-logo.png","contentUrl":"https:\/\/www.fireware.nl\/wp-content\/uploads\/2018\/10\/fireware-logo.png","width":200,"height":86,"caption":"FireWare"},"image":{"@id":"https:\/\/www.fireware.nl\/de\/#\/schema\/logo\/image\/"},"sameAs":["https:\/\/www.facebook.com\/FireWareBV\/","https:\/\/x.com\/FireWarebv","https:\/\/www.instagram.com\/fireware_nl\/","https:\/\/www.linkedin.com\/company\/3586017\/","https:\/\/www.youtube.com\/user\/firesalesrentconsult"]}]}},"publishpress_future_workflow_manual_trigger":{"enabledWorkflows":[]},"_links":{"self":[{"href":"https:\/\/www.fireware.nl\/de\/wp-json\/wp\/v2\/product\/19201","targetHints":{"allow":["GET"]}}],"collection":[{"href":"https:\/\/www.fireware.nl\/de\/wp-json\/wp\/v2\/product"}],"about":[{"href":"https:\/\/www.fireware.nl\/de\/wp-json\/wp\/v2\/types\/product"}],"wp:featuredmedia":[{"embeddable":true,"href":"https:\/\/www.fireware.nl\/de\/wp-json\/wp\/v2\/media\/78266"}],"wp:attachment":[{"href":"https:\/\/www.fireware.nl\/de\/wp-json\/wp\/v2\/media?parent=19201"}],"wp:term":[{"taxonomy":"product_brand","embeddable":true,"href":"https:\/\/www.fireware.nl\/de\/wp-json\/wp\/v2\/product_brand?post=19201"},{"taxonomy":"product_cat","embeddable":true,"href":"https:\/\/www.fireware.nl\/de\/wp-json\/wp\/v2\/product_cat?post=19201"},{"taxonomy":"product_tag","embeddable":true,"href":"https:\/\/www.fireware.nl\/de\/wp-json\/wp\/v2\/product_tag?post=19201"}],"curies":[{"name":"wp","href":"https:\/\/api.w.org\/{rel}","templated":true}]}}